{"id":290098,"date":"2025-10-09T20:29:01","date_gmt":"2025-10-09T20:29:01","guid":{"rendered":"https:\/\/fashiongold.lt\/papuosalas\/040-ct-teemant-varvus-d-puhtus-fl-korgeima-kvaliteediga-investeerimisteemant\/"},"modified":"2025-10-09T20:29:01","modified_gmt":"2025-10-09T20:29:01","slug":"040-ct-teemant-varvus-d-puhtus-fl-korgeima-kvaliteediga-investeerimisteemant","status":"publish","type":"product","link":"https:\/\/fashiongold.lt\/et\/papuosalas\/040-ct-teemant-varvus-d-puhtus-fl-korgeima-kvaliteediga-investeerimisteemant\/","title":{"rendered":"0,40 ct teemant \u2013 V\u00e4rvus D Puhtus FL K\u00f5rgeima kvaliteediga investeerimisteemant"},"content":{"rendered":"<p>Soetage eksklusiivne 0,40 ct investeerimisteemant (briljant), millel on k\u00f5rgeim v\u00e4rvus D ja veatu puhtus FL. See teemant on ainulaadse kvaliteedi n\u00e4ide, mis peegeldab teie erakordset investeerimisstrateegiat.\u00a0<\/p>\n<p>Meie k\u00f5rgeima kvaliteediga teemanti iseloomustab t\u00e4iuslik lihv, poleerimine ja s\u00fcmmeetria, mis tagavad maksimaalse s\u00e4ra ja hiilguse. See on investeering, mis on kindlasti v\u00e4\u00e4rt teie t\u00e4helepanu ja aega. Sobib suurep\u00e4raselt luksuslikuks aksessuaariks v\u00f5i hinnaliseks kingituseks.\u00a0<\/p>\n<p>Investeerige suurep\u00e4rasesse 0,40 ct teemanti, mille v\u00e4rvus on D ja puhtus FL, et t\u00f5sta oma investeerimisportfelli v\u00e4\u00e4rtust. Usaldage meie ekspertide meeskonda ja alustage pikaajalist teekonda selle eksklusiivse investeerimisteemandiga.<\/p>\n<h4 style=\"box-sizing: border-box; font-family: Nunito; line-height: 1.1; color: #333333; margin: 0px 0px 15px; font-size: 18px; text-transform: uppercase;\">INFO TEEMANDI KOHTA:<\/h4>\n<ul style=\"box-sizing: border-box; margin-top: 0px; margin-bottom: 10px; color: #333333; font-family: Nunito; font-size: 15px;\">\n<li style=\"box-sizing: border-box;\">Kivi: Looduslik teemant (briljant)<\/li>\n<li style=\"box-sizing: border-box;\">Kivi kuju: \u00dcmar (57 tahku)<\/li>\n<li style=\"box-sizing: border-box;\">Kivi kaal: 0,40 ct\u00a0<\/li>\n<li style=\"box-sizing: border-box;\">M\u00f5\u00f5dud: 4.73-4.77*2.9<\/li>\n<li style=\"box-sizing: border-box;\">Kivi v\u00e4rvus: D (v\u00e4rvitu)<\/li>\n<li style=\"box-sizing: border-box;\">Kivi puhtus: FL<\/li>\n<li style=\"box-sizing: border-box;\">Sertifikaat (laboratoorium): GIA<\/li>\n<li style=\"box-sizing: border-box;\">Lihv \/ S\u00fcmmeetria \/ Poleerimine: Ex-Ex-Ex<\/li>\n<li style=\"box-sizing: border-box;\">Fluorestsents: NON<\/li>\n<li style=\"box-sizing: border-box;\">Tasuta pakend.<\/li>\n<\/ul>\n","protected":false},"excerpt":{"rendered":"<p>K\u00f5rgeima kvaliteediga 0,40 ct investeerimisteemant &#8211; V\u00e4rv D, Puhtus FL, t\u00e4iuslik teemandi lihv<\/p>\n","protected":false},"featured_media":67413,"template":"","meta":{"site-sidebar-layout":"","site-content-layout":"","ast-site-content-layout":"","site-content-style":"","site-sidebar-style":"","ast-global-header-display":"","ast-banner-title-visibility":"","ast-main-header-display":"","ast-hfb-above-header-display":"","ast-hfb-below-header-display":"","ast-hfb-mobile-header-display":"","site-post-title":"","ast-breadcrumbs-content":"","ast-featured-img":"","footer-sml-layout":"","ast-disable-related-posts":"","theme-transparent-header-meta":"","adv-header-id-meta":"","stick-header-meta":"","header-above-stick-meta":"","header-main-stick-meta":"","header-below-stick-meta":"","astra-migrate-meta-layouts":"default","ast-page-background-enabled":"default","ast-page-background-meta":{"desktop":{"background-color":"var(--ast-global-color-4)","background-image":"","background-repeat":"repeat","background-position":"center center","background-size":"auto","background-attachment":"scroll","background-type":"","background-media":"","overlay-type":"","overlay-color":"","overlay-opacity":"","overlay-gradient":""},"tablet":{"background-color":"","background-image":"","background-repeat":"repeat","background-position":"center center","background-size":"auto","background-attachment":"scroll","background-type":"","background-media":"","overlay-type":"","overlay-color":"","overlay-opacity":"","overlay-gradient":""},"mobile":{"background-color":"","background-image":"","background-repeat":"repeat","background-position":"center center","background-size":"auto","background-attachment":"scroll","background-type":"","background-media":"","overlay-type":"","overlay-color":"","overlay-opacity":"","overlay-gradient":""}},"ast-content-background-meta":{"desktop":{"background-color":"var(--ast-global-color-5)","background-image":"","background-repeat":"repeat","background-position":"center center","background-size":"auto","background-attachment":"scroll","background-type":"","background-media":"","overlay-type":"","overlay-color":"","overlay-opacity":"","overlay-gradient":""},"tablet":{"background-color":"var(--ast-global-color-5)","background-image":"","background-repeat":"repeat","background-position":"center center","background-size":"auto","background-attachment":"scroll","background-type":"","background-media":"","overlay-type":"","overlay-color":"","overlay-opacity":"","overlay-gradient":""},"mobile":{"background-color":"var(--ast-global-color-5)","background-image":"","background-repeat":"repeat","background-position":"center center","background-size":"auto","background-attachment":"scroll","background-type":"","background-media":"","overlay-type":"","overlay-color":"","overlay-opacity":"","overlay-gradient":""}}},"product_brand":[],"product_cat":[2830,4093,2826,2829,2823,2828,2825,2822,2824,3392,2821,3391,2845,3637],"product_tag":[],"class_list":{"0":"post-290098","1":"product","2":"type-product","3":"status-publish","4":"has-post-thumbnail","6":"product_cat-emadepaeva-kingitused","7":"product_cat-investeerimisteemandid-briljandid","8":"product_cat-joulukingid","9":"product_cat-kingitused-erilisteks-puhkudeks","10":"product_cat-kingitused-lapse-sunni-puhul","11":"product_cat-kingitused-lopetamise-puhul","12":"product_cat-kingitused-meestele","13":"product_cat-kingitused-naistele","14":"product_cat-kingitused-pulma-aastapaeva-puhul","15":"product_cat-kingitused-pulmade-puhul","16":"product_cat-kingitused-sunnipaevaks","17":"product_cat-ristimiskingitused","18":"product_cat-sobrapaeva-kingitused","19":"product_cat-teemandid-ja-briljandid","20":"desktop-align-center","21":"tablet-align-left","22":"mobile-align-left","23":"ast-product-gallery-layout-horizontal-slider","24":"ast-product-gallery-with-no-image","25":"ast-product-tabs-layout-accordion","26":"ast-qv-on-image","28":"first","29":"instock","30":"taxable","31":"shipping-taxable","32":"purchasable","33":"product-type-simple"},"yoast_head":"<!-- This site is optimized with the Yoast SEO plugin v26.6 - https:\/\/yoast.com\/wordpress\/plugins\/seo\/ -->\n<title>0,40 ct teemant \u2013 V\u00e4rvus D Puhtus FL K\u00f5rgeima kvaliteediga investeerimisteemant - FashionGold.lt<\/title>\n<meta name=\"robots\" content=\"index, follow, max-snippet:-1, max-image-preview:large, max-video-preview:-1\" \/>\n<link rel=\"canonical\" href=\"https:\/\/fashiongold.lt\/et\/papuosalas\/040-ct-teemant-varvus-d-puhtus-fl-korgeima-kvaliteediga-investeerimisteemant\/\" \/>\n<meta property=\"og:locale\" content=\"et_EE\" \/>\n<meta property=\"og:type\" content=\"article\" \/>\n<meta property=\"og:title\" content=\"0,40 ct teemant \u2013 V\u00e4rvus D Puhtus FL K\u00f5rgeima kvaliteediga investeerimisteemant - FashionGold.lt\" \/>\n<meta property=\"og:description\" content=\"K\u00f5rgeima kvaliteediga 0,40 ct investeerimisteemant - V\u00e4rv D, Puhtus FL, t\u00e4iuslik teemandi lihv\" \/>\n<meta property=\"og:url\" content=\"https:\/\/fashiongold.lt\/et\/papuosalas\/040-ct-teemant-varvus-d-puhtus-fl-korgeima-kvaliteediga-investeerimisteemant\/\" \/>\n<meta property=\"og:site_name\" content=\"FashionGold.lt\" \/>\n<meta property=\"og:image\" content=\"https:\/\/fashiongold.lt\/wp-content\/uploads\/2025\/10\/3356-cd9-030-ct-deimantas-Spalva-D-Svarumas-FL.webp\" \/>\n\t<meta property=\"og:image:width\" content=\"524\" \/>\n\t<meta property=\"og:image:height\" content=\"474\" \/>\n\t<meta property=\"og:image:type\" content=\"image\/png\" \/>\n<meta name=\"twitter:card\" content=\"summary_large_image\" \/>\n<meta name=\"twitter:label1\" content=\"Est. reading time\" \/>\n\t<meta name=\"twitter:data1\" content=\"1 minut\" \/>\n<script type=\"application\/ld+json\" class=\"yoast-schema-graph\">{\"@context\":\"https:\/\/schema.org\",\"@graph\":[{\"@type\":\"WebPage\",\"@id\":\"https:\/\/fashiongold.lt\/et\/papuosalas\/040-ct-teemant-varvus-d-puhtus-fl-korgeima-kvaliteediga-investeerimisteemant\/\",\"url\":\"https:\/\/fashiongold.lt\/et\/papuosalas\/040-ct-teemant-varvus-d-puhtus-fl-korgeima-kvaliteediga-investeerimisteemant\/\",\"name\":\"0,40 ct teemant \u2013 V\u00e4rvus D Puhtus FL K\u00f5rgeima kvaliteediga investeerimisteemant - FashionGold.lt\",\"isPartOf\":{\"@id\":\"https:\/\/fashiongold.lt\/et\/#website\"},\"primaryImageOfPage\":{\"@id\":\"https:\/\/fashiongold.lt\/et\/papuosalas\/040-ct-teemant-varvus-d-puhtus-fl-korgeima-kvaliteediga-investeerimisteemant\/#primaryimage\"},\"image\":{\"@id\":\"https:\/\/fashiongold.lt\/et\/papuosalas\/040-ct-teemant-varvus-d-puhtus-fl-korgeima-kvaliteediga-investeerimisteemant\/#primaryimage\"},\"thumbnailUrl\":\"https:\/\/fashiongold.lt\/wp-content\/uploads\/2025\/10\/3356-cd9-030-ct-deimantas-Spalva-D-Svarumas-FL.png\",\"datePublished\":\"2025-10-09T20:29:01+00:00\",\"breadcrumb\":{\"@id\":\"https:\/\/fashiongold.lt\/et\/papuosalas\/040-ct-teemant-varvus-d-puhtus-fl-korgeima-kvaliteediga-investeerimisteemant\/#breadcrumb\"},\"inLanguage\":\"et\",\"potentialAction\":[{\"@type\":\"ReadAction\",\"target\":[\"https:\/\/fashiongold.lt\/et\/papuosalas\/040-ct-teemant-varvus-d-puhtus-fl-korgeima-kvaliteediga-investeerimisteemant\/\"]}]},{\"@type\":\"ImageObject\",\"inLanguage\":\"et\",\"@id\":\"https:\/\/fashiongold.lt\/et\/papuosalas\/040-ct-teemant-varvus-d-puhtus-fl-korgeima-kvaliteediga-investeerimisteemant\/#primaryimage\",\"url\":\"https:\/\/fashiongold.lt\/wp-content\/uploads\/2025\/10\/3356-cd9-030-ct-deimantas-Spalva-D-Svarumas-FL.png\",\"contentUrl\":\"https:\/\/fashiongold.lt\/wp-content\/uploads\/2025\/10\/3356-cd9-030-ct-deimantas-Spalva-D-Svarumas-FL.png\",\"width\":524,\"height\":474},{\"@type\":\"BreadcrumbList\",\"@id\":\"https:\/\/fashiongold.lt\/et\/papuosalas\/040-ct-teemant-varvus-d-puhtus-fl-korgeima-kvaliteediga-investeerimisteemant\/#breadcrumb\",\"itemListElement\":[{\"@type\":\"ListItem\",\"position\":1,\"name\":\"Home\",\"item\":\"https:\/\/fashiongold.lt\/et\/\"},{\"@type\":\"ListItem\",\"position\":2,\"name\":\"Teemantide pood Fashiongold.lt\",\"item\":\"https:\/\/fashiongold.lt\/shop-2\/\"},{\"@type\":\"ListItem\",\"position\":3,\"name\":\"0,40 ct teemant \u2013 V\u00e4rvus D Puhtus FL K\u00f5rgeima kvaliteediga investeerimisteemant\"}]},{\"@type\":\"WebSite\",\"@id\":\"https:\/\/fashiongold.lt\/et\/#website\",\"url\":\"https:\/\/fashiongold.lt\/et\/\",\"name\":\"Fashion Gold\",\"description\":\"Juvelyrikos namai\",\"publisher\":{\"@id\":\"https:\/\/fashiongold.lt\/et\/#organization\"},\"potentialAction\":[{\"@type\":\"SearchAction\",\"target\":{\"@type\":\"EntryPoint\",\"urlTemplate\":\"https:\/\/fashiongold.lt\/et\/?s={search_term_string}\"},\"query-input\":{\"@type\":\"PropertyValueSpecification\",\"valueRequired\":true,\"valueName\":\"search_term_string\"}}],\"inLanguage\":\"et\"},{\"@type\":\"Organization\",\"@id\":\"https:\/\/fashiongold.lt\/et\/#organization\",\"name\":\"Topdiamonds Online\",\"url\":\"https:\/\/fashiongold.lt\/et\/\",\"logo\":{\"@type\":\"ImageObject\",\"inLanguage\":\"et\",\"@id\":\"https:\/\/fashiongold.lt\/et\/#\/schema\/logo\/image\/\",\"url\":\"https:\/\/fashiongold.lt\/wp-content\/uploads\/2025\/04\/cropped-fashion_gold_logotipas2-scaled-1.png\",\"contentUrl\":\"https:\/\/fashiongold.lt\/wp-content\/uploads\/2025\/04\/cropped-fashion_gold_logotipas2-scaled-1.png\",\"width\":2559,\"height\":421,\"caption\":\"Topdiamonds Online\"},\"image\":{\"@id\":\"https:\/\/fashiongold.lt\/et\/#\/schema\/logo\/image\/\"}}]}<\/script>\n<!-- \/ Yoast SEO plugin. -->","yoast_head_json":{"title":"0,40 ct teemant \u2013 V\u00e4rvus D Puhtus FL K\u00f5rgeima kvaliteediga investeerimisteemant - FashionGold.lt","robots":{"index":"index","follow":"follow","max-snippet":"max-snippet:-1","max-image-preview":"max-image-preview:large","max-video-preview":"max-video-preview:-1"},"canonical":"https:\/\/fashiongold.lt\/et\/papuosalas\/040-ct-teemant-varvus-d-puhtus-fl-korgeima-kvaliteediga-investeerimisteemant\/","og_locale":"et_EE","og_type":"article","og_title":"0,40 ct teemant \u2013 V\u00e4rvus D Puhtus FL K\u00f5rgeima kvaliteediga investeerimisteemant - FashionGold.lt","og_description":"K\u00f5rgeima kvaliteediga 0,40 ct investeerimisteemant - V\u00e4rv D, Puhtus FL, t\u00e4iuslik teemandi lihv","og_url":"https:\/\/fashiongold.lt\/et\/papuosalas\/040-ct-teemant-varvus-d-puhtus-fl-korgeima-kvaliteediga-investeerimisteemant\/","og_site_name":"FashionGold.lt","og_image":[{"width":524,"height":474,"url":"https:\/\/fashiongold.lt\/wp-content\/uploads\/2025\/10\/3356-cd9-030-ct-deimantas-Spalva-D-Svarumas-FL.webp","type":"image\/png"}],"twitter_card":"summary_large_image","twitter_misc":{"Est. reading time":"1 minut"},"schema":{"@context":"https:\/\/schema.org","@graph":[{"@type":"WebPage","@id":"https:\/\/fashiongold.lt\/et\/papuosalas\/040-ct-teemant-varvus-d-puhtus-fl-korgeima-kvaliteediga-investeerimisteemant\/","url":"https:\/\/fashiongold.lt\/et\/papuosalas\/040-ct-teemant-varvus-d-puhtus-fl-korgeima-kvaliteediga-investeerimisteemant\/","name":"0,40 ct teemant \u2013 V\u00e4rvus D Puhtus FL K\u00f5rgeima kvaliteediga investeerimisteemant - FashionGold.lt","isPartOf":{"@id":"https:\/\/fashiongold.lt\/et\/#website"},"primaryImageOfPage":{"@id":"https:\/\/fashiongold.lt\/et\/papuosalas\/040-ct-teemant-varvus-d-puhtus-fl-korgeima-kvaliteediga-investeerimisteemant\/#primaryimage"},"image":{"@id":"https:\/\/fashiongold.lt\/et\/papuosalas\/040-ct-teemant-varvus-d-puhtus-fl-korgeima-kvaliteediga-investeerimisteemant\/#primaryimage"},"thumbnailUrl":"https:\/\/fashiongold.lt\/wp-content\/uploads\/2025\/10\/3356-cd9-030-ct-deimantas-Spalva-D-Svarumas-FL.png","datePublished":"2025-10-09T20:29:01+00:00","breadcrumb":{"@id":"https:\/\/fashiongold.lt\/et\/papuosalas\/040-ct-teemant-varvus-d-puhtus-fl-korgeima-kvaliteediga-investeerimisteemant\/#breadcrumb"},"inLanguage":"et","potentialAction":[{"@type":"ReadAction","target":["https:\/\/fashiongold.lt\/et\/papuosalas\/040-ct-teemant-varvus-d-puhtus-fl-korgeima-kvaliteediga-investeerimisteemant\/"]}]},{"@type":"ImageObject","inLanguage":"et","@id":"https:\/\/fashiongold.lt\/et\/papuosalas\/040-ct-teemant-varvus-d-puhtus-fl-korgeima-kvaliteediga-investeerimisteemant\/#primaryimage","url":"https:\/\/fashiongold.lt\/wp-content\/uploads\/2025\/10\/3356-cd9-030-ct-deimantas-Spalva-D-Svarumas-FL.png","contentUrl":"https:\/\/fashiongold.lt\/wp-content\/uploads\/2025\/10\/3356-cd9-030-ct-deimantas-Spalva-D-Svarumas-FL.png","width":524,"height":474},{"@type":"BreadcrumbList","@id":"https:\/\/fashiongold.lt\/et\/papuosalas\/040-ct-teemant-varvus-d-puhtus-fl-korgeima-kvaliteediga-investeerimisteemant\/#breadcrumb","itemListElement":[{"@type":"ListItem","position":1,"name":"Home","item":"https:\/\/fashiongold.lt\/et\/"},{"@type":"ListItem","position":2,"name":"Teemantide pood Fashiongold.lt","item":"https:\/\/fashiongold.lt\/shop-2\/"},{"@type":"ListItem","position":3,"name":"0,40 ct teemant \u2013 V\u00e4rvus D Puhtus FL K\u00f5rgeima kvaliteediga investeerimisteemant"}]},{"@type":"WebSite","@id":"https:\/\/fashiongold.lt\/et\/#website","url":"https:\/\/fashiongold.lt\/et\/","name":"Fashion Gold","description":"Juvelyrikos namai","publisher":{"@id":"https:\/\/fashiongold.lt\/et\/#organization"},"potentialAction":[{"@type":"SearchAction","target":{"@type":"EntryPoint","urlTemplate":"https:\/\/fashiongold.lt\/et\/?s={search_term_string}"},"query-input":{"@type":"PropertyValueSpecification","valueRequired":true,"valueName":"search_term_string"}}],"inLanguage":"et"},{"@type":"Organization","@id":"https:\/\/fashiongold.lt\/et\/#organization","name":"Topdiamonds Online","url":"https:\/\/fashiongold.lt\/et\/","logo":{"@type":"ImageObject","inLanguage":"et","@id":"https:\/\/fashiongold.lt\/et\/#\/schema\/logo\/image\/","url":"https:\/\/fashiongold.lt\/wp-content\/uploads\/2025\/04\/cropped-fashion_gold_logotipas2-scaled-1.png","contentUrl":"https:\/\/fashiongold.lt\/wp-content\/uploads\/2025\/04\/cropped-fashion_gold_logotipas2-scaled-1.png","width":2559,"height":421,"caption":"Topdiamonds Online"},"image":{"@id":"https:\/\/fashiongold.lt\/et\/#\/schema\/logo\/image\/"}}]}},"_links":{"self":[{"href":"https:\/\/fashiongold.lt\/et\/wp-json\/wp\/v2\/product\/290098","targetHints":{"allow":["GET"]}}],"collection":[{"href":"https:\/\/fashiongold.lt\/et\/wp-json\/wp\/v2\/product"}],"about":[{"href":"https:\/\/fashiongold.lt\/et\/wp-json\/wp\/v2\/types\/product"}],"version-history":[{"count":0,"href":"https:\/\/fashiongold.lt\/et\/wp-json\/wp\/v2\/product\/290098\/revisions"}],"wp:featuredmedia":[{"embeddable":true,"href":"https:\/\/fashiongold.lt\/et\/wp-json\/wp\/v2\/media\/67413"}],"wp:attachment":[{"href":"https:\/\/fashiongold.lt\/et\/wp-json\/wp\/v2\/media?parent=290098"}],"wp:term":[{"taxonomy":"product_brand","embeddable":true,"href":"https:\/\/fashiongold.lt\/et\/wp-json\/wp\/v2\/product_brand?post=290098"},{"taxonomy":"product_cat","embeddable":true,"href":"https:\/\/fashiongold.lt\/et\/wp-json\/wp\/v2\/product_cat?post=290098"},{"taxonomy":"product_tag","embeddable":true,"href":"https:\/\/fashiongold.lt\/et\/wp-json\/wp\/v2\/product_tag?post=290098"}],"curies":[{"name":"wp","href":"https:\/\/api.w.org\/{rel}","templated":true}]}}