{"id":290133,"date":"2025-10-09T20:28:36","date_gmt":"2025-10-09T20:28:36","guid":{"rendered":"https:\/\/fashiongold.lt\/papuosalas\/030-ct-teemant-varvus-g-puhtus-si2-laitmatu-sara-ja-elegants\/"},"modified":"2025-10-09T20:28:36","modified_gmt":"2025-10-09T20:28:36","slug":"030-ct-teemant-varvus-g-puhtus-si2-laitmatu-sara-ja-elegants","status":"publish","type":"product","link":"https:\/\/fashiongold.lt\/et\/papuosalas\/030-ct-teemant-varvus-g-puhtus-si2-laitmatu-sara-ja-elegants\/","title":{"rendered":"0,30 ct teemant \u2013 V\u00e4rvus G Puhtus SI2 Laitmatu s\u00e4ra ja elegants"},"content":{"rendered":"<p>Tutvustame suurep\u00e4rast 0,30 ct teemanti, mille v\u00e4rvus on G (RW, valge) ja puhtus SI2, mis lummab teie s\u00fcdant oma elegantsi ja v\u00f5luga. See k\u00f5rge v\u00e4rvikvaliteediga teemant paneb teid tundma end eriliselt. Selle suurep\u00e4rane lihv tagab, et see briljant s\u00e4rab eredalt ja p\u00fc\u00fcab iga pilku. See on suurep\u00e4rane investeering, mis peegeldab teie stiili ja eksklusiivsust. Meie kogemus ja professionaalsus tagavad, et ostetud teemant vastab teie k\u00f5rgetele ootustele. Usaldage meie meeskonda ja alustage luksuslike hetkede teekonda selle kordumatu 0,30 ct teemandiga.\u00a0<\/p>\n<h4 style=\"box-sizing: border-box; font-family: Nunito; line-height: 1.1; color: #333333; margin: 0px 0px 15px; font-size: 18px; text-transform: uppercase;\">TEAVE TEEMANDI KOHTA:<\/h4>\n<ul style=\"box-sizing: border-box; margin-top: 0px; margin-bottom: 10px; color: #333333; font-family: Nunito; font-size: 15px;\">\n<li style=\"box-sizing: border-box;\">Kivi: Looduslik teemant (briljant)<\/li>\n<li style=\"box-sizing: border-box;\">Kivi kuju: \u00dcmar (57 tahku)<\/li>\n<li style=\"box-sizing: border-box;\">Kivi kaal: 0,30 ct\u00a0<\/li>\n<li style=\"box-sizing: border-box;\">M\u00f5\u00f5tmed: 4.33\u00d74.3\u00d72.65<\/li>\n<li style=\"box-sizing: border-box;\">Kivi v\u00e4rvus: G (RW valge)<\/li>\n<li style=\"box-sizing: border-box;\">Kivi puhtus: SI2<\/li>\n<li style=\"box-sizing: border-box;\">Sertifikaat (laboratoorium): GIA<\/li>\n<li style=\"box-sizing: border-box;\">Lihv \/ S\u00fcmmeetria \/ Poleerimine: EX-EX-EX<\/li>\n<li style=\"box-sizing: border-box;\">Fluorestsents: FNT<\/li>\n<li style=\"box-sizing: border-box;\">Tasuta pakend.<\/li>\n<\/ul>\n","protected":false},"excerpt":{"rendered":"<p>Suurep\u00e4rane \u00fcmar teemant: sukelduge maailma, kus kohtuvad luksus ja s\u00e4ra.\u00a0<\/p>\n","protected":false},"featured_media":67352,"template":"","meta":{"site-sidebar-layout":"","site-content-layout":"","ast-site-content-layout":"","site-content-style":"","site-sidebar-style":"","ast-global-header-display":"","ast-banner-title-visibility":"","ast-main-header-display":"","ast-hfb-above-header-display":"","ast-hfb-below-header-display":"","ast-hfb-mobile-header-display":"","site-post-title":"","ast-breadcrumbs-content":"","ast-featured-img":"","footer-sml-layout":"","ast-disable-related-posts":"","theme-transparent-header-meta":"","adv-header-id-meta":"","stick-header-meta":"","header-above-stick-meta":"","header-main-stick-meta":"","header-below-stick-meta":"","astra-migrate-meta-layouts":"default","ast-page-background-enabled":"default","ast-page-background-meta":{"desktop":{"background-color":"var(--ast-global-color-4)","background-image":"","background-repeat":"repeat","background-position":"center center","background-size":"auto","background-attachment":"scroll","background-type":"","background-media":"","overlay-type":"","overlay-color":"","overlay-opacity":"","overlay-gradient":""},"tablet":{"background-color":"","background-image":"","background-repeat":"repeat","background-position":"center center","background-size":"auto","background-attachment":"scroll","background-type":"","background-media":"","overlay-type":"","overlay-color":"","overlay-opacity":"","overlay-gradient":""},"mobile":{"background-color":"","background-image":"","background-repeat":"repeat","background-position":"center center","background-size":"auto","background-attachment":"scroll","background-type":"","background-media":"","overlay-type":"","overlay-color":"","overlay-opacity":"","overlay-gradient":""}},"ast-content-background-meta":{"desktop":{"background-color":"var(--ast-global-color-5)","background-image":"","background-repeat":"repeat","background-position":"center center","background-size":"auto","background-attachment":"scroll","background-type":"","background-media":"","overlay-type":"","overlay-color":"","overlay-opacity":"","overlay-gradient":""},"tablet":{"background-color":"var(--ast-global-color-5)","background-image":"","background-repeat":"repeat","background-position":"center center","background-size":"auto","background-attachment":"scroll","background-type":"","background-media":"","overlay-type":"","overlay-color":"","overlay-opacity":"","overlay-gradient":""},"mobile":{"background-color":"var(--ast-global-color-5)","background-image":"","background-repeat":"repeat","background-position":"center center","background-size":"auto","background-attachment":"scroll","background-type":"","background-media":"","overlay-type":"","overlay-color":"","overlay-opacity":"","overlay-gradient":""}}},"product_brand":[],"product_cat":[2830,2826,2829,2823,2828,2825,2822,2824,3392,2821,3391,2845,3637],"product_tag":[],"class_list":{"0":"post-290133","1":"product","2":"type-product","3":"status-publish","4":"has-post-thumbnail","6":"product_cat-emadepaeva-kingitused","7":"product_cat-joulukingid","8":"product_cat-kingitused-erilisteks-puhkudeks","9":"product_cat-kingitused-lapse-sunni-puhul","10":"product_cat-kingitused-lopetamise-puhul","11":"product_cat-kingitused-meestele","12":"product_cat-kingitused-naistele","13":"product_cat-kingitused-pulma-aastapaeva-puhul","14":"product_cat-kingitused-pulmade-puhul","15":"product_cat-kingitused-sunnipaevaks","16":"product_cat-ristimiskingitused","17":"product_cat-sobrapaeva-kingitused","18":"product_cat-teemandid-ja-briljandid","19":"desktop-align-center","20":"tablet-align-left","21":"mobile-align-left","22":"ast-product-gallery-layout-horizontal-slider","23":"ast-product-gallery-with-no-image","24":"ast-product-tabs-layout-accordion","25":"ast-qv-on-image","27":"first","28":"instock","29":"taxable","30":"shipping-taxable","31":"purchasable","32":"product-type-simple"},"yoast_head":"<!-- This site is optimized with the Yoast SEO plugin v26.6 - https:\/\/yoast.com\/wordpress\/plugins\/seo\/ -->\n<title>0,30 ct teemant \u2013 V\u00e4rvus G Puhtus SI2 Laitmatu s\u00e4ra ja elegants - FashionGold.lt<\/title>\n<meta name=\"robots\" content=\"index, follow, max-snippet:-1, max-image-preview:large, max-video-preview:-1\" \/>\n<link rel=\"canonical\" href=\"https:\/\/fashiongold.lt\/et\/papuosalas\/030-ct-teemant-varvus-g-puhtus-si2-laitmatu-sara-ja-elegants\/\" \/>\n<meta property=\"og:locale\" content=\"et_EE\" \/>\n<meta property=\"og:type\" content=\"article\" \/>\n<meta property=\"og:title\" content=\"0,30 ct teemant \u2013 V\u00e4rvus G Puhtus SI2 Laitmatu s\u00e4ra ja elegants - FashionGold.lt\" \/>\n<meta property=\"og:description\" content=\"Suurep\u00e4rane \u00fcmar teemant: sukelduge maailma, kus kohtuvad luksus ja s\u00e4ra.\u00a0\" \/>\n<meta property=\"og:url\" content=\"https:\/\/fashiongold.lt\/et\/papuosalas\/030-ct-teemant-varvus-g-puhtus-si2-laitmatu-sara-ja-elegants\/\" \/>\n<meta property=\"og:site_name\" content=\"FashionGold.lt\" \/>\n<meta property=\"og:image\" content=\"https:\/\/fashiongold.lt\/wp-content\/uploads\/2025\/10\/3342-610-030-ct-deimantas-Spalva-G-Svarumas-SI2.webp\" \/>\n\t<meta property=\"og:image:width\" content=\"536\" \/>\n\t<meta property=\"og:image:height\" content=\"451\" \/>\n\t<meta property=\"og:image:type\" content=\"image\/png\" \/>\n<meta name=\"twitter:card\" content=\"summary_large_image\" \/>\n<meta name=\"twitter:label1\" content=\"Est. reading time\" \/>\n\t<meta name=\"twitter:data1\" content=\"1 minut\" \/>\n<script type=\"application\/ld+json\" class=\"yoast-schema-graph\">{\"@context\":\"https:\/\/schema.org\",\"@graph\":[{\"@type\":\"WebPage\",\"@id\":\"https:\/\/fashiongold.lt\/et\/papuosalas\/030-ct-teemant-varvus-g-puhtus-si2-laitmatu-sara-ja-elegants\/\",\"url\":\"https:\/\/fashiongold.lt\/et\/papuosalas\/030-ct-teemant-varvus-g-puhtus-si2-laitmatu-sara-ja-elegants\/\",\"name\":\"0,30 ct teemant \u2013 V\u00e4rvus G Puhtus SI2 Laitmatu s\u00e4ra ja elegants - FashionGold.lt\",\"isPartOf\":{\"@id\":\"https:\/\/fashiongold.lt\/et\/#website\"},\"primaryImageOfPage\":{\"@id\":\"https:\/\/fashiongold.lt\/et\/papuosalas\/030-ct-teemant-varvus-g-puhtus-si2-laitmatu-sara-ja-elegants\/#primaryimage\"},\"image\":{\"@id\":\"https:\/\/fashiongold.lt\/et\/papuosalas\/030-ct-teemant-varvus-g-puhtus-si2-laitmatu-sara-ja-elegants\/#primaryimage\"},\"thumbnailUrl\":\"https:\/\/fashiongold.lt\/wp-content\/uploads\/2025\/10\/3342-610-030-ct-deimantas-Spalva-G-Svarumas-SI2.png\",\"datePublished\":\"2025-10-09T20:28:36+00:00\",\"breadcrumb\":{\"@id\":\"https:\/\/fashiongold.lt\/et\/papuosalas\/030-ct-teemant-varvus-g-puhtus-si2-laitmatu-sara-ja-elegants\/#breadcrumb\"},\"inLanguage\":\"et\",\"potentialAction\":[{\"@type\":\"ReadAction\",\"target\":[\"https:\/\/fashiongold.lt\/et\/papuosalas\/030-ct-teemant-varvus-g-puhtus-si2-laitmatu-sara-ja-elegants\/\"]}]},{\"@type\":\"ImageObject\",\"inLanguage\":\"et\",\"@id\":\"https:\/\/fashiongold.lt\/et\/papuosalas\/030-ct-teemant-varvus-g-puhtus-si2-laitmatu-sara-ja-elegants\/#primaryimage\",\"url\":\"https:\/\/fashiongold.lt\/wp-content\/uploads\/2025\/10\/3342-610-030-ct-deimantas-Spalva-G-Svarumas-SI2.png\",\"contentUrl\":\"https:\/\/fashiongold.lt\/wp-content\/uploads\/2025\/10\/3342-610-030-ct-deimantas-Spalva-G-Svarumas-SI2.png\",\"width\":536,\"height\":451},{\"@type\":\"BreadcrumbList\",\"@id\":\"https:\/\/fashiongold.lt\/et\/papuosalas\/030-ct-teemant-varvus-g-puhtus-si2-laitmatu-sara-ja-elegants\/#breadcrumb\",\"itemListElement\":[{\"@type\":\"ListItem\",\"position\":1,\"name\":\"Home\",\"item\":\"https:\/\/fashiongold.lt\/et\/\"},{\"@type\":\"ListItem\",\"position\":2,\"name\":\"Teemantide pood Fashiongold.lt\",\"item\":\"https:\/\/fashiongold.lt\/shop-2\/\"},{\"@type\":\"ListItem\",\"position\":3,\"name\":\"0,30 ct teemant \u2013 V\u00e4rvus G Puhtus SI2 Laitmatu s\u00e4ra ja elegants\"}]},{\"@type\":\"WebSite\",\"@id\":\"https:\/\/fashiongold.lt\/et\/#website\",\"url\":\"https:\/\/fashiongold.lt\/et\/\",\"name\":\"Fashion Gold\",\"description\":\"Juvelyrikos namai\",\"publisher\":{\"@id\":\"https:\/\/fashiongold.lt\/et\/#organization\"},\"potentialAction\":[{\"@type\":\"SearchAction\",\"target\":{\"@type\":\"EntryPoint\",\"urlTemplate\":\"https:\/\/fashiongold.lt\/et\/?s={search_term_string}\"},\"query-input\":{\"@type\":\"PropertyValueSpecification\",\"valueRequired\":true,\"valueName\":\"search_term_string\"}}],\"inLanguage\":\"et\"},{\"@type\":\"Organization\",\"@id\":\"https:\/\/fashiongold.lt\/et\/#organization\",\"name\":\"Topdiamonds Online\",\"url\":\"https:\/\/fashiongold.lt\/et\/\",\"logo\":{\"@type\":\"ImageObject\",\"inLanguage\":\"et\",\"@id\":\"https:\/\/fashiongold.lt\/et\/#\/schema\/logo\/image\/\",\"url\":\"https:\/\/fashiongold.lt\/wp-content\/uploads\/2025\/04\/cropped-fashion_gold_logotipas2-scaled-1.png\",\"contentUrl\":\"https:\/\/fashiongold.lt\/wp-content\/uploads\/2025\/04\/cropped-fashion_gold_logotipas2-scaled-1.png\",\"width\":2559,\"height\":421,\"caption\":\"Topdiamonds Online\"},\"image\":{\"@id\":\"https:\/\/fashiongold.lt\/et\/#\/schema\/logo\/image\/\"}}]}<\/script>\n<!-- \/ Yoast SEO plugin. -->","yoast_head_json":{"title":"0,30 ct teemant \u2013 V\u00e4rvus G Puhtus SI2 Laitmatu s\u00e4ra ja elegants - FashionGold.lt","robots":{"index":"index","follow":"follow","max-snippet":"max-snippet:-1","max-image-preview":"max-image-preview:large","max-video-preview":"max-video-preview:-1"},"canonical":"https:\/\/fashiongold.lt\/et\/papuosalas\/030-ct-teemant-varvus-g-puhtus-si2-laitmatu-sara-ja-elegants\/","og_locale":"et_EE","og_type":"article","og_title":"0,30 ct teemant \u2013 V\u00e4rvus G Puhtus SI2 Laitmatu s\u00e4ra ja elegants - FashionGold.lt","og_description":"Suurep\u00e4rane \u00fcmar teemant: sukelduge maailma, kus kohtuvad luksus ja s\u00e4ra.\u00a0","og_url":"https:\/\/fashiongold.lt\/et\/papuosalas\/030-ct-teemant-varvus-g-puhtus-si2-laitmatu-sara-ja-elegants\/","og_site_name":"FashionGold.lt","og_image":[{"width":536,"height":451,"url":"https:\/\/fashiongold.lt\/wp-content\/uploads\/2025\/10\/3342-610-030-ct-deimantas-Spalva-G-Svarumas-SI2.webp","type":"image\/png"}],"twitter_card":"summary_large_image","twitter_misc":{"Est. reading time":"1 minut"},"schema":{"@context":"https:\/\/schema.org","@graph":[{"@type":"WebPage","@id":"https:\/\/fashiongold.lt\/et\/papuosalas\/030-ct-teemant-varvus-g-puhtus-si2-laitmatu-sara-ja-elegants\/","url":"https:\/\/fashiongold.lt\/et\/papuosalas\/030-ct-teemant-varvus-g-puhtus-si2-laitmatu-sara-ja-elegants\/","name":"0,30 ct teemant \u2013 V\u00e4rvus G Puhtus SI2 Laitmatu s\u00e4ra ja elegants - FashionGold.lt","isPartOf":{"@id":"https:\/\/fashiongold.lt\/et\/#website"},"primaryImageOfPage":{"@id":"https:\/\/fashiongold.lt\/et\/papuosalas\/030-ct-teemant-varvus-g-puhtus-si2-laitmatu-sara-ja-elegants\/#primaryimage"},"image":{"@id":"https:\/\/fashiongold.lt\/et\/papuosalas\/030-ct-teemant-varvus-g-puhtus-si2-laitmatu-sara-ja-elegants\/#primaryimage"},"thumbnailUrl":"https:\/\/fashiongold.lt\/wp-content\/uploads\/2025\/10\/3342-610-030-ct-deimantas-Spalva-G-Svarumas-SI2.png","datePublished":"2025-10-09T20:28:36+00:00","breadcrumb":{"@id":"https:\/\/fashiongold.lt\/et\/papuosalas\/030-ct-teemant-varvus-g-puhtus-si2-laitmatu-sara-ja-elegants\/#breadcrumb"},"inLanguage":"et","potentialAction":[{"@type":"ReadAction","target":["https:\/\/fashiongold.lt\/et\/papuosalas\/030-ct-teemant-varvus-g-puhtus-si2-laitmatu-sara-ja-elegants\/"]}]},{"@type":"ImageObject","inLanguage":"et","@id":"https:\/\/fashiongold.lt\/et\/papuosalas\/030-ct-teemant-varvus-g-puhtus-si2-laitmatu-sara-ja-elegants\/#primaryimage","url":"https:\/\/fashiongold.lt\/wp-content\/uploads\/2025\/10\/3342-610-030-ct-deimantas-Spalva-G-Svarumas-SI2.png","contentUrl":"https:\/\/fashiongold.lt\/wp-content\/uploads\/2025\/10\/3342-610-030-ct-deimantas-Spalva-G-Svarumas-SI2.png","width":536,"height":451},{"@type":"BreadcrumbList","@id":"https:\/\/fashiongold.lt\/et\/papuosalas\/030-ct-teemant-varvus-g-puhtus-si2-laitmatu-sara-ja-elegants\/#breadcrumb","itemListElement":[{"@type":"ListItem","position":1,"name":"Home","item":"https:\/\/fashiongold.lt\/et\/"},{"@type":"ListItem","position":2,"name":"Teemantide pood Fashiongold.lt","item":"https:\/\/fashiongold.lt\/shop-2\/"},{"@type":"ListItem","position":3,"name":"0,30 ct teemant \u2013 V\u00e4rvus G Puhtus SI2 Laitmatu s\u00e4ra ja elegants"}]},{"@type":"WebSite","@id":"https:\/\/fashiongold.lt\/et\/#website","url":"https:\/\/fashiongold.lt\/et\/","name":"Fashion Gold","description":"Juvelyrikos namai","publisher":{"@id":"https:\/\/fashiongold.lt\/et\/#organization"},"potentialAction":[{"@type":"SearchAction","target":{"@type":"EntryPoint","urlTemplate":"https:\/\/fashiongold.lt\/et\/?s={search_term_string}"},"query-input":{"@type":"PropertyValueSpecification","valueRequired":true,"valueName":"search_term_string"}}],"inLanguage":"et"},{"@type":"Organization","@id":"https:\/\/fashiongold.lt\/et\/#organization","name":"Topdiamonds Online","url":"https:\/\/fashiongold.lt\/et\/","logo":{"@type":"ImageObject","inLanguage":"et","@id":"https:\/\/fashiongold.lt\/et\/#\/schema\/logo\/image\/","url":"https:\/\/fashiongold.lt\/wp-content\/uploads\/2025\/04\/cropped-fashion_gold_logotipas2-scaled-1.png","contentUrl":"https:\/\/fashiongold.lt\/wp-content\/uploads\/2025\/04\/cropped-fashion_gold_logotipas2-scaled-1.png","width":2559,"height":421,"caption":"Topdiamonds Online"},"image":{"@id":"https:\/\/fashiongold.lt\/et\/#\/schema\/logo\/image\/"}}]}},"_links":{"self":[{"href":"https:\/\/fashiongold.lt\/et\/wp-json\/wp\/v2\/product\/290133","targetHints":{"allow":["GET"]}}],"collection":[{"href":"https:\/\/fashiongold.lt\/et\/wp-json\/wp\/v2\/product"}],"about":[{"href":"https:\/\/fashiongold.lt\/et\/wp-json\/wp\/v2\/types\/product"}],"version-history":[{"count":0,"href":"https:\/\/fashiongold.lt\/et\/wp-json\/wp\/v2\/product\/290133\/revisions"}],"wp:featuredmedia":[{"embeddable":true,"href":"https:\/\/fashiongold.lt\/et\/wp-json\/wp\/v2\/media\/67352"}],"wp:attachment":[{"href":"https:\/\/fashiongold.lt\/et\/wp-json\/wp\/v2\/media?parent=290133"}],"wp:term":[{"taxonomy":"product_brand","embeddable":true,"href":"https:\/\/fashiongold.lt\/et\/wp-json\/wp\/v2\/product_brand?post=290133"},{"taxonomy":"product_cat","embeddable":true,"href":"https:\/\/fashiongold.lt\/et\/wp-json\/wp\/v2\/product_cat?post=290133"},{"taxonomy":"product_tag","embeddable":true,"href":"https:\/\/fashiongold.lt\/et\/wp-json\/wp\/v2\/product_tag?post=290133"}],"curies":[{"name":"wp","href":"https:\/\/api.w.org\/{rel}","templated":true}]}}