{"id":290448,"date":"2025-10-09T20:16:37","date_gmt":"2025-10-09T20:16:37","guid":{"rendered":"https:\/\/fashiongold.lt\/papuosalas\/kollasest-kullast-kaevoru-teemantidega-107-ct\/"},"modified":"2026-02-17T13:39:43","modified_gmt":"2026-02-17T13:39:43","slug":"kollasest-kullast-kaevoru-teemantidega-107-ct","status":"publish","type":"product","link":"https:\/\/fashiongold.lt\/et\/papuosalas\/kollasest-kullast-kaevoru-teemantidega-107-ct\/","title":{"rendered":"Kollasest kullast k\u00e4ev\u00f5ru teemantidega (1,07 ct)"},"content":{"rendered":"<p><span>Teemantidega k\u00e4ev\u00f5ru<\/span><\/p>\n<p>Kaal &#8211; 7,00-7,40 g<\/p>\n<p><span>Briljandi suurus &#8211; 0,015 ct, kogukaal 1,07 ct, 75 teemanti, v\u00e4rv W (H), puhtus Si<\/span><\/p>\n<p><span>Kulla proov 585<\/span><\/p>\n<p><span>Pikkus &#8211; 17 cm<\/span><\/p>\n<p><span>Leedu Proovikoja sertifikaat<\/span><\/p>\n","protected":false},"excerpt":{"rendered":"<p>Kollasest kullast k\u00e4ev\u00f5ru teemantidega<\/p>\n","protected":false},"featured_media":66032,"template":"","meta":{"site-sidebar-layout":"","site-content-layout":"","ast-site-content-layout":"","site-content-style":"","site-sidebar-style":"","ast-global-header-display":"","ast-banner-title-visibility":"","ast-main-header-display":"","ast-hfb-above-header-display":"","ast-hfb-below-header-display":"","ast-hfb-mobile-header-display":"","site-post-title":"","ast-breadcrumbs-content":"","ast-featured-img":"","footer-sml-layout":"","ast-disable-related-posts":"","theme-transparent-header-meta":"","adv-header-id-meta":"","stick-header-meta":"","header-above-stick-meta":"","header-main-stick-meta":"","header-below-stick-meta":"","astra-migrate-meta-layouts":"default","ast-page-background-enabled":"default","ast-page-background-meta":{"desktop":{"background-color":"var(--ast-global-color-4)","background-image":"","background-repeat":"repeat","background-position":"center center","background-size":"auto","background-attachment":"scroll","background-type":"","background-media":"","overlay-type":"","overlay-color":"","overlay-opacity":"","overlay-gradient":""},"tablet":{"background-color":"","background-image":"","background-repeat":"repeat","background-position":"center center","background-size":"auto","background-attachment":"scroll","background-type":"","background-media":"","overlay-type":"","overlay-color":"","overlay-opacity":"","overlay-gradient":""},"mobile":{"background-color":"","background-image":"","background-repeat":"repeat","background-position":"center center","background-size":"auto","background-attachment":"scroll","background-type":"","background-media":"","overlay-type":"","overlay-color":"","overlay-opacity":"","overlay-gradient":""}},"ast-content-background-meta":{"desktop":{"background-color":"var(--ast-global-color-5)","background-image":"","background-repeat":"repeat","background-position":"center center","background-size":"auto","background-attachment":"scroll","background-type":"","background-media":"","overlay-type":"","overlay-color":"","overlay-opacity":"","overlay-gradient":""},"tablet":{"background-color":"var(--ast-global-color-5)","background-image":"","background-repeat":"repeat","background-position":"center center","background-size":"auto","background-attachment":"scroll","background-type":"","background-media":"","overlay-type":"","overlay-color":"","overlay-opacity":"","overlay-gradient":""},"mobile":{"background-color":"var(--ast-global-color-5)","background-image":"","background-repeat":"repeat","background-position":"center center","background-size":"auto","background-attachment":"scroll","background-type":"","background-media":"","overlay-type":"","overlay-color":"","overlay-opacity":"","overlay-gradient":""}}},"product_brand":[],"product_cat":[3058,2830,2826,2829,2823,2828,2825,2822,2824,3392,2821,2845,3788,4098,2827],"product_tag":[],"class_list":{"0":"post-290448","1":"product","2":"type-product","3":"status-publish","4":"has-post-thumbnail","6":"product_cat-ehted","7":"product_cat-emadepaeva-kingitused","8":"product_cat-joulukingid","9":"product_cat-kingitused-erilisteks-puhkudeks","10":"product_cat-kingitused-lapse-sunni-puhul","11":"product_cat-kingitused-lopetamise-puhul","12":"product_cat-kingitused-meestele","13":"product_cat-kingitused-naistele","14":"product_cat-kingitused-pulma-aastapaeva-puhul","15":"product_cat-kingitused-pulmade-puhul","16":"product_cat-kingitused-sunnipaevaks","17":"product_cat-sobrapaeva-kingitused","18":"product_cat-teemantidega-kaevorud","19":"product_cat-tennisekaevoru-teemantidega-kaevoru","20":"product_cat-valgest-kullast-ehted","21":"desktop-align-center","22":"tablet-align-left","23":"mobile-align-left","24":"ast-product-gallery-layout-horizontal-slider","25":"ast-product-gallery-with-no-image","26":"ast-product-tabs-layout-accordion","27":"ast-qv-on-image","29":"first","30":"instock","31":"taxable","32":"shipping-taxable","33":"purchasable","34":"product-type-simple"},"yoast_head":"<!-- This site is optimized with the Yoast SEO plugin v26.6 - https:\/\/yoast.com\/wordpress\/plugins\/seo\/ -->\n<title>Kollasest kullast k\u00e4ev\u00f5ru teemantidega (1,77 ct )<\/title>\n<meta name=\"description\" content=\"Kollasest kullast k\u00e4ev\u00f5ru 75 teemandiga. Kulla proov 585, kaal umbes 7,40 g koos teemantidega, mille suurus on 0,015 ct, kogukaal on 1,07 ct, v\u00e4rvus W (H), puhtus Si. Pikkus \u2013 17 cm. Leedu proovikoja sertifikaat.\" \/>\n<meta name=\"robots\" content=\"index, follow, max-snippet:-1, max-image-preview:large, max-video-preview:-1\" \/>\n<link rel=\"canonical\" href=\"https:\/\/fashiongold.lt\/et\/papuosalas\/kollasest-kullast-kaevoru-teemantidega-107-ct\/\" \/>\n<meta property=\"og:locale\" content=\"et_EE\" \/>\n<meta property=\"og:type\" content=\"article\" \/>\n<meta property=\"og:title\" content=\"Kollasest kullast k\u00e4ev\u00f5ru teemantidega (1,77 ct )\" \/>\n<meta property=\"og:description\" content=\"Kollasest kullast k\u00e4ev\u00f5ru 75 teemandiga. Kulla proov 585, kaal umbes 7,40 g koos teemantidega, mille suurus on 0,015 ct, kogukaal on 1,07 ct, v\u00e4rvus W (H), puhtus Si. Pikkus \u2013 17 cm. Leedu proovikoja sertifikaat.\" \/>\n<meta property=\"og:url\" content=\"https:\/\/fashiongold.lt\/et\/papuosalas\/kollasest-kullast-kaevoru-teemantidega-107-ct\/\" \/>\n<meta property=\"og:site_name\" content=\"FashionGold.lt\" \/>\n<meta property=\"article:modified_time\" content=\"2026-02-17T13:39:43+00:00\" \/>\n<meta property=\"og:image\" content=\"https:\/\/fashiongold.lt\/wp-content\/uploads\/2025\/10\/2735-d74-Geltono-aukso-apyranke-su-deimantais-107-ct.webp\" \/>\n\t<meta property=\"og:image:width\" content=\"1000\" \/>\n\t<meta property=\"og:image:height\" content=\"1000\" \/>\n\t<meta property=\"og:image:type\" content=\"image\/jpeg\" \/>\n<meta name=\"twitter:card\" content=\"summary_large_image\" \/>\n<script type=\"application\/ld+json\" class=\"yoast-schema-graph\">{\"@context\":\"https:\/\/schema.org\",\"@graph\":[{\"@type\":\"WebPage\",\"@id\":\"https:\/\/fashiongold.lt\/et\/papuosalas\/kollasest-kullast-kaevoru-teemantidega-107-ct\/\",\"url\":\"https:\/\/fashiongold.lt\/et\/papuosalas\/kollasest-kullast-kaevoru-teemantidega-107-ct\/\",\"name\":\"Kollasest kullast k\u00e4ev\u00f5ru teemantidega (1,77 ct )\",\"isPartOf\":{\"@id\":\"https:\/\/fashiongold.lt\/et\/#website\"},\"primaryImageOfPage\":{\"@id\":\"https:\/\/fashiongold.lt\/et\/papuosalas\/kollasest-kullast-kaevoru-teemantidega-107-ct\/#primaryimage\"},\"image\":{\"@id\":\"https:\/\/fashiongold.lt\/et\/papuosalas\/kollasest-kullast-kaevoru-teemantidega-107-ct\/#primaryimage\"},\"thumbnailUrl\":\"https:\/\/fashiongold.lt\/wp-content\/uploads\/2025\/10\/2735-d74-Geltono-aukso-apyranke-su-deimantais-107-ct.jpg\",\"datePublished\":\"2025-10-09T20:16:37+00:00\",\"dateModified\":\"2026-02-17T13:39:43+00:00\",\"description\":\"Kollasest kullast k\u00e4ev\u00f5ru 75 teemandiga. Kulla proov 585, kaal umbes 7,40 g koos teemantidega, mille suurus on 0,015 ct, kogukaal on 1,07 ct, v\u00e4rvus W (H), puhtus Si. Pikkus \u2013 17 cm. Leedu proovikoja sertifikaat.\",\"breadcrumb\":{\"@id\":\"https:\/\/fashiongold.lt\/et\/papuosalas\/kollasest-kullast-kaevoru-teemantidega-107-ct\/#breadcrumb\"},\"inLanguage\":\"et\",\"potentialAction\":[{\"@type\":\"ReadAction\",\"target\":[\"https:\/\/fashiongold.lt\/et\/papuosalas\/kollasest-kullast-kaevoru-teemantidega-107-ct\/\"]}]},{\"@type\":\"ImageObject\",\"inLanguage\":\"et\",\"@id\":\"https:\/\/fashiongold.lt\/et\/papuosalas\/kollasest-kullast-kaevoru-teemantidega-107-ct\/#primaryimage\",\"url\":\"https:\/\/fashiongold.lt\/wp-content\/uploads\/2025\/10\/2735-d74-Geltono-aukso-apyranke-su-deimantais-107-ct.jpg\",\"contentUrl\":\"https:\/\/fashiongold.lt\/wp-content\/uploads\/2025\/10\/2735-d74-Geltono-aukso-apyranke-su-deimantais-107-ct.jpg\",\"width\":1000,\"height\":1000},{\"@type\":\"BreadcrumbList\",\"@id\":\"https:\/\/fashiongold.lt\/et\/papuosalas\/kollasest-kullast-kaevoru-teemantidega-107-ct\/#breadcrumb\",\"itemListElement\":[{\"@type\":\"ListItem\",\"position\":1,\"name\":\"Home\",\"item\":\"https:\/\/fashiongold.lt\/et\/\"},{\"@type\":\"ListItem\",\"position\":2,\"name\":\"Teemantide pood Fashiongold.lt\",\"item\":\"https:\/\/fashiongold.lt\/shop-2\/\"},{\"@type\":\"ListItem\",\"position\":3,\"name\":\"Kollasest kullast k\u00e4ev\u00f5ru teemantidega (1,07 ct)\"}]},{\"@type\":\"WebSite\",\"@id\":\"https:\/\/fashiongold.lt\/et\/#website\",\"url\":\"https:\/\/fashiongold.lt\/et\/\",\"name\":\"Fashion Gold\",\"description\":\"Juvelyrikos namai\",\"publisher\":{\"@id\":\"https:\/\/fashiongold.lt\/et\/#organization\"},\"potentialAction\":[{\"@type\":\"SearchAction\",\"target\":{\"@type\":\"EntryPoint\",\"urlTemplate\":\"https:\/\/fashiongold.lt\/et\/?s={search_term_string}\"},\"query-input\":{\"@type\":\"PropertyValueSpecification\",\"valueRequired\":true,\"valueName\":\"search_term_string\"}}],\"inLanguage\":\"et\"},{\"@type\":\"Organization\",\"@id\":\"https:\/\/fashiongold.lt\/et\/#organization\",\"name\":\"Topdiamonds Online\",\"url\":\"https:\/\/fashiongold.lt\/et\/\",\"logo\":{\"@type\":\"ImageObject\",\"inLanguage\":\"et\",\"@id\":\"https:\/\/fashiongold.lt\/et\/#\/schema\/logo\/image\/\",\"url\":\"https:\/\/fashiongold.lt\/wp-content\/uploads\/2025\/04\/cropped-fashion_gold_logotipas2-scaled-1.png\",\"contentUrl\":\"https:\/\/fashiongold.lt\/wp-content\/uploads\/2025\/04\/cropped-fashion_gold_logotipas2-scaled-1.png\",\"width\":2559,\"height\":421,\"caption\":\"Topdiamonds Online\"},\"image\":{\"@id\":\"https:\/\/fashiongold.lt\/et\/#\/schema\/logo\/image\/\"}}]}<\/script>\n<!-- \/ Yoast SEO plugin. -->","yoast_head_json":{"title":"Kollasest kullast k\u00e4ev\u00f5ru teemantidega (1,77 ct )","description":"Kollasest kullast k\u00e4ev\u00f5ru 75 teemandiga. Kulla proov 585, kaal umbes 7,40 g koos teemantidega, mille suurus on 0,015 ct, kogukaal on 1,07 ct, v\u00e4rvus W (H), puhtus Si. Pikkus \u2013 17 cm. Leedu proovikoja sertifikaat.","robots":{"index":"index","follow":"follow","max-snippet":"max-snippet:-1","max-image-preview":"max-image-preview:large","max-video-preview":"max-video-preview:-1"},"canonical":"https:\/\/fashiongold.lt\/et\/papuosalas\/kollasest-kullast-kaevoru-teemantidega-107-ct\/","og_locale":"et_EE","og_type":"article","og_title":"Kollasest kullast k\u00e4ev\u00f5ru teemantidega (1,77 ct )","og_description":"Kollasest kullast k\u00e4ev\u00f5ru 75 teemandiga. Kulla proov 585, kaal umbes 7,40 g koos teemantidega, mille suurus on 0,015 ct, kogukaal on 1,07 ct, v\u00e4rvus W (H), puhtus Si. Pikkus \u2013 17 cm. Leedu proovikoja sertifikaat.","og_url":"https:\/\/fashiongold.lt\/et\/papuosalas\/kollasest-kullast-kaevoru-teemantidega-107-ct\/","og_site_name":"FashionGold.lt","article_modified_time":"2026-02-17T13:39:43+00:00","og_image":[{"width":1000,"height":1000,"url":"https:\/\/fashiongold.lt\/wp-content\/uploads\/2025\/10\/2735-d74-Geltono-aukso-apyranke-su-deimantais-107-ct.webp","type":"image\/jpeg"}],"twitter_card":"summary_large_image","schema":{"@context":"https:\/\/schema.org","@graph":[{"@type":"WebPage","@id":"https:\/\/fashiongold.lt\/et\/papuosalas\/kollasest-kullast-kaevoru-teemantidega-107-ct\/","url":"https:\/\/fashiongold.lt\/et\/papuosalas\/kollasest-kullast-kaevoru-teemantidega-107-ct\/","name":"Kollasest kullast k\u00e4ev\u00f5ru teemantidega (1,77 ct )","isPartOf":{"@id":"https:\/\/fashiongold.lt\/et\/#website"},"primaryImageOfPage":{"@id":"https:\/\/fashiongold.lt\/et\/papuosalas\/kollasest-kullast-kaevoru-teemantidega-107-ct\/#primaryimage"},"image":{"@id":"https:\/\/fashiongold.lt\/et\/papuosalas\/kollasest-kullast-kaevoru-teemantidega-107-ct\/#primaryimage"},"thumbnailUrl":"https:\/\/fashiongold.lt\/wp-content\/uploads\/2025\/10\/2735-d74-Geltono-aukso-apyranke-su-deimantais-107-ct.jpg","datePublished":"2025-10-09T20:16:37+00:00","dateModified":"2026-02-17T13:39:43+00:00","description":"Kollasest kullast k\u00e4ev\u00f5ru 75 teemandiga. Kulla proov 585, kaal umbes 7,40 g koos teemantidega, mille suurus on 0,015 ct, kogukaal on 1,07 ct, v\u00e4rvus W (H), puhtus Si. Pikkus \u2013 17 cm. Leedu proovikoja sertifikaat.","breadcrumb":{"@id":"https:\/\/fashiongold.lt\/et\/papuosalas\/kollasest-kullast-kaevoru-teemantidega-107-ct\/#breadcrumb"},"inLanguage":"et","potentialAction":[{"@type":"ReadAction","target":["https:\/\/fashiongold.lt\/et\/papuosalas\/kollasest-kullast-kaevoru-teemantidega-107-ct\/"]}]},{"@type":"ImageObject","inLanguage":"et","@id":"https:\/\/fashiongold.lt\/et\/papuosalas\/kollasest-kullast-kaevoru-teemantidega-107-ct\/#primaryimage","url":"https:\/\/fashiongold.lt\/wp-content\/uploads\/2025\/10\/2735-d74-Geltono-aukso-apyranke-su-deimantais-107-ct.jpg","contentUrl":"https:\/\/fashiongold.lt\/wp-content\/uploads\/2025\/10\/2735-d74-Geltono-aukso-apyranke-su-deimantais-107-ct.jpg","width":1000,"height":1000},{"@type":"BreadcrumbList","@id":"https:\/\/fashiongold.lt\/et\/papuosalas\/kollasest-kullast-kaevoru-teemantidega-107-ct\/#breadcrumb","itemListElement":[{"@type":"ListItem","position":1,"name":"Home","item":"https:\/\/fashiongold.lt\/et\/"},{"@type":"ListItem","position":2,"name":"Teemantide pood Fashiongold.lt","item":"https:\/\/fashiongold.lt\/shop-2\/"},{"@type":"ListItem","position":3,"name":"Kollasest kullast k\u00e4ev\u00f5ru teemantidega (1,07 ct)"}]},{"@type":"WebSite","@id":"https:\/\/fashiongold.lt\/et\/#website","url":"https:\/\/fashiongold.lt\/et\/","name":"Fashion Gold","description":"Juvelyrikos namai","publisher":{"@id":"https:\/\/fashiongold.lt\/et\/#organization"},"potentialAction":[{"@type":"SearchAction","target":{"@type":"EntryPoint","urlTemplate":"https:\/\/fashiongold.lt\/et\/?s={search_term_string}"},"query-input":{"@type":"PropertyValueSpecification","valueRequired":true,"valueName":"search_term_string"}}],"inLanguage":"et"},{"@type":"Organization","@id":"https:\/\/fashiongold.lt\/et\/#organization","name":"Topdiamonds Online","url":"https:\/\/fashiongold.lt\/et\/","logo":{"@type":"ImageObject","inLanguage":"et","@id":"https:\/\/fashiongold.lt\/et\/#\/schema\/logo\/image\/","url":"https:\/\/fashiongold.lt\/wp-content\/uploads\/2025\/04\/cropped-fashion_gold_logotipas2-scaled-1.png","contentUrl":"https:\/\/fashiongold.lt\/wp-content\/uploads\/2025\/04\/cropped-fashion_gold_logotipas2-scaled-1.png","width":2559,"height":421,"caption":"Topdiamonds Online"},"image":{"@id":"https:\/\/fashiongold.lt\/et\/#\/schema\/logo\/image\/"}}]}},"_links":{"self":[{"href":"https:\/\/fashiongold.lt\/et\/wp-json\/wp\/v2\/product\/290448","targetHints":{"allow":["GET"]}}],"collection":[{"href":"https:\/\/fashiongold.lt\/et\/wp-json\/wp\/v2\/product"}],"about":[{"href":"https:\/\/fashiongold.lt\/et\/wp-json\/wp\/v2\/types\/product"}],"version-history":[{"count":0,"href":"https:\/\/fashiongold.lt\/et\/wp-json\/wp\/v2\/product\/290448\/revisions"}],"wp:featuredmedia":[{"embeddable":true,"href":"https:\/\/fashiongold.lt\/et\/wp-json\/wp\/v2\/media\/66032"}],"wp:attachment":[{"href":"https:\/\/fashiongold.lt\/et\/wp-json\/wp\/v2\/media?parent=290448"}],"wp:term":[{"taxonomy":"product_brand","embeddable":true,"href":"https:\/\/fashiongold.lt\/et\/wp-json\/wp\/v2\/product_brand?post=290448"},{"taxonomy":"product_cat","embeddable":true,"href":"https:\/\/fashiongold.lt\/et\/wp-json\/wp\/v2\/product_cat?post=290448"},{"taxonomy":"product_tag","embeddable":true,"href":"https:\/\/fashiongold.lt\/et\/wp-json\/wp\/v2\/product_tag?post=290448"}],"curies":[{"name":"wp","href":"https:\/\/api.w.org\/{rel}","templated":true}]}}