{"id":290933,"date":"2025-10-09T19:52:22","date_gmt":"2025-10-09T19:52:22","guid":{"rendered":"https:\/\/fashiongold.lt\/papuosalas\/valgest-kullast-teemantidega-sormus-251-ct\/"},"modified":"2026-02-17T14:00:28","modified_gmt":"2026-02-17T14:00:28","slug":"valgest-kullast-teemantidega-sormus-251-ct","status":"publish","type":"product","link":"https:\/\/fashiongold.lt\/et\/papuosalas\/valgest-kullast-teemantidega-sormus-251-ct\/","title":{"rendered":"Valgest kullast teemantidega s\u00f5rmus (2,51 ct)"},"content":{"rendered":"<p>Kordumatu iluga s\u00f5rmus, mis on eksklusiivse stiili ja k\u00f5rge kvaliteediga ning mugavustsooniga. S\u00f5rmust saab valmistada tellimust\u00f6\u00f6na: punasest, kollasest ja valgest kullast.<\/p>\n<p>\u2022 S\u00f5rmuse kuld: 14 K (proov 585), saame valmistada ka 10K (proov 375) v\u00f5i 18K (proov 750) kullast.<\/p>\n<p>\u2022 S\u00f5rmuse v\u00e4rv: v\u00f5imalik valida valge, kollane v\u00f5i punane kuld<\/p>\n<p>\u2022 S\u00f5rmuse kaal (s\u00f5ltub suurusest ja proovist): u 3,00\u20135,00 g<\/p>\n<p>\u2022 S\u00f5rmuse m\u00f5\u00f5tmed: laius u 4,20 mm (v\u00f5imalik muuta)<\/p>\n<p>\u2022 S\u00f5rmuse mugavustsoon: olemas<\/p>\n<p>\u2022 Teemandi t\u00fc\u00fcp: Looduslikud teemandid (Natural diamonds)<\/p>\n<p>\u2022 Teemandi kuju: \u00dcmar lihv (Round cut)<\/p>\n<p>\u2022 Teemandi omadused: 2,51 ct (21 tk x 0,12 ct) (v\u00e4rv G-H, puhtus VS &#8211; SI) (v\u00f5imalik muuta)<\/p>\n<p>\u2022 Sertifikaat: Leedu proovikoda (LPR)<\/p>\n<p>\u2022 Graveerimine tasuta<\/p>\n<p>\u2022 \u00dchekordne tasuta s\u00f5rmuse suuruse muutmise garantii (v\u00f5imaluse piires)<\/p>\n<p>\u2022 Valmistamise ja tarnimise t\u00e4htaeg alates 14 t\u00f6\u00f6p\u00e4evast, kiirtellimusel 3 t\u00f6\u00f6p\u00e4eva jooksul.<\/p>\n<p><strong>Kas teil on oma kulda? V\u00f5tke meiega \u00fchendust, arvutame hinna \u00fcmber \u2013 maksate ainult s\u00f5rmuste valmistamise eest.<\/strong><\/p>\n","protected":false},"excerpt":{"rendered":"<p>Iga teemantidega kaunistatud s\u00f5rmus on ainulaadne ja peegeldab t\u00e4iuslikult paari armastuslugu. Klassikaline naiste s\u00f5rmus 2,51 ct teemantidega \u00fcmber kogu s\u00f5rmuse paistab silma elegantsi ja luksusega. Rohkem kui lihtsalt ehe, see teemantidega s\u00f5rmus kannab endas suurt emotsionaalset v\u00e4\u00e4rtust, mida antakse edasi p\u00f5lvest p\u00f5lve. See on erakordne valik, et v\u00e4ljendada teie armastust ja suhte pikaajalist v\u00e4\u00e4rtust.<\/p>\n","protected":false},"featured_media":64660,"template":"","meta":{"site-sidebar-layout":"","site-content-layout":"","ast-site-content-layout":"","site-content-style":"","site-sidebar-style":"","ast-global-header-display":"","ast-banner-title-visibility":"","ast-main-header-display":"","ast-hfb-above-header-display":"","ast-hfb-below-header-display":"","ast-hfb-mobile-header-display":"","site-post-title":"","ast-breadcrumbs-content":"","ast-featured-img":"","footer-sml-layout":"","ast-disable-related-posts":"","theme-transparent-header-meta":"","adv-header-id-meta":"","stick-header-meta":"","header-above-stick-meta":"","header-main-stick-meta":"","header-below-stick-meta":"","astra-migrate-meta-layouts":"default","ast-page-background-enabled":"default","ast-page-background-meta":{"desktop":{"background-color":"var(--ast-global-color-4)","background-image":"","background-repeat":"repeat","background-position":"center center","background-size":"auto","background-attachment":"scroll","background-type":"","background-media":"","overlay-type":"","overlay-color":"","overlay-opacity":"","overlay-gradient":""},"tablet":{"background-color":"","background-image":"","background-repeat":"repeat","background-position":"center center","background-size":"auto","background-attachment":"scroll","background-type":"","background-media":"","overlay-type":"","overlay-color":"","overlay-opacity":"","overlay-gradient":""},"mobile":{"background-color":"","background-image":"","background-repeat":"repeat","background-position":"center center","background-size":"auto","background-attachment":"scroll","background-type":"","background-media":"","overlay-type":"","overlay-color":"","overlay-opacity":"","overlay-gradient":""}},"ast-content-background-meta":{"desktop":{"background-color":"var(--ast-global-color-5)","background-image":"","background-repeat":"repeat","background-position":"center center","background-size":"auto","background-attachment":"scroll","background-type":"","background-media":"","overlay-type":"","overlay-color":"","overlay-opacity":"","overlay-gradient":""},"tablet":{"background-color":"var(--ast-global-color-5)","background-image":"","background-repeat":"repeat","background-position":"center center","background-size":"auto","background-attachment":"scroll","background-type":"","background-media":"","overlay-type":"","overlay-color":"","overlay-opacity":"","overlay-gradient":""},"mobile":{"background-color":"var(--ast-global-color-5)","background-image":"","background-repeat":"repeat","background-position":"center center","background-size":"auto","background-attachment":"scroll","background-type":"","background-media":"","overlay-type":"","overlay-color":"","overlay-opacity":"","overlay-gradient":""}}},"product_brand":[],"product_cat":[3594,3596,3058,2830,2826,2829,2823,2828,2825,2822,2824,3392,2821,3593,3597,3567,3776,2845,3684,2837,2833,3466,3592,2827,2832],"product_tag":[],"class_list":{"0":"post-290933","1":"product","2":"type-product","3":"status-publish","4":"has-post-thumbnail","6":"product_cat-abielusormused","7":"product_cat-abielusormused-teemantidega","8":"product_cat-ehted","9":"product_cat-emadepaeva-kingitused","10":"product_cat-joulukingid","11":"product_cat-kingitused-erilisteks-puhkudeks","12":"product_cat-kingitused-lapse-sunni-puhul","13":"product_cat-kingitused-lopetamise-puhul","14":"product_cat-kingitused-meestele","15":"product_cat-kingitused-naistele","16":"product_cat-kingitused-pulma-aastapaeva-puhul","17":"product_cat-kingitused-pulmade-puhul","18":"product_cat-kingitused-sunnipaevaks","19":"product_cat-klassikalised-abielusormused","20":"product_cat-modernsed-pulmasormused","21":"product_cat-naiste-abielusormused","22":"product_cat-plaatinast-teemantribad","23":"product_cat-sobrapaeva-kingitused","24":"product_cat-teemantriba-briljantidega","25":"product_cat-teemantriba-umber-kogu-sormuse","26":"product_cat-teemantribad","27":"product_cat-teemantsormused","28":"product_cat-valgest-kullast-abielusormused","29":"product_cat-valgest-kullast-ehted","30":"product_cat-valgest-kullast-teemantribad","31":"desktop-align-center","32":"tablet-align-left","33":"mobile-align-left","34":"ast-product-gallery-layout-horizontal-slider","35":"ast-product-gallery-with-no-image","36":"ast-product-single-variable","37":"ast-product-tabs-layout-accordion","38":"ast-qv-on-image","40":"first","41":"instock","42":"taxable","43":"shipping-taxable","44":"purchasable","45":"product-type-variable"},"yoast_head":"<!-- This site is optimized with the Yoast SEO plugin v26.6 - https:\/\/yoast.com\/wordpress\/plugins\/seo\/ -->\n<title>Teemant-rivis\u00f5rmus 2.51 ct teemantidega I FashionGold<\/title>\n<meta name=\"description\" content=\"Klassikaline kuldne naiste s\u00f5rmus 2.51 ct teemantidega \u00fcmber kogu s\u00f5rmuse paistab silma elegantsi ja luksuslikkusega. Valmistatud Leedus. Tasuta tarne.\" \/>\n<meta name=\"robots\" content=\"index, follow, max-snippet:-1, max-image-preview:large, max-video-preview:-1\" \/>\n<link rel=\"canonical\" href=\"https:\/\/fashiongold.lt\/et\/papuosalas\/valgest-kullast-teemantidega-sormus-251-ct\/\" \/>\n<meta property=\"og:locale\" content=\"et_EE\" \/>\n<meta property=\"og:type\" content=\"article\" \/>\n<meta property=\"og:title\" content=\"Teemant-rivis\u00f5rmus 2.51 ct teemantidega I FashionGold\" \/>\n<meta property=\"og:description\" content=\"Klassikaline kuldne naiste s\u00f5rmus 2.51 ct teemantidega \u00fcmber kogu s\u00f5rmuse paistab silma elegantsi ja luksuslikkusega. Valmistatud Leedus. Tasuta tarne.\" \/>\n<meta property=\"og:url\" content=\"https:\/\/fashiongold.lt\/et\/papuosalas\/valgest-kullast-teemantidega-sormus-251-ct\/\" \/>\n<meta property=\"og:site_name\" content=\"FashionGold.lt\" \/>\n<meta property=\"article:modified_time\" content=\"2026-02-17T14:00:28+00:00\" \/>\n<meta property=\"og:image\" content=\"https:\/\/fashiongold.lt\/wp-content\/uploads\/2025\/10\/2610-630-Balto-aukso-ziedas-su-deimantais-251-ct.webp\" \/>\n\t<meta property=\"og:image:width\" content=\"1024\" \/>\n\t<meta property=\"og:image:height\" content=\"1024\" \/>\n\t<meta property=\"og:image:type\" content=\"image\/jpeg\" \/>\n<meta name=\"twitter:card\" content=\"summary_large_image\" \/>\n<meta name=\"twitter:label1\" content=\"Est. reading time\" \/>\n\t<meta name=\"twitter:data1\" content=\"1 minut\" \/>\n<script type=\"application\/ld+json\" class=\"yoast-schema-graph\">{\"@context\":\"https:\/\/schema.org\",\"@graph\":[{\"@type\":\"WebPage\",\"@id\":\"https:\/\/fashiongold.lt\/et\/papuosalas\/valgest-kullast-teemantidega-sormus-251-ct\/\",\"url\":\"https:\/\/fashiongold.lt\/et\/papuosalas\/valgest-kullast-teemantidega-sormus-251-ct\/\",\"name\":\"Teemant-rivis\u00f5rmus 2.51 ct teemantidega I FashionGold\",\"isPartOf\":{\"@id\":\"https:\/\/fashiongold.lt\/et\/#website\"},\"primaryImageOfPage\":{\"@id\":\"https:\/\/fashiongold.lt\/et\/papuosalas\/valgest-kullast-teemantidega-sormus-251-ct\/#primaryimage\"},\"image\":{\"@id\":\"https:\/\/fashiongold.lt\/et\/papuosalas\/valgest-kullast-teemantidega-sormus-251-ct\/#primaryimage\"},\"thumbnailUrl\":\"https:\/\/fashiongold.lt\/wp-content\/uploads\/2025\/10\/2610-630-Balto-aukso-ziedas-su-deimantais-251-ct.jpg\",\"datePublished\":\"2025-10-09T19:52:22+00:00\",\"dateModified\":\"2026-02-17T14:00:28+00:00\",\"description\":\"Klassikaline kuldne naiste s\u00f5rmus 2.51 ct teemantidega \u00fcmber kogu s\u00f5rmuse paistab silma elegantsi ja luksuslikkusega. Valmistatud Leedus. Tasuta tarne.\",\"breadcrumb\":{\"@id\":\"https:\/\/fashiongold.lt\/et\/papuosalas\/valgest-kullast-teemantidega-sormus-251-ct\/#breadcrumb\"},\"inLanguage\":\"et\",\"potentialAction\":[{\"@type\":\"ReadAction\",\"target\":[\"https:\/\/fashiongold.lt\/et\/papuosalas\/valgest-kullast-teemantidega-sormus-251-ct\/\"]}]},{\"@type\":\"ImageObject\",\"inLanguage\":\"et\",\"@id\":\"https:\/\/fashiongold.lt\/et\/papuosalas\/valgest-kullast-teemantidega-sormus-251-ct\/#primaryimage\",\"url\":\"https:\/\/fashiongold.lt\/wp-content\/uploads\/2025\/10\/2610-630-Balto-aukso-ziedas-su-deimantais-251-ct.jpg\",\"contentUrl\":\"https:\/\/fashiongold.lt\/wp-content\/uploads\/2025\/10\/2610-630-Balto-aukso-ziedas-su-deimantais-251-ct.jpg\",\"width\":1024,\"height\":1024},{\"@type\":\"BreadcrumbList\",\"@id\":\"https:\/\/fashiongold.lt\/et\/papuosalas\/valgest-kullast-teemantidega-sormus-251-ct\/#breadcrumb\",\"itemListElement\":[{\"@type\":\"ListItem\",\"position\":1,\"name\":\"Home\",\"item\":\"https:\/\/fashiongold.lt\/et\/\"},{\"@type\":\"ListItem\",\"position\":2,\"name\":\"Teemantide pood Fashiongold.lt\",\"item\":\"https:\/\/fashiongold.lt\/shop-2\/\"},{\"@type\":\"ListItem\",\"position\":3,\"name\":\"Valgest kullast teemantidega s\u00f5rmus (2,51 ct)\"}]},{\"@type\":\"WebSite\",\"@id\":\"https:\/\/fashiongold.lt\/et\/#website\",\"url\":\"https:\/\/fashiongold.lt\/et\/\",\"name\":\"Fashion Gold\",\"description\":\"Juvelyrikos namai\",\"publisher\":{\"@id\":\"https:\/\/fashiongold.lt\/et\/#organization\"},\"potentialAction\":[{\"@type\":\"SearchAction\",\"target\":{\"@type\":\"EntryPoint\",\"urlTemplate\":\"https:\/\/fashiongold.lt\/et\/?s={search_term_string}\"},\"query-input\":{\"@type\":\"PropertyValueSpecification\",\"valueRequired\":true,\"valueName\":\"search_term_string\"}}],\"inLanguage\":\"et\"},{\"@type\":\"Organization\",\"@id\":\"https:\/\/fashiongold.lt\/et\/#organization\",\"name\":\"Topdiamonds Online\",\"url\":\"https:\/\/fashiongold.lt\/et\/\",\"logo\":{\"@type\":\"ImageObject\",\"inLanguage\":\"et\",\"@id\":\"https:\/\/fashiongold.lt\/et\/#\/schema\/logo\/image\/\",\"url\":\"https:\/\/fashiongold.lt\/wp-content\/uploads\/2025\/04\/cropped-fashion_gold_logotipas2-scaled-1.png\",\"contentUrl\":\"https:\/\/fashiongold.lt\/wp-content\/uploads\/2025\/04\/cropped-fashion_gold_logotipas2-scaled-1.png\",\"width\":2559,\"height\":421,\"caption\":\"Topdiamonds Online\"},\"image\":{\"@id\":\"https:\/\/fashiongold.lt\/et\/#\/schema\/logo\/image\/\"}}]}<\/script>\n<!-- \/ Yoast SEO plugin. -->","yoast_head_json":{"title":"Teemant-rivis\u00f5rmus 2.51 ct teemantidega I FashionGold","description":"Klassikaline kuldne naiste s\u00f5rmus 2.51 ct teemantidega \u00fcmber kogu s\u00f5rmuse paistab silma elegantsi ja luksuslikkusega. Valmistatud Leedus. Tasuta tarne.","robots":{"index":"index","follow":"follow","max-snippet":"max-snippet:-1","max-image-preview":"max-image-preview:large","max-video-preview":"max-video-preview:-1"},"canonical":"https:\/\/fashiongold.lt\/et\/papuosalas\/valgest-kullast-teemantidega-sormus-251-ct\/","og_locale":"et_EE","og_type":"article","og_title":"Teemant-rivis\u00f5rmus 2.51 ct teemantidega I FashionGold","og_description":"Klassikaline kuldne naiste s\u00f5rmus 2.51 ct teemantidega \u00fcmber kogu s\u00f5rmuse paistab silma elegantsi ja luksuslikkusega. Valmistatud Leedus. Tasuta tarne.","og_url":"https:\/\/fashiongold.lt\/et\/papuosalas\/valgest-kullast-teemantidega-sormus-251-ct\/","og_site_name":"FashionGold.lt","article_modified_time":"2026-02-17T14:00:28+00:00","og_image":[{"width":1024,"height":1024,"url":"https:\/\/fashiongold.lt\/wp-content\/uploads\/2025\/10\/2610-630-Balto-aukso-ziedas-su-deimantais-251-ct.webp","type":"image\/jpeg"}],"twitter_card":"summary_large_image","twitter_misc":{"Est. reading time":"1 minut"},"schema":{"@context":"https:\/\/schema.org","@graph":[{"@type":"WebPage","@id":"https:\/\/fashiongold.lt\/et\/papuosalas\/valgest-kullast-teemantidega-sormus-251-ct\/","url":"https:\/\/fashiongold.lt\/et\/papuosalas\/valgest-kullast-teemantidega-sormus-251-ct\/","name":"Teemant-rivis\u00f5rmus 2.51 ct teemantidega I FashionGold","isPartOf":{"@id":"https:\/\/fashiongold.lt\/et\/#website"},"primaryImageOfPage":{"@id":"https:\/\/fashiongold.lt\/et\/papuosalas\/valgest-kullast-teemantidega-sormus-251-ct\/#primaryimage"},"image":{"@id":"https:\/\/fashiongold.lt\/et\/papuosalas\/valgest-kullast-teemantidega-sormus-251-ct\/#primaryimage"},"thumbnailUrl":"https:\/\/fashiongold.lt\/wp-content\/uploads\/2025\/10\/2610-630-Balto-aukso-ziedas-su-deimantais-251-ct.jpg","datePublished":"2025-10-09T19:52:22+00:00","dateModified":"2026-02-17T14:00:28+00:00","description":"Klassikaline kuldne naiste s\u00f5rmus 2.51 ct teemantidega \u00fcmber kogu s\u00f5rmuse paistab silma elegantsi ja luksuslikkusega. Valmistatud Leedus. Tasuta tarne.","breadcrumb":{"@id":"https:\/\/fashiongold.lt\/et\/papuosalas\/valgest-kullast-teemantidega-sormus-251-ct\/#breadcrumb"},"inLanguage":"et","potentialAction":[{"@type":"ReadAction","target":["https:\/\/fashiongold.lt\/et\/papuosalas\/valgest-kullast-teemantidega-sormus-251-ct\/"]}]},{"@type":"ImageObject","inLanguage":"et","@id":"https:\/\/fashiongold.lt\/et\/papuosalas\/valgest-kullast-teemantidega-sormus-251-ct\/#primaryimage","url":"https:\/\/fashiongold.lt\/wp-content\/uploads\/2025\/10\/2610-630-Balto-aukso-ziedas-su-deimantais-251-ct.jpg","contentUrl":"https:\/\/fashiongold.lt\/wp-content\/uploads\/2025\/10\/2610-630-Balto-aukso-ziedas-su-deimantais-251-ct.jpg","width":1024,"height":1024},{"@type":"BreadcrumbList","@id":"https:\/\/fashiongold.lt\/et\/papuosalas\/valgest-kullast-teemantidega-sormus-251-ct\/#breadcrumb","itemListElement":[{"@type":"ListItem","position":1,"name":"Home","item":"https:\/\/fashiongold.lt\/et\/"},{"@type":"ListItem","position":2,"name":"Teemantide pood Fashiongold.lt","item":"https:\/\/fashiongold.lt\/shop-2\/"},{"@type":"ListItem","position":3,"name":"Valgest kullast teemantidega s\u00f5rmus (2,51 ct)"}]},{"@type":"WebSite","@id":"https:\/\/fashiongold.lt\/et\/#website","url":"https:\/\/fashiongold.lt\/et\/","name":"Fashion Gold","description":"Juvelyrikos namai","publisher":{"@id":"https:\/\/fashiongold.lt\/et\/#organization"},"potentialAction":[{"@type":"SearchAction","target":{"@type":"EntryPoint","urlTemplate":"https:\/\/fashiongold.lt\/et\/?s={search_term_string}"},"query-input":{"@type":"PropertyValueSpecification","valueRequired":true,"valueName":"search_term_string"}}],"inLanguage":"et"},{"@type":"Organization","@id":"https:\/\/fashiongold.lt\/et\/#organization","name":"Topdiamonds Online","url":"https:\/\/fashiongold.lt\/et\/","logo":{"@type":"ImageObject","inLanguage":"et","@id":"https:\/\/fashiongold.lt\/et\/#\/schema\/logo\/image\/","url":"https:\/\/fashiongold.lt\/wp-content\/uploads\/2025\/04\/cropped-fashion_gold_logotipas2-scaled-1.png","contentUrl":"https:\/\/fashiongold.lt\/wp-content\/uploads\/2025\/04\/cropped-fashion_gold_logotipas2-scaled-1.png","width":2559,"height":421,"caption":"Topdiamonds Online"},"image":{"@id":"https:\/\/fashiongold.lt\/et\/#\/schema\/logo\/image\/"}}]}},"_links":{"self":[{"href":"https:\/\/fashiongold.lt\/et\/wp-json\/wp\/v2\/product\/290933","targetHints":{"allow":["GET"]}}],"collection":[{"href":"https:\/\/fashiongold.lt\/et\/wp-json\/wp\/v2\/product"}],"about":[{"href":"https:\/\/fashiongold.lt\/et\/wp-json\/wp\/v2\/types\/product"}],"version-history":[{"count":0,"href":"https:\/\/fashiongold.lt\/et\/wp-json\/wp\/v2\/product\/290933\/revisions"}],"wp:featuredmedia":[{"embeddable":true,"href":"https:\/\/fashiongold.lt\/et\/wp-json\/wp\/v2\/media\/64660"}],"wp:attachment":[{"href":"https:\/\/fashiongold.lt\/et\/wp-json\/wp\/v2\/media?parent=290933"}],"wp:term":[{"taxonomy":"product_brand","embeddable":true,"href":"https:\/\/fashiongold.lt\/et\/wp-json\/wp\/v2\/product_brand?post=290933"},{"taxonomy":"product_cat","embeddable":true,"href":"https:\/\/fashiongold.lt\/et\/wp-json\/wp\/v2\/product_cat?post=290933"},{"taxonomy":"product_tag","embeddable":true,"href":"https:\/\/fashiongold.lt\/et\/wp-json\/wp\/v2\/product_tag?post=290933"}],"curies":[{"name":"wp","href":"https:\/\/api.w.org\/{rel}","templated":true}]}}