{"id":290948,"date":"2025-10-09T19:49:22","date_gmt":"2025-10-09T19:49:22","guid":{"rendered":"https:\/\/fashiongold.lt\/papuosalas\/valgest-kullast-teemantsormus-teemantriba-420-ct\/"},"modified":"2026-02-17T14:00:46","modified_gmt":"2026-02-17T14:00:46","slug":"valgest-kullast-teemantsormus-teemantriba-420-ct","status":"publish","type":"product","link":"https:\/\/fashiongold.lt\/et\/papuosalas\/valgest-kullast-teemantsormus-teemantriba-420-ct\/","title":{"rendered":"Valgest kullast teemants\u00f5rmus \u2013 teemantriba (4,20 ct)"},"content":{"rendered":"<p>Valmistatud Leedus. S\u00f5rmus on tellimust\u00f6\u00f6na saadaval punasest, kollasest v\u00f5i valgest kullast. Teemantide kogukaal\/kogus v\u00f5ib s\u00f5ltuvalt s\u00f5rmuse suurusest muutuda.           <\/p>\n<p>\u2022 Teemandi t\u00fc\u00fcp: Looduslik teemant               <\/p>\n<p>\u2022 Teemandi kuju: \u00dcmar lihv (Round cut)               <\/p>\n<p>\u2022 Teemandi omadused: kogukaal 4,20 ct, \u00fche teemandi suurus &#8211; 17 x 0,25 ct, v\u00e4rvus G-H (RW-W); puhtus VS-SI           <\/p>\n<p>\u2022 Sertifikaat: Leedu Proovikoda (LPR)                   <\/p>\n<p>\u2022 S\u00f5rmuse kuld: 14K (proov 585)                   <\/p>\n<p>\u2022 S\u00f5rmuse v\u00e4rvus: valge kuld                   <\/p>\n<p>\u2022 S\u00f5rmuse kaal: s\u00f5ltub suurusest, umbes 3,00 &#8211; 5,00 g                   <\/p>\n<p>\u2022 S\u00f5rmuse m\u00f5\u00f5dud: v\u00f5ru laius &#8211; 4,20 mm           <\/p>\n<p>\u2022 Tootmis- ja tarneaeg alates 14 t\u00f6\u00f6p\u00e4evast               <\/p>\n<p><strong>Teil on oma kuld? V\u00f5tke \u00fchendust, arvutame hinna \u00fcmber \u2013 maksate vaid s\u00f5rmuste valmistamise eest.<\/strong><\/p>\n","protected":false},"excerpt":{"rendered":"<p>Ainulaadne teemantriba (4,20 ct) \u2013 teemants\u00f5rmus, mis peegeldab paari erilist armastuslugu. Pilke p\u00fc\u00fcab s\u00e4ravate teemantide v\u00f5lu, s\u00fcmboliseerides igavikulisust, tugevust ja luksuslikku sidet. Teemants\u00f5rmus on pikaajaline v\u00e4\u00e4rtus, mida antakse edasi p\u00f5lvest p\u00f5lve. See pole mitte ainult luksuslik ehe, vaid ka suure emotsionaalse v\u00e4\u00e4rtusega s\u00fcmbol, mis peegeldab armastuse tugevust ja p\u00fchendumust. Sobib kihluseks, pulmadeks ja muudeks erilisteks s\u00fcndmusteks.<\/p>\n","protected":false},"featured_media":64502,"template":"","meta":{"site-sidebar-layout":"","site-content-layout":"","ast-site-content-layout":"","site-content-style":"","site-sidebar-style":"","ast-global-header-display":"","ast-banner-title-visibility":"","ast-main-header-display":"","ast-hfb-above-header-display":"","ast-hfb-below-header-display":"","ast-hfb-mobile-header-display":"","site-post-title":"","ast-breadcrumbs-content":"","ast-featured-img":"","footer-sml-layout":"","ast-disable-related-posts":"","theme-transparent-header-meta":"","adv-header-id-meta":"","stick-header-meta":"","header-above-stick-meta":"","header-main-stick-meta":"","header-below-stick-meta":"","astra-migrate-meta-layouts":"default","ast-page-background-enabled":"default","ast-page-background-meta":{"desktop":{"background-color":"var(--ast-global-color-4)","background-image":"","background-repeat":"repeat","background-position":"center center","background-size":"auto","background-attachment":"scroll","background-type":"","background-media":"","overlay-type":"","overlay-color":"","overlay-opacity":"","overlay-gradient":""},"tablet":{"background-color":"","background-image":"","background-repeat":"repeat","background-position":"center center","background-size":"auto","background-attachment":"scroll","background-type":"","background-media":"","overlay-type":"","overlay-color":"","overlay-opacity":"","overlay-gradient":""},"mobile":{"background-color":"","background-image":"","background-repeat":"repeat","background-position":"center center","background-size":"auto","background-attachment":"scroll","background-type":"","background-media":"","overlay-type":"","overlay-color":"","overlay-opacity":"","overlay-gradient":""}},"ast-content-background-meta":{"desktop":{"background-color":"var(--ast-global-color-5)","background-image":"","background-repeat":"repeat","background-position":"center center","background-size":"auto","background-attachment":"scroll","background-type":"","background-media":"","overlay-type":"","overlay-color":"","overlay-opacity":"","overlay-gradient":""},"tablet":{"background-color":"var(--ast-global-color-5)","background-image":"","background-repeat":"repeat","background-position":"center center","background-size":"auto","background-attachment":"scroll","background-type":"","background-media":"","overlay-type":"","overlay-color":"","overlay-opacity":"","overlay-gradient":""},"mobile":{"background-color":"var(--ast-global-color-5)","background-image":"","background-repeat":"repeat","background-position":"center center","background-size":"auto","background-attachment":"scroll","background-type":"","background-media":"","overlay-type":"","overlay-color":"","overlay-opacity":"","overlay-gradient":""}}},"product_brand":[],"product_cat":[3594,3739,2830,2826,2829,2823,2828,2822,2824,3392,2821,3593,3597,3567,2845,3684,2837,2833,3466,3592,2827],"product_tag":[],"class_list":{"0":"post-290948","1":"product","2":"type-product","3":"status-publish","4":"has-post-thumbnail","6":"product_cat-abielusormused","7":"product_cat-eksklusiivsed-abielusormused-disainerite-loodud","8":"product_cat-emadepaeva-kingitused","9":"product_cat-joulukingid","10":"product_cat-kingitused-erilisteks-puhkudeks","11":"product_cat-kingitused-lapse-sunni-puhul","12":"product_cat-kingitused-lopetamise-puhul","13":"product_cat-kingitused-naistele","14":"product_cat-kingitused-pulma-aastapaeva-puhul","15":"product_cat-kingitused-pulmade-puhul","16":"product_cat-kingitused-sunnipaevaks","17":"product_cat-klassikalised-abielusormused","18":"product_cat-modernsed-pulmasormused","19":"product_cat-naiste-abielusormused","20":"product_cat-sobrapaeva-kingitused","21":"product_cat-teemantriba-briljantidega","22":"product_cat-teemantriba-umber-kogu-sormuse","23":"product_cat-teemantribad","24":"product_cat-teemantsormused","25":"product_cat-valgest-kullast-abielusormused","26":"product_cat-valgest-kullast-ehted","27":"desktop-align-center","28":"tablet-align-left","29":"mobile-align-left","30":"ast-product-gallery-layout-horizontal-slider","31":"ast-product-gallery-with-no-image","32":"ast-product-single-variable","33":"ast-product-tabs-layout-accordion","34":"ast-qv-on-image","36":"first","37":"instock","38":"taxable","39":"shipping-taxable","40":"purchasable","41":"product-type-variable"},"yoast_head":"<!-- This site is optimized with the Yoast SEO plugin v26.6 - https:\/\/yoast.com\/wordpress\/plugins\/seo\/ -->\n<title>Valgest kullast teemantidega s\u00f5rmus - teemantriba (4,20 ct)<\/title>\n<meta name=\"description\" content=\"Teemantrida (4,20 ct) \u2013 teemantidega s\u00f5rmus, mis peegeldab paari erilist armastuslugu. Sobib kihluseks, pulmadeks ja muudeks erilisteks s\u00fcndmusteks.\" \/>\n<meta name=\"robots\" content=\"index, follow, max-snippet:-1, max-image-preview:large, max-video-preview:-1\" \/>\n<link rel=\"canonical\" href=\"https:\/\/fashiongold.lt\/et\/papuosalas\/valgest-kullast-teemantsormus-teemantriba-420-ct\/\" \/>\n<meta property=\"og:locale\" content=\"et_EE\" \/>\n<meta property=\"og:type\" content=\"article\" \/>\n<meta property=\"og:title\" content=\"Valgest kullast teemantidega s\u00f5rmus - teemantriba (4,20 ct)\" \/>\n<meta property=\"og:description\" content=\"Teemantrida (4,20 ct) \u2013 teemantidega s\u00f5rmus, mis peegeldab paari erilist armastuslugu. Sobib kihluseks, pulmadeks ja muudeks erilisteks s\u00fcndmusteks.\" \/>\n<meta property=\"og:url\" content=\"https:\/\/fashiongold.lt\/et\/papuosalas\/valgest-kullast-teemantsormus-teemantriba-420-ct\/\" \/>\n<meta property=\"og:site_name\" content=\"FashionGold.lt\" \/>\n<meta property=\"article:modified_time\" content=\"2026-02-17T14:00:46+00:00\" \/>\n<meta property=\"og:image\" content=\"https:\/\/fashiongold.lt\/wp-content\/uploads\/2025\/10\/6487-afd-Balto-aukso-ziedas-su-deimantais-deimantine-juostele-420-ct.webp\" \/>\n\t<meta property=\"og:image:width\" content=\"1000\" \/>\n\t<meta property=\"og:image:height\" content=\"1000\" \/>\n\t<meta property=\"og:image:type\" content=\"image\/png\" \/>\n<meta name=\"twitter:card\" content=\"summary_large_image\" \/>\n<meta name=\"twitter:label1\" content=\"Est. reading time\" \/>\n\t<meta name=\"twitter:data1\" content=\"1 minut\" \/>\n<script type=\"application\/ld+json\" class=\"yoast-schema-graph\">{\"@context\":\"https:\/\/schema.org\",\"@graph\":[{\"@type\":\"WebPage\",\"@id\":\"https:\/\/fashiongold.lt\/et\/papuosalas\/valgest-kullast-teemantsormus-teemantriba-420-ct\/\",\"url\":\"https:\/\/fashiongold.lt\/et\/papuosalas\/valgest-kullast-teemantsormus-teemantriba-420-ct\/\",\"name\":\"Valgest kullast teemantidega s\u00f5rmus - teemantriba (4,20 ct)\",\"isPartOf\":{\"@id\":\"https:\/\/fashiongold.lt\/et\/#website\"},\"primaryImageOfPage\":{\"@id\":\"https:\/\/fashiongold.lt\/et\/papuosalas\/valgest-kullast-teemantsormus-teemantriba-420-ct\/#primaryimage\"},\"image\":{\"@id\":\"https:\/\/fashiongold.lt\/et\/papuosalas\/valgest-kullast-teemantsormus-teemantriba-420-ct\/#primaryimage\"},\"thumbnailUrl\":\"https:\/\/fashiongold.lt\/wp-content\/uploads\/2025\/10\/6487-afd-Balto-aukso-ziedas-su-deimantais-deimantine-juostele-420-ct.png\",\"datePublished\":\"2025-10-09T19:49:22+00:00\",\"dateModified\":\"2026-02-17T14:00:46+00:00\",\"description\":\"Teemantrida (4,20 ct) \u2013 teemantidega s\u00f5rmus, mis peegeldab paari erilist armastuslugu. Sobib kihluseks, pulmadeks ja muudeks erilisteks s\u00fcndmusteks.\",\"breadcrumb\":{\"@id\":\"https:\/\/fashiongold.lt\/et\/papuosalas\/valgest-kullast-teemantsormus-teemantriba-420-ct\/#breadcrumb\"},\"inLanguage\":\"et\",\"potentialAction\":[{\"@type\":\"ReadAction\",\"target\":[\"https:\/\/fashiongold.lt\/et\/papuosalas\/valgest-kullast-teemantsormus-teemantriba-420-ct\/\"]}]},{\"@type\":\"ImageObject\",\"inLanguage\":\"et\",\"@id\":\"https:\/\/fashiongold.lt\/et\/papuosalas\/valgest-kullast-teemantsormus-teemantriba-420-ct\/#primaryimage\",\"url\":\"https:\/\/fashiongold.lt\/wp-content\/uploads\/2025\/10\/6487-afd-Balto-aukso-ziedas-su-deimantais-deimantine-juostele-420-ct.png\",\"contentUrl\":\"https:\/\/fashiongold.lt\/wp-content\/uploads\/2025\/10\/6487-afd-Balto-aukso-ziedas-su-deimantais-deimantine-juostele-420-ct.png\",\"width\":1000,\"height\":1000},{\"@type\":\"BreadcrumbList\",\"@id\":\"https:\/\/fashiongold.lt\/et\/papuosalas\/valgest-kullast-teemantsormus-teemantriba-420-ct\/#breadcrumb\",\"itemListElement\":[{\"@type\":\"ListItem\",\"position\":1,\"name\":\"Home\",\"item\":\"https:\/\/fashiongold.lt\/et\/\"},{\"@type\":\"ListItem\",\"position\":2,\"name\":\"Teemantide pood Fashiongold.lt\",\"item\":\"https:\/\/fashiongold.lt\/shop-2\/\"},{\"@type\":\"ListItem\",\"position\":3,\"name\":\"Valgest kullast teemants\u00f5rmus \u2013 teemantriba (4,20 ct)\"}]},{\"@type\":\"WebSite\",\"@id\":\"https:\/\/fashiongold.lt\/et\/#website\",\"url\":\"https:\/\/fashiongold.lt\/et\/\",\"name\":\"Fashion Gold\",\"description\":\"Juvelyrikos namai\",\"publisher\":{\"@id\":\"https:\/\/fashiongold.lt\/et\/#organization\"},\"potentialAction\":[{\"@type\":\"SearchAction\",\"target\":{\"@type\":\"EntryPoint\",\"urlTemplate\":\"https:\/\/fashiongold.lt\/et\/?s={search_term_string}\"},\"query-input\":{\"@type\":\"PropertyValueSpecification\",\"valueRequired\":true,\"valueName\":\"search_term_string\"}}],\"inLanguage\":\"et\"},{\"@type\":\"Organization\",\"@id\":\"https:\/\/fashiongold.lt\/et\/#organization\",\"name\":\"Topdiamonds Online\",\"url\":\"https:\/\/fashiongold.lt\/et\/\",\"logo\":{\"@type\":\"ImageObject\",\"inLanguage\":\"et\",\"@id\":\"https:\/\/fashiongold.lt\/et\/#\/schema\/logo\/image\/\",\"url\":\"https:\/\/fashiongold.lt\/wp-content\/uploads\/2025\/04\/cropped-fashion_gold_logotipas2-scaled-1.png\",\"contentUrl\":\"https:\/\/fashiongold.lt\/wp-content\/uploads\/2025\/04\/cropped-fashion_gold_logotipas2-scaled-1.png\",\"width\":2559,\"height\":421,\"caption\":\"Topdiamonds Online\"},\"image\":{\"@id\":\"https:\/\/fashiongold.lt\/et\/#\/schema\/logo\/image\/\"}}]}<\/script>\n<!-- \/ Yoast SEO plugin. -->","yoast_head_json":{"title":"Valgest kullast teemantidega s\u00f5rmus - teemantriba (4,20 ct)","description":"Teemantrida (4,20 ct) \u2013 teemantidega s\u00f5rmus, mis peegeldab paari erilist armastuslugu. Sobib kihluseks, pulmadeks ja muudeks erilisteks s\u00fcndmusteks.","robots":{"index":"index","follow":"follow","max-snippet":"max-snippet:-1","max-image-preview":"max-image-preview:large","max-video-preview":"max-video-preview:-1"},"canonical":"https:\/\/fashiongold.lt\/et\/papuosalas\/valgest-kullast-teemantsormus-teemantriba-420-ct\/","og_locale":"et_EE","og_type":"article","og_title":"Valgest kullast teemantidega s\u00f5rmus - teemantriba (4,20 ct)","og_description":"Teemantrida (4,20 ct) \u2013 teemantidega s\u00f5rmus, mis peegeldab paari erilist armastuslugu. Sobib kihluseks, pulmadeks ja muudeks erilisteks s\u00fcndmusteks.","og_url":"https:\/\/fashiongold.lt\/et\/papuosalas\/valgest-kullast-teemantsormus-teemantriba-420-ct\/","og_site_name":"FashionGold.lt","article_modified_time":"2026-02-17T14:00:46+00:00","og_image":[{"width":1000,"height":1000,"url":"https:\/\/fashiongold.lt\/wp-content\/uploads\/2025\/10\/6487-afd-Balto-aukso-ziedas-su-deimantais-deimantine-juostele-420-ct.webp","type":"image\/png"}],"twitter_card":"summary_large_image","twitter_misc":{"Est. reading time":"1 minut"},"schema":{"@context":"https:\/\/schema.org","@graph":[{"@type":"WebPage","@id":"https:\/\/fashiongold.lt\/et\/papuosalas\/valgest-kullast-teemantsormus-teemantriba-420-ct\/","url":"https:\/\/fashiongold.lt\/et\/papuosalas\/valgest-kullast-teemantsormus-teemantriba-420-ct\/","name":"Valgest kullast teemantidega s\u00f5rmus - teemantriba (4,20 ct)","isPartOf":{"@id":"https:\/\/fashiongold.lt\/et\/#website"},"primaryImageOfPage":{"@id":"https:\/\/fashiongold.lt\/et\/papuosalas\/valgest-kullast-teemantsormus-teemantriba-420-ct\/#primaryimage"},"image":{"@id":"https:\/\/fashiongold.lt\/et\/papuosalas\/valgest-kullast-teemantsormus-teemantriba-420-ct\/#primaryimage"},"thumbnailUrl":"https:\/\/fashiongold.lt\/wp-content\/uploads\/2025\/10\/6487-afd-Balto-aukso-ziedas-su-deimantais-deimantine-juostele-420-ct.png","datePublished":"2025-10-09T19:49:22+00:00","dateModified":"2026-02-17T14:00:46+00:00","description":"Teemantrida (4,20 ct) \u2013 teemantidega s\u00f5rmus, mis peegeldab paari erilist armastuslugu. Sobib kihluseks, pulmadeks ja muudeks erilisteks s\u00fcndmusteks.","breadcrumb":{"@id":"https:\/\/fashiongold.lt\/et\/papuosalas\/valgest-kullast-teemantsormus-teemantriba-420-ct\/#breadcrumb"},"inLanguage":"et","potentialAction":[{"@type":"ReadAction","target":["https:\/\/fashiongold.lt\/et\/papuosalas\/valgest-kullast-teemantsormus-teemantriba-420-ct\/"]}]},{"@type":"ImageObject","inLanguage":"et","@id":"https:\/\/fashiongold.lt\/et\/papuosalas\/valgest-kullast-teemantsormus-teemantriba-420-ct\/#primaryimage","url":"https:\/\/fashiongold.lt\/wp-content\/uploads\/2025\/10\/6487-afd-Balto-aukso-ziedas-su-deimantais-deimantine-juostele-420-ct.png","contentUrl":"https:\/\/fashiongold.lt\/wp-content\/uploads\/2025\/10\/6487-afd-Balto-aukso-ziedas-su-deimantais-deimantine-juostele-420-ct.png","width":1000,"height":1000},{"@type":"BreadcrumbList","@id":"https:\/\/fashiongold.lt\/et\/papuosalas\/valgest-kullast-teemantsormus-teemantriba-420-ct\/#breadcrumb","itemListElement":[{"@type":"ListItem","position":1,"name":"Home","item":"https:\/\/fashiongold.lt\/et\/"},{"@type":"ListItem","position":2,"name":"Teemantide pood Fashiongold.lt","item":"https:\/\/fashiongold.lt\/shop-2\/"},{"@type":"ListItem","position":3,"name":"Valgest kullast teemants\u00f5rmus \u2013 teemantriba (4,20 ct)"}]},{"@type":"WebSite","@id":"https:\/\/fashiongold.lt\/et\/#website","url":"https:\/\/fashiongold.lt\/et\/","name":"Fashion Gold","description":"Juvelyrikos namai","publisher":{"@id":"https:\/\/fashiongold.lt\/et\/#organization"},"potentialAction":[{"@type":"SearchAction","target":{"@type":"EntryPoint","urlTemplate":"https:\/\/fashiongold.lt\/et\/?s={search_term_string}"},"query-input":{"@type":"PropertyValueSpecification","valueRequired":true,"valueName":"search_term_string"}}],"inLanguage":"et"},{"@type":"Organization","@id":"https:\/\/fashiongold.lt\/et\/#organization","name":"Topdiamonds Online","url":"https:\/\/fashiongold.lt\/et\/","logo":{"@type":"ImageObject","inLanguage":"et","@id":"https:\/\/fashiongold.lt\/et\/#\/schema\/logo\/image\/","url":"https:\/\/fashiongold.lt\/wp-content\/uploads\/2025\/04\/cropped-fashion_gold_logotipas2-scaled-1.png","contentUrl":"https:\/\/fashiongold.lt\/wp-content\/uploads\/2025\/04\/cropped-fashion_gold_logotipas2-scaled-1.png","width":2559,"height":421,"caption":"Topdiamonds Online"},"image":{"@id":"https:\/\/fashiongold.lt\/et\/#\/schema\/logo\/image\/"}}]}},"_links":{"self":[{"href":"https:\/\/fashiongold.lt\/et\/wp-json\/wp\/v2\/product\/290948","targetHints":{"allow":["GET"]}}],"collection":[{"href":"https:\/\/fashiongold.lt\/et\/wp-json\/wp\/v2\/product"}],"about":[{"href":"https:\/\/fashiongold.lt\/et\/wp-json\/wp\/v2\/types\/product"}],"version-history":[{"count":0,"href":"https:\/\/fashiongold.lt\/et\/wp-json\/wp\/v2\/product\/290948\/revisions"}],"wp:featuredmedia":[{"embeddable":true,"href":"https:\/\/fashiongold.lt\/et\/wp-json\/wp\/v2\/media\/64502"}],"wp:attachment":[{"href":"https:\/\/fashiongold.lt\/et\/wp-json\/wp\/v2\/media?parent=290948"}],"wp:term":[{"taxonomy":"product_brand","embeddable":true,"href":"https:\/\/fashiongold.lt\/et\/wp-json\/wp\/v2\/product_brand?post=290948"},{"taxonomy":"product_cat","embeddable":true,"href":"https:\/\/fashiongold.lt\/et\/wp-json\/wp\/v2\/product_cat?post=290948"},{"taxonomy":"product_tag","embeddable":true,"href":"https:\/\/fashiongold.lt\/et\/wp-json\/wp\/v2\/product_tag?post=290948"}],"curies":[{"name":"wp","href":"https:\/\/api.w.org\/{rel}","templated":true}]}}