{"id":291133,"date":"2025-10-09T19:36:31","date_gmt":"2025-10-09T19:36:31","guid":{"rendered":"https:\/\/fashiongold.lt\/papuosalas\/briljandiga-sormus-palju-tahti-290-ct\/"},"modified":"2026-02-17T14:09:21","modified_gmt":"2026-02-17T14:09:21","slug":"briljandiga-sormus-palju-tahti-290-ct","status":"publish","type":"product","link":"https:\/\/fashiongold.lt\/et\/papuosalas\/briljandiga-sormus-palju-tahti-290-ct\/","title":{"rendered":"Briljandiga s\u00f5rmus \u201ePalju t\u00e4hti\u201c (2,90 ct)"},"content":{"rendered":"<p>\u00dcha enam naisi valib need s\u00f5rmused abielus\u00f5rmusteks v\u00f5i lisandiks abielus\u00f5rmuse juurde. Samuti on see suurep\u00e4rane kingitus \u2013 et teda \u00fcllatada.<\/p>\n<p>585 prooviga kulds\u00f5rmus, milles on 19 teemanti, mille kogukaal on umbes 2,90 ct (v\u00e4rvus -RW-W, puhtus VS-SI).\u00a0<\/p>\n<p>Saadaval olevad kullav\u00e4rvid &#8211; valge, kollane, punane, roosa.<\/p>\n<p>See hind on m\u00e4rgitud suurustele: 16, 16,5 ja 17. Kui on vaja muud suurust, v\u00f5tame meeleldi vastu tellimuse valmistamiseks.<\/p>\n<p>S\u00f5rmuse kaal on umbes 3-5 grammi, s\u00f5ltuvalt suurusest.<\/p>\n<p>Saame valmistada ka teie kullast &#8211; hinna osas tuleks kokku leppida &#8211; info@fashiongold.lt<\/p>\n","protected":false},"excerpt":{"rendered":"<p><span style=\"color: #374151; font-family: S\u00f6hne, ui-sans-serif, system-ui, -apple-system, 'Segoe UI', Roboto, Ubuntu, Cantarell, 'Noto Sans', sans-serif, 'Helvetica Neue', Arial, 'Apple Color Emoji', 'Segoe UI Emoji', 'Segoe UI Symbol', 'Noto Color Emoji'; font-size: 16px; white-space-collapse: preserve; background-color: #f7f7f8;\">Teemantribad on s\u00e4rav v\u00e4\u00e4riskividega ehe, mis lisab teie v\u00e4limusele elegantsi ja luksust. Need \u00f5rnad ja s\u00e4tendavad ribad on valmistatud k\u00f5rgeima kvaliteediga teemantidest ning neil on erakordne minimalistlik disain, mis v\u00f5lub k\u00f5iki. <\/span><\/p>\n","protected":false},"featured_media":63408,"template":"","meta":{"site-sidebar-layout":"","site-content-layout":"","ast-site-content-layout":"","site-content-style":"","site-sidebar-style":"","ast-global-header-display":"","ast-banner-title-visibility":"","ast-main-header-display":"","ast-hfb-above-header-display":"","ast-hfb-below-header-display":"","ast-hfb-mobile-header-display":"","site-post-title":"","ast-breadcrumbs-content":"","ast-featured-img":"","footer-sml-layout":"","ast-disable-related-posts":"","theme-transparent-header-meta":"","adv-header-id-meta":"","stick-header-meta":"","header-above-stick-meta":"","header-main-stick-meta":"","header-below-stick-meta":"","astra-migrate-meta-layouts":"default","ast-page-background-enabled":"default","ast-page-background-meta":{"desktop":{"background-color":"var(--ast-global-color-4)","background-image":"","background-repeat":"repeat","background-position":"center center","background-size":"auto","background-attachment":"scroll","background-type":"","background-media":"","overlay-type":"","overlay-color":"","overlay-opacity":"","overlay-gradient":""},"tablet":{"background-color":"","background-image":"","background-repeat":"repeat","background-position":"center center","background-size":"auto","background-attachment":"scroll","background-type":"","background-media":"","overlay-type":"","overlay-color":"","overlay-opacity":"","overlay-gradient":""},"mobile":{"background-color":"","background-image":"","background-repeat":"repeat","background-position":"center center","background-size":"auto","background-attachment":"scroll","background-type":"","background-media":"","overlay-type":"","overlay-color":"","overlay-opacity":"","overlay-gradient":""}},"ast-content-background-meta":{"desktop":{"background-color":"var(--ast-global-color-5)","background-image":"","background-repeat":"repeat","background-position":"center center","background-size":"auto","background-attachment":"scroll","background-type":"","background-media":"","overlay-type":"","overlay-color":"","overlay-opacity":"","overlay-gradient":""},"tablet":{"background-color":"var(--ast-global-color-5)","background-image":"","background-repeat":"repeat","background-position":"center center","background-size":"auto","background-attachment":"scroll","background-type":"","background-media":"","overlay-type":"","overlay-color":"","overlay-opacity":"","overlay-gradient":""},"mobile":{"background-color":"var(--ast-global-color-5)","background-image":"","background-repeat":"repeat","background-position":"center center","background-size":"auto","background-attachment":"scroll","background-type":"","background-media":"","overlay-type":"","overlay-color":"","overlay-opacity":"","overlay-gradient":""}}},"product_brand":[],"product_cat":[3058,2830,3422,2829,2822,2824,2845,3466],"product_tag":[],"class_list":{"0":"post-291133","1":"product","2":"type-product","3":"status-publish","4":"has-post-thumbnail","6":"product_cat-ehted","7":"product_cat-emadepaeva-kingitused","8":"product_cat-kihlasormused","9":"product_cat-kingitused-erilisteks-puhkudeks","10":"product_cat-kingitused-naistele","11":"product_cat-kingitused-pulma-aastapaeva-puhul","12":"product_cat-sobrapaeva-kingitused","13":"product_cat-teemantsormused","14":"desktop-align-center","15":"tablet-align-left","16":"mobile-align-left","17":"ast-product-gallery-layout-horizontal-slider","18":"ast-product-gallery-with-no-image","19":"ast-product-single-variable","20":"ast-product-tabs-layout-accordion","21":"ast-qv-on-image","23":"first","24":"instock","25":"taxable","26":"shipping-taxable","27":"purchasable","28":"product-type-variable"},"yoast_head":"<!-- This site is optimized with the Yoast SEO plugin v26.6 - https:\/\/yoast.com\/wordpress\/plugins\/seo\/ -->\n<title>S\u00f5rmus briljandiga \u201ePalju t\u00e4hti\u201c<\/title>\n<meta name=\"description\" content=\"Briljants\u00f5rmus \u201eT\u00e4htede paljusus\u201c on suurep\u00e4rane kingitus naisele kihluse, s\u00fcnnip\u00e4eva, j\u00f5ulude v\u00f5i valentinip\u00e4eva puhul, kes soovib erilist musta teemandiga ehet.\" \/>\n<meta name=\"robots\" content=\"index, follow, max-snippet:-1, max-image-preview:large, max-video-preview:-1\" \/>\n<link rel=\"canonical\" href=\"https:\/\/fashiongold.lt\/et\/papuosalas\/briljandiga-sormus-palju-tahti-290-ct\/\" \/>\n<meta property=\"og:locale\" content=\"et_EE\" \/>\n<meta property=\"og:type\" content=\"article\" \/>\n<meta property=\"og:title\" content=\"S\u00f5rmus briljandiga \u201ePalju t\u00e4hti\u201c\" \/>\n<meta property=\"og:description\" content=\"Briljants\u00f5rmus \u201eT\u00e4htede paljusus\u201c on suurep\u00e4rane kingitus naisele kihluse, s\u00fcnnip\u00e4eva, j\u00f5ulude v\u00f5i valentinip\u00e4eva puhul, kes soovib erilist musta teemandiga ehet.\" \/>\n<meta property=\"og:url\" content=\"https:\/\/fashiongold.lt\/et\/papuosalas\/briljandiga-sormus-palju-tahti-290-ct\/\" \/>\n<meta property=\"og:site_name\" content=\"FashionGold.lt\" \/>\n<meta property=\"article:modified_time\" content=\"2026-02-17T14:09:21+00:00\" \/>\n<meta property=\"og:image\" content=\"https:\/\/fashiongold.lt\/wp-content\/uploads\/2025\/10\/2941-d91-Ziedas-su-briliantu-Daugybe-zvaigzdziu.webp\" \/>\n\t<meta property=\"og:image:width\" content=\"1000\" \/>\n\t<meta property=\"og:image:height\" content=\"1000\" \/>\n\t<meta property=\"og:image:type\" content=\"image\/png\" \/>\n<meta name=\"twitter:card\" content=\"summary_large_image\" \/>\n<script type=\"application\/ld+json\" class=\"yoast-schema-graph\">{\"@context\":\"https:\/\/schema.org\",\"@graph\":[{\"@type\":\"WebPage\",\"@id\":\"https:\/\/fashiongold.lt\/et\/papuosalas\/briljandiga-sormus-palju-tahti-290-ct\/\",\"url\":\"https:\/\/fashiongold.lt\/et\/papuosalas\/briljandiga-sormus-palju-tahti-290-ct\/\",\"name\":\"S\u00f5rmus briljandiga \u201ePalju t\u00e4hti\u201c\",\"isPartOf\":{\"@id\":\"https:\/\/fashiongold.lt\/et\/#website\"},\"primaryImageOfPage\":{\"@id\":\"https:\/\/fashiongold.lt\/et\/papuosalas\/briljandiga-sormus-palju-tahti-290-ct\/#primaryimage\"},\"image\":{\"@id\":\"https:\/\/fashiongold.lt\/et\/papuosalas\/briljandiga-sormus-palju-tahti-290-ct\/#primaryimage\"},\"thumbnailUrl\":\"https:\/\/fashiongold.lt\/wp-content\/uploads\/2025\/10\/2941-d91-Ziedas-su-briliantu-Daugybe-zvaigzdziu.png\",\"datePublished\":\"2025-10-09T19:36:31+00:00\",\"dateModified\":\"2026-02-17T14:09:21+00:00\",\"description\":\"Briljants\u00f5rmus \u201eT\u00e4htede paljusus\u201c on suurep\u00e4rane kingitus naisele kihluse, s\u00fcnnip\u00e4eva, j\u00f5ulude v\u00f5i valentinip\u00e4eva puhul, kes soovib erilist musta teemandiga ehet.\",\"breadcrumb\":{\"@id\":\"https:\/\/fashiongold.lt\/et\/papuosalas\/briljandiga-sormus-palju-tahti-290-ct\/#breadcrumb\"},\"inLanguage\":\"et\",\"potentialAction\":[{\"@type\":\"ReadAction\",\"target\":[\"https:\/\/fashiongold.lt\/et\/papuosalas\/briljandiga-sormus-palju-tahti-290-ct\/\"]}]},{\"@type\":\"ImageObject\",\"inLanguage\":\"et\",\"@id\":\"https:\/\/fashiongold.lt\/et\/papuosalas\/briljandiga-sormus-palju-tahti-290-ct\/#primaryimage\",\"url\":\"https:\/\/fashiongold.lt\/wp-content\/uploads\/2025\/10\/2941-d91-Ziedas-su-briliantu-Daugybe-zvaigzdziu.png\",\"contentUrl\":\"https:\/\/fashiongold.lt\/wp-content\/uploads\/2025\/10\/2941-d91-Ziedas-su-briliantu-Daugybe-zvaigzdziu.png\",\"width\":1000,\"height\":1000},{\"@type\":\"BreadcrumbList\",\"@id\":\"https:\/\/fashiongold.lt\/et\/papuosalas\/briljandiga-sormus-palju-tahti-290-ct\/#breadcrumb\",\"itemListElement\":[{\"@type\":\"ListItem\",\"position\":1,\"name\":\"Home\",\"item\":\"https:\/\/fashiongold.lt\/et\/\"},{\"@type\":\"ListItem\",\"position\":2,\"name\":\"Teemantide pood Fashiongold.lt\",\"item\":\"https:\/\/fashiongold.lt\/shop-2\/\"},{\"@type\":\"ListItem\",\"position\":3,\"name\":\"Briljandiga s\u00f5rmus \u201ePalju t\u00e4hti\u201c (2,90 ct)\"}]},{\"@type\":\"WebSite\",\"@id\":\"https:\/\/fashiongold.lt\/et\/#website\",\"url\":\"https:\/\/fashiongold.lt\/et\/\",\"name\":\"Fashion Gold\",\"description\":\"Juvelyrikos namai\",\"publisher\":{\"@id\":\"https:\/\/fashiongold.lt\/et\/#organization\"},\"potentialAction\":[{\"@type\":\"SearchAction\",\"target\":{\"@type\":\"EntryPoint\",\"urlTemplate\":\"https:\/\/fashiongold.lt\/et\/?s={search_term_string}\"},\"query-input\":{\"@type\":\"PropertyValueSpecification\",\"valueRequired\":true,\"valueName\":\"search_term_string\"}}],\"inLanguage\":\"et\"},{\"@type\":\"Organization\",\"@id\":\"https:\/\/fashiongold.lt\/et\/#organization\",\"name\":\"Topdiamonds Online\",\"url\":\"https:\/\/fashiongold.lt\/et\/\",\"logo\":{\"@type\":\"ImageObject\",\"inLanguage\":\"et\",\"@id\":\"https:\/\/fashiongold.lt\/et\/#\/schema\/logo\/image\/\",\"url\":\"https:\/\/fashiongold.lt\/wp-content\/uploads\/2025\/04\/cropped-fashion_gold_logotipas2-scaled-1.png\",\"contentUrl\":\"https:\/\/fashiongold.lt\/wp-content\/uploads\/2025\/04\/cropped-fashion_gold_logotipas2-scaled-1.png\",\"width\":2559,\"height\":421,\"caption\":\"Topdiamonds Online\"},\"image\":{\"@id\":\"https:\/\/fashiongold.lt\/et\/#\/schema\/logo\/image\/\"}}]}<\/script>\n<!-- \/ Yoast SEO plugin. -->","yoast_head_json":{"title":"S\u00f5rmus briljandiga \u201ePalju t\u00e4hti\u201c","description":"Briljants\u00f5rmus \u201eT\u00e4htede paljusus\u201c on suurep\u00e4rane kingitus naisele kihluse, s\u00fcnnip\u00e4eva, j\u00f5ulude v\u00f5i valentinip\u00e4eva puhul, kes soovib erilist musta teemandiga ehet.","robots":{"index":"index","follow":"follow","max-snippet":"max-snippet:-1","max-image-preview":"max-image-preview:large","max-video-preview":"max-video-preview:-1"},"canonical":"https:\/\/fashiongold.lt\/et\/papuosalas\/briljandiga-sormus-palju-tahti-290-ct\/","og_locale":"et_EE","og_type":"article","og_title":"S\u00f5rmus briljandiga \u201ePalju t\u00e4hti\u201c","og_description":"Briljants\u00f5rmus \u201eT\u00e4htede paljusus\u201c on suurep\u00e4rane kingitus naisele kihluse, s\u00fcnnip\u00e4eva, j\u00f5ulude v\u00f5i valentinip\u00e4eva puhul, kes soovib erilist musta teemandiga ehet.","og_url":"https:\/\/fashiongold.lt\/et\/papuosalas\/briljandiga-sormus-palju-tahti-290-ct\/","og_site_name":"FashionGold.lt","article_modified_time":"2026-02-17T14:09:21+00:00","og_image":[{"width":1000,"height":1000,"url":"https:\/\/fashiongold.lt\/wp-content\/uploads\/2025\/10\/2941-d91-Ziedas-su-briliantu-Daugybe-zvaigzdziu.webp","type":"image\/png"}],"twitter_card":"summary_large_image","schema":{"@context":"https:\/\/schema.org","@graph":[{"@type":"WebPage","@id":"https:\/\/fashiongold.lt\/et\/papuosalas\/briljandiga-sormus-palju-tahti-290-ct\/","url":"https:\/\/fashiongold.lt\/et\/papuosalas\/briljandiga-sormus-palju-tahti-290-ct\/","name":"S\u00f5rmus briljandiga \u201ePalju t\u00e4hti\u201c","isPartOf":{"@id":"https:\/\/fashiongold.lt\/et\/#website"},"primaryImageOfPage":{"@id":"https:\/\/fashiongold.lt\/et\/papuosalas\/briljandiga-sormus-palju-tahti-290-ct\/#primaryimage"},"image":{"@id":"https:\/\/fashiongold.lt\/et\/papuosalas\/briljandiga-sormus-palju-tahti-290-ct\/#primaryimage"},"thumbnailUrl":"https:\/\/fashiongold.lt\/wp-content\/uploads\/2025\/10\/2941-d91-Ziedas-su-briliantu-Daugybe-zvaigzdziu.png","datePublished":"2025-10-09T19:36:31+00:00","dateModified":"2026-02-17T14:09:21+00:00","description":"Briljants\u00f5rmus \u201eT\u00e4htede paljusus\u201c on suurep\u00e4rane kingitus naisele kihluse, s\u00fcnnip\u00e4eva, j\u00f5ulude v\u00f5i valentinip\u00e4eva puhul, kes soovib erilist musta teemandiga ehet.","breadcrumb":{"@id":"https:\/\/fashiongold.lt\/et\/papuosalas\/briljandiga-sormus-palju-tahti-290-ct\/#breadcrumb"},"inLanguage":"et","potentialAction":[{"@type":"ReadAction","target":["https:\/\/fashiongold.lt\/et\/papuosalas\/briljandiga-sormus-palju-tahti-290-ct\/"]}]},{"@type":"ImageObject","inLanguage":"et","@id":"https:\/\/fashiongold.lt\/et\/papuosalas\/briljandiga-sormus-palju-tahti-290-ct\/#primaryimage","url":"https:\/\/fashiongold.lt\/wp-content\/uploads\/2025\/10\/2941-d91-Ziedas-su-briliantu-Daugybe-zvaigzdziu.png","contentUrl":"https:\/\/fashiongold.lt\/wp-content\/uploads\/2025\/10\/2941-d91-Ziedas-su-briliantu-Daugybe-zvaigzdziu.png","width":1000,"height":1000},{"@type":"BreadcrumbList","@id":"https:\/\/fashiongold.lt\/et\/papuosalas\/briljandiga-sormus-palju-tahti-290-ct\/#breadcrumb","itemListElement":[{"@type":"ListItem","position":1,"name":"Home","item":"https:\/\/fashiongold.lt\/et\/"},{"@type":"ListItem","position":2,"name":"Teemantide pood Fashiongold.lt","item":"https:\/\/fashiongold.lt\/shop-2\/"},{"@type":"ListItem","position":3,"name":"Briljandiga s\u00f5rmus \u201ePalju t\u00e4hti\u201c (2,90 ct)"}]},{"@type":"WebSite","@id":"https:\/\/fashiongold.lt\/et\/#website","url":"https:\/\/fashiongold.lt\/et\/","name":"Fashion Gold","description":"Juvelyrikos namai","publisher":{"@id":"https:\/\/fashiongold.lt\/et\/#organization"},"potentialAction":[{"@type":"SearchAction","target":{"@type":"EntryPoint","urlTemplate":"https:\/\/fashiongold.lt\/et\/?s={search_term_string}"},"query-input":{"@type":"PropertyValueSpecification","valueRequired":true,"valueName":"search_term_string"}}],"inLanguage":"et"},{"@type":"Organization","@id":"https:\/\/fashiongold.lt\/et\/#organization","name":"Topdiamonds Online","url":"https:\/\/fashiongold.lt\/et\/","logo":{"@type":"ImageObject","inLanguage":"et","@id":"https:\/\/fashiongold.lt\/et\/#\/schema\/logo\/image\/","url":"https:\/\/fashiongold.lt\/wp-content\/uploads\/2025\/04\/cropped-fashion_gold_logotipas2-scaled-1.png","contentUrl":"https:\/\/fashiongold.lt\/wp-content\/uploads\/2025\/04\/cropped-fashion_gold_logotipas2-scaled-1.png","width":2559,"height":421,"caption":"Topdiamonds Online"},"image":{"@id":"https:\/\/fashiongold.lt\/et\/#\/schema\/logo\/image\/"}}]}},"_links":{"self":[{"href":"https:\/\/fashiongold.lt\/et\/wp-json\/wp\/v2\/product\/291133","targetHints":{"allow":["GET"]}}],"collection":[{"href":"https:\/\/fashiongold.lt\/et\/wp-json\/wp\/v2\/product"}],"about":[{"href":"https:\/\/fashiongold.lt\/et\/wp-json\/wp\/v2\/types\/product"}],"version-history":[{"count":0,"href":"https:\/\/fashiongold.lt\/et\/wp-json\/wp\/v2\/product\/291133\/revisions"}],"wp:featuredmedia":[{"embeddable":true,"href":"https:\/\/fashiongold.lt\/et\/wp-json\/wp\/v2\/media\/63408"}],"wp:attachment":[{"href":"https:\/\/fashiongold.lt\/et\/wp-json\/wp\/v2\/media?parent=291133"}],"wp:term":[{"taxonomy":"product_brand","embeddable":true,"href":"https:\/\/fashiongold.lt\/et\/wp-json\/wp\/v2\/product_brand?post=291133"},{"taxonomy":"product_cat","embeddable":true,"href":"https:\/\/fashiongold.lt\/et\/wp-json\/wp\/v2\/product_cat?post=291133"},{"taxonomy":"product_tag","embeddable":true,"href":"https:\/\/fashiongold.lt\/et\/wp-json\/wp\/v2\/product_tag?post=291133"}],"curies":[{"name":"wp","href":"https:\/\/api.w.org\/{rel}","templated":true}]}}