{"id":291163,"date":"2025-10-09T19:33:33","date_gmt":"2025-10-09T19:33:33","guid":{"rendered":"https:\/\/fashiongold.lt\/papuosalas\/seminar-varvilised-teemandid-millest-soltub-varviliste-teemantide-hind\/"},"modified":"2026-02-17T14:09:48","modified_gmt":"2026-02-17T14:09:48","slug":"seminar-varvilised-teemandid-millest-soltub-varviliste-teemantide-hind","status":"publish","type":"product","link":"https:\/\/fashiongold.lt\/et\/papuosalas\/seminar-varvilised-teemandid-millest-soltub-varviliste-teemantide-hind\/","title":{"rendered":"Seminar \u2013 V\u00e4rvilised teemandid. Millest s\u00f5ltub v\u00e4rviliste teemantide hind?"},"content":{"rendered":"<h2>Seminar &#8211; V\u00e4rvilised teemandid. Millest s\u00f5ltub v\u00e4rviliste teemantide hind?<\/h2>\n<\/p>\n<ul style=\"list-style-type: square;\">\n<li>\n<p>Pakume: kohvi, teed, klaas vahuveini v\u00f5i punast\/valget veini.<\/p>\n<\/li>\n<li>35,00 EUR \/ inimene.<\/li>\n<li>\n<p><span style=\"background-color: #ffffff; color: #1f1f1f; font-family: 'Google Sans', Roboto, sans-serif; font-size: 12px; white-space-collapse: preserve;\">Osalejate arv: 6\u201320 inimest.<\/span><\/p>\n<\/li>\n<li>\n<p><span style=\"background-color: #ffffff; color: #1f1f1f; font-family: 'Google Sans', Roboto, sans-serif; font-size: 12px; white-space-collapse: preserve;\">\u00dcrituse kestus: 1,5 t \u2013 3 t.<\/span><\/p>\n<\/li>\n<li>\n<p><span style=\"background-color: #ffffff; color: #1f1f1f; font-family: 'Google Sans', Roboto, sans-serif; font-size: 12px; white-space-collapse: preserve;\">\u00dcrituse toimumiskoht: <\/span><span style=\"color: #1f1f1f; font-family: Google Sans, Roboto, sans-serif;\"><span style=\"font-size: 12px; white-space-collapse: preserve;\">Fashion Gold kauplus, Pam\u0117nkalnio tn 5, Vilnius v\u00f5i kokkuleppel eraldi telefonil +37061008501 v\u00f5i e-posti teel info@fashiongold.lt.<\/span><\/span><\/p>\n<\/li>\n<li>\n<p><span style=\"color: #1f1f1f; font-family: Google Sans, Roboto, sans-serif;\"><span style=\"font-size: 12px; white-space-collapse: preserve;\">\u00dcrituse kuup\u00e4ev ja kellaaeg: <\/span><span style=\"font-size: 12px; white-space-collapse: preserve;\">lepime kokku eraldi telefonil +37061008501 v\u00f5i e-posti teel info@fashiongold.lt.<\/span><\/span><\/p>\n<\/li>\n<li><span style=\"color: #1f1f1f; font-family: Google Sans, Roboto, sans-serif;\"><span style=\"font-size: 12px; white-space-collapse: preserve;\">T\u00e4psema info saamiseks v\u00f5tke \u00fchendust e-posti teel info@fashiongold.lt v\u00f5i telefonil +37061008501.<\/span><\/span><span style=\"color: #1f1f1f; font-family: Google Sans, Roboto, sans-serif;\"><span style=\"font-size: 12px; white-space-collapse: preserve;\"><\/span><\/span><span style=\"color: #1f1f1f; font-family: Google Sans, Roboto, sans-serif;\"><span style=\"font-size: 12px; white-space-collapse: preserve;\"><\/span><\/span><span style=\"color: #1f1f1f; font-family: Google Sans, Roboto, sans-serif;\"><span style=\"font-size: 12px; white-space-collapse: preserve;\"><\/span><\/span><span style=\"color: #1f1f1f; font-family: Google Sans, Roboto, sans-serif;\"><span style=\"font-size: 12px; white-space-collapse: preserve;\"><\/span><\/span><\/li>\n<\/ul>\n<p><span style=\"color: #1f1f1f; font-family: Google Sans, Roboto, sans-serif;\"><span style=\"font-size: 12px; white-space-collapse: preserve;\"><\/span><\/span><\/p>\n<p><span style=\"color: #1f1f1f; font-family: Google Sans, Roboto, sans-serif;\"><span style=\"font-size: 12px; white-space-collapse: preserve;\">Seda seminari saab l\u00e4bi viia teie poolt valitud asukohas (vastavalt teie soovile).<\/span><\/span><\/p>\n<ul style=\"list-style-type: square;\">\n<li>\n<p><span style=\"color: #1f1f1f; font-family: Google Sans, Roboto, sans-serif;\"><span style=\"font-size: 12px; white-space-collapse: preserve;\">Hind: 250,00 EUR.<\/span><\/span><span style=\"color: #1f1f1f; font-family: Google Sans, Roboto, sans-serif;\"><span style=\"font-size: 12px; white-space-collapse: preserve;\"><\/span><\/span><\/p>\n<\/li>\n<li>\n<p><span style=\"color: #1f1f1f; font-family: Google Sans, Roboto, sans-serif;\"><span style=\"font-size: 12px; white-space-collapse: preserve;\">Osalejate arv: piiramatu.<\/span><\/span><\/p>\n<\/li>\n<li>\n<p><span style=\"background-color: #ffffff; color: #1f1f1f; font-family: 'Google Sans', Roboto, sans-serif; font-size: 12px; white-space-collapse: preserve;\">\u00dcrituse kestus: 1,5 t \u2013 3 t.<\/span><\/p>\n<\/li>\n<li>\n<p><span style=\"color: #1f1f1f; font-family: Google Sans, Roboto, sans-serif;\"><span style=\"font-size: 12px; white-space-collapse: preserve;\">\u00dcrituse kuup\u00e4ev ja kellaaeg: <\/span><span style=\"font-size: 12px; white-space-collapse: preserve;\">lepime kokku eraldi telefonil +37061008501 v\u00f5i e-posti teel info@fashiongold.lt.<\/span><\/span><\/p>\n<\/li>\n<\/ul>\n<p><span style=\"color: #1f1f1f; font-family: Google Sans, Roboto, sans-serif;\"><span style=\"font-size: 12px; white-space-collapse: preserve;\"><\/span><\/span><\/p>\n<p><span style=\"background-color: #ffffff; color: #1f1f1f; font-family: 'Google Sans', Roboto, sans-serif; font-size: 12px; white-space-collapse: preserve;\"><\/span><\/p>\n","protected":false},"excerpt":{"rendered":"<p>V\u00e4rvilised teemandid on luksus ning t\u00e4nap\u00e4eva maailmas justkui stiilidetail. Seet\u00f5ttu soovivad inimesed \u00fcha sagedamini ehtida end millegi ebatavalise, loodusliku ilu ja elegantse s\u00e4raga.<\/p>\n<p>V\u00e4rviliste teemantide m\u00fc\u00fck on viimase 10 aasta jooksul kasvanud kuni 10 korda. Seminari k\u00e4igus tutvustab juveeli- ja v\u00e4\u00e4riskivide ekspert Julija Gerlich p\u00f5hiomadusi, r\u00e4\u00e4gib huvitavaid fakte ning selgitab, miks v\u00e4\u00e4riskivide hinnad nii palju erinevad ja millele t\u00e4helepanu p\u00f6\u00f6rata.<\/p>\n","protected":false},"featured_media":62574,"template":"","meta":{"site-sidebar-layout":"default","site-content-layout":"","ast-site-content-layout":"default","site-content-style":"default","site-sidebar-style":"default","ast-global-header-display":"","ast-banner-title-visibility":"","ast-main-header-display":"","ast-hfb-above-header-display":"","ast-hfb-below-header-display":"","ast-hfb-mobile-header-display":"","site-post-title":"","ast-breadcrumbs-content":"","ast-featured-img":"","footer-sml-layout":"","ast-disable-related-posts":"","theme-transparent-header-meta":"default","adv-header-id-meta":"","stick-header-meta":"","header-above-stick-meta":"","header-main-stick-meta":"","header-below-stick-meta":"","astra-migrate-meta-layouts":"default","ast-page-background-enabled":"default","ast-page-background-meta":{"desktop":{"background-color":"var(--ast-global-color-4)","background-image":"","background-repeat":"repeat","background-position":"center center","background-size":"auto","background-attachment":"scroll","background-type":"","background-media":"","overlay-type":"","overlay-color":"","overlay-opacity":"","overlay-gradient":""},"tablet":{"background-color":"","background-image":"","background-repeat":"repeat","background-position":"center center","background-size":"auto","background-attachment":"scroll","background-type":"","background-media":"","overlay-type":"","overlay-color":"","overlay-opacity":"","overlay-gradient":""},"mobile":{"background-color":"","background-image":"","background-repeat":"repeat","background-position":"center center","background-size":"auto","background-attachment":"scroll","background-type":"","background-media":"","overlay-type":"","overlay-color":"","overlay-opacity":"","overlay-gradient":""}},"ast-content-background-meta":{"desktop":{"background-color":"var(--ast-global-color-5)","background-image":"","background-repeat":"repeat","background-position":"center center","background-size":"auto","background-attachment":"scroll","background-type":"","background-media":"","overlay-type":"","overlay-color":"","overlay-opacity":"","overlay-gradient":""},"tablet":{"background-color":"var(--ast-global-color-5)","background-image":"","background-repeat":"repeat","background-position":"center center","background-size":"auto","background-attachment":"scroll","background-type":"","background-media":"","overlay-type":"","overlay-color":"","overlay-opacity":"","overlay-gradient":""},"mobile":{"background-color":"var(--ast-global-color-5)","background-image":"","background-repeat":"repeat","background-position":"center center","background-size":"auto","background-attachment":"scroll","background-type":"","background-media":"","overlay-type":"","overlay-color":"","overlay-opacity":"","overlay-gradient":""}}},"product_brand":[],"product_cat":[4108],"product_tag":[],"class_list":{"0":"post-291163","1":"product","2":"type-product","3":"status-publish","4":"has-post-thumbnail","6":"product_cat-teemantide-seminarid","7":"desktop-align-center","8":"tablet-align-left","9":"mobile-align-left","10":"ast-product-gallery-layout-horizontal-slider","11":"ast-product-tabs-layout-accordion","12":"ast-qv-on-image","14":"first","15":"instock","16":"taxable","17":"shipping-taxable","18":"purchasable","19":"product-type-simple"},"yoast_head":"<!-- This site is optimized with the Yoast SEO plugin v26.6 - https:\/\/yoast.com\/wordpress\/plugins\/seo\/ -->\n<title>Seminar \u2013 V\u00e4rvilised teemandid. Millest s\u00f5ltub v\u00e4rviliste teemantide hind? - FashionGold.lt<\/title>\n<meta name=\"robots\" content=\"index, follow, max-snippet:-1, max-image-preview:large, max-video-preview:-1\" \/>\n<link rel=\"canonical\" href=\"https:\/\/fashiongold.lt\/et\/papuosalas\/seminar-varvilised-teemandid-millest-soltub-varviliste-teemantide-hind\/\" \/>\n<meta property=\"og:locale\" content=\"et_EE\" \/>\n<meta property=\"og:type\" content=\"article\" \/>\n<meta property=\"og:title\" content=\"Seminar \u2013 V\u00e4rvilised teemandid. Millest s\u00f5ltub v\u00e4rviliste teemantide hind? - FashionGold.lt\" \/>\n<meta property=\"og:description\" content=\"V\u00e4rvilised teemandid on luksus ning t\u00e4nap\u00e4eva maailmas justkui stiilidetail. Seet\u00f5ttu soovivad inimesed \u00fcha sagedamini ehtida end millegi ebatavalise, loodusliku ilu ja elegantse s\u00e4raga. V\u00e4rviliste teemantide m\u00fc\u00fck on viimase 10 aasta jooksul kasvanud kuni 10 korda. Seminari k\u00e4igus tutvustab juveeli- ja v\u00e4\u00e4riskivide ekspert Julija Gerlich p\u00f5hiomadusi, r\u00e4\u00e4gib huvitavaid fakte ning selgitab, miks v\u00e4\u00e4riskivide hinnad nii palju erinevad ja millele t\u00e4helepanu p\u00f6\u00f6rata.\" \/>\n<meta property=\"og:url\" content=\"https:\/\/fashiongold.lt\/et\/papuosalas\/seminar-varvilised-teemandid-millest-soltub-varviliste-teemantide-hind\/\" \/>\n<meta property=\"og:site_name\" content=\"FashionGold.lt\" \/>\n<meta property=\"article:modified_time\" content=\"2026-02-17T14:09:48+00:00\" \/>\n<meta property=\"og:image\" content=\"https:\/\/fashiongold.lt\/wp-content\/uploads\/2025\/10\/2468-5fc-Seminaras-Spalvoti-deimantai.-Nuo-ko-priklauso-spalvotu-deimantu-kaina.webp\" \/>\n\t<meta property=\"og:image:width\" content=\"1000\" \/>\n\t<meta property=\"og:image:height\" content=\"1000\" \/>\n\t<meta property=\"og:image:type\" content=\"image\/png\" \/>\n<meta name=\"twitter:card\" content=\"summary_large_image\" \/>\n<meta name=\"twitter:label1\" content=\"Est. reading time\" \/>\n\t<meta name=\"twitter:data1\" content=\"1 minut\" \/>\n<script type=\"application\/ld+json\" class=\"yoast-schema-graph\">{\"@context\":\"https:\/\/schema.org\",\"@graph\":[{\"@type\":\"WebPage\",\"@id\":\"https:\/\/fashiongold.lt\/et\/papuosalas\/seminar-varvilised-teemandid-millest-soltub-varviliste-teemantide-hind\/\",\"url\":\"https:\/\/fashiongold.lt\/et\/papuosalas\/seminar-varvilised-teemandid-millest-soltub-varviliste-teemantide-hind\/\",\"name\":\"Seminar \u2013 V\u00e4rvilised teemandid. Millest s\u00f5ltub v\u00e4rviliste teemantide hind? - FashionGold.lt\",\"isPartOf\":{\"@id\":\"https:\/\/fashiongold.lt\/et\/#website\"},\"primaryImageOfPage\":{\"@id\":\"https:\/\/fashiongold.lt\/et\/papuosalas\/seminar-varvilised-teemandid-millest-soltub-varviliste-teemantide-hind\/#primaryimage\"},\"image\":{\"@id\":\"https:\/\/fashiongold.lt\/et\/papuosalas\/seminar-varvilised-teemandid-millest-soltub-varviliste-teemantide-hind\/#primaryimage\"},\"thumbnailUrl\":\"https:\/\/fashiongold.lt\/wp-content\/uploads\/2025\/10\/2468-5fc-Seminaras-Spalvoti-deimantai.-Nuo-ko-priklauso-spalvotu-deimantu-kaina.png\",\"datePublished\":\"2025-10-09T19:33:33+00:00\",\"dateModified\":\"2026-02-17T14:09:48+00:00\",\"breadcrumb\":{\"@id\":\"https:\/\/fashiongold.lt\/et\/papuosalas\/seminar-varvilised-teemandid-millest-soltub-varviliste-teemantide-hind\/#breadcrumb\"},\"inLanguage\":\"et\",\"potentialAction\":[{\"@type\":\"ReadAction\",\"target\":[\"https:\/\/fashiongold.lt\/et\/papuosalas\/seminar-varvilised-teemandid-millest-soltub-varviliste-teemantide-hind\/\"]}]},{\"@type\":\"ImageObject\",\"inLanguage\":\"et\",\"@id\":\"https:\/\/fashiongold.lt\/et\/papuosalas\/seminar-varvilised-teemandid-millest-soltub-varviliste-teemantide-hind\/#primaryimage\",\"url\":\"https:\/\/fashiongold.lt\/wp-content\/uploads\/2025\/10\/2468-5fc-Seminaras-Spalvoti-deimantai.-Nuo-ko-priklauso-spalvotu-deimantu-kaina.png\",\"contentUrl\":\"https:\/\/fashiongold.lt\/wp-content\/uploads\/2025\/10\/2468-5fc-Seminaras-Spalvoti-deimantai.-Nuo-ko-priklauso-spalvotu-deimantu-kaina.png\",\"width\":1000,\"height\":1000},{\"@type\":\"BreadcrumbList\",\"@id\":\"https:\/\/fashiongold.lt\/et\/papuosalas\/seminar-varvilised-teemandid-millest-soltub-varviliste-teemantide-hind\/#breadcrumb\",\"itemListElement\":[{\"@type\":\"ListItem\",\"position\":1,\"name\":\"Home\",\"item\":\"https:\/\/fashiongold.lt\/et\/\"},{\"@type\":\"ListItem\",\"position\":2,\"name\":\"Teemantide pood Fashiongold.lt\",\"item\":\"https:\/\/fashiongold.lt\/shop-2\/\"},{\"@type\":\"ListItem\",\"position\":3,\"name\":\"Seminar \u2013 V\u00e4rvilised teemandid. Millest s\u00f5ltub v\u00e4rviliste teemantide hind?\"}]},{\"@type\":\"WebSite\",\"@id\":\"https:\/\/fashiongold.lt\/et\/#website\",\"url\":\"https:\/\/fashiongold.lt\/et\/\",\"name\":\"Fashion Gold\",\"description\":\"Juvelyrikos namai\",\"publisher\":{\"@id\":\"https:\/\/fashiongold.lt\/et\/#organization\"},\"potentialAction\":[{\"@type\":\"SearchAction\",\"target\":{\"@type\":\"EntryPoint\",\"urlTemplate\":\"https:\/\/fashiongold.lt\/et\/?s={search_term_string}\"},\"query-input\":{\"@type\":\"PropertyValueSpecification\",\"valueRequired\":true,\"valueName\":\"search_term_string\"}}],\"inLanguage\":\"et\"},{\"@type\":\"Organization\",\"@id\":\"https:\/\/fashiongold.lt\/et\/#organization\",\"name\":\"Topdiamonds Online\",\"url\":\"https:\/\/fashiongold.lt\/et\/\",\"logo\":{\"@type\":\"ImageObject\",\"inLanguage\":\"et\",\"@id\":\"https:\/\/fashiongold.lt\/et\/#\/schema\/logo\/image\/\",\"url\":\"https:\/\/fashiongold.lt\/wp-content\/uploads\/2025\/04\/cropped-fashion_gold_logotipas2-scaled-1.png\",\"contentUrl\":\"https:\/\/fashiongold.lt\/wp-content\/uploads\/2025\/04\/cropped-fashion_gold_logotipas2-scaled-1.png\",\"width\":2559,\"height\":421,\"caption\":\"Topdiamonds Online\"},\"image\":{\"@id\":\"https:\/\/fashiongold.lt\/et\/#\/schema\/logo\/image\/\"}}]}<\/script>\n<!-- \/ Yoast SEO plugin. -->","yoast_head_json":{"title":"Seminar \u2013 V\u00e4rvilised teemandid. Millest s\u00f5ltub v\u00e4rviliste teemantide hind? - FashionGold.lt","robots":{"index":"index","follow":"follow","max-snippet":"max-snippet:-1","max-image-preview":"max-image-preview:large","max-video-preview":"max-video-preview:-1"},"canonical":"https:\/\/fashiongold.lt\/et\/papuosalas\/seminar-varvilised-teemandid-millest-soltub-varviliste-teemantide-hind\/","og_locale":"et_EE","og_type":"article","og_title":"Seminar \u2013 V\u00e4rvilised teemandid. Millest s\u00f5ltub v\u00e4rviliste teemantide hind? - FashionGold.lt","og_description":"V\u00e4rvilised teemandid on luksus ning t\u00e4nap\u00e4eva maailmas justkui stiilidetail. Seet\u00f5ttu soovivad inimesed \u00fcha sagedamini ehtida end millegi ebatavalise, loodusliku ilu ja elegantse s\u00e4raga. V\u00e4rviliste teemantide m\u00fc\u00fck on viimase 10 aasta jooksul kasvanud kuni 10 korda. Seminari k\u00e4igus tutvustab juveeli- ja v\u00e4\u00e4riskivide ekspert Julija Gerlich p\u00f5hiomadusi, r\u00e4\u00e4gib huvitavaid fakte ning selgitab, miks v\u00e4\u00e4riskivide hinnad nii palju erinevad ja millele t\u00e4helepanu p\u00f6\u00f6rata.","og_url":"https:\/\/fashiongold.lt\/et\/papuosalas\/seminar-varvilised-teemandid-millest-soltub-varviliste-teemantide-hind\/","og_site_name":"FashionGold.lt","article_modified_time":"2026-02-17T14:09:48+00:00","og_image":[{"width":1000,"height":1000,"url":"https:\/\/fashiongold.lt\/wp-content\/uploads\/2025\/10\/2468-5fc-Seminaras-Spalvoti-deimantai.-Nuo-ko-priklauso-spalvotu-deimantu-kaina.webp","type":"image\/png"}],"twitter_card":"summary_large_image","twitter_misc":{"Est. reading time":"1 minut"},"schema":{"@context":"https:\/\/schema.org","@graph":[{"@type":"WebPage","@id":"https:\/\/fashiongold.lt\/et\/papuosalas\/seminar-varvilised-teemandid-millest-soltub-varviliste-teemantide-hind\/","url":"https:\/\/fashiongold.lt\/et\/papuosalas\/seminar-varvilised-teemandid-millest-soltub-varviliste-teemantide-hind\/","name":"Seminar \u2013 V\u00e4rvilised teemandid. Millest s\u00f5ltub v\u00e4rviliste teemantide hind? - FashionGold.lt","isPartOf":{"@id":"https:\/\/fashiongold.lt\/et\/#website"},"primaryImageOfPage":{"@id":"https:\/\/fashiongold.lt\/et\/papuosalas\/seminar-varvilised-teemandid-millest-soltub-varviliste-teemantide-hind\/#primaryimage"},"image":{"@id":"https:\/\/fashiongold.lt\/et\/papuosalas\/seminar-varvilised-teemandid-millest-soltub-varviliste-teemantide-hind\/#primaryimage"},"thumbnailUrl":"https:\/\/fashiongold.lt\/wp-content\/uploads\/2025\/10\/2468-5fc-Seminaras-Spalvoti-deimantai.-Nuo-ko-priklauso-spalvotu-deimantu-kaina.png","datePublished":"2025-10-09T19:33:33+00:00","dateModified":"2026-02-17T14:09:48+00:00","breadcrumb":{"@id":"https:\/\/fashiongold.lt\/et\/papuosalas\/seminar-varvilised-teemandid-millest-soltub-varviliste-teemantide-hind\/#breadcrumb"},"inLanguage":"et","potentialAction":[{"@type":"ReadAction","target":["https:\/\/fashiongold.lt\/et\/papuosalas\/seminar-varvilised-teemandid-millest-soltub-varviliste-teemantide-hind\/"]}]},{"@type":"ImageObject","inLanguage":"et","@id":"https:\/\/fashiongold.lt\/et\/papuosalas\/seminar-varvilised-teemandid-millest-soltub-varviliste-teemantide-hind\/#primaryimage","url":"https:\/\/fashiongold.lt\/wp-content\/uploads\/2025\/10\/2468-5fc-Seminaras-Spalvoti-deimantai.-Nuo-ko-priklauso-spalvotu-deimantu-kaina.png","contentUrl":"https:\/\/fashiongold.lt\/wp-content\/uploads\/2025\/10\/2468-5fc-Seminaras-Spalvoti-deimantai.-Nuo-ko-priklauso-spalvotu-deimantu-kaina.png","width":1000,"height":1000},{"@type":"BreadcrumbList","@id":"https:\/\/fashiongold.lt\/et\/papuosalas\/seminar-varvilised-teemandid-millest-soltub-varviliste-teemantide-hind\/#breadcrumb","itemListElement":[{"@type":"ListItem","position":1,"name":"Home","item":"https:\/\/fashiongold.lt\/et\/"},{"@type":"ListItem","position":2,"name":"Teemantide pood Fashiongold.lt","item":"https:\/\/fashiongold.lt\/shop-2\/"},{"@type":"ListItem","position":3,"name":"Seminar \u2013 V\u00e4rvilised teemandid. Millest s\u00f5ltub v\u00e4rviliste teemantide hind?"}]},{"@type":"WebSite","@id":"https:\/\/fashiongold.lt\/et\/#website","url":"https:\/\/fashiongold.lt\/et\/","name":"Fashion Gold","description":"Juvelyrikos namai","publisher":{"@id":"https:\/\/fashiongold.lt\/et\/#organization"},"potentialAction":[{"@type":"SearchAction","target":{"@type":"EntryPoint","urlTemplate":"https:\/\/fashiongold.lt\/et\/?s={search_term_string}"},"query-input":{"@type":"PropertyValueSpecification","valueRequired":true,"valueName":"search_term_string"}}],"inLanguage":"et"},{"@type":"Organization","@id":"https:\/\/fashiongold.lt\/et\/#organization","name":"Topdiamonds Online","url":"https:\/\/fashiongold.lt\/et\/","logo":{"@type":"ImageObject","inLanguage":"et","@id":"https:\/\/fashiongold.lt\/et\/#\/schema\/logo\/image\/","url":"https:\/\/fashiongold.lt\/wp-content\/uploads\/2025\/04\/cropped-fashion_gold_logotipas2-scaled-1.png","contentUrl":"https:\/\/fashiongold.lt\/wp-content\/uploads\/2025\/04\/cropped-fashion_gold_logotipas2-scaled-1.png","width":2559,"height":421,"caption":"Topdiamonds Online"},"image":{"@id":"https:\/\/fashiongold.lt\/et\/#\/schema\/logo\/image\/"}}]}},"_links":{"self":[{"href":"https:\/\/fashiongold.lt\/et\/wp-json\/wp\/v2\/product\/291163","targetHints":{"allow":["GET"]}}],"collection":[{"href":"https:\/\/fashiongold.lt\/et\/wp-json\/wp\/v2\/product"}],"about":[{"href":"https:\/\/fashiongold.lt\/et\/wp-json\/wp\/v2\/types\/product"}],"version-history":[{"count":0,"href":"https:\/\/fashiongold.lt\/et\/wp-json\/wp\/v2\/product\/291163\/revisions"}],"wp:featuredmedia":[{"embeddable":true,"href":"https:\/\/fashiongold.lt\/et\/wp-json\/wp\/v2\/media\/62574"}],"wp:attachment":[{"href":"https:\/\/fashiongold.lt\/et\/wp-json\/wp\/v2\/media?parent=291163"}],"wp:term":[{"taxonomy":"product_brand","embeddable":true,"href":"https:\/\/fashiongold.lt\/et\/wp-json\/wp\/v2\/product_brand?post=291163"},{"taxonomy":"product_cat","embeddable":true,"href":"https:\/\/fashiongold.lt\/et\/wp-json\/wp\/v2\/product_cat?post=291163"},{"taxonomy":"product_tag","embeddable":true,"href":"https:\/\/fashiongold.lt\/et\/wp-json\/wp\/v2\/product_tag?post=291163"}],"curies":[{"name":"wp","href":"https:\/\/api.w.org\/{rel}","templated":true}]}}