{"id":291173,"date":"2025-10-09T19:33:33","date_gmt":"2025-10-09T19:33:33","guid":{"rendered":"https:\/\/fashiongold.lt\/papuosalas\/seminar-ettevotetele-vaariskividest\/"},"modified":"2026-02-17T14:09:53","modified_gmt":"2026-02-17T14:09:53","slug":"seminar-ettevotetele-vaariskividest","status":"publish","type":"product","link":"https:\/\/fashiongold.lt\/et\/papuosalas\/seminar-ettevotetele-vaariskividest\/","title":{"rendered":"Seminar \u2013 ettev\u00f5tetele v\u00e4\u00e4riskividest"},"content":{"rendered":"<h2>Seminar &#8211; Ettev\u00f5tetele v\u00e4\u00e4riskividest<\/h2>\n<\/p>\n<ul style=\"list-style-type: square;\">\n<li>\n<pre>Saate valida soovitud seminari teema: <\/pre>\n<ol>\n<li>\n<pre>Teemandi ajalugu v\u00f5i millest s\u00f5ltub teemandi hind.\u00a0<\/pre>\n<\/li>\n<li>\n<pre>Teemandid ja \u0161ampanja.<\/pre>\n<\/li>\n<li>\n<pre>V\u00e4\u00e4riskivid. Safiir. Rubiini. Smaragd. Millest s\u00f5ltub v\u00e4\u00e4riskivi hind?<\/pre>\n<\/li>\n<li>\n<pre>P\u00e4rlite saladus. See salap\u00e4rane p\u00e4rlite s\u00e4ra... Igal \u00fchel erinev..<\/pre>\n<\/li>\n<\/ol>\n<\/li>\n<li>\n<pre><span style=\"background-color: #ffffff; color: #1f1f1f; font-family: 'Google Sans', Roboto, sans-serif; font-size: 12px; white-space-collapse: preserve;\">Osalejate arv: piiramatu.<\/span><\/pre>\n<\/li>\n<li>\n<pre><span style=\"background-color: #ffffff; color: #1f1f1f; font-family: 'Google Sans', Roboto, sans-serif; font-size: 12px; white-space-collapse: preserve;\">Kestus: 1,5 t - 3 t.<\/span><\/pre>\n<\/li>\n<li>\n<pre><span style=\"background-color: #ffffff; color: #1f1f1f; font-family: 'Google Sans', Roboto, sans-serif; font-size: 12px; white-space-collapse: preserve;\">Koht: k<\/span><span style=\"color: #1f1f1f; font-family: Google Sans, Roboto, sans-serif;\"><span style=\"font-size: 12px; white-space-collapse: preserve;\">okkuleppel individuaalselt +37061008501 v\u00f5i e-posti teel info@fashiongold.lt.<\/span><\/span><\/pre>\n<\/li>\n<li>\n<pre><span style=\"color: #1f1f1f; font-family: Google Sans, Roboto, sans-serif;\"><span style=\"font-size: 12px; white-space-collapse: preserve;\">Kuup\u00e4ev ja aeg: k<\/span><span style=\"font-size: 12px; white-space-collapse: preserve;\">okkuleppel individuaalselt +37061008501 v\u00f5i e-posti teel info@fashiongold.lt.<\/span><\/span><\/pre>\n<\/li>\n<li>\n<pre><span style=\"color: #1f1f1f; font-family: Google Sans, Roboto, sans-serif;\"><span style=\"font-size: 12px; white-space-collapse: preserve;\">T\u00e4psema info saamiseks v\u00f5tke \u00fchendust e-posti teel info@fashiongold.lt v\u00f5i +37061008501.<\/span><\/span><\/pre>\n<\/li>\n<\/ul>\n<p><span style=\"color: #1f1f1f; font-family: Google Sans, Roboto, sans-serif;\"><span style=\"font-size: 12px; white-space-collapse: preserve;\"><\/span><\/span><\/p>\n<p><span style=\"background-color: #ffffff; color: #1f1f1f; font-family: 'Google Sans', Roboto, sans-serif; font-size: 12px; white-space-collapse: preserve;\"><\/span><\/p>\n","protected":false},"excerpt":{"rendered":"<p>Teemandid? Safiirid? P\u00e4rlid? Ehted? Tundub olevat selge, et need on &#8220;naiste parimad s\u00f5brad&#8221;, et need \u00f5hkavad elegantsi ja ilu, kuid kuidas \u00e4ra tunda, kas see on ehtne? Kas k\u00f5ik, mis hiilgab, on v\u00e4\u00e4riskivid? Selle k\u00fcsimusega puutuvad elus kokku nii mehed kui naised. <\/p>\n<p>Seet\u00f5ttu kutsume teid sellega l\u00e4hemalt tutvuma. Juveeli- ja v\u00e4\u00e4riskiviekspert Julija Gerlich r\u00e4\u00e4gib, kuidas v\u00e4\u00e4riskivid tekkisid. Samuti tutvustab ta peamisi omadusi, r\u00e4\u00e4gib huvitavaid fakte ja selgitab, miks v\u00e4\u00e4riskivide hinnad erinevad ning millele t\u00e4helepanu p\u00f6\u00f6rata.<\/p><\/p>\n","protected":false},"featured_media":62560,"template":"","meta":{"site-sidebar-layout":"default","site-content-layout":"","ast-site-content-layout":"default","site-content-style":"default","site-sidebar-style":"default","ast-global-header-display":"","ast-banner-title-visibility":"","ast-main-header-display":"","ast-hfb-above-header-display":"","ast-hfb-below-header-display":"","ast-hfb-mobile-header-display":"","site-post-title":"","ast-breadcrumbs-content":"","ast-featured-img":"","footer-sml-layout":"","ast-disable-related-posts":"","theme-transparent-header-meta":"default","adv-header-id-meta":"","stick-header-meta":"","header-above-stick-meta":"","header-main-stick-meta":"","header-below-stick-meta":"","astra-migrate-meta-layouts":"default","ast-page-background-enabled":"default","ast-page-background-meta":{"desktop":{"background-color":"var(--ast-global-color-4)","background-image":"","background-repeat":"repeat","background-position":"center center","background-size":"auto","background-attachment":"scroll","background-type":"","background-media":"","overlay-type":"","overlay-color":"","overlay-opacity":"","overlay-gradient":""},"tablet":{"background-color":"","background-image":"","background-repeat":"repeat","background-position":"center center","background-size":"auto","background-attachment":"scroll","background-type":"","background-media":"","overlay-type":"","overlay-color":"","overlay-opacity":"","overlay-gradient":""},"mobile":{"background-color":"","background-image":"","background-repeat":"repeat","background-position":"center center","background-size":"auto","background-attachment":"scroll","background-type":"","background-media":"","overlay-type":"","overlay-color":"","overlay-opacity":"","overlay-gradient":""}},"ast-content-background-meta":{"desktop":{"background-color":"var(--ast-global-color-5)","background-image":"","background-repeat":"repeat","background-position":"center center","background-size":"auto","background-attachment":"scroll","background-type":"","background-media":"","overlay-type":"","overlay-color":"","overlay-opacity":"","overlay-gradient":""},"tablet":{"background-color":"var(--ast-global-color-5)","background-image":"","background-repeat":"repeat","background-position":"center center","background-size":"auto","background-attachment":"scroll","background-type":"","background-media":"","overlay-type":"","overlay-color":"","overlay-opacity":"","overlay-gradient":""},"mobile":{"background-color":"var(--ast-global-color-5)","background-image":"","background-repeat":"repeat","background-position":"center center","background-size":"auto","background-attachment":"scroll","background-type":"","background-media":"","overlay-type":"","overlay-color":"","overlay-opacity":"","overlay-gradient":""}}},"product_brand":[],"product_cat":[3452,3055,3450,2843,3448,2847,4108],"product_tag":[],"class_list":{"0":"post-291173","1":"product","2":"type-product","3":"status-publish","4":"has-post-thumbnail","6":"product_cat-punane-vaariskivi","7":"product_cat-punaste-vaariskividega-ehted","8":"product_cat-rubiin-rubiinidega-ehted","9":"product_cat-safiir-ehted-safiiridega","10":"product_cat-sinine-vaariskivi","11":"product_cat-siniste-vaariskividega-ehted","12":"product_cat-teemantide-seminarid","13":"desktop-align-center","14":"tablet-align-left","15":"mobile-align-left","16":"ast-product-gallery-layout-horizontal-slider","17":"ast-product-tabs-layout-accordion","18":"ast-qv-on-image","20":"first","21":"instock","22":"taxable","23":"shipping-taxable","24":"purchasable","25":"product-type-simple"},"yoast_head":"<!-- This site is optimized with the Yoast SEO plugin v26.6 - https:\/\/yoast.com\/wordpress\/plugins\/seo\/ -->\n<title>Seminar \u2013 ettev\u00f5tetele v\u00e4\u00e4riskividest - FashionGold.lt<\/title>\n<meta name=\"robots\" content=\"index, follow, max-snippet:-1, max-image-preview:large, max-video-preview:-1\" \/>\n<link rel=\"canonical\" href=\"https:\/\/fashiongold.lt\/et\/papuosalas\/seminar-ettevotetele-vaariskividest\/\" \/>\n<meta property=\"og:locale\" content=\"et_EE\" \/>\n<meta property=\"og:type\" content=\"article\" \/>\n<meta property=\"og:title\" content=\"Seminar \u2013 ettev\u00f5tetele v\u00e4\u00e4riskividest - FashionGold.lt\" \/>\n<meta property=\"og:description\" content=\"Teemandid? Safiirid? P\u00e4rlid? Ehted? Tundub olevat selge, et need on &quot;naiste parimad s\u00f5brad&quot;, et need \u00f5hkavad elegantsi ja ilu, kuid kuidas \u00e4ra tunda, kas see on ehtne? Kas k\u00f5ik, mis hiilgab, on v\u00e4\u00e4riskivid? Selle k\u00fcsimusega puutuvad elus kokku nii mehed kui naised. Seet\u00f5ttu kutsume teid sellega l\u00e4hemalt tutvuma. Juveeli- ja v\u00e4\u00e4riskiviekspert Julija Gerlich r\u00e4\u00e4gib, kuidas v\u00e4\u00e4riskivid tekkisid. Samuti tutvustab ta peamisi omadusi, r\u00e4\u00e4gib huvitavaid fakte ja selgitab, miks v\u00e4\u00e4riskivide hinnad erinevad ning millele t\u00e4helepanu p\u00f6\u00f6rata.\" \/>\n<meta property=\"og:url\" content=\"https:\/\/fashiongold.lt\/et\/papuosalas\/seminar-ettevotetele-vaariskividest\/\" \/>\n<meta property=\"og:site_name\" content=\"FashionGold.lt\" \/>\n<meta property=\"article:modified_time\" content=\"2026-02-17T14:09:53+00:00\" \/>\n<meta property=\"og:image\" content=\"https:\/\/fashiongold.lt\/wp-content\/uploads\/2025\/10\/2470-2c9-Seminaras-Imonems-apie-brangakmenius.webp\" \/>\n\t<meta property=\"og:image:width\" content=\"1000\" \/>\n\t<meta property=\"og:image:height\" content=\"1000\" \/>\n\t<meta property=\"og:image:type\" content=\"image\/png\" \/>\n<meta name=\"twitter:card\" content=\"summary_large_image\" \/>\n<script type=\"application\/ld+json\" class=\"yoast-schema-graph\">{\"@context\":\"https:\/\/schema.org\",\"@graph\":[{\"@type\":\"WebPage\",\"@id\":\"https:\/\/fashiongold.lt\/et\/papuosalas\/seminar-ettevotetele-vaariskividest\/\",\"url\":\"https:\/\/fashiongold.lt\/et\/papuosalas\/seminar-ettevotetele-vaariskividest\/\",\"name\":\"Seminar \u2013 ettev\u00f5tetele v\u00e4\u00e4riskividest - FashionGold.lt\",\"isPartOf\":{\"@id\":\"https:\/\/fashiongold.lt\/et\/#website\"},\"primaryImageOfPage\":{\"@id\":\"https:\/\/fashiongold.lt\/et\/papuosalas\/seminar-ettevotetele-vaariskividest\/#primaryimage\"},\"image\":{\"@id\":\"https:\/\/fashiongold.lt\/et\/papuosalas\/seminar-ettevotetele-vaariskividest\/#primaryimage\"},\"thumbnailUrl\":\"https:\/\/fashiongold.lt\/wp-content\/uploads\/2025\/10\/2470-2c9-Seminaras-Imonems-apie-brangakmenius.png\",\"datePublished\":\"2025-10-09T19:33:33+00:00\",\"dateModified\":\"2026-02-17T14:09:53+00:00\",\"breadcrumb\":{\"@id\":\"https:\/\/fashiongold.lt\/et\/papuosalas\/seminar-ettevotetele-vaariskividest\/#breadcrumb\"},\"inLanguage\":\"et\",\"potentialAction\":[{\"@type\":\"ReadAction\",\"target\":[\"https:\/\/fashiongold.lt\/et\/papuosalas\/seminar-ettevotetele-vaariskividest\/\"]}]},{\"@type\":\"ImageObject\",\"inLanguage\":\"et\",\"@id\":\"https:\/\/fashiongold.lt\/et\/papuosalas\/seminar-ettevotetele-vaariskividest\/#primaryimage\",\"url\":\"https:\/\/fashiongold.lt\/wp-content\/uploads\/2025\/10\/2470-2c9-Seminaras-Imonems-apie-brangakmenius.png\",\"contentUrl\":\"https:\/\/fashiongold.lt\/wp-content\/uploads\/2025\/10\/2470-2c9-Seminaras-Imonems-apie-brangakmenius.png\",\"width\":1000,\"height\":1000},{\"@type\":\"BreadcrumbList\",\"@id\":\"https:\/\/fashiongold.lt\/et\/papuosalas\/seminar-ettevotetele-vaariskividest\/#breadcrumb\",\"itemListElement\":[{\"@type\":\"ListItem\",\"position\":1,\"name\":\"Home\",\"item\":\"https:\/\/fashiongold.lt\/et\/\"},{\"@type\":\"ListItem\",\"position\":2,\"name\":\"Teemantide pood Fashiongold.lt\",\"item\":\"https:\/\/fashiongold.lt\/shop-2\/\"},{\"@type\":\"ListItem\",\"position\":3,\"name\":\"Seminar \u2013 ettev\u00f5tetele v\u00e4\u00e4riskividest\"}]},{\"@type\":\"WebSite\",\"@id\":\"https:\/\/fashiongold.lt\/et\/#website\",\"url\":\"https:\/\/fashiongold.lt\/et\/\",\"name\":\"Fashion Gold\",\"description\":\"Juvelyrikos namai\",\"publisher\":{\"@id\":\"https:\/\/fashiongold.lt\/et\/#organization\"},\"potentialAction\":[{\"@type\":\"SearchAction\",\"target\":{\"@type\":\"EntryPoint\",\"urlTemplate\":\"https:\/\/fashiongold.lt\/et\/?s={search_term_string}\"},\"query-input\":{\"@type\":\"PropertyValueSpecification\",\"valueRequired\":true,\"valueName\":\"search_term_string\"}}],\"inLanguage\":\"et\"},{\"@type\":\"Organization\",\"@id\":\"https:\/\/fashiongold.lt\/et\/#organization\",\"name\":\"Topdiamonds Online\",\"url\":\"https:\/\/fashiongold.lt\/et\/\",\"logo\":{\"@type\":\"ImageObject\",\"inLanguage\":\"et\",\"@id\":\"https:\/\/fashiongold.lt\/et\/#\/schema\/logo\/image\/\",\"url\":\"https:\/\/fashiongold.lt\/wp-content\/uploads\/2025\/04\/cropped-fashion_gold_logotipas2-scaled-1.png\",\"contentUrl\":\"https:\/\/fashiongold.lt\/wp-content\/uploads\/2025\/04\/cropped-fashion_gold_logotipas2-scaled-1.png\",\"width\":2559,\"height\":421,\"caption\":\"Topdiamonds Online\"},\"image\":{\"@id\":\"https:\/\/fashiongold.lt\/et\/#\/schema\/logo\/image\/\"}}]}<\/script>\n<!-- \/ Yoast SEO plugin. -->","yoast_head_json":{"title":"Seminar \u2013 ettev\u00f5tetele v\u00e4\u00e4riskividest - FashionGold.lt","robots":{"index":"index","follow":"follow","max-snippet":"max-snippet:-1","max-image-preview":"max-image-preview:large","max-video-preview":"max-video-preview:-1"},"canonical":"https:\/\/fashiongold.lt\/et\/papuosalas\/seminar-ettevotetele-vaariskividest\/","og_locale":"et_EE","og_type":"article","og_title":"Seminar \u2013 ettev\u00f5tetele v\u00e4\u00e4riskividest - FashionGold.lt","og_description":"Teemandid? Safiirid? P\u00e4rlid? Ehted? Tundub olevat selge, et need on \"naiste parimad s\u00f5brad\", et need \u00f5hkavad elegantsi ja ilu, kuid kuidas \u00e4ra tunda, kas see on ehtne? Kas k\u00f5ik, mis hiilgab, on v\u00e4\u00e4riskivid? Selle k\u00fcsimusega puutuvad elus kokku nii mehed kui naised. Seet\u00f5ttu kutsume teid sellega l\u00e4hemalt tutvuma. Juveeli- ja v\u00e4\u00e4riskiviekspert Julija Gerlich r\u00e4\u00e4gib, kuidas v\u00e4\u00e4riskivid tekkisid. Samuti tutvustab ta peamisi omadusi, r\u00e4\u00e4gib huvitavaid fakte ja selgitab, miks v\u00e4\u00e4riskivide hinnad erinevad ning millele t\u00e4helepanu p\u00f6\u00f6rata.","og_url":"https:\/\/fashiongold.lt\/et\/papuosalas\/seminar-ettevotetele-vaariskividest\/","og_site_name":"FashionGold.lt","article_modified_time":"2026-02-17T14:09:53+00:00","og_image":[{"width":1000,"height":1000,"url":"https:\/\/fashiongold.lt\/wp-content\/uploads\/2025\/10\/2470-2c9-Seminaras-Imonems-apie-brangakmenius.webp","type":"image\/png"}],"twitter_card":"summary_large_image","schema":{"@context":"https:\/\/schema.org","@graph":[{"@type":"WebPage","@id":"https:\/\/fashiongold.lt\/et\/papuosalas\/seminar-ettevotetele-vaariskividest\/","url":"https:\/\/fashiongold.lt\/et\/papuosalas\/seminar-ettevotetele-vaariskividest\/","name":"Seminar \u2013 ettev\u00f5tetele v\u00e4\u00e4riskividest - FashionGold.lt","isPartOf":{"@id":"https:\/\/fashiongold.lt\/et\/#website"},"primaryImageOfPage":{"@id":"https:\/\/fashiongold.lt\/et\/papuosalas\/seminar-ettevotetele-vaariskividest\/#primaryimage"},"image":{"@id":"https:\/\/fashiongold.lt\/et\/papuosalas\/seminar-ettevotetele-vaariskividest\/#primaryimage"},"thumbnailUrl":"https:\/\/fashiongold.lt\/wp-content\/uploads\/2025\/10\/2470-2c9-Seminaras-Imonems-apie-brangakmenius.png","datePublished":"2025-10-09T19:33:33+00:00","dateModified":"2026-02-17T14:09:53+00:00","breadcrumb":{"@id":"https:\/\/fashiongold.lt\/et\/papuosalas\/seminar-ettevotetele-vaariskividest\/#breadcrumb"},"inLanguage":"et","potentialAction":[{"@type":"ReadAction","target":["https:\/\/fashiongold.lt\/et\/papuosalas\/seminar-ettevotetele-vaariskividest\/"]}]},{"@type":"ImageObject","inLanguage":"et","@id":"https:\/\/fashiongold.lt\/et\/papuosalas\/seminar-ettevotetele-vaariskividest\/#primaryimage","url":"https:\/\/fashiongold.lt\/wp-content\/uploads\/2025\/10\/2470-2c9-Seminaras-Imonems-apie-brangakmenius.png","contentUrl":"https:\/\/fashiongold.lt\/wp-content\/uploads\/2025\/10\/2470-2c9-Seminaras-Imonems-apie-brangakmenius.png","width":1000,"height":1000},{"@type":"BreadcrumbList","@id":"https:\/\/fashiongold.lt\/et\/papuosalas\/seminar-ettevotetele-vaariskividest\/#breadcrumb","itemListElement":[{"@type":"ListItem","position":1,"name":"Home","item":"https:\/\/fashiongold.lt\/et\/"},{"@type":"ListItem","position":2,"name":"Teemantide pood Fashiongold.lt","item":"https:\/\/fashiongold.lt\/shop-2\/"},{"@type":"ListItem","position":3,"name":"Seminar \u2013 ettev\u00f5tetele v\u00e4\u00e4riskividest"}]},{"@type":"WebSite","@id":"https:\/\/fashiongold.lt\/et\/#website","url":"https:\/\/fashiongold.lt\/et\/","name":"Fashion Gold","description":"Juvelyrikos namai","publisher":{"@id":"https:\/\/fashiongold.lt\/et\/#organization"},"potentialAction":[{"@type":"SearchAction","target":{"@type":"EntryPoint","urlTemplate":"https:\/\/fashiongold.lt\/et\/?s={search_term_string}"},"query-input":{"@type":"PropertyValueSpecification","valueRequired":true,"valueName":"search_term_string"}}],"inLanguage":"et"},{"@type":"Organization","@id":"https:\/\/fashiongold.lt\/et\/#organization","name":"Topdiamonds Online","url":"https:\/\/fashiongold.lt\/et\/","logo":{"@type":"ImageObject","inLanguage":"et","@id":"https:\/\/fashiongold.lt\/et\/#\/schema\/logo\/image\/","url":"https:\/\/fashiongold.lt\/wp-content\/uploads\/2025\/04\/cropped-fashion_gold_logotipas2-scaled-1.png","contentUrl":"https:\/\/fashiongold.lt\/wp-content\/uploads\/2025\/04\/cropped-fashion_gold_logotipas2-scaled-1.png","width":2559,"height":421,"caption":"Topdiamonds Online"},"image":{"@id":"https:\/\/fashiongold.lt\/et\/#\/schema\/logo\/image\/"}}]}},"_links":{"self":[{"href":"https:\/\/fashiongold.lt\/et\/wp-json\/wp\/v2\/product\/291173","targetHints":{"allow":["GET"]}}],"collection":[{"href":"https:\/\/fashiongold.lt\/et\/wp-json\/wp\/v2\/product"}],"about":[{"href":"https:\/\/fashiongold.lt\/et\/wp-json\/wp\/v2\/types\/product"}],"version-history":[{"count":0,"href":"https:\/\/fashiongold.lt\/et\/wp-json\/wp\/v2\/product\/291173\/revisions"}],"wp:featuredmedia":[{"embeddable":true,"href":"https:\/\/fashiongold.lt\/et\/wp-json\/wp\/v2\/media\/62560"}],"wp:attachment":[{"href":"https:\/\/fashiongold.lt\/et\/wp-json\/wp\/v2\/media?parent=291173"}],"wp:term":[{"taxonomy":"product_brand","embeddable":true,"href":"https:\/\/fashiongold.lt\/et\/wp-json\/wp\/v2\/product_brand?post=291173"},{"taxonomy":"product_cat","embeddable":true,"href":"https:\/\/fashiongold.lt\/et\/wp-json\/wp\/v2\/product_cat?post=291173"},{"taxonomy":"product_tag","embeddable":true,"href":"https:\/\/fashiongold.lt\/et\/wp-json\/wp\/v2\/product_tag?post=291173"}],"curies":[{"name":"wp","href":"https:\/\/api.w.org\/{rel}","templated":true}]}}