{"id":291288,"date":"2025-10-09T19:33:32","date_gmt":"2025-10-09T19:33:32","guid":{"rendered":"https:\/\/fashiongold.lt\/papuosalas\/seminar-teemandid-ja-sampanja\/"},"modified":"2026-02-17T14:10:30","modified_gmt":"2026-02-17T14:10:30","slug":"seminar-teemandid-ja-sampanja","status":"publish","type":"product","link":"https:\/\/fashiongold.lt\/et\/toode\/seminar-teemandid-ja-sampanja\/","title":{"rendered":"Seminar \u2013 Teemandid ja \u0161ampanja"},"content":{"rendered":"<h2>Seminar &#8211; Teemandid ja \u0161ampanja<\/h2>\n<ul style=\"list-style-type: square;\">\n<li>\n<p>Pakume: mitut sorti \u0161ampanjat.<\/p>\n<\/li>\n<li>45,00 Eur \/ inimene.<\/li>\n<li>\n<p><span style=\"background-color: #ffffff; color: #1f1f1f; font-family: 'Google Sans', Roboto, sans-serif; font-size: 12px; white-space-collapse: preserve;\">Osalejate arv: 6 &#8211; 20 inimest.<\/span><\/p>\n<\/li>\n<li>\n<p><span style=\"background-color: #ffffff; color: #1f1f1f; font-family: 'Google Sans', Roboto, sans-serif; font-size: 12px; white-space-collapse: preserve;\">Peo kestus: 1,5 tundi &#8211; 3 tundi.<\/span><\/p>\n<\/li>\n<li>\n<p><span style=\"background-color: #ffffff; color: #1f1f1f; font-family: 'Google Sans', Roboto, sans-serif; font-size: 12px; white-space-collapse: preserve;\">Peo koht: <\/span><span style=\"color: #1f1f1f; font-family: Google Sans, Roboto, sans-serif;\"><span style=\"font-size: 12px; white-space-collapse: preserve;\">Fashion Gold kauplus, Pam\u0117nkalnio tn 5, Vilnius v\u00f5i kokkuleppel telefonil +37061008501 v\u00f5i e-posti teel info@fashiongold.lt.<\/span><\/span><\/p>\n<\/li>\n<li>\n<p><span style=\"color: #1f1f1f; font-family: Google Sans, Roboto, sans-serif;\"><span style=\"font-size: 12px; white-space-collapse: preserve;\">Peo kuup\u00e4ev ja kellaaeg: <\/span><span style=\"font-size: 12px; white-space-collapse: preserve;\">lepime kokku individuaalselt telefonil +37061008501 v\u00f5i e-posti teel info@fashiongold.lt.<\/span><\/span><\/p>\n<\/li>\n<li><span style=\"color: #1f1f1f; font-family: Google Sans, Roboto, sans-serif;\"><span style=\"font-size: 12px; white-space-collapse: preserve;\">T\u00e4psema info saamiseks v\u00f5ite v\u00f5tta \u00fchendust e-posti teel info@fashiongold.lt v\u00f5i telefonil +37061008501.<\/span><\/span><span style=\"color: #1f1f1f; font-family: Google Sans, Roboto, sans-serif;\"><span style=\"font-size: 12px; white-space-collapse: preserve;\"><\/span><\/span><span style=\"color: #1f1f1f; font-family: Google Sans, Roboto, sans-serif;\"><span style=\"font-size: 12px; white-space-collapse: preserve;\"><\/span><\/span><\/li>\n<\/ul>\n<p><span style=\"color: #1f1f1f; font-family: Google Sans, Roboto, sans-serif;\"><span style=\"font-size: 12px; white-space-collapse: preserve;\"><\/span><\/span><\/p>\n<p><span style=\"color: #1f1f1f; font-family: Google Sans, Roboto, sans-serif;\"><span style=\"font-size: 12px; white-space-collapse: preserve;\">Seda seminari saab l\u00e4bi viia teie poolt soovitud asukohas (vastavalt teie soovile).<\/span><\/span><\/p>\n<ul style=\"list-style-type: square;\">\n<li>\n<p><span style=\"color: #1f1f1f; font-family: Google Sans, Roboto, sans-serif;\"><span style=\"font-size: 12px; white-space-collapse: preserve;\">Hind: 250,00 Eur.<\/span><\/span><span style=\"color: #1f1f1f; font-family: Google Sans, Roboto, sans-serif;\"><span style=\"font-size: 12px; white-space-collapse: preserve;\"><\/span><\/span><\/p>\n<\/li>\n<li>\n<p><span style=\"color: #1f1f1f; font-family: Google Sans, Roboto, sans-serif;\"><span style=\"font-size: 12px; white-space-collapse: preserve;\">Osalejate arv: piiramatu.<\/span><\/span><\/p>\n<\/li>\n<li>\n<p><span style=\"background-color: #ffffff; color: #1f1f1f; font-family: 'Google Sans', Roboto, sans-serif; font-size: 12px; white-space-collapse: preserve;\">Peo kestus: 1,5 tundi &#8211; 3 tundi.<\/span><\/p>\n<\/li>\n<li>\n<p><span style=\"color: #1f1f1f; font-family: Google Sans, Roboto, sans-serif;\"><span style=\"font-size: 12px; white-space-collapse: preserve;\">Peo kuup\u00e4ev ja kellaaeg: <\/span><span style=\"font-size: 12px; white-space-collapse: preserve;\">lepime kokku individuaalselt telefonil +37061008501 v\u00f5i e-posti teel info@fashiongold.lt.<\/span><\/span><\/p>\n<\/li>\n<\/ul>\n<p><span style=\"color: #1f1f1f; font-family: Google Sans, Roboto, sans-serif;\"><span style=\"font-size: 12px; white-space-collapse: preserve;\"><\/span><\/span><\/p>\n<p><span style=\"background-color: #ffffff; color: #1f1f1f; font-family: 'Google Sans', Roboto, sans-serif; font-size: 12px; white-space-collapse: preserve;\"><\/span><\/p>\n","protected":false},"excerpt":{"rendered":"<p>Need kaks s\u00f5na \u2013 teemandid ja \u0161ampanja \u2013 k\u00f5lavad nagu luksusliku ja hea peo algus. Selle seminari k\u00e4igus tutvustab juveeli- ja v\u00e4\u00e4riskiviekspert Julija Gerlich teemantide ajalugu ja nende omadusi, r\u00e4\u00e4gib p\u00f5nevaid fakte ning selgitab, miks sama suurusega teemandi hind v\u00f5ib erineda k\u00fcmnekordselt! Olles reisinud paljudes viinamarjaistandustes ja osalenud mitmetel seminaridel, r\u00e4\u00e4gib Julija \u0161ampanja peenustest ja nende erinevustest. <\/p>\n<p>Millist \u0161ampanjat te siis tegelikult joote ja kui palju teie teemandid maksavad \u2013 seda k\u00f5ike saate teada seminari jooksul. <\/p>\n","protected":false},"featured_media":62539,"template":"","meta":{"site-sidebar-layout":"default","site-content-layout":"","ast-site-content-layout":"default","site-content-style":"default","site-sidebar-style":"default","ast-global-header-display":"","ast-banner-title-visibility":"","ast-main-header-display":"","ast-hfb-above-header-display":"","ast-hfb-below-header-display":"","ast-hfb-mobile-header-display":"","site-post-title":"","ast-breadcrumbs-content":"","ast-featured-img":"","footer-sml-layout":"","ast-disable-related-posts":"","theme-transparent-header-meta":"default","adv-header-id-meta":"","stick-header-meta":"","header-above-stick-meta":"","header-main-stick-meta":"","header-below-stick-meta":"","astra-migrate-meta-layouts":"default","ast-page-background-enabled":"default","ast-page-background-meta":{"desktop":{"background-color":"var(--ast-global-color-4)","background-image":"","background-repeat":"repeat","background-position":"center center","background-size":"auto","background-attachment":"scroll","background-type":"","background-media":"","overlay-type":"","overlay-color":"","overlay-opacity":"","overlay-gradient":""},"tablet":{"background-color":"","background-image":"","background-repeat":"repeat","background-position":"center center","background-size":"auto","background-attachment":"scroll","background-type":"","background-media":"","overlay-type":"","overlay-color":"","overlay-opacity":"","overlay-gradient":""},"mobile":{"background-color":"","background-image":"","background-repeat":"repeat","background-position":"center center","background-size":"auto","background-attachment":"scroll","background-type":"","background-media":"","overlay-type":"","overlay-color":"","overlay-opacity":"","overlay-gradient":""}},"ast-content-background-meta":{"desktop":{"background-color":"var(--ast-global-color-5)","background-image":"","background-repeat":"repeat","background-position":"center center","background-size":"auto","background-attachment":"scroll","background-type":"","background-media":"","overlay-type":"","overlay-color":"","overlay-opacity":"","overlay-gradient":""},"tablet":{"background-color":"var(--ast-global-color-5)","background-image":"","background-repeat":"repeat","background-position":"center center","background-size":"auto","background-attachment":"scroll","background-type":"","background-media":"","overlay-type":"","overlay-color":"","overlay-opacity":"","overlay-gradient":""},"mobile":{"background-color":"var(--ast-global-color-5)","background-image":"","background-repeat":"repeat","background-position":"center center","background-size":"auto","background-attachment":"scroll","background-type":"","background-media":"","overlay-type":"","overlay-color":"","overlay-opacity":"","overlay-gradient":""}}},"product_brand":[],"product_cat":[4108],"product_tag":[],"class_list":{"0":"post-291288","1":"product","2":"type-product","3":"status-publish","4":"has-post-thumbnail","6":"product_cat-teemantide-seminarid","7":"desktop-align-center","8":"tablet-align-left","9":"mobile-align-left","10":"ast-product-gallery-layout-horizontal-slider","11":"ast-product-tabs-layout-accordion","12":"ast-qv-on-image","14":"first","15":"instock","16":"taxable","17":"shipping-taxable","18":"purchasable","19":"product-type-simple"},"yoast_head":"<!-- This site is optimized with the Yoast SEO plugin v26.6 - https:\/\/yoast.com\/wordpress\/plugins\/seo\/ -->\n<title>Seminar \u2013 Teemandid ja \u0161ampanja - FashionGold.lt<\/title>\n<meta name=\"robots\" content=\"index, follow, max-snippet:-1, max-image-preview:large, max-video-preview:-1\" \/>\n<link rel=\"canonical\" href=\"https:\/\/fashiongold.lt\/et\/toode\/seminar-teemandid-ja-sampanja\/\" \/>\n<meta property=\"og:locale\" content=\"et_EE\" \/>\n<meta property=\"og:type\" content=\"article\" \/>\n<meta property=\"og:title\" content=\"Seminar \u2013 Teemandid ja \u0161ampanja - FashionGold.lt\" \/>\n<meta property=\"og:description\" content=\"Need kaks s\u00f5na \u2013 teemandid ja \u0161ampanja \u2013 k\u00f5lavad nagu luksusliku ja hea peo algus. Selle seminari k\u00e4igus tutvustab juveeli- ja v\u00e4\u00e4riskiviekspert Julija Gerlich teemantide ajalugu ja nende omadusi, r\u00e4\u00e4gib p\u00f5nevaid fakte ning selgitab, miks sama suurusega teemandi hind v\u00f5ib erineda k\u00fcmnekordselt! Olles reisinud paljudes viinamarjaistandustes ja osalenud mitmetel seminaridel, r\u00e4\u00e4gib Julija \u0161ampanja peenustest ja nende erinevustest. Millist \u0161ampanjat te siis tegelikult joote ja kui palju teie teemandid maksavad \u2013 seda k\u00f5ike saate teada seminari jooksul.\" \/>\n<meta property=\"og:url\" content=\"https:\/\/fashiongold.lt\/et\/toode\/seminar-teemandid-ja-sampanja\/\" \/>\n<meta property=\"og:site_name\" content=\"FashionGold.lt\" \/>\n<meta property=\"article:modified_time\" content=\"2026-02-17T14:10:30+00:00\" \/>\n<meta property=\"og:image\" content=\"https:\/\/fashiongold.lt\/wp-content\/uploads\/2025\/10\/2461-aec-Seminaras-Deimantai-ir-sampanas.webp\" \/>\n\t<meta property=\"og:image:width\" content=\"1000\" \/>\n\t<meta property=\"og:image:height\" content=\"1000\" \/>\n\t<meta property=\"og:image:type\" content=\"image\/png\" \/>\n<meta name=\"twitter:card\" content=\"summary_large_image\" \/>\n<meta name=\"twitter:label1\" content=\"Est. reading time\" \/>\n\t<meta name=\"twitter:data1\" content=\"1 minut\" \/>\n<script type=\"application\/ld+json\" class=\"yoast-schema-graph\">{\"@context\":\"https:\/\/schema.org\",\"@graph\":[{\"@type\":\"WebPage\",\"@id\":\"https:\/\/fashiongold.lt\/et\/toode\/seminar-teemandid-ja-sampanja\/\",\"url\":\"https:\/\/fashiongold.lt\/et\/toode\/seminar-teemandid-ja-sampanja\/\",\"name\":\"Seminar \u2013 Teemandid ja \u0161ampanja - FashionGold.lt\",\"isPartOf\":{\"@id\":\"https:\/\/fashiongold.lt\/et\/#website\"},\"primaryImageOfPage\":{\"@id\":\"https:\/\/fashiongold.lt\/et\/toode\/seminar-teemandid-ja-sampanja\/#primaryimage\"},\"image\":{\"@id\":\"https:\/\/fashiongold.lt\/et\/toode\/seminar-teemandid-ja-sampanja\/#primaryimage\"},\"thumbnailUrl\":\"https:\/\/fashiongold.lt\/wp-content\/uploads\/2025\/10\/2461-aec-Seminaras-Deimantai-ir-sampanas.png\",\"datePublished\":\"2025-10-09T19:33:32+00:00\",\"dateModified\":\"2026-02-17T14:10:30+00:00\",\"breadcrumb\":{\"@id\":\"https:\/\/fashiongold.lt\/et\/toode\/seminar-teemandid-ja-sampanja\/#breadcrumb\"},\"inLanguage\":\"et\",\"potentialAction\":[{\"@type\":\"ReadAction\",\"target\":[\"https:\/\/fashiongold.lt\/et\/toode\/seminar-teemandid-ja-sampanja\/\"]}]},{\"@type\":\"ImageObject\",\"inLanguage\":\"et\",\"@id\":\"https:\/\/fashiongold.lt\/et\/toode\/seminar-teemandid-ja-sampanja\/#primaryimage\",\"url\":\"https:\/\/fashiongold.lt\/wp-content\/uploads\/2025\/10\/2461-aec-Seminaras-Deimantai-ir-sampanas.png\",\"contentUrl\":\"https:\/\/fashiongold.lt\/wp-content\/uploads\/2025\/10\/2461-aec-Seminaras-Deimantai-ir-sampanas.png\",\"width\":1000,\"height\":1000},{\"@type\":\"BreadcrumbList\",\"@id\":\"https:\/\/fashiongold.lt\/et\/toode\/seminar-teemandid-ja-sampanja\/#breadcrumb\",\"itemListElement\":[{\"@type\":\"ListItem\",\"position\":1,\"name\":\"Home\",\"item\":\"https:\/\/fashiongold.lt\/et\/\"},{\"@type\":\"ListItem\",\"position\":2,\"name\":\"Teemantide pood Fashiongold.lt\",\"item\":\"https:\/\/fashiongold.lt\/shop-2\/\"},{\"@type\":\"ListItem\",\"position\":3,\"name\":\"Seminar \u2013 Teemandid ja \u0161ampanja\"}]},{\"@type\":\"WebSite\",\"@id\":\"https:\/\/fashiongold.lt\/et\/#website\",\"url\":\"https:\/\/fashiongold.lt\/et\/\",\"name\":\"Fashion Gold\",\"description\":\"Ehtemaja\",\"publisher\":{\"@id\":\"https:\/\/fashiongold.lt\/et\/#organization\"},\"potentialAction\":[{\"@type\":\"SearchAction\",\"target\":{\"@type\":\"EntryPoint\",\"urlTemplate\":\"https:\/\/fashiongold.lt\/et\/?s={search_term_string}\"},\"query-input\":{\"@type\":\"PropertyValueSpecification\",\"valueRequired\":true,\"valueName\":\"search_term_string\"}}],\"inLanguage\":\"et\"},{\"@type\":\"Organization\",\"@id\":\"https:\/\/fashiongold.lt\/et\/#organization\",\"name\":\"Topdiamonds Online\",\"url\":\"https:\/\/fashiongold.lt\/et\/\",\"logo\":{\"@type\":\"ImageObject\",\"inLanguage\":\"et\",\"@id\":\"https:\/\/fashiongold.lt\/et\/#\/schema\/logo\/image\/\",\"url\":\"https:\/\/fashiongold.lt\/wp-content\/uploads\/2025\/04\/cropped-fashion_gold_logotipas2-scaled-1.png\",\"contentUrl\":\"https:\/\/fashiongold.lt\/wp-content\/uploads\/2025\/04\/cropped-fashion_gold_logotipas2-scaled-1.png\",\"width\":2559,\"height\":421,\"caption\":\"Topdiamonds Online\"},\"image\":{\"@id\":\"https:\/\/fashiongold.lt\/et\/#\/schema\/logo\/image\/\"}}]}<\/script>\n<!-- \/ Yoast SEO plugin. -->","yoast_head_json":{"title":"Seminar \u2013 Teemandid ja \u0161ampanja - FashionGold.lt","robots":{"index":"index","follow":"follow","max-snippet":"max-snippet:-1","max-image-preview":"max-image-preview:large","max-video-preview":"max-video-preview:-1"},"canonical":"https:\/\/fashiongold.lt\/et\/toode\/seminar-teemandid-ja-sampanja\/","og_locale":"et_EE","og_type":"article","og_title":"Seminar \u2013 Teemandid ja \u0161ampanja - FashionGold.lt","og_description":"Need kaks s\u00f5na \u2013 teemandid ja \u0161ampanja \u2013 k\u00f5lavad nagu luksusliku ja hea peo algus. Selle seminari k\u00e4igus tutvustab juveeli- ja v\u00e4\u00e4riskiviekspert Julija Gerlich teemantide ajalugu ja nende omadusi, r\u00e4\u00e4gib p\u00f5nevaid fakte ning selgitab, miks sama suurusega teemandi hind v\u00f5ib erineda k\u00fcmnekordselt! Olles reisinud paljudes viinamarjaistandustes ja osalenud mitmetel seminaridel, r\u00e4\u00e4gib Julija \u0161ampanja peenustest ja nende erinevustest. Millist \u0161ampanjat te siis tegelikult joote ja kui palju teie teemandid maksavad \u2013 seda k\u00f5ike saate teada seminari jooksul.","og_url":"https:\/\/fashiongold.lt\/et\/toode\/seminar-teemandid-ja-sampanja\/","og_site_name":"FashionGold.lt","article_modified_time":"2026-02-17T14:10:30+00:00","og_image":[{"width":1000,"height":1000,"url":"https:\/\/fashiongold.lt\/wp-content\/uploads\/2025\/10\/2461-aec-Seminaras-Deimantai-ir-sampanas.webp","type":"image\/png"}],"twitter_card":"summary_large_image","twitter_misc":{"Est. reading time":"1 minut"},"schema":{"@context":"https:\/\/schema.org","@graph":[{"@type":"WebPage","@id":"https:\/\/fashiongold.lt\/et\/toode\/seminar-teemandid-ja-sampanja\/","url":"https:\/\/fashiongold.lt\/et\/toode\/seminar-teemandid-ja-sampanja\/","name":"Seminar \u2013 Teemandid ja \u0161ampanja - FashionGold.lt","isPartOf":{"@id":"https:\/\/fashiongold.lt\/et\/#website"},"primaryImageOfPage":{"@id":"https:\/\/fashiongold.lt\/et\/toode\/seminar-teemandid-ja-sampanja\/#primaryimage"},"image":{"@id":"https:\/\/fashiongold.lt\/et\/toode\/seminar-teemandid-ja-sampanja\/#primaryimage"},"thumbnailUrl":"https:\/\/fashiongold.lt\/wp-content\/uploads\/2025\/10\/2461-aec-Seminaras-Deimantai-ir-sampanas.png","datePublished":"2025-10-09T19:33:32+00:00","dateModified":"2026-02-17T14:10:30+00:00","breadcrumb":{"@id":"https:\/\/fashiongold.lt\/et\/toode\/seminar-teemandid-ja-sampanja\/#breadcrumb"},"inLanguage":"et","potentialAction":[{"@type":"ReadAction","target":["https:\/\/fashiongold.lt\/et\/toode\/seminar-teemandid-ja-sampanja\/"]}]},{"@type":"ImageObject","inLanguage":"et","@id":"https:\/\/fashiongold.lt\/et\/toode\/seminar-teemandid-ja-sampanja\/#primaryimage","url":"https:\/\/fashiongold.lt\/wp-content\/uploads\/2025\/10\/2461-aec-Seminaras-Deimantai-ir-sampanas.png","contentUrl":"https:\/\/fashiongold.lt\/wp-content\/uploads\/2025\/10\/2461-aec-Seminaras-Deimantai-ir-sampanas.png","width":1000,"height":1000},{"@type":"BreadcrumbList","@id":"https:\/\/fashiongold.lt\/et\/toode\/seminar-teemandid-ja-sampanja\/#breadcrumb","itemListElement":[{"@type":"ListItem","position":1,"name":"Home","item":"https:\/\/fashiongold.lt\/et\/"},{"@type":"ListItem","position":2,"name":"Teemantide pood Fashiongold.lt","item":"https:\/\/fashiongold.lt\/shop-2\/"},{"@type":"ListItem","position":3,"name":"Seminar \u2013 Teemandid ja \u0161ampanja"}]},{"@type":"WebSite","@id":"https:\/\/fashiongold.lt\/et\/#website","url":"https:\/\/fashiongold.lt\/et\/","name":"Fashion Gold","description":"Ehtemaja","publisher":{"@id":"https:\/\/fashiongold.lt\/et\/#organization"},"potentialAction":[{"@type":"SearchAction","target":{"@type":"EntryPoint","urlTemplate":"https:\/\/fashiongold.lt\/et\/?s={search_term_string}"},"query-input":{"@type":"PropertyValueSpecification","valueRequired":true,"valueName":"search_term_string"}}],"inLanguage":"et"},{"@type":"Organization","@id":"https:\/\/fashiongold.lt\/et\/#organization","name":"Topdiamonds Online","url":"https:\/\/fashiongold.lt\/et\/","logo":{"@type":"ImageObject","inLanguage":"et","@id":"https:\/\/fashiongold.lt\/et\/#\/schema\/logo\/image\/","url":"https:\/\/fashiongold.lt\/wp-content\/uploads\/2025\/04\/cropped-fashion_gold_logotipas2-scaled-1.png","contentUrl":"https:\/\/fashiongold.lt\/wp-content\/uploads\/2025\/04\/cropped-fashion_gold_logotipas2-scaled-1.png","width":2559,"height":421,"caption":"Topdiamonds Online"},"image":{"@id":"https:\/\/fashiongold.lt\/et\/#\/schema\/logo\/image\/"}}]}},"_links":{"self":[{"href":"https:\/\/fashiongold.lt\/et\/wp-json\/wp\/v2\/product\/291288","targetHints":{"allow":["GET"]}}],"collection":[{"href":"https:\/\/fashiongold.lt\/et\/wp-json\/wp\/v2\/product"}],"about":[{"href":"https:\/\/fashiongold.lt\/et\/wp-json\/wp\/v2\/types\/product"}],"version-history":[{"count":0,"href":"https:\/\/fashiongold.lt\/et\/wp-json\/wp\/v2\/product\/291288\/revisions"}],"wp:featuredmedia":[{"embeddable":true,"href":"https:\/\/fashiongold.lt\/et\/wp-json\/wp\/v2\/media\/62539"}],"wp:attachment":[{"href":"https:\/\/fashiongold.lt\/et\/wp-json\/wp\/v2\/media?parent=291288"}],"wp:term":[{"taxonomy":"product_brand","embeddable":true,"href":"https:\/\/fashiongold.lt\/et\/wp-json\/wp\/v2\/product_brand?post=291288"},{"taxonomy":"product_cat","embeddable":true,"href":"https:\/\/fashiongold.lt\/et\/wp-json\/wp\/v2\/product_cat?post=291288"},{"taxonomy":"product_tag","embeddable":true,"href":"https:\/\/fashiongold.lt\/et\/wp-json\/wp\/v2\/product_tag?post=291288"}],"curies":[{"name":"wp","href":"https:\/\/api.w.org\/{rel}","templated":true}]}}