{"id":291298,"date":"2025-10-09T19:33:08","date_gmt":"2025-10-09T19:33:08","guid":{"rendered":"https:\/\/fashiongold.lt\/papuosalas\/punase-niidiga-kaevoru-kollase-kulla-ja-muljetavaldava-teemandiga\/"},"modified":"2026-02-17T14:10:34","modified_gmt":"2026-02-17T14:10:34","slug":"punase-niidiga-kaevoru-kollase-kulla-ja-muljetavaldava-teemandiga","status":"publish","type":"product","link":"https:\/\/fashiongold.lt\/et\/papuosalas\/punase-niidiga-kaevoru-kollase-kulla-ja-muljetavaldava-teemandiga\/","title":{"rendered":"Punase niidiga k\u00e4ev\u00f5ru kollase kulla ja muljetavaldava teemandiga"},"content":{"rendered":"<p class=\"MsoNormal\" style=\"margin: 0cm; font-size: 12pt; font-family: 'Times New Roman', serif;\"><span style=\"background: #f7f7f8;\">See punase niidiga k\u00e4ev\u00f5ru<\/span><span lang=\"LT\" style=\"background: #f7f7f8;\"> <\/span><span style=\"background: #f7f7f8;\">kollasest kullast detaili ja muljetavaldava teemandiga t\u00f5mbab t\u00e4helepanu. Selle ainulaadne disain ja s\u00e4rav sarm annavad erilise v\u00f5lu. Olge kordumatult stiilsed ja silmapaistvad, kandes seda k\u00e4ev\u00f5ru. <\/span><span lang=\"LT\" style=\"background: #f7f7f8;\">See on<\/span><span style=\"background: #f7f7f8;\"> t\u00f5eline luksuse ja mulje saladus, mis loob kire ja ilu tunde.<\/span><o:p><\/o:p><\/p>\n<p class=\"MsoNormal\" style=\"margin: 0cm; font-size: 12pt; font-family: 'Times New Roman', serif;\"><span style=\"background: #f7f7f8;\"><o:p>\u00a0<\/o:p><\/span><\/p>\n<p class=\"MsoNormal\" style=\"margin: 0cm; font-size: 12pt; font-family: 'Times New Roman', serif;\"><span lang=\"LT\" style=\"background: #f7f7f8;\"><o:p>\u00a0<\/o:p><\/span><\/p>\n<p class=\"MsoNormal\" style=\"margin: 0cm; font-size: 12pt; font-family: 'Times New Roman', serif;\"><span lang=\"LT\" style=\"background: #f7f7f8;\">Punase niidiga k\u00e4ev\u00f5ru koos muljetavaldava teemandiga sobib k\u00f5ikideks <\/span><span style=\"background: #f7f7f8;\">erilisteks puhkudeks<\/span><span lang=\"LT\" style=\"background: #f7f7f8;\"> kingituseks <\/span><span style=\"background: #f7f7f8;\">&#8211; meestele, naistele ja lastele. S\u00fcnnip\u00e4evadeks, ristimisteks, emadep\u00e4evaks, pulmadeks, pulma-aastap\u00e4evadeks ja s\u00f5pruse hoidmiseks. See <\/span><span style=\"background: #f7f7f8;\">teemantidega kingitus<\/span><span lang=\"LT\" style=\"background: #f7f7f8;\"> <\/span><span style=\"background: #f7f7f8;\">annab erilise t\u00e4henduse ja m\u00e4lestusi kogu eluks. Tugevat s\u00f5prust s\u00fcmboliseerivad teemandid lisavad s\u00e4ra ja luksust teie erilistele s\u00fcndmustele. Valige see universaalse iluga aksessuaar, mis toob alati \u00f5nne ja tugevdab s\u00f5prussidemeid.<o:p><\/o:p><\/span><\/p>\n<p class=\"MsoNormal\" style=\"margin: 0cm; font-size: 12pt; font-family: 'Times New Roman', serif;\"><span style=\"background: #f7f7f8;\"><o:p>\u00a0<\/o:p><\/span><\/p>\n<p class=\"p1\" style=\"margin-right: 0cm; margin-left: 0cm; font-size: 12pt; font-family: 'Times New Roman', serif;\">Suurus on reguleeritav. K\u00e4ev\u00f5ru kaunistab ja selle eriliseks aktsendiks on 0,05 ct suurune <span lang=\"LT\">looduslik<\/span> deimant (briljant), mis on asetatud 585 prooviga kollasest kullast pesasse.<o:p><\/o:p><\/p>\n<p class=\"p1\" style=\"margin-right: 0cm; margin-left: 0cm; font-size: 12pt; font-family: 'Times New Roman', serif;\"><span lang=\"LT\">Kullast detaili s<\/span>voris 0,<span lang=\"LT\">20<\/span> g.<o:p><\/o:p><\/p>\n<p class=\"p1\" style=\"margin-right: 0cm; margin-left: 0cm; font-size: 12pt; font-family: 'Times New Roman', serif;\">Kullast detaili suurus <span lang=\"EN-US\">4<\/span> mm, briljandi suurus <span lang=\"EN-US\">2,40<\/span> mm.<span class=\"apple-converted-space\">\u00a0<\/span><o:p><\/o:p><\/p>\n<p class=\"p2\" style=\"margin-right: 0cm; margin-left: 0cm; font-size: 12pt; font-family: 'Times New Roman', serif;\">Pidulik pakend luksuslikus ehtekarbis ja kotis &#8211; TASUTA.\u00a0<o:p><\/o:p><\/p>\n","protected":false},"excerpt":{"rendered":"<p class=\"MsoNormal\" style=\"margin: 0cm; font-size: 12pt; font-family: 'Times New Roman', serif;\"><span lang=\"ET\" style=\"background: #f7f7f8;\">Punase<\/span><span lang=\"ET\" style=\"background: #f7f7f8;\"> <\/span><span lang=\"ET\" style=\"background: #f7f7f8;\">n<\/span><span style=\"background: #f7f7f8;\">iidiga <\/span><span lang=\"ET\" style=\"background: #f7f7f8;\">k<\/span><span style=\"background: #f7f7f8;\">\u00e4ev\u00f5ru <\/span><span lang=\"ET\" style=\"background: #f7f7f8;\">kollase<\/span><span lang=\"ET\" style=\"background: #f7f7f8;\"> <\/span><span lang=\"ET\" style=\"background: #f7f7f8;\">k<\/span><span style=\"background: #f7f7f8;\">ulla ja <\/span><span lang=\"ET\" style=\"background: #f7f7f8;\">m<\/span><span style=\"background: #f7f7f8;\">uljetavaldava <\/span><span lang=\"ET\" style=\"background: #f7f7f8;\">t<\/span><span style=\"background: #f7f7f8;\">eemandiga &#8211; stiilne kombinatsioon erksast v\u00e4rvist, luksusest ja suurep\u00e4rasusest.<\/span><o:p><\/o:p><\/p>\n<p class=\"MsoNormal\" style=\"margin: 0cm; font-size: 12pt; font-family: 'Times New Roman', serif;\"><span style=\"background: #f7f7f8;\"><\/span><\/p>\n<p class=\"MsoNormal\" style=\"margin: 0cm; font-size: 12pt; font-family: 'Times New Roman', serif;\"><span style=\"background: #f7f7f8;\"><strong style=\"font-family: Verdana, Arial, Helvetica, sans-serif; font-size: 11px; background-color: #fafbfc;\">Valmistamisel, hetkel pole laos.\u00a0<\/strong><\/span><\/p>\n","protected":false},"featured_media":62501,"template":"","meta":{"site-sidebar-layout":"","site-content-layout":"","ast-site-content-layout":"","site-content-style":"","site-sidebar-style":"","ast-global-header-display":"","ast-banner-title-visibility":"","ast-main-header-display":"","ast-hfb-above-header-display":"","ast-hfb-below-header-display":"","ast-hfb-mobile-header-display":"","site-post-title":"","ast-breadcrumbs-content":"","ast-featured-img":"","footer-sml-layout":"","ast-disable-related-posts":"","theme-transparent-header-meta":"","adv-header-id-meta":"","stick-header-meta":"","header-above-stick-meta":"","header-main-stick-meta":"","header-below-stick-meta":"","astra-migrate-meta-layouts":"default","ast-page-background-enabled":"default","ast-page-background-meta":{"desktop":{"background-color":"var(--ast-global-color-4)","background-image":"","background-repeat":"repeat","background-position":"center center","background-size":"auto","background-attachment":"scroll","background-type":"","background-media":"","overlay-type":"","overlay-color":"","overlay-opacity":"","overlay-gradient":""},"tablet":{"background-color":"","background-image":"","background-repeat":"repeat","background-position":"center center","background-size":"auto","background-attachment":"scroll","background-type":"","background-media":"","overlay-type":"","overlay-color":"","overlay-opacity":"","overlay-gradient":""},"mobile":{"background-color":"","background-image":"","background-repeat":"repeat","background-position":"center center","background-size":"auto","background-attachment":"scroll","background-type":"","background-media":"","overlay-type":"","overlay-color":"","overlay-opacity":"","overlay-gradient":""}},"ast-content-background-meta":{"desktop":{"background-color":"var(--ast-global-color-5)","background-image":"","background-repeat":"repeat","background-position":"center center","background-size":"auto","background-attachment":"scroll","background-type":"","background-media":"","overlay-type":"","overlay-color":"","overlay-opacity":"","overlay-gradient":""},"tablet":{"background-color":"var(--ast-global-color-5)","background-image":"","background-repeat":"repeat","background-position":"center center","background-size":"auto","background-attachment":"scroll","background-type":"","background-media":"","overlay-type":"","overlay-color":"","overlay-opacity":"","overlay-gradient":""},"mobile":{"background-color":"var(--ast-global-color-5)","background-image":"","background-repeat":"repeat","background-position":"center center","background-size":"auto","background-attachment":"scroll","background-type":"","background-media":"","overlay-type":"","overlay-color":"","overlay-opacity":"","overlay-gradient":""}}},"product_brand":[],"product_cat":[3574],"product_tag":[],"class_list":{"0":"post-291298","1":"product","2":"type-product","3":"status-publish","4":"has-post-thumbnail","6":"product_cat-soodusmuuk","7":"desktop-align-center","8":"tablet-align-left","9":"mobile-align-left","10":"ast-product-gallery-layout-horizontal-slider","11":"ast-product-gallery-with-no-image","12":"ast-product-tabs-layout-accordion","13":"ast-qv-on-image","15":"first","16":"instock","17":"taxable","18":"shipping-taxable","19":"purchasable","20":"product-type-simple"},"yoast_head":"<!-- This site is optimized with the Yoast SEO plugin v26.6 - https:\/\/yoast.com\/wordpress\/plugins\/seo\/ -->\n<title>Punase niidiga k\u00e4ev\u00f5ru kollase kulla ja muljetavaldava teemandiga - FashionGold.lt<\/title>\n<meta name=\"robots\" content=\"index, follow, max-snippet:-1, max-image-preview:large, max-video-preview:-1\" \/>\n<link rel=\"canonical\" href=\"https:\/\/fashiongold.lt\/et\/papuosalas\/punase-niidiga-kaevoru-kollase-kulla-ja-muljetavaldava-teemandiga\/\" \/>\n<meta property=\"og:locale\" content=\"et_EE\" \/>\n<meta property=\"og:type\" content=\"article\" \/>\n<meta property=\"og:title\" content=\"Punase niidiga k\u00e4ev\u00f5ru kollase kulla ja muljetavaldava teemandiga - FashionGold.lt\" \/>\n<meta property=\"og:description\" content=\"Punase niidiga k\u00e4ev\u00f5ru kollase kulla ja muljetavaldava teemandiga - stiilne kombinatsioon erksast v\u00e4rvist, luksusest ja suurep\u00e4rasusest. Valmistamisel, hetkel pole laos.\u00a0\" \/>\n<meta property=\"og:url\" content=\"https:\/\/fashiongold.lt\/et\/papuosalas\/punase-niidiga-kaevoru-kollase-kulla-ja-muljetavaldava-teemandiga\/\" \/>\n<meta property=\"og:site_name\" content=\"FashionGold.lt\" \/>\n<meta property=\"article:modified_time\" content=\"2026-02-17T14:10:34+00:00\" \/>\n<meta property=\"og:image\" content=\"https:\/\/fashiongold.lt\/wp-content\/uploads\/2025\/10\/2782-9ce-raudono-siulo-apyranke-su-deimantu.webp\" \/>\n\t<meta property=\"og:image:width\" content=\"929\" \/>\n\t<meta property=\"og:image:height\" content=\"963\" \/>\n\t<meta property=\"og:image:type\" content=\"image\/jpeg\" \/>\n<meta name=\"twitter:card\" content=\"summary_large_image\" \/>\n<meta name=\"twitter:label1\" content=\"Est. reading time\" \/>\n\t<meta name=\"twitter:data1\" content=\"1 minut\" \/>\n<script type=\"application\/ld+json\" class=\"yoast-schema-graph\">{\"@context\":\"https:\/\/schema.org\",\"@graph\":[{\"@type\":\"WebPage\",\"@id\":\"https:\/\/fashiongold.lt\/et\/papuosalas\/punase-niidiga-kaevoru-kollase-kulla-ja-muljetavaldava-teemandiga\/\",\"url\":\"https:\/\/fashiongold.lt\/et\/papuosalas\/punase-niidiga-kaevoru-kollase-kulla-ja-muljetavaldava-teemandiga\/\",\"name\":\"Punase niidiga k\u00e4ev\u00f5ru kollase kulla ja muljetavaldava teemandiga - FashionGold.lt\",\"isPartOf\":{\"@id\":\"https:\/\/fashiongold.lt\/et\/#website\"},\"primaryImageOfPage\":{\"@id\":\"https:\/\/fashiongold.lt\/et\/papuosalas\/punase-niidiga-kaevoru-kollase-kulla-ja-muljetavaldava-teemandiga\/#primaryimage\"},\"image\":{\"@id\":\"https:\/\/fashiongold.lt\/et\/papuosalas\/punase-niidiga-kaevoru-kollase-kulla-ja-muljetavaldava-teemandiga\/#primaryimage\"},\"thumbnailUrl\":\"https:\/\/fashiongold.lt\/wp-content\/uploads\/2025\/10\/2782-9ce-raudono-siulo-apyranke-su-deimantu.jpg\",\"datePublished\":\"2025-10-09T19:33:08+00:00\",\"dateModified\":\"2026-02-17T14:10:34+00:00\",\"breadcrumb\":{\"@id\":\"https:\/\/fashiongold.lt\/et\/papuosalas\/punase-niidiga-kaevoru-kollase-kulla-ja-muljetavaldava-teemandiga\/#breadcrumb\"},\"inLanguage\":\"et\",\"potentialAction\":[{\"@type\":\"ReadAction\",\"target\":[\"https:\/\/fashiongold.lt\/et\/papuosalas\/punase-niidiga-kaevoru-kollase-kulla-ja-muljetavaldava-teemandiga\/\"]}]},{\"@type\":\"ImageObject\",\"inLanguage\":\"et\",\"@id\":\"https:\/\/fashiongold.lt\/et\/papuosalas\/punase-niidiga-kaevoru-kollase-kulla-ja-muljetavaldava-teemandiga\/#primaryimage\",\"url\":\"https:\/\/fashiongold.lt\/wp-content\/uploads\/2025\/10\/2782-9ce-raudono-siulo-apyranke-su-deimantu.jpg\",\"contentUrl\":\"https:\/\/fashiongold.lt\/wp-content\/uploads\/2025\/10\/2782-9ce-raudono-siulo-apyranke-su-deimantu.jpg\",\"width\":929,\"height\":963},{\"@type\":\"BreadcrumbList\",\"@id\":\"https:\/\/fashiongold.lt\/et\/papuosalas\/punase-niidiga-kaevoru-kollase-kulla-ja-muljetavaldava-teemandiga\/#breadcrumb\",\"itemListElement\":[{\"@type\":\"ListItem\",\"position\":1,\"name\":\"Home\",\"item\":\"https:\/\/fashiongold.lt\/et\/\"},{\"@type\":\"ListItem\",\"position\":2,\"name\":\"Teemantide pood Fashiongold.lt\",\"item\":\"https:\/\/fashiongold.lt\/shop-2\/\"},{\"@type\":\"ListItem\",\"position\":3,\"name\":\"Punase niidiga k\u00e4ev\u00f5ru kollase kulla ja muljetavaldava teemandiga\"}]},{\"@type\":\"WebSite\",\"@id\":\"https:\/\/fashiongold.lt\/et\/#website\",\"url\":\"https:\/\/fashiongold.lt\/et\/\",\"name\":\"Fashion Gold\",\"description\":\"Juvelyrikos namai\",\"publisher\":{\"@id\":\"https:\/\/fashiongold.lt\/et\/#organization\"},\"potentialAction\":[{\"@type\":\"SearchAction\",\"target\":{\"@type\":\"EntryPoint\",\"urlTemplate\":\"https:\/\/fashiongold.lt\/et\/?s={search_term_string}\"},\"query-input\":{\"@type\":\"PropertyValueSpecification\",\"valueRequired\":true,\"valueName\":\"search_term_string\"}}],\"inLanguage\":\"et\"},{\"@type\":\"Organization\",\"@id\":\"https:\/\/fashiongold.lt\/et\/#organization\",\"name\":\"Topdiamonds Online\",\"url\":\"https:\/\/fashiongold.lt\/et\/\",\"logo\":{\"@type\":\"ImageObject\",\"inLanguage\":\"et\",\"@id\":\"https:\/\/fashiongold.lt\/et\/#\/schema\/logo\/image\/\",\"url\":\"https:\/\/fashiongold.lt\/wp-content\/uploads\/2025\/04\/cropped-fashion_gold_logotipas2-scaled-1.png\",\"contentUrl\":\"https:\/\/fashiongold.lt\/wp-content\/uploads\/2025\/04\/cropped-fashion_gold_logotipas2-scaled-1.png\",\"width\":2559,\"height\":421,\"caption\":\"Topdiamonds Online\"},\"image\":{\"@id\":\"https:\/\/fashiongold.lt\/et\/#\/schema\/logo\/image\/\"}}]}<\/script>\n<!-- \/ Yoast SEO plugin. -->","yoast_head_json":{"title":"Punase niidiga k\u00e4ev\u00f5ru kollase kulla ja muljetavaldava teemandiga - FashionGold.lt","robots":{"index":"index","follow":"follow","max-snippet":"max-snippet:-1","max-image-preview":"max-image-preview:large","max-video-preview":"max-video-preview:-1"},"canonical":"https:\/\/fashiongold.lt\/et\/papuosalas\/punase-niidiga-kaevoru-kollase-kulla-ja-muljetavaldava-teemandiga\/","og_locale":"et_EE","og_type":"article","og_title":"Punase niidiga k\u00e4ev\u00f5ru kollase kulla ja muljetavaldava teemandiga - FashionGold.lt","og_description":"Punase niidiga k\u00e4ev\u00f5ru kollase kulla ja muljetavaldava teemandiga - stiilne kombinatsioon erksast v\u00e4rvist, luksusest ja suurep\u00e4rasusest. Valmistamisel, hetkel pole laos.\u00a0","og_url":"https:\/\/fashiongold.lt\/et\/papuosalas\/punase-niidiga-kaevoru-kollase-kulla-ja-muljetavaldava-teemandiga\/","og_site_name":"FashionGold.lt","article_modified_time":"2026-02-17T14:10:34+00:00","og_image":[{"width":929,"height":963,"url":"https:\/\/fashiongold.lt\/wp-content\/uploads\/2025\/10\/2782-9ce-raudono-siulo-apyranke-su-deimantu.webp","type":"image\/jpeg"}],"twitter_card":"summary_large_image","twitter_misc":{"Est. reading time":"1 minut"},"schema":{"@context":"https:\/\/schema.org","@graph":[{"@type":"WebPage","@id":"https:\/\/fashiongold.lt\/et\/papuosalas\/punase-niidiga-kaevoru-kollase-kulla-ja-muljetavaldava-teemandiga\/","url":"https:\/\/fashiongold.lt\/et\/papuosalas\/punase-niidiga-kaevoru-kollase-kulla-ja-muljetavaldava-teemandiga\/","name":"Punase niidiga k\u00e4ev\u00f5ru kollase kulla ja muljetavaldava teemandiga - FashionGold.lt","isPartOf":{"@id":"https:\/\/fashiongold.lt\/et\/#website"},"primaryImageOfPage":{"@id":"https:\/\/fashiongold.lt\/et\/papuosalas\/punase-niidiga-kaevoru-kollase-kulla-ja-muljetavaldava-teemandiga\/#primaryimage"},"image":{"@id":"https:\/\/fashiongold.lt\/et\/papuosalas\/punase-niidiga-kaevoru-kollase-kulla-ja-muljetavaldava-teemandiga\/#primaryimage"},"thumbnailUrl":"https:\/\/fashiongold.lt\/wp-content\/uploads\/2025\/10\/2782-9ce-raudono-siulo-apyranke-su-deimantu.jpg","datePublished":"2025-10-09T19:33:08+00:00","dateModified":"2026-02-17T14:10:34+00:00","breadcrumb":{"@id":"https:\/\/fashiongold.lt\/et\/papuosalas\/punase-niidiga-kaevoru-kollase-kulla-ja-muljetavaldava-teemandiga\/#breadcrumb"},"inLanguage":"et","potentialAction":[{"@type":"ReadAction","target":["https:\/\/fashiongold.lt\/et\/papuosalas\/punase-niidiga-kaevoru-kollase-kulla-ja-muljetavaldava-teemandiga\/"]}]},{"@type":"ImageObject","inLanguage":"et","@id":"https:\/\/fashiongold.lt\/et\/papuosalas\/punase-niidiga-kaevoru-kollase-kulla-ja-muljetavaldava-teemandiga\/#primaryimage","url":"https:\/\/fashiongold.lt\/wp-content\/uploads\/2025\/10\/2782-9ce-raudono-siulo-apyranke-su-deimantu.jpg","contentUrl":"https:\/\/fashiongold.lt\/wp-content\/uploads\/2025\/10\/2782-9ce-raudono-siulo-apyranke-su-deimantu.jpg","width":929,"height":963},{"@type":"BreadcrumbList","@id":"https:\/\/fashiongold.lt\/et\/papuosalas\/punase-niidiga-kaevoru-kollase-kulla-ja-muljetavaldava-teemandiga\/#breadcrumb","itemListElement":[{"@type":"ListItem","position":1,"name":"Home","item":"https:\/\/fashiongold.lt\/et\/"},{"@type":"ListItem","position":2,"name":"Teemantide pood Fashiongold.lt","item":"https:\/\/fashiongold.lt\/shop-2\/"},{"@type":"ListItem","position":3,"name":"Punase niidiga k\u00e4ev\u00f5ru kollase kulla ja muljetavaldava teemandiga"}]},{"@type":"WebSite","@id":"https:\/\/fashiongold.lt\/et\/#website","url":"https:\/\/fashiongold.lt\/et\/","name":"Fashion Gold","description":"Juvelyrikos namai","publisher":{"@id":"https:\/\/fashiongold.lt\/et\/#organization"},"potentialAction":[{"@type":"SearchAction","target":{"@type":"EntryPoint","urlTemplate":"https:\/\/fashiongold.lt\/et\/?s={search_term_string}"},"query-input":{"@type":"PropertyValueSpecification","valueRequired":true,"valueName":"search_term_string"}}],"inLanguage":"et"},{"@type":"Organization","@id":"https:\/\/fashiongold.lt\/et\/#organization","name":"Topdiamonds Online","url":"https:\/\/fashiongold.lt\/et\/","logo":{"@type":"ImageObject","inLanguage":"et","@id":"https:\/\/fashiongold.lt\/et\/#\/schema\/logo\/image\/","url":"https:\/\/fashiongold.lt\/wp-content\/uploads\/2025\/04\/cropped-fashion_gold_logotipas2-scaled-1.png","contentUrl":"https:\/\/fashiongold.lt\/wp-content\/uploads\/2025\/04\/cropped-fashion_gold_logotipas2-scaled-1.png","width":2559,"height":421,"caption":"Topdiamonds Online"},"image":{"@id":"https:\/\/fashiongold.lt\/et\/#\/schema\/logo\/image\/"}}]}},"_links":{"self":[{"href":"https:\/\/fashiongold.lt\/et\/wp-json\/wp\/v2\/product\/291298","targetHints":{"allow":["GET"]}}],"collection":[{"href":"https:\/\/fashiongold.lt\/et\/wp-json\/wp\/v2\/product"}],"about":[{"href":"https:\/\/fashiongold.lt\/et\/wp-json\/wp\/v2\/types\/product"}],"version-history":[{"count":0,"href":"https:\/\/fashiongold.lt\/et\/wp-json\/wp\/v2\/product\/291298\/revisions"}],"wp:featuredmedia":[{"embeddable":true,"href":"https:\/\/fashiongold.lt\/et\/wp-json\/wp\/v2\/media\/62501"}],"wp:attachment":[{"href":"https:\/\/fashiongold.lt\/et\/wp-json\/wp\/v2\/media?parent=291298"}],"wp:term":[{"taxonomy":"product_brand","embeddable":true,"href":"https:\/\/fashiongold.lt\/et\/wp-json\/wp\/v2\/product_brand?post=291298"},{"taxonomy":"product_cat","embeddable":true,"href":"https:\/\/fashiongold.lt\/et\/wp-json\/wp\/v2\/product_cat?post=291298"},{"taxonomy":"product_tag","embeddable":true,"href":"https:\/\/fashiongold.lt\/et\/wp-json\/wp\/v2\/product_tag?post=291298"}],"curies":[{"name":"wp","href":"https:\/\/api.w.org\/{rel}","templated":true}]}}