{"id":291335,"date":"2025-10-09T19:33:07","date_gmt":"2025-10-09T19:33:07","guid":{"rendered":"https:\/\/fashiongold.lt\/papuosalas\/punasest-niidist-kaevoru-kollasest-kullast-detaili-ja-suure-teemandiga\/"},"modified":"2026-02-17T14:10:49","modified_gmt":"2026-02-17T14:10:49","slug":"punasest-niidist-kaevoru-kollasest-kullast-detaili-ja-suure-teemandiga","status":"publish","type":"product","link":"https:\/\/fashiongold.lt\/et\/papuosalas\/punasest-niidist-kaevoru-kollasest-kullast-detaili-ja-suure-teemandiga\/","title":{"rendered":"Punasest niidist k\u00e4ev\u00f5ru kollasest kullast detaili ja suure teemandiga"},"content":{"rendered":"<p class=\"MsoNormal\" style=\"margin: 0cm; font-size: 12pt; font-family: 'Times New Roman', serif;\"><span lang=\"LT\" style=\"background: #f7f7f8;\">Punase<\/span><span lang=\"LT\" style=\"background: #f7f7f8;\"> <\/span><span lang=\"LT\" style=\"background: #f7f7f8;\">n<\/span><span style=\"background: #f7f7f8;\">iidi <\/span><span lang=\"LT\" style=\"background: #f7f7f8;\">k<\/span><span style=\"background: #f7f7f8;\">\u00e4ev\u00f5ru <\/span><span lang=\"LT\" style=\"background: #f7f7f8;\">kollasest kullast<\/span><span lang=\"LT\" style=\"background: #f7f7f8;\"> <\/span><span lang=\"LT\" style=\"background: #f7f7f8;\">d<\/span><span style=\"background: #f7f7f8;\">etail<\/span><span lang=\"LT\" style=\"background: #f7f7f8;\">iga<\/span><span style=\"background: #f7f7f8;\"> ja <\/span><span lang=\"LT\" style=\"background: #f7f7f8;\">suure t<\/span><span style=\"background: #f7f7f8;\">eemandiga \u2013 ainulaadne kombinatsioon v\u00e4rvide ja luksuse vahel. See <\/span><span lang=\"LT\" style=\"background: #f7f7f8;\">punase<\/span><span style=\"background: #f7f7f8;\"> niidiga k\u00e4ev\u00f5ru, <\/span><span lang=\"LT\" style=\"background: #f7f7f8;\">kollasest kullast<\/span><span lang=\"LT\" style=\"background: #f7f7f8;\"> <\/span><span lang=\"LT\" style=\"background: #f7f7f8;\">kuldne <\/span><span style=\"background: #f7f7f8;\">detail ja <\/span><span lang=\"LT\" style=\"background: #f7f7f8;\">suur <\/span><span style=\"background: #f7f7f8;\">teemant annavad teile erilise s\u00e4ra. Olge erakordne ja kordumatu, kandes seda k\u00e4ev\u00f5ru. <\/span><span lang=\"LT\" style=\"background: #f7f7f8;\">\u00d5<\/span><span style=\"background: #f7f7f8;\">nnetooja <\/span><span lang=\"LT\" style=\"background: #f7f7f8;\">kollasest kullast detailiga <\/span><span style=\"background: #f7f7f8;\">\u2013 see on t\u00f5eline luksuse ja edu saladus, mis loob sarmika ja hea energiavoolu. Laske sellel k\u00e4ev\u00f5rul tuua teile \u00f5nne ja hellitada teie sisemist s\u00e4ra<\/span><o:p><\/o:p><\/p>\n<p class=\"MsoNormal\" style=\"margin: 0cm; font-size: 12pt; font-family: 'Times New Roman', serif;\"><o:p>\u00a0<\/o:p><\/p>\n<p class=\"MsoNormal\" style=\"margin: 0cm; font-size: 12pt; font-family: 'Times New Roman', serif;\"><span lang=\"LT\" style=\"background: #f7f7f8;\">Punase niidi k\u00e4ev\u00f5ru sobib k\u00f5igiks<\/span><span style=\"background: #f7f7f8;\"> erilisteks puhkudeks<\/span><span lang=\"LT\" style=\"background: #f7f7f8;\">, kingituseks <\/span><span style=\"background: #f7f7f8;\">\u2013 meestele, naistele ja lastele. S\u00fcnnip\u00e4evadeks, ristimisteks, emadep\u00e4evaks, pulmadeks, pulma-aastap\u00e4eva<\/span><span lang=\"LT\" style=\"background: #f7f7f8;\">deks<\/span><span style=\"background: #f7f7f8;\"> ja s\u00f5pruse hoidmiseks. Se<\/span><span lang=\"LT\" style=\"background: #f7f7f8;\">e<\/span><span lang=\"LT\" style=\"background: #f7f7f8;\"> <\/span><span style=\"background: #f7f7f8;\">kingit<\/span><span lang=\"LT\" style=\"background: #f7f7f8;\">us<\/span><span style=\"background: #f7f7f8;\"> teemantidega annab erilise t\u00e4henduse ja m\u00e4lestused kogu eluks. Teemandid, mis s\u00fcmboliseerivad tugevat s\u00f5prust, lisavad s\u00e4ra ja luksust teie erilistele s\u00fcndmustele. Valige see universaalse iluga aksessuaar, mis toob alati \u00f5nne ja tugevdab s\u00f5prussidemeid.<\/span><o:p><\/o:p><\/p>\n<p class=\"p1\" style=\"margin-right: 0cm; margin-left: 0cm; font-size: 12pt; font-family: 'Times New Roman', serif;\">Suurus on reguleeritav. K\u00e4ev\u00f5ru kaunistab ja selle eriliseks aktsendiks on 0,02 ct suurune <span lang=\"LT\">looduslik<\/span><span lang=\"LT\"> <\/span>teemant (briljant), mis on asetatud 585 prooviga\u00a0<span lang=\"LT\">kollasest <\/span>kullast raami.<o:p><\/o:p><\/p>\n<p class=\"p1\" style=\"margin-right: 0cm; margin-left: 0cm; font-size: 12pt; font-family: 'Times New Roman', serif;\"><span lang=\"LT\">Kullast detaili k<\/span>aal on 0,<span lang=\"LT\">20<\/span> g.<o:p><\/o:p><\/p>\n<p class=\"p1\" style=\"margin-right: 0cm; margin-left: 0cm; font-size: 12pt; font-family: 'Times New Roman', serif;\">Kullast detaili suurus <span lang=\"EN-US\">4<\/span> mm, briljandi suurus 1,<span lang=\"EN-US\">70<\/span> mm.<span class=\"apple-converted-space\">\u00a0<\/span><o:p><\/o:p><\/p>\n<p class=\"p2\" style=\"margin-right: 0cm; margin-left: 0cm; font-size: 12pt; font-family: 'Times New Roman', serif;\">Pidulik pakend luksuslikus ehtekarbis ja kotis \u2013 TASUTA.\u00a0<o:p><\/o:p><\/p>\n","protected":false},"excerpt":{"rendered":"<p class=\"MsoNormal\" style=\"margin: 0cm; font-size: 12pt; font-family: 'Times New Roman', serif;\"><span lang=\"LT\" style=\"background: #f7f7f8;\">Punase<\/span><span style=\"background: #f7f7f8;\">\u00a0niidi<\/span><span lang=\"LT\" style=\"background: #f7f7f8;\"><span style=\"box-sizing: inherit;\">ga k\u00e4ev\u00f5ru<\/span><\/span><span style=\"background: #f7f7f8;\"><span style=\"box-sizing: inherit;\">\u00a0lummava kollasest kullast detaili ja silmapaistva suure teemandiga annab erilise v\u00f5lu. Olge eriline, kandes seda k\u00e4ev\u00f5ru. <\/span><span lang=\"LT\" style=\"background-image: initial; background-position: initial; background-size: initial; background-repeat: initial; background-attachment: initial; background-origin: initial; background-clip: initial;\">\u00d5<\/span><span style=\"background-image: initial; background-position: initial; background-size: initial; background-repeat: initial; background-attachment: initial; background-origin: initial; background-clip: initial;\">nne<\/span><span lang=\"LT\" style=\"background-image: initial; background-position: initial; background-size: initial; background-repeat: initial; background-attachment: initial; background-origin: initial; background-clip: initial;\">t<\/span><span style=\"background-image: initial; background-position: initial; background-size: initial; background-repeat: initial; background-attachment: initial; background-origin: initial; background-clip: initial;\">ooja<\/span><span lang=\"LT\" style=\"background-image: initial; background-position: initial; background-size: initial; background-repeat: initial; background-attachment: initial; background-origin: initial; background-clip: initial;\"> suure teemandiga<\/span><span style=\"background-image: initial; background-position: initial; background-size: initial; background-repeat: initial; background-attachment: initial; background-origin: initial; background-clip: initial;\"> \u2013 see on t\u00f5eline luksuse ja edu saladus, mis loob sarmika ja hea energiavoolu<\/span><\/span><o:p><\/o:p><\/p>\n","protected":false},"featured_media":62324,"template":"","meta":{"site-sidebar-layout":"","site-content-layout":"","ast-site-content-layout":"","site-content-style":"","site-sidebar-style":"","ast-global-header-display":"","ast-banner-title-visibility":"","ast-main-header-display":"","ast-hfb-above-header-display":"","ast-hfb-below-header-display":"","ast-hfb-mobile-header-display":"","site-post-title":"","ast-breadcrumbs-content":"","ast-featured-img":"","footer-sml-layout":"","ast-disable-related-posts":"","theme-transparent-header-meta":"","adv-header-id-meta":"","stick-header-meta":"","header-above-stick-meta":"","header-main-stick-meta":"","header-below-stick-meta":"","astra-migrate-meta-layouts":"default","ast-page-background-enabled":"default","ast-page-background-meta":{"desktop":{"background-color":"var(--ast-global-color-4)","background-image":"","background-repeat":"repeat","background-position":"center center","background-size":"auto","background-attachment":"scroll","background-type":"","background-media":"","overlay-type":"","overlay-color":"","overlay-opacity":"","overlay-gradient":""},"tablet":{"background-color":"","background-image":"","background-repeat":"repeat","background-position":"center center","background-size":"auto","background-attachment":"scroll","background-type":"","background-media":"","overlay-type":"","overlay-color":"","overlay-opacity":"","overlay-gradient":""},"mobile":{"background-color":"","background-image":"","background-repeat":"repeat","background-position":"center center","background-size":"auto","background-attachment":"scroll","background-type":"","background-media":"","overlay-type":"","overlay-color":"","overlay-opacity":"","overlay-gradient":""}},"ast-content-background-meta":{"desktop":{"background-color":"var(--ast-global-color-5)","background-image":"","background-repeat":"repeat","background-position":"center center","background-size":"auto","background-attachment":"scroll","background-type":"","background-media":"","overlay-type":"","overlay-color":"","overlay-opacity":"","overlay-gradient":""},"tablet":{"background-color":"var(--ast-global-color-5)","background-image":"","background-repeat":"repeat","background-position":"center center","background-size":"auto","background-attachment":"scroll","background-type":"","background-media":"","overlay-type":"","overlay-color":"","overlay-opacity":"","overlay-gradient":""},"mobile":{"background-color":"var(--ast-global-color-5)","background-image":"","background-repeat":"repeat","background-position":"center center","background-size":"auto","background-attachment":"scroll","background-type":"","background-media":"","overlay-type":"","overlay-color":"","overlay-opacity":"","overlay-gradient":""}}},"product_brand":[],"product_cat":[3574],"product_tag":[],"class_list":{"0":"post-291335","1":"product","2":"type-product","3":"status-publish","4":"has-post-thumbnail","6":"product_cat-soodusmuuk","7":"desktop-align-center","8":"tablet-align-left","9":"mobile-align-left","10":"ast-product-gallery-layout-horizontal-slider","11":"ast-product-gallery-with-no-image","12":"ast-product-tabs-layout-accordion","13":"ast-qv-on-image","15":"first","16":"instock","17":"taxable","18":"shipping-taxable","19":"purchasable","20":"product-type-simple"},"yoast_head":"<!-- This site is optimized with the Yoast SEO plugin v26.6 - https:\/\/yoast.com\/wordpress\/plugins\/seo\/ -->\n<title>Punasest niidist k\u00e4ev\u00f5ru kollasest kullast detaili ja suure teemandiga - FashionGold.lt<\/title>\n<meta name=\"robots\" content=\"index, follow, max-snippet:-1, max-image-preview:large, max-video-preview:-1\" \/>\n<link rel=\"canonical\" href=\"https:\/\/fashiongold.lt\/et\/papuosalas\/punasest-niidist-kaevoru-kollasest-kullast-detaili-ja-suure-teemandiga\/\" \/>\n<meta property=\"og:locale\" content=\"et_EE\" \/>\n<meta property=\"og:type\" content=\"article\" \/>\n<meta property=\"og:title\" content=\"Punasest niidist k\u00e4ev\u00f5ru kollasest kullast detaili ja suure teemandiga - FashionGold.lt\" \/>\n<meta property=\"og:description\" content=\"Punase\u00a0niidiga k\u00e4ev\u00f5ru\u00a0lummava kollasest kullast detaili ja silmapaistva suure teemandiga annab erilise v\u00f5lu. Olge eriline, kandes seda k\u00e4ev\u00f5ru. \u00d5nnetooja suure teemandiga \u2013 see on t\u00f5eline luksuse ja edu saladus, mis loob sarmika ja hea energiavoolu\" \/>\n<meta property=\"og:url\" content=\"https:\/\/fashiongold.lt\/et\/papuosalas\/punasest-niidist-kaevoru-kollasest-kullast-detaili-ja-suure-teemandiga\/\" \/>\n<meta property=\"og:site_name\" content=\"FashionGold.lt\" \/>\n<meta property=\"article:modified_time\" content=\"2026-02-17T14:10:49+00:00\" \/>\n<meta property=\"og:image\" content=\"https:\/\/fashiongold.lt\/wp-content\/uploads\/2025\/10\/2781-307-raudono-siulo-apyranke-su-deimantu.webp\" \/>\n\t<meta property=\"og:image:width\" content=\"929\" \/>\n\t<meta property=\"og:image:height\" content=\"963\" \/>\n\t<meta property=\"og:image:type\" content=\"image\/jpeg\" \/>\n<meta name=\"twitter:card\" content=\"summary_large_image\" \/>\n<meta name=\"twitter:label1\" content=\"Est. reading time\" \/>\n\t<meta name=\"twitter:data1\" content=\"1 minut\" \/>\n<script type=\"application\/ld+json\" class=\"yoast-schema-graph\">{\"@context\":\"https:\/\/schema.org\",\"@graph\":[{\"@type\":\"WebPage\",\"@id\":\"https:\/\/fashiongold.lt\/et\/papuosalas\/punasest-niidist-kaevoru-kollasest-kullast-detaili-ja-suure-teemandiga\/\",\"url\":\"https:\/\/fashiongold.lt\/et\/papuosalas\/punasest-niidist-kaevoru-kollasest-kullast-detaili-ja-suure-teemandiga\/\",\"name\":\"Punasest niidist k\u00e4ev\u00f5ru kollasest kullast detaili ja suure teemandiga - FashionGold.lt\",\"isPartOf\":{\"@id\":\"https:\/\/fashiongold.lt\/et\/#website\"},\"primaryImageOfPage\":{\"@id\":\"https:\/\/fashiongold.lt\/et\/papuosalas\/punasest-niidist-kaevoru-kollasest-kullast-detaili-ja-suure-teemandiga\/#primaryimage\"},\"image\":{\"@id\":\"https:\/\/fashiongold.lt\/et\/papuosalas\/punasest-niidist-kaevoru-kollasest-kullast-detaili-ja-suure-teemandiga\/#primaryimage\"},\"thumbnailUrl\":\"https:\/\/fashiongold.lt\/wp-content\/uploads\/2025\/10\/2781-307-raudono-siulo-apyranke-su-deimantu.jpg\",\"datePublished\":\"2025-10-09T19:33:07+00:00\",\"dateModified\":\"2026-02-17T14:10:49+00:00\",\"breadcrumb\":{\"@id\":\"https:\/\/fashiongold.lt\/et\/papuosalas\/punasest-niidist-kaevoru-kollasest-kullast-detaili-ja-suure-teemandiga\/#breadcrumb\"},\"inLanguage\":\"et\",\"potentialAction\":[{\"@type\":\"ReadAction\",\"target\":[\"https:\/\/fashiongold.lt\/et\/papuosalas\/punasest-niidist-kaevoru-kollasest-kullast-detaili-ja-suure-teemandiga\/\"]}]},{\"@type\":\"ImageObject\",\"inLanguage\":\"et\",\"@id\":\"https:\/\/fashiongold.lt\/et\/papuosalas\/punasest-niidist-kaevoru-kollasest-kullast-detaili-ja-suure-teemandiga\/#primaryimage\",\"url\":\"https:\/\/fashiongold.lt\/wp-content\/uploads\/2025\/10\/2781-307-raudono-siulo-apyranke-su-deimantu.jpg\",\"contentUrl\":\"https:\/\/fashiongold.lt\/wp-content\/uploads\/2025\/10\/2781-307-raudono-siulo-apyranke-su-deimantu.jpg\",\"width\":929,\"height\":963},{\"@type\":\"BreadcrumbList\",\"@id\":\"https:\/\/fashiongold.lt\/et\/papuosalas\/punasest-niidist-kaevoru-kollasest-kullast-detaili-ja-suure-teemandiga\/#breadcrumb\",\"itemListElement\":[{\"@type\":\"ListItem\",\"position\":1,\"name\":\"Home\",\"item\":\"https:\/\/fashiongold.lt\/et\/\"},{\"@type\":\"ListItem\",\"position\":2,\"name\":\"Teemantide pood Fashiongold.lt\",\"item\":\"https:\/\/fashiongold.lt\/shop-2\/\"},{\"@type\":\"ListItem\",\"position\":3,\"name\":\"Punasest niidist k\u00e4ev\u00f5ru kollasest kullast detaili ja suure teemandiga\"}]},{\"@type\":\"WebSite\",\"@id\":\"https:\/\/fashiongold.lt\/et\/#website\",\"url\":\"https:\/\/fashiongold.lt\/et\/\",\"name\":\"Fashion Gold\",\"description\":\"Juvelyrikos namai\",\"publisher\":{\"@id\":\"https:\/\/fashiongold.lt\/et\/#organization\"},\"potentialAction\":[{\"@type\":\"SearchAction\",\"target\":{\"@type\":\"EntryPoint\",\"urlTemplate\":\"https:\/\/fashiongold.lt\/et\/?s={search_term_string}\"},\"query-input\":{\"@type\":\"PropertyValueSpecification\",\"valueRequired\":true,\"valueName\":\"search_term_string\"}}],\"inLanguage\":\"et\"},{\"@type\":\"Organization\",\"@id\":\"https:\/\/fashiongold.lt\/et\/#organization\",\"name\":\"Topdiamonds Online\",\"url\":\"https:\/\/fashiongold.lt\/et\/\",\"logo\":{\"@type\":\"ImageObject\",\"inLanguage\":\"et\",\"@id\":\"https:\/\/fashiongold.lt\/et\/#\/schema\/logo\/image\/\",\"url\":\"https:\/\/fashiongold.lt\/wp-content\/uploads\/2025\/04\/cropped-fashion_gold_logotipas2-scaled-1.png\",\"contentUrl\":\"https:\/\/fashiongold.lt\/wp-content\/uploads\/2025\/04\/cropped-fashion_gold_logotipas2-scaled-1.png\",\"width\":2559,\"height\":421,\"caption\":\"Topdiamonds Online\"},\"image\":{\"@id\":\"https:\/\/fashiongold.lt\/et\/#\/schema\/logo\/image\/\"}}]}<\/script>\n<!-- \/ Yoast SEO plugin. -->","yoast_head_json":{"title":"Punasest niidist k\u00e4ev\u00f5ru kollasest kullast detaili ja suure teemandiga - FashionGold.lt","robots":{"index":"index","follow":"follow","max-snippet":"max-snippet:-1","max-image-preview":"max-image-preview:large","max-video-preview":"max-video-preview:-1"},"canonical":"https:\/\/fashiongold.lt\/et\/papuosalas\/punasest-niidist-kaevoru-kollasest-kullast-detaili-ja-suure-teemandiga\/","og_locale":"et_EE","og_type":"article","og_title":"Punasest niidist k\u00e4ev\u00f5ru kollasest kullast detaili ja suure teemandiga - FashionGold.lt","og_description":"Punase\u00a0niidiga k\u00e4ev\u00f5ru\u00a0lummava kollasest kullast detaili ja silmapaistva suure teemandiga annab erilise v\u00f5lu. Olge eriline, kandes seda k\u00e4ev\u00f5ru. \u00d5nnetooja suure teemandiga \u2013 see on t\u00f5eline luksuse ja edu saladus, mis loob sarmika ja hea energiavoolu","og_url":"https:\/\/fashiongold.lt\/et\/papuosalas\/punasest-niidist-kaevoru-kollasest-kullast-detaili-ja-suure-teemandiga\/","og_site_name":"FashionGold.lt","article_modified_time":"2026-02-17T14:10:49+00:00","og_image":[{"width":929,"height":963,"url":"https:\/\/fashiongold.lt\/wp-content\/uploads\/2025\/10\/2781-307-raudono-siulo-apyranke-su-deimantu.webp","type":"image\/jpeg"}],"twitter_card":"summary_large_image","twitter_misc":{"Est. reading time":"1 minut"},"schema":{"@context":"https:\/\/schema.org","@graph":[{"@type":"WebPage","@id":"https:\/\/fashiongold.lt\/et\/papuosalas\/punasest-niidist-kaevoru-kollasest-kullast-detaili-ja-suure-teemandiga\/","url":"https:\/\/fashiongold.lt\/et\/papuosalas\/punasest-niidist-kaevoru-kollasest-kullast-detaili-ja-suure-teemandiga\/","name":"Punasest niidist k\u00e4ev\u00f5ru kollasest kullast detaili ja suure teemandiga - FashionGold.lt","isPartOf":{"@id":"https:\/\/fashiongold.lt\/et\/#website"},"primaryImageOfPage":{"@id":"https:\/\/fashiongold.lt\/et\/papuosalas\/punasest-niidist-kaevoru-kollasest-kullast-detaili-ja-suure-teemandiga\/#primaryimage"},"image":{"@id":"https:\/\/fashiongold.lt\/et\/papuosalas\/punasest-niidist-kaevoru-kollasest-kullast-detaili-ja-suure-teemandiga\/#primaryimage"},"thumbnailUrl":"https:\/\/fashiongold.lt\/wp-content\/uploads\/2025\/10\/2781-307-raudono-siulo-apyranke-su-deimantu.jpg","datePublished":"2025-10-09T19:33:07+00:00","dateModified":"2026-02-17T14:10:49+00:00","breadcrumb":{"@id":"https:\/\/fashiongold.lt\/et\/papuosalas\/punasest-niidist-kaevoru-kollasest-kullast-detaili-ja-suure-teemandiga\/#breadcrumb"},"inLanguage":"et","potentialAction":[{"@type":"ReadAction","target":["https:\/\/fashiongold.lt\/et\/papuosalas\/punasest-niidist-kaevoru-kollasest-kullast-detaili-ja-suure-teemandiga\/"]}]},{"@type":"ImageObject","inLanguage":"et","@id":"https:\/\/fashiongold.lt\/et\/papuosalas\/punasest-niidist-kaevoru-kollasest-kullast-detaili-ja-suure-teemandiga\/#primaryimage","url":"https:\/\/fashiongold.lt\/wp-content\/uploads\/2025\/10\/2781-307-raudono-siulo-apyranke-su-deimantu.jpg","contentUrl":"https:\/\/fashiongold.lt\/wp-content\/uploads\/2025\/10\/2781-307-raudono-siulo-apyranke-su-deimantu.jpg","width":929,"height":963},{"@type":"BreadcrumbList","@id":"https:\/\/fashiongold.lt\/et\/papuosalas\/punasest-niidist-kaevoru-kollasest-kullast-detaili-ja-suure-teemandiga\/#breadcrumb","itemListElement":[{"@type":"ListItem","position":1,"name":"Home","item":"https:\/\/fashiongold.lt\/et\/"},{"@type":"ListItem","position":2,"name":"Teemantide pood Fashiongold.lt","item":"https:\/\/fashiongold.lt\/shop-2\/"},{"@type":"ListItem","position":3,"name":"Punasest niidist k\u00e4ev\u00f5ru kollasest kullast detaili ja suure teemandiga"}]},{"@type":"WebSite","@id":"https:\/\/fashiongold.lt\/et\/#website","url":"https:\/\/fashiongold.lt\/et\/","name":"Fashion Gold","description":"Juvelyrikos namai","publisher":{"@id":"https:\/\/fashiongold.lt\/et\/#organization"},"potentialAction":[{"@type":"SearchAction","target":{"@type":"EntryPoint","urlTemplate":"https:\/\/fashiongold.lt\/et\/?s={search_term_string}"},"query-input":{"@type":"PropertyValueSpecification","valueRequired":true,"valueName":"search_term_string"}}],"inLanguage":"et"},{"@type":"Organization","@id":"https:\/\/fashiongold.lt\/et\/#organization","name":"Topdiamonds Online","url":"https:\/\/fashiongold.lt\/et\/","logo":{"@type":"ImageObject","inLanguage":"et","@id":"https:\/\/fashiongold.lt\/et\/#\/schema\/logo\/image\/","url":"https:\/\/fashiongold.lt\/wp-content\/uploads\/2025\/04\/cropped-fashion_gold_logotipas2-scaled-1.png","contentUrl":"https:\/\/fashiongold.lt\/wp-content\/uploads\/2025\/04\/cropped-fashion_gold_logotipas2-scaled-1.png","width":2559,"height":421,"caption":"Topdiamonds Online"},"image":{"@id":"https:\/\/fashiongold.lt\/et\/#\/schema\/logo\/image\/"}}]}},"_links":{"self":[{"href":"https:\/\/fashiongold.lt\/et\/wp-json\/wp\/v2\/product\/291335","targetHints":{"allow":["GET"]}}],"collection":[{"href":"https:\/\/fashiongold.lt\/et\/wp-json\/wp\/v2\/product"}],"about":[{"href":"https:\/\/fashiongold.lt\/et\/wp-json\/wp\/v2\/types\/product"}],"version-history":[{"count":0,"href":"https:\/\/fashiongold.lt\/et\/wp-json\/wp\/v2\/product\/291335\/revisions"}],"wp:featuredmedia":[{"embeddable":true,"href":"https:\/\/fashiongold.lt\/et\/wp-json\/wp\/v2\/media\/62324"}],"wp:attachment":[{"href":"https:\/\/fashiongold.lt\/et\/wp-json\/wp\/v2\/media?parent=291335"}],"wp:term":[{"taxonomy":"product_brand","embeddable":true,"href":"https:\/\/fashiongold.lt\/et\/wp-json\/wp\/v2\/product_brand?post=291335"},{"taxonomy":"product_cat","embeddable":true,"href":"https:\/\/fashiongold.lt\/et\/wp-json\/wp\/v2\/product_cat?post=291335"},{"taxonomy":"product_tag","embeddable":true,"href":"https:\/\/fashiongold.lt\/et\/wp-json\/wp\/v2\/product_tag?post=291335"}],"curies":[{"name":"wp","href":"https:\/\/api.w.org\/{rel}","templated":true}]}}