{"id":291493,"date":"2025-10-09T19:32:41","date_gmt":"2025-10-09T19:32:41","guid":{"rendered":"https:\/\/fashiongold.lt\/papuosalas\/onne-toov-sinine-noorkaevoru-teemandiga-kollane-kuld-minimalistlik\/"},"modified":"2025-10-09T19:32:41","modified_gmt":"2025-10-09T19:32:41","slug":"onne-toov-sinine-noorkaevoru-teemandiga-kollane-kuld-minimalistlik","status":"publish","type":"product","link":"https:\/\/fashiongold.lt\/et\/papuosalas\/onne-toov-sinine-noorkaevoru-teemandiga-kollane-kuld-minimalistlik\/","title":{"rendered":"\u00d5nne toov sinine n\u00f6\u00f6rk\u00e4ev\u00f5ru teemandiga (kollane kuld, minimalistlik)"},"content":{"rendered":"<p class=\"MsoNormal\" style=\"margin: 0cm; font-size: 12pt; font-family: 'Times New Roman', serif;\"><span style=\"background: #f7f7f8;\">See <\/span><span lang=\"LT\" style=\"background: #f7f7f8;\">sinise<\/span><span style=\"background: #f7f7f8;\"> ni<\/span><span lang=\"LT\" style=\"background: #f7f7f8;\">i<\/span><span style=\"background: #f7f7f8;\">d<\/span><span lang=\"LT\" style=\"background: #f7f7f8;\">iga<\/span><span style=\"background: #f7f7f8;\"> k\u00e4ev\u00f5ru, millel on peen kollasest kullast detail ja s\u00e4rav looduslik teemant, t\u00f5mbab kindlasti t\u00e4helepanu. Selle eksklusiivne disain ja luksuslik s\u00e4ra annavad erilise v\u00f5lu ja individuaalsuse. Olge kordumatult stiilne ja eriline, kandes seda k\u00e4ev\u00f5ru. Kollane <\/span><span lang=\"LT\" style=\"background: #f7f7f8;\">s\u00e4<\/span><span style=\"background: #f7f7f8;\">ra on t\u00f5eline luksuse ja stiili saladus, mis loob v\u00e4rvika atmosf\u00e4\u00e4ri ja r\u00f5hutab teie isiksuse s\u00e4ra.<\/span><o:p><\/o:p><\/p>\n<p class=\"MsoNormal\" style=\"margin: 0cm; font-size: 12pt; font-family: 'Times New Roman', serif;\"><o:p>\u00a0<\/o:p><\/p>\n<p class=\"MsoNormal\" style=\"margin: 0cm; font-size: 12pt; font-family: 'Times New Roman', serif;\"><span style=\"font-size: 8.5pt; font-family: Verdana, sans-serif; background-image: initial; background-position: initial; background-size: initial; background-repeat: initial; background-attachment: initial; background-origin: initial; background-clip: initial;\">\u00a0<\/span><\/p>\n<p class=\"MsoNormal\" style=\"margin: 0cm; font-size: 12pt; font-family: 'Times New Roman', serif;\"><span lang=\"LT\" style=\"background: #f7f7f8;\">Sinise niidiga k\u00e4ev\u00f5ru sobib k\u00f5igiks<\/span><span style=\"background: #f7f7f8;\"> erilisteks puhkudeks<\/span><span lang=\"LT\" style=\"background: #f7f7f8;\">, kingituseks <\/span><span style=\"background: #f7f7f8;\">&#8211; meestele, naistele ja lastele. S\u00fcnnip\u00e4evadeks, ristimisteks, emadep\u00e4evaks, pulmadeks, pulma-aastap\u00e4eva<\/span><span lang=\"LT\" style=\"background: #f7f7f8;\">deks<\/span><span style=\"background: #f7f7f8;\"> ja s\u00f5pruse t\u00e4histamiseks. See <\/span><span lang=\"LT\" style=\"background: #f7f7f8;\">teemantidega<\/span><span style=\"background: #f7f7f8;\"> <\/span><span lang=\"LT\" style=\"background: #f7f7f8;\">kingitus<\/span><span style=\"background: #f7f7f8;\"> annab erilise t\u00e4henduse ja m\u00e4lestused kogu eluks. Tugevat s\u00f5prust s\u00fcmboliseerivad teemandid lisavad s\u00e4ra ja luksust teie erilistele s\u00fcndmustele. Valige see universaalse iluga aksessuaar, mis toob alati \u00f5nne ja tugevdab s\u00f5prussidemeid.<\/span><o:p><\/o:p><\/p>\n<p class=\"MsoNormal\" style=\"margin: 0cm; font-size: 12pt; font-family: 'Times New Roman', serif;\"><span style=\"background: #f7f7f8;\"><o:p>\u00a0<\/o:p><\/span><\/p>\n<p class=\"p1\" style=\"margin-right: 0cm; margin-left: 0cm; font-size: 12pt; font-family: 'Times New Roman', serif;\">Suurus on reguleeritav. K\u00e4ev\u00f5ru kaunistab ja selle eriliseks aktsendiks on 0,01 ct suurune <span lang=\"LT\">looduslik<\/span><span lang=\"LT\"> <\/span>teemant (briljant), mis on asetatud 585 prooviga kollasest kullast pesasse.<o:p><\/o:p><\/p>\n<p class=\"p1\" style=\"margin-right: 0cm; margin-left: 0cm; font-size: 12pt; font-family: 'Times New Roman', serif;\"><span lang=\"LT\">Kullast detaili s<\/span>aal 0,<span lang=\"LT\">15<\/span> g.<o:p><\/o:p><\/p>\n<p class=\"p1\" style=\"margin-right: 0cm; margin-left: 0cm; font-size: 12pt; font-family: 'Times New Roman', serif;\">Kulddetaili suurus <span lang=\"EN-US\">2<\/span> mm, briljandi suurus 1,<span lang=\"EN-US\">35<\/span> mm.<span class=\"apple-converted-space\">\u00a0<\/span><o:p><\/o:p><\/p>\n<p class=\"p2\" style=\"margin-right: 0cm; margin-left: 0cm; font-size: 12pt; font-family: 'Times New Roman', serif;\">Pidulik pakend luksuslikus ehtekarbis ja kotis &#8211; TASUTA.\u00a0<o:p><\/o:p><\/p>\n","protected":false},"excerpt":{"rendered":"<p><span lang=\"EN-US\" style=\"font-family: 'Times New Roman', serif; font-size: 16px; background: #f7f7f8;\">S<\/span><span lang=\"LT\" style=\"font-family: 'Times New Roman', serif; font-size: 16px; background: #f7f7f8;\">inisest<\/span><span lang=\"LT\" style=\"font-family: 'Times New Roman', serif; font-size: 16px; background: #f7f7f8;\">\u00a0<\/span><span lang=\"LT\" style=\"font-family: 'Times New Roman', serif; font-size: 16px; background: #f7f7f8;\">n<\/span><span style=\"font-family: 'Times New Roman', serif; font-size: 16px; background: #f7f7f8;\">iidist\u00a0<\/span><span lang=\"LT\" style=\"font-family: 'Times New Roman', serif; font-size: 16px; background: #f7f7f8;\">k<\/span><span style=\"font-family: 'Times New Roman', serif; font-size: 16px; background: #f7f7f8;\">\u00e4ev\u00f5ru <\/span><span lang=\"LT\" style=\"font-family: 'Times New Roman', serif; font-size: 16px; background: #f7f7f8;\">m<\/span><span style=\"font-family: 'Times New Roman', serif; font-size: 16px; background: #f7f7f8;\">inimalistlik<\/span><span lang=\"LT\" style=\"font-family: 'Times New Roman', serif; font-size: 16px; background: #f7f7f8;\">u<\/span><span lang=\"LT\" style=\"font-family: 'Times New Roman', serif; font-size: 16px; background: #f7f7f8;\">\u00a0<\/span><span lang=\"LT\" style=\"font-family: 'Times New Roman', serif; font-size: 16px; background: #f7f7f8;\">kollasest<\/span><span lang=\"LT\" style=\"font-family: 'Times New Roman', serif; font-size: 16px; background: #f7f7f8;\">\u00a0<\/span><span lang=\"LT\" style=\"font-family: 'Times New Roman', serif; font-size: 16px; background: #f7f7f8;\">k<\/span><span style=\"font-family: 'Times New Roman', serif; font-size: 16px; background: #f7f7f8;\">ullas<\/span><span lang=\"LT\" style=\"font-family: 'Times New Roman', serif; font-size: 16px; background: #f7f7f8;\">t detaili<\/span><span style=\"font-family: 'Times New Roman', serif; font-size: 16px; background: #f7f7f8;\">\u00a0ja\u00a0<\/span><span lang=\"LT\" style=\"font-family: 'Times New Roman', serif; font-size: 16px; background: #f7f7f8;\">l<\/span><span style=\"font-family: 'Times New Roman', serif; font-size: 16px; background: #f7f7f8;\">oodusliku\u00a0<\/span><span lang=\"LT\" style=\"font-family: 'Times New Roman', serif; font-size: 16px; background: #f7f7f8;\">t<\/span><span style=\"font-family: 'Times New Roman', serif; font-size: 16px; background: #f7f7f8;\">eemandiga \u2013 silmapaistev kombinatsioon v\u00e4rvist, stiilist ja elegantsist.\u00a0<\/span><\/p>\n","protected":false},"featured_media":62040,"template":"","meta":{"site-sidebar-layout":"","site-content-layout":"","ast-site-content-layout":"","site-content-style":"","site-sidebar-style":"","ast-global-header-display":"","ast-banner-title-visibility":"","ast-main-header-display":"","ast-hfb-above-header-display":"","ast-hfb-below-header-display":"","ast-hfb-mobile-header-display":"","site-post-title":"","ast-breadcrumbs-content":"","ast-featured-img":"","footer-sml-layout":"","ast-disable-related-posts":"","theme-transparent-header-meta":"","adv-header-id-meta":"","stick-header-meta":"","header-above-stick-meta":"","header-main-stick-meta":"","header-below-stick-meta":"","astra-migrate-meta-layouts":"default","ast-page-background-enabled":"default","ast-page-background-meta":{"desktop":{"background-color":"var(--ast-global-color-4)","background-image":"","background-repeat":"repeat","background-position":"center center","background-size":"auto","background-attachment":"scroll","background-type":"","background-media":"","overlay-type":"","overlay-color":"","overlay-opacity":"","overlay-gradient":""},"tablet":{"background-color":"","background-image":"","background-repeat":"repeat","background-position":"center center","background-size":"auto","background-attachment":"scroll","background-type":"","background-media":"","overlay-type":"","overlay-color":"","overlay-opacity":"","overlay-gradient":""},"mobile":{"background-color":"","background-image":"","background-repeat":"repeat","background-position":"center center","background-size":"auto","background-attachment":"scroll","background-type":"","background-media":"","overlay-type":"","overlay-color":"","overlay-opacity":"","overlay-gradient":""}},"ast-content-background-meta":{"desktop":{"background-color":"var(--ast-global-color-5)","background-image":"","background-repeat":"repeat","background-position":"center center","background-size":"auto","background-attachment":"scroll","background-type":"","background-media":"","overlay-type":"","overlay-color":"","overlay-opacity":"","overlay-gradient":""},"tablet":{"background-color":"var(--ast-global-color-5)","background-image":"","background-repeat":"repeat","background-position":"center center","background-size":"auto","background-attachment":"scroll","background-type":"","background-media":"","overlay-type":"","overlay-color":"","overlay-opacity":"","overlay-gradient":""},"mobile":{"background-color":"var(--ast-global-color-5)","background-image":"","background-repeat":"repeat","background-position":"center center","background-size":"auto","background-attachment":"scroll","background-type":"","background-media":"","overlay-type":"","overlay-color":"","overlay-opacity":"","overlay-gradient":""}}},"product_brand":[],"product_cat":[3574],"product_tag":[],"class_list":{"0":"post-291493","1":"product","2":"type-product","3":"status-publish","4":"has-post-thumbnail","6":"product_cat-soodusmuuk","7":"desktop-align-center","8":"tablet-align-left","9":"mobile-align-left","10":"ast-product-gallery-layout-horizontal-slider","11":"ast-product-gallery-with-no-image","12":"ast-product-tabs-layout-accordion","13":"ast-qv-on-image","15":"first","16":"instock","17":"taxable","18":"shipping-taxable","19":"purchasable","20":"product-type-simple"},"yoast_head":"<!-- This site is optimized with the Yoast SEO plugin v26.6 - https:\/\/yoast.com\/wordpress\/plugins\/seo\/ -->\n<title>\u00d5nnetoov sinine paelast k\u00e4ev\u00f5ru teemandiga, kollane kuld<\/title>\n<meta name=\"description\" content=\"Sinise niidiga k\u00e4ev\u00f5ru minimalistliku kollasest kullast detaili ja loodusliku teemandiga \u2013 silmapaistev kombinatsioon v\u00e4rvist, stiilist ja elegantsist.\" \/>\n<meta name=\"robots\" content=\"index, follow, max-snippet:-1, max-image-preview:large, max-video-preview:-1\" \/>\n<link rel=\"canonical\" href=\"https:\/\/fashiongold.lt\/et\/papuosalas\/onne-toov-sinine-noorkaevoru-teemandiga-kollane-kuld-minimalistlik\/\" \/>\n<meta property=\"og:locale\" content=\"et_EE\" \/>\n<meta property=\"og:type\" content=\"article\" \/>\n<meta property=\"og:title\" content=\"\u00d5nnetoov sinine paelast k\u00e4ev\u00f5ru teemandiga, kollane kuld\" \/>\n<meta property=\"og:description\" content=\"Sinise niidiga k\u00e4ev\u00f5ru minimalistliku kollasest kullast detaili ja loodusliku teemandiga \u2013 silmapaistev kombinatsioon v\u00e4rvist, stiilist ja elegantsist.\" \/>\n<meta property=\"og:url\" content=\"https:\/\/fashiongold.lt\/et\/papuosalas\/onne-toov-sinine-noorkaevoru-teemandiga-kollane-kuld-minimalistlik\/\" \/>\n<meta property=\"og:site_name\" content=\"FashionGold.lt\" \/>\n<meta property=\"og:image\" content=\"https:\/\/fashiongold.lt\/wp-content\/uploads\/2025\/10\/2791-608-melynas-siulas-su-deimantu.webp\" \/>\n\t<meta property=\"og:image:width\" content=\"947\" \/>\n\t<meta property=\"og:image:height\" content=\"1009\" \/>\n\t<meta property=\"og:image:type\" content=\"image\/jpeg\" \/>\n<meta name=\"twitter:card\" content=\"summary_large_image\" \/>\n<meta name=\"twitter:label1\" content=\"Est. reading time\" \/>\n\t<meta name=\"twitter:data1\" content=\"1 minut\" \/>\n<script type=\"application\/ld+json\" class=\"yoast-schema-graph\">{\"@context\":\"https:\/\/schema.org\",\"@graph\":[{\"@type\":\"WebPage\",\"@id\":\"https:\/\/fashiongold.lt\/et\/papuosalas\/onne-toov-sinine-noorkaevoru-teemandiga-kollane-kuld-minimalistlik\/\",\"url\":\"https:\/\/fashiongold.lt\/et\/papuosalas\/onne-toov-sinine-noorkaevoru-teemandiga-kollane-kuld-minimalistlik\/\",\"name\":\"\u00d5nnetoov sinine paelast k\u00e4ev\u00f5ru teemandiga, kollane kuld\",\"isPartOf\":{\"@id\":\"https:\/\/fashiongold.lt\/et\/#website\"},\"primaryImageOfPage\":{\"@id\":\"https:\/\/fashiongold.lt\/et\/papuosalas\/onne-toov-sinine-noorkaevoru-teemandiga-kollane-kuld-minimalistlik\/#primaryimage\"},\"image\":{\"@id\":\"https:\/\/fashiongold.lt\/et\/papuosalas\/onne-toov-sinine-noorkaevoru-teemandiga-kollane-kuld-minimalistlik\/#primaryimage\"},\"thumbnailUrl\":\"https:\/\/fashiongold.lt\/wp-content\/uploads\/2025\/10\/2791-608-melynas-siulas-su-deimantu.jpg\",\"datePublished\":\"2025-10-09T19:32:41+00:00\",\"description\":\"Sinise niidiga k\u00e4ev\u00f5ru minimalistliku kollasest kullast detaili ja loodusliku teemandiga \u2013 silmapaistev kombinatsioon v\u00e4rvist, stiilist ja elegantsist.\",\"breadcrumb\":{\"@id\":\"https:\/\/fashiongold.lt\/et\/papuosalas\/onne-toov-sinine-noorkaevoru-teemandiga-kollane-kuld-minimalistlik\/#breadcrumb\"},\"inLanguage\":\"et\",\"potentialAction\":[{\"@type\":\"ReadAction\",\"target\":[\"https:\/\/fashiongold.lt\/et\/papuosalas\/onne-toov-sinine-noorkaevoru-teemandiga-kollane-kuld-minimalistlik\/\"]}]},{\"@type\":\"ImageObject\",\"inLanguage\":\"et\",\"@id\":\"https:\/\/fashiongold.lt\/et\/papuosalas\/onne-toov-sinine-noorkaevoru-teemandiga-kollane-kuld-minimalistlik\/#primaryimage\",\"url\":\"https:\/\/fashiongold.lt\/wp-content\/uploads\/2025\/10\/2791-608-melynas-siulas-su-deimantu.jpg\",\"contentUrl\":\"https:\/\/fashiongold.lt\/wp-content\/uploads\/2025\/10\/2791-608-melynas-siulas-su-deimantu.jpg\",\"width\":947,\"height\":1009},{\"@type\":\"BreadcrumbList\",\"@id\":\"https:\/\/fashiongold.lt\/et\/papuosalas\/onne-toov-sinine-noorkaevoru-teemandiga-kollane-kuld-minimalistlik\/#breadcrumb\",\"itemListElement\":[{\"@type\":\"ListItem\",\"position\":1,\"name\":\"Home\",\"item\":\"https:\/\/fashiongold.lt\/et\/\"},{\"@type\":\"ListItem\",\"position\":2,\"name\":\"Teemantide pood Fashiongold.lt\",\"item\":\"https:\/\/fashiongold.lt\/shop-2\/\"},{\"@type\":\"ListItem\",\"position\":3,\"name\":\"\u00d5nne toov sinine n\u00f6\u00f6rk\u00e4ev\u00f5ru teemandiga (kollane kuld, minimalistlik)\"}]},{\"@type\":\"WebSite\",\"@id\":\"https:\/\/fashiongold.lt\/et\/#website\",\"url\":\"https:\/\/fashiongold.lt\/et\/\",\"name\":\"Fashion Gold\",\"description\":\"Juvelyrikos namai\",\"publisher\":{\"@id\":\"https:\/\/fashiongold.lt\/et\/#organization\"},\"potentialAction\":[{\"@type\":\"SearchAction\",\"target\":{\"@type\":\"EntryPoint\",\"urlTemplate\":\"https:\/\/fashiongold.lt\/et\/?s={search_term_string}\"},\"query-input\":{\"@type\":\"PropertyValueSpecification\",\"valueRequired\":true,\"valueName\":\"search_term_string\"}}],\"inLanguage\":\"et\"},{\"@type\":\"Organization\",\"@id\":\"https:\/\/fashiongold.lt\/et\/#organization\",\"name\":\"Topdiamonds Online\",\"url\":\"https:\/\/fashiongold.lt\/et\/\",\"logo\":{\"@type\":\"ImageObject\",\"inLanguage\":\"et\",\"@id\":\"https:\/\/fashiongold.lt\/et\/#\/schema\/logo\/image\/\",\"url\":\"https:\/\/fashiongold.lt\/wp-content\/uploads\/2025\/04\/cropped-fashion_gold_logotipas2-scaled-1.png\",\"contentUrl\":\"https:\/\/fashiongold.lt\/wp-content\/uploads\/2025\/04\/cropped-fashion_gold_logotipas2-scaled-1.png\",\"width\":2559,\"height\":421,\"caption\":\"Topdiamonds Online\"},\"image\":{\"@id\":\"https:\/\/fashiongold.lt\/et\/#\/schema\/logo\/image\/\"}}]}<\/script>\n<!-- \/ Yoast SEO plugin. -->","yoast_head_json":{"title":"\u00d5nnetoov sinine paelast k\u00e4ev\u00f5ru teemandiga, kollane kuld","description":"Sinise niidiga k\u00e4ev\u00f5ru minimalistliku kollasest kullast detaili ja loodusliku teemandiga \u2013 silmapaistev kombinatsioon v\u00e4rvist, stiilist ja elegantsist.","robots":{"index":"index","follow":"follow","max-snippet":"max-snippet:-1","max-image-preview":"max-image-preview:large","max-video-preview":"max-video-preview:-1"},"canonical":"https:\/\/fashiongold.lt\/et\/papuosalas\/onne-toov-sinine-noorkaevoru-teemandiga-kollane-kuld-minimalistlik\/","og_locale":"et_EE","og_type":"article","og_title":"\u00d5nnetoov sinine paelast k\u00e4ev\u00f5ru teemandiga, kollane kuld","og_description":"Sinise niidiga k\u00e4ev\u00f5ru minimalistliku kollasest kullast detaili ja loodusliku teemandiga \u2013 silmapaistev kombinatsioon v\u00e4rvist, stiilist ja elegantsist.","og_url":"https:\/\/fashiongold.lt\/et\/papuosalas\/onne-toov-sinine-noorkaevoru-teemandiga-kollane-kuld-minimalistlik\/","og_site_name":"FashionGold.lt","og_image":[{"width":947,"height":1009,"url":"https:\/\/fashiongold.lt\/wp-content\/uploads\/2025\/10\/2791-608-melynas-siulas-su-deimantu.webp","type":"image\/jpeg"}],"twitter_card":"summary_large_image","twitter_misc":{"Est. reading time":"1 minut"},"schema":{"@context":"https:\/\/schema.org","@graph":[{"@type":"WebPage","@id":"https:\/\/fashiongold.lt\/et\/papuosalas\/onne-toov-sinine-noorkaevoru-teemandiga-kollane-kuld-minimalistlik\/","url":"https:\/\/fashiongold.lt\/et\/papuosalas\/onne-toov-sinine-noorkaevoru-teemandiga-kollane-kuld-minimalistlik\/","name":"\u00d5nnetoov sinine paelast k\u00e4ev\u00f5ru teemandiga, kollane kuld","isPartOf":{"@id":"https:\/\/fashiongold.lt\/et\/#website"},"primaryImageOfPage":{"@id":"https:\/\/fashiongold.lt\/et\/papuosalas\/onne-toov-sinine-noorkaevoru-teemandiga-kollane-kuld-minimalistlik\/#primaryimage"},"image":{"@id":"https:\/\/fashiongold.lt\/et\/papuosalas\/onne-toov-sinine-noorkaevoru-teemandiga-kollane-kuld-minimalistlik\/#primaryimage"},"thumbnailUrl":"https:\/\/fashiongold.lt\/wp-content\/uploads\/2025\/10\/2791-608-melynas-siulas-su-deimantu.jpg","datePublished":"2025-10-09T19:32:41+00:00","description":"Sinise niidiga k\u00e4ev\u00f5ru minimalistliku kollasest kullast detaili ja loodusliku teemandiga \u2013 silmapaistev kombinatsioon v\u00e4rvist, stiilist ja elegantsist.","breadcrumb":{"@id":"https:\/\/fashiongold.lt\/et\/papuosalas\/onne-toov-sinine-noorkaevoru-teemandiga-kollane-kuld-minimalistlik\/#breadcrumb"},"inLanguage":"et","potentialAction":[{"@type":"ReadAction","target":["https:\/\/fashiongold.lt\/et\/papuosalas\/onne-toov-sinine-noorkaevoru-teemandiga-kollane-kuld-minimalistlik\/"]}]},{"@type":"ImageObject","inLanguage":"et","@id":"https:\/\/fashiongold.lt\/et\/papuosalas\/onne-toov-sinine-noorkaevoru-teemandiga-kollane-kuld-minimalistlik\/#primaryimage","url":"https:\/\/fashiongold.lt\/wp-content\/uploads\/2025\/10\/2791-608-melynas-siulas-su-deimantu.jpg","contentUrl":"https:\/\/fashiongold.lt\/wp-content\/uploads\/2025\/10\/2791-608-melynas-siulas-su-deimantu.jpg","width":947,"height":1009},{"@type":"BreadcrumbList","@id":"https:\/\/fashiongold.lt\/et\/papuosalas\/onne-toov-sinine-noorkaevoru-teemandiga-kollane-kuld-minimalistlik\/#breadcrumb","itemListElement":[{"@type":"ListItem","position":1,"name":"Home","item":"https:\/\/fashiongold.lt\/et\/"},{"@type":"ListItem","position":2,"name":"Teemantide pood Fashiongold.lt","item":"https:\/\/fashiongold.lt\/shop-2\/"},{"@type":"ListItem","position":3,"name":"\u00d5nne toov sinine n\u00f6\u00f6rk\u00e4ev\u00f5ru teemandiga (kollane kuld, minimalistlik)"}]},{"@type":"WebSite","@id":"https:\/\/fashiongold.lt\/et\/#website","url":"https:\/\/fashiongold.lt\/et\/","name":"Fashion Gold","description":"Juvelyrikos namai","publisher":{"@id":"https:\/\/fashiongold.lt\/et\/#organization"},"potentialAction":[{"@type":"SearchAction","target":{"@type":"EntryPoint","urlTemplate":"https:\/\/fashiongold.lt\/et\/?s={search_term_string}"},"query-input":{"@type":"PropertyValueSpecification","valueRequired":true,"valueName":"search_term_string"}}],"inLanguage":"et"},{"@type":"Organization","@id":"https:\/\/fashiongold.lt\/et\/#organization","name":"Topdiamonds Online","url":"https:\/\/fashiongold.lt\/et\/","logo":{"@type":"ImageObject","inLanguage":"et","@id":"https:\/\/fashiongold.lt\/et\/#\/schema\/logo\/image\/","url":"https:\/\/fashiongold.lt\/wp-content\/uploads\/2025\/04\/cropped-fashion_gold_logotipas2-scaled-1.png","contentUrl":"https:\/\/fashiongold.lt\/wp-content\/uploads\/2025\/04\/cropped-fashion_gold_logotipas2-scaled-1.png","width":2559,"height":421,"caption":"Topdiamonds Online"},"image":{"@id":"https:\/\/fashiongold.lt\/et\/#\/schema\/logo\/image\/"}}]}},"_links":{"self":[{"href":"https:\/\/fashiongold.lt\/et\/wp-json\/wp\/v2\/product\/291493","targetHints":{"allow":["GET"]}}],"collection":[{"href":"https:\/\/fashiongold.lt\/et\/wp-json\/wp\/v2\/product"}],"about":[{"href":"https:\/\/fashiongold.lt\/et\/wp-json\/wp\/v2\/types\/product"}],"version-history":[{"count":0,"href":"https:\/\/fashiongold.lt\/et\/wp-json\/wp\/v2\/product\/291493\/revisions"}],"wp:featuredmedia":[{"embeddable":true,"href":"https:\/\/fashiongold.lt\/et\/wp-json\/wp\/v2\/media\/62040"}],"wp:attachment":[{"href":"https:\/\/fashiongold.lt\/et\/wp-json\/wp\/v2\/media?parent=291493"}],"wp:term":[{"taxonomy":"product_brand","embeddable":true,"href":"https:\/\/fashiongold.lt\/et\/wp-json\/wp\/v2\/product_brand?post=291493"},{"taxonomy":"product_cat","embeddable":true,"href":"https:\/\/fashiongold.lt\/et\/wp-json\/wp\/v2\/product_cat?post=291493"},{"taxonomy":"product_tag","embeddable":true,"href":"https:\/\/fashiongold.lt\/et\/wp-json\/wp\/v2\/product_tag?post=291493"}],"curies":[{"name":"wp","href":"https:\/\/api.w.org\/{rel}","templated":true}]}}