{"id":291498,"date":"2025-10-09T19:32:41","date_gmt":"2025-10-09T19:32:41","guid":{"rendered":"https:\/\/fashiongold.lt\/papuosalas\/onnetoov-punane-niit-kaevoru-teemandiga-punane-kuld-minimalistlik\/"},"modified":"2025-10-09T19:32:41","modified_gmt":"2025-10-09T19:32:41","slug":"onnetoov-punane-niit-kaevoru-teemandiga-punane-kuld-minimalistlik","status":"publish","type":"product","link":"https:\/\/fashiongold.lt\/et\/papuosalas\/onnetoov-punane-niit-kaevoru-teemandiga-punane-kuld-minimalistlik\/","title":{"rendered":"\u00d5nnetoov punane niit-k\u00e4ev\u00f5ru teemandiga (punane kuld, minimalistlik)"},"content":{"rendered":"<p><span style=\"font-size: medium;\"><\/span><\/p>\n<p class=\"p1\"><span style=\"font-size: 12pt; font-family: 'Times New Roman', serif; background: #f7f7f8;\">See erakordne punase<\/span><span lang=\"LT\" style=\"font-size: 12pt; font-family: 'Times New Roman', serif; background: #f7f7f8;\"> <\/span><span style=\"font-size: 12pt; font-family: 'Times New Roman', serif; background: #f7f7f8;\">paelaga k\u00e4ev\u00f5ru<\/span><span lang=\"LT\" style=\"font-size: 12pt; font-family: 'Times New Roman', serif; background: #f7f7f8;\">,<\/span><span style=\"font-size: 12pt; font-family: 'Times New Roman', serif; background: #f7f7f8;\"> mille minimalistlik punasest kullast detail ja looduslik teemant r\u00f5hutavad teie ainulaadsust ja sensuaalsust. Selle elegantne disain ja luksuslik s\u00e4ra p\u00fc\u00fcavad pilke ning annavad erilise v\u00f5lu. Kan<\/span><span lang=\"LT\" style=\"font-size: 12pt; font-family: 'Times New Roman', serif; background: #f7f7f8;\">d<\/span><span style=\"font-size: 12pt; font-family: 'Times New Roman', serif; background: #f7f7f8;\">ke seda k\u00e4ev\u00f5ru enesekindlalt<\/span><span lang=\"LT\" style=\"font-size: 12pt; font-family: 'Times New Roman', serif; background: #f7f7f8;\">. <\/span><span style=\"font-size: 12pt; font-family: 'Times New Roman', serif; background: #f7f7f8;\">\u00d5nnetooja \u2013 see on t\u00f5eline luksuse ja edu saladus, mis toob esile teie isiksuse s\u00e4ra.<\/span><\/p>\n<p class=\"MsoNormal\" style=\"margin: 0cm; font-size: 12pt; font-family: 'Times New Roman', serif;\"><span lang=\"LT\" style=\"background: #f7f7f8;\">Punase paelaga k\u00e4ev\u00f5ru sobib k\u00f5igiks<\/span><span style=\"background: #f7f7f8;\"> erilisteks s\u00fcndmusteks<\/span><span lang=\"LT\" style=\"background: #f7f7f8;\">, kingituseks <\/span><span style=\"background: #f7f7f8;\">&#8211; meestele, naistele ja lastele. S\u00fcnnip\u00e4evadeks, ristimisteks, emadep\u00e4evaks, pulmadeks, pulma-aastap\u00e4eva<\/span><span lang=\"LT\" style=\"background: #f7f7f8;\">deks<\/span><span style=\"background: #f7f7f8;\"> ja s\u00f5pruse hoidmiseks. See<\/span><span lang=\"LT\" style=\"background: #f7f7f8;\"> <\/span><span style=\"background: #f7f7f8;\">teemantidega kingitu<\/span><span lang=\"LT\" style=\"background: #f7f7f8;\">s<\/span><span style=\"background: #f7f7f8;\"> loob erilise t\u00e4henduse ja m\u00e4lestusi kogu eluks. Tugevat s\u00f5prust s\u00fcmboliseerivad teemandid lisavad teie erilistele s\u00fcndmustele s\u00e4ra ja luksust. Valige see universaalse iluga aksessuaar, mis toob alati \u00f5nne ja tugevdab s\u00f5prussidemeid.<\/span><o:p><\/o:p><\/p>\n<p class=\"p1\"><span style=\"font-family: 'Times New Roman', serif; font-size: 12pt;\">Suurus on reguleeritav. K\u00e4ev\u00f5ru kaunistab ja selle eriliseks aktsendiks on 0,01 ct suurune <\/span><span lang=\"LT\" style=\"font-family: 'Times New Roman', serif; font-size: 12pt;\">looduslik<\/span><span style=\"font-family: 'Times New Roman', serif; font-size: 12pt;\"> briljant, mis on istutatud 585 prooviga punasest kullast raami.<\/span><\/p>\n<p class=\"p1\" style=\"margin-right: 0cm; margin-left: 0cm; font-size: 12pt; font-family: 'Times New Roman', serif;\"><o:p><\/o:p><\/p>\n<p class=\"p1\" style=\"margin-right: 0cm; margin-left: 0cm; font-size: 12pt; font-family: 'Times New Roman', serif;\"><span lang=\"LT\">Kullast detaili k<\/span>aal 0,15 g.<o:p><\/o:p><\/p>\n<p class=\"p1\" style=\"margin-right: 0cm; margin-left: 0cm; font-size: 12pt; font-family: 'Times New Roman', serif;\">Kullast detaili suurus 2 mm, briljandi suurus 1,35 mm.<span class=\"apple-converted-space\">\u00a0<\/span><o:p><\/o:p><\/p>\n<p class=\"p2\" style=\"margin-right: 0cm; margin-left: 0cm; font-size: 12pt; font-family: 'Times New Roman', serif;\">Pidulik pakend luksuslikus ehtekarbis ja kotis &#8211; TASUTA.\u00a0<o:p><\/o:p><\/p>\n","protected":false},"excerpt":{"rendered":"<p><span style=\"font-size: 12pt; font-family: 'Times New Roman', serif; background: #f7f7f8;\">\u00d5nne<\/span><span lang=\"LT\" style=\"font-size: 12pt; font-family: 'Times New Roman', serif; background: #f7f7f8;\">t<\/span><span style=\"font-size: 12pt; font-family: 'Times New Roman', serif; background: #f7f7f8;\">ooja: <\/span><span lang=\"LT\" style=\"font-size: 12pt; font-family: 'Times New Roman', serif; background: #f7f7f8;\">p<\/span><span style=\"font-size: 12pt; font-family: 'Times New Roman', serif; background: #f7f7f8;\">unasest <\/span><span lang=\"LT\" style=\"font-size: 12pt; font-family: 'Times New Roman', serif; background: #f7f7f8;\">n<\/span><span style=\"font-size: 12pt; font-family: 'Times New Roman', serif; background: #f7f7f8;\">\u00f6\u00f6rist <\/span><span lang=\"LT\" style=\"font-size: 12pt; font-family: 'Times New Roman', serif; background: #f7f7f8;\">k\u00e4e<\/span><span style=\"font-size: 12pt; font-family: 'Times New Roman', serif; background: #f7f7f8;\">v\u00f5ru <\/span><span lang=\"LT\" style=\"font-size: 12pt; font-family: 'Times New Roman', serif; background: #f7f7f8;\">m<\/span><span style=\"font-size: 12pt; font-family: 'Times New Roman', serif; background: #f7f7f8;\">inimalistliku <\/span><span lang=\"LT\" style=\"font-size: 12pt; font-family: 'Times New Roman', serif; background: #f7f7f8;\">p<\/span><span style=\"font-size: 12pt; font-family: 'Times New Roman', serif; background: #f7f7f8;\">unasest <\/span><span lang=\"LT\" style=\"font-size: 12pt; font-family: 'Times New Roman', serif; background: #f7f7f8;\">k<\/span><span style=\"font-size: 12pt; font-family: 'Times New Roman', serif; background: #f7f7f8;\">ulla<\/span><span lang=\"LT\" style=\"font-size: 12pt; font-family: 'Times New Roman', serif; background: #f7f7f8;\">st detailiga<\/span><span style=\"font-size: 12pt; font-family: 'Times New Roman', serif; background: #f7f7f8;\"> ja <\/span><span lang=\"LT\" style=\"font-size: 12pt; font-family: 'Times New Roman', serif; background: #f7f7f8;\">l<\/span><span style=\"font-size: 12pt; font-family: 'Times New Roman', serif; background: #f7f7f8;\">oodusliku <\/span><span lang=\"LT\" style=\"font-size: 12pt; font-family: 'Times New Roman', serif; background: #f7f7f8;\">t<\/span><span style=\"font-size: 12pt; font-family: 'Times New Roman', serif; background: #f7f7f8;\">eemandiga &#8211; stiil, s\u00fcmboliseerib \u00f5nne ja \u00fcmbritsevat \u00f5nneenergiat<\/span><\/p>\n","protected":false},"featured_media":62021,"template":"","meta":{"site-sidebar-layout":"","site-content-layout":"","ast-site-content-layout":"","site-content-style":"","site-sidebar-style":"","ast-global-header-display":"","ast-banner-title-visibility":"","ast-main-header-display":"","ast-hfb-above-header-display":"","ast-hfb-below-header-display":"","ast-hfb-mobile-header-display":"","site-post-title":"","ast-breadcrumbs-content":"","ast-featured-img":"","footer-sml-layout":"","ast-disable-related-posts":"","theme-transparent-header-meta":"","adv-header-id-meta":"","stick-header-meta":"","header-above-stick-meta":"","header-main-stick-meta":"","header-below-stick-meta":"","astra-migrate-meta-layouts":"default","ast-page-background-enabled":"default","ast-page-background-meta":{"desktop":{"background-color":"var(--ast-global-color-4)","background-image":"","background-repeat":"repeat","background-position":"center center","background-size":"auto","background-attachment":"scroll","background-type":"","background-media":"","overlay-type":"","overlay-color":"","overlay-opacity":"","overlay-gradient":""},"tablet":{"background-color":"","background-image":"","background-repeat":"repeat","background-position":"center center","background-size":"auto","background-attachment":"scroll","background-type":"","background-media":"","overlay-type":"","overlay-color":"","overlay-opacity":"","overlay-gradient":""},"mobile":{"background-color":"","background-image":"","background-repeat":"repeat","background-position":"center center","background-size":"auto","background-attachment":"scroll","background-type":"","background-media":"","overlay-type":"","overlay-color":"","overlay-opacity":"","overlay-gradient":""}},"ast-content-background-meta":{"desktop":{"background-color":"var(--ast-global-color-5)","background-image":"","background-repeat":"repeat","background-position":"center center","background-size":"auto","background-attachment":"scroll","background-type":"","background-media":"","overlay-type":"","overlay-color":"","overlay-opacity":"","overlay-gradient":""},"tablet":{"background-color":"var(--ast-global-color-5)","background-image":"","background-repeat":"repeat","background-position":"center center","background-size":"auto","background-attachment":"scroll","background-type":"","background-media":"","overlay-type":"","overlay-color":"","overlay-opacity":"","overlay-gradient":""},"mobile":{"background-color":"var(--ast-global-color-5)","background-image":"","background-repeat":"repeat","background-position":"center center","background-size":"auto","background-attachment":"scroll","background-type":"","background-media":"","overlay-type":"","overlay-color":"","overlay-opacity":"","overlay-gradient":""}}},"product_brand":[],"product_cat":[3574],"product_tag":[],"class_list":{"0":"post-291498","1":"product","2":"type-product","3":"status-publish","4":"has-post-thumbnail","6":"product_cat-soodusmuuk","7":"desktop-align-center","8":"tablet-align-left","9":"mobile-align-left","10":"ast-product-gallery-layout-horizontal-slider","11":"ast-product-gallery-with-no-image","12":"ast-product-tabs-layout-accordion","13":"ast-qv-on-image","15":"first","16":"instock","17":"taxable","18":"shipping-taxable","19":"purchasable","20":"product-type-simple"},"yoast_head":"<!-- This site is optimized with the Yoast SEO plugin v26.6 - https:\/\/yoast.com\/wordpress\/plugins\/seo\/ -->\n<title>\u00d5nne toov punane niit-k\u00e4ev\u00f5ru teemandiga, minimalistlik<\/title>\n<meta name=\"description\" content=\"\u00d5nnetooja: punasest n\u00f6\u00f6rist k\u00e4ev\u00f5ru minimalistliku punasest kullast detaili ja naturaalse teemandiga \u2013 stiil, mis s\u00fcmboliseerib edu ja \u00fcmbritsevat \u00f5nneenergiat\" \/>\n<meta name=\"robots\" content=\"index, follow, max-snippet:-1, max-image-preview:large, max-video-preview:-1\" \/>\n<link rel=\"canonical\" href=\"https:\/\/fashiongold.lt\/et\/papuosalas\/onnetoov-punane-niit-kaevoru-teemandiga-punane-kuld-minimalistlik\/\" \/>\n<meta property=\"og:locale\" content=\"et_EE\" \/>\n<meta property=\"og:type\" content=\"article\" \/>\n<meta property=\"og:title\" content=\"\u00d5nne toov punane niit-k\u00e4ev\u00f5ru teemandiga, minimalistlik\" \/>\n<meta property=\"og:description\" content=\"\u00d5nnetooja: punasest n\u00f6\u00f6rist k\u00e4ev\u00f5ru minimalistliku punasest kullast detaili ja naturaalse teemandiga \u2013 stiil, mis s\u00fcmboliseerib edu ja \u00fcmbritsevat \u00f5nneenergiat\" \/>\n<meta property=\"og:url\" content=\"https:\/\/fashiongold.lt\/et\/papuosalas\/onnetoov-punane-niit-kaevoru-teemandiga-punane-kuld-minimalistlik\/\" \/>\n<meta property=\"og:site_name\" content=\"FashionGold.lt\" \/>\n<meta property=\"og:image\" content=\"https:\/\/fashiongold.lt\/wp-content\/uploads\/2025\/10\/2379-7df-Laime-nesantis-raudonas-siulas-apyranke-su-deimantu-baltas-auksas-minimalistinis.webp\" \/>\n\t<meta property=\"og:image:width\" content=\"1200\" \/>\n\t<meta property=\"og:image:height\" content=\"1600\" \/>\n\t<meta property=\"og:image:type\" content=\"image\/jpeg\" \/>\n<meta name=\"twitter:card\" content=\"summary_large_image\" \/>\n<meta name=\"twitter:label1\" content=\"Est. reading time\" \/>\n\t<meta name=\"twitter:data1\" content=\"1 minut\" \/>\n<script type=\"application\/ld+json\" class=\"yoast-schema-graph\">{\"@context\":\"https:\/\/schema.org\",\"@graph\":[{\"@type\":\"WebPage\",\"@id\":\"https:\/\/fashiongold.lt\/et\/papuosalas\/onnetoov-punane-niit-kaevoru-teemandiga-punane-kuld-minimalistlik\/\",\"url\":\"https:\/\/fashiongold.lt\/et\/papuosalas\/onnetoov-punane-niit-kaevoru-teemandiga-punane-kuld-minimalistlik\/\",\"name\":\"\u00d5nne toov punane niit-k\u00e4ev\u00f5ru teemandiga, minimalistlik\",\"isPartOf\":{\"@id\":\"https:\/\/fashiongold.lt\/et\/#website\"},\"primaryImageOfPage\":{\"@id\":\"https:\/\/fashiongold.lt\/et\/papuosalas\/onnetoov-punane-niit-kaevoru-teemandiga-punane-kuld-minimalistlik\/#primaryimage\"},\"image\":{\"@id\":\"https:\/\/fashiongold.lt\/et\/papuosalas\/onnetoov-punane-niit-kaevoru-teemandiga-punane-kuld-minimalistlik\/#primaryimage\"},\"thumbnailUrl\":\"https:\/\/fashiongold.lt\/wp-content\/uploads\/2025\/10\/2379-7df-Laime-nesantis-raudonas-siulas-apyranke-su-deimantu-baltas-auksas-minimalistinis.jpg\",\"datePublished\":\"2025-10-09T19:32:41+00:00\",\"description\":\"\u00d5nnetooja: punasest n\u00f6\u00f6rist k\u00e4ev\u00f5ru minimalistliku punasest kullast detaili ja naturaalse teemandiga \u2013 stiil, mis s\u00fcmboliseerib edu ja \u00fcmbritsevat \u00f5nneenergiat\",\"breadcrumb\":{\"@id\":\"https:\/\/fashiongold.lt\/et\/papuosalas\/onnetoov-punane-niit-kaevoru-teemandiga-punane-kuld-minimalistlik\/#breadcrumb\"},\"inLanguage\":\"et\",\"potentialAction\":[{\"@type\":\"ReadAction\",\"target\":[\"https:\/\/fashiongold.lt\/et\/papuosalas\/onnetoov-punane-niit-kaevoru-teemandiga-punane-kuld-minimalistlik\/\"]}]},{\"@type\":\"ImageObject\",\"inLanguage\":\"et\",\"@id\":\"https:\/\/fashiongold.lt\/et\/papuosalas\/onnetoov-punane-niit-kaevoru-teemandiga-punane-kuld-minimalistlik\/#primaryimage\",\"url\":\"https:\/\/fashiongold.lt\/wp-content\/uploads\/2025\/10\/2379-7df-Laime-nesantis-raudonas-siulas-apyranke-su-deimantu-baltas-auksas-minimalistinis.jpg\",\"contentUrl\":\"https:\/\/fashiongold.lt\/wp-content\/uploads\/2025\/10\/2379-7df-Laime-nesantis-raudonas-siulas-apyranke-su-deimantu-baltas-auksas-minimalistinis.jpg\",\"width\":1200,\"height\":1600},{\"@type\":\"BreadcrumbList\",\"@id\":\"https:\/\/fashiongold.lt\/et\/papuosalas\/onnetoov-punane-niit-kaevoru-teemandiga-punane-kuld-minimalistlik\/#breadcrumb\",\"itemListElement\":[{\"@type\":\"ListItem\",\"position\":1,\"name\":\"Home\",\"item\":\"https:\/\/fashiongold.lt\/et\/\"},{\"@type\":\"ListItem\",\"position\":2,\"name\":\"Teemantide pood Fashiongold.lt\",\"item\":\"https:\/\/fashiongold.lt\/shop-2\/\"},{\"@type\":\"ListItem\",\"position\":3,\"name\":\"\u00d5nnetoov punane niit-k\u00e4ev\u00f5ru teemandiga (punane kuld, minimalistlik)\"}]},{\"@type\":\"WebSite\",\"@id\":\"https:\/\/fashiongold.lt\/et\/#website\",\"url\":\"https:\/\/fashiongold.lt\/et\/\",\"name\":\"Fashion Gold\",\"description\":\"Juvelyrikos namai\",\"publisher\":{\"@id\":\"https:\/\/fashiongold.lt\/et\/#organization\"},\"potentialAction\":[{\"@type\":\"SearchAction\",\"target\":{\"@type\":\"EntryPoint\",\"urlTemplate\":\"https:\/\/fashiongold.lt\/et\/?s={search_term_string}\"},\"query-input\":{\"@type\":\"PropertyValueSpecification\",\"valueRequired\":true,\"valueName\":\"search_term_string\"}}],\"inLanguage\":\"et\"},{\"@type\":\"Organization\",\"@id\":\"https:\/\/fashiongold.lt\/et\/#organization\",\"name\":\"Topdiamonds Online\",\"url\":\"https:\/\/fashiongold.lt\/et\/\",\"logo\":{\"@type\":\"ImageObject\",\"inLanguage\":\"et\",\"@id\":\"https:\/\/fashiongold.lt\/et\/#\/schema\/logo\/image\/\",\"url\":\"https:\/\/fashiongold.lt\/wp-content\/uploads\/2025\/04\/cropped-fashion_gold_logotipas2-scaled-1.png\",\"contentUrl\":\"https:\/\/fashiongold.lt\/wp-content\/uploads\/2025\/04\/cropped-fashion_gold_logotipas2-scaled-1.png\",\"width\":2559,\"height\":421,\"caption\":\"Topdiamonds Online\"},\"image\":{\"@id\":\"https:\/\/fashiongold.lt\/et\/#\/schema\/logo\/image\/\"}}]}<\/script>\n<!-- \/ Yoast SEO plugin. -->","yoast_head_json":{"title":"\u00d5nne toov punane niit-k\u00e4ev\u00f5ru teemandiga, minimalistlik","description":"\u00d5nnetooja: punasest n\u00f6\u00f6rist k\u00e4ev\u00f5ru minimalistliku punasest kullast detaili ja naturaalse teemandiga \u2013 stiil, mis s\u00fcmboliseerib edu ja \u00fcmbritsevat \u00f5nneenergiat","robots":{"index":"index","follow":"follow","max-snippet":"max-snippet:-1","max-image-preview":"max-image-preview:large","max-video-preview":"max-video-preview:-1"},"canonical":"https:\/\/fashiongold.lt\/et\/papuosalas\/onnetoov-punane-niit-kaevoru-teemandiga-punane-kuld-minimalistlik\/","og_locale":"et_EE","og_type":"article","og_title":"\u00d5nne toov punane niit-k\u00e4ev\u00f5ru teemandiga, minimalistlik","og_description":"\u00d5nnetooja: punasest n\u00f6\u00f6rist k\u00e4ev\u00f5ru minimalistliku punasest kullast detaili ja naturaalse teemandiga \u2013 stiil, mis s\u00fcmboliseerib edu ja \u00fcmbritsevat \u00f5nneenergiat","og_url":"https:\/\/fashiongold.lt\/et\/papuosalas\/onnetoov-punane-niit-kaevoru-teemandiga-punane-kuld-minimalistlik\/","og_site_name":"FashionGold.lt","og_image":[{"width":1200,"height":1600,"url":"https:\/\/fashiongold.lt\/wp-content\/uploads\/2025\/10\/2379-7df-Laime-nesantis-raudonas-siulas-apyranke-su-deimantu-baltas-auksas-minimalistinis.webp","type":"image\/jpeg"}],"twitter_card":"summary_large_image","twitter_misc":{"Est. reading time":"1 minut"},"schema":{"@context":"https:\/\/schema.org","@graph":[{"@type":"WebPage","@id":"https:\/\/fashiongold.lt\/et\/papuosalas\/onnetoov-punane-niit-kaevoru-teemandiga-punane-kuld-minimalistlik\/","url":"https:\/\/fashiongold.lt\/et\/papuosalas\/onnetoov-punane-niit-kaevoru-teemandiga-punane-kuld-minimalistlik\/","name":"\u00d5nne toov punane niit-k\u00e4ev\u00f5ru teemandiga, minimalistlik","isPartOf":{"@id":"https:\/\/fashiongold.lt\/et\/#website"},"primaryImageOfPage":{"@id":"https:\/\/fashiongold.lt\/et\/papuosalas\/onnetoov-punane-niit-kaevoru-teemandiga-punane-kuld-minimalistlik\/#primaryimage"},"image":{"@id":"https:\/\/fashiongold.lt\/et\/papuosalas\/onnetoov-punane-niit-kaevoru-teemandiga-punane-kuld-minimalistlik\/#primaryimage"},"thumbnailUrl":"https:\/\/fashiongold.lt\/wp-content\/uploads\/2025\/10\/2379-7df-Laime-nesantis-raudonas-siulas-apyranke-su-deimantu-baltas-auksas-minimalistinis.jpg","datePublished":"2025-10-09T19:32:41+00:00","description":"\u00d5nnetooja: punasest n\u00f6\u00f6rist k\u00e4ev\u00f5ru minimalistliku punasest kullast detaili ja naturaalse teemandiga \u2013 stiil, mis s\u00fcmboliseerib edu ja \u00fcmbritsevat \u00f5nneenergiat","breadcrumb":{"@id":"https:\/\/fashiongold.lt\/et\/papuosalas\/onnetoov-punane-niit-kaevoru-teemandiga-punane-kuld-minimalistlik\/#breadcrumb"},"inLanguage":"et","potentialAction":[{"@type":"ReadAction","target":["https:\/\/fashiongold.lt\/et\/papuosalas\/onnetoov-punane-niit-kaevoru-teemandiga-punane-kuld-minimalistlik\/"]}]},{"@type":"ImageObject","inLanguage":"et","@id":"https:\/\/fashiongold.lt\/et\/papuosalas\/onnetoov-punane-niit-kaevoru-teemandiga-punane-kuld-minimalistlik\/#primaryimage","url":"https:\/\/fashiongold.lt\/wp-content\/uploads\/2025\/10\/2379-7df-Laime-nesantis-raudonas-siulas-apyranke-su-deimantu-baltas-auksas-minimalistinis.jpg","contentUrl":"https:\/\/fashiongold.lt\/wp-content\/uploads\/2025\/10\/2379-7df-Laime-nesantis-raudonas-siulas-apyranke-su-deimantu-baltas-auksas-minimalistinis.jpg","width":1200,"height":1600},{"@type":"BreadcrumbList","@id":"https:\/\/fashiongold.lt\/et\/papuosalas\/onnetoov-punane-niit-kaevoru-teemandiga-punane-kuld-minimalistlik\/#breadcrumb","itemListElement":[{"@type":"ListItem","position":1,"name":"Home","item":"https:\/\/fashiongold.lt\/et\/"},{"@type":"ListItem","position":2,"name":"Teemantide pood Fashiongold.lt","item":"https:\/\/fashiongold.lt\/shop-2\/"},{"@type":"ListItem","position":3,"name":"\u00d5nnetoov punane niit-k\u00e4ev\u00f5ru teemandiga (punane kuld, minimalistlik)"}]},{"@type":"WebSite","@id":"https:\/\/fashiongold.lt\/et\/#website","url":"https:\/\/fashiongold.lt\/et\/","name":"Fashion Gold","description":"Juvelyrikos namai","publisher":{"@id":"https:\/\/fashiongold.lt\/et\/#organization"},"potentialAction":[{"@type":"SearchAction","target":{"@type":"EntryPoint","urlTemplate":"https:\/\/fashiongold.lt\/et\/?s={search_term_string}"},"query-input":{"@type":"PropertyValueSpecification","valueRequired":true,"valueName":"search_term_string"}}],"inLanguage":"et"},{"@type":"Organization","@id":"https:\/\/fashiongold.lt\/et\/#organization","name":"Topdiamonds Online","url":"https:\/\/fashiongold.lt\/et\/","logo":{"@type":"ImageObject","inLanguage":"et","@id":"https:\/\/fashiongold.lt\/et\/#\/schema\/logo\/image\/","url":"https:\/\/fashiongold.lt\/wp-content\/uploads\/2025\/04\/cropped-fashion_gold_logotipas2-scaled-1.png","contentUrl":"https:\/\/fashiongold.lt\/wp-content\/uploads\/2025\/04\/cropped-fashion_gold_logotipas2-scaled-1.png","width":2559,"height":421,"caption":"Topdiamonds Online"},"image":{"@id":"https:\/\/fashiongold.lt\/et\/#\/schema\/logo\/image\/"}}]}},"_links":{"self":[{"href":"https:\/\/fashiongold.lt\/et\/wp-json\/wp\/v2\/product\/291498","targetHints":{"allow":["GET"]}}],"collection":[{"href":"https:\/\/fashiongold.lt\/et\/wp-json\/wp\/v2\/product"}],"about":[{"href":"https:\/\/fashiongold.lt\/et\/wp-json\/wp\/v2\/types\/product"}],"version-history":[{"count":0,"href":"https:\/\/fashiongold.lt\/et\/wp-json\/wp\/v2\/product\/291498\/revisions"}],"wp:featuredmedia":[{"embeddable":true,"href":"https:\/\/fashiongold.lt\/et\/wp-json\/wp\/v2\/media\/62021"}],"wp:attachment":[{"href":"https:\/\/fashiongold.lt\/et\/wp-json\/wp\/v2\/media?parent=291498"}],"wp:term":[{"taxonomy":"product_brand","embeddable":true,"href":"https:\/\/fashiongold.lt\/et\/wp-json\/wp\/v2\/product_brand?post=291498"},{"taxonomy":"product_cat","embeddable":true,"href":"https:\/\/fashiongold.lt\/et\/wp-json\/wp\/v2\/product_cat?post=291498"},{"taxonomy":"product_tag","embeddable":true,"href":"https:\/\/fashiongold.lt\/et\/wp-json\/wp\/v2\/product_tag?post=291498"}],"curies":[{"name":"wp","href":"https:\/\/api.w.org\/{rel}","templated":true}]}}