{"id":291556,"date":"2025-10-10T21:11:23","date_gmt":"2025-10-10T21:11:23","guid":{"rendered":"https:\/\/fashiongold.lt\/papuosalas\/abielusormused-uhendus-4-5-mm-paar\/"},"modified":"2025-10-10T21:11:23","modified_gmt":"2025-10-10T21:11:23","slug":"abielusormused-uhendus-4-5-mm-paar","status":"publish","type":"product","link":"https:\/\/fashiongold.lt\/et\/papuosalas\/abielusormused-uhendus-4-5-mm-paar\/","title":{"rendered":"Abielus\u00f5rmused \u2013 \u00dchendus (4.5 mm) (paar)"},"content":{"rendered":"<p>V\u00f5rratu iluga eksklusiivse disainiga k\u00f5rgekvaliteedilised pulmas\u00f5rmused, millel on mugavustsoon. Suurep\u00e4rane valik, mis peegeldab teie armastuslugu. Nende tehnoloogia on eriline &#8211; pulmas\u00f5rmused on valmistatud karastatud kullast, mis on vastupidav mikrom\u00f5radele, ei sisalda niklit ja kriimustub v\u00e4hem. S\u00f5rmused saab tellida eritellimusel: punasest, kollasest v\u00f5i valgest kullast, lisatasu eest teist v\u00e4rvi kullast \u00e4\u00e4rtega, erineva laiusega v\u00f5i teemantidega.<\/p>\n<p>\u2022 S\u00f5rmuse kuld: 14 K (proov 585), saame valmistada ka 10K (proov 375), 18K (proov 750)\u00a0 \u00a0 \u00a0<\/p>\n<p>\u2022 S\u00f5rmuse v\u00e4rv: valida saab valge, kollase v\u00f5i punase kulla vahel v\u00f5i teist v\u00e4rvi \u00e4\u00e4rtega.\u00a0 \u00a0 \u00a0 \u00a0<\/p>\n<p>\u2022 S\u00f5rmustepaari kaal (s\u00f5ltub suurusest ja proovist): u 8,00 &#8211; 10,00 g\u00a0 \u00a0 \u00a0 \u00a0<\/p>\n<p>\u2022 S\u00f5rmuse m\u00f5\u00f5dud: laius 4,5 mm (muudetav)\u00a0 \u00a0<\/p>\n<p>\u2022 S\u00f5rmuse mugavustsoon: olemas\u00a0<\/p>\n<p>\u2022 Teemandi t\u00fc\u00fcp: Looduslik teemant\u00a0 \u00a0<\/p>\n<p>\u2022 Teemandi kuju: \u00dcmar lihv (Round cut)\u00a0 \u00a0<\/p>\n<p>\u2022 Teemandi omadused: 0,015 ct (muudetav)\u00a0 \u00a0<\/p>\n<p>\u2022 Sertifikaat: Leedu Proovikoda (LPR)\u00a0 \u00a0 \u00a0<\/p>\n<p>\u2022 Graveerimine tasuta<\/p>\n<p>\u2022 \u00dchekordne tasuta s\u00f5rmuse suuruse muutmise garantii<\/p>\n<p>\u2022 Valmistamise ja tarne t\u00e4htaeg alates 14 t\u00f6\u00f6p\u00e4evast, kiirtellimusel 3 t\u00f6\u00f6p\u00e4evaga.<\/p>\n<p><strong>Kas teil on oma kulda? V\u00f5tke \u00fchendust, arvutame hinna \u00fcmber \u2013 tasute ainult s\u00f5rmuste valmistamise eest.<\/strong><\/p>\n","protected":false},"excerpt":{"rendered":"<p>Need on unikaalsed abielus\u00f5rmused, kus kolm s\u00f5rmust on \u00fchendatud \u00fcheks, s\u00fcmboliseerides armastavaid inimesi, kes \u00fchendavad oma elud. Iga s\u00f5rmuse laius on 4,5 mm ja m\u00f5lemal on mugavustsoon, mis tagab nende mugavuse. Need on erilised abielus\u00f5rmused, millest saab teie igavese armastuse s\u00fcmbol.<\/p>\n","protected":false},"featured_media":110034,"template":"","meta":{"site-sidebar-layout":"","site-content-layout":"","ast-site-content-layout":"","site-content-style":"","site-sidebar-style":"","ast-global-header-display":"","ast-banner-title-visibility":"","ast-main-header-display":"","ast-hfb-above-header-display":"","ast-hfb-below-header-display":"","ast-hfb-mobile-header-display":"","site-post-title":"","ast-breadcrumbs-content":"","ast-featured-img":"","footer-sml-layout":"","ast-disable-related-posts":"","theme-transparent-header-meta":"","adv-header-id-meta":"","stick-header-meta":"","header-above-stick-meta":"","header-main-stick-meta":"","header-below-stick-meta":"","astra-migrate-meta-layouts":"default","ast-page-background-enabled":"default","ast-page-background-meta":{"desktop":{"background-color":"var(--ast-global-color-4)","background-image":"","background-repeat":"repeat","background-position":"center center","background-size":"auto","background-attachment":"scroll","background-type":"","background-media":"","overlay-type":"","overlay-color":"","overlay-opacity":"","overlay-gradient":""},"tablet":{"background-color":"","background-image":"","background-repeat":"repeat","background-position":"center center","background-size":"auto","background-attachment":"scroll","background-type":"","background-media":"","overlay-type":"","overlay-color":"","overlay-opacity":"","overlay-gradient":""},"mobile":{"background-color":"","background-image":"","background-repeat":"repeat","background-position":"center center","background-size":"auto","background-attachment":"scroll","background-type":"","background-media":"","overlay-type":"","overlay-color":"","overlay-opacity":"","overlay-gradient":""}},"ast-content-background-meta":{"desktop":{"background-color":"var(--ast-global-color-5)","background-image":"","background-repeat":"repeat","background-position":"center center","background-size":"auto","background-attachment":"scroll","background-type":"","background-media":"","overlay-type":"","overlay-color":"","overlay-opacity":"","overlay-gradient":""},"tablet":{"background-color":"var(--ast-global-color-5)","background-image":"","background-repeat":"repeat","background-position":"center center","background-size":"auto","background-attachment":"scroll","background-type":"","background-media":"","overlay-type":"","overlay-color":"","overlay-opacity":"","overlay-gradient":""},"mobile":{"background-color":"var(--ast-global-color-5)","background-image":"","background-repeat":"repeat","background-position":"center center","background-size":"auto","background-attachment":"scroll","background-type":"","background-media":"","overlay-type":"","overlay-color":"","overlay-opacity":"","overlay-gradient":""}}},"product_brand":[],"product_cat":[3594,3595,3823,3593,3838,3597,3943,3592],"product_tag":[],"class_list":{"0":"post-291556","1":"product","2":"type-product","3":"status-publish","4":"has-post-thumbnail","6":"product_cat-abielusormused","7":"product_cat-abielusormused-paaridele","8":"product_cat-kahevarvilisest-kullast-abielusormused","9":"product_cat-klassikalised-abielusormused","10":"product_cat-kollasest-kullast-abielusormused","11":"product_cat-modernsed-pulmasormused","12":"product_cat-punasest-kullast-abielusormused","13":"product_cat-valgest-kullast-abielusormused","14":"desktop-align-center","15":"tablet-align-left","16":"mobile-align-left","17":"ast-product-gallery-layout-horizontal-slider","18":"ast-product-gallery-with-no-image","19":"ast-product-single-variable","20":"ast-product-tabs-layout-accordion","21":"ast-qv-on-image","23":"first","24":"instock","25":"taxable","26":"shipping-taxable","27":"purchasable","28":"product-type-variable"},"yoast_head":"<!-- This site is optimized with the Yoast SEO plugin v26.6 - https:\/\/yoast.com\/wordpress\/plugins\/seo\/ -->\n<title>Abielus\u00f5rmused - \u00dchendus (4.5 mm) I FashionGold<\/title>\n<meta name=\"description\" content=\"Kolm \u00fcheks \u00fchendatud s\u00f5rmust, mis s\u00fcmboliseerivad oma elusid \u00fchendavaid armastavaid inimesi. K\u00f5rge kvaliteet. Mugavustsoon. 30-aastane kogemus. Parimad hinnad.\" \/>\n<meta name=\"robots\" content=\"index, follow, max-snippet:-1, max-image-preview:large, max-video-preview:-1\" \/>\n<link rel=\"canonical\" href=\"https:\/\/fashiongold.lt\/et\/papuosalas\/abielusormused-uhendus-4-5-mm-paar\/\" \/>\n<meta property=\"og:locale\" content=\"et_EE\" \/>\n<meta property=\"og:type\" content=\"article\" \/>\n<meta property=\"og:title\" content=\"Abielus\u00f5rmused - \u00dchendus (4.5 mm) I FashionGold\" \/>\n<meta property=\"og:description\" content=\"Kolm \u00fcheks \u00fchendatud s\u00f5rmust, mis s\u00fcmboliseerivad oma elusid \u00fchendavaid armastavaid inimesi. K\u00f5rge kvaliteet. Mugavustsoon. 30-aastane kogemus. Parimad hinnad.\" \/>\n<meta property=\"og:url\" content=\"https:\/\/fashiongold.lt\/et\/papuosalas\/abielusormused-uhendus-4-5-mm-paar\/\" \/>\n<meta property=\"og:site_name\" content=\"FashionGold.lt\" \/>\n<meta property=\"og:image\" content=\"https:\/\/fashiongold.lt\/wp-content\/uploads\/2025\/10\/7563-d93-Vestuviniai-ziedai-Sujungimas-4.5-mm.webp\" \/>\n\t<meta property=\"og:image:width\" content=\"1000\" \/>\n\t<meta property=\"og:image:height\" content=\"1000\" \/>\n\t<meta property=\"og:image:type\" content=\"image\/png\" \/>\n<meta name=\"twitter:card\" content=\"summary_large_image\" \/>\n<meta name=\"twitter:label1\" content=\"Est. reading time\" \/>\n\t<meta name=\"twitter:data1\" content=\"1 minut\" \/>\n<script type=\"application\/ld+json\" class=\"yoast-schema-graph\">{\"@context\":\"https:\/\/schema.org\",\"@graph\":[{\"@type\":\"WebPage\",\"@id\":\"https:\/\/fashiongold.lt\/et\/papuosalas\/abielusormused-uhendus-4-5-mm-paar\/\",\"url\":\"https:\/\/fashiongold.lt\/et\/papuosalas\/abielusormused-uhendus-4-5-mm-paar\/\",\"name\":\"Abielus\u00f5rmused - \u00dchendus (4.5 mm) I FashionGold\",\"isPartOf\":{\"@id\":\"https:\/\/fashiongold.lt\/et\/#website\"},\"primaryImageOfPage\":{\"@id\":\"https:\/\/fashiongold.lt\/et\/papuosalas\/abielusormused-uhendus-4-5-mm-paar\/#primaryimage\"},\"image\":{\"@id\":\"https:\/\/fashiongold.lt\/et\/papuosalas\/abielusormused-uhendus-4-5-mm-paar\/#primaryimage\"},\"thumbnailUrl\":\"https:\/\/fashiongold.lt\/wp-content\/uploads\/2025\/10\/7563-d93-Vestuviniai-ziedai-Sujungimas-4.5-mm.png\",\"datePublished\":\"2025-10-10T21:11:23+00:00\",\"description\":\"Kolm \u00fcheks \u00fchendatud s\u00f5rmust, mis s\u00fcmboliseerivad oma elusid \u00fchendavaid armastavaid inimesi. K\u00f5rge kvaliteet. Mugavustsoon. 30-aastane kogemus. Parimad hinnad.\",\"breadcrumb\":{\"@id\":\"https:\/\/fashiongold.lt\/et\/papuosalas\/abielusormused-uhendus-4-5-mm-paar\/#breadcrumb\"},\"inLanguage\":\"et\",\"potentialAction\":[{\"@type\":\"ReadAction\",\"target\":[\"https:\/\/fashiongold.lt\/et\/papuosalas\/abielusormused-uhendus-4-5-mm-paar\/\"]}]},{\"@type\":\"ImageObject\",\"inLanguage\":\"et\",\"@id\":\"https:\/\/fashiongold.lt\/et\/papuosalas\/abielusormused-uhendus-4-5-mm-paar\/#primaryimage\",\"url\":\"https:\/\/fashiongold.lt\/wp-content\/uploads\/2025\/10\/7563-d93-Vestuviniai-ziedai-Sujungimas-4.5-mm.png\",\"contentUrl\":\"https:\/\/fashiongold.lt\/wp-content\/uploads\/2025\/10\/7563-d93-Vestuviniai-ziedai-Sujungimas-4.5-mm.png\",\"width\":1000,\"height\":1000},{\"@type\":\"BreadcrumbList\",\"@id\":\"https:\/\/fashiongold.lt\/et\/papuosalas\/abielusormused-uhendus-4-5-mm-paar\/#breadcrumb\",\"itemListElement\":[{\"@type\":\"ListItem\",\"position\":1,\"name\":\"Home\",\"item\":\"https:\/\/fashiongold.lt\/et\/\"},{\"@type\":\"ListItem\",\"position\":2,\"name\":\"Teemantide pood Fashiongold.lt\",\"item\":\"https:\/\/fashiongold.lt\/shop-2\/\"},{\"@type\":\"ListItem\",\"position\":3,\"name\":\"Abielus\u00f5rmused \u2013 \u00dchendus (4.5 mm) (paar)\"}]},{\"@type\":\"WebSite\",\"@id\":\"https:\/\/fashiongold.lt\/et\/#website\",\"url\":\"https:\/\/fashiongold.lt\/et\/\",\"name\":\"Fashion Gold\",\"description\":\"Juvelyrikos namai\",\"publisher\":{\"@id\":\"https:\/\/fashiongold.lt\/et\/#organization\"},\"potentialAction\":[{\"@type\":\"SearchAction\",\"target\":{\"@type\":\"EntryPoint\",\"urlTemplate\":\"https:\/\/fashiongold.lt\/et\/?s={search_term_string}\"},\"query-input\":{\"@type\":\"PropertyValueSpecification\",\"valueRequired\":true,\"valueName\":\"search_term_string\"}}],\"inLanguage\":\"et\"},{\"@type\":\"Organization\",\"@id\":\"https:\/\/fashiongold.lt\/et\/#organization\",\"name\":\"Topdiamonds Online\",\"url\":\"https:\/\/fashiongold.lt\/et\/\",\"logo\":{\"@type\":\"ImageObject\",\"inLanguage\":\"et\",\"@id\":\"https:\/\/fashiongold.lt\/et\/#\/schema\/logo\/image\/\",\"url\":\"https:\/\/fashiongold.lt\/wp-content\/uploads\/2025\/04\/cropped-fashion_gold_logotipas2-scaled-1.png\",\"contentUrl\":\"https:\/\/fashiongold.lt\/wp-content\/uploads\/2025\/04\/cropped-fashion_gold_logotipas2-scaled-1.png\",\"width\":2559,\"height\":421,\"caption\":\"Topdiamonds Online\"},\"image\":{\"@id\":\"https:\/\/fashiongold.lt\/et\/#\/schema\/logo\/image\/\"}}]}<\/script>\n<!-- \/ Yoast SEO plugin. -->","yoast_head_json":{"title":"Abielus\u00f5rmused - \u00dchendus (4.5 mm) I FashionGold","description":"Kolm \u00fcheks \u00fchendatud s\u00f5rmust, mis s\u00fcmboliseerivad oma elusid \u00fchendavaid armastavaid inimesi. K\u00f5rge kvaliteet. Mugavustsoon. 30-aastane kogemus. Parimad hinnad.","robots":{"index":"index","follow":"follow","max-snippet":"max-snippet:-1","max-image-preview":"max-image-preview:large","max-video-preview":"max-video-preview:-1"},"canonical":"https:\/\/fashiongold.lt\/et\/papuosalas\/abielusormused-uhendus-4-5-mm-paar\/","og_locale":"et_EE","og_type":"article","og_title":"Abielus\u00f5rmused - \u00dchendus (4.5 mm) I FashionGold","og_description":"Kolm \u00fcheks \u00fchendatud s\u00f5rmust, mis s\u00fcmboliseerivad oma elusid \u00fchendavaid armastavaid inimesi. K\u00f5rge kvaliteet. Mugavustsoon. 30-aastane kogemus. Parimad hinnad.","og_url":"https:\/\/fashiongold.lt\/et\/papuosalas\/abielusormused-uhendus-4-5-mm-paar\/","og_site_name":"FashionGold.lt","og_image":[{"width":1000,"height":1000,"url":"https:\/\/fashiongold.lt\/wp-content\/uploads\/2025\/10\/7563-d93-Vestuviniai-ziedai-Sujungimas-4.5-mm.webp","type":"image\/png"}],"twitter_card":"summary_large_image","twitter_misc":{"Est. reading time":"1 minut"},"schema":{"@context":"https:\/\/schema.org","@graph":[{"@type":"WebPage","@id":"https:\/\/fashiongold.lt\/et\/papuosalas\/abielusormused-uhendus-4-5-mm-paar\/","url":"https:\/\/fashiongold.lt\/et\/papuosalas\/abielusormused-uhendus-4-5-mm-paar\/","name":"Abielus\u00f5rmused - \u00dchendus (4.5 mm) I FashionGold","isPartOf":{"@id":"https:\/\/fashiongold.lt\/et\/#website"},"primaryImageOfPage":{"@id":"https:\/\/fashiongold.lt\/et\/papuosalas\/abielusormused-uhendus-4-5-mm-paar\/#primaryimage"},"image":{"@id":"https:\/\/fashiongold.lt\/et\/papuosalas\/abielusormused-uhendus-4-5-mm-paar\/#primaryimage"},"thumbnailUrl":"https:\/\/fashiongold.lt\/wp-content\/uploads\/2025\/10\/7563-d93-Vestuviniai-ziedai-Sujungimas-4.5-mm.png","datePublished":"2025-10-10T21:11:23+00:00","description":"Kolm \u00fcheks \u00fchendatud s\u00f5rmust, mis s\u00fcmboliseerivad oma elusid \u00fchendavaid armastavaid inimesi. K\u00f5rge kvaliteet. Mugavustsoon. 30-aastane kogemus. Parimad hinnad.","breadcrumb":{"@id":"https:\/\/fashiongold.lt\/et\/papuosalas\/abielusormused-uhendus-4-5-mm-paar\/#breadcrumb"},"inLanguage":"et","potentialAction":[{"@type":"ReadAction","target":["https:\/\/fashiongold.lt\/et\/papuosalas\/abielusormused-uhendus-4-5-mm-paar\/"]}]},{"@type":"ImageObject","inLanguage":"et","@id":"https:\/\/fashiongold.lt\/et\/papuosalas\/abielusormused-uhendus-4-5-mm-paar\/#primaryimage","url":"https:\/\/fashiongold.lt\/wp-content\/uploads\/2025\/10\/7563-d93-Vestuviniai-ziedai-Sujungimas-4.5-mm.png","contentUrl":"https:\/\/fashiongold.lt\/wp-content\/uploads\/2025\/10\/7563-d93-Vestuviniai-ziedai-Sujungimas-4.5-mm.png","width":1000,"height":1000},{"@type":"BreadcrumbList","@id":"https:\/\/fashiongold.lt\/et\/papuosalas\/abielusormused-uhendus-4-5-mm-paar\/#breadcrumb","itemListElement":[{"@type":"ListItem","position":1,"name":"Home","item":"https:\/\/fashiongold.lt\/et\/"},{"@type":"ListItem","position":2,"name":"Teemantide pood Fashiongold.lt","item":"https:\/\/fashiongold.lt\/shop-2\/"},{"@type":"ListItem","position":3,"name":"Abielus\u00f5rmused \u2013 \u00dchendus (4.5 mm) (paar)"}]},{"@type":"WebSite","@id":"https:\/\/fashiongold.lt\/et\/#website","url":"https:\/\/fashiongold.lt\/et\/","name":"Fashion Gold","description":"Juvelyrikos namai","publisher":{"@id":"https:\/\/fashiongold.lt\/et\/#organization"},"potentialAction":[{"@type":"SearchAction","target":{"@type":"EntryPoint","urlTemplate":"https:\/\/fashiongold.lt\/et\/?s={search_term_string}"},"query-input":{"@type":"PropertyValueSpecification","valueRequired":true,"valueName":"search_term_string"}}],"inLanguage":"et"},{"@type":"Organization","@id":"https:\/\/fashiongold.lt\/et\/#organization","name":"Topdiamonds Online","url":"https:\/\/fashiongold.lt\/et\/","logo":{"@type":"ImageObject","inLanguage":"et","@id":"https:\/\/fashiongold.lt\/et\/#\/schema\/logo\/image\/","url":"https:\/\/fashiongold.lt\/wp-content\/uploads\/2025\/04\/cropped-fashion_gold_logotipas2-scaled-1.png","contentUrl":"https:\/\/fashiongold.lt\/wp-content\/uploads\/2025\/04\/cropped-fashion_gold_logotipas2-scaled-1.png","width":2559,"height":421,"caption":"Topdiamonds Online"},"image":{"@id":"https:\/\/fashiongold.lt\/et\/#\/schema\/logo\/image\/"}}]}},"_links":{"self":[{"href":"https:\/\/fashiongold.lt\/et\/wp-json\/wp\/v2\/product\/291556","targetHints":{"allow":["GET"]}}],"collection":[{"href":"https:\/\/fashiongold.lt\/et\/wp-json\/wp\/v2\/product"}],"about":[{"href":"https:\/\/fashiongold.lt\/et\/wp-json\/wp\/v2\/types\/product"}],"version-history":[{"count":0,"href":"https:\/\/fashiongold.lt\/et\/wp-json\/wp\/v2\/product\/291556\/revisions"}],"wp:featuredmedia":[{"embeddable":true,"href":"https:\/\/fashiongold.lt\/et\/wp-json\/wp\/v2\/media\/110034"}],"wp:attachment":[{"href":"https:\/\/fashiongold.lt\/et\/wp-json\/wp\/v2\/media?parent=291556"}],"wp:term":[{"taxonomy":"product_brand","embeddable":true,"href":"https:\/\/fashiongold.lt\/et\/wp-json\/wp\/v2\/product_brand?post=291556"},{"taxonomy":"product_cat","embeddable":true,"href":"https:\/\/fashiongold.lt\/et\/wp-json\/wp\/v2\/product_cat?post=291556"},{"taxonomy":"product_tag","embeddable":true,"href":"https:\/\/fashiongold.lt\/et\/wp-json\/wp\/v2\/product_tag?post=291556"}],"curies":[{"name":"wp","href":"https:\/\/api.w.org\/{rel}","templated":true}]}}