{"id":291766,"date":"2025-10-10T02:15:00","date_gmt":"2025-10-10T02:15:00","guid":{"rendered":"https:\/\/fashiongold.lt\/papuosalas\/klassikaline-punasest-kullast-teemantsormus-klassikaline-armastuse-sumbol-100-ct-h-si2\/"},"modified":"2025-10-10T02:15:00","modified_gmt":"2025-10-10T02:15:00","slug":"klassikaline-punasest-kullast-teemantsormus-klassikaline-armastuse-sumbol-100-ct-h-si2","status":"publish","type":"product","link":"https:\/\/fashiongold.lt\/et\/papuosalas\/klassikaline-punasest-kullast-teemantsormus-klassikaline-armastuse-sumbol-100-ct-h-si2\/","title":{"rendered":"Klassikaline punasest kullast teemants\u00f5rmus \u2013 Klassikaline armastuse s\u00fcmbol (1,00 ct H\/SI2)"},"content":{"rendered":"<p>Valmistatud Leedus. S\u00f5rmust saab tellida punasest, kollasest ja valgest kullast.<\/p>\n<p>\u2022 Teemandi t\u00fc\u00fcp: Looduslik teemant<\/p>\n<p>\u2022 Teemandi kuju: \u00dcmar lihv (Round cut)<\/p>\n<p>\u2022 Teemandi omadused: 1,00 ct, v\u00e4rvus H (W); puhtus SI2,<\/p>\n<p>\u2022 Sertifikaat: Leedu Proovikoda (LPR) ja lisaks IGI<\/p>\n<p>\u2022 S\u00f5rmuse kuld: 14K (proov 585)<\/p>\n<p>\u2022 S\u00f5rmuse v\u00e4rvus: punane kuld<\/p>\n<p>\u2022 S\u00f5rmuse kaal: u 3,60-4,20 g<\/p>\n<p>\u2022 S\u00f5rmuse m\u00f5\u00f5tmed: , krooni suurus &#8211; mm, v\u00f5ru laius &#8211; mm<\/p>\n","protected":false},"excerpt":{"rendered":"<p>Klassikaline punasest kullast s\u00f5rmus \u00fche 1,00 ct teemandiga. S\u00f5rmuse disain on kandmiseks v\u00e4ga mugav, teemant on kinnitatud mugavasse madalasse nelja haruga pesasse. See klassikaline s\u00f5rmuse disain sobib ideaalselt kihluseks ja erilisteks puhkudeks.<\/p>\n","protected":false},"featured_media":88749,"template":"","meta":{"site-sidebar-layout":"","site-content-layout":"","ast-site-content-layout":"","site-content-style":"","site-sidebar-style":"","ast-global-header-display":"","ast-banner-title-visibility":"","ast-main-header-display":"","ast-hfb-above-header-display":"","ast-hfb-below-header-display":"","ast-hfb-mobile-header-display":"","site-post-title":"","ast-breadcrumbs-content":"","ast-featured-img":"","footer-sml-layout":"","ast-disable-related-posts":"","theme-transparent-header-meta":"","adv-header-id-meta":"","stick-header-meta":"","header-above-stick-meta":"","header-main-stick-meta":"","header-below-stick-meta":"","astra-migrate-meta-layouts":"default","ast-page-background-enabled":"default","ast-page-background-meta":{"desktop":{"background-color":"var(--ast-global-color-4)","background-image":"","background-repeat":"repeat","background-position":"center center","background-size":"auto","background-attachment":"scroll","background-type":"","background-media":"","overlay-type":"","overlay-color":"","overlay-opacity":"","overlay-gradient":""},"tablet":{"background-color":"","background-image":"","background-repeat":"repeat","background-position":"center center","background-size":"auto","background-attachment":"scroll","background-type":"","background-media":"","overlay-type":"","overlay-color":"","overlay-opacity":"","overlay-gradient":""},"mobile":{"background-color":"","background-image":"","background-repeat":"repeat","background-position":"center center","background-size":"auto","background-attachment":"scroll","background-type":"","background-media":"","overlay-type":"","overlay-color":"","overlay-opacity":"","overlay-gradient":""}},"ast-content-background-meta":{"desktop":{"background-color":"var(--ast-global-color-5)","background-image":"","background-repeat":"repeat","background-position":"center center","background-size":"auto","background-attachment":"scroll","background-type":"","background-media":"","overlay-type":"","overlay-color":"","overlay-opacity":"","overlay-gradient":""},"tablet":{"background-color":"var(--ast-global-color-5)","background-image":"","background-repeat":"repeat","background-position":"center center","background-size":"auto","background-attachment":"scroll","background-type":"","background-media":"","overlay-type":"","overlay-color":"","overlay-opacity":"","overlay-gradient":""},"mobile":{"background-color":"var(--ast-global-color-5)","background-image":"","background-repeat":"repeat","background-position":"center center","background-size":"auto","background-attachment":"scroll","background-type":"","background-media":"","overlay-type":"","overlay-color":"","overlay-opacity":"","overlay-gradient":""}}},"product_brand":[],"product_cat":[3758,3058,2830,2826,3422,2829,2823,2828,2822,2824,3392,2821,3444,2967,3426,2845,3466],"product_tag":[],"class_list":{"0":"post-291766","1":"product","2":"type-product","3":"status-publish","4":"has-post-thumbnail","6":"product_cat-1-karaadise-teemandiga-kihlasormused","7":"product_cat-ehted","8":"product_cat-emadepaeva-kingitused","9":"product_cat-joulukingid","10":"product_cat-kihlasormused","11":"product_cat-kingitused-erilisteks-puhkudeks","12":"product_cat-kingitused-lapse-sunni-puhul","13":"product_cat-kingitused-lopetamise-puhul","14":"product_cat-kingitused-naistele","15":"product_cat-kingitused-pulma-aastapaeva-puhul","16":"product_cat-kingitused-pulmade-puhul","17":"product_cat-kingitused-sunnipaevaks","18":"product_cat-klasikalised-kihlusesormused","19":"product_cat-punasest-kullast-ehted","20":"product_cat-punasest-kullast-kihlasormused","21":"product_cat-sobrapaeva-kingitused","22":"product_cat-teemantsormused","23":"desktop-align-center","24":"tablet-align-left","25":"mobile-align-left","26":"ast-product-gallery-layout-horizontal-slider","27":"ast-product-gallery-with-no-image","28":"ast-product-single-variable","29":"ast-product-tabs-layout-accordion","30":"ast-qv-on-image","32":"first","33":"instock","34":"taxable","35":"shipping-taxable","36":"purchasable","37":"product-type-variable"},"yoast_head":"<!-- This site is optimized with the Yoast SEO plugin v26.6 - https:\/\/yoast.com\/wordpress\/plugins\/seo\/ -->\n<title>Teemandiga kihlas\u00f5rmus - Armastuse s\u00fcmbol (1,00 ct)<\/title>\n<meta name=\"description\" content=\"S\u00f5rmus on kandmisel mugav, teemant on kinnitatud mugavasse madalasse nelja haruga krooni. Sobib kihluseks ja erilisteks puhkudeks. Valmistatud Leedus.\" \/>\n<meta name=\"robots\" content=\"index, follow, max-snippet:-1, max-image-preview:large, max-video-preview:-1\" \/>\n<link rel=\"canonical\" href=\"https:\/\/fashiongold.lt\/et\/papuosalas\/klassikaline-punasest-kullast-teemantsormus-klassikaline-armastuse-sumbol-100-ct-h-si2\/\" \/>\n<meta property=\"og:locale\" content=\"et_EE\" \/>\n<meta property=\"og:type\" content=\"article\" \/>\n<meta property=\"og:title\" content=\"Teemandiga kihlas\u00f5rmus - Armastuse s\u00fcmbol (1,00 ct)\" \/>\n<meta property=\"og:description\" content=\"S\u00f5rmus on kandmisel mugav, teemant on kinnitatud mugavasse madalasse nelja haruga krooni. Sobib kihluseks ja erilisteks puhkudeks. Valmistatud Leedus.\" \/>\n<meta property=\"og:url\" content=\"https:\/\/fashiongold.lt\/et\/papuosalas\/klassikaline-punasest-kullast-teemantsormus-klassikaline-armastuse-sumbol-100-ct-h-si2\/\" \/>\n<meta property=\"og:site_name\" content=\"FashionGold.lt\" \/>\n<meta property=\"og:image\" content=\"https:\/\/fashiongold.lt\/wp-content\/uploads\/2025\/10\/7304-2bb-Klasikinis-raudono-aukso-ziedas-su-deimantu-Klasikinis-Meiles-Simbolis-100-ct.webp\" \/>\n\t<meta property=\"og:image:width\" content=\"1000\" \/>\n\t<meta property=\"og:image:height\" content=\"1000\" \/>\n\t<meta property=\"og:image:type\" content=\"image\/png\" \/>\n<meta name=\"twitter:card\" content=\"summary_large_image\" \/>\n<script type=\"application\/ld+json\" class=\"yoast-schema-graph\">{\"@context\":\"https:\/\/schema.org\",\"@graph\":[{\"@type\":\"WebPage\",\"@id\":\"https:\/\/fashiongold.lt\/et\/papuosalas\/klassikaline-punasest-kullast-teemantsormus-klassikaline-armastuse-sumbol-100-ct-h-si2\/\",\"url\":\"https:\/\/fashiongold.lt\/et\/papuosalas\/klassikaline-punasest-kullast-teemantsormus-klassikaline-armastuse-sumbol-100-ct-h-si2\/\",\"name\":\"Teemandiga kihlas\u00f5rmus - Armastuse s\u00fcmbol (1,00 ct)\",\"isPartOf\":{\"@id\":\"https:\/\/fashiongold.lt\/et\/#website\"},\"primaryImageOfPage\":{\"@id\":\"https:\/\/fashiongold.lt\/et\/papuosalas\/klassikaline-punasest-kullast-teemantsormus-klassikaline-armastuse-sumbol-100-ct-h-si2\/#primaryimage\"},\"image\":{\"@id\":\"https:\/\/fashiongold.lt\/et\/papuosalas\/klassikaline-punasest-kullast-teemantsormus-klassikaline-armastuse-sumbol-100-ct-h-si2\/#primaryimage\"},\"thumbnailUrl\":\"https:\/\/fashiongold.lt\/wp-content\/uploads\/2025\/10\/7304-2bb-Klasikinis-raudono-aukso-ziedas-su-deimantu-Klasikinis-Meiles-Simbolis-100-ct.png\",\"datePublished\":\"2025-10-10T02:15:00+00:00\",\"description\":\"S\u00f5rmus on kandmisel mugav, teemant on kinnitatud mugavasse madalasse nelja haruga krooni. Sobib kihluseks ja erilisteks puhkudeks. Valmistatud Leedus.\",\"breadcrumb\":{\"@id\":\"https:\/\/fashiongold.lt\/et\/papuosalas\/klassikaline-punasest-kullast-teemantsormus-klassikaline-armastuse-sumbol-100-ct-h-si2\/#breadcrumb\"},\"inLanguage\":\"et\",\"potentialAction\":[{\"@type\":\"ReadAction\",\"target\":[\"https:\/\/fashiongold.lt\/et\/papuosalas\/klassikaline-punasest-kullast-teemantsormus-klassikaline-armastuse-sumbol-100-ct-h-si2\/\"]}]},{\"@type\":\"ImageObject\",\"inLanguage\":\"et\",\"@id\":\"https:\/\/fashiongold.lt\/et\/papuosalas\/klassikaline-punasest-kullast-teemantsormus-klassikaline-armastuse-sumbol-100-ct-h-si2\/#primaryimage\",\"url\":\"https:\/\/fashiongold.lt\/wp-content\/uploads\/2025\/10\/7304-2bb-Klasikinis-raudono-aukso-ziedas-su-deimantu-Klasikinis-Meiles-Simbolis-100-ct.png\",\"contentUrl\":\"https:\/\/fashiongold.lt\/wp-content\/uploads\/2025\/10\/7304-2bb-Klasikinis-raudono-aukso-ziedas-su-deimantu-Klasikinis-Meiles-Simbolis-100-ct.png\",\"width\":1000,\"height\":1000},{\"@type\":\"BreadcrumbList\",\"@id\":\"https:\/\/fashiongold.lt\/et\/papuosalas\/klassikaline-punasest-kullast-teemantsormus-klassikaline-armastuse-sumbol-100-ct-h-si2\/#breadcrumb\",\"itemListElement\":[{\"@type\":\"ListItem\",\"position\":1,\"name\":\"Home\",\"item\":\"https:\/\/fashiongold.lt\/et\/\"},{\"@type\":\"ListItem\",\"position\":2,\"name\":\"Teemantide pood Fashiongold.lt\",\"item\":\"https:\/\/fashiongold.lt\/shop-2\/\"},{\"@type\":\"ListItem\",\"position\":3,\"name\":\"Klassikaline punasest kullast teemants\u00f5rmus \u2013 Klassikaline armastuse s\u00fcmbol (1,00 ct H\/SI2)\"}]},{\"@type\":\"WebSite\",\"@id\":\"https:\/\/fashiongold.lt\/et\/#website\",\"url\":\"https:\/\/fashiongold.lt\/et\/\",\"name\":\"Fashion Gold\",\"description\":\"Juvelyrikos namai\",\"publisher\":{\"@id\":\"https:\/\/fashiongold.lt\/et\/#organization\"},\"potentialAction\":[{\"@type\":\"SearchAction\",\"target\":{\"@type\":\"EntryPoint\",\"urlTemplate\":\"https:\/\/fashiongold.lt\/et\/?s={search_term_string}\"},\"query-input\":{\"@type\":\"PropertyValueSpecification\",\"valueRequired\":true,\"valueName\":\"search_term_string\"}}],\"inLanguage\":\"et\"},{\"@type\":\"Organization\",\"@id\":\"https:\/\/fashiongold.lt\/et\/#organization\",\"name\":\"Topdiamonds Online\",\"url\":\"https:\/\/fashiongold.lt\/et\/\",\"logo\":{\"@type\":\"ImageObject\",\"inLanguage\":\"et\",\"@id\":\"https:\/\/fashiongold.lt\/et\/#\/schema\/logo\/image\/\",\"url\":\"https:\/\/fashiongold.lt\/wp-content\/uploads\/2025\/04\/cropped-fashion_gold_logotipas2-scaled-1.png\",\"contentUrl\":\"https:\/\/fashiongold.lt\/wp-content\/uploads\/2025\/04\/cropped-fashion_gold_logotipas2-scaled-1.png\",\"width\":2559,\"height\":421,\"caption\":\"Topdiamonds Online\"},\"image\":{\"@id\":\"https:\/\/fashiongold.lt\/et\/#\/schema\/logo\/image\/\"}}]}<\/script>\n<!-- \/ Yoast SEO plugin. -->","yoast_head_json":{"title":"Teemandiga kihlas\u00f5rmus - Armastuse s\u00fcmbol (1,00 ct)","description":"S\u00f5rmus on kandmisel mugav, teemant on kinnitatud mugavasse madalasse nelja haruga krooni. Sobib kihluseks ja erilisteks puhkudeks. Valmistatud Leedus.","robots":{"index":"index","follow":"follow","max-snippet":"max-snippet:-1","max-image-preview":"max-image-preview:large","max-video-preview":"max-video-preview:-1"},"canonical":"https:\/\/fashiongold.lt\/et\/papuosalas\/klassikaline-punasest-kullast-teemantsormus-klassikaline-armastuse-sumbol-100-ct-h-si2\/","og_locale":"et_EE","og_type":"article","og_title":"Teemandiga kihlas\u00f5rmus - Armastuse s\u00fcmbol (1,00 ct)","og_description":"S\u00f5rmus on kandmisel mugav, teemant on kinnitatud mugavasse madalasse nelja haruga krooni. Sobib kihluseks ja erilisteks puhkudeks. Valmistatud Leedus.","og_url":"https:\/\/fashiongold.lt\/et\/papuosalas\/klassikaline-punasest-kullast-teemantsormus-klassikaline-armastuse-sumbol-100-ct-h-si2\/","og_site_name":"FashionGold.lt","og_image":[{"width":1000,"height":1000,"url":"https:\/\/fashiongold.lt\/wp-content\/uploads\/2025\/10\/7304-2bb-Klasikinis-raudono-aukso-ziedas-su-deimantu-Klasikinis-Meiles-Simbolis-100-ct.webp","type":"image\/png"}],"twitter_card":"summary_large_image","schema":{"@context":"https:\/\/schema.org","@graph":[{"@type":"WebPage","@id":"https:\/\/fashiongold.lt\/et\/papuosalas\/klassikaline-punasest-kullast-teemantsormus-klassikaline-armastuse-sumbol-100-ct-h-si2\/","url":"https:\/\/fashiongold.lt\/et\/papuosalas\/klassikaline-punasest-kullast-teemantsormus-klassikaline-armastuse-sumbol-100-ct-h-si2\/","name":"Teemandiga kihlas\u00f5rmus - Armastuse s\u00fcmbol (1,00 ct)","isPartOf":{"@id":"https:\/\/fashiongold.lt\/et\/#website"},"primaryImageOfPage":{"@id":"https:\/\/fashiongold.lt\/et\/papuosalas\/klassikaline-punasest-kullast-teemantsormus-klassikaline-armastuse-sumbol-100-ct-h-si2\/#primaryimage"},"image":{"@id":"https:\/\/fashiongold.lt\/et\/papuosalas\/klassikaline-punasest-kullast-teemantsormus-klassikaline-armastuse-sumbol-100-ct-h-si2\/#primaryimage"},"thumbnailUrl":"https:\/\/fashiongold.lt\/wp-content\/uploads\/2025\/10\/7304-2bb-Klasikinis-raudono-aukso-ziedas-su-deimantu-Klasikinis-Meiles-Simbolis-100-ct.png","datePublished":"2025-10-10T02:15:00+00:00","description":"S\u00f5rmus on kandmisel mugav, teemant on kinnitatud mugavasse madalasse nelja haruga krooni. Sobib kihluseks ja erilisteks puhkudeks. Valmistatud Leedus.","breadcrumb":{"@id":"https:\/\/fashiongold.lt\/et\/papuosalas\/klassikaline-punasest-kullast-teemantsormus-klassikaline-armastuse-sumbol-100-ct-h-si2\/#breadcrumb"},"inLanguage":"et","potentialAction":[{"@type":"ReadAction","target":["https:\/\/fashiongold.lt\/et\/papuosalas\/klassikaline-punasest-kullast-teemantsormus-klassikaline-armastuse-sumbol-100-ct-h-si2\/"]}]},{"@type":"ImageObject","inLanguage":"et","@id":"https:\/\/fashiongold.lt\/et\/papuosalas\/klassikaline-punasest-kullast-teemantsormus-klassikaline-armastuse-sumbol-100-ct-h-si2\/#primaryimage","url":"https:\/\/fashiongold.lt\/wp-content\/uploads\/2025\/10\/7304-2bb-Klasikinis-raudono-aukso-ziedas-su-deimantu-Klasikinis-Meiles-Simbolis-100-ct.png","contentUrl":"https:\/\/fashiongold.lt\/wp-content\/uploads\/2025\/10\/7304-2bb-Klasikinis-raudono-aukso-ziedas-su-deimantu-Klasikinis-Meiles-Simbolis-100-ct.png","width":1000,"height":1000},{"@type":"BreadcrumbList","@id":"https:\/\/fashiongold.lt\/et\/papuosalas\/klassikaline-punasest-kullast-teemantsormus-klassikaline-armastuse-sumbol-100-ct-h-si2\/#breadcrumb","itemListElement":[{"@type":"ListItem","position":1,"name":"Home","item":"https:\/\/fashiongold.lt\/et\/"},{"@type":"ListItem","position":2,"name":"Teemantide pood Fashiongold.lt","item":"https:\/\/fashiongold.lt\/shop-2\/"},{"@type":"ListItem","position":3,"name":"Klassikaline punasest kullast teemants\u00f5rmus \u2013 Klassikaline armastuse s\u00fcmbol (1,00 ct H\/SI2)"}]},{"@type":"WebSite","@id":"https:\/\/fashiongold.lt\/et\/#website","url":"https:\/\/fashiongold.lt\/et\/","name":"Fashion Gold","description":"Juvelyrikos namai","publisher":{"@id":"https:\/\/fashiongold.lt\/et\/#organization"},"potentialAction":[{"@type":"SearchAction","target":{"@type":"EntryPoint","urlTemplate":"https:\/\/fashiongold.lt\/et\/?s={search_term_string}"},"query-input":{"@type":"PropertyValueSpecification","valueRequired":true,"valueName":"search_term_string"}}],"inLanguage":"et"},{"@type":"Organization","@id":"https:\/\/fashiongold.lt\/et\/#organization","name":"Topdiamonds Online","url":"https:\/\/fashiongold.lt\/et\/","logo":{"@type":"ImageObject","inLanguage":"et","@id":"https:\/\/fashiongold.lt\/et\/#\/schema\/logo\/image\/","url":"https:\/\/fashiongold.lt\/wp-content\/uploads\/2025\/04\/cropped-fashion_gold_logotipas2-scaled-1.png","contentUrl":"https:\/\/fashiongold.lt\/wp-content\/uploads\/2025\/04\/cropped-fashion_gold_logotipas2-scaled-1.png","width":2559,"height":421,"caption":"Topdiamonds Online"},"image":{"@id":"https:\/\/fashiongold.lt\/et\/#\/schema\/logo\/image\/"}}]}},"_links":{"self":[{"href":"https:\/\/fashiongold.lt\/et\/wp-json\/wp\/v2\/product\/291766","targetHints":{"allow":["GET"]}}],"collection":[{"href":"https:\/\/fashiongold.lt\/et\/wp-json\/wp\/v2\/product"}],"about":[{"href":"https:\/\/fashiongold.lt\/et\/wp-json\/wp\/v2\/types\/product"}],"version-history":[{"count":0,"href":"https:\/\/fashiongold.lt\/et\/wp-json\/wp\/v2\/product\/291766\/revisions"}],"wp:featuredmedia":[{"embeddable":true,"href":"https:\/\/fashiongold.lt\/et\/wp-json\/wp\/v2\/media\/88749"}],"wp:attachment":[{"href":"https:\/\/fashiongold.lt\/et\/wp-json\/wp\/v2\/media?parent=291766"}],"wp:term":[{"taxonomy":"product_brand","embeddable":true,"href":"https:\/\/fashiongold.lt\/et\/wp-json\/wp\/v2\/product_brand?post=291766"},{"taxonomy":"product_cat","embeddable":true,"href":"https:\/\/fashiongold.lt\/et\/wp-json\/wp\/v2\/product_cat?post=291766"},{"taxonomy":"product_tag","embeddable":true,"href":"https:\/\/fashiongold.lt\/et\/wp-json\/wp\/v2\/product_tag?post=291766"}],"curies":[{"name":"wp","href":"https:\/\/api.w.org\/{rel}","templated":true}]}}