{"id":291861,"date":"2025-10-10T01:37:50","date_gmt":"2025-10-10T01:37:50","guid":{"rendered":"https:\/\/fashiongold.lt\/papuosalas\/sarav-luksus-halo-disainiga-punasest-kullast-sormus-teemantidega-1-37ct-h-si2\/"},"modified":"2026-02-19T07:21:38","modified_gmt":"2026-02-19T07:21:38","slug":"sarav-luksus-halo-disainiga-punasest-kullast-sormus-teemantidega-1-37ct-h-si2","status":"publish","type":"product","link":"https:\/\/fashiongold.lt\/et\/toode\/sarav-luksus-halo-disainiga-punasest-kullast-sormus-teemantidega-1-37ct-h-si2\/","title":{"rendered":"S\u00e4rav luksus \u2013 halo-disainiga punasest kullast s\u00f5rmus teemantidega (1.37ct H\/SI2)"},"content":{"rendered":"<p>Valmistatud Leedus. S\u00f5rmust on v\u00f5imalik tellida punasest, koolsest ja valgest kullast.<\/p>\n<p>\u2022 Teemandi t\u00fc\u00fcp: Looduslik teemant<\/p>\n<p>\u2022 Teemandi kuju: \u00dcmar kuju (Round cut)<\/p>\n<p>\u2022 Teemandi omadused: 1,37 ct (1x 1,00 ct, v\u00e4rvus H (W); puhtus SI2, lihv Ex, Vg, Vg) ja 26 x 0,014ct, v\u00e4rvus H(W); puhtus SI)<\/p>\n<p>\u2022 Sertifikaat: Leedu Proovikoda (LPR) ja lisaks rahvusvaheline HRD sertifikaat<\/p>\n<p>\u2022 S\u00f5rmuse kuld: 14K (proov 585)<\/p>\n<p>\u2022 S\u00f5rmuse v\u00e4rvus: punane kuld<\/p>\n<p>\u2022 S\u00f5rmuse kaal: umbes 3,60-4,20 g<\/p>\n<p>\u2022 S\u00f5rmuse m\u00f5\u00f5tmed: , kivi pesa suurus &#8211; mm, v\u00f5ru suurus &#8211; mm<\/p>\n","protected":false},"excerpt":{"rendered":"<p>Luksuslik punasest kullast halo-disainiga s\u00f5rmus kauni teemantkrooniga. 1,00 ct p\u00f5hideemant on \u00fcmbritsetud s\u00e4ravate v\u00e4ikeste teemantidega, mis loovad s\u00e4tendava aktsendi. S\u00f5rmusev\u00f5ru on m\u00f5lemalt poolt kaunistatud teemantreaga. See s\u00f5rmus ei sobi mitte ainult suurep\u00e4raselt kihluseks ja erilisteks puhkudeks, vaid peegeldab ka teie kordumatut maitset ja stiili. Kinkige endale luksuslik ja elegantne hetk selle s\u00f5rmusega.<\/p>\n","protected":false},"featured_media":87409,"template":"","meta":{"site-sidebar-layout":"","site-content-layout":"","ast-site-content-layout":"","site-content-style":"","site-sidebar-style":"","ast-global-header-display":"","ast-banner-title-visibility":"","ast-main-header-display":"","ast-hfb-above-header-display":"","ast-hfb-below-header-display":"","ast-hfb-mobile-header-display":"","site-post-title":"","ast-breadcrumbs-content":"","ast-featured-img":"","footer-sml-layout":"","ast-disable-related-posts":"","theme-transparent-header-meta":"","adv-header-id-meta":"","stick-header-meta":"","header-above-stick-meta":"","header-main-stick-meta":"","header-below-stick-meta":"","astra-migrate-meta-layouts":"default","ast-page-background-enabled":"default","ast-page-background-meta":{"desktop":{"background-color":"var(--ast-global-color-4)","background-image":"","background-repeat":"repeat","background-position":"center center","background-size":"auto","background-attachment":"scroll","background-type":"","background-media":"","overlay-type":"","overlay-color":"","overlay-opacity":"","overlay-gradient":""},"tablet":{"background-color":"","background-image":"","background-repeat":"repeat","background-position":"center center","background-size":"auto","background-attachment":"scroll","background-type":"","background-media":"","overlay-type":"","overlay-color":"","overlay-opacity":"","overlay-gradient":""},"mobile":{"background-color":"","background-image":"","background-repeat":"repeat","background-position":"center center","background-size":"auto","background-attachment":"scroll","background-type":"","background-media":"","overlay-type":"","overlay-color":"","overlay-opacity":"","overlay-gradient":""}},"ast-content-background-meta":{"desktop":{"background-color":"var(--ast-global-color-5)","background-image":"","background-repeat":"repeat","background-position":"center center","background-size":"auto","background-attachment":"scroll","background-type":"","background-media":"","overlay-type":"","overlay-color":"","overlay-opacity":"","overlay-gradient":""},"tablet":{"background-color":"var(--ast-global-color-5)","background-image":"","background-repeat":"repeat","background-position":"center center","background-size":"auto","background-attachment":"scroll","background-type":"","background-media":"","overlay-type":"","overlay-color":"","overlay-opacity":"","overlay-gradient":""},"mobile":{"background-color":"var(--ast-global-color-5)","background-image":"","background-repeat":"repeat","background-position":"center center","background-size":"auto","background-attachment":"scroll","background-type":"","background-media":"","overlay-type":"","overlay-color":"","overlay-opacity":"","overlay-gradient":""}}},"product_brand":[],"product_cat":[3758,3058,2830,2991,2826,3422,2829,2823,2828,2822,2824,3392,2821,2967,3426,2845,3466],"product_tag":[],"class_list":{"0":"post-291861","1":"product","2":"type-product","3":"status-publish","4":"has-post-thumbnail","6":"product_cat-1-karaadise-teemandiga-kihlasormused","7":"product_cat-ehted","8":"product_cat-emadepaeva-kingitused","9":"product_cat-halo-kujuga-kihlasormused","10":"product_cat-joulukingid","11":"product_cat-kihlasormused","12":"product_cat-kingitused-erilisteks-puhkudeks","13":"product_cat-kingitused-lapse-sunni-puhul","14":"product_cat-kingitused-lopetamise-puhul","15":"product_cat-kingitused-naistele","16":"product_cat-kingitused-pulma-aastapaeva-puhul","17":"product_cat-kingitused-pulmade-puhul","18":"product_cat-kingitused-sunnipaevaks","19":"product_cat-punasest-kullast-ehted","20":"product_cat-punasest-kullast-kihlasormused","21":"product_cat-sobrapaeva-kingitused","22":"product_cat-teemantsormused","23":"desktop-align-center","24":"tablet-align-left","25":"mobile-align-left","26":"ast-product-gallery-layout-horizontal-slider","27":"ast-product-gallery-with-no-image","28":"ast-product-single-variable","29":"ast-product-tabs-layout-accordion","30":"ast-qv-on-image","32":"first","33":"instock","34":"taxable","35":"shipping-taxable","36":"purchasable","37":"product-type-variable"},"yoast_head":"<!-- This site is optimized with the Yoast SEO plugin v26.6 - https:\/\/yoast.com\/wordpress\/plugins\/seo\/ -->\n<title>Luksuslik Halo-disainiga punasest kullast s\u00f5rmus 1,37 ct teemantidega<\/title>\n<meta name=\"description\" content=\"P\u00f5hiteemant 1,00 ct on \u00fcmbritsetud s\u00e4ravate teemantidega, mis loovad lummavalt hiilgava aktsendi. Sobib suurep\u00e4raselt kihluseks ja erilisteks puhkudeks.\" \/>\n<meta name=\"robots\" content=\"index, follow, max-snippet:-1, max-image-preview:large, max-video-preview:-1\" \/>\n<link rel=\"canonical\" href=\"https:\/\/fashiongold.lt\/et\/toode\/sarav-luksus-halo-disainiga-punasest-kullast-sormus-teemantidega-1-37ct-h-si2\/\" \/>\n<meta property=\"og:locale\" content=\"et_EE\" \/>\n<meta property=\"og:type\" content=\"article\" \/>\n<meta property=\"og:title\" content=\"Luksuslik Halo-disainiga punasest kullast s\u00f5rmus 1,37 ct teemantidega\" \/>\n<meta property=\"og:description\" content=\"P\u00f5hiteemant 1,00 ct on \u00fcmbritsetud s\u00e4ravate teemantidega, mis loovad lummavalt hiilgava aktsendi. Sobib suurep\u00e4raselt kihluseks ja erilisteks puhkudeks.\" \/>\n<meta property=\"og:url\" content=\"https:\/\/fashiongold.lt\/et\/toode\/sarav-luksus-halo-disainiga-punasest-kullast-sormus-teemantidega-1-37ct-h-si2\/\" \/>\n<meta property=\"og:site_name\" content=\"FashionGold.lt\" \/>\n<meta property=\"article:modified_time\" content=\"2026-02-19T07:21:38+00:00\" \/>\n<meta property=\"og:image\" content=\"https:\/\/fashiongold.lt\/wp-content\/uploads\/2025\/10\/7122-7ee-Svytinti-prabanga-halo-dizaino-balto-aukso-ziedas-su-deimantais-1.37ct.webp\" \/>\n\t<meta property=\"og:image:width\" content=\"1000\" \/>\n\t<meta property=\"og:image:height\" content=\"1000\" \/>\n\t<meta property=\"og:image:type\" content=\"image\/png\" \/>\n<meta name=\"twitter:card\" content=\"summary_large_image\" \/>\n<script type=\"application\/ld+json\" class=\"yoast-schema-graph\">{\"@context\":\"https:\/\/schema.org\",\"@graph\":[{\"@type\":\"WebPage\",\"@id\":\"https:\/\/fashiongold.lt\/et\/toode\/sarav-luksus-halo-disainiga-punasest-kullast-sormus-teemantidega-1-37ct-h-si2\/\",\"url\":\"https:\/\/fashiongold.lt\/et\/toode\/sarav-luksus-halo-disainiga-punasest-kullast-sormus-teemantidega-1-37ct-h-si2\/\",\"name\":\"Luksuslik Halo-disainiga punasest kullast s\u00f5rmus 1,37 ct teemantidega\",\"isPartOf\":{\"@id\":\"https:\/\/fashiongold.lt\/et\/#website\"},\"primaryImageOfPage\":{\"@id\":\"https:\/\/fashiongold.lt\/et\/toode\/sarav-luksus-halo-disainiga-punasest-kullast-sormus-teemantidega-1-37ct-h-si2\/#primaryimage\"},\"image\":{\"@id\":\"https:\/\/fashiongold.lt\/et\/toode\/sarav-luksus-halo-disainiga-punasest-kullast-sormus-teemantidega-1-37ct-h-si2\/#primaryimage\"},\"thumbnailUrl\":\"https:\/\/fashiongold.lt\/wp-content\/uploads\/2025\/10\/7122-7ee-Svytinti-prabanga-halo-dizaino-balto-aukso-ziedas-su-deimantais-1.37ct.png\",\"datePublished\":\"2025-10-10T01:37:50+00:00\",\"dateModified\":\"2026-02-19T07:21:38+00:00\",\"description\":\"P\u00f5hiteemant 1,00 ct on \u00fcmbritsetud s\u00e4ravate teemantidega, mis loovad lummavalt hiilgava aktsendi. Sobib suurep\u00e4raselt kihluseks ja erilisteks puhkudeks.\",\"breadcrumb\":{\"@id\":\"https:\/\/fashiongold.lt\/et\/toode\/sarav-luksus-halo-disainiga-punasest-kullast-sormus-teemantidega-1-37ct-h-si2\/#breadcrumb\"},\"inLanguage\":\"et\",\"potentialAction\":[{\"@type\":\"ReadAction\",\"target\":[\"https:\/\/fashiongold.lt\/et\/toode\/sarav-luksus-halo-disainiga-punasest-kullast-sormus-teemantidega-1-37ct-h-si2\/\"]}]},{\"@type\":\"ImageObject\",\"inLanguage\":\"et\",\"@id\":\"https:\/\/fashiongold.lt\/et\/toode\/sarav-luksus-halo-disainiga-punasest-kullast-sormus-teemantidega-1-37ct-h-si2\/#primaryimage\",\"url\":\"https:\/\/fashiongold.lt\/wp-content\/uploads\/2025\/10\/7122-7ee-Svytinti-prabanga-halo-dizaino-balto-aukso-ziedas-su-deimantais-1.37ct.png\",\"contentUrl\":\"https:\/\/fashiongold.lt\/wp-content\/uploads\/2025\/10\/7122-7ee-Svytinti-prabanga-halo-dizaino-balto-aukso-ziedas-su-deimantais-1.37ct.png\",\"width\":1000,\"height\":1000},{\"@type\":\"BreadcrumbList\",\"@id\":\"https:\/\/fashiongold.lt\/et\/toode\/sarav-luksus-halo-disainiga-punasest-kullast-sormus-teemantidega-1-37ct-h-si2\/#breadcrumb\",\"itemListElement\":[{\"@type\":\"ListItem\",\"position\":1,\"name\":\"Home\",\"item\":\"https:\/\/fashiongold.lt\/et\/\"},{\"@type\":\"ListItem\",\"position\":2,\"name\":\"Teemantide pood Fashiongold.lt\",\"item\":\"https:\/\/fashiongold.lt\/shop-2\/\"},{\"@type\":\"ListItem\",\"position\":3,\"name\":\"S\u00e4rav luksus \u2013 halo-disainiga punasest kullast s\u00f5rmus teemantidega (1.37ct H\/SI2)\"}]},{\"@type\":\"WebSite\",\"@id\":\"https:\/\/fashiongold.lt\/et\/#website\",\"url\":\"https:\/\/fashiongold.lt\/et\/\",\"name\":\"Fashion Gold\",\"description\":\"Ehtemaja\",\"publisher\":{\"@id\":\"https:\/\/fashiongold.lt\/et\/#organization\"},\"potentialAction\":[{\"@type\":\"SearchAction\",\"target\":{\"@type\":\"EntryPoint\",\"urlTemplate\":\"https:\/\/fashiongold.lt\/et\/?s={search_term_string}\"},\"query-input\":{\"@type\":\"PropertyValueSpecification\",\"valueRequired\":true,\"valueName\":\"search_term_string\"}}],\"inLanguage\":\"et\"},{\"@type\":\"Organization\",\"@id\":\"https:\/\/fashiongold.lt\/et\/#organization\",\"name\":\"Topdiamonds Online\",\"url\":\"https:\/\/fashiongold.lt\/et\/\",\"logo\":{\"@type\":\"ImageObject\",\"inLanguage\":\"et\",\"@id\":\"https:\/\/fashiongold.lt\/et\/#\/schema\/logo\/image\/\",\"url\":\"https:\/\/fashiongold.lt\/wp-content\/uploads\/2025\/04\/cropped-fashion_gold_logotipas2-scaled-1.png\",\"contentUrl\":\"https:\/\/fashiongold.lt\/wp-content\/uploads\/2025\/04\/cropped-fashion_gold_logotipas2-scaled-1.png\",\"width\":2559,\"height\":421,\"caption\":\"Topdiamonds Online\"},\"image\":{\"@id\":\"https:\/\/fashiongold.lt\/et\/#\/schema\/logo\/image\/\"}}]}<\/script>\n<!-- \/ Yoast SEO plugin. -->","yoast_head_json":{"title":"Luksuslik Halo-disainiga punasest kullast s\u00f5rmus 1,37 ct teemantidega","description":"P\u00f5hiteemant 1,00 ct on \u00fcmbritsetud s\u00e4ravate teemantidega, mis loovad lummavalt hiilgava aktsendi. Sobib suurep\u00e4raselt kihluseks ja erilisteks puhkudeks.","robots":{"index":"index","follow":"follow","max-snippet":"max-snippet:-1","max-image-preview":"max-image-preview:large","max-video-preview":"max-video-preview:-1"},"canonical":"https:\/\/fashiongold.lt\/et\/toode\/sarav-luksus-halo-disainiga-punasest-kullast-sormus-teemantidega-1-37ct-h-si2\/","og_locale":"et_EE","og_type":"article","og_title":"Luksuslik Halo-disainiga punasest kullast s\u00f5rmus 1,37 ct teemantidega","og_description":"P\u00f5hiteemant 1,00 ct on \u00fcmbritsetud s\u00e4ravate teemantidega, mis loovad lummavalt hiilgava aktsendi. Sobib suurep\u00e4raselt kihluseks ja erilisteks puhkudeks.","og_url":"https:\/\/fashiongold.lt\/et\/toode\/sarav-luksus-halo-disainiga-punasest-kullast-sormus-teemantidega-1-37ct-h-si2\/","og_site_name":"FashionGold.lt","article_modified_time":"2026-02-19T07:21:38+00:00","og_image":[{"width":1000,"height":1000,"url":"https:\/\/fashiongold.lt\/wp-content\/uploads\/2025\/10\/7122-7ee-Svytinti-prabanga-halo-dizaino-balto-aukso-ziedas-su-deimantais-1.37ct.webp","type":"image\/png"}],"twitter_card":"summary_large_image","schema":{"@context":"https:\/\/schema.org","@graph":[{"@type":"WebPage","@id":"https:\/\/fashiongold.lt\/et\/toode\/sarav-luksus-halo-disainiga-punasest-kullast-sormus-teemantidega-1-37ct-h-si2\/","url":"https:\/\/fashiongold.lt\/et\/toode\/sarav-luksus-halo-disainiga-punasest-kullast-sormus-teemantidega-1-37ct-h-si2\/","name":"Luksuslik Halo-disainiga punasest kullast s\u00f5rmus 1,37 ct teemantidega","isPartOf":{"@id":"https:\/\/fashiongold.lt\/et\/#website"},"primaryImageOfPage":{"@id":"https:\/\/fashiongold.lt\/et\/toode\/sarav-luksus-halo-disainiga-punasest-kullast-sormus-teemantidega-1-37ct-h-si2\/#primaryimage"},"image":{"@id":"https:\/\/fashiongold.lt\/et\/toode\/sarav-luksus-halo-disainiga-punasest-kullast-sormus-teemantidega-1-37ct-h-si2\/#primaryimage"},"thumbnailUrl":"https:\/\/fashiongold.lt\/wp-content\/uploads\/2025\/10\/7122-7ee-Svytinti-prabanga-halo-dizaino-balto-aukso-ziedas-su-deimantais-1.37ct.png","datePublished":"2025-10-10T01:37:50+00:00","dateModified":"2026-02-19T07:21:38+00:00","description":"P\u00f5hiteemant 1,00 ct on \u00fcmbritsetud s\u00e4ravate teemantidega, mis loovad lummavalt hiilgava aktsendi. Sobib suurep\u00e4raselt kihluseks ja erilisteks puhkudeks.","breadcrumb":{"@id":"https:\/\/fashiongold.lt\/et\/toode\/sarav-luksus-halo-disainiga-punasest-kullast-sormus-teemantidega-1-37ct-h-si2\/#breadcrumb"},"inLanguage":"et","potentialAction":[{"@type":"ReadAction","target":["https:\/\/fashiongold.lt\/et\/toode\/sarav-luksus-halo-disainiga-punasest-kullast-sormus-teemantidega-1-37ct-h-si2\/"]}]},{"@type":"ImageObject","inLanguage":"et","@id":"https:\/\/fashiongold.lt\/et\/toode\/sarav-luksus-halo-disainiga-punasest-kullast-sormus-teemantidega-1-37ct-h-si2\/#primaryimage","url":"https:\/\/fashiongold.lt\/wp-content\/uploads\/2025\/10\/7122-7ee-Svytinti-prabanga-halo-dizaino-balto-aukso-ziedas-su-deimantais-1.37ct.png","contentUrl":"https:\/\/fashiongold.lt\/wp-content\/uploads\/2025\/10\/7122-7ee-Svytinti-prabanga-halo-dizaino-balto-aukso-ziedas-su-deimantais-1.37ct.png","width":1000,"height":1000},{"@type":"BreadcrumbList","@id":"https:\/\/fashiongold.lt\/et\/toode\/sarav-luksus-halo-disainiga-punasest-kullast-sormus-teemantidega-1-37ct-h-si2\/#breadcrumb","itemListElement":[{"@type":"ListItem","position":1,"name":"Home","item":"https:\/\/fashiongold.lt\/et\/"},{"@type":"ListItem","position":2,"name":"Teemantide pood Fashiongold.lt","item":"https:\/\/fashiongold.lt\/shop-2\/"},{"@type":"ListItem","position":3,"name":"S\u00e4rav luksus \u2013 halo-disainiga punasest kullast s\u00f5rmus teemantidega (1.37ct H\/SI2)"}]},{"@type":"WebSite","@id":"https:\/\/fashiongold.lt\/et\/#website","url":"https:\/\/fashiongold.lt\/et\/","name":"Fashion Gold","description":"Ehtemaja","publisher":{"@id":"https:\/\/fashiongold.lt\/et\/#organization"},"potentialAction":[{"@type":"SearchAction","target":{"@type":"EntryPoint","urlTemplate":"https:\/\/fashiongold.lt\/et\/?s={search_term_string}"},"query-input":{"@type":"PropertyValueSpecification","valueRequired":true,"valueName":"search_term_string"}}],"inLanguage":"et"},{"@type":"Organization","@id":"https:\/\/fashiongold.lt\/et\/#organization","name":"Topdiamonds Online","url":"https:\/\/fashiongold.lt\/et\/","logo":{"@type":"ImageObject","inLanguage":"et","@id":"https:\/\/fashiongold.lt\/et\/#\/schema\/logo\/image\/","url":"https:\/\/fashiongold.lt\/wp-content\/uploads\/2025\/04\/cropped-fashion_gold_logotipas2-scaled-1.png","contentUrl":"https:\/\/fashiongold.lt\/wp-content\/uploads\/2025\/04\/cropped-fashion_gold_logotipas2-scaled-1.png","width":2559,"height":421,"caption":"Topdiamonds Online"},"image":{"@id":"https:\/\/fashiongold.lt\/et\/#\/schema\/logo\/image\/"}}]}},"_links":{"self":[{"href":"https:\/\/fashiongold.lt\/et\/wp-json\/wp\/v2\/product\/291861","targetHints":{"allow":["GET"]}}],"collection":[{"href":"https:\/\/fashiongold.lt\/et\/wp-json\/wp\/v2\/product"}],"about":[{"href":"https:\/\/fashiongold.lt\/et\/wp-json\/wp\/v2\/types\/product"}],"version-history":[{"count":0,"href":"https:\/\/fashiongold.lt\/et\/wp-json\/wp\/v2\/product\/291861\/revisions"}],"wp:featuredmedia":[{"embeddable":true,"href":"https:\/\/fashiongold.lt\/et\/wp-json\/wp\/v2\/media\/87409"}],"wp:attachment":[{"href":"https:\/\/fashiongold.lt\/et\/wp-json\/wp\/v2\/media?parent=291861"}],"wp:term":[{"taxonomy":"product_brand","embeddable":true,"href":"https:\/\/fashiongold.lt\/et\/wp-json\/wp\/v2\/product_brand?post=291861"},{"taxonomy":"product_cat","embeddable":true,"href":"https:\/\/fashiongold.lt\/et\/wp-json\/wp\/v2\/product_cat?post=291861"},{"taxonomy":"product_tag","embeddable":true,"href":"https:\/\/fashiongold.lt\/et\/wp-json\/wp\/v2\/product_tag?post=291861"}],"curies":[{"name":"wp","href":"https:\/\/api.w.org\/{rel}","templated":true}]}}