{"id":291987,"date":"2025-10-10T01:14:28","date_gmt":"2025-10-10T01:14:28","guid":{"rendered":"https:\/\/fashiongold.lt\/papuosalas\/klassikaline-kollasest-kullast-teemantidega-sormus-saladusehoidja-070-ct-h-si\/"},"modified":"2025-10-10T01:14:28","modified_gmt":"2025-10-10T01:14:28","slug":"klassikaline-kollasest-kullast-teemantidega-sormus-saladusehoidja-070-ct-h-si","status":"publish","type":"product","link":"https:\/\/fashiongold.lt\/et\/papuosalas\/klassikaline-kollasest-kullast-teemantidega-sormus-saladusehoidja-070-ct-h-si\/","title":{"rendered":"Klassikaline kollasest kullast teemantidega s\u00f5rmus \u2013 Saladusehoidja (0,70 ct H\/SI)"},"content":{"rendered":"<p>Valmistatud Leedus. S\u00f5rmust saab tellida punasest, kollasest ja valgest kullast.<\/p>\n<p>\u2022 Teemandi t\u00fc\u00fcp: Looduslik teemant<\/p>\n<p>\u2022 Teemandi kuju: \u00dcmar kuju (Round cut)<\/p>\n<p>\u2022 Teemandi omadused: 0,70 ct, v\u00e4rvus H (W); puhtus SI2<\/p>\n<p>\u2022 Sertifikaat: Leedu Proovikoda (LPR) ja rahvusvaheline sertifikaat <\/p>\n<p>\u2022 S\u00f5rmuse kuld: 14K (proov 585) <\/p>\n<p>\u2022 S\u00f5rmuse v\u00e4rvus: kollane kuld <\/p>\n<p>\u2022 S\u00f5rmuse kaal: umbes 2,00 &#8211; 2,60 g <\/p>\n<p>\u2022 S\u00f5rmuse m\u00f5\u00f5tmed: vitsa laius \u2013 2,75 mm, krooni suurus \u2013 4,95 mm.<\/p>\n","protected":false},"excerpt":{"rendered":"<p>Kollasest kullast s\u00f5rmus 0,70 ct teemandiga ja erilise kuueharulise krooniga, mille harud on justkui p\u00f5imunud ja hoiavad teemanti kindlalt. See s\u00f5rmus on t\u00e4nu madalale kroonile v\u00e4ga mugav, mist\u00f5ttu sobib see suurep\u00e4raselt igap\u00e4evaseks kandmiseks. See on eriline disain, mis sobib ideaalselt nii kihluseks kui ka erilisteks puhkudeks.<\/p>\n","protected":false},"featured_media":0,"template":"","meta":{"site-sidebar-layout":"","site-content-layout":"","ast-site-content-layout":"","site-content-style":"","site-sidebar-style":"","ast-global-header-display":"","ast-banner-title-visibility":"","ast-main-header-display":"","ast-hfb-above-header-display":"","ast-hfb-below-header-display":"","ast-hfb-mobile-header-display":"","site-post-title":"","ast-breadcrumbs-content":"","ast-featured-img":"","footer-sml-layout":"","ast-disable-related-posts":"","theme-transparent-header-meta":"","adv-header-id-meta":"","stick-header-meta":"","header-above-stick-meta":"","header-main-stick-meta":"","header-below-stick-meta":"","astra-migrate-meta-layouts":"default","ast-page-background-enabled":"default","ast-page-background-meta":{"desktop":{"background-color":"var(--ast-global-color-4)","background-image":"","background-repeat":"repeat","background-position":"center center","background-size":"auto","background-attachment":"scroll","background-type":"","background-media":"","overlay-type":"","overlay-color":"","overlay-opacity":"","overlay-gradient":""},"tablet":{"background-color":"","background-image":"","background-repeat":"repeat","background-position":"center center","background-size":"auto","background-attachment":"scroll","background-type":"","background-media":"","overlay-type":"","overlay-color":"","overlay-opacity":"","overlay-gradient":""},"mobile":{"background-color":"","background-image":"","background-repeat":"repeat","background-position":"center center","background-size":"auto","background-attachment":"scroll","background-type":"","background-media":"","overlay-type":"","overlay-color":"","overlay-opacity":"","overlay-gradient":""}},"ast-content-background-meta":{"desktop":{"background-color":"var(--ast-global-color-5)","background-image":"","background-repeat":"repeat","background-position":"center center","background-size":"auto","background-attachment":"scroll","background-type":"","background-media":"","overlay-type":"","overlay-color":"","overlay-opacity":"","overlay-gradient":""},"tablet":{"background-color":"var(--ast-global-color-5)","background-image":"","background-repeat":"repeat","background-position":"center center","background-size":"auto","background-attachment":"scroll","background-type":"","background-media":"","overlay-type":"","overlay-color":"","overlay-opacity":"","overlay-gradient":""},"mobile":{"background-color":"var(--ast-global-color-5)","background-image":"","background-repeat":"repeat","background-position":"center center","background-size":"auto","background-attachment":"scroll","background-type":"","background-media":"","overlay-type":"","overlay-color":"","overlay-opacity":"","overlay-gradient":""}}},"product_brand":[],"product_cat":[3058,2830,2826,3422,2829,2823,2828,2822,2824,3392,2821,3444,2831,3425,2845,3466],"product_tag":[],"class_list":{"0":"post-291987","1":"product","2":"type-product","3":"status-publish","5":"product_cat-ehted","6":"product_cat-emadepaeva-kingitused","7":"product_cat-joulukingid","8":"product_cat-kihlasormused","9":"product_cat-kingitused-erilisteks-puhkudeks","10":"product_cat-kingitused-lapse-sunni-puhul","11":"product_cat-kingitused-lopetamise-puhul","12":"product_cat-kingitused-naistele","13":"product_cat-kingitused-pulma-aastapaeva-puhul","14":"product_cat-kingitused-pulmade-puhul","15":"product_cat-kingitused-sunnipaevaks","16":"product_cat-klasikalised-kihlusesormused","17":"product_cat-kollasest-kullast-ehted","18":"product_cat-kollasest-kullast-kihlasormused","19":"product_cat-sobrapaeva-kingitused","20":"product_cat-teemantsormused","21":"desktop-align-center","22":"tablet-align-left","23":"mobile-align-left","24":"ast-product-gallery-layout-horizontal-slider","25":"ast-product-gallery-with-no-image","26":"ast-product-single-variable","27":"ast-product-tabs-layout-accordion","28":"ast-qv-on-image","30":"first","31":"instock","32":"taxable","33":"shipping-taxable","34":"purchasable","35":"product-type-variable"},"yoast_head":"<!-- This site is optimized with the Yoast SEO plugin v26.6 - https:\/\/yoast.com\/wordpress\/plugins\/seo\/ -->\n<title>Saladusehoidja - kollasest kullast s\u00f5rmus teemantidega (0,70 ct)<\/title>\n<meta name=\"description\" content=\"Eriline kroon, mille harud justkui p\u00f5imuvad ja hoiavad teemanti. Sobib suurep\u00e4raselt igap\u00e4evaseks kandmiseks. Sobib kihluseks ja erilisteks puhkudeks.\" \/>\n<meta name=\"robots\" content=\"index, follow, max-snippet:-1, max-image-preview:large, max-video-preview:-1\" \/>\n<link rel=\"canonical\" href=\"https:\/\/fashiongold.lt\/et\/papuosalas\/klassikaline-kollasest-kullast-teemantidega-sormus-saladusehoidja-070-ct-h-si\/\" \/>\n<meta property=\"og:locale\" content=\"et_EE\" \/>\n<meta property=\"og:type\" content=\"article\" \/>\n<meta property=\"og:title\" content=\"Saladusehoidja - kollasest kullast s\u00f5rmus teemantidega (0,70 ct)\" \/>\n<meta property=\"og:description\" content=\"Eriline kroon, mille harud justkui p\u00f5imuvad ja hoiavad teemanti. Sobib suurep\u00e4raselt igap\u00e4evaseks kandmiseks. Sobib kihluseks ja erilisteks puhkudeks.\" \/>\n<meta property=\"og:url\" content=\"https:\/\/fashiongold.lt\/et\/papuosalas\/klassikaline-kollasest-kullast-teemantidega-sormus-saladusehoidja-070-ct-h-si\/\" \/>\n<meta property=\"og:site_name\" content=\"FashionGold.lt\" \/>\n<meta name=\"twitter:card\" content=\"summary_large_image\" \/>\n<script type=\"application\/ld+json\" class=\"yoast-schema-graph\">{\"@context\":\"https:\/\/schema.org\",\"@graph\":[{\"@type\":\"WebPage\",\"@id\":\"https:\/\/fashiongold.lt\/et\/papuosalas\/klassikaline-kollasest-kullast-teemantidega-sormus-saladusehoidja-070-ct-h-si\/\",\"url\":\"https:\/\/fashiongold.lt\/et\/papuosalas\/klassikaline-kollasest-kullast-teemantidega-sormus-saladusehoidja-070-ct-h-si\/\",\"name\":\"Saladusehoidja - kollasest kullast s\u00f5rmus teemantidega (0,70 ct)\",\"isPartOf\":{\"@id\":\"https:\/\/fashiongold.lt\/et\/#website\"},\"datePublished\":\"2025-10-10T01:14:28+00:00\",\"description\":\"Eriline kroon, mille harud justkui p\u00f5imuvad ja hoiavad teemanti. Sobib suurep\u00e4raselt igap\u00e4evaseks kandmiseks. Sobib kihluseks ja erilisteks puhkudeks.\",\"breadcrumb\":{\"@id\":\"https:\/\/fashiongold.lt\/et\/papuosalas\/klassikaline-kollasest-kullast-teemantidega-sormus-saladusehoidja-070-ct-h-si\/#breadcrumb\"},\"inLanguage\":\"et\",\"potentialAction\":[{\"@type\":\"ReadAction\",\"target\":[\"https:\/\/fashiongold.lt\/et\/papuosalas\/klassikaline-kollasest-kullast-teemantidega-sormus-saladusehoidja-070-ct-h-si\/\"]}]},{\"@type\":\"BreadcrumbList\",\"@id\":\"https:\/\/fashiongold.lt\/et\/papuosalas\/klassikaline-kollasest-kullast-teemantidega-sormus-saladusehoidja-070-ct-h-si\/#breadcrumb\",\"itemListElement\":[{\"@type\":\"ListItem\",\"position\":1,\"name\":\"Home\",\"item\":\"https:\/\/fashiongold.lt\/et\/\"},{\"@type\":\"ListItem\",\"position\":2,\"name\":\"Teemantide pood Fashiongold.lt\",\"item\":\"https:\/\/fashiongold.lt\/shop-2\/\"},{\"@type\":\"ListItem\",\"position\":3,\"name\":\"Klassikaline kollasest kullast teemantidega s\u00f5rmus \u2013 Saladusehoidja (0,70 ct H\/SI)\"}]},{\"@type\":\"WebSite\",\"@id\":\"https:\/\/fashiongold.lt\/et\/#website\",\"url\":\"https:\/\/fashiongold.lt\/et\/\",\"name\":\"Fashion Gold\",\"description\":\"Juvelyrikos namai\",\"publisher\":{\"@id\":\"https:\/\/fashiongold.lt\/et\/#organization\"},\"potentialAction\":[{\"@type\":\"SearchAction\",\"target\":{\"@type\":\"EntryPoint\",\"urlTemplate\":\"https:\/\/fashiongold.lt\/et\/?s={search_term_string}\"},\"query-input\":{\"@type\":\"PropertyValueSpecification\",\"valueRequired\":true,\"valueName\":\"search_term_string\"}}],\"inLanguage\":\"et\"},{\"@type\":\"Organization\",\"@id\":\"https:\/\/fashiongold.lt\/et\/#organization\",\"name\":\"Topdiamonds Online\",\"url\":\"https:\/\/fashiongold.lt\/et\/\",\"logo\":{\"@type\":\"ImageObject\",\"inLanguage\":\"et\",\"@id\":\"https:\/\/fashiongold.lt\/et\/#\/schema\/logo\/image\/\",\"url\":\"https:\/\/fashiongold.lt\/wp-content\/uploads\/2025\/04\/cropped-fashion_gold_logotipas2-scaled-1.png\",\"contentUrl\":\"https:\/\/fashiongold.lt\/wp-content\/uploads\/2025\/04\/cropped-fashion_gold_logotipas2-scaled-1.png\",\"width\":2559,\"height\":421,\"caption\":\"Topdiamonds Online\"},\"image\":{\"@id\":\"https:\/\/fashiongold.lt\/et\/#\/schema\/logo\/image\/\"}}]}<\/script>\n<!-- \/ Yoast SEO plugin. -->","yoast_head_json":{"title":"Saladusehoidja - kollasest kullast s\u00f5rmus teemantidega (0,70 ct)","description":"Eriline kroon, mille harud justkui p\u00f5imuvad ja hoiavad teemanti. Sobib suurep\u00e4raselt igap\u00e4evaseks kandmiseks. Sobib kihluseks ja erilisteks puhkudeks.","robots":{"index":"index","follow":"follow","max-snippet":"max-snippet:-1","max-image-preview":"max-image-preview:large","max-video-preview":"max-video-preview:-1"},"canonical":"https:\/\/fashiongold.lt\/et\/papuosalas\/klassikaline-kollasest-kullast-teemantidega-sormus-saladusehoidja-070-ct-h-si\/","og_locale":"et_EE","og_type":"article","og_title":"Saladusehoidja - kollasest kullast s\u00f5rmus teemantidega (0,70 ct)","og_description":"Eriline kroon, mille harud justkui p\u00f5imuvad ja hoiavad teemanti. Sobib suurep\u00e4raselt igap\u00e4evaseks kandmiseks. Sobib kihluseks ja erilisteks puhkudeks.","og_url":"https:\/\/fashiongold.lt\/et\/papuosalas\/klassikaline-kollasest-kullast-teemantidega-sormus-saladusehoidja-070-ct-h-si\/","og_site_name":"FashionGold.lt","twitter_card":"summary_large_image","schema":{"@context":"https:\/\/schema.org","@graph":[{"@type":"WebPage","@id":"https:\/\/fashiongold.lt\/et\/papuosalas\/klassikaline-kollasest-kullast-teemantidega-sormus-saladusehoidja-070-ct-h-si\/","url":"https:\/\/fashiongold.lt\/et\/papuosalas\/klassikaline-kollasest-kullast-teemantidega-sormus-saladusehoidja-070-ct-h-si\/","name":"Saladusehoidja - kollasest kullast s\u00f5rmus teemantidega (0,70 ct)","isPartOf":{"@id":"https:\/\/fashiongold.lt\/et\/#website"},"datePublished":"2025-10-10T01:14:28+00:00","description":"Eriline kroon, mille harud justkui p\u00f5imuvad ja hoiavad teemanti. Sobib suurep\u00e4raselt igap\u00e4evaseks kandmiseks. Sobib kihluseks ja erilisteks puhkudeks.","breadcrumb":{"@id":"https:\/\/fashiongold.lt\/et\/papuosalas\/klassikaline-kollasest-kullast-teemantidega-sormus-saladusehoidja-070-ct-h-si\/#breadcrumb"},"inLanguage":"et","potentialAction":[{"@type":"ReadAction","target":["https:\/\/fashiongold.lt\/et\/papuosalas\/klassikaline-kollasest-kullast-teemantidega-sormus-saladusehoidja-070-ct-h-si\/"]}]},{"@type":"BreadcrumbList","@id":"https:\/\/fashiongold.lt\/et\/papuosalas\/klassikaline-kollasest-kullast-teemantidega-sormus-saladusehoidja-070-ct-h-si\/#breadcrumb","itemListElement":[{"@type":"ListItem","position":1,"name":"Home","item":"https:\/\/fashiongold.lt\/et\/"},{"@type":"ListItem","position":2,"name":"Teemantide pood Fashiongold.lt","item":"https:\/\/fashiongold.lt\/shop-2\/"},{"@type":"ListItem","position":3,"name":"Klassikaline kollasest kullast teemantidega s\u00f5rmus \u2013 Saladusehoidja (0,70 ct H\/SI)"}]},{"@type":"WebSite","@id":"https:\/\/fashiongold.lt\/et\/#website","url":"https:\/\/fashiongold.lt\/et\/","name":"Fashion Gold","description":"Juvelyrikos namai","publisher":{"@id":"https:\/\/fashiongold.lt\/et\/#organization"},"potentialAction":[{"@type":"SearchAction","target":{"@type":"EntryPoint","urlTemplate":"https:\/\/fashiongold.lt\/et\/?s={search_term_string}"},"query-input":{"@type":"PropertyValueSpecification","valueRequired":true,"valueName":"search_term_string"}}],"inLanguage":"et"},{"@type":"Organization","@id":"https:\/\/fashiongold.lt\/et\/#organization","name":"Topdiamonds Online","url":"https:\/\/fashiongold.lt\/et\/","logo":{"@type":"ImageObject","inLanguage":"et","@id":"https:\/\/fashiongold.lt\/et\/#\/schema\/logo\/image\/","url":"https:\/\/fashiongold.lt\/wp-content\/uploads\/2025\/04\/cropped-fashion_gold_logotipas2-scaled-1.png","contentUrl":"https:\/\/fashiongold.lt\/wp-content\/uploads\/2025\/04\/cropped-fashion_gold_logotipas2-scaled-1.png","width":2559,"height":421,"caption":"Topdiamonds Online"},"image":{"@id":"https:\/\/fashiongold.lt\/et\/#\/schema\/logo\/image\/"}}]}},"_links":{"self":[{"href":"https:\/\/fashiongold.lt\/et\/wp-json\/wp\/v2\/product\/291987","targetHints":{"allow":["GET"]}}],"collection":[{"href":"https:\/\/fashiongold.lt\/et\/wp-json\/wp\/v2\/product"}],"about":[{"href":"https:\/\/fashiongold.lt\/et\/wp-json\/wp\/v2\/types\/product"}],"version-history":[{"count":0,"href":"https:\/\/fashiongold.lt\/et\/wp-json\/wp\/v2\/product\/291987\/revisions"}],"wp:attachment":[{"href":"https:\/\/fashiongold.lt\/et\/wp-json\/wp\/v2\/media?parent=291987"}],"wp:term":[{"taxonomy":"product_brand","embeddable":true,"href":"https:\/\/fashiongold.lt\/et\/wp-json\/wp\/v2\/product_brand?post=291987"},{"taxonomy":"product_cat","embeddable":true,"href":"https:\/\/fashiongold.lt\/et\/wp-json\/wp\/v2\/product_cat?post=291987"},{"taxonomy":"product_tag","embeddable":true,"href":"https:\/\/fashiongold.lt\/et\/wp-json\/wp\/v2\/product_tag?post=291987"}],"curies":[{"name":"wp","href":"https:\/\/api.w.org\/{rel}","templated":true}]}}