{"id":292104,"date":"2025-10-10T00:39:32","date_gmt":"2025-10-10T00:39:32","guid":{"rendered":"https:\/\/fashiongold.lt\/papuosalas\/klassikaline-kollasest-kullast-teemandiga-sormus-teemantne-ornus-070-ct-g-vvs1\/"},"modified":"2026-02-19T07:30:00","modified_gmt":"2026-02-19T07:30:00","slug":"klassikaline-kollasest-kullast-teemandiga-sormus-teemantne-ornus-070-ct-g-vvs1","status":"publish","type":"product","link":"https:\/\/fashiongold.lt\/et\/papuosalas\/klassikaline-kollasest-kullast-teemandiga-sormus-teemantne-ornus-070-ct-g-vvs1\/","title":{"rendered":"Klassikaline kollasest kullast teemandiga s\u00f5rmus \u2013 Teemantne \u00f5rnus (0,70 ct G\/VVS1)"},"content":{"rendered":"<p>Valmistatud Leedus. S\u00f5rmust on v\u00f5imalik valmistada tellimust\u00f6\u00f6na: punasest, koldest ja valgest kullast.<\/p>\n<p>\u2022 Teemandi t\u00fc\u00fcp: Looduslik teemant<\/p>\n<p>\u2022 Teemandi kuju: \u00dcmar kuju (Round cut)<\/p>\n<p>\u2022 Teemandi omadused: 0,70 ct, v\u00e4rvus G (RW); puhtus VVS1<\/p>\n<p>\u2022 Sertifikaat: Leedu proovikoda (LPR) ja rahvusvaheline sertifikaat HRD<\/p>\n<p>\u2022 S\u00f5rmuse kuld: 14K (proov 585)<\/p>\n<p>\u2022 S\u00f5rmuse v\u00e4rvus: valge kuld<\/p>\n<p>\u2022 S\u00f5rmuse kaal: umbes 3,80 &#8211; 4,40 g<\/p>\n<p>\u2022 S\u00f5rmuse m\u00f5\u00f5tmed: v\u00f5ru laius &#8211; 2,30 &#8211; 2,50 mm, krooni suurus &#8211; 7,75 mm.<\/p>\n","protected":false},"excerpt":{"rendered":"<p>Kollasest kullast s\u00f5rmus 0,70 ct teemandiga. Klassikaline kuuehambaline kroon koos kitseneva s\u00f5rmusev\u00f5ruga, mis r\u00f5hutab teemandi ilu. See mugav disain tagab teie mugavuse. See on suurep\u00e4rane valik kihlumiseks ja erilisteks s\u00fcndmusteks, mis peegeldab suurep\u00e4raselt teie erakordset maitset.<\/p>\n","protected":false},"featured_media":85032,"template":"","meta":{"site-sidebar-layout":"","site-content-layout":"","ast-site-content-layout":"","site-content-style":"","site-sidebar-style":"","ast-global-header-display":"","ast-banner-title-visibility":"","ast-main-header-display":"","ast-hfb-above-header-display":"","ast-hfb-below-header-display":"","ast-hfb-mobile-header-display":"","site-post-title":"","ast-breadcrumbs-content":"","ast-featured-img":"","footer-sml-layout":"","ast-disable-related-posts":"","theme-transparent-header-meta":"","adv-header-id-meta":"","stick-header-meta":"","header-above-stick-meta":"","header-main-stick-meta":"","header-below-stick-meta":"","astra-migrate-meta-layouts":"default","ast-page-background-enabled":"default","ast-page-background-meta":{"desktop":{"background-color":"var(--ast-global-color-4)","background-image":"","background-repeat":"repeat","background-position":"center center","background-size":"auto","background-attachment":"scroll","background-type":"","background-media":"","overlay-type":"","overlay-color":"","overlay-opacity":"","overlay-gradient":""},"tablet":{"background-color":"","background-image":"","background-repeat":"repeat","background-position":"center center","background-size":"auto","background-attachment":"scroll","background-type":"","background-media":"","overlay-type":"","overlay-color":"","overlay-opacity":"","overlay-gradient":""},"mobile":{"background-color":"","background-image":"","background-repeat":"repeat","background-position":"center center","background-size":"auto","background-attachment":"scroll","background-type":"","background-media":"","overlay-type":"","overlay-color":"","overlay-opacity":"","overlay-gradient":""}},"ast-content-background-meta":{"desktop":{"background-color":"var(--ast-global-color-5)","background-image":"","background-repeat":"repeat","background-position":"center center","background-size":"auto","background-attachment":"scroll","background-type":"","background-media":"","overlay-type":"","overlay-color":"","overlay-opacity":"","overlay-gradient":""},"tablet":{"background-color":"var(--ast-global-color-5)","background-image":"","background-repeat":"repeat","background-position":"center center","background-size":"auto","background-attachment":"scroll","background-type":"","background-media":"","overlay-type":"","overlay-color":"","overlay-opacity":"","overlay-gradient":""},"mobile":{"background-color":"var(--ast-global-color-5)","background-image":"","background-repeat":"repeat","background-position":"center center","background-size":"auto","background-attachment":"scroll","background-type":"","background-media":"","overlay-type":"","overlay-color":"","overlay-opacity":"","overlay-gradient":""}}},"product_brand":[],"product_cat":[3058,2830,2826,3422,2829,2823,2828,2822,2824,3392,2821,3444,2831,3425,2845,3466],"product_tag":[],"class_list":{"0":"post-292104","1":"product","2":"type-product","3":"status-publish","4":"has-post-thumbnail","6":"product_cat-ehted","7":"product_cat-emadepaeva-kingitused","8":"product_cat-joulukingid","9":"product_cat-kihlasormused","10":"product_cat-kingitused-erilisteks-puhkudeks","11":"product_cat-kingitused-lapse-sunni-puhul","12":"product_cat-kingitused-lopetamise-puhul","13":"product_cat-kingitused-naistele","14":"product_cat-kingitused-pulma-aastapaeva-puhul","15":"product_cat-kingitused-pulmade-puhul","16":"product_cat-kingitused-sunnipaevaks","17":"product_cat-klasikalised-kihlusesormused","18":"product_cat-kollasest-kullast-ehted","19":"product_cat-kollasest-kullast-kihlasormused","20":"product_cat-sobrapaeva-kingitused","21":"product_cat-teemantsormused","22":"desktop-align-center","23":"tablet-align-left","24":"mobile-align-left","25":"ast-product-gallery-layout-horizontal-slider","26":"ast-product-gallery-with-no-image","27":"ast-product-single-variable","28":"ast-product-tabs-layout-accordion","29":"ast-qv-on-image","31":"first","32":"instock","33":"taxable","34":"shipping-taxable","35":"purchasable","36":"product-type-variable"},"yoast_head":"<!-- This site is optimized with the Yoast SEO plugin v26.6 - https:\/\/yoast.com\/wordpress\/plugins\/seo\/ -->\n<title>Teemantne \u00f5rnus - kuldne s\u00f5rmus teemandiga (0,70 ct)<\/title>\n<meta name=\"description\" content=\"Kollasest kullast kroon koos v\u00f5ruga, mis r\u00f5hutab teemandi ilu. Suurep\u00e4rane valik kihlumiseks ja erilisteks puhkudeks. Valmistatud armastusega Leedus.\" \/>\n<meta name=\"robots\" content=\"index, follow, max-snippet:-1, max-image-preview:large, max-video-preview:-1\" \/>\n<link rel=\"canonical\" href=\"https:\/\/fashiongold.lt\/et\/papuosalas\/klassikaline-kollasest-kullast-teemandiga-sormus-teemantne-ornus-070-ct-g-vvs1\/\" \/>\n<meta property=\"og:locale\" content=\"et_EE\" \/>\n<meta property=\"og:type\" content=\"article\" \/>\n<meta property=\"og:title\" content=\"Teemantne \u00f5rnus - kuldne s\u00f5rmus teemandiga (0,70 ct)\" \/>\n<meta property=\"og:description\" content=\"Kollasest kullast kroon koos v\u00f5ruga, mis r\u00f5hutab teemandi ilu. Suurep\u00e4rane valik kihlumiseks ja erilisteks puhkudeks. Valmistatud armastusega Leedus.\" \/>\n<meta property=\"og:url\" content=\"https:\/\/fashiongold.lt\/et\/papuosalas\/klassikaline-kollasest-kullast-teemandiga-sormus-teemantne-ornus-070-ct-g-vvs1\/\" \/>\n<meta property=\"og:site_name\" content=\"FashionGold.lt\" \/>\n<meta property=\"article:modified_time\" content=\"2026-02-19T07:30:00+00:00\" \/>\n<meta property=\"og:image\" content=\"https:\/\/fashiongold.lt\/wp-content\/uploads\/2025\/10\/6820-59d-Klasikinis-geltono-aukso-ziedas-su-deimantu-Deimantinis-Svelnumas-070-ct.webp\" \/>\n\t<meta property=\"og:image:width\" content=\"1000\" \/>\n\t<meta property=\"og:image:height\" content=\"1000\" \/>\n\t<meta property=\"og:image:type\" content=\"image\/png\" \/>\n<meta name=\"twitter:card\" content=\"summary_large_image\" \/>\n<script type=\"application\/ld+json\" class=\"yoast-schema-graph\">{\"@context\":\"https:\/\/schema.org\",\"@graph\":[{\"@type\":\"WebPage\",\"@id\":\"https:\/\/fashiongold.lt\/et\/papuosalas\/klassikaline-kollasest-kullast-teemandiga-sormus-teemantne-ornus-070-ct-g-vvs1\/\",\"url\":\"https:\/\/fashiongold.lt\/et\/papuosalas\/klassikaline-kollasest-kullast-teemandiga-sormus-teemantne-ornus-070-ct-g-vvs1\/\",\"name\":\"Teemantne \u00f5rnus - kuldne s\u00f5rmus teemandiga (0,70 ct)\",\"isPartOf\":{\"@id\":\"https:\/\/fashiongold.lt\/et\/#website\"},\"primaryImageOfPage\":{\"@id\":\"https:\/\/fashiongold.lt\/et\/papuosalas\/klassikaline-kollasest-kullast-teemandiga-sormus-teemantne-ornus-070-ct-g-vvs1\/#primaryimage\"},\"image\":{\"@id\":\"https:\/\/fashiongold.lt\/et\/papuosalas\/klassikaline-kollasest-kullast-teemandiga-sormus-teemantne-ornus-070-ct-g-vvs1\/#primaryimage\"},\"thumbnailUrl\":\"https:\/\/fashiongold.lt\/wp-content\/uploads\/2025\/10\/6820-59d-Klasikinis-geltono-aukso-ziedas-su-deimantu-Deimantinis-Svelnumas-070-ct.png\",\"datePublished\":\"2025-10-10T00:39:32+00:00\",\"dateModified\":\"2026-02-19T07:30:00+00:00\",\"description\":\"Kollasest kullast kroon koos v\u00f5ruga, mis r\u00f5hutab teemandi ilu. Suurep\u00e4rane valik kihlumiseks ja erilisteks puhkudeks. Valmistatud armastusega Leedus.\",\"breadcrumb\":{\"@id\":\"https:\/\/fashiongold.lt\/et\/papuosalas\/klassikaline-kollasest-kullast-teemandiga-sormus-teemantne-ornus-070-ct-g-vvs1\/#breadcrumb\"},\"inLanguage\":\"et\",\"potentialAction\":[{\"@type\":\"ReadAction\",\"target\":[\"https:\/\/fashiongold.lt\/et\/papuosalas\/klassikaline-kollasest-kullast-teemandiga-sormus-teemantne-ornus-070-ct-g-vvs1\/\"]}]},{\"@type\":\"ImageObject\",\"inLanguage\":\"et\",\"@id\":\"https:\/\/fashiongold.lt\/et\/papuosalas\/klassikaline-kollasest-kullast-teemandiga-sormus-teemantne-ornus-070-ct-g-vvs1\/#primaryimage\",\"url\":\"https:\/\/fashiongold.lt\/wp-content\/uploads\/2025\/10\/6820-59d-Klasikinis-geltono-aukso-ziedas-su-deimantu-Deimantinis-Svelnumas-070-ct.png\",\"contentUrl\":\"https:\/\/fashiongold.lt\/wp-content\/uploads\/2025\/10\/6820-59d-Klasikinis-geltono-aukso-ziedas-su-deimantu-Deimantinis-Svelnumas-070-ct.png\",\"width\":1000,\"height\":1000},{\"@type\":\"BreadcrumbList\",\"@id\":\"https:\/\/fashiongold.lt\/et\/papuosalas\/klassikaline-kollasest-kullast-teemandiga-sormus-teemantne-ornus-070-ct-g-vvs1\/#breadcrumb\",\"itemListElement\":[{\"@type\":\"ListItem\",\"position\":1,\"name\":\"Home\",\"item\":\"https:\/\/fashiongold.lt\/et\/\"},{\"@type\":\"ListItem\",\"position\":2,\"name\":\"Teemantide pood Fashiongold.lt\",\"item\":\"https:\/\/fashiongold.lt\/shop-2\/\"},{\"@type\":\"ListItem\",\"position\":3,\"name\":\"Klassikaline kollasest kullast teemandiga s\u00f5rmus \u2013 Teemantne \u00f5rnus (0,70 ct G\/VVS1)\"}]},{\"@type\":\"WebSite\",\"@id\":\"https:\/\/fashiongold.lt\/et\/#website\",\"url\":\"https:\/\/fashiongold.lt\/et\/\",\"name\":\"Fashion Gold\",\"description\":\"Juvelyrikos namai\",\"publisher\":{\"@id\":\"https:\/\/fashiongold.lt\/et\/#organization\"},\"potentialAction\":[{\"@type\":\"SearchAction\",\"target\":{\"@type\":\"EntryPoint\",\"urlTemplate\":\"https:\/\/fashiongold.lt\/et\/?s={search_term_string}\"},\"query-input\":{\"@type\":\"PropertyValueSpecification\",\"valueRequired\":true,\"valueName\":\"search_term_string\"}}],\"inLanguage\":\"et\"},{\"@type\":\"Organization\",\"@id\":\"https:\/\/fashiongold.lt\/et\/#organization\",\"name\":\"Topdiamonds Online\",\"url\":\"https:\/\/fashiongold.lt\/et\/\",\"logo\":{\"@type\":\"ImageObject\",\"inLanguage\":\"et\",\"@id\":\"https:\/\/fashiongold.lt\/et\/#\/schema\/logo\/image\/\",\"url\":\"https:\/\/fashiongold.lt\/wp-content\/uploads\/2025\/04\/cropped-fashion_gold_logotipas2-scaled-1.png\",\"contentUrl\":\"https:\/\/fashiongold.lt\/wp-content\/uploads\/2025\/04\/cropped-fashion_gold_logotipas2-scaled-1.png\",\"width\":2559,\"height\":421,\"caption\":\"Topdiamonds Online\"},\"image\":{\"@id\":\"https:\/\/fashiongold.lt\/et\/#\/schema\/logo\/image\/\"}}]}<\/script>\n<!-- \/ Yoast SEO plugin. -->","yoast_head_json":{"title":"Teemantne \u00f5rnus - kuldne s\u00f5rmus teemandiga (0,70 ct)","description":"Kollasest kullast kroon koos v\u00f5ruga, mis r\u00f5hutab teemandi ilu. Suurep\u00e4rane valik kihlumiseks ja erilisteks puhkudeks. Valmistatud armastusega Leedus.","robots":{"index":"index","follow":"follow","max-snippet":"max-snippet:-1","max-image-preview":"max-image-preview:large","max-video-preview":"max-video-preview:-1"},"canonical":"https:\/\/fashiongold.lt\/et\/papuosalas\/klassikaline-kollasest-kullast-teemandiga-sormus-teemantne-ornus-070-ct-g-vvs1\/","og_locale":"et_EE","og_type":"article","og_title":"Teemantne \u00f5rnus - kuldne s\u00f5rmus teemandiga (0,70 ct)","og_description":"Kollasest kullast kroon koos v\u00f5ruga, mis r\u00f5hutab teemandi ilu. Suurep\u00e4rane valik kihlumiseks ja erilisteks puhkudeks. Valmistatud armastusega Leedus.","og_url":"https:\/\/fashiongold.lt\/et\/papuosalas\/klassikaline-kollasest-kullast-teemandiga-sormus-teemantne-ornus-070-ct-g-vvs1\/","og_site_name":"FashionGold.lt","article_modified_time":"2026-02-19T07:30:00+00:00","og_image":[{"width":1000,"height":1000,"url":"https:\/\/fashiongold.lt\/wp-content\/uploads\/2025\/10\/6820-59d-Klasikinis-geltono-aukso-ziedas-su-deimantu-Deimantinis-Svelnumas-070-ct.webp","type":"image\/png"}],"twitter_card":"summary_large_image","schema":{"@context":"https:\/\/schema.org","@graph":[{"@type":"WebPage","@id":"https:\/\/fashiongold.lt\/et\/papuosalas\/klassikaline-kollasest-kullast-teemandiga-sormus-teemantne-ornus-070-ct-g-vvs1\/","url":"https:\/\/fashiongold.lt\/et\/papuosalas\/klassikaline-kollasest-kullast-teemandiga-sormus-teemantne-ornus-070-ct-g-vvs1\/","name":"Teemantne \u00f5rnus - kuldne s\u00f5rmus teemandiga (0,70 ct)","isPartOf":{"@id":"https:\/\/fashiongold.lt\/et\/#website"},"primaryImageOfPage":{"@id":"https:\/\/fashiongold.lt\/et\/papuosalas\/klassikaline-kollasest-kullast-teemandiga-sormus-teemantne-ornus-070-ct-g-vvs1\/#primaryimage"},"image":{"@id":"https:\/\/fashiongold.lt\/et\/papuosalas\/klassikaline-kollasest-kullast-teemandiga-sormus-teemantne-ornus-070-ct-g-vvs1\/#primaryimage"},"thumbnailUrl":"https:\/\/fashiongold.lt\/wp-content\/uploads\/2025\/10\/6820-59d-Klasikinis-geltono-aukso-ziedas-su-deimantu-Deimantinis-Svelnumas-070-ct.png","datePublished":"2025-10-10T00:39:32+00:00","dateModified":"2026-02-19T07:30:00+00:00","description":"Kollasest kullast kroon koos v\u00f5ruga, mis r\u00f5hutab teemandi ilu. Suurep\u00e4rane valik kihlumiseks ja erilisteks puhkudeks. Valmistatud armastusega Leedus.","breadcrumb":{"@id":"https:\/\/fashiongold.lt\/et\/papuosalas\/klassikaline-kollasest-kullast-teemandiga-sormus-teemantne-ornus-070-ct-g-vvs1\/#breadcrumb"},"inLanguage":"et","potentialAction":[{"@type":"ReadAction","target":["https:\/\/fashiongold.lt\/et\/papuosalas\/klassikaline-kollasest-kullast-teemandiga-sormus-teemantne-ornus-070-ct-g-vvs1\/"]}]},{"@type":"ImageObject","inLanguage":"et","@id":"https:\/\/fashiongold.lt\/et\/papuosalas\/klassikaline-kollasest-kullast-teemandiga-sormus-teemantne-ornus-070-ct-g-vvs1\/#primaryimage","url":"https:\/\/fashiongold.lt\/wp-content\/uploads\/2025\/10\/6820-59d-Klasikinis-geltono-aukso-ziedas-su-deimantu-Deimantinis-Svelnumas-070-ct.png","contentUrl":"https:\/\/fashiongold.lt\/wp-content\/uploads\/2025\/10\/6820-59d-Klasikinis-geltono-aukso-ziedas-su-deimantu-Deimantinis-Svelnumas-070-ct.png","width":1000,"height":1000},{"@type":"BreadcrumbList","@id":"https:\/\/fashiongold.lt\/et\/papuosalas\/klassikaline-kollasest-kullast-teemandiga-sormus-teemantne-ornus-070-ct-g-vvs1\/#breadcrumb","itemListElement":[{"@type":"ListItem","position":1,"name":"Home","item":"https:\/\/fashiongold.lt\/et\/"},{"@type":"ListItem","position":2,"name":"Teemantide pood Fashiongold.lt","item":"https:\/\/fashiongold.lt\/shop-2\/"},{"@type":"ListItem","position":3,"name":"Klassikaline kollasest kullast teemandiga s\u00f5rmus \u2013 Teemantne \u00f5rnus (0,70 ct G\/VVS1)"}]},{"@type":"WebSite","@id":"https:\/\/fashiongold.lt\/et\/#website","url":"https:\/\/fashiongold.lt\/et\/","name":"Fashion Gold","description":"Juvelyrikos namai","publisher":{"@id":"https:\/\/fashiongold.lt\/et\/#organization"},"potentialAction":[{"@type":"SearchAction","target":{"@type":"EntryPoint","urlTemplate":"https:\/\/fashiongold.lt\/et\/?s={search_term_string}"},"query-input":{"@type":"PropertyValueSpecification","valueRequired":true,"valueName":"search_term_string"}}],"inLanguage":"et"},{"@type":"Organization","@id":"https:\/\/fashiongold.lt\/et\/#organization","name":"Topdiamonds Online","url":"https:\/\/fashiongold.lt\/et\/","logo":{"@type":"ImageObject","inLanguage":"et","@id":"https:\/\/fashiongold.lt\/et\/#\/schema\/logo\/image\/","url":"https:\/\/fashiongold.lt\/wp-content\/uploads\/2025\/04\/cropped-fashion_gold_logotipas2-scaled-1.png","contentUrl":"https:\/\/fashiongold.lt\/wp-content\/uploads\/2025\/04\/cropped-fashion_gold_logotipas2-scaled-1.png","width":2559,"height":421,"caption":"Topdiamonds Online"},"image":{"@id":"https:\/\/fashiongold.lt\/et\/#\/schema\/logo\/image\/"}}]}},"_links":{"self":[{"href":"https:\/\/fashiongold.lt\/et\/wp-json\/wp\/v2\/product\/292104","targetHints":{"allow":["GET"]}}],"collection":[{"href":"https:\/\/fashiongold.lt\/et\/wp-json\/wp\/v2\/product"}],"about":[{"href":"https:\/\/fashiongold.lt\/et\/wp-json\/wp\/v2\/types\/product"}],"version-history":[{"count":0,"href":"https:\/\/fashiongold.lt\/et\/wp-json\/wp\/v2\/product\/292104\/revisions"}],"wp:featuredmedia":[{"embeddable":true,"href":"https:\/\/fashiongold.lt\/et\/wp-json\/wp\/v2\/media\/85032"}],"wp:attachment":[{"href":"https:\/\/fashiongold.lt\/et\/wp-json\/wp\/v2\/media?parent=292104"}],"wp:term":[{"taxonomy":"product_brand","embeddable":true,"href":"https:\/\/fashiongold.lt\/et\/wp-json\/wp\/v2\/product_brand?post=292104"},{"taxonomy":"product_cat","embeddable":true,"href":"https:\/\/fashiongold.lt\/et\/wp-json\/wp\/v2\/product_cat?post=292104"},{"taxonomy":"product_tag","embeddable":true,"href":"https:\/\/fashiongold.lt\/et\/wp-json\/wp\/v2\/product_tag?post=292104"}],"curies":[{"name":"wp","href":"https:\/\/api.w.org\/{rel}","templated":true}]}}