{"id":292312,"date":"2025-10-10T00:08:15","date_gmt":"2025-10-10T00:08:15","guid":{"rendered":"https:\/\/fashiongold.lt\/papuosalas\/punasest-kullast-korvarongad-kollaste-safiiridega-safiiridega-rongad-020-ct\/"},"modified":"2025-10-10T00:08:15","modified_gmt":"2025-10-10T00:08:15","slug":"punasest-kullast-korvarongad-kollaste-safiiridega-safiiridega-rongad-020-ct","status":"publish","type":"product","link":"https:\/\/fashiongold.lt\/et\/papuosalas\/punasest-kullast-korvarongad-kollaste-safiiridega-safiiridega-rongad-020-ct\/","title":{"rendered":"Punasest kullast k\u00f5rvar\u00f5ngad kollaste safiiridega \u2013 Safiiridega r\u00f5ngad (0,20 ct)"},"content":{"rendered":"<p>\u201eFashion Gold\u201c juveliiride loodud elegantsed kuldk\u00f5rvar\u00f5ngad, millest iga\u00fcht kaunistab k\u00fcmme safiiri. K\u00f5rvar\u00f5ngaste kinnitus on v\u00e4ga kvaliteetne, seega te ei kaota neid. Valmistatud Leedus. K\u00f5rvar\u00f5ngaid saab valmistada tellimust\u00f6\u00f6na: punasest, kollasest ja valgest kullast.\u00a0 \u00a0<\/p>\n<p>Kollane safiir on haruldasem kui sinine. Astroloogia j\u00e4rgi sobib see eriti h\u00e4sti inimestele, kes on s\u00fcndinud L\u00f5vi, Amburi ja Kalade t\u00e4htkujus. L\u00f5videle toob see \u00f5nne ja j\u00f5udu, aidates v\u00e4ljendada juhiomadusi. See on talisman, mis sobib v\u00e4ga h\u00e4sti meedikutele, samuti neile, kes peavad palju r\u00e4\u00e4kima ja kirjutama.\u00a0<\/p>\n<p>\u2022 V\u00e4\u00e4riskivi t\u00fc\u00fcp: Looduslik kollane safiir\u00a0<\/p>\n<p>\u2022 V\u00e4\u00e4riskivi kuju: \u00dcmar lihv (Round cut)\u00a0 \u00a0 \u00a0<\/p>\n<p>\u2022 V\u00e4\u00e4riskivi omadused: 0,10 ct\u00a0<\/p>\n<p>\u2022 Sertifikaat: Leedu Proovikoda (LPR)\u00a0 \u00a0 \u00a0 \u00a0<\/p>\n<p>\u2022 K\u00f5rvar\u00f5ngaste kuld: 14K (proov 585)\u00a0 \u00a0 \u00a0 \u00a0<\/p>\n<p>\u2022 K\u00f5rvar\u00f5ngaste v\u00e4rvus: punane kuld\u00a0 \u00a0 \u00a0 \u00a0 \u00a0<\/p>\n<p>\u2022 K\u00f5rvar\u00f5ngaste kaal: umbes 1,00-1,20 g\u00a0 \u00a0 \u00a0 \u00a0<\/p>\n<p>\u2022 K\u00f5rvar\u00f5ngaste m\u00f5\u00f5tmed:\u00a0\u00a0<\/p>\n","protected":false},"excerpt":{"rendered":"<p>K\u00e4sit\u00f6\u00f6na valminud punasest kullast r\u00f5ngask\u00f5rvar\u00f5ngad kollaste safiiridega. Modernne transformatordisain v\u00f5imaldab kanda vaid r\u00f5ngaid v\u00f5i lisada neile spetsiaalselt valmistatud v\u00e4\u00e4riskividega ripatsid. Sobivad nii igap\u00e4evaseks kandmiseks kui ka erilisteks puhkudeks.<\/p>\n","protected":false},"featured_media":83519,"template":"","meta":{"site-sidebar-layout":"","site-content-layout":"","ast-site-content-layout":"","site-content-style":"","site-sidebar-style":"","ast-global-header-display":"","ast-banner-title-visibility":"","ast-main-header-display":"","ast-hfb-above-header-display":"","ast-hfb-below-header-display":"","ast-hfb-mobile-header-display":"","site-post-title":"","ast-breadcrumbs-content":"","ast-featured-img":"","footer-sml-layout":"","ast-disable-related-posts":"","theme-transparent-header-meta":"","adv-header-id-meta":"","stick-header-meta":"","header-above-stick-meta":"","header-main-stick-meta":"","header-below-stick-meta":"","astra-migrate-meta-layouts":"default","ast-page-background-enabled":"default","ast-page-background-meta":{"desktop":{"background-color":"var(--ast-global-color-4)","background-image":"","background-repeat":"repeat","background-position":"center center","background-size":"auto","background-attachment":"scroll","background-type":"","background-media":"","overlay-type":"","overlay-color":"","overlay-opacity":"","overlay-gradient":""},"tablet":{"background-color":"","background-image":"","background-repeat":"repeat","background-position":"center center","background-size":"auto","background-attachment":"scroll","background-type":"","background-media":"","overlay-type":"","overlay-color":"","overlay-opacity":"","overlay-gradient":""},"mobile":{"background-color":"","background-image":"","background-repeat":"repeat","background-position":"center center","background-size":"auto","background-attachment":"scroll","background-type":"","background-media":"","overlay-type":"","overlay-color":"","overlay-opacity":"","overlay-gradient":""}},"ast-content-background-meta":{"desktop":{"background-color":"var(--ast-global-color-5)","background-image":"","background-repeat":"repeat","background-position":"center center","background-size":"auto","background-attachment":"scroll","background-type":"","background-media":"","overlay-type":"","overlay-color":"","overlay-opacity":"","overlay-gradient":""},"tablet":{"background-color":"var(--ast-global-color-5)","background-image":"","background-repeat":"repeat","background-position":"center center","background-size":"auto","background-attachment":"scroll","background-type":"","background-media":"","overlay-type":"","overlay-color":"","overlay-opacity":"","overlay-gradient":""},"mobile":{"background-color":"var(--ast-global-color-5)","background-image":"","background-repeat":"repeat","background-position":"center center","background-size":"auto","background-attachment":"scroll","background-type":"","background-media":"","overlay-type":"","overlay-color":"","overlay-opacity":"","overlay-gradient":""}}},"product_brand":[],"product_cat":[3058,2830,2826,3482,2829,2823,2828,2822,2824,3392,2821,3539,2967,3391,3537,2843,3448,2847,2845,2966,2968],"product_tag":[],"class_list":{"0":"post-292312","1":"product","2":"type-product","3":"status-publish","4":"has-post-thumbnail","6":"product_cat-ehted","7":"product_cat-emadepaeva-kingitused","8":"product_cat-joulukingid","9":"product_cat-kingitus-esimese-armulaua-puhul","10":"product_cat-kingitused-erilisteks-puhkudeks","11":"product_cat-kingitused-lapse-sunni-puhul","12":"product_cat-kingitused-lopetamise-puhul","13":"product_cat-kingitused-naistele","14":"product_cat-kingitused-pulma-aastapaeva-puhul","15":"product_cat-kingitused-pulmade-puhul","16":"product_cat-kingitused-sunnipaevaks","17":"product_cat-korvarongad-tudrukutele-laste-korvarongad","18":"product_cat-punasest-kullast-ehted","19":"product_cat-ristimiskingitused","20":"product_cat-rongaskorvarongad","21":"product_cat-safiir-ehted-safiiridega","22":"product_cat-sinine-vaariskivi","23":"product_cat-siniste-vaariskividega-ehted","24":"product_cat-sobrapaeva-kingitused","25":"product_cat-teemantidega-korvarongad","26":"product_cat-vaariskividega-korvarongad","27":"desktop-align-center","28":"tablet-align-left","29":"mobile-align-left","30":"ast-product-gallery-layout-horizontal-slider","31":"ast-product-gallery-with-no-image","32":"ast-product-tabs-layout-accordion","33":"ast-qv-on-image","35":"first","36":"instock","37":"taxable","38":"shipping-taxable","39":"purchasable","40":"product-type-simple"},"yoast_head":"<!-- This site is optimized with the Yoast SEO plugin v26.6 - https:\/\/yoast.com\/wordpress\/plugins\/seo\/ -->\n<title>Punasest kullast k\u00f5rvar\u00f5ngad kollaste safiiridega - Safiirr\u00f5ngad<\/title>\n<meta name=\"description\" content=\"K\u00e4sit\u00f6\u00f6na valminud kuldsed r\u00f5ngask\u00f5rvar\u00f5ngad kollaste safiiridega. Neile saab riputada v\u00e4\u00e4riskividega ripatseid. Sobivad igap\u00e4evaseks kandmiseks v\u00f5i erilisteks puhkudeks.\" \/>\n<meta name=\"robots\" content=\"index, follow, max-snippet:-1, max-image-preview:large, max-video-preview:-1\" \/>\n<link rel=\"canonical\" href=\"https:\/\/fashiongold.lt\/et\/papuosalas\/punasest-kullast-korvarongad-kollaste-safiiridega-safiiridega-rongad-020-ct\/\" \/>\n<meta property=\"og:locale\" content=\"et_EE\" \/>\n<meta property=\"og:type\" content=\"article\" \/>\n<meta property=\"og:title\" content=\"Punasest kullast k\u00f5rvar\u00f5ngad kollaste safiiridega - Safiirr\u00f5ngad\" \/>\n<meta property=\"og:description\" content=\"K\u00e4sit\u00f6\u00f6na valminud kuldsed r\u00f5ngask\u00f5rvar\u00f5ngad kollaste safiiridega. Neile saab riputada v\u00e4\u00e4riskividega ripatseid. Sobivad igap\u00e4evaseks kandmiseks v\u00f5i erilisteks puhkudeks.\" \/>\n<meta property=\"og:url\" content=\"https:\/\/fashiongold.lt\/et\/papuosalas\/punasest-kullast-korvarongad-kollaste-safiiridega-safiiridega-rongad-020-ct\/\" \/>\n<meta property=\"og:site_name\" content=\"FashionGold.lt\" \/>\n<meta property=\"og:image\" content=\"https:\/\/fashiongold.lt\/wp-content\/uploads\/2025\/10\/6561-c5c-Raudono-aukso-auskarai-su-geltonais-safyrais-Safyrines-rinkutes-020-ct.webp\" \/>\n\t<meta property=\"og:image:width\" content=\"1000\" \/>\n\t<meta property=\"og:image:height\" content=\"1000\" \/>\n\t<meta property=\"og:image:type\" content=\"image\/png\" \/>\n<meta name=\"twitter:card\" content=\"summary_large_image\" \/>\n<meta name=\"twitter:label1\" content=\"Est. reading time\" \/>\n\t<meta name=\"twitter:data1\" content=\"1 minut\" \/>\n<script type=\"application\/ld+json\" class=\"yoast-schema-graph\">{\"@context\":\"https:\/\/schema.org\",\"@graph\":[{\"@type\":\"WebPage\",\"@id\":\"https:\/\/fashiongold.lt\/et\/papuosalas\/punasest-kullast-korvarongad-kollaste-safiiridega-safiiridega-rongad-020-ct\/\",\"url\":\"https:\/\/fashiongold.lt\/et\/papuosalas\/punasest-kullast-korvarongad-kollaste-safiiridega-safiiridega-rongad-020-ct\/\",\"name\":\"Punasest kullast k\u00f5rvar\u00f5ngad kollaste safiiridega - Safiirr\u00f5ngad\",\"isPartOf\":{\"@id\":\"https:\/\/fashiongold.lt\/et\/#website\"},\"primaryImageOfPage\":{\"@id\":\"https:\/\/fashiongold.lt\/et\/papuosalas\/punasest-kullast-korvarongad-kollaste-safiiridega-safiiridega-rongad-020-ct\/#primaryimage\"},\"image\":{\"@id\":\"https:\/\/fashiongold.lt\/et\/papuosalas\/punasest-kullast-korvarongad-kollaste-safiiridega-safiiridega-rongad-020-ct\/#primaryimage\"},\"thumbnailUrl\":\"https:\/\/fashiongold.lt\/wp-content\/uploads\/2025\/10\/6561-c5c-Raudono-aukso-auskarai-su-geltonais-safyrais-Safyrines-rinkutes-020-ct.png\",\"datePublished\":\"2025-10-10T00:08:15+00:00\",\"description\":\"K\u00e4sit\u00f6\u00f6na valminud kuldsed r\u00f5ngask\u00f5rvar\u00f5ngad kollaste safiiridega. Neile saab riputada v\u00e4\u00e4riskividega ripatseid. Sobivad igap\u00e4evaseks kandmiseks v\u00f5i erilisteks puhkudeks.\",\"breadcrumb\":{\"@id\":\"https:\/\/fashiongold.lt\/et\/papuosalas\/punasest-kullast-korvarongad-kollaste-safiiridega-safiiridega-rongad-020-ct\/#breadcrumb\"},\"inLanguage\":\"et\",\"potentialAction\":[{\"@type\":\"ReadAction\",\"target\":[\"https:\/\/fashiongold.lt\/et\/papuosalas\/punasest-kullast-korvarongad-kollaste-safiiridega-safiiridega-rongad-020-ct\/\"]}]},{\"@type\":\"ImageObject\",\"inLanguage\":\"et\",\"@id\":\"https:\/\/fashiongold.lt\/et\/papuosalas\/punasest-kullast-korvarongad-kollaste-safiiridega-safiiridega-rongad-020-ct\/#primaryimage\",\"url\":\"https:\/\/fashiongold.lt\/wp-content\/uploads\/2025\/10\/6561-c5c-Raudono-aukso-auskarai-su-geltonais-safyrais-Safyrines-rinkutes-020-ct.png\",\"contentUrl\":\"https:\/\/fashiongold.lt\/wp-content\/uploads\/2025\/10\/6561-c5c-Raudono-aukso-auskarai-su-geltonais-safyrais-Safyrines-rinkutes-020-ct.png\",\"width\":1000,\"height\":1000},{\"@type\":\"BreadcrumbList\",\"@id\":\"https:\/\/fashiongold.lt\/et\/papuosalas\/punasest-kullast-korvarongad-kollaste-safiiridega-safiiridega-rongad-020-ct\/#breadcrumb\",\"itemListElement\":[{\"@type\":\"ListItem\",\"position\":1,\"name\":\"Home\",\"item\":\"https:\/\/fashiongold.lt\/et\/\"},{\"@type\":\"ListItem\",\"position\":2,\"name\":\"Teemantide pood Fashiongold.lt\",\"item\":\"https:\/\/fashiongold.lt\/shop-2\/\"},{\"@type\":\"ListItem\",\"position\":3,\"name\":\"Punasest kullast k\u00f5rvar\u00f5ngad kollaste safiiridega \u2013 Safiiridega r\u00f5ngad (0,20 ct)\"}]},{\"@type\":\"WebSite\",\"@id\":\"https:\/\/fashiongold.lt\/et\/#website\",\"url\":\"https:\/\/fashiongold.lt\/et\/\",\"name\":\"Fashion Gold\",\"description\":\"Juvelyrikos namai\",\"publisher\":{\"@id\":\"https:\/\/fashiongold.lt\/et\/#organization\"},\"potentialAction\":[{\"@type\":\"SearchAction\",\"target\":{\"@type\":\"EntryPoint\",\"urlTemplate\":\"https:\/\/fashiongold.lt\/et\/?s={search_term_string}\"},\"query-input\":{\"@type\":\"PropertyValueSpecification\",\"valueRequired\":true,\"valueName\":\"search_term_string\"}}],\"inLanguage\":\"et\"},{\"@type\":\"Organization\",\"@id\":\"https:\/\/fashiongold.lt\/et\/#organization\",\"name\":\"Topdiamonds Online\",\"url\":\"https:\/\/fashiongold.lt\/et\/\",\"logo\":{\"@type\":\"ImageObject\",\"inLanguage\":\"et\",\"@id\":\"https:\/\/fashiongold.lt\/et\/#\/schema\/logo\/image\/\",\"url\":\"https:\/\/fashiongold.lt\/wp-content\/uploads\/2025\/04\/cropped-fashion_gold_logotipas2-scaled-1.png\",\"contentUrl\":\"https:\/\/fashiongold.lt\/wp-content\/uploads\/2025\/04\/cropped-fashion_gold_logotipas2-scaled-1.png\",\"width\":2559,\"height\":421,\"caption\":\"Topdiamonds Online\"},\"image\":{\"@id\":\"https:\/\/fashiongold.lt\/et\/#\/schema\/logo\/image\/\"}}]}<\/script>\n<!-- \/ Yoast SEO plugin. -->","yoast_head_json":{"title":"Punasest kullast k\u00f5rvar\u00f5ngad kollaste safiiridega - Safiirr\u00f5ngad","description":"K\u00e4sit\u00f6\u00f6na valminud kuldsed r\u00f5ngask\u00f5rvar\u00f5ngad kollaste safiiridega. Neile saab riputada v\u00e4\u00e4riskividega ripatseid. Sobivad igap\u00e4evaseks kandmiseks v\u00f5i erilisteks puhkudeks.","robots":{"index":"index","follow":"follow","max-snippet":"max-snippet:-1","max-image-preview":"max-image-preview:large","max-video-preview":"max-video-preview:-1"},"canonical":"https:\/\/fashiongold.lt\/et\/papuosalas\/punasest-kullast-korvarongad-kollaste-safiiridega-safiiridega-rongad-020-ct\/","og_locale":"et_EE","og_type":"article","og_title":"Punasest kullast k\u00f5rvar\u00f5ngad kollaste safiiridega - Safiirr\u00f5ngad","og_description":"K\u00e4sit\u00f6\u00f6na valminud kuldsed r\u00f5ngask\u00f5rvar\u00f5ngad kollaste safiiridega. Neile saab riputada v\u00e4\u00e4riskividega ripatseid. Sobivad igap\u00e4evaseks kandmiseks v\u00f5i erilisteks puhkudeks.","og_url":"https:\/\/fashiongold.lt\/et\/papuosalas\/punasest-kullast-korvarongad-kollaste-safiiridega-safiiridega-rongad-020-ct\/","og_site_name":"FashionGold.lt","og_image":[{"width":1000,"height":1000,"url":"https:\/\/fashiongold.lt\/wp-content\/uploads\/2025\/10\/6561-c5c-Raudono-aukso-auskarai-su-geltonais-safyrais-Safyrines-rinkutes-020-ct.webp","type":"image\/png"}],"twitter_card":"summary_large_image","twitter_misc":{"Est. reading time":"1 minut"},"schema":{"@context":"https:\/\/schema.org","@graph":[{"@type":"WebPage","@id":"https:\/\/fashiongold.lt\/et\/papuosalas\/punasest-kullast-korvarongad-kollaste-safiiridega-safiiridega-rongad-020-ct\/","url":"https:\/\/fashiongold.lt\/et\/papuosalas\/punasest-kullast-korvarongad-kollaste-safiiridega-safiiridega-rongad-020-ct\/","name":"Punasest kullast k\u00f5rvar\u00f5ngad kollaste safiiridega - Safiirr\u00f5ngad","isPartOf":{"@id":"https:\/\/fashiongold.lt\/et\/#website"},"primaryImageOfPage":{"@id":"https:\/\/fashiongold.lt\/et\/papuosalas\/punasest-kullast-korvarongad-kollaste-safiiridega-safiiridega-rongad-020-ct\/#primaryimage"},"image":{"@id":"https:\/\/fashiongold.lt\/et\/papuosalas\/punasest-kullast-korvarongad-kollaste-safiiridega-safiiridega-rongad-020-ct\/#primaryimage"},"thumbnailUrl":"https:\/\/fashiongold.lt\/wp-content\/uploads\/2025\/10\/6561-c5c-Raudono-aukso-auskarai-su-geltonais-safyrais-Safyrines-rinkutes-020-ct.png","datePublished":"2025-10-10T00:08:15+00:00","description":"K\u00e4sit\u00f6\u00f6na valminud kuldsed r\u00f5ngask\u00f5rvar\u00f5ngad kollaste safiiridega. Neile saab riputada v\u00e4\u00e4riskividega ripatseid. Sobivad igap\u00e4evaseks kandmiseks v\u00f5i erilisteks puhkudeks.","breadcrumb":{"@id":"https:\/\/fashiongold.lt\/et\/papuosalas\/punasest-kullast-korvarongad-kollaste-safiiridega-safiiridega-rongad-020-ct\/#breadcrumb"},"inLanguage":"et","potentialAction":[{"@type":"ReadAction","target":["https:\/\/fashiongold.lt\/et\/papuosalas\/punasest-kullast-korvarongad-kollaste-safiiridega-safiiridega-rongad-020-ct\/"]}]},{"@type":"ImageObject","inLanguage":"et","@id":"https:\/\/fashiongold.lt\/et\/papuosalas\/punasest-kullast-korvarongad-kollaste-safiiridega-safiiridega-rongad-020-ct\/#primaryimage","url":"https:\/\/fashiongold.lt\/wp-content\/uploads\/2025\/10\/6561-c5c-Raudono-aukso-auskarai-su-geltonais-safyrais-Safyrines-rinkutes-020-ct.png","contentUrl":"https:\/\/fashiongold.lt\/wp-content\/uploads\/2025\/10\/6561-c5c-Raudono-aukso-auskarai-su-geltonais-safyrais-Safyrines-rinkutes-020-ct.png","width":1000,"height":1000},{"@type":"BreadcrumbList","@id":"https:\/\/fashiongold.lt\/et\/papuosalas\/punasest-kullast-korvarongad-kollaste-safiiridega-safiiridega-rongad-020-ct\/#breadcrumb","itemListElement":[{"@type":"ListItem","position":1,"name":"Home","item":"https:\/\/fashiongold.lt\/et\/"},{"@type":"ListItem","position":2,"name":"Teemantide pood Fashiongold.lt","item":"https:\/\/fashiongold.lt\/shop-2\/"},{"@type":"ListItem","position":3,"name":"Punasest kullast k\u00f5rvar\u00f5ngad kollaste safiiridega \u2013 Safiiridega r\u00f5ngad (0,20 ct)"}]},{"@type":"WebSite","@id":"https:\/\/fashiongold.lt\/et\/#website","url":"https:\/\/fashiongold.lt\/et\/","name":"Fashion Gold","description":"Juvelyrikos namai","publisher":{"@id":"https:\/\/fashiongold.lt\/et\/#organization"},"potentialAction":[{"@type":"SearchAction","target":{"@type":"EntryPoint","urlTemplate":"https:\/\/fashiongold.lt\/et\/?s={search_term_string}"},"query-input":{"@type":"PropertyValueSpecification","valueRequired":true,"valueName":"search_term_string"}}],"inLanguage":"et"},{"@type":"Organization","@id":"https:\/\/fashiongold.lt\/et\/#organization","name":"Topdiamonds Online","url":"https:\/\/fashiongold.lt\/et\/","logo":{"@type":"ImageObject","inLanguage":"et","@id":"https:\/\/fashiongold.lt\/et\/#\/schema\/logo\/image\/","url":"https:\/\/fashiongold.lt\/wp-content\/uploads\/2025\/04\/cropped-fashion_gold_logotipas2-scaled-1.png","contentUrl":"https:\/\/fashiongold.lt\/wp-content\/uploads\/2025\/04\/cropped-fashion_gold_logotipas2-scaled-1.png","width":2559,"height":421,"caption":"Topdiamonds Online"},"image":{"@id":"https:\/\/fashiongold.lt\/et\/#\/schema\/logo\/image\/"}}]}},"_links":{"self":[{"href":"https:\/\/fashiongold.lt\/et\/wp-json\/wp\/v2\/product\/292312","targetHints":{"allow":["GET"]}}],"collection":[{"href":"https:\/\/fashiongold.lt\/et\/wp-json\/wp\/v2\/product"}],"about":[{"href":"https:\/\/fashiongold.lt\/et\/wp-json\/wp\/v2\/types\/product"}],"version-history":[{"count":0,"href":"https:\/\/fashiongold.lt\/et\/wp-json\/wp\/v2\/product\/292312\/revisions"}],"wp:featuredmedia":[{"embeddable":true,"href":"https:\/\/fashiongold.lt\/et\/wp-json\/wp\/v2\/media\/83519"}],"wp:attachment":[{"href":"https:\/\/fashiongold.lt\/et\/wp-json\/wp\/v2\/media?parent=292312"}],"wp:term":[{"taxonomy":"product_brand","embeddable":true,"href":"https:\/\/fashiongold.lt\/et\/wp-json\/wp\/v2\/product_brand?post=292312"},{"taxonomy":"product_cat","embeddable":true,"href":"https:\/\/fashiongold.lt\/et\/wp-json\/wp\/v2\/product_cat?post=292312"},{"taxonomy":"product_tag","embeddable":true,"href":"https:\/\/fashiongold.lt\/et\/wp-json\/wp\/v2\/product_tag?post=292312"}],"curies":[{"name":"wp","href":"https:\/\/api.w.org\/{rel}","templated":true}]}}