{"id":292357,"date":"2025-10-10T00:08:13","date_gmt":"2025-10-10T00:08:13","guid":{"rendered":"https:\/\/fashiongold.lt\/papuosalas\/kollasest-kullast-korvarongad-kollaste-safiiridega-viis-safiiri-015-ct\/"},"modified":"2025-10-10T00:08:13","modified_gmt":"2025-10-10T00:08:13","slug":"kollasest-kullast-korvarongad-kollaste-safiiridega-viis-safiiri-015-ct","status":"publish","type":"product","link":"https:\/\/fashiongold.lt\/et\/papuosalas\/kollasest-kullast-korvarongad-kollaste-safiiridega-viis-safiiri-015-ct\/","title":{"rendered":"Kollasest kullast k\u00f5rvar\u00f5ngad kollaste safiiridega \u2013 Viis safiiri (0,15 ct)"},"content":{"rendered":"<p>\u201eFashion Gold\u201c juveliiride loodud elegantsed kuldk\u00f5rvar\u00f5ngad, millest iga\u00fcht kaunistavad viis teemanti. K\u00f5rvar\u00f5ngaste kinnitus on fikseeritav, seega te ei kaota neid. Valmistatud Leedus. K\u00f5rvar\u00f5ngaid saab tellida punasest, kollasest ja valgest kullast.<\/p>\n<p>Kollane safiir on haruldasem kui sinine. Astroloogia j\u00e4rgi sobib see eriti h\u00e4sti inimestele, kes on s\u00fcndinud L\u00f5vi, Amburi ja Kalade t\u00e4hem\u00e4rgis. L\u00f5videle toob see \u00f5nne ja j\u00f5udu, aidates v\u00e4ljendada juhiv\u00f5imeid. See talisman sobib suurep\u00e4raselt meedikutele, samuti neile, kes peavad palju r\u00e4\u00e4kima ja kirjutama.<\/p>\n<p>\u2022 V\u00e4\u00e4riskivi t\u00fc\u00fcp: Looduslik kollane safiir<\/p>\n<p>\u2022 V\u00e4\u00e4riskivi kuju: \u00dcmar lihv (Round cut)<\/p>\n<p>\u2022 V\u00e4\u00e4riskivi omadused: 0,15 ct<\/p>\n<p>\u2022 Sertifikaat: Leedu Proovikoda (LPR)<\/p>\n<p>\u2022 K\u00f5rvar\u00f5ngaste kuld: 14K (proov 585)<\/p>\n<p>\u2022 K\u00f5rvar\u00f5ngaste v\u00e4rvus: kollane kuld<\/p>\n<p>\u2022 K\u00f5rvar\u00f5ngaste kaal: umbes 1,80 g<\/p>\n<p>\u2022 K\u00f5rvar\u00f5ngaste m\u00f5\u00f5tmed: k\u00f5rgus 10 mm, laius 3 mm<\/p>\n","protected":false},"excerpt":{"rendered":"<p>Ainulaadsed k\u00e4sit\u00f6\u00f6na valminud kollasest kullast k\u00f5rvar\u00f5ngad kollaste safiiride ja inglise kinnitusega. Klassikaline transformer-k\u00f5rvar\u00f5ngaste disain v\u00f5imaldab kanda ainult k\u00f5rvar\u00f5ngaid v\u00f5i lisada spetsiaalselt valmistatud v\u00e4\u00e4riskividega ripatseid. Sobivad igap\u00e4evaseks kandmiseks v\u00f5i erilisteks puhkudeks.<\/p>\n","protected":false},"featured_media":83394,"template":"","meta":{"site-sidebar-layout":"","site-content-layout":"","ast-site-content-layout":"","site-content-style":"","site-sidebar-style":"","ast-global-header-display":"","ast-banner-title-visibility":"","ast-main-header-display":"","ast-hfb-above-header-display":"","ast-hfb-below-header-display":"","ast-hfb-mobile-header-display":"","site-post-title":"","ast-breadcrumbs-content":"","ast-featured-img":"","footer-sml-layout":"","ast-disable-related-posts":"","theme-transparent-header-meta":"","adv-header-id-meta":"","stick-header-meta":"","header-above-stick-meta":"","header-main-stick-meta":"","header-below-stick-meta":"","astra-migrate-meta-layouts":"default","ast-page-background-enabled":"default","ast-page-background-meta":{"desktop":{"background-color":"var(--ast-global-color-4)","background-image":"","background-repeat":"repeat","background-position":"center center","background-size":"auto","background-attachment":"scroll","background-type":"","background-media":"","overlay-type":"","overlay-color":"","overlay-opacity":"","overlay-gradient":""},"tablet":{"background-color":"","background-image":"","background-repeat":"repeat","background-position":"center center","background-size":"auto","background-attachment":"scroll","background-type":"","background-media":"","overlay-type":"","overlay-color":"","overlay-opacity":"","overlay-gradient":""},"mobile":{"background-color":"","background-image":"","background-repeat":"repeat","background-position":"center center","background-size":"auto","background-attachment":"scroll","background-type":"","background-media":"","overlay-type":"","overlay-color":"","overlay-opacity":"","overlay-gradient":""}},"ast-content-background-meta":{"desktop":{"background-color":"var(--ast-global-color-5)","background-image":"","background-repeat":"repeat","background-position":"center center","background-size":"auto","background-attachment":"scroll","background-type":"","background-media":"","overlay-type":"","overlay-color":"","overlay-opacity":"","overlay-gradient":""},"tablet":{"background-color":"var(--ast-global-color-5)","background-image":"","background-repeat":"repeat","background-position":"center center","background-size":"auto","background-attachment":"scroll","background-type":"","background-media":"","overlay-type":"","overlay-color":"","overlay-opacity":"","overlay-gradient":""},"mobile":{"background-color":"var(--ast-global-color-5)","background-image":"","background-repeat":"repeat","background-position":"center center","background-size":"auto","background-attachment":"scroll","background-type":"","background-media":"","overlay-type":"","overlay-color":"","overlay-opacity":"","overlay-gradient":""}}},"product_brand":[],"product_cat":[3058,2830,3615,2826,3482,2829,2823,2828,2822,2824,3392,2821,2831,3539,3391,2843,2845,2966,2968],"product_tag":[],"class_list":{"0":"post-292357","1":"product","2":"type-product","3":"status-publish","4":"has-post-thumbnail","6":"product_cat-ehted","7":"product_cat-emadepaeva-kingitused","8":"product_cat-inglise-lukuga-korvarongad","9":"product_cat-joulukingid","10":"product_cat-kingitus-esimese-armulaua-puhul","11":"product_cat-kingitused-erilisteks-puhkudeks","12":"product_cat-kingitused-lapse-sunni-puhul","13":"product_cat-kingitused-lopetamise-puhul","14":"product_cat-kingitused-naistele","15":"product_cat-kingitused-pulma-aastapaeva-puhul","16":"product_cat-kingitused-pulmade-puhul","17":"product_cat-kingitused-sunnipaevaks","18":"product_cat-kollasest-kullast-ehted","19":"product_cat-korvarongad-tudrukutele-laste-korvarongad","20":"product_cat-ristimiskingitused","21":"product_cat-safiir-ehted-safiiridega","22":"product_cat-sobrapaeva-kingitused","23":"product_cat-teemantidega-korvarongad","24":"product_cat-vaariskividega-korvarongad","25":"desktop-align-center","26":"tablet-align-left","27":"mobile-align-left","28":"ast-product-gallery-layout-horizontal-slider","29":"ast-product-gallery-with-no-image","30":"ast-product-tabs-layout-accordion","31":"ast-qv-on-image","33":"first","34":"instock","35":"taxable","36":"shipping-taxable","37":"purchasable","38":"product-type-simple"},"yoast_head":"<!-- This site is optimized with the Yoast SEO plugin v26.6 - https:\/\/yoast.com\/wordpress\/plugins\/seo\/ -->\n<title>Kollasest kullast k\u00f5rvar\u00f5ngad kollaste safiiridega - Viis safiiri (0,15 ct)<\/title>\n<meta name=\"description\" content=\"Klassikaline kollasest kullast k\u00f5rvar\u00f5ngaste-transformaatorite disain v\u00f5imaldab kanda ainult k\u00f5rvar\u00f5ngaid v\u00f5i lisada neile eritellimusel valmistatud v\u00e4\u00e4riskividega ripatsid.\" \/>\n<meta name=\"robots\" content=\"index, follow, max-snippet:-1, max-image-preview:large, max-video-preview:-1\" \/>\n<link rel=\"canonical\" href=\"https:\/\/fashiongold.lt\/et\/papuosalas\/kollasest-kullast-korvarongad-kollaste-safiiridega-viis-safiiri-015-ct\/\" \/>\n<meta property=\"og:locale\" content=\"et_EE\" \/>\n<meta property=\"og:type\" content=\"article\" \/>\n<meta property=\"og:title\" content=\"Kollasest kullast k\u00f5rvar\u00f5ngad kollaste safiiridega - Viis safiiri (0,15 ct)\" \/>\n<meta property=\"og:description\" content=\"Klassikaline kollasest kullast k\u00f5rvar\u00f5ngaste-transformaatorite disain v\u00f5imaldab kanda ainult k\u00f5rvar\u00f5ngaid v\u00f5i lisada neile eritellimusel valmistatud v\u00e4\u00e4riskividega ripatsid.\" \/>\n<meta property=\"og:url\" content=\"https:\/\/fashiongold.lt\/et\/papuosalas\/kollasest-kullast-korvarongad-kollaste-safiiridega-viis-safiiri-015-ct\/\" \/>\n<meta property=\"og:site_name\" content=\"FashionGold.lt\" \/>\n<meta property=\"og:image\" content=\"https:\/\/fashiongold.lt\/wp-content\/uploads\/2025\/10\/6523-236-Geltono-aukso-auskarai-su-geltonais-safyrais-Penki-safyrai-010-ct.webp\" \/>\n\t<meta property=\"og:image:width\" content=\"1000\" \/>\n\t<meta property=\"og:image:height\" content=\"1000\" \/>\n\t<meta property=\"og:image:type\" content=\"image\/png\" \/>\n<meta name=\"twitter:card\" content=\"summary_large_image\" \/>\n<meta name=\"twitter:label1\" content=\"Est. reading time\" \/>\n\t<meta name=\"twitter:data1\" content=\"1 minut\" \/>\n<script type=\"application\/ld+json\" class=\"yoast-schema-graph\">{\"@context\":\"https:\/\/schema.org\",\"@graph\":[{\"@type\":\"WebPage\",\"@id\":\"https:\/\/fashiongold.lt\/et\/papuosalas\/kollasest-kullast-korvarongad-kollaste-safiiridega-viis-safiiri-015-ct\/\",\"url\":\"https:\/\/fashiongold.lt\/et\/papuosalas\/kollasest-kullast-korvarongad-kollaste-safiiridega-viis-safiiri-015-ct\/\",\"name\":\"Kollasest kullast k\u00f5rvar\u00f5ngad kollaste safiiridega - Viis safiiri (0,15 ct)\",\"isPartOf\":{\"@id\":\"https:\/\/fashiongold.lt\/et\/#website\"},\"primaryImageOfPage\":{\"@id\":\"https:\/\/fashiongold.lt\/et\/papuosalas\/kollasest-kullast-korvarongad-kollaste-safiiridega-viis-safiiri-015-ct\/#primaryimage\"},\"image\":{\"@id\":\"https:\/\/fashiongold.lt\/et\/papuosalas\/kollasest-kullast-korvarongad-kollaste-safiiridega-viis-safiiri-015-ct\/#primaryimage\"},\"thumbnailUrl\":\"https:\/\/fashiongold.lt\/wp-content\/uploads\/2025\/10\/6523-236-Geltono-aukso-auskarai-su-geltonais-safyrais-Penki-safyrai-010-ct.png\",\"datePublished\":\"2025-10-10T00:08:13+00:00\",\"description\":\"Klassikaline kollasest kullast k\u00f5rvar\u00f5ngaste-transformaatorite disain v\u00f5imaldab kanda ainult k\u00f5rvar\u00f5ngaid v\u00f5i lisada neile eritellimusel valmistatud v\u00e4\u00e4riskividega ripatsid.\",\"breadcrumb\":{\"@id\":\"https:\/\/fashiongold.lt\/et\/papuosalas\/kollasest-kullast-korvarongad-kollaste-safiiridega-viis-safiiri-015-ct\/#breadcrumb\"},\"inLanguage\":\"et\",\"potentialAction\":[{\"@type\":\"ReadAction\",\"target\":[\"https:\/\/fashiongold.lt\/et\/papuosalas\/kollasest-kullast-korvarongad-kollaste-safiiridega-viis-safiiri-015-ct\/\"]}]},{\"@type\":\"ImageObject\",\"inLanguage\":\"et\",\"@id\":\"https:\/\/fashiongold.lt\/et\/papuosalas\/kollasest-kullast-korvarongad-kollaste-safiiridega-viis-safiiri-015-ct\/#primaryimage\",\"url\":\"https:\/\/fashiongold.lt\/wp-content\/uploads\/2025\/10\/6523-236-Geltono-aukso-auskarai-su-geltonais-safyrais-Penki-safyrai-010-ct.png\",\"contentUrl\":\"https:\/\/fashiongold.lt\/wp-content\/uploads\/2025\/10\/6523-236-Geltono-aukso-auskarai-su-geltonais-safyrais-Penki-safyrai-010-ct.png\",\"width\":1000,\"height\":1000},{\"@type\":\"BreadcrumbList\",\"@id\":\"https:\/\/fashiongold.lt\/et\/papuosalas\/kollasest-kullast-korvarongad-kollaste-safiiridega-viis-safiiri-015-ct\/#breadcrumb\",\"itemListElement\":[{\"@type\":\"ListItem\",\"position\":1,\"name\":\"Home\",\"item\":\"https:\/\/fashiongold.lt\/et\/\"},{\"@type\":\"ListItem\",\"position\":2,\"name\":\"Teemantide pood Fashiongold.lt\",\"item\":\"https:\/\/fashiongold.lt\/shop-2\/\"},{\"@type\":\"ListItem\",\"position\":3,\"name\":\"Kollasest kullast k\u00f5rvar\u00f5ngad kollaste safiiridega \u2013 Viis safiiri (0,15 ct)\"}]},{\"@type\":\"WebSite\",\"@id\":\"https:\/\/fashiongold.lt\/et\/#website\",\"url\":\"https:\/\/fashiongold.lt\/et\/\",\"name\":\"Fashion Gold\",\"description\":\"Juvelyrikos namai\",\"publisher\":{\"@id\":\"https:\/\/fashiongold.lt\/et\/#organization\"},\"potentialAction\":[{\"@type\":\"SearchAction\",\"target\":{\"@type\":\"EntryPoint\",\"urlTemplate\":\"https:\/\/fashiongold.lt\/et\/?s={search_term_string}\"},\"query-input\":{\"@type\":\"PropertyValueSpecification\",\"valueRequired\":true,\"valueName\":\"search_term_string\"}}],\"inLanguage\":\"et\"},{\"@type\":\"Organization\",\"@id\":\"https:\/\/fashiongold.lt\/et\/#organization\",\"name\":\"Topdiamonds Online\",\"url\":\"https:\/\/fashiongold.lt\/et\/\",\"logo\":{\"@type\":\"ImageObject\",\"inLanguage\":\"et\",\"@id\":\"https:\/\/fashiongold.lt\/et\/#\/schema\/logo\/image\/\",\"url\":\"https:\/\/fashiongold.lt\/wp-content\/uploads\/2025\/04\/cropped-fashion_gold_logotipas2-scaled-1.png\",\"contentUrl\":\"https:\/\/fashiongold.lt\/wp-content\/uploads\/2025\/04\/cropped-fashion_gold_logotipas2-scaled-1.png\",\"width\":2559,\"height\":421,\"caption\":\"Topdiamonds Online\"},\"image\":{\"@id\":\"https:\/\/fashiongold.lt\/et\/#\/schema\/logo\/image\/\"}}]}<\/script>\n<!-- \/ Yoast SEO plugin. -->","yoast_head_json":{"title":"Kollasest kullast k\u00f5rvar\u00f5ngad kollaste safiiridega - Viis safiiri (0,15 ct)","description":"Klassikaline kollasest kullast k\u00f5rvar\u00f5ngaste-transformaatorite disain v\u00f5imaldab kanda ainult k\u00f5rvar\u00f5ngaid v\u00f5i lisada neile eritellimusel valmistatud v\u00e4\u00e4riskividega ripatsid.","robots":{"index":"index","follow":"follow","max-snippet":"max-snippet:-1","max-image-preview":"max-image-preview:large","max-video-preview":"max-video-preview:-1"},"canonical":"https:\/\/fashiongold.lt\/et\/papuosalas\/kollasest-kullast-korvarongad-kollaste-safiiridega-viis-safiiri-015-ct\/","og_locale":"et_EE","og_type":"article","og_title":"Kollasest kullast k\u00f5rvar\u00f5ngad kollaste safiiridega - Viis safiiri (0,15 ct)","og_description":"Klassikaline kollasest kullast k\u00f5rvar\u00f5ngaste-transformaatorite disain v\u00f5imaldab kanda ainult k\u00f5rvar\u00f5ngaid v\u00f5i lisada neile eritellimusel valmistatud v\u00e4\u00e4riskividega ripatsid.","og_url":"https:\/\/fashiongold.lt\/et\/papuosalas\/kollasest-kullast-korvarongad-kollaste-safiiridega-viis-safiiri-015-ct\/","og_site_name":"FashionGold.lt","og_image":[{"width":1000,"height":1000,"url":"https:\/\/fashiongold.lt\/wp-content\/uploads\/2025\/10\/6523-236-Geltono-aukso-auskarai-su-geltonais-safyrais-Penki-safyrai-010-ct.webp","type":"image\/png"}],"twitter_card":"summary_large_image","twitter_misc":{"Est. reading time":"1 minut"},"schema":{"@context":"https:\/\/schema.org","@graph":[{"@type":"WebPage","@id":"https:\/\/fashiongold.lt\/et\/papuosalas\/kollasest-kullast-korvarongad-kollaste-safiiridega-viis-safiiri-015-ct\/","url":"https:\/\/fashiongold.lt\/et\/papuosalas\/kollasest-kullast-korvarongad-kollaste-safiiridega-viis-safiiri-015-ct\/","name":"Kollasest kullast k\u00f5rvar\u00f5ngad kollaste safiiridega - Viis safiiri (0,15 ct)","isPartOf":{"@id":"https:\/\/fashiongold.lt\/et\/#website"},"primaryImageOfPage":{"@id":"https:\/\/fashiongold.lt\/et\/papuosalas\/kollasest-kullast-korvarongad-kollaste-safiiridega-viis-safiiri-015-ct\/#primaryimage"},"image":{"@id":"https:\/\/fashiongold.lt\/et\/papuosalas\/kollasest-kullast-korvarongad-kollaste-safiiridega-viis-safiiri-015-ct\/#primaryimage"},"thumbnailUrl":"https:\/\/fashiongold.lt\/wp-content\/uploads\/2025\/10\/6523-236-Geltono-aukso-auskarai-su-geltonais-safyrais-Penki-safyrai-010-ct.png","datePublished":"2025-10-10T00:08:13+00:00","description":"Klassikaline kollasest kullast k\u00f5rvar\u00f5ngaste-transformaatorite disain v\u00f5imaldab kanda ainult k\u00f5rvar\u00f5ngaid v\u00f5i lisada neile eritellimusel valmistatud v\u00e4\u00e4riskividega ripatsid.","breadcrumb":{"@id":"https:\/\/fashiongold.lt\/et\/papuosalas\/kollasest-kullast-korvarongad-kollaste-safiiridega-viis-safiiri-015-ct\/#breadcrumb"},"inLanguage":"et","potentialAction":[{"@type":"ReadAction","target":["https:\/\/fashiongold.lt\/et\/papuosalas\/kollasest-kullast-korvarongad-kollaste-safiiridega-viis-safiiri-015-ct\/"]}]},{"@type":"ImageObject","inLanguage":"et","@id":"https:\/\/fashiongold.lt\/et\/papuosalas\/kollasest-kullast-korvarongad-kollaste-safiiridega-viis-safiiri-015-ct\/#primaryimage","url":"https:\/\/fashiongold.lt\/wp-content\/uploads\/2025\/10\/6523-236-Geltono-aukso-auskarai-su-geltonais-safyrais-Penki-safyrai-010-ct.png","contentUrl":"https:\/\/fashiongold.lt\/wp-content\/uploads\/2025\/10\/6523-236-Geltono-aukso-auskarai-su-geltonais-safyrais-Penki-safyrai-010-ct.png","width":1000,"height":1000},{"@type":"BreadcrumbList","@id":"https:\/\/fashiongold.lt\/et\/papuosalas\/kollasest-kullast-korvarongad-kollaste-safiiridega-viis-safiiri-015-ct\/#breadcrumb","itemListElement":[{"@type":"ListItem","position":1,"name":"Home","item":"https:\/\/fashiongold.lt\/et\/"},{"@type":"ListItem","position":2,"name":"Teemantide pood Fashiongold.lt","item":"https:\/\/fashiongold.lt\/shop-2\/"},{"@type":"ListItem","position":3,"name":"Kollasest kullast k\u00f5rvar\u00f5ngad kollaste safiiridega \u2013 Viis safiiri (0,15 ct)"}]},{"@type":"WebSite","@id":"https:\/\/fashiongold.lt\/et\/#website","url":"https:\/\/fashiongold.lt\/et\/","name":"Fashion Gold","description":"Juvelyrikos namai","publisher":{"@id":"https:\/\/fashiongold.lt\/et\/#organization"},"potentialAction":[{"@type":"SearchAction","target":{"@type":"EntryPoint","urlTemplate":"https:\/\/fashiongold.lt\/et\/?s={search_term_string}"},"query-input":{"@type":"PropertyValueSpecification","valueRequired":true,"valueName":"search_term_string"}}],"inLanguage":"et"},{"@type":"Organization","@id":"https:\/\/fashiongold.lt\/et\/#organization","name":"Topdiamonds Online","url":"https:\/\/fashiongold.lt\/et\/","logo":{"@type":"ImageObject","inLanguage":"et","@id":"https:\/\/fashiongold.lt\/et\/#\/schema\/logo\/image\/","url":"https:\/\/fashiongold.lt\/wp-content\/uploads\/2025\/04\/cropped-fashion_gold_logotipas2-scaled-1.png","contentUrl":"https:\/\/fashiongold.lt\/wp-content\/uploads\/2025\/04\/cropped-fashion_gold_logotipas2-scaled-1.png","width":2559,"height":421,"caption":"Topdiamonds Online"},"image":{"@id":"https:\/\/fashiongold.lt\/et\/#\/schema\/logo\/image\/"}}]}},"_links":{"self":[{"href":"https:\/\/fashiongold.lt\/et\/wp-json\/wp\/v2\/product\/292357","targetHints":{"allow":["GET"]}}],"collection":[{"href":"https:\/\/fashiongold.lt\/et\/wp-json\/wp\/v2\/product"}],"about":[{"href":"https:\/\/fashiongold.lt\/et\/wp-json\/wp\/v2\/types\/product"}],"version-history":[{"count":0,"href":"https:\/\/fashiongold.lt\/et\/wp-json\/wp\/v2\/product\/292357\/revisions"}],"wp:featuredmedia":[{"embeddable":true,"href":"https:\/\/fashiongold.lt\/et\/wp-json\/wp\/v2\/media\/83394"}],"wp:attachment":[{"href":"https:\/\/fashiongold.lt\/et\/wp-json\/wp\/v2\/media?parent=292357"}],"wp:term":[{"taxonomy":"product_brand","embeddable":true,"href":"https:\/\/fashiongold.lt\/et\/wp-json\/wp\/v2\/product_brand?post=292357"},{"taxonomy":"product_cat","embeddable":true,"href":"https:\/\/fashiongold.lt\/et\/wp-json\/wp\/v2\/product_cat?post=292357"},{"taxonomy":"product_tag","embeddable":true,"href":"https:\/\/fashiongold.lt\/et\/wp-json\/wp\/v2\/product_tag?post=292357"}],"curies":[{"name":"wp","href":"https:\/\/api.w.org\/{rel}","templated":true}]}}