{"id":292452,"date":"2025-10-10T00:05:54","date_gmt":"2025-10-10T00:05:54","guid":{"rendered":"https:\/\/fashiongold.lt\/papuosalas\/valgest-kullast-korvarongad-tahiti-mustade-mereparlitega-9-mm\/"},"modified":"2025-10-10T00:05:54","modified_gmt":"2025-10-10T00:05:54","slug":"valgest-kullast-korvarongad-tahiti-mustade-mereparlitega-9-mm","status":"publish","type":"product","link":"https:\/\/fashiongold.lt\/et\/papuosalas\/valgest-kullast-korvarongad-tahiti-mustade-mereparlitega-9-mm\/","title":{"rendered":"Valgest kullast k\u00f5rvar\u00f5ngad Tahiti mustade merep\u00e4rlitega (9 mm)"},"content":{"rendered":"<p>Ehtemaja \u201eFashion Gold\u201c juveliiride loodud eksklusiivsed p\u00e4rlitega k\u00f5rvar\u00f5ngad. Must p\u00e4rl on tarkuse s\u00fcmbol, millele omistatakse maagilisi omadusi kaitseks kurja silma, kirumise ja kurjade vaimude eest. See on eriline talisman tugevatele ja enesekindlatele naistele. K\u00f5rvar\u00f5ngaid saab valmistada tellimust\u00f6\u00f6na: punasest, kollasest ja valgest kullast.\u00a0 \u00a0<\/p>\n<p>\u2022 P\u00e4rli t\u00fc\u00fcp: Tahiti merep\u00e4rlid\u00a0 \u00a0 \u00a0<\/p>\n<p>\u2022 P\u00e4rli kuju: \u00dcmar kuju (Round cut)\u00a0 \u00a0 \u00a0 \u00a0<\/p>\n<p>\u2022 P\u00e4rli omadused: 9 mm, AAA (v\u00e4ga k\u00f5rge kvaliteet)\u00a0 \u00a0<\/p>\n<p>\u2022 Sertifikaat: Leedu Proovikoda (LPR)\u00a0 \u00a0 \u00a0 \u00a0 \u00a0<\/p>\n<p>\u2022 Toote kuld: 18K (proov 750)\u00a0 \u00a0 \u00a0 \u00a0 \u00a0<\/p>\n<p>\u2022 Toote v\u00e4rv: valge kuld\u00a0 \u00a0 \u00a0 \u00a0 \u00a0<\/p>\n<p>\u2022 Toote kaal: 3,12 g\u00a0 \u00a0 \u00a0 \u00a0<\/p>\n<p>\u2022 Toote m\u00f5\u00f5tmed: 9 mm<\/p>\n","protected":false},"excerpt":{"rendered":"<p>Valgest kullast k\u00f5rvar\u00f5ngad Tahiti merep\u00e4rlitega. Mugavad poldiga kinnitusega k\u00f5rvar\u00f5ngad. Suurep\u00e4rane kingitus igap\u00e4evaseks kandmiseks ja erilisteks puhkudeks.<\/p>\n","protected":false},"featured_media":83137,"template":"","meta":{"site-sidebar-layout":"","site-content-layout":"","ast-site-content-layout":"","site-content-style":"","site-sidebar-style":"","ast-global-header-display":"","ast-banner-title-visibility":"","ast-main-header-display":"","ast-hfb-above-header-display":"","ast-hfb-below-header-display":"","ast-hfb-mobile-header-display":"","site-post-title":"","ast-breadcrumbs-content":"","ast-featured-img":"","footer-sml-layout":"","ast-disable-related-posts":"","theme-transparent-header-meta":"","adv-header-id-meta":"","stick-header-meta":"","header-above-stick-meta":"","header-main-stick-meta":"","header-below-stick-meta":"","astra-migrate-meta-layouts":"default","ast-page-background-enabled":"default","ast-page-background-meta":{"desktop":{"background-color":"var(--ast-global-color-4)","background-image":"","background-repeat":"repeat","background-position":"center center","background-size":"auto","background-attachment":"scroll","background-type":"","background-media":"","overlay-type":"","overlay-color":"","overlay-opacity":"","overlay-gradient":""},"tablet":{"background-color":"","background-image":"","background-repeat":"repeat","background-position":"center center","background-size":"auto","background-attachment":"scroll","background-type":"","background-media":"","overlay-type":"","overlay-color":"","overlay-opacity":"","overlay-gradient":""},"mobile":{"background-color":"","background-image":"","background-repeat":"repeat","background-position":"center center","background-size":"auto","background-attachment":"scroll","background-type":"","background-media":"","overlay-type":"","overlay-color":"","overlay-opacity":"","overlay-gradient":""}},"ast-content-background-meta":{"desktop":{"background-color":"var(--ast-global-color-5)","background-image":"","background-repeat":"repeat","background-position":"center center","background-size":"auto","background-attachment":"scroll","background-type":"","background-media":"","overlay-type":"","overlay-color":"","overlay-opacity":"","overlay-gradient":""},"tablet":{"background-color":"var(--ast-global-color-5)","background-image":"","background-repeat":"repeat","background-position":"center center","background-size":"auto","background-attachment":"scroll","background-type":"","background-media":"","overlay-type":"","overlay-color":"","overlay-opacity":"","overlay-gradient":""},"mobile":{"background-color":"var(--ast-global-color-5)","background-image":"","background-repeat":"repeat","background-position":"center center","background-size":"auto","background-attachment":"scroll","background-type":"","background-media":"","overlay-type":"","overlay-color":"","overlay-opacity":"","overlay-gradient":""}}},"product_brand":[],"product_cat":[3058,2830,2826,2829,2823,2828,2822,2824,3392,2821,2969,2970,2971,2845,2966,2827],"product_tag":[],"class_list":{"0":"post-292452","1":"product","2":"type-product","3":"status-publish","4":"has-post-thumbnail","6":"product_cat-ehted","7":"product_cat-emadepaeva-kingitused","8":"product_cat-joulukingid","9":"product_cat-kingitused-erilisteks-puhkudeks","10":"product_cat-kingitused-lapse-sunni-puhul","11":"product_cat-kingitused-lopetamise-puhul","12":"product_cat-kingitused-naistele","13":"product_cat-kingitused-pulma-aastapaeva-puhul","14":"product_cat-kingitused-pulmade-puhul","15":"product_cat-kingitused-sunnipaevaks","16":"product_cat-naelkorvarongad","17":"product_cat-parlid-parlitega-ehted","18":"product_cat-parlitega-korvarongad","19":"product_cat-sobrapaeva-kingitused","20":"product_cat-teemantidega-korvarongad","21":"product_cat-valgest-kullast-ehted","22":"desktop-align-center","23":"tablet-align-left","24":"mobile-align-left","25":"ast-product-gallery-layout-horizontal-slider","26":"ast-product-gallery-with-no-image","27":"ast-product-tabs-layout-accordion","28":"ast-qv-on-image","30":"first","31":"instock","32":"taxable","33":"shipping-taxable","34":"purchasable","35":"product-type-simple"},"yoast_head":"<!-- This site is optimized with the Yoast SEO plugin v26.6 - https:\/\/yoast.com\/wordpress\/plugins\/seo\/ -->\n<title>Valgest kullast k\u00f5rvar\u00f5ngad mustade Tahiti merep\u00e4rlitega<\/title>\n<meta name=\"description\" content=\"Valgest kullast k\u00f5rvar\u00f5ngad Tahiti merep\u00e4rlitega. Mugavad tikk-kinnitusega k\u00f5rvar\u00f5ngad. Suurep\u00e4rane kingitus igap\u00e4evaseks kandmiseks ja erilisteks puhkudeks.\" \/>\n<meta name=\"robots\" content=\"index, follow, max-snippet:-1, max-image-preview:large, max-video-preview:-1\" \/>\n<link rel=\"canonical\" href=\"https:\/\/fashiongold.lt\/et\/papuosalas\/valgest-kullast-korvarongad-tahiti-mustade-mereparlitega-9-mm\/\" \/>\n<meta property=\"og:locale\" content=\"et_EE\" \/>\n<meta property=\"og:type\" content=\"article\" \/>\n<meta property=\"og:title\" content=\"Valgest kullast k\u00f5rvar\u00f5ngad mustade Tahiti merep\u00e4rlitega\" \/>\n<meta property=\"og:description\" content=\"Valgest kullast k\u00f5rvar\u00f5ngad Tahiti merep\u00e4rlitega. Mugavad tikk-kinnitusega k\u00f5rvar\u00f5ngad. Suurep\u00e4rane kingitus igap\u00e4evaseks kandmiseks ja erilisteks puhkudeks.\" \/>\n<meta property=\"og:url\" content=\"https:\/\/fashiongold.lt\/et\/papuosalas\/valgest-kullast-korvarongad-tahiti-mustade-mereparlitega-9-mm\/\" \/>\n<meta property=\"og:site_name\" content=\"FashionGold.lt\" \/>\n<meta property=\"og:image\" content=\"https:\/\/fashiongold.lt\/wp-content\/uploads\/2025\/10\/6420-b48-Balto-aukso-auskarai-su-juriniais-juodais-perlais-Taicio-9-mm.webp\" \/>\n\t<meta property=\"og:image:width\" content=\"763\" \/>\n\t<meta property=\"og:image:height\" content=\"763\" \/>\n\t<meta property=\"og:image:type\" content=\"image\/jpeg\" \/>\n<meta name=\"twitter:card\" content=\"summary_large_image\" \/>\n<script type=\"application\/ld+json\" class=\"yoast-schema-graph\">{\"@context\":\"https:\/\/schema.org\",\"@graph\":[{\"@type\":\"WebPage\",\"@id\":\"https:\/\/fashiongold.lt\/et\/papuosalas\/valgest-kullast-korvarongad-tahiti-mustade-mereparlitega-9-mm\/\",\"url\":\"https:\/\/fashiongold.lt\/et\/papuosalas\/valgest-kullast-korvarongad-tahiti-mustade-mereparlitega-9-mm\/\",\"name\":\"Valgest kullast k\u00f5rvar\u00f5ngad mustade Tahiti merep\u00e4rlitega\",\"isPartOf\":{\"@id\":\"https:\/\/fashiongold.lt\/et\/#website\"},\"primaryImageOfPage\":{\"@id\":\"https:\/\/fashiongold.lt\/et\/papuosalas\/valgest-kullast-korvarongad-tahiti-mustade-mereparlitega-9-mm\/#primaryimage\"},\"image\":{\"@id\":\"https:\/\/fashiongold.lt\/et\/papuosalas\/valgest-kullast-korvarongad-tahiti-mustade-mereparlitega-9-mm\/#primaryimage\"},\"thumbnailUrl\":\"https:\/\/fashiongold.lt\/wp-content\/uploads\/2025\/10\/6420-b48-Balto-aukso-auskarai-su-juriniais-juodais-perlais-Taicio-9-mm.jpg\",\"datePublished\":\"2025-10-10T00:05:54+00:00\",\"description\":\"Valgest kullast k\u00f5rvar\u00f5ngad Tahiti merep\u00e4rlitega. Mugavad tikk-kinnitusega k\u00f5rvar\u00f5ngad. Suurep\u00e4rane kingitus igap\u00e4evaseks kandmiseks ja erilisteks puhkudeks.\",\"breadcrumb\":{\"@id\":\"https:\/\/fashiongold.lt\/et\/papuosalas\/valgest-kullast-korvarongad-tahiti-mustade-mereparlitega-9-mm\/#breadcrumb\"},\"inLanguage\":\"et\",\"potentialAction\":[{\"@type\":\"ReadAction\",\"target\":[\"https:\/\/fashiongold.lt\/et\/papuosalas\/valgest-kullast-korvarongad-tahiti-mustade-mereparlitega-9-mm\/\"]}]},{\"@type\":\"ImageObject\",\"inLanguage\":\"et\",\"@id\":\"https:\/\/fashiongold.lt\/et\/papuosalas\/valgest-kullast-korvarongad-tahiti-mustade-mereparlitega-9-mm\/#primaryimage\",\"url\":\"https:\/\/fashiongold.lt\/wp-content\/uploads\/2025\/10\/6420-b48-Balto-aukso-auskarai-su-juriniais-juodais-perlais-Taicio-9-mm.jpg\",\"contentUrl\":\"https:\/\/fashiongold.lt\/wp-content\/uploads\/2025\/10\/6420-b48-Balto-aukso-auskarai-su-juriniais-juodais-perlais-Taicio-9-mm.jpg\",\"width\":763,\"height\":763},{\"@type\":\"BreadcrumbList\",\"@id\":\"https:\/\/fashiongold.lt\/et\/papuosalas\/valgest-kullast-korvarongad-tahiti-mustade-mereparlitega-9-mm\/#breadcrumb\",\"itemListElement\":[{\"@type\":\"ListItem\",\"position\":1,\"name\":\"Home\",\"item\":\"https:\/\/fashiongold.lt\/et\/\"},{\"@type\":\"ListItem\",\"position\":2,\"name\":\"Teemantide pood Fashiongold.lt\",\"item\":\"https:\/\/fashiongold.lt\/shop-2\/\"},{\"@type\":\"ListItem\",\"position\":3,\"name\":\"Valgest kullast k\u00f5rvar\u00f5ngad Tahiti mustade merep\u00e4rlitega (9 mm)\"}]},{\"@type\":\"WebSite\",\"@id\":\"https:\/\/fashiongold.lt\/et\/#website\",\"url\":\"https:\/\/fashiongold.lt\/et\/\",\"name\":\"Fashion Gold\",\"description\":\"Juvelyrikos namai\",\"publisher\":{\"@id\":\"https:\/\/fashiongold.lt\/et\/#organization\"},\"potentialAction\":[{\"@type\":\"SearchAction\",\"target\":{\"@type\":\"EntryPoint\",\"urlTemplate\":\"https:\/\/fashiongold.lt\/et\/?s={search_term_string}\"},\"query-input\":{\"@type\":\"PropertyValueSpecification\",\"valueRequired\":true,\"valueName\":\"search_term_string\"}}],\"inLanguage\":\"et\"},{\"@type\":\"Organization\",\"@id\":\"https:\/\/fashiongold.lt\/et\/#organization\",\"name\":\"Topdiamonds Online\",\"url\":\"https:\/\/fashiongold.lt\/et\/\",\"logo\":{\"@type\":\"ImageObject\",\"inLanguage\":\"et\",\"@id\":\"https:\/\/fashiongold.lt\/et\/#\/schema\/logo\/image\/\",\"url\":\"https:\/\/fashiongold.lt\/wp-content\/uploads\/2025\/04\/cropped-fashion_gold_logotipas2-scaled-1.png\",\"contentUrl\":\"https:\/\/fashiongold.lt\/wp-content\/uploads\/2025\/04\/cropped-fashion_gold_logotipas2-scaled-1.png\",\"width\":2559,\"height\":421,\"caption\":\"Topdiamonds Online\"},\"image\":{\"@id\":\"https:\/\/fashiongold.lt\/et\/#\/schema\/logo\/image\/\"}}]}<\/script>\n<!-- \/ Yoast SEO plugin. -->","yoast_head_json":{"title":"Valgest kullast k\u00f5rvar\u00f5ngad mustade Tahiti merep\u00e4rlitega","description":"Valgest kullast k\u00f5rvar\u00f5ngad Tahiti merep\u00e4rlitega. Mugavad tikk-kinnitusega k\u00f5rvar\u00f5ngad. Suurep\u00e4rane kingitus igap\u00e4evaseks kandmiseks ja erilisteks puhkudeks.","robots":{"index":"index","follow":"follow","max-snippet":"max-snippet:-1","max-image-preview":"max-image-preview:large","max-video-preview":"max-video-preview:-1"},"canonical":"https:\/\/fashiongold.lt\/et\/papuosalas\/valgest-kullast-korvarongad-tahiti-mustade-mereparlitega-9-mm\/","og_locale":"et_EE","og_type":"article","og_title":"Valgest kullast k\u00f5rvar\u00f5ngad mustade Tahiti merep\u00e4rlitega","og_description":"Valgest kullast k\u00f5rvar\u00f5ngad Tahiti merep\u00e4rlitega. Mugavad tikk-kinnitusega k\u00f5rvar\u00f5ngad. Suurep\u00e4rane kingitus igap\u00e4evaseks kandmiseks ja erilisteks puhkudeks.","og_url":"https:\/\/fashiongold.lt\/et\/papuosalas\/valgest-kullast-korvarongad-tahiti-mustade-mereparlitega-9-mm\/","og_site_name":"FashionGold.lt","og_image":[{"width":763,"height":763,"url":"https:\/\/fashiongold.lt\/wp-content\/uploads\/2025\/10\/6420-b48-Balto-aukso-auskarai-su-juriniais-juodais-perlais-Taicio-9-mm.webp","type":"image\/jpeg"}],"twitter_card":"summary_large_image","schema":{"@context":"https:\/\/schema.org","@graph":[{"@type":"WebPage","@id":"https:\/\/fashiongold.lt\/et\/papuosalas\/valgest-kullast-korvarongad-tahiti-mustade-mereparlitega-9-mm\/","url":"https:\/\/fashiongold.lt\/et\/papuosalas\/valgest-kullast-korvarongad-tahiti-mustade-mereparlitega-9-mm\/","name":"Valgest kullast k\u00f5rvar\u00f5ngad mustade Tahiti merep\u00e4rlitega","isPartOf":{"@id":"https:\/\/fashiongold.lt\/et\/#website"},"primaryImageOfPage":{"@id":"https:\/\/fashiongold.lt\/et\/papuosalas\/valgest-kullast-korvarongad-tahiti-mustade-mereparlitega-9-mm\/#primaryimage"},"image":{"@id":"https:\/\/fashiongold.lt\/et\/papuosalas\/valgest-kullast-korvarongad-tahiti-mustade-mereparlitega-9-mm\/#primaryimage"},"thumbnailUrl":"https:\/\/fashiongold.lt\/wp-content\/uploads\/2025\/10\/6420-b48-Balto-aukso-auskarai-su-juriniais-juodais-perlais-Taicio-9-mm.jpg","datePublished":"2025-10-10T00:05:54+00:00","description":"Valgest kullast k\u00f5rvar\u00f5ngad Tahiti merep\u00e4rlitega. Mugavad tikk-kinnitusega k\u00f5rvar\u00f5ngad. Suurep\u00e4rane kingitus igap\u00e4evaseks kandmiseks ja erilisteks puhkudeks.","breadcrumb":{"@id":"https:\/\/fashiongold.lt\/et\/papuosalas\/valgest-kullast-korvarongad-tahiti-mustade-mereparlitega-9-mm\/#breadcrumb"},"inLanguage":"et","potentialAction":[{"@type":"ReadAction","target":["https:\/\/fashiongold.lt\/et\/papuosalas\/valgest-kullast-korvarongad-tahiti-mustade-mereparlitega-9-mm\/"]}]},{"@type":"ImageObject","inLanguage":"et","@id":"https:\/\/fashiongold.lt\/et\/papuosalas\/valgest-kullast-korvarongad-tahiti-mustade-mereparlitega-9-mm\/#primaryimage","url":"https:\/\/fashiongold.lt\/wp-content\/uploads\/2025\/10\/6420-b48-Balto-aukso-auskarai-su-juriniais-juodais-perlais-Taicio-9-mm.jpg","contentUrl":"https:\/\/fashiongold.lt\/wp-content\/uploads\/2025\/10\/6420-b48-Balto-aukso-auskarai-su-juriniais-juodais-perlais-Taicio-9-mm.jpg","width":763,"height":763},{"@type":"BreadcrumbList","@id":"https:\/\/fashiongold.lt\/et\/papuosalas\/valgest-kullast-korvarongad-tahiti-mustade-mereparlitega-9-mm\/#breadcrumb","itemListElement":[{"@type":"ListItem","position":1,"name":"Home","item":"https:\/\/fashiongold.lt\/et\/"},{"@type":"ListItem","position":2,"name":"Teemantide pood Fashiongold.lt","item":"https:\/\/fashiongold.lt\/shop-2\/"},{"@type":"ListItem","position":3,"name":"Valgest kullast k\u00f5rvar\u00f5ngad Tahiti mustade merep\u00e4rlitega (9 mm)"}]},{"@type":"WebSite","@id":"https:\/\/fashiongold.lt\/et\/#website","url":"https:\/\/fashiongold.lt\/et\/","name":"Fashion Gold","description":"Juvelyrikos namai","publisher":{"@id":"https:\/\/fashiongold.lt\/et\/#organization"},"potentialAction":[{"@type":"SearchAction","target":{"@type":"EntryPoint","urlTemplate":"https:\/\/fashiongold.lt\/et\/?s={search_term_string}"},"query-input":{"@type":"PropertyValueSpecification","valueRequired":true,"valueName":"search_term_string"}}],"inLanguage":"et"},{"@type":"Organization","@id":"https:\/\/fashiongold.lt\/et\/#organization","name":"Topdiamonds Online","url":"https:\/\/fashiongold.lt\/et\/","logo":{"@type":"ImageObject","inLanguage":"et","@id":"https:\/\/fashiongold.lt\/et\/#\/schema\/logo\/image\/","url":"https:\/\/fashiongold.lt\/wp-content\/uploads\/2025\/04\/cropped-fashion_gold_logotipas2-scaled-1.png","contentUrl":"https:\/\/fashiongold.lt\/wp-content\/uploads\/2025\/04\/cropped-fashion_gold_logotipas2-scaled-1.png","width":2559,"height":421,"caption":"Topdiamonds Online"},"image":{"@id":"https:\/\/fashiongold.lt\/et\/#\/schema\/logo\/image\/"}}]}},"_links":{"self":[{"href":"https:\/\/fashiongold.lt\/et\/wp-json\/wp\/v2\/product\/292452","targetHints":{"allow":["GET"]}}],"collection":[{"href":"https:\/\/fashiongold.lt\/et\/wp-json\/wp\/v2\/product"}],"about":[{"href":"https:\/\/fashiongold.lt\/et\/wp-json\/wp\/v2\/types\/product"}],"version-history":[{"count":0,"href":"https:\/\/fashiongold.lt\/et\/wp-json\/wp\/v2\/product\/292452\/revisions"}],"wp:featuredmedia":[{"embeddable":true,"href":"https:\/\/fashiongold.lt\/et\/wp-json\/wp\/v2\/media\/83137"}],"wp:attachment":[{"href":"https:\/\/fashiongold.lt\/et\/wp-json\/wp\/v2\/media?parent=292452"}],"wp:term":[{"taxonomy":"product_brand","embeddable":true,"href":"https:\/\/fashiongold.lt\/et\/wp-json\/wp\/v2\/product_brand?post=292452"},{"taxonomy":"product_cat","embeddable":true,"href":"https:\/\/fashiongold.lt\/et\/wp-json\/wp\/v2\/product_cat?post=292452"},{"taxonomy":"product_tag","embeddable":true,"href":"https:\/\/fashiongold.lt\/et\/wp-json\/wp\/v2\/product_tag?post=292452"}],"curies":[{"name":"wp","href":"https:\/\/api.w.org\/{rel}","templated":true}]}}