{"id":292457,"date":"2025-10-10T00:05:53","date_gmt":"2025-10-10T00:05:53","guid":{"rendered":"https:\/\/fashiongold.lt\/papuosalas\/valge-parl-valgest-kullast-ripats-mageveeparliga-magevee-6-mm\/"},"modified":"2025-10-10T00:05:53","modified_gmt":"2025-10-10T00:05:53","slug":"valge-parl-valgest-kullast-ripats-mageveeparliga-magevee-6-mm","status":"publish","type":"product","link":"https:\/\/fashiongold.lt\/et\/papuosalas\/valge-parl-valgest-kullast-ripats-mageveeparliga-magevee-6-mm\/","title":{"rendered":"Valge p\u00e4rl \u2013 valgest kullast ripats mageveep\u00e4rliga (Magevee, 6 mm)"},"content":{"rendered":"<p>Valmistatud Leedus. P\u00e4rl kiirgab s\u00fcdamesse harmooniat ja rahu. Juba muistsetel aegadel s\u00fcmboliseerisid p\u00e4rlid ilu, s\u00fc\u00fctust ja sensuaalsust ning paljud uskusid, et need v\u00f5ivad omanikule \u00f5nne ja rahalist heaolu ligi t\u00f5mmata. Ripatsit saab valmistada tellimust\u00f6\u00f6na: punasest, kollasest ja valgest kullast.   <\/p>\n<p>\u2022 P\u00e4rli t\u00fc\u00fcp: Magevee valge p\u00e4rl   <\/p>\n<p>\u2022 P\u00e4rli kuju: \u00dcmar kuju (Round cut)   <\/p>\n<p>\u2022 P\u00e4rli omadused: 6 mm, AA (k\u00f5rge kvaliteet)<\/p>\n<p>\u2022 Sertifikaat: Leedu Proovikoda (LPR)     <\/p>\n<p>\u2022 Toote kuld: 14K (proov 585)     <\/p>\n<p>\u2022 Toote v\u00e4rvus: valge kuld     <\/p>\n<p>\u2022 Toote kaal: 0,70 g   <\/p>\n<p>\u2022 Toote m\u00f5\u00f5tmed: kett <\/p>\n","protected":false},"excerpt":{"rendered":"<p>Valgest kullast ripats valge p\u00e4rliga. Mugav kanda \u2013 6 mm valge mageveep\u00e4rl on kinnitatud \u00f5rnale ja tugevale ketile. J\u00e4\u00e4dvustage hetk selle erakordse ripatsiga.<\/p>\n","protected":false},"featured_media":83124,"template":"","meta":{"site-sidebar-layout":"","site-content-layout":"","ast-site-content-layout":"","site-content-style":"","site-sidebar-style":"","ast-global-header-display":"","ast-banner-title-visibility":"","ast-main-header-display":"","ast-hfb-above-header-display":"","ast-hfb-below-header-display":"","ast-hfb-mobile-header-display":"","site-post-title":"","ast-breadcrumbs-content":"","ast-featured-img":"","footer-sml-layout":"","ast-disable-related-posts":"","theme-transparent-header-meta":"","adv-header-id-meta":"","stick-header-meta":"","header-above-stick-meta":"","header-main-stick-meta":"","header-below-stick-meta":"","astra-migrate-meta-layouts":"default","ast-page-background-enabled":"default","ast-page-background-meta":{"desktop":{"background-color":"var(--ast-global-color-4)","background-image":"","background-repeat":"repeat","background-position":"center center","background-size":"auto","background-attachment":"scroll","background-type":"","background-media":"","overlay-type":"","overlay-color":"","overlay-opacity":"","overlay-gradient":""},"tablet":{"background-color":"","background-image":"","background-repeat":"repeat","background-position":"center center","background-size":"auto","background-attachment":"scroll","background-type":"","background-media":"","overlay-type":"","overlay-color":"","overlay-opacity":"","overlay-gradient":""},"mobile":{"background-color":"","background-image":"","background-repeat":"repeat","background-position":"center center","background-size":"auto","background-attachment":"scroll","background-type":"","background-media":"","overlay-type":"","overlay-color":"","overlay-opacity":"","overlay-gradient":""}},"ast-content-background-meta":{"desktop":{"background-color":"var(--ast-global-color-5)","background-image":"","background-repeat":"repeat","background-position":"center center","background-size":"auto","background-attachment":"scroll","background-type":"","background-media":"","overlay-type":"","overlay-color":"","overlay-opacity":"","overlay-gradient":""},"tablet":{"background-color":"var(--ast-global-color-5)","background-image":"","background-repeat":"repeat","background-position":"center center","background-size":"auto","background-attachment":"scroll","background-type":"","background-media":"","overlay-type":"","overlay-color":"","overlay-opacity":"","overlay-gradient":""},"mobile":{"background-color":"var(--ast-global-color-5)","background-image":"","background-repeat":"repeat","background-position":"center center","background-size":"auto","background-attachment":"scroll","background-type":"","background-media":"","overlay-type":"","overlay-color":"","overlay-opacity":"","overlay-gradient":""}}},"product_brand":[],"product_cat":[3058,2830,2826,3482,2829,2823,2828,2822,2824,3392,2821,2970,2984,3391,2845,2827],"product_tag":[],"class_list":{"0":"post-292457","1":"product","2":"type-product","3":"status-publish","4":"has-post-thumbnail","6":"product_cat-ehted","7":"product_cat-emadepaeva-kingitused","8":"product_cat-joulukingid","9":"product_cat-kingitus-esimese-armulaua-puhul","10":"product_cat-kingitused-erilisteks-puhkudeks","11":"product_cat-kingitused-lapse-sunni-puhul","12":"product_cat-kingitused-lopetamise-puhul","13":"product_cat-kingitused-naistele","14":"product_cat-kingitused-pulma-aastapaeva-puhul","15":"product_cat-kingitused-pulmade-puhul","16":"product_cat-kingitused-sunnipaevaks","17":"product_cat-parlid-parlitega-ehted","18":"product_cat-ripatsid-teemantidega","19":"product_cat-ristimiskingitused","20":"product_cat-sobrapaeva-kingitused","21":"product_cat-valgest-kullast-ehted","22":"desktop-align-center","23":"tablet-align-left","24":"mobile-align-left","25":"ast-product-gallery-layout-horizontal-slider","26":"ast-product-gallery-with-no-image","27":"ast-product-tabs-layout-accordion","28":"ast-qv-on-image","30":"first","31":"instock","32":"taxable","33":"shipping-taxable","34":"purchasable","35":"product-type-simple"},"yoast_head":"<!-- This site is optimized with the Yoast SEO plugin v26.6 - https:\/\/yoast.com\/wordpress\/plugins\/seo\/ -->\n<title>Valge p\u00e4rl - valgest kullast ripats mageveep\u00e4rliga<\/title>\n<meta name=\"description\" content=\"Valgest kullast ripats valge p\u00e4rliga. Mugav kanda \u2013 6 mm magevee valge p\u00e4rl on kinnitatud \u00f5rnale ja tugevale ketile. J\u00e4\u00e4dvustage hetk selle erakordse ripatsiga.\" \/>\n<meta name=\"robots\" content=\"index, follow, max-snippet:-1, max-image-preview:large, max-video-preview:-1\" \/>\n<link rel=\"canonical\" href=\"https:\/\/fashiongold.lt\/et\/papuosalas\/valge-parl-valgest-kullast-ripats-mageveeparliga-magevee-6-mm\/\" \/>\n<meta property=\"og:locale\" content=\"et_EE\" \/>\n<meta property=\"og:type\" content=\"article\" \/>\n<meta property=\"og:title\" content=\"Valge p\u00e4rl - valgest kullast ripats mageveep\u00e4rliga\" \/>\n<meta property=\"og:description\" content=\"Valgest kullast ripats valge p\u00e4rliga. Mugav kanda \u2013 6 mm magevee valge p\u00e4rl on kinnitatud \u00f5rnale ja tugevale ketile. J\u00e4\u00e4dvustage hetk selle erakordse ripatsiga.\" \/>\n<meta property=\"og:url\" content=\"https:\/\/fashiongold.lt\/et\/papuosalas\/valge-parl-valgest-kullast-ripats-mageveeparliga-magevee-6-mm\/\" \/>\n<meta property=\"og:site_name\" content=\"FashionGold.lt\" \/>\n<meta property=\"og:image\" content=\"https:\/\/fashiongold.lt\/wp-content\/uploads\/2025\/10\/6414-b9e-Baltas-perlas-balto-aukso-pakabukas-su-upiniu-perlu.webp\" \/>\n\t<meta property=\"og:image:width\" content=\"1000\" \/>\n\t<meta property=\"og:image:height\" content=\"1000\" \/>\n\t<meta property=\"og:image:type\" content=\"image\/png\" \/>\n<meta name=\"twitter:card\" content=\"summary_large_image\" \/>\n<script type=\"application\/ld+json\" class=\"yoast-schema-graph\">{\"@context\":\"https:\/\/schema.org\",\"@graph\":[{\"@type\":\"WebPage\",\"@id\":\"https:\/\/fashiongold.lt\/et\/papuosalas\/valge-parl-valgest-kullast-ripats-mageveeparliga-magevee-6-mm\/\",\"url\":\"https:\/\/fashiongold.lt\/et\/papuosalas\/valge-parl-valgest-kullast-ripats-mageveeparliga-magevee-6-mm\/\",\"name\":\"Valge p\u00e4rl - valgest kullast ripats mageveep\u00e4rliga\",\"isPartOf\":{\"@id\":\"https:\/\/fashiongold.lt\/et\/#website\"},\"primaryImageOfPage\":{\"@id\":\"https:\/\/fashiongold.lt\/et\/papuosalas\/valge-parl-valgest-kullast-ripats-mageveeparliga-magevee-6-mm\/#primaryimage\"},\"image\":{\"@id\":\"https:\/\/fashiongold.lt\/et\/papuosalas\/valge-parl-valgest-kullast-ripats-mageveeparliga-magevee-6-mm\/#primaryimage\"},\"thumbnailUrl\":\"https:\/\/fashiongold.lt\/wp-content\/uploads\/2025\/10\/6414-b9e-Baltas-perlas-balto-aukso-pakabukas-su-upiniu-perlu.png\",\"datePublished\":\"2025-10-10T00:05:53+00:00\",\"description\":\"Valgest kullast ripats valge p\u00e4rliga. Mugav kanda \u2013 6 mm magevee valge p\u00e4rl on kinnitatud \u00f5rnale ja tugevale ketile. J\u00e4\u00e4dvustage hetk selle erakordse ripatsiga.\",\"breadcrumb\":{\"@id\":\"https:\/\/fashiongold.lt\/et\/papuosalas\/valge-parl-valgest-kullast-ripats-mageveeparliga-magevee-6-mm\/#breadcrumb\"},\"inLanguage\":\"et\",\"potentialAction\":[{\"@type\":\"ReadAction\",\"target\":[\"https:\/\/fashiongold.lt\/et\/papuosalas\/valge-parl-valgest-kullast-ripats-mageveeparliga-magevee-6-mm\/\"]}]},{\"@type\":\"ImageObject\",\"inLanguage\":\"et\",\"@id\":\"https:\/\/fashiongold.lt\/et\/papuosalas\/valge-parl-valgest-kullast-ripats-mageveeparliga-magevee-6-mm\/#primaryimage\",\"url\":\"https:\/\/fashiongold.lt\/wp-content\/uploads\/2025\/10\/6414-b9e-Baltas-perlas-balto-aukso-pakabukas-su-upiniu-perlu.png\",\"contentUrl\":\"https:\/\/fashiongold.lt\/wp-content\/uploads\/2025\/10\/6414-b9e-Baltas-perlas-balto-aukso-pakabukas-su-upiniu-perlu.png\",\"width\":1000,\"height\":1000},{\"@type\":\"BreadcrumbList\",\"@id\":\"https:\/\/fashiongold.lt\/et\/papuosalas\/valge-parl-valgest-kullast-ripats-mageveeparliga-magevee-6-mm\/#breadcrumb\",\"itemListElement\":[{\"@type\":\"ListItem\",\"position\":1,\"name\":\"Home\",\"item\":\"https:\/\/fashiongold.lt\/et\/\"},{\"@type\":\"ListItem\",\"position\":2,\"name\":\"Teemantide pood Fashiongold.lt\",\"item\":\"https:\/\/fashiongold.lt\/shop-2\/\"},{\"@type\":\"ListItem\",\"position\":3,\"name\":\"Valge p\u00e4rl \u2013 valgest kullast ripats mageveep\u00e4rliga (Magevee, 6 mm)\"}]},{\"@type\":\"WebSite\",\"@id\":\"https:\/\/fashiongold.lt\/et\/#website\",\"url\":\"https:\/\/fashiongold.lt\/et\/\",\"name\":\"Fashion Gold\",\"description\":\"Juvelyrikos namai\",\"publisher\":{\"@id\":\"https:\/\/fashiongold.lt\/et\/#organization\"},\"potentialAction\":[{\"@type\":\"SearchAction\",\"target\":{\"@type\":\"EntryPoint\",\"urlTemplate\":\"https:\/\/fashiongold.lt\/et\/?s={search_term_string}\"},\"query-input\":{\"@type\":\"PropertyValueSpecification\",\"valueRequired\":true,\"valueName\":\"search_term_string\"}}],\"inLanguage\":\"et\"},{\"@type\":\"Organization\",\"@id\":\"https:\/\/fashiongold.lt\/et\/#organization\",\"name\":\"Topdiamonds Online\",\"url\":\"https:\/\/fashiongold.lt\/et\/\",\"logo\":{\"@type\":\"ImageObject\",\"inLanguage\":\"et\",\"@id\":\"https:\/\/fashiongold.lt\/et\/#\/schema\/logo\/image\/\",\"url\":\"https:\/\/fashiongold.lt\/wp-content\/uploads\/2025\/04\/cropped-fashion_gold_logotipas2-scaled-1.png\",\"contentUrl\":\"https:\/\/fashiongold.lt\/wp-content\/uploads\/2025\/04\/cropped-fashion_gold_logotipas2-scaled-1.png\",\"width\":2559,\"height\":421,\"caption\":\"Topdiamonds Online\"},\"image\":{\"@id\":\"https:\/\/fashiongold.lt\/et\/#\/schema\/logo\/image\/\"}}]}<\/script>\n<!-- \/ Yoast SEO plugin. -->","yoast_head_json":{"title":"Valge p\u00e4rl - valgest kullast ripats mageveep\u00e4rliga","description":"Valgest kullast ripats valge p\u00e4rliga. Mugav kanda \u2013 6 mm magevee valge p\u00e4rl on kinnitatud \u00f5rnale ja tugevale ketile. J\u00e4\u00e4dvustage hetk selle erakordse ripatsiga.","robots":{"index":"index","follow":"follow","max-snippet":"max-snippet:-1","max-image-preview":"max-image-preview:large","max-video-preview":"max-video-preview:-1"},"canonical":"https:\/\/fashiongold.lt\/et\/papuosalas\/valge-parl-valgest-kullast-ripats-mageveeparliga-magevee-6-mm\/","og_locale":"et_EE","og_type":"article","og_title":"Valge p\u00e4rl - valgest kullast ripats mageveep\u00e4rliga","og_description":"Valgest kullast ripats valge p\u00e4rliga. Mugav kanda \u2013 6 mm magevee valge p\u00e4rl on kinnitatud \u00f5rnale ja tugevale ketile. J\u00e4\u00e4dvustage hetk selle erakordse ripatsiga.","og_url":"https:\/\/fashiongold.lt\/et\/papuosalas\/valge-parl-valgest-kullast-ripats-mageveeparliga-magevee-6-mm\/","og_site_name":"FashionGold.lt","og_image":[{"width":1000,"height":1000,"url":"https:\/\/fashiongold.lt\/wp-content\/uploads\/2025\/10\/6414-b9e-Baltas-perlas-balto-aukso-pakabukas-su-upiniu-perlu.webp","type":"image\/png"}],"twitter_card":"summary_large_image","schema":{"@context":"https:\/\/schema.org","@graph":[{"@type":"WebPage","@id":"https:\/\/fashiongold.lt\/et\/papuosalas\/valge-parl-valgest-kullast-ripats-mageveeparliga-magevee-6-mm\/","url":"https:\/\/fashiongold.lt\/et\/papuosalas\/valge-parl-valgest-kullast-ripats-mageveeparliga-magevee-6-mm\/","name":"Valge p\u00e4rl - valgest kullast ripats mageveep\u00e4rliga","isPartOf":{"@id":"https:\/\/fashiongold.lt\/et\/#website"},"primaryImageOfPage":{"@id":"https:\/\/fashiongold.lt\/et\/papuosalas\/valge-parl-valgest-kullast-ripats-mageveeparliga-magevee-6-mm\/#primaryimage"},"image":{"@id":"https:\/\/fashiongold.lt\/et\/papuosalas\/valge-parl-valgest-kullast-ripats-mageveeparliga-magevee-6-mm\/#primaryimage"},"thumbnailUrl":"https:\/\/fashiongold.lt\/wp-content\/uploads\/2025\/10\/6414-b9e-Baltas-perlas-balto-aukso-pakabukas-su-upiniu-perlu.png","datePublished":"2025-10-10T00:05:53+00:00","description":"Valgest kullast ripats valge p\u00e4rliga. Mugav kanda \u2013 6 mm magevee valge p\u00e4rl on kinnitatud \u00f5rnale ja tugevale ketile. J\u00e4\u00e4dvustage hetk selle erakordse ripatsiga.","breadcrumb":{"@id":"https:\/\/fashiongold.lt\/et\/papuosalas\/valge-parl-valgest-kullast-ripats-mageveeparliga-magevee-6-mm\/#breadcrumb"},"inLanguage":"et","potentialAction":[{"@type":"ReadAction","target":["https:\/\/fashiongold.lt\/et\/papuosalas\/valge-parl-valgest-kullast-ripats-mageveeparliga-magevee-6-mm\/"]}]},{"@type":"ImageObject","inLanguage":"et","@id":"https:\/\/fashiongold.lt\/et\/papuosalas\/valge-parl-valgest-kullast-ripats-mageveeparliga-magevee-6-mm\/#primaryimage","url":"https:\/\/fashiongold.lt\/wp-content\/uploads\/2025\/10\/6414-b9e-Baltas-perlas-balto-aukso-pakabukas-su-upiniu-perlu.png","contentUrl":"https:\/\/fashiongold.lt\/wp-content\/uploads\/2025\/10\/6414-b9e-Baltas-perlas-balto-aukso-pakabukas-su-upiniu-perlu.png","width":1000,"height":1000},{"@type":"BreadcrumbList","@id":"https:\/\/fashiongold.lt\/et\/papuosalas\/valge-parl-valgest-kullast-ripats-mageveeparliga-magevee-6-mm\/#breadcrumb","itemListElement":[{"@type":"ListItem","position":1,"name":"Home","item":"https:\/\/fashiongold.lt\/et\/"},{"@type":"ListItem","position":2,"name":"Teemantide pood Fashiongold.lt","item":"https:\/\/fashiongold.lt\/shop-2\/"},{"@type":"ListItem","position":3,"name":"Valge p\u00e4rl \u2013 valgest kullast ripats mageveep\u00e4rliga (Magevee, 6 mm)"}]},{"@type":"WebSite","@id":"https:\/\/fashiongold.lt\/et\/#website","url":"https:\/\/fashiongold.lt\/et\/","name":"Fashion Gold","description":"Juvelyrikos namai","publisher":{"@id":"https:\/\/fashiongold.lt\/et\/#organization"},"potentialAction":[{"@type":"SearchAction","target":{"@type":"EntryPoint","urlTemplate":"https:\/\/fashiongold.lt\/et\/?s={search_term_string}"},"query-input":{"@type":"PropertyValueSpecification","valueRequired":true,"valueName":"search_term_string"}}],"inLanguage":"et"},{"@type":"Organization","@id":"https:\/\/fashiongold.lt\/et\/#organization","name":"Topdiamonds Online","url":"https:\/\/fashiongold.lt\/et\/","logo":{"@type":"ImageObject","inLanguage":"et","@id":"https:\/\/fashiongold.lt\/et\/#\/schema\/logo\/image\/","url":"https:\/\/fashiongold.lt\/wp-content\/uploads\/2025\/04\/cropped-fashion_gold_logotipas2-scaled-1.png","contentUrl":"https:\/\/fashiongold.lt\/wp-content\/uploads\/2025\/04\/cropped-fashion_gold_logotipas2-scaled-1.png","width":2559,"height":421,"caption":"Topdiamonds Online"},"image":{"@id":"https:\/\/fashiongold.lt\/et\/#\/schema\/logo\/image\/"}}]}},"_links":{"self":[{"href":"https:\/\/fashiongold.lt\/et\/wp-json\/wp\/v2\/product\/292457","targetHints":{"allow":["GET"]}}],"collection":[{"href":"https:\/\/fashiongold.lt\/et\/wp-json\/wp\/v2\/product"}],"about":[{"href":"https:\/\/fashiongold.lt\/et\/wp-json\/wp\/v2\/types\/product"}],"version-history":[{"count":0,"href":"https:\/\/fashiongold.lt\/et\/wp-json\/wp\/v2\/product\/292457\/revisions"}],"wp:featuredmedia":[{"embeddable":true,"href":"https:\/\/fashiongold.lt\/et\/wp-json\/wp\/v2\/media\/83124"}],"wp:attachment":[{"href":"https:\/\/fashiongold.lt\/et\/wp-json\/wp\/v2\/media?parent=292457"}],"wp:term":[{"taxonomy":"product_brand","embeddable":true,"href":"https:\/\/fashiongold.lt\/et\/wp-json\/wp\/v2\/product_brand?post=292457"},{"taxonomy":"product_cat","embeddable":true,"href":"https:\/\/fashiongold.lt\/et\/wp-json\/wp\/v2\/product_cat?post=292457"},{"taxonomy":"product_tag","embeddable":true,"href":"https:\/\/fashiongold.lt\/et\/wp-json\/wp\/v2\/product_tag?post=292457"}],"curies":[{"name":"wp","href":"https:\/\/api.w.org\/{rel}","templated":true}]}}