{"id":292627,"date":"2025-10-09T23:16:25","date_gmt":"2025-10-09T23:16:25","guid":{"rendered":"https:\/\/fashiongold.lt\/papuosalas\/laheduse-hong-valgest-kullast-sormus-smaragdi-ja-teemantidega-059-ct\/"},"modified":"2025-10-09T23:16:25","modified_gmt":"2025-10-09T23:16:25","slug":"laheduse-hong-valgest-kullast-sormus-smaragdi-ja-teemantidega-059-ct","status":"publish","type":"product","link":"https:\/\/fashiongold.lt\/et\/papuosalas\/laheduse-hong-valgest-kullast-sormus-smaragdi-ja-teemantidega-059-ct\/","title":{"rendered":"L\u00e4heduse h\u00f5ng \u2013 valgest kullast s\u00f5rmus smaragdi ja teemantidega (0,59 ct)"},"content":{"rendered":"<p>Valmistatud Leedus. S\u00f5rmust saab valmistada tellimust\u00f6\u00f6na: punasest, kollasest ja valgest kullast.<\/p>\n<p>\u2022 Teemandi t\u00fc\u00fcp: Looduslik teemant<\/p>\n<p>\u2022 Teemandi kuju: \u00dcmar lihv (Round cut)<\/p>\n<p>\u2022 Teemandi omadused: 0,19 ct, v\u00e4rvus H-I(W-STW); puhtus SI<\/p>\n<p>\u2022 Keskne kivi: Ovaalne smaragd 0,40 ct <\/p>\n<p>\u2022 Sertifikaat: Leedu Proovikoda (LPR) <\/p>\n<p>\u2022 S\u00f5rmuse kuld: 14K (proov 585) <\/p>\n<p>\u2022 S\u00f5rmuse v\u00e4rvus: valge kuld <\/p>\n<p>\u2022 S\u00f5rmuse kaal: umbes 2,50-2,90 g <\/p>\n<p>\u2022 S\u00f5rmuse m\u00f5\u00f5tmed: kroon umbes 3,35 mm, siin &#8211; 1,75 mm<\/p>\n","protected":false},"excerpt":{"rendered":"<p>Luksuslik valgest kullast s\u00f5rmus &#8220;L\u00e4heduse h\u00f5ng&#8221; ovaalse kujuga smaragdiga keskel, mida \u00fcmbritseb kaks rida teemante. Modernne ja elegantne disain, mis s\u00fcmboliseerib l\u00e4hedust ja armastust. Suurep\u00e4rane valik kihluseks ja erilisteks s\u00fcndmusteks.<\/p>\n","protected":false},"featured_media":80689,"template":"","meta":{"site-sidebar-layout":"","site-content-layout":"","ast-site-content-layout":"","site-content-style":"","site-sidebar-style":"","ast-global-header-display":"","ast-banner-title-visibility":"","ast-main-header-display":"","ast-hfb-above-header-display":"","ast-hfb-below-header-display":"","ast-hfb-mobile-header-display":"","site-post-title":"","ast-breadcrumbs-content":"","ast-featured-img":"","footer-sml-layout":"","ast-disable-related-posts":"","theme-transparent-header-meta":"","adv-header-id-meta":"","stick-header-meta":"","header-above-stick-meta":"","header-main-stick-meta":"","header-below-stick-meta":"","astra-migrate-meta-layouts":"default","ast-page-background-enabled":"default","ast-page-background-meta":{"desktop":{"background-color":"var(--ast-global-color-4)","background-image":"","background-repeat":"repeat","background-position":"center center","background-size":"auto","background-attachment":"scroll","background-type":"","background-media":"","overlay-type":"","overlay-color":"","overlay-opacity":"","overlay-gradient":""},"tablet":{"background-color":"","background-image":"","background-repeat":"repeat","background-position":"center center","background-size":"auto","background-attachment":"scroll","background-type":"","background-media":"","overlay-type":"","overlay-color":"","overlay-opacity":"","overlay-gradient":""},"mobile":{"background-color":"","background-image":"","background-repeat":"repeat","background-position":"center center","background-size":"auto","background-attachment":"scroll","background-type":"","background-media":"","overlay-type":"","overlay-color":"","overlay-opacity":"","overlay-gradient":""}},"ast-content-background-meta":{"desktop":{"background-color":"var(--ast-global-color-5)","background-image":"","background-repeat":"repeat","background-position":"center center","background-size":"auto","background-attachment":"scroll","background-type":"","background-media":"","overlay-type":"","overlay-color":"","overlay-opacity":"","overlay-gradient":""},"tablet":{"background-color":"var(--ast-global-color-5)","background-image":"","background-repeat":"repeat","background-position":"center center","background-size":"auto","background-attachment":"scroll","background-type":"","background-media":"","overlay-type":"","overlay-color":"","overlay-opacity":"","overlay-gradient":""},"mobile":{"background-color":"var(--ast-global-color-5)","background-image":"","background-repeat":"repeat","background-position":"center center","background-size":"auto","background-attachment":"scroll","background-type":"","background-media":"","overlay-type":"","overlay-color":"","overlay-opacity":"","overlay-gradient":""}}},"product_brand":[],"product_cat":[3574],"product_tag":[],"class_list":{"0":"post-292627","1":"product","2":"type-product","3":"status-publish","4":"has-post-thumbnail","6":"product_cat-soodusmuuk","7":"desktop-align-center","8":"tablet-align-left","9":"mobile-align-left","10":"ast-product-gallery-layout-horizontal-slider","11":"ast-product-gallery-with-no-image","12":"ast-product-single-variable","13":"ast-product-tabs-layout-accordion","14":"ast-qv-on-image","16":"first","17":"instock","18":"taxable","19":"shipping-taxable","20":"purchasable","21":"product-type-variable"},"yoast_head":"<!-- This site is optimized with the Yoast SEO plugin v26.6 - https:\/\/yoast.com\/wordpress\/plugins\/seo\/ -->\n<title>L\u00e4hiduse h\u00f5ng - valgest kullast s\u00f5rmus smaragdi ja teemantidega<\/title>\n<meta name=\"description\" content=\"Luksuslik valgest kullast s\u00f5rmus, mille keskel on ovaalne smaragd ja mida \u00fcmbritseb kaks rida teemante. Suurep\u00e4rane valik kihlumiseks ja erilisteks puhkudeks.\" \/>\n<meta name=\"robots\" content=\"index, follow, max-snippet:-1, max-image-preview:large, max-video-preview:-1\" \/>\n<link rel=\"canonical\" href=\"https:\/\/fashiongold.lt\/et\/papuosalas\/laheduse-hong-valgest-kullast-sormus-smaragdi-ja-teemantidega-059-ct\/\" \/>\n<meta property=\"og:locale\" content=\"et_EE\" \/>\n<meta property=\"og:type\" content=\"article\" \/>\n<meta property=\"og:title\" content=\"L\u00e4hiduse h\u00f5ng - valgest kullast s\u00f5rmus smaragdi ja teemantidega\" \/>\n<meta property=\"og:description\" content=\"Luksuslik valgest kullast s\u00f5rmus, mille keskel on ovaalne smaragd ja mida \u00fcmbritseb kaks rida teemante. Suurep\u00e4rane valik kihlumiseks ja erilisteks puhkudeks.\" \/>\n<meta property=\"og:url\" content=\"https:\/\/fashiongold.lt\/et\/papuosalas\/laheduse-hong-valgest-kullast-sormus-smaragdi-ja-teemantidega-059-ct\/\" \/>\n<meta property=\"og:site_name\" content=\"FashionGold.lt\" \/>\n<meta property=\"og:image\" content=\"https:\/\/fashiongold.lt\/wp-content\/uploads\/2025\/10\/5986-0c1-Artumo-dvelksmas-balto-aukso-ziedas-su-smaragdu-ir-deimantais.webp\" \/>\n\t<meta property=\"og:image:width\" content=\"1000\" \/>\n\t<meta property=\"og:image:height\" content=\"1000\" \/>\n\t<meta property=\"og:image:type\" content=\"image\/jpeg\" \/>\n<meta name=\"twitter:card\" content=\"summary_large_image\" \/>\n<script type=\"application\/ld+json\" class=\"yoast-schema-graph\">{\"@context\":\"https:\/\/schema.org\",\"@graph\":[{\"@type\":\"WebPage\",\"@id\":\"https:\/\/fashiongold.lt\/et\/papuosalas\/laheduse-hong-valgest-kullast-sormus-smaragdi-ja-teemantidega-059-ct\/\",\"url\":\"https:\/\/fashiongold.lt\/et\/papuosalas\/laheduse-hong-valgest-kullast-sormus-smaragdi-ja-teemantidega-059-ct\/\",\"name\":\"L\u00e4hiduse h\u00f5ng - valgest kullast s\u00f5rmus smaragdi ja teemantidega\",\"isPartOf\":{\"@id\":\"https:\/\/fashiongold.lt\/et\/#website\"},\"primaryImageOfPage\":{\"@id\":\"https:\/\/fashiongold.lt\/et\/papuosalas\/laheduse-hong-valgest-kullast-sormus-smaragdi-ja-teemantidega-059-ct\/#primaryimage\"},\"image\":{\"@id\":\"https:\/\/fashiongold.lt\/et\/papuosalas\/laheduse-hong-valgest-kullast-sormus-smaragdi-ja-teemantidega-059-ct\/#primaryimage\"},\"thumbnailUrl\":\"https:\/\/fashiongold.lt\/wp-content\/uploads\/2025\/10\/5986-0c1-Artumo-dvelksmas-balto-aukso-ziedas-su-smaragdu-ir-deimantais.jpg\",\"datePublished\":\"2025-10-09T23:16:25+00:00\",\"description\":\"Luksuslik valgest kullast s\u00f5rmus, mille keskel on ovaalne smaragd ja mida \u00fcmbritseb kaks rida teemante. Suurep\u00e4rane valik kihlumiseks ja erilisteks puhkudeks.\",\"breadcrumb\":{\"@id\":\"https:\/\/fashiongold.lt\/et\/papuosalas\/laheduse-hong-valgest-kullast-sormus-smaragdi-ja-teemantidega-059-ct\/#breadcrumb\"},\"inLanguage\":\"et\",\"potentialAction\":[{\"@type\":\"ReadAction\",\"target\":[\"https:\/\/fashiongold.lt\/et\/papuosalas\/laheduse-hong-valgest-kullast-sormus-smaragdi-ja-teemantidega-059-ct\/\"]}]},{\"@type\":\"ImageObject\",\"inLanguage\":\"et\",\"@id\":\"https:\/\/fashiongold.lt\/et\/papuosalas\/laheduse-hong-valgest-kullast-sormus-smaragdi-ja-teemantidega-059-ct\/#primaryimage\",\"url\":\"https:\/\/fashiongold.lt\/wp-content\/uploads\/2025\/10\/5986-0c1-Artumo-dvelksmas-balto-aukso-ziedas-su-smaragdu-ir-deimantais.jpg\",\"contentUrl\":\"https:\/\/fashiongold.lt\/wp-content\/uploads\/2025\/10\/5986-0c1-Artumo-dvelksmas-balto-aukso-ziedas-su-smaragdu-ir-deimantais.jpg\",\"width\":1000,\"height\":1000},{\"@type\":\"BreadcrumbList\",\"@id\":\"https:\/\/fashiongold.lt\/et\/papuosalas\/laheduse-hong-valgest-kullast-sormus-smaragdi-ja-teemantidega-059-ct\/#breadcrumb\",\"itemListElement\":[{\"@type\":\"ListItem\",\"position\":1,\"name\":\"Home\",\"item\":\"https:\/\/fashiongold.lt\/et\/\"},{\"@type\":\"ListItem\",\"position\":2,\"name\":\"Teemantide pood Fashiongold.lt\",\"item\":\"https:\/\/fashiongold.lt\/shop-2\/\"},{\"@type\":\"ListItem\",\"position\":3,\"name\":\"L\u00e4heduse h\u00f5ng \u2013 valgest kullast s\u00f5rmus smaragdi ja teemantidega (0,59 ct)\"}]},{\"@type\":\"WebSite\",\"@id\":\"https:\/\/fashiongold.lt\/et\/#website\",\"url\":\"https:\/\/fashiongold.lt\/et\/\",\"name\":\"Fashion Gold\",\"description\":\"Juvelyrikos namai\",\"publisher\":{\"@id\":\"https:\/\/fashiongold.lt\/et\/#organization\"},\"potentialAction\":[{\"@type\":\"SearchAction\",\"target\":{\"@type\":\"EntryPoint\",\"urlTemplate\":\"https:\/\/fashiongold.lt\/et\/?s={search_term_string}\"},\"query-input\":{\"@type\":\"PropertyValueSpecification\",\"valueRequired\":true,\"valueName\":\"search_term_string\"}}],\"inLanguage\":\"et\"},{\"@type\":\"Organization\",\"@id\":\"https:\/\/fashiongold.lt\/et\/#organization\",\"name\":\"Topdiamonds Online\",\"url\":\"https:\/\/fashiongold.lt\/et\/\",\"logo\":{\"@type\":\"ImageObject\",\"inLanguage\":\"et\",\"@id\":\"https:\/\/fashiongold.lt\/et\/#\/schema\/logo\/image\/\",\"url\":\"https:\/\/fashiongold.lt\/wp-content\/uploads\/2025\/04\/cropped-fashion_gold_logotipas2-scaled-1.png\",\"contentUrl\":\"https:\/\/fashiongold.lt\/wp-content\/uploads\/2025\/04\/cropped-fashion_gold_logotipas2-scaled-1.png\",\"width\":2559,\"height\":421,\"caption\":\"Topdiamonds Online\"},\"image\":{\"@id\":\"https:\/\/fashiongold.lt\/et\/#\/schema\/logo\/image\/\"}}]}<\/script>\n<!-- \/ Yoast SEO plugin. -->","yoast_head_json":{"title":"L\u00e4hiduse h\u00f5ng - valgest kullast s\u00f5rmus smaragdi ja teemantidega","description":"Luksuslik valgest kullast s\u00f5rmus, mille keskel on ovaalne smaragd ja mida \u00fcmbritseb kaks rida teemante. Suurep\u00e4rane valik kihlumiseks ja erilisteks puhkudeks.","robots":{"index":"index","follow":"follow","max-snippet":"max-snippet:-1","max-image-preview":"max-image-preview:large","max-video-preview":"max-video-preview:-1"},"canonical":"https:\/\/fashiongold.lt\/et\/papuosalas\/laheduse-hong-valgest-kullast-sormus-smaragdi-ja-teemantidega-059-ct\/","og_locale":"et_EE","og_type":"article","og_title":"L\u00e4hiduse h\u00f5ng - valgest kullast s\u00f5rmus smaragdi ja teemantidega","og_description":"Luksuslik valgest kullast s\u00f5rmus, mille keskel on ovaalne smaragd ja mida \u00fcmbritseb kaks rida teemante. Suurep\u00e4rane valik kihlumiseks ja erilisteks puhkudeks.","og_url":"https:\/\/fashiongold.lt\/et\/papuosalas\/laheduse-hong-valgest-kullast-sormus-smaragdi-ja-teemantidega-059-ct\/","og_site_name":"FashionGold.lt","og_image":[{"width":1000,"height":1000,"url":"https:\/\/fashiongold.lt\/wp-content\/uploads\/2025\/10\/5986-0c1-Artumo-dvelksmas-balto-aukso-ziedas-su-smaragdu-ir-deimantais.webp","type":"image\/jpeg"}],"twitter_card":"summary_large_image","schema":{"@context":"https:\/\/schema.org","@graph":[{"@type":"WebPage","@id":"https:\/\/fashiongold.lt\/et\/papuosalas\/laheduse-hong-valgest-kullast-sormus-smaragdi-ja-teemantidega-059-ct\/","url":"https:\/\/fashiongold.lt\/et\/papuosalas\/laheduse-hong-valgest-kullast-sormus-smaragdi-ja-teemantidega-059-ct\/","name":"L\u00e4hiduse h\u00f5ng - valgest kullast s\u00f5rmus smaragdi ja teemantidega","isPartOf":{"@id":"https:\/\/fashiongold.lt\/et\/#website"},"primaryImageOfPage":{"@id":"https:\/\/fashiongold.lt\/et\/papuosalas\/laheduse-hong-valgest-kullast-sormus-smaragdi-ja-teemantidega-059-ct\/#primaryimage"},"image":{"@id":"https:\/\/fashiongold.lt\/et\/papuosalas\/laheduse-hong-valgest-kullast-sormus-smaragdi-ja-teemantidega-059-ct\/#primaryimage"},"thumbnailUrl":"https:\/\/fashiongold.lt\/wp-content\/uploads\/2025\/10\/5986-0c1-Artumo-dvelksmas-balto-aukso-ziedas-su-smaragdu-ir-deimantais.jpg","datePublished":"2025-10-09T23:16:25+00:00","description":"Luksuslik valgest kullast s\u00f5rmus, mille keskel on ovaalne smaragd ja mida \u00fcmbritseb kaks rida teemante. Suurep\u00e4rane valik kihlumiseks ja erilisteks puhkudeks.","breadcrumb":{"@id":"https:\/\/fashiongold.lt\/et\/papuosalas\/laheduse-hong-valgest-kullast-sormus-smaragdi-ja-teemantidega-059-ct\/#breadcrumb"},"inLanguage":"et","potentialAction":[{"@type":"ReadAction","target":["https:\/\/fashiongold.lt\/et\/papuosalas\/laheduse-hong-valgest-kullast-sormus-smaragdi-ja-teemantidega-059-ct\/"]}]},{"@type":"ImageObject","inLanguage":"et","@id":"https:\/\/fashiongold.lt\/et\/papuosalas\/laheduse-hong-valgest-kullast-sormus-smaragdi-ja-teemantidega-059-ct\/#primaryimage","url":"https:\/\/fashiongold.lt\/wp-content\/uploads\/2025\/10\/5986-0c1-Artumo-dvelksmas-balto-aukso-ziedas-su-smaragdu-ir-deimantais.jpg","contentUrl":"https:\/\/fashiongold.lt\/wp-content\/uploads\/2025\/10\/5986-0c1-Artumo-dvelksmas-balto-aukso-ziedas-su-smaragdu-ir-deimantais.jpg","width":1000,"height":1000},{"@type":"BreadcrumbList","@id":"https:\/\/fashiongold.lt\/et\/papuosalas\/laheduse-hong-valgest-kullast-sormus-smaragdi-ja-teemantidega-059-ct\/#breadcrumb","itemListElement":[{"@type":"ListItem","position":1,"name":"Home","item":"https:\/\/fashiongold.lt\/et\/"},{"@type":"ListItem","position":2,"name":"Teemantide pood Fashiongold.lt","item":"https:\/\/fashiongold.lt\/shop-2\/"},{"@type":"ListItem","position":3,"name":"L\u00e4heduse h\u00f5ng \u2013 valgest kullast s\u00f5rmus smaragdi ja teemantidega (0,59 ct)"}]},{"@type":"WebSite","@id":"https:\/\/fashiongold.lt\/et\/#website","url":"https:\/\/fashiongold.lt\/et\/","name":"Fashion Gold","description":"Juvelyrikos namai","publisher":{"@id":"https:\/\/fashiongold.lt\/et\/#organization"},"potentialAction":[{"@type":"SearchAction","target":{"@type":"EntryPoint","urlTemplate":"https:\/\/fashiongold.lt\/et\/?s={search_term_string}"},"query-input":{"@type":"PropertyValueSpecification","valueRequired":true,"valueName":"search_term_string"}}],"inLanguage":"et"},{"@type":"Organization","@id":"https:\/\/fashiongold.lt\/et\/#organization","name":"Topdiamonds Online","url":"https:\/\/fashiongold.lt\/et\/","logo":{"@type":"ImageObject","inLanguage":"et","@id":"https:\/\/fashiongold.lt\/et\/#\/schema\/logo\/image\/","url":"https:\/\/fashiongold.lt\/wp-content\/uploads\/2025\/04\/cropped-fashion_gold_logotipas2-scaled-1.png","contentUrl":"https:\/\/fashiongold.lt\/wp-content\/uploads\/2025\/04\/cropped-fashion_gold_logotipas2-scaled-1.png","width":2559,"height":421,"caption":"Topdiamonds Online"},"image":{"@id":"https:\/\/fashiongold.lt\/et\/#\/schema\/logo\/image\/"}}]}},"_links":{"self":[{"href":"https:\/\/fashiongold.lt\/et\/wp-json\/wp\/v2\/product\/292627","targetHints":{"allow":["GET"]}}],"collection":[{"href":"https:\/\/fashiongold.lt\/et\/wp-json\/wp\/v2\/product"}],"about":[{"href":"https:\/\/fashiongold.lt\/et\/wp-json\/wp\/v2\/types\/product"}],"version-history":[{"count":0,"href":"https:\/\/fashiongold.lt\/et\/wp-json\/wp\/v2\/product\/292627\/revisions"}],"wp:featuredmedia":[{"embeddable":true,"href":"https:\/\/fashiongold.lt\/et\/wp-json\/wp\/v2\/media\/80689"}],"wp:attachment":[{"href":"https:\/\/fashiongold.lt\/et\/wp-json\/wp\/v2\/media?parent=292627"}],"wp:term":[{"taxonomy":"product_brand","embeddable":true,"href":"https:\/\/fashiongold.lt\/et\/wp-json\/wp\/v2\/product_brand?post=292627"},{"taxonomy":"product_cat","embeddable":true,"href":"https:\/\/fashiongold.lt\/et\/wp-json\/wp\/v2\/product_cat?post=292627"},{"taxonomy":"product_tag","embeddable":true,"href":"https:\/\/fashiongold.lt\/et\/wp-json\/wp\/v2\/product_tag?post=292627"}],"curies":[{"name":"wp","href":"https:\/\/api.w.org\/{rel}","templated":true}]}}