{"id":292647,"date":"2025-10-09T23:09:57","date_gmt":"2025-10-09T23:09:57","guid":{"rendered":"https:\/\/fashiongold.lt\/papuosalas\/safiiri-luksus-valgest-kullast-sormus-safiiri-ja-teemantidega-070-ct\/"},"modified":"2025-10-09T23:09:57","modified_gmt":"2025-10-09T23:09:57","slug":"safiiri-luksus-valgest-kullast-sormus-safiiri-ja-teemantidega-070-ct","status":"publish","type":"product","link":"https:\/\/fashiongold.lt\/et\/papuosalas\/safiiri-luksus-valgest-kullast-sormus-safiiri-ja-teemantidega-070-ct\/","title":{"rendered":"Safiiri luksus \u2013 valgest kullast s\u00f5rmus safiiri ja teemantidega (0,70 ct)"},"content":{"rendered":"<p>Valmistatud Leedus. S\u00f5rmust saab tellida punasest, kollasest ja valgest kullast.<\/p>\n<p>\u2022 Teemandi t\u00fc\u00fcp: Looduslik teemant<\/p>\n<p>\u2022 Teemandi kuju: \u00dcmar lihv (Round cut)<\/p>\n<p>\u2022 Teemandi kirjeldus: 0,20 ct, v\u00e4rv H-I(W-STW); puhtus SI<\/p>\n<p>\u2022 Keskmine kivi: Looduslik safiir, \u00fcmar kuju 0,50 ct <\/p>\n<p>\u2022 Sertifikaat: Leedu Proovikoda (LPR) <\/p>\n<p>\u2022 S\u00f5rmuse kuld: 14K (proov 585) <\/p>\n<p>\u2022 S\u00f5rmuse v\u00e4rv: valge kuld <\/p>\n<p>\u2022 S\u00f5rmuse kaal: umbes 2,80\u20133,20 g <\/p>\n<p>\u2022 S\u00f5rmuse m\u00f5\u00f5tmed: kroon umbes 8,50 mm, s\u00f5rmusevits &#8211; 3,60 mm<\/p>\n","protected":false},"excerpt":{"rendered":"<p>Luksuslik halo-disain: \u00fcmar safiir, mida \u00fcmbritsevad s\u00e4ravad teemandid, ning kaherealine teemantidega kaunistatud s\u00f5rmuseosa. Ideaalne kihlatumiseks, igap\u00e4evaseks kandmiseks ja erilisteks puhkudeks, lisades teie stiilile luksusliku aktsendi.<\/p>\n","protected":false},"featured_media":80360,"template":"","meta":{"site-sidebar-layout":"","site-content-layout":"","ast-site-content-layout":"","site-content-style":"","site-sidebar-style":"","ast-global-header-display":"","ast-banner-title-visibility":"","ast-main-header-display":"","ast-hfb-above-header-display":"","ast-hfb-below-header-display":"","ast-hfb-mobile-header-display":"","site-post-title":"","ast-breadcrumbs-content":"","ast-featured-img":"","footer-sml-layout":"","ast-disable-related-posts":"","theme-transparent-header-meta":"","adv-header-id-meta":"","stick-header-meta":"","header-above-stick-meta":"","header-main-stick-meta":"","header-below-stick-meta":"","astra-migrate-meta-layouts":"default","ast-page-background-enabled":"default","ast-page-background-meta":{"desktop":{"background-color":"var(--ast-global-color-4)","background-image":"","background-repeat":"repeat","background-position":"center center","background-size":"auto","background-attachment":"scroll","background-type":"","background-media":"","overlay-type":"","overlay-color":"","overlay-opacity":"","overlay-gradient":""},"tablet":{"background-color":"","background-image":"","background-repeat":"repeat","background-position":"center center","background-size":"auto","background-attachment":"scroll","background-type":"","background-media":"","overlay-type":"","overlay-color":"","overlay-opacity":"","overlay-gradient":""},"mobile":{"background-color":"","background-image":"","background-repeat":"repeat","background-position":"center center","background-size":"auto","background-attachment":"scroll","background-type":"","background-media":"","overlay-type":"","overlay-color":"","overlay-opacity":"","overlay-gradient":""}},"ast-content-background-meta":{"desktop":{"background-color":"var(--ast-global-color-5)","background-image":"","background-repeat":"repeat","background-position":"center center","background-size":"auto","background-attachment":"scroll","background-type":"","background-media":"","overlay-type":"","overlay-color":"","overlay-opacity":"","overlay-gradient":""},"tablet":{"background-color":"var(--ast-global-color-5)","background-image":"","background-repeat":"repeat","background-position":"center center","background-size":"auto","background-attachment":"scroll","background-type":"","background-media":"","overlay-type":"","overlay-color":"","overlay-opacity":"","overlay-gradient":""},"mobile":{"background-color":"var(--ast-global-color-5)","background-image":"","background-repeat":"repeat","background-position":"center center","background-size":"auto","background-attachment":"scroll","background-type":"","background-media":"","overlay-type":"","overlay-color":"","overlay-opacity":"","overlay-gradient":""}}},"product_brand":[],"product_cat":[3058,2830,2991,2826,3422,3423,2829,2823,2828,2822,2824,3392,2821,2843,2849,2844,3448,2847,2845,3466,2848,2827],"product_tag":[],"class_list":{"0":"post-292647","1":"product","2":"type-product","3":"status-publish","4":"has-post-thumbnail","6":"product_cat-ehted","7":"product_cat-emadepaeva-kingitused","8":"product_cat-halo-kujuga-kihlasormused","9":"product_cat-joulukingid","10":"product_cat-kihlasormused","11":"product_cat-kihlasormused-vaariskividega","12":"product_cat-kingitused-erilisteks-puhkudeks","13":"product_cat-kingitused-lapse-sunni-puhul","14":"product_cat-kingitused-lopetamise-puhul","15":"product_cat-kingitused-naistele","16":"product_cat-kingitused-pulma-aastapaeva-puhul","17":"product_cat-kingitused-pulmade-puhul","18":"product_cat-kingitused-sunnipaevaks","19":"product_cat-safiir-ehted-safiiridega","20":"product_cat-safiiridega-sormused","21":"product_cat-safiiriga-kihlasormus","22":"product_cat-sinine-vaariskivi","23":"product_cat-siniste-vaariskividega-ehted","24":"product_cat-sobrapaeva-kingitused","25":"product_cat-teemantsormused","26":"product_cat-vaariskividega-sormused","27":"product_cat-valgest-kullast-ehted","28":"desktop-align-center","29":"tablet-align-left","30":"mobile-align-left","31":"ast-product-gallery-layout-horizontal-slider","32":"ast-product-gallery-with-no-image","33":"ast-product-single-variable","34":"ast-product-tabs-layout-accordion","35":"ast-qv-on-image","37":"first","38":"instock","39":"taxable","40":"shipping-taxable","41":"purchasable","42":"product-type-variable"},"yoast_head":"<!-- This site is optimized with the Yoast SEO plugin v26.6 - https:\/\/yoast.com\/wordpress\/plugins\/seo\/ -->\n<title>Valgest kullast s\u00f5rmus smaragdil\u00f5ikelise safiiri ja teemantidega<\/title>\n<meta name=\"description\" content=\"\u00dcmmargune safiir, mida \u00fcmbritsevad s\u00e4ravad teemandid, kahest reast koosneva ja teemantidega kaunistatud v\u00f5ruga. Sobib kihlumiseks, igap\u00e4evaseks kandmiseks ja erilisteks puhkudeks.\" \/>\n<meta name=\"robots\" content=\"index, follow, max-snippet:-1, max-image-preview:large, max-video-preview:-1\" \/>\n<link rel=\"canonical\" href=\"https:\/\/fashiongold.lt\/et\/papuosalas\/safiiri-luksus-valgest-kullast-sormus-safiiri-ja-teemantidega-070-ct\/\" \/>\n<meta property=\"og:locale\" content=\"et_EE\" \/>\n<meta property=\"og:type\" content=\"article\" \/>\n<meta property=\"og:title\" content=\"Valgest kullast s\u00f5rmus smaragdil\u00f5ikelise safiiri ja teemantidega\" \/>\n<meta property=\"og:description\" content=\"\u00dcmmargune safiir, mida \u00fcmbritsevad s\u00e4ravad teemandid, kahest reast koosneva ja teemantidega kaunistatud v\u00f5ruga. Sobib kihlumiseks, igap\u00e4evaseks kandmiseks ja erilisteks puhkudeks.\" \/>\n<meta property=\"og:url\" content=\"https:\/\/fashiongold.lt\/et\/papuosalas\/safiiri-luksus-valgest-kullast-sormus-safiiri-ja-teemantidega-070-ct\/\" \/>\n<meta property=\"og:site_name\" content=\"FashionGold.lt\" \/>\n<meta property=\"og:image\" content=\"https:\/\/fashiongold.lt\/wp-content\/uploads\/2025\/10\/5932-eb2-Safyro-prabanga-balto-aukso-ziedas-su-safyru-ir-deimantais.webp\" \/>\n\t<meta property=\"og:image:width\" content=\"1000\" \/>\n\t<meta property=\"og:image:height\" content=\"1000\" \/>\n\t<meta property=\"og:image:type\" content=\"image\/jpeg\" \/>\n<meta name=\"twitter:card\" content=\"summary_large_image\" \/>\n<script type=\"application\/ld+json\" class=\"yoast-schema-graph\">{\"@context\":\"https:\/\/schema.org\",\"@graph\":[{\"@type\":\"WebPage\",\"@id\":\"https:\/\/fashiongold.lt\/et\/papuosalas\/safiiri-luksus-valgest-kullast-sormus-safiiri-ja-teemantidega-070-ct\/\",\"url\":\"https:\/\/fashiongold.lt\/et\/papuosalas\/safiiri-luksus-valgest-kullast-sormus-safiiri-ja-teemantidega-070-ct\/\",\"name\":\"Valgest kullast s\u00f5rmus smaragdil\u00f5ikelise safiiri ja teemantidega\",\"isPartOf\":{\"@id\":\"https:\/\/fashiongold.lt\/et\/#website\"},\"primaryImageOfPage\":{\"@id\":\"https:\/\/fashiongold.lt\/et\/papuosalas\/safiiri-luksus-valgest-kullast-sormus-safiiri-ja-teemantidega-070-ct\/#primaryimage\"},\"image\":{\"@id\":\"https:\/\/fashiongold.lt\/et\/papuosalas\/safiiri-luksus-valgest-kullast-sormus-safiiri-ja-teemantidega-070-ct\/#primaryimage\"},\"thumbnailUrl\":\"https:\/\/fashiongold.lt\/wp-content\/uploads\/2025\/10\/5932-eb2-Safyro-prabanga-balto-aukso-ziedas-su-safyru-ir-deimantais.jpg\",\"datePublished\":\"2025-10-09T23:09:57+00:00\",\"description\":\"\u00dcmmargune safiir, mida \u00fcmbritsevad s\u00e4ravad teemandid, kahest reast koosneva ja teemantidega kaunistatud v\u00f5ruga. Sobib kihlumiseks, igap\u00e4evaseks kandmiseks ja erilisteks puhkudeks.\",\"breadcrumb\":{\"@id\":\"https:\/\/fashiongold.lt\/et\/papuosalas\/safiiri-luksus-valgest-kullast-sormus-safiiri-ja-teemantidega-070-ct\/#breadcrumb\"},\"inLanguage\":\"et\",\"potentialAction\":[{\"@type\":\"ReadAction\",\"target\":[\"https:\/\/fashiongold.lt\/et\/papuosalas\/safiiri-luksus-valgest-kullast-sormus-safiiri-ja-teemantidega-070-ct\/\"]}]},{\"@type\":\"ImageObject\",\"inLanguage\":\"et\",\"@id\":\"https:\/\/fashiongold.lt\/et\/papuosalas\/safiiri-luksus-valgest-kullast-sormus-safiiri-ja-teemantidega-070-ct\/#primaryimage\",\"url\":\"https:\/\/fashiongold.lt\/wp-content\/uploads\/2025\/10\/5932-eb2-Safyro-prabanga-balto-aukso-ziedas-su-safyru-ir-deimantais.jpg\",\"contentUrl\":\"https:\/\/fashiongold.lt\/wp-content\/uploads\/2025\/10\/5932-eb2-Safyro-prabanga-balto-aukso-ziedas-su-safyru-ir-deimantais.jpg\",\"width\":1000,\"height\":1000},{\"@type\":\"BreadcrumbList\",\"@id\":\"https:\/\/fashiongold.lt\/et\/papuosalas\/safiiri-luksus-valgest-kullast-sormus-safiiri-ja-teemantidega-070-ct\/#breadcrumb\",\"itemListElement\":[{\"@type\":\"ListItem\",\"position\":1,\"name\":\"Home\",\"item\":\"https:\/\/fashiongold.lt\/et\/\"},{\"@type\":\"ListItem\",\"position\":2,\"name\":\"Teemantide pood Fashiongold.lt\",\"item\":\"https:\/\/fashiongold.lt\/shop-2\/\"},{\"@type\":\"ListItem\",\"position\":3,\"name\":\"Safiiri luksus \u2013 valgest kullast s\u00f5rmus safiiri ja teemantidega (0,70 ct)\"}]},{\"@type\":\"WebSite\",\"@id\":\"https:\/\/fashiongold.lt\/et\/#website\",\"url\":\"https:\/\/fashiongold.lt\/et\/\",\"name\":\"Fashion Gold\",\"description\":\"Juvelyrikos namai\",\"publisher\":{\"@id\":\"https:\/\/fashiongold.lt\/et\/#organization\"},\"potentialAction\":[{\"@type\":\"SearchAction\",\"target\":{\"@type\":\"EntryPoint\",\"urlTemplate\":\"https:\/\/fashiongold.lt\/et\/?s={search_term_string}\"},\"query-input\":{\"@type\":\"PropertyValueSpecification\",\"valueRequired\":true,\"valueName\":\"search_term_string\"}}],\"inLanguage\":\"et\"},{\"@type\":\"Organization\",\"@id\":\"https:\/\/fashiongold.lt\/et\/#organization\",\"name\":\"Topdiamonds Online\",\"url\":\"https:\/\/fashiongold.lt\/et\/\",\"logo\":{\"@type\":\"ImageObject\",\"inLanguage\":\"et\",\"@id\":\"https:\/\/fashiongold.lt\/et\/#\/schema\/logo\/image\/\",\"url\":\"https:\/\/fashiongold.lt\/wp-content\/uploads\/2025\/04\/cropped-fashion_gold_logotipas2-scaled-1.png\",\"contentUrl\":\"https:\/\/fashiongold.lt\/wp-content\/uploads\/2025\/04\/cropped-fashion_gold_logotipas2-scaled-1.png\",\"width\":2559,\"height\":421,\"caption\":\"Topdiamonds Online\"},\"image\":{\"@id\":\"https:\/\/fashiongold.lt\/et\/#\/schema\/logo\/image\/\"}}]}<\/script>\n<!-- \/ Yoast SEO plugin. -->","yoast_head_json":{"title":"Valgest kullast s\u00f5rmus smaragdil\u00f5ikelise safiiri ja teemantidega","description":"\u00dcmmargune safiir, mida \u00fcmbritsevad s\u00e4ravad teemandid, kahest reast koosneva ja teemantidega kaunistatud v\u00f5ruga. Sobib kihlumiseks, igap\u00e4evaseks kandmiseks ja erilisteks puhkudeks.","robots":{"index":"index","follow":"follow","max-snippet":"max-snippet:-1","max-image-preview":"max-image-preview:large","max-video-preview":"max-video-preview:-1"},"canonical":"https:\/\/fashiongold.lt\/et\/papuosalas\/safiiri-luksus-valgest-kullast-sormus-safiiri-ja-teemantidega-070-ct\/","og_locale":"et_EE","og_type":"article","og_title":"Valgest kullast s\u00f5rmus smaragdil\u00f5ikelise safiiri ja teemantidega","og_description":"\u00dcmmargune safiir, mida \u00fcmbritsevad s\u00e4ravad teemandid, kahest reast koosneva ja teemantidega kaunistatud v\u00f5ruga. Sobib kihlumiseks, igap\u00e4evaseks kandmiseks ja erilisteks puhkudeks.","og_url":"https:\/\/fashiongold.lt\/et\/papuosalas\/safiiri-luksus-valgest-kullast-sormus-safiiri-ja-teemantidega-070-ct\/","og_site_name":"FashionGold.lt","og_image":[{"width":1000,"height":1000,"url":"https:\/\/fashiongold.lt\/wp-content\/uploads\/2025\/10\/5932-eb2-Safyro-prabanga-balto-aukso-ziedas-su-safyru-ir-deimantais.webp","type":"image\/jpeg"}],"twitter_card":"summary_large_image","schema":{"@context":"https:\/\/schema.org","@graph":[{"@type":"WebPage","@id":"https:\/\/fashiongold.lt\/et\/papuosalas\/safiiri-luksus-valgest-kullast-sormus-safiiri-ja-teemantidega-070-ct\/","url":"https:\/\/fashiongold.lt\/et\/papuosalas\/safiiri-luksus-valgest-kullast-sormus-safiiri-ja-teemantidega-070-ct\/","name":"Valgest kullast s\u00f5rmus smaragdil\u00f5ikelise safiiri ja teemantidega","isPartOf":{"@id":"https:\/\/fashiongold.lt\/et\/#website"},"primaryImageOfPage":{"@id":"https:\/\/fashiongold.lt\/et\/papuosalas\/safiiri-luksus-valgest-kullast-sormus-safiiri-ja-teemantidega-070-ct\/#primaryimage"},"image":{"@id":"https:\/\/fashiongold.lt\/et\/papuosalas\/safiiri-luksus-valgest-kullast-sormus-safiiri-ja-teemantidega-070-ct\/#primaryimage"},"thumbnailUrl":"https:\/\/fashiongold.lt\/wp-content\/uploads\/2025\/10\/5932-eb2-Safyro-prabanga-balto-aukso-ziedas-su-safyru-ir-deimantais.jpg","datePublished":"2025-10-09T23:09:57+00:00","description":"\u00dcmmargune safiir, mida \u00fcmbritsevad s\u00e4ravad teemandid, kahest reast koosneva ja teemantidega kaunistatud v\u00f5ruga. Sobib kihlumiseks, igap\u00e4evaseks kandmiseks ja erilisteks puhkudeks.","breadcrumb":{"@id":"https:\/\/fashiongold.lt\/et\/papuosalas\/safiiri-luksus-valgest-kullast-sormus-safiiri-ja-teemantidega-070-ct\/#breadcrumb"},"inLanguage":"et","potentialAction":[{"@type":"ReadAction","target":["https:\/\/fashiongold.lt\/et\/papuosalas\/safiiri-luksus-valgest-kullast-sormus-safiiri-ja-teemantidega-070-ct\/"]}]},{"@type":"ImageObject","inLanguage":"et","@id":"https:\/\/fashiongold.lt\/et\/papuosalas\/safiiri-luksus-valgest-kullast-sormus-safiiri-ja-teemantidega-070-ct\/#primaryimage","url":"https:\/\/fashiongold.lt\/wp-content\/uploads\/2025\/10\/5932-eb2-Safyro-prabanga-balto-aukso-ziedas-su-safyru-ir-deimantais.jpg","contentUrl":"https:\/\/fashiongold.lt\/wp-content\/uploads\/2025\/10\/5932-eb2-Safyro-prabanga-balto-aukso-ziedas-su-safyru-ir-deimantais.jpg","width":1000,"height":1000},{"@type":"BreadcrumbList","@id":"https:\/\/fashiongold.lt\/et\/papuosalas\/safiiri-luksus-valgest-kullast-sormus-safiiri-ja-teemantidega-070-ct\/#breadcrumb","itemListElement":[{"@type":"ListItem","position":1,"name":"Home","item":"https:\/\/fashiongold.lt\/et\/"},{"@type":"ListItem","position":2,"name":"Teemantide pood Fashiongold.lt","item":"https:\/\/fashiongold.lt\/shop-2\/"},{"@type":"ListItem","position":3,"name":"Safiiri luksus \u2013 valgest kullast s\u00f5rmus safiiri ja teemantidega (0,70 ct)"}]},{"@type":"WebSite","@id":"https:\/\/fashiongold.lt\/et\/#website","url":"https:\/\/fashiongold.lt\/et\/","name":"Fashion Gold","description":"Juvelyrikos namai","publisher":{"@id":"https:\/\/fashiongold.lt\/et\/#organization"},"potentialAction":[{"@type":"SearchAction","target":{"@type":"EntryPoint","urlTemplate":"https:\/\/fashiongold.lt\/et\/?s={search_term_string}"},"query-input":{"@type":"PropertyValueSpecification","valueRequired":true,"valueName":"search_term_string"}}],"inLanguage":"et"},{"@type":"Organization","@id":"https:\/\/fashiongold.lt\/et\/#organization","name":"Topdiamonds Online","url":"https:\/\/fashiongold.lt\/et\/","logo":{"@type":"ImageObject","inLanguage":"et","@id":"https:\/\/fashiongold.lt\/et\/#\/schema\/logo\/image\/","url":"https:\/\/fashiongold.lt\/wp-content\/uploads\/2025\/04\/cropped-fashion_gold_logotipas2-scaled-1.png","contentUrl":"https:\/\/fashiongold.lt\/wp-content\/uploads\/2025\/04\/cropped-fashion_gold_logotipas2-scaled-1.png","width":2559,"height":421,"caption":"Topdiamonds Online"},"image":{"@id":"https:\/\/fashiongold.lt\/et\/#\/schema\/logo\/image\/"}}]}},"_links":{"self":[{"href":"https:\/\/fashiongold.lt\/et\/wp-json\/wp\/v2\/product\/292647","targetHints":{"allow":["GET"]}}],"collection":[{"href":"https:\/\/fashiongold.lt\/et\/wp-json\/wp\/v2\/product"}],"about":[{"href":"https:\/\/fashiongold.lt\/et\/wp-json\/wp\/v2\/types\/product"}],"version-history":[{"count":0,"href":"https:\/\/fashiongold.lt\/et\/wp-json\/wp\/v2\/product\/292647\/revisions"}],"wp:featuredmedia":[{"embeddable":true,"href":"https:\/\/fashiongold.lt\/et\/wp-json\/wp\/v2\/media\/80360"}],"wp:attachment":[{"href":"https:\/\/fashiongold.lt\/et\/wp-json\/wp\/v2\/media?parent=292647"}],"wp:term":[{"taxonomy":"product_brand","embeddable":true,"href":"https:\/\/fashiongold.lt\/et\/wp-json\/wp\/v2\/product_brand?post=292647"},{"taxonomy":"product_cat","embeddable":true,"href":"https:\/\/fashiongold.lt\/et\/wp-json\/wp\/v2\/product_cat?post=292647"},{"taxonomy":"product_tag","embeddable":true,"href":"https:\/\/fashiongold.lt\/et\/wp-json\/wp\/v2\/product_tag?post=292647"}],"curies":[{"name":"wp","href":"https:\/\/api.w.org\/{rel}","templated":true}]}}