{"id":292742,"date":"2025-10-09T23:07:40","date_gmt":"2025-10-09T23:07:40","guid":{"rendered":"https:\/\/fashiongold.lt\/papuosalas\/saravad-hetked-valgest-kullast-korvarongad-teemantidega-040-ct\/"},"modified":"2025-10-09T23:07:40","modified_gmt":"2025-10-09T23:07:40","slug":"saravad-hetked-valgest-kullast-korvarongad-teemantidega-040-ct","status":"publish","type":"product","link":"https:\/\/fashiongold.lt\/et\/papuosalas\/saravad-hetked-valgest-kullast-korvarongad-teemantidega-040-ct\/","title":{"rendered":"S\u00e4ravad hetked \u2013 valgest kullast k\u00f5rvar\u00f5ngad teemantidega (0,40 ct)"},"content":{"rendered":"<p>Valmistatud Leedus. K\u00f5rvar\u00f5ngaid saab valmistada eritellimusel: punasest, kollasest ja valgest kullast.\u00a0<\/p>\n<p>\u2022 Teemandi t\u00fc\u00fcp: Looduslik teemant\u00a0<\/p>\n<p>\u2022 Teemandi kuju: \u00dcmar lihv (Round cut)\u00a0<\/p>\n<p>\u2022 Teemandi omadused: 0,40 ct, v\u00e4rvus H-I(W-STW); puhtus SI\u00a0<\/p>\n<p>\u2022 Sertifikaat: Leedu Proovikoda (LPR)\u00a0 \u00a0<\/p>\n<p>\u2022 K\u00f5rvar\u00f5ngaste kuld: 14K (proov 585)\u00a0 \u00a0<\/p>\n<p>\u2022 K\u00f5rvar\u00f5ngaste v\u00e4rvus: valge kuld\u00a0 \u00a0 \u00a0<\/p>\n<p>\u2022 K\u00f5rvar\u00f5ngaste kaal: umbes 1,40\u20131,70 g\u00a0 \u00a0<\/p>\n<p>\u2022 K\u00f5rvar\u00f5ngaste m\u00f5\u00f5tmed: 11 x 4 mm\u00a0<\/p>\n","protected":false},"excerpt":{"rendered":"<p>Valgest kullast k\u00f5rvar\u00f5ngad s\u00e4ravate teemantide ja inglise lukuga. Need k\u00f5rvar\u00f5ngad ei ole mitte ainult elegantsed, vaid ka peened, nagu t\u00e4hed. Sobivad suurep\u00e4raselt igap\u00e4evaseks kandmiseks ja erilisteks puhkudeks, lisades teie stiilile elegantsi ja ainulaadsust.<\/p>\n","protected":false},"featured_media":79929,"template":"","meta":{"site-sidebar-layout":"","site-content-layout":"","ast-site-content-layout":"","site-content-style":"","site-sidebar-style":"","ast-global-header-display":"","ast-banner-title-visibility":"","ast-main-header-display":"","ast-hfb-above-header-display":"","ast-hfb-below-header-display":"","ast-hfb-mobile-header-display":"","site-post-title":"","ast-breadcrumbs-content":"","ast-featured-img":"","footer-sml-layout":"","ast-disable-related-posts":"","theme-transparent-header-meta":"","adv-header-id-meta":"","stick-header-meta":"","header-above-stick-meta":"","header-main-stick-meta":"","header-below-stick-meta":"","astra-migrate-meta-layouts":"default","ast-page-background-enabled":"default","ast-page-background-meta":{"desktop":{"background-color":"var(--ast-global-color-4)","background-image":"","background-repeat":"repeat","background-position":"center center","background-size":"auto","background-attachment":"scroll","background-type":"","background-media":"","overlay-type":"","overlay-color":"","overlay-opacity":"","overlay-gradient":""},"tablet":{"background-color":"","background-image":"","background-repeat":"repeat","background-position":"center center","background-size":"auto","background-attachment":"scroll","background-type":"","background-media":"","overlay-type":"","overlay-color":"","overlay-opacity":"","overlay-gradient":""},"mobile":{"background-color":"","background-image":"","background-repeat":"repeat","background-position":"center center","background-size":"auto","background-attachment":"scroll","background-type":"","background-media":"","overlay-type":"","overlay-color":"","overlay-opacity":"","overlay-gradient":""}},"ast-content-background-meta":{"desktop":{"background-color":"var(--ast-global-color-5)","background-image":"","background-repeat":"repeat","background-position":"center center","background-size":"auto","background-attachment":"scroll","background-type":"","background-media":"","overlay-type":"","overlay-color":"","overlay-opacity":"","overlay-gradient":""},"tablet":{"background-color":"var(--ast-global-color-5)","background-image":"","background-repeat":"repeat","background-position":"center center","background-size":"auto","background-attachment":"scroll","background-type":"","background-media":"","overlay-type":"","overlay-color":"","overlay-opacity":"","overlay-gradient":""},"mobile":{"background-color":"var(--ast-global-color-5)","background-image":"","background-repeat":"repeat","background-position":"center center","background-size":"auto","background-attachment":"scroll","background-type":"","background-media":"","overlay-type":"","overlay-color":"","overlay-opacity":"","overlay-gradient":""}}},"product_brand":[],"product_cat":[3058,2830,3615,2826,2829,2823,2828,2822,2824,3392,2821,3539,3391,2845,2966,2827],"product_tag":[],"class_list":{"0":"post-292742","1":"product","2":"type-product","3":"status-publish","4":"has-post-thumbnail","6":"product_cat-ehted","7":"product_cat-emadepaeva-kingitused","8":"product_cat-inglise-lukuga-korvarongad","9":"product_cat-joulukingid","10":"product_cat-kingitused-erilisteks-puhkudeks","11":"product_cat-kingitused-lapse-sunni-puhul","12":"product_cat-kingitused-lopetamise-puhul","13":"product_cat-kingitused-naistele","14":"product_cat-kingitused-pulma-aastapaeva-puhul","15":"product_cat-kingitused-pulmade-puhul","16":"product_cat-kingitused-sunnipaevaks","17":"product_cat-korvarongad-tudrukutele-laste-korvarongad","18":"product_cat-ristimiskingitused","19":"product_cat-sobrapaeva-kingitused","20":"product_cat-teemantidega-korvarongad","21":"product_cat-valgest-kullast-ehted","22":"desktop-align-center","23":"tablet-align-left","24":"mobile-align-left","25":"ast-product-gallery-layout-horizontal-slider","26":"ast-product-gallery-with-no-image","27":"ast-product-tabs-layout-accordion","28":"ast-qv-on-image","30":"first","31":"instock","32":"taxable","33":"shipping-taxable","34":"purchasable","35":"product-type-simple"},"yoast_head":"<!-- This site is optimized with the Yoast SEO plugin v26.6 - https:\/\/yoast.com\/wordpress\/plugins\/seo\/ -->\n<title>S\u00e4ravad hetked - valgest kullast k\u00f5rvar\u00f5ngad teemantidega<\/title>\n<meta name=\"description\" content=\"Valgest kullast k\u00f5rvar\u00f5ngad s\u00e4ravate teemantidega ja inglise lukuga. Need k\u00f5rvar\u00f5ngad on mitte ainult elegantsed, vaid ka peened, otsekui t\u00e4hed. Sobivad suurep\u00e4raselt igap\u00e4evaseks kandmiseks ja erilisteks puhkudeks, lisades teie stiilile elegantsi ja erilisust.\" \/>\n<meta name=\"robots\" content=\"index, follow, max-snippet:-1, max-image-preview:large, max-video-preview:-1\" \/>\n<link rel=\"canonical\" href=\"https:\/\/fashiongold.lt\/et\/papuosalas\/saravad-hetked-valgest-kullast-korvarongad-teemantidega-040-ct\/\" \/>\n<meta property=\"og:locale\" content=\"et_EE\" \/>\n<meta property=\"og:type\" content=\"article\" \/>\n<meta property=\"og:title\" content=\"S\u00e4ravad hetked - valgest kullast k\u00f5rvar\u00f5ngad teemantidega\" \/>\n<meta property=\"og:description\" content=\"Valgest kullast k\u00f5rvar\u00f5ngad s\u00e4ravate teemantidega ja inglise lukuga. Need k\u00f5rvar\u00f5ngad on mitte ainult elegantsed, vaid ka peened, otsekui t\u00e4hed. Sobivad suurep\u00e4raselt igap\u00e4evaseks kandmiseks ja erilisteks puhkudeks, lisades teie stiilile elegantsi ja erilisust.\" \/>\n<meta property=\"og:url\" content=\"https:\/\/fashiongold.lt\/et\/papuosalas\/saravad-hetked-valgest-kullast-korvarongad-teemantidega-040-ct\/\" \/>\n<meta property=\"og:site_name\" content=\"FashionGold.lt\" \/>\n<meta property=\"og:image\" content=\"https:\/\/fashiongold.lt\/wp-content\/uploads\/2025\/10\/5835-80a-Svytincios-Akimirkos-balto-aukso-auskarai-su-deimantais.webp\" \/>\n\t<meta property=\"og:image:width\" content=\"1000\" \/>\n\t<meta property=\"og:image:height\" content=\"1000\" \/>\n\t<meta property=\"og:image:type\" content=\"image\/jpeg\" \/>\n<meta name=\"twitter:card\" content=\"summary_large_image\" \/>\n<script type=\"application\/ld+json\" class=\"yoast-schema-graph\">{\"@context\":\"https:\/\/schema.org\",\"@graph\":[{\"@type\":\"WebPage\",\"@id\":\"https:\/\/fashiongold.lt\/et\/papuosalas\/saravad-hetked-valgest-kullast-korvarongad-teemantidega-040-ct\/\",\"url\":\"https:\/\/fashiongold.lt\/et\/papuosalas\/saravad-hetked-valgest-kullast-korvarongad-teemantidega-040-ct\/\",\"name\":\"S\u00e4ravad hetked - valgest kullast k\u00f5rvar\u00f5ngad teemantidega\",\"isPartOf\":{\"@id\":\"https:\/\/fashiongold.lt\/et\/#website\"},\"primaryImageOfPage\":{\"@id\":\"https:\/\/fashiongold.lt\/et\/papuosalas\/saravad-hetked-valgest-kullast-korvarongad-teemantidega-040-ct\/#primaryimage\"},\"image\":{\"@id\":\"https:\/\/fashiongold.lt\/et\/papuosalas\/saravad-hetked-valgest-kullast-korvarongad-teemantidega-040-ct\/#primaryimage\"},\"thumbnailUrl\":\"https:\/\/fashiongold.lt\/wp-content\/uploads\/2025\/10\/5835-80a-Svytincios-Akimirkos-balto-aukso-auskarai-su-deimantais.jpg\",\"datePublished\":\"2025-10-09T23:07:40+00:00\",\"description\":\"Valgest kullast k\u00f5rvar\u00f5ngad s\u00e4ravate teemantidega ja inglise lukuga. Need k\u00f5rvar\u00f5ngad on mitte ainult elegantsed, vaid ka peened, otsekui t\u00e4hed. Sobivad suurep\u00e4raselt igap\u00e4evaseks kandmiseks ja erilisteks puhkudeks, lisades teie stiilile elegantsi ja erilisust.\",\"breadcrumb\":{\"@id\":\"https:\/\/fashiongold.lt\/et\/papuosalas\/saravad-hetked-valgest-kullast-korvarongad-teemantidega-040-ct\/#breadcrumb\"},\"inLanguage\":\"et\",\"potentialAction\":[{\"@type\":\"ReadAction\",\"target\":[\"https:\/\/fashiongold.lt\/et\/papuosalas\/saravad-hetked-valgest-kullast-korvarongad-teemantidega-040-ct\/\"]}]},{\"@type\":\"ImageObject\",\"inLanguage\":\"et\",\"@id\":\"https:\/\/fashiongold.lt\/et\/papuosalas\/saravad-hetked-valgest-kullast-korvarongad-teemantidega-040-ct\/#primaryimage\",\"url\":\"https:\/\/fashiongold.lt\/wp-content\/uploads\/2025\/10\/5835-80a-Svytincios-Akimirkos-balto-aukso-auskarai-su-deimantais.jpg\",\"contentUrl\":\"https:\/\/fashiongold.lt\/wp-content\/uploads\/2025\/10\/5835-80a-Svytincios-Akimirkos-balto-aukso-auskarai-su-deimantais.jpg\",\"width\":1000,\"height\":1000},{\"@type\":\"BreadcrumbList\",\"@id\":\"https:\/\/fashiongold.lt\/et\/papuosalas\/saravad-hetked-valgest-kullast-korvarongad-teemantidega-040-ct\/#breadcrumb\",\"itemListElement\":[{\"@type\":\"ListItem\",\"position\":1,\"name\":\"Home\",\"item\":\"https:\/\/fashiongold.lt\/et\/\"},{\"@type\":\"ListItem\",\"position\":2,\"name\":\"Teemantide pood Fashiongold.lt\",\"item\":\"https:\/\/fashiongold.lt\/shop-2\/\"},{\"@type\":\"ListItem\",\"position\":3,\"name\":\"S\u00e4ravad hetked \u2013 valgest kullast k\u00f5rvar\u00f5ngad teemantidega (0,40 ct)\"}]},{\"@type\":\"WebSite\",\"@id\":\"https:\/\/fashiongold.lt\/et\/#website\",\"url\":\"https:\/\/fashiongold.lt\/et\/\",\"name\":\"Fashion Gold\",\"description\":\"Juvelyrikos namai\",\"publisher\":{\"@id\":\"https:\/\/fashiongold.lt\/et\/#organization\"},\"potentialAction\":[{\"@type\":\"SearchAction\",\"target\":{\"@type\":\"EntryPoint\",\"urlTemplate\":\"https:\/\/fashiongold.lt\/et\/?s={search_term_string}\"},\"query-input\":{\"@type\":\"PropertyValueSpecification\",\"valueRequired\":true,\"valueName\":\"search_term_string\"}}],\"inLanguage\":\"et\"},{\"@type\":\"Organization\",\"@id\":\"https:\/\/fashiongold.lt\/et\/#organization\",\"name\":\"Topdiamonds Online\",\"url\":\"https:\/\/fashiongold.lt\/et\/\",\"logo\":{\"@type\":\"ImageObject\",\"inLanguage\":\"et\",\"@id\":\"https:\/\/fashiongold.lt\/et\/#\/schema\/logo\/image\/\",\"url\":\"https:\/\/fashiongold.lt\/wp-content\/uploads\/2025\/04\/cropped-fashion_gold_logotipas2-scaled-1.png\",\"contentUrl\":\"https:\/\/fashiongold.lt\/wp-content\/uploads\/2025\/04\/cropped-fashion_gold_logotipas2-scaled-1.png\",\"width\":2559,\"height\":421,\"caption\":\"Topdiamonds Online\"},\"image\":{\"@id\":\"https:\/\/fashiongold.lt\/et\/#\/schema\/logo\/image\/\"}}]}<\/script>\n<!-- \/ Yoast SEO plugin. -->","yoast_head_json":{"title":"S\u00e4ravad hetked - valgest kullast k\u00f5rvar\u00f5ngad teemantidega","description":"Valgest kullast k\u00f5rvar\u00f5ngad s\u00e4ravate teemantidega ja inglise lukuga. Need k\u00f5rvar\u00f5ngad on mitte ainult elegantsed, vaid ka peened, otsekui t\u00e4hed. Sobivad suurep\u00e4raselt igap\u00e4evaseks kandmiseks ja erilisteks puhkudeks, lisades teie stiilile elegantsi ja erilisust.","robots":{"index":"index","follow":"follow","max-snippet":"max-snippet:-1","max-image-preview":"max-image-preview:large","max-video-preview":"max-video-preview:-1"},"canonical":"https:\/\/fashiongold.lt\/et\/papuosalas\/saravad-hetked-valgest-kullast-korvarongad-teemantidega-040-ct\/","og_locale":"et_EE","og_type":"article","og_title":"S\u00e4ravad hetked - valgest kullast k\u00f5rvar\u00f5ngad teemantidega","og_description":"Valgest kullast k\u00f5rvar\u00f5ngad s\u00e4ravate teemantidega ja inglise lukuga. Need k\u00f5rvar\u00f5ngad on mitte ainult elegantsed, vaid ka peened, otsekui t\u00e4hed. Sobivad suurep\u00e4raselt igap\u00e4evaseks kandmiseks ja erilisteks puhkudeks, lisades teie stiilile elegantsi ja erilisust.","og_url":"https:\/\/fashiongold.lt\/et\/papuosalas\/saravad-hetked-valgest-kullast-korvarongad-teemantidega-040-ct\/","og_site_name":"FashionGold.lt","og_image":[{"width":1000,"height":1000,"url":"https:\/\/fashiongold.lt\/wp-content\/uploads\/2025\/10\/5835-80a-Svytincios-Akimirkos-balto-aukso-auskarai-su-deimantais.webp","type":"image\/jpeg"}],"twitter_card":"summary_large_image","schema":{"@context":"https:\/\/schema.org","@graph":[{"@type":"WebPage","@id":"https:\/\/fashiongold.lt\/et\/papuosalas\/saravad-hetked-valgest-kullast-korvarongad-teemantidega-040-ct\/","url":"https:\/\/fashiongold.lt\/et\/papuosalas\/saravad-hetked-valgest-kullast-korvarongad-teemantidega-040-ct\/","name":"S\u00e4ravad hetked - valgest kullast k\u00f5rvar\u00f5ngad teemantidega","isPartOf":{"@id":"https:\/\/fashiongold.lt\/et\/#website"},"primaryImageOfPage":{"@id":"https:\/\/fashiongold.lt\/et\/papuosalas\/saravad-hetked-valgest-kullast-korvarongad-teemantidega-040-ct\/#primaryimage"},"image":{"@id":"https:\/\/fashiongold.lt\/et\/papuosalas\/saravad-hetked-valgest-kullast-korvarongad-teemantidega-040-ct\/#primaryimage"},"thumbnailUrl":"https:\/\/fashiongold.lt\/wp-content\/uploads\/2025\/10\/5835-80a-Svytincios-Akimirkos-balto-aukso-auskarai-su-deimantais.jpg","datePublished":"2025-10-09T23:07:40+00:00","description":"Valgest kullast k\u00f5rvar\u00f5ngad s\u00e4ravate teemantidega ja inglise lukuga. Need k\u00f5rvar\u00f5ngad on mitte ainult elegantsed, vaid ka peened, otsekui t\u00e4hed. Sobivad suurep\u00e4raselt igap\u00e4evaseks kandmiseks ja erilisteks puhkudeks, lisades teie stiilile elegantsi ja erilisust.","breadcrumb":{"@id":"https:\/\/fashiongold.lt\/et\/papuosalas\/saravad-hetked-valgest-kullast-korvarongad-teemantidega-040-ct\/#breadcrumb"},"inLanguage":"et","potentialAction":[{"@type":"ReadAction","target":["https:\/\/fashiongold.lt\/et\/papuosalas\/saravad-hetked-valgest-kullast-korvarongad-teemantidega-040-ct\/"]}]},{"@type":"ImageObject","inLanguage":"et","@id":"https:\/\/fashiongold.lt\/et\/papuosalas\/saravad-hetked-valgest-kullast-korvarongad-teemantidega-040-ct\/#primaryimage","url":"https:\/\/fashiongold.lt\/wp-content\/uploads\/2025\/10\/5835-80a-Svytincios-Akimirkos-balto-aukso-auskarai-su-deimantais.jpg","contentUrl":"https:\/\/fashiongold.lt\/wp-content\/uploads\/2025\/10\/5835-80a-Svytincios-Akimirkos-balto-aukso-auskarai-su-deimantais.jpg","width":1000,"height":1000},{"@type":"BreadcrumbList","@id":"https:\/\/fashiongold.lt\/et\/papuosalas\/saravad-hetked-valgest-kullast-korvarongad-teemantidega-040-ct\/#breadcrumb","itemListElement":[{"@type":"ListItem","position":1,"name":"Home","item":"https:\/\/fashiongold.lt\/et\/"},{"@type":"ListItem","position":2,"name":"Teemantide pood Fashiongold.lt","item":"https:\/\/fashiongold.lt\/shop-2\/"},{"@type":"ListItem","position":3,"name":"S\u00e4ravad hetked \u2013 valgest kullast k\u00f5rvar\u00f5ngad teemantidega (0,40 ct)"}]},{"@type":"WebSite","@id":"https:\/\/fashiongold.lt\/et\/#website","url":"https:\/\/fashiongold.lt\/et\/","name":"Fashion Gold","description":"Juvelyrikos namai","publisher":{"@id":"https:\/\/fashiongold.lt\/et\/#organization"},"potentialAction":[{"@type":"SearchAction","target":{"@type":"EntryPoint","urlTemplate":"https:\/\/fashiongold.lt\/et\/?s={search_term_string}"},"query-input":{"@type":"PropertyValueSpecification","valueRequired":true,"valueName":"search_term_string"}}],"inLanguage":"et"},{"@type":"Organization","@id":"https:\/\/fashiongold.lt\/et\/#organization","name":"Topdiamonds Online","url":"https:\/\/fashiongold.lt\/et\/","logo":{"@type":"ImageObject","inLanguage":"et","@id":"https:\/\/fashiongold.lt\/et\/#\/schema\/logo\/image\/","url":"https:\/\/fashiongold.lt\/wp-content\/uploads\/2025\/04\/cropped-fashion_gold_logotipas2-scaled-1.png","contentUrl":"https:\/\/fashiongold.lt\/wp-content\/uploads\/2025\/04\/cropped-fashion_gold_logotipas2-scaled-1.png","width":2559,"height":421,"caption":"Topdiamonds Online"},"image":{"@id":"https:\/\/fashiongold.lt\/et\/#\/schema\/logo\/image\/"}}]}},"_links":{"self":[{"href":"https:\/\/fashiongold.lt\/et\/wp-json\/wp\/v2\/product\/292742","targetHints":{"allow":["GET"]}}],"collection":[{"href":"https:\/\/fashiongold.lt\/et\/wp-json\/wp\/v2\/product"}],"about":[{"href":"https:\/\/fashiongold.lt\/et\/wp-json\/wp\/v2\/types\/product"}],"version-history":[{"count":0,"href":"https:\/\/fashiongold.lt\/et\/wp-json\/wp\/v2\/product\/292742\/revisions"}],"wp:featuredmedia":[{"embeddable":true,"href":"https:\/\/fashiongold.lt\/et\/wp-json\/wp\/v2\/media\/79929"}],"wp:attachment":[{"href":"https:\/\/fashiongold.lt\/et\/wp-json\/wp\/v2\/media?parent=292742"}],"wp:term":[{"taxonomy":"product_brand","embeddable":true,"href":"https:\/\/fashiongold.lt\/et\/wp-json\/wp\/v2\/product_brand?post=292742"},{"taxonomy":"product_cat","embeddable":true,"href":"https:\/\/fashiongold.lt\/et\/wp-json\/wp\/v2\/product_cat?post=292742"},{"taxonomy":"product_tag","embeddable":true,"href":"https:\/\/fashiongold.lt\/et\/wp-json\/wp\/v2\/product_tag?post=292742"}],"curies":[{"name":"wp","href":"https:\/\/api.w.org\/{rel}","templated":true}]}}