{"id":292797,"date":"2025-10-09T22:58:58","date_gmt":"2025-10-09T22:58:58","guid":{"rendered":"https:\/\/fashiongold.lt\/papuosalas\/looduse-rubiin-kollasest-kullast-sormus-rubiini-ja-teemantidega-017-ct\/"},"modified":"2025-10-09T22:58:58","modified_gmt":"2025-10-09T22:58:58","slug":"looduse-rubiin-kollasest-kullast-sormus-rubiini-ja-teemantidega-017-ct","status":"publish","type":"product","link":"https:\/\/fashiongold.lt\/et\/toode\/looduse-rubiin-kollasest-kullast-sormus-rubiini-ja-teemantidega-017-ct\/","title":{"rendered":"Looduse rubiin \u2013 kollasest kullast s\u00f5rmus rubiini ja teemantidega (0,17 ct)"},"content":{"rendered":"<p>Valmistatud Leedus. S\u00f5rmust saab valmistada tellimust\u00f6\u00f6na: punasest, kollasest ja valgest kullast.<\/p>\n<p>\u2022 Teemandi t\u00fc\u00fcp: Looduslik teemant<\/p>\n<p>\u2022 Teemandi kuju: \u00dcmar lihv (Round cut)<\/p>\n<p>\u2022 Teemandi omadused: 0,02 ct, v\u00e4rvus H-I(W-STW); puhtus SI<\/p>\n<p>\u2022 Keskne kivi: \u00dcmar rubiin 0,15 ct <\/p>\n<p>\u2022 Sertifikaat: Leedu Proovikoda (LPR) <\/p>\n<p>\u2022 S\u00f5rmuse kuld: 14K (proov 585) <\/p>\n<p>\u2022 S\u00f5rmuse v\u00e4rvus: kollane kuld   <\/p>\n<p>\u2022 S\u00f5rmuse kaal: umbes 2,00-2,40 g <\/p>\n<p>\u2022 S\u00f5rmuse m\u00f5\u00f5tmed: kroon umbes 3,35 mm, s\u00f5rmusev\u00f5ru &#8211; 1,75 mm<\/p>\n","protected":false},"excerpt":{"rendered":"<p>Loodusmotiividest \u00fcmbritsetud kollasest kullast s\u00f5rmus \u00fcmara rubiini ja unikaalse disainiga liblikakujuliste kulddetailidega, mis on m\u00f5lemalt poolt inkrusteeritud s\u00e4ravate teemantidega, on t\u00f5eline stiili ja elegantsi s\u00fcmbol. See erakordne s\u00f5rmus sobib mitte ainult igap\u00e4evaseks kandmiseks, vaid on suurep\u00e4rane valik ka kihluseks v\u00f5i erilisteks puhkudeks. V\u00e4ljendage selle s\u00f5rmusega oma stiili ainulaadsust ja paistke silma peene elegantsiga.<\/p>\n","protected":false},"featured_media":79368,"template":"","meta":{"site-sidebar-layout":"","site-content-layout":"","ast-site-content-layout":"","site-content-style":"","site-sidebar-style":"","ast-global-header-display":"","ast-banner-title-visibility":"","ast-main-header-display":"","ast-hfb-above-header-display":"","ast-hfb-below-header-display":"","ast-hfb-mobile-header-display":"","site-post-title":"","ast-breadcrumbs-content":"","ast-featured-img":"","footer-sml-layout":"","ast-disable-related-posts":"","theme-transparent-header-meta":"","adv-header-id-meta":"","stick-header-meta":"","header-above-stick-meta":"","header-main-stick-meta":"","header-below-stick-meta":"","astra-migrate-meta-layouts":"default","ast-page-background-enabled":"default","ast-page-background-meta":{"desktop":{"background-color":"var(--ast-global-color-4)","background-image":"","background-repeat":"repeat","background-position":"center center","background-size":"auto","background-attachment":"scroll","background-type":"","background-media":"","overlay-type":"","overlay-color":"","overlay-opacity":"","overlay-gradient":""},"tablet":{"background-color":"","background-image":"","background-repeat":"repeat","background-position":"center center","background-size":"auto","background-attachment":"scroll","background-type":"","background-media":"","overlay-type":"","overlay-color":"","overlay-opacity":"","overlay-gradient":""},"mobile":{"background-color":"","background-image":"","background-repeat":"repeat","background-position":"center center","background-size":"auto","background-attachment":"scroll","background-type":"","background-media":"","overlay-type":"","overlay-color":"","overlay-opacity":"","overlay-gradient":""}},"ast-content-background-meta":{"desktop":{"background-color":"var(--ast-global-color-5)","background-image":"","background-repeat":"repeat","background-position":"center center","background-size":"auto","background-attachment":"scroll","background-type":"","background-media":"","overlay-type":"","overlay-color":"","overlay-opacity":"","overlay-gradient":""},"tablet":{"background-color":"var(--ast-global-color-5)","background-image":"","background-repeat":"repeat","background-position":"center center","background-size":"auto","background-attachment":"scroll","background-type":"","background-media":"","overlay-type":"","overlay-color":"","overlay-opacity":"","overlay-gradient":""},"mobile":{"background-color":"var(--ast-global-color-5)","background-image":"","background-repeat":"repeat","background-position":"center center","background-size":"auto","background-attachment":"scroll","background-type":"","background-media":"","overlay-type":"","overlay-color":"","overlay-opacity":"","overlay-gradient":""}}},"product_brand":[],"product_cat":[3452,3055,3450,3574],"product_tag":[],"class_list":{"0":"post-292797","1":"product","2":"type-product","3":"status-publish","4":"has-post-thumbnail","6":"product_cat-punane-vaariskivi","7":"product_cat-punaste-vaariskividega-ehted","8":"product_cat-rubiin-rubiinidega-ehted","9":"product_cat-soodusmuuk","10":"desktop-align-center","11":"tablet-align-left","12":"mobile-align-left","13":"ast-product-gallery-layout-horizontal-slider","14":"ast-product-gallery-with-no-image","15":"ast-product-single-variable","16":"ast-product-tabs-layout-accordion","17":"ast-qv-on-image","19":"first","20":"instock","21":"taxable","22":"shipping-taxable","23":"purchasable","24":"product-type-variable"},"yoast_head":"<!-- This site is optimized with the Yoast SEO plugin v26.6 - https:\/\/yoast.com\/wordpress\/plugins\/seo\/ -->\n<title>Looduse rubiin - kollasest kullast s\u00f5rmus rubiini ja teemantidega<\/title>\n<meta name=\"description\" content=\"Kulds\u00f5rmus rubiiniga ja ainulaadse disainiga liblikakujuliste kulddetailidega, mis on m\u00f5lemalt poolt kaunistatud teemantidega. Sobib kihlumiseks ja erilisteks puhkudeks.\" \/>\n<meta name=\"robots\" content=\"index, follow, max-snippet:-1, max-image-preview:large, max-video-preview:-1\" \/>\n<link rel=\"canonical\" href=\"https:\/\/fashiongold.lt\/et\/toode\/looduse-rubiin-kollasest-kullast-sormus-rubiini-ja-teemantidega-017-ct\/\" \/>\n<meta property=\"og:locale\" content=\"et_EE\" \/>\n<meta property=\"og:type\" content=\"article\" \/>\n<meta property=\"og:title\" content=\"Looduse rubiin - kollasest kullast s\u00f5rmus rubiini ja teemantidega\" \/>\n<meta property=\"og:description\" content=\"Kulds\u00f5rmus rubiiniga ja ainulaadse disainiga liblikakujuliste kulddetailidega, mis on m\u00f5lemalt poolt kaunistatud teemantidega. Sobib kihlumiseks ja erilisteks puhkudeks.\" \/>\n<meta property=\"og:url\" content=\"https:\/\/fashiongold.lt\/et\/toode\/looduse-rubiin-kollasest-kullast-sormus-rubiini-ja-teemantidega-017-ct\/\" \/>\n<meta property=\"og:site_name\" content=\"FashionGold.lt\" \/>\n<meta property=\"og:image\" content=\"https:\/\/fashiongold.lt\/wp-content\/uploads\/2025\/10\/5713-03d-Gamtos-rubinas-geltona-aukso-ziedas-su-rubinu-ir-deimantais.webp\" \/>\n\t<meta property=\"og:image:width\" content=\"1000\" \/>\n\t<meta property=\"og:image:height\" content=\"1000\" \/>\n\t<meta property=\"og:image:type\" content=\"image\/jpeg\" \/>\n<meta name=\"twitter:card\" content=\"summary_large_image\" \/>\n<script type=\"application\/ld+json\" class=\"yoast-schema-graph\">{\"@context\":\"https:\/\/schema.org\",\"@graph\":[{\"@type\":\"WebPage\",\"@id\":\"https:\/\/fashiongold.lt\/et\/toode\/looduse-rubiin-kollasest-kullast-sormus-rubiini-ja-teemantidega-017-ct\/\",\"url\":\"https:\/\/fashiongold.lt\/et\/toode\/looduse-rubiin-kollasest-kullast-sormus-rubiini-ja-teemantidega-017-ct\/\",\"name\":\"Looduse rubiin - kollasest kullast s\u00f5rmus rubiini ja teemantidega\",\"isPartOf\":{\"@id\":\"https:\/\/fashiongold.lt\/et\/#website\"},\"primaryImageOfPage\":{\"@id\":\"https:\/\/fashiongold.lt\/et\/toode\/looduse-rubiin-kollasest-kullast-sormus-rubiini-ja-teemantidega-017-ct\/#primaryimage\"},\"image\":{\"@id\":\"https:\/\/fashiongold.lt\/et\/toode\/looduse-rubiin-kollasest-kullast-sormus-rubiini-ja-teemantidega-017-ct\/#primaryimage\"},\"thumbnailUrl\":\"https:\/\/fashiongold.lt\/wp-content\/uploads\/2025\/10\/5713-03d-Gamtos-rubinas-geltona-aukso-ziedas-su-rubinu-ir-deimantais.jpg\",\"datePublished\":\"2025-10-09T22:58:58+00:00\",\"description\":\"Kulds\u00f5rmus rubiiniga ja ainulaadse disainiga liblikakujuliste kulddetailidega, mis on m\u00f5lemalt poolt kaunistatud teemantidega. Sobib kihlumiseks ja erilisteks puhkudeks.\",\"breadcrumb\":{\"@id\":\"https:\/\/fashiongold.lt\/et\/toode\/looduse-rubiin-kollasest-kullast-sormus-rubiini-ja-teemantidega-017-ct\/#breadcrumb\"},\"inLanguage\":\"et\",\"potentialAction\":[{\"@type\":\"ReadAction\",\"target\":[\"https:\/\/fashiongold.lt\/et\/toode\/looduse-rubiin-kollasest-kullast-sormus-rubiini-ja-teemantidega-017-ct\/\"]}]},{\"@type\":\"ImageObject\",\"inLanguage\":\"et\",\"@id\":\"https:\/\/fashiongold.lt\/et\/toode\/looduse-rubiin-kollasest-kullast-sormus-rubiini-ja-teemantidega-017-ct\/#primaryimage\",\"url\":\"https:\/\/fashiongold.lt\/wp-content\/uploads\/2025\/10\/5713-03d-Gamtos-rubinas-geltona-aukso-ziedas-su-rubinu-ir-deimantais.jpg\",\"contentUrl\":\"https:\/\/fashiongold.lt\/wp-content\/uploads\/2025\/10\/5713-03d-Gamtos-rubinas-geltona-aukso-ziedas-su-rubinu-ir-deimantais.jpg\",\"width\":1000,\"height\":1000},{\"@type\":\"BreadcrumbList\",\"@id\":\"https:\/\/fashiongold.lt\/et\/toode\/looduse-rubiin-kollasest-kullast-sormus-rubiini-ja-teemantidega-017-ct\/#breadcrumb\",\"itemListElement\":[{\"@type\":\"ListItem\",\"position\":1,\"name\":\"Home\",\"item\":\"https:\/\/fashiongold.lt\/et\/\"},{\"@type\":\"ListItem\",\"position\":2,\"name\":\"Teemantide pood Fashiongold.lt\",\"item\":\"https:\/\/fashiongold.lt\/shop-2\/\"},{\"@type\":\"ListItem\",\"position\":3,\"name\":\"Looduse rubiin \u2013 kollasest kullast s\u00f5rmus rubiini ja teemantidega (0,17 ct)\"}]},{\"@type\":\"WebSite\",\"@id\":\"https:\/\/fashiongold.lt\/et\/#website\",\"url\":\"https:\/\/fashiongold.lt\/et\/\",\"name\":\"Fashion Gold\",\"description\":\"Ehtemaja\",\"publisher\":{\"@id\":\"https:\/\/fashiongold.lt\/et\/#organization\"},\"potentialAction\":[{\"@type\":\"SearchAction\",\"target\":{\"@type\":\"EntryPoint\",\"urlTemplate\":\"https:\/\/fashiongold.lt\/et\/?s={search_term_string}\"},\"query-input\":{\"@type\":\"PropertyValueSpecification\",\"valueRequired\":true,\"valueName\":\"search_term_string\"}}],\"inLanguage\":\"et\"},{\"@type\":\"Organization\",\"@id\":\"https:\/\/fashiongold.lt\/et\/#organization\",\"name\":\"Topdiamonds Online\",\"url\":\"https:\/\/fashiongold.lt\/et\/\",\"logo\":{\"@type\":\"ImageObject\",\"inLanguage\":\"et\",\"@id\":\"https:\/\/fashiongold.lt\/et\/#\/schema\/logo\/image\/\",\"url\":\"https:\/\/fashiongold.lt\/wp-content\/uploads\/2025\/04\/cropped-fashion_gold_logotipas2-scaled-1.png\",\"contentUrl\":\"https:\/\/fashiongold.lt\/wp-content\/uploads\/2025\/04\/cropped-fashion_gold_logotipas2-scaled-1.png\",\"width\":2559,\"height\":421,\"caption\":\"Topdiamonds Online\"},\"image\":{\"@id\":\"https:\/\/fashiongold.lt\/et\/#\/schema\/logo\/image\/\"}}]}<\/script>\n<!-- \/ Yoast SEO plugin. -->","yoast_head_json":{"title":"Looduse rubiin - kollasest kullast s\u00f5rmus rubiini ja teemantidega","description":"Kulds\u00f5rmus rubiiniga ja ainulaadse disainiga liblikakujuliste kulddetailidega, mis on m\u00f5lemalt poolt kaunistatud teemantidega. Sobib kihlumiseks ja erilisteks puhkudeks.","robots":{"index":"index","follow":"follow","max-snippet":"max-snippet:-1","max-image-preview":"max-image-preview:large","max-video-preview":"max-video-preview:-1"},"canonical":"https:\/\/fashiongold.lt\/et\/toode\/looduse-rubiin-kollasest-kullast-sormus-rubiini-ja-teemantidega-017-ct\/","og_locale":"et_EE","og_type":"article","og_title":"Looduse rubiin - kollasest kullast s\u00f5rmus rubiini ja teemantidega","og_description":"Kulds\u00f5rmus rubiiniga ja ainulaadse disainiga liblikakujuliste kulddetailidega, mis on m\u00f5lemalt poolt kaunistatud teemantidega. Sobib kihlumiseks ja erilisteks puhkudeks.","og_url":"https:\/\/fashiongold.lt\/et\/toode\/looduse-rubiin-kollasest-kullast-sormus-rubiini-ja-teemantidega-017-ct\/","og_site_name":"FashionGold.lt","og_image":[{"width":1000,"height":1000,"url":"https:\/\/fashiongold.lt\/wp-content\/uploads\/2025\/10\/5713-03d-Gamtos-rubinas-geltona-aukso-ziedas-su-rubinu-ir-deimantais.webp","type":"image\/jpeg"}],"twitter_card":"summary_large_image","schema":{"@context":"https:\/\/schema.org","@graph":[{"@type":"WebPage","@id":"https:\/\/fashiongold.lt\/et\/toode\/looduse-rubiin-kollasest-kullast-sormus-rubiini-ja-teemantidega-017-ct\/","url":"https:\/\/fashiongold.lt\/et\/toode\/looduse-rubiin-kollasest-kullast-sormus-rubiini-ja-teemantidega-017-ct\/","name":"Looduse rubiin - kollasest kullast s\u00f5rmus rubiini ja teemantidega","isPartOf":{"@id":"https:\/\/fashiongold.lt\/et\/#website"},"primaryImageOfPage":{"@id":"https:\/\/fashiongold.lt\/et\/toode\/looduse-rubiin-kollasest-kullast-sormus-rubiini-ja-teemantidega-017-ct\/#primaryimage"},"image":{"@id":"https:\/\/fashiongold.lt\/et\/toode\/looduse-rubiin-kollasest-kullast-sormus-rubiini-ja-teemantidega-017-ct\/#primaryimage"},"thumbnailUrl":"https:\/\/fashiongold.lt\/wp-content\/uploads\/2025\/10\/5713-03d-Gamtos-rubinas-geltona-aukso-ziedas-su-rubinu-ir-deimantais.jpg","datePublished":"2025-10-09T22:58:58+00:00","description":"Kulds\u00f5rmus rubiiniga ja ainulaadse disainiga liblikakujuliste kulddetailidega, mis on m\u00f5lemalt poolt kaunistatud teemantidega. Sobib kihlumiseks ja erilisteks puhkudeks.","breadcrumb":{"@id":"https:\/\/fashiongold.lt\/et\/toode\/looduse-rubiin-kollasest-kullast-sormus-rubiini-ja-teemantidega-017-ct\/#breadcrumb"},"inLanguage":"et","potentialAction":[{"@type":"ReadAction","target":["https:\/\/fashiongold.lt\/et\/toode\/looduse-rubiin-kollasest-kullast-sormus-rubiini-ja-teemantidega-017-ct\/"]}]},{"@type":"ImageObject","inLanguage":"et","@id":"https:\/\/fashiongold.lt\/et\/toode\/looduse-rubiin-kollasest-kullast-sormus-rubiini-ja-teemantidega-017-ct\/#primaryimage","url":"https:\/\/fashiongold.lt\/wp-content\/uploads\/2025\/10\/5713-03d-Gamtos-rubinas-geltona-aukso-ziedas-su-rubinu-ir-deimantais.jpg","contentUrl":"https:\/\/fashiongold.lt\/wp-content\/uploads\/2025\/10\/5713-03d-Gamtos-rubinas-geltona-aukso-ziedas-su-rubinu-ir-deimantais.jpg","width":1000,"height":1000},{"@type":"BreadcrumbList","@id":"https:\/\/fashiongold.lt\/et\/toode\/looduse-rubiin-kollasest-kullast-sormus-rubiini-ja-teemantidega-017-ct\/#breadcrumb","itemListElement":[{"@type":"ListItem","position":1,"name":"Home","item":"https:\/\/fashiongold.lt\/et\/"},{"@type":"ListItem","position":2,"name":"Teemantide pood Fashiongold.lt","item":"https:\/\/fashiongold.lt\/shop-2\/"},{"@type":"ListItem","position":3,"name":"Looduse rubiin \u2013 kollasest kullast s\u00f5rmus rubiini ja teemantidega (0,17 ct)"}]},{"@type":"WebSite","@id":"https:\/\/fashiongold.lt\/et\/#website","url":"https:\/\/fashiongold.lt\/et\/","name":"Fashion Gold","description":"Ehtemaja","publisher":{"@id":"https:\/\/fashiongold.lt\/et\/#organization"},"potentialAction":[{"@type":"SearchAction","target":{"@type":"EntryPoint","urlTemplate":"https:\/\/fashiongold.lt\/et\/?s={search_term_string}"},"query-input":{"@type":"PropertyValueSpecification","valueRequired":true,"valueName":"search_term_string"}}],"inLanguage":"et"},{"@type":"Organization","@id":"https:\/\/fashiongold.lt\/et\/#organization","name":"Topdiamonds Online","url":"https:\/\/fashiongold.lt\/et\/","logo":{"@type":"ImageObject","inLanguage":"et","@id":"https:\/\/fashiongold.lt\/et\/#\/schema\/logo\/image\/","url":"https:\/\/fashiongold.lt\/wp-content\/uploads\/2025\/04\/cropped-fashion_gold_logotipas2-scaled-1.png","contentUrl":"https:\/\/fashiongold.lt\/wp-content\/uploads\/2025\/04\/cropped-fashion_gold_logotipas2-scaled-1.png","width":2559,"height":421,"caption":"Topdiamonds Online"},"image":{"@id":"https:\/\/fashiongold.lt\/et\/#\/schema\/logo\/image\/"}}]}},"_links":{"self":[{"href":"https:\/\/fashiongold.lt\/et\/wp-json\/wp\/v2\/product\/292797","targetHints":{"allow":["GET"]}}],"collection":[{"href":"https:\/\/fashiongold.lt\/et\/wp-json\/wp\/v2\/product"}],"about":[{"href":"https:\/\/fashiongold.lt\/et\/wp-json\/wp\/v2\/types\/product"}],"version-history":[{"count":0,"href":"https:\/\/fashiongold.lt\/et\/wp-json\/wp\/v2\/product\/292797\/revisions"}],"wp:featuredmedia":[{"embeddable":true,"href":"https:\/\/fashiongold.lt\/et\/wp-json\/wp\/v2\/media\/79368"}],"wp:attachment":[{"href":"https:\/\/fashiongold.lt\/et\/wp-json\/wp\/v2\/media?parent=292797"}],"wp:term":[{"taxonomy":"product_brand","embeddable":true,"href":"https:\/\/fashiongold.lt\/et\/wp-json\/wp\/v2\/product_brand?post=292797"},{"taxonomy":"product_cat","embeddable":true,"href":"https:\/\/fashiongold.lt\/et\/wp-json\/wp\/v2\/product_cat?post=292797"},{"taxonomy":"product_tag","embeddable":true,"href":"https:\/\/fashiongold.lt\/et\/wp-json\/wp\/v2\/product_tag?post=292797"}],"curies":[{"name":"wp","href":"https:\/\/api.w.org\/{rel}","templated":true}]}}