{"id":292907,"date":"2025-10-09T22:17:29","date_gmt":"2025-10-09T22:17:29","guid":{"rendered":"https:\/\/fashiongold.lt\/papuosalas\/sarav-modernsus-kollasest-kullast-sormus-teemantidega-050-ct\/"},"modified":"2025-10-09T22:17:29","modified_gmt":"2025-10-09T22:17:29","slug":"sarav-modernsus-kollasest-kullast-sormus-teemantidega-050-ct","status":"publish","type":"product","link":"https:\/\/fashiongold.lt\/et\/toode\/sarav-modernsus-kollasest-kullast-sormus-teemantidega-050-ct\/","title":{"rendered":"S\u00e4rav modernsus \u2013 kollasest kullast s\u00f5rmus teemantidega (0,50 ct)"},"content":{"rendered":"<p>Valmistatud Leedus. S\u00f5rmust saab valmistada eritellimusel: punasest, kollasest ja valgest kullast.<\/p>\n<p>\u2022 Teemandi t\u00fc\u00fcp: Looduslik teemant<\/p>\n<p>\u2022 Teemandi kuju: \u00dcmar lihv (Round cut)<\/p>\n<p>\u2022 Teemandi omadused: 0,50 ct (1&#215;0,30 ct, 0,20 ct), v\u00e4rvus H-I (w-STW); puhtus SI-I1<\/p>\n<p>\u2022 Sertifikaat: Leedu Proovikoda (LPR)<\/p>\n<p>\u2022 S\u00f5rmuse kuld: 14K (proov 585)<\/p>\n<p>\u2022 S\u00f5rmuse v\u00e4rvus: kollane kuld<\/p>\n<p>\u2022 S\u00f5rmuse kaal: umbes 2,80-3,20 g<\/p>\n<p>\u2022 S\u00f5rmuse m\u00f5\u00f5tmed: krooni suurus &#8211; 10 mm, v\u00f5ru laius &#8211; 2,30 mm<\/p>\n","protected":false},"excerpt":{"rendered":"<p>Eksklusiivne kollasest kullast halo-disainiga s\u00f5rmus muljetavaldava krooniga, mis on luksuslikult teemantidega kaunistatud. 0,30 ct peateemanti \u00fcmbritsevad s\u00e4ravad v\u00e4ikesed teemandid, mis helgivad lummavalt ruudukujulises kroonis. Moodne s\u00f5rmusev\u00f5ru t\u00e4iendab selle s\u00f5rmuse disaini. See s\u00f5rmus ei sobi mitte ainult ideaalselt kihluseks ja erilisteks s\u00fcndmusteks, vaid peegeldab ka teie unikaalset maitset ja stiili. Alustage oma luksuslikku ja elegantset hetke selle erakordse s\u00f5rmusega.<\/p>\n","protected":false},"featured_media":77041,"template":"","meta":{"site-sidebar-layout":"","site-content-layout":"","ast-site-content-layout":"","site-content-style":"","site-sidebar-style":"","ast-global-header-display":"","ast-banner-title-visibility":"","ast-main-header-display":"","ast-hfb-above-header-display":"","ast-hfb-below-header-display":"","ast-hfb-mobile-header-display":"","site-post-title":"","ast-breadcrumbs-content":"","ast-featured-img":"","footer-sml-layout":"","ast-disable-related-posts":"","theme-transparent-header-meta":"","adv-header-id-meta":"","stick-header-meta":"","header-above-stick-meta":"","header-main-stick-meta":"","header-below-stick-meta":"","astra-migrate-meta-layouts":"default","ast-page-background-enabled":"default","ast-page-background-meta":{"desktop":{"background-color":"var(--ast-global-color-4)","background-image":"","background-repeat":"repeat","background-position":"center center","background-size":"auto","background-attachment":"scroll","background-type":"","background-media":"","overlay-type":"","overlay-color":"","overlay-opacity":"","overlay-gradient":""},"tablet":{"background-color":"","background-image":"","background-repeat":"repeat","background-position":"center center","background-size":"auto","background-attachment":"scroll","background-type":"","background-media":"","overlay-type":"","overlay-color":"","overlay-opacity":"","overlay-gradient":""},"mobile":{"background-color":"","background-image":"","background-repeat":"repeat","background-position":"center center","background-size":"auto","background-attachment":"scroll","background-type":"","background-media":"","overlay-type":"","overlay-color":"","overlay-opacity":"","overlay-gradient":""}},"ast-content-background-meta":{"desktop":{"background-color":"var(--ast-global-color-5)","background-image":"","background-repeat":"repeat","background-position":"center center","background-size":"auto","background-attachment":"scroll","background-type":"","background-media":"","overlay-type":"","overlay-color":"","overlay-opacity":"","overlay-gradient":""},"tablet":{"background-color":"var(--ast-global-color-5)","background-image":"","background-repeat":"repeat","background-position":"center center","background-size":"auto","background-attachment":"scroll","background-type":"","background-media":"","overlay-type":"","overlay-color":"","overlay-opacity":"","overlay-gradient":""},"mobile":{"background-color":"var(--ast-global-color-5)","background-image":"","background-repeat":"repeat","background-position":"center center","background-size":"auto","background-attachment":"scroll","background-type":"","background-media":"","overlay-type":"","overlay-color":"","overlay-opacity":"","overlay-gradient":""}}},"product_brand":[],"product_cat":[3058,2830,2991,2826,3422,2829,2823,2828,2822,2824,3392,2821,2831,3425,2845,3466],"product_tag":[],"class_list":{"0":"post-292907","1":"product","2":"type-product","3":"status-publish","4":"has-post-thumbnail","6":"product_cat-ehted","7":"product_cat-emadepaeva-kingitused","8":"product_cat-halo-kujuga-kihlasormused","9":"product_cat-joulukingid","10":"product_cat-kihlasormused","11":"product_cat-kingitused-erilisteks-puhkudeks","12":"product_cat-kingitused-lapse-sunni-puhul","13":"product_cat-kingitused-lopetamise-puhul","14":"product_cat-kingitused-naistele","15":"product_cat-kingitused-pulma-aastapaeva-puhul","16":"product_cat-kingitused-pulmade-puhul","17":"product_cat-kingitused-sunnipaevaks","18":"product_cat-kollasest-kullast-ehted","19":"product_cat-kollasest-kullast-kihlasormused","20":"product_cat-sobrapaeva-kingitused","21":"product_cat-teemantsormused","22":"desktop-align-center","23":"tablet-align-left","24":"mobile-align-left","25":"ast-product-gallery-layout-horizontal-slider","26":"ast-product-gallery-with-no-image","27":"ast-product-single-variable","28":"ast-product-tabs-layout-accordion","29":"ast-qv-on-image","31":"first","32":"instock","33":"taxable","34":"shipping-taxable","35":"purchasable","36":"product-type-variable"},"yoast_head":"<!-- This site is optimized with the Yoast SEO plugin v26.6 - https:\/\/yoast.com\/wordpress\/plugins\/seo\/ -->\n<title>S\u00e4rav modernsus \u2013 kollasest kullast s\u00f5rmus 0,50 ct teemantidega<\/title>\n<meta name=\"description\" content=\"0,30 ct teemant on \u00fcmbritsetud s\u00e4ravate v\u00e4ikeste teemantidega, mis s\u00e4ravad lummavalt ruudukujulises pesas. Sobib kihluseks ja erilisteks puhkudeks.\" \/>\n<meta name=\"robots\" content=\"index, follow, max-snippet:-1, max-image-preview:large, max-video-preview:-1\" \/>\n<link rel=\"canonical\" href=\"https:\/\/fashiongold.lt\/et\/toode\/sarav-modernsus-kollasest-kullast-sormus-teemantidega-050-ct\/\" \/>\n<meta property=\"og:locale\" content=\"et_EE\" \/>\n<meta property=\"og:type\" content=\"article\" \/>\n<meta property=\"og:title\" content=\"S\u00e4rav modernsus \u2013 kollasest kullast s\u00f5rmus 0,50 ct teemantidega\" \/>\n<meta property=\"og:description\" content=\"0,30 ct teemant on \u00fcmbritsetud s\u00e4ravate v\u00e4ikeste teemantidega, mis s\u00e4ravad lummavalt ruudukujulises pesas. Sobib kihluseks ja erilisteks puhkudeks.\" \/>\n<meta property=\"og:url\" content=\"https:\/\/fashiongold.lt\/et\/toode\/sarav-modernsus-kollasest-kullast-sormus-teemantidega-050-ct\/\" \/>\n<meta property=\"og:site_name\" content=\"FashionGold.lt\" \/>\n<meta property=\"og:image\" content=\"https:\/\/fashiongold.lt\/wp-content\/uploads\/2025\/10\/5387-a8f-Svytintis-modernumas-geltono-aukso-ziedas-su-deimantais.jpg\" \/>\n\t<meta property=\"og:image:width\" content=\"1000\" \/>\n\t<meta property=\"og:image:height\" content=\"1000\" \/>\n\t<meta property=\"og:image:type\" content=\"image\/jpeg\" \/>\n<meta name=\"twitter:card\" content=\"summary_large_image\" \/>\n<script type=\"application\/ld+json\" class=\"yoast-schema-graph\">{\"@context\":\"https:\/\/schema.org\",\"@graph\":[{\"@type\":\"WebPage\",\"@id\":\"https:\/\/fashiongold.lt\/et\/toode\/sarav-modernsus-kollasest-kullast-sormus-teemantidega-050-ct\/\",\"url\":\"https:\/\/fashiongold.lt\/et\/toode\/sarav-modernsus-kollasest-kullast-sormus-teemantidega-050-ct\/\",\"name\":\"S\u00e4rav modernsus \u2013 kollasest kullast s\u00f5rmus 0,50 ct teemantidega\",\"isPartOf\":{\"@id\":\"https:\/\/fashiongold.lt\/et\/#website\"},\"primaryImageOfPage\":{\"@id\":\"https:\/\/fashiongold.lt\/et\/toode\/sarav-modernsus-kollasest-kullast-sormus-teemantidega-050-ct\/#primaryimage\"},\"image\":{\"@id\":\"https:\/\/fashiongold.lt\/et\/toode\/sarav-modernsus-kollasest-kullast-sormus-teemantidega-050-ct\/#primaryimage\"},\"thumbnailUrl\":\"https:\/\/fashiongold.lt\/wp-content\/uploads\/2025\/10\/5387-a8f-Svytintis-modernumas-geltono-aukso-ziedas-su-deimantais.jpg\",\"datePublished\":\"2025-10-09T22:17:29+00:00\",\"description\":\"0,30 ct teemant on \u00fcmbritsetud s\u00e4ravate v\u00e4ikeste teemantidega, mis s\u00e4ravad lummavalt ruudukujulises pesas. Sobib kihluseks ja erilisteks puhkudeks.\",\"breadcrumb\":{\"@id\":\"https:\/\/fashiongold.lt\/et\/toode\/sarav-modernsus-kollasest-kullast-sormus-teemantidega-050-ct\/#breadcrumb\"},\"inLanguage\":\"et\",\"potentialAction\":[{\"@type\":\"ReadAction\",\"target\":[\"https:\/\/fashiongold.lt\/et\/toode\/sarav-modernsus-kollasest-kullast-sormus-teemantidega-050-ct\/\"]}]},{\"@type\":\"ImageObject\",\"inLanguage\":\"et\",\"@id\":\"https:\/\/fashiongold.lt\/et\/toode\/sarav-modernsus-kollasest-kullast-sormus-teemantidega-050-ct\/#primaryimage\",\"url\":\"https:\/\/fashiongold.lt\/wp-content\/uploads\/2025\/10\/5387-a8f-Svytintis-modernumas-geltono-aukso-ziedas-su-deimantais.jpg\",\"contentUrl\":\"https:\/\/fashiongold.lt\/wp-content\/uploads\/2025\/10\/5387-a8f-Svytintis-modernumas-geltono-aukso-ziedas-su-deimantais.jpg\",\"width\":1000,\"height\":1000},{\"@type\":\"BreadcrumbList\",\"@id\":\"https:\/\/fashiongold.lt\/et\/toode\/sarav-modernsus-kollasest-kullast-sormus-teemantidega-050-ct\/#breadcrumb\",\"itemListElement\":[{\"@type\":\"ListItem\",\"position\":1,\"name\":\"Home\",\"item\":\"https:\/\/fashiongold.lt\/et\/\"},{\"@type\":\"ListItem\",\"position\":2,\"name\":\"Teemantide pood Fashiongold.lt\",\"item\":\"https:\/\/fashiongold.lt\/shop-2\/\"},{\"@type\":\"ListItem\",\"position\":3,\"name\":\"S\u00e4rav modernsus \u2013 kollasest kullast s\u00f5rmus teemantidega (0,50 ct)\"}]},{\"@type\":\"WebSite\",\"@id\":\"https:\/\/fashiongold.lt\/et\/#website\",\"url\":\"https:\/\/fashiongold.lt\/et\/\",\"name\":\"Fashion Gold\",\"description\":\"Ehtemaja\",\"publisher\":{\"@id\":\"https:\/\/fashiongold.lt\/et\/#organization\"},\"potentialAction\":[{\"@type\":\"SearchAction\",\"target\":{\"@type\":\"EntryPoint\",\"urlTemplate\":\"https:\/\/fashiongold.lt\/et\/?s={search_term_string}\"},\"query-input\":{\"@type\":\"PropertyValueSpecification\",\"valueRequired\":true,\"valueName\":\"search_term_string\"}}],\"inLanguage\":\"et\"},{\"@type\":\"Organization\",\"@id\":\"https:\/\/fashiongold.lt\/et\/#organization\",\"name\":\"Topdiamonds Online\",\"url\":\"https:\/\/fashiongold.lt\/et\/\",\"logo\":{\"@type\":\"ImageObject\",\"inLanguage\":\"et\",\"@id\":\"https:\/\/fashiongold.lt\/et\/#\/schema\/logo\/image\/\",\"url\":\"https:\/\/fashiongold.lt\/wp-content\/uploads\/2025\/04\/cropped-fashion_gold_logotipas2-scaled-1.png\",\"contentUrl\":\"https:\/\/fashiongold.lt\/wp-content\/uploads\/2025\/04\/cropped-fashion_gold_logotipas2-scaled-1.png\",\"width\":2559,\"height\":421,\"caption\":\"Topdiamonds Online\"},\"image\":{\"@id\":\"https:\/\/fashiongold.lt\/et\/#\/schema\/logo\/image\/\"}}]}<\/script>\n<!-- \/ Yoast SEO plugin. -->","yoast_head_json":{"title":"S\u00e4rav modernsus \u2013 kollasest kullast s\u00f5rmus 0,50 ct teemantidega","description":"0,30 ct teemant on \u00fcmbritsetud s\u00e4ravate v\u00e4ikeste teemantidega, mis s\u00e4ravad lummavalt ruudukujulises pesas. Sobib kihluseks ja erilisteks puhkudeks.","robots":{"index":"index","follow":"follow","max-snippet":"max-snippet:-1","max-image-preview":"max-image-preview:large","max-video-preview":"max-video-preview:-1"},"canonical":"https:\/\/fashiongold.lt\/et\/toode\/sarav-modernsus-kollasest-kullast-sormus-teemantidega-050-ct\/","og_locale":"et_EE","og_type":"article","og_title":"S\u00e4rav modernsus \u2013 kollasest kullast s\u00f5rmus 0,50 ct teemantidega","og_description":"0,30 ct teemant on \u00fcmbritsetud s\u00e4ravate v\u00e4ikeste teemantidega, mis s\u00e4ravad lummavalt ruudukujulises pesas. Sobib kihluseks ja erilisteks puhkudeks.","og_url":"https:\/\/fashiongold.lt\/et\/toode\/sarav-modernsus-kollasest-kullast-sormus-teemantidega-050-ct\/","og_site_name":"FashionGold.lt","og_image":[{"width":1000,"height":1000,"url":"https:\/\/fashiongold.lt\/wp-content\/uploads\/2025\/10\/5387-a8f-Svytintis-modernumas-geltono-aukso-ziedas-su-deimantais.jpg","type":"image\/jpeg"}],"twitter_card":"summary_large_image","schema":{"@context":"https:\/\/schema.org","@graph":[{"@type":"WebPage","@id":"https:\/\/fashiongold.lt\/et\/toode\/sarav-modernsus-kollasest-kullast-sormus-teemantidega-050-ct\/","url":"https:\/\/fashiongold.lt\/et\/toode\/sarav-modernsus-kollasest-kullast-sormus-teemantidega-050-ct\/","name":"S\u00e4rav modernsus \u2013 kollasest kullast s\u00f5rmus 0,50 ct teemantidega","isPartOf":{"@id":"https:\/\/fashiongold.lt\/et\/#website"},"primaryImageOfPage":{"@id":"https:\/\/fashiongold.lt\/et\/toode\/sarav-modernsus-kollasest-kullast-sormus-teemantidega-050-ct\/#primaryimage"},"image":{"@id":"https:\/\/fashiongold.lt\/et\/toode\/sarav-modernsus-kollasest-kullast-sormus-teemantidega-050-ct\/#primaryimage"},"thumbnailUrl":"https:\/\/fashiongold.lt\/wp-content\/uploads\/2025\/10\/5387-a8f-Svytintis-modernumas-geltono-aukso-ziedas-su-deimantais.jpg","datePublished":"2025-10-09T22:17:29+00:00","description":"0,30 ct teemant on \u00fcmbritsetud s\u00e4ravate v\u00e4ikeste teemantidega, mis s\u00e4ravad lummavalt ruudukujulises pesas. Sobib kihluseks ja erilisteks puhkudeks.","breadcrumb":{"@id":"https:\/\/fashiongold.lt\/et\/toode\/sarav-modernsus-kollasest-kullast-sormus-teemantidega-050-ct\/#breadcrumb"},"inLanguage":"et","potentialAction":[{"@type":"ReadAction","target":["https:\/\/fashiongold.lt\/et\/toode\/sarav-modernsus-kollasest-kullast-sormus-teemantidega-050-ct\/"]}]},{"@type":"ImageObject","inLanguage":"et","@id":"https:\/\/fashiongold.lt\/et\/toode\/sarav-modernsus-kollasest-kullast-sormus-teemantidega-050-ct\/#primaryimage","url":"https:\/\/fashiongold.lt\/wp-content\/uploads\/2025\/10\/5387-a8f-Svytintis-modernumas-geltono-aukso-ziedas-su-deimantais.jpg","contentUrl":"https:\/\/fashiongold.lt\/wp-content\/uploads\/2025\/10\/5387-a8f-Svytintis-modernumas-geltono-aukso-ziedas-su-deimantais.jpg","width":1000,"height":1000},{"@type":"BreadcrumbList","@id":"https:\/\/fashiongold.lt\/et\/toode\/sarav-modernsus-kollasest-kullast-sormus-teemantidega-050-ct\/#breadcrumb","itemListElement":[{"@type":"ListItem","position":1,"name":"Home","item":"https:\/\/fashiongold.lt\/et\/"},{"@type":"ListItem","position":2,"name":"Teemantide pood Fashiongold.lt","item":"https:\/\/fashiongold.lt\/shop-2\/"},{"@type":"ListItem","position":3,"name":"S\u00e4rav modernsus \u2013 kollasest kullast s\u00f5rmus teemantidega (0,50 ct)"}]},{"@type":"WebSite","@id":"https:\/\/fashiongold.lt\/et\/#website","url":"https:\/\/fashiongold.lt\/et\/","name":"Fashion Gold","description":"Ehtemaja","publisher":{"@id":"https:\/\/fashiongold.lt\/et\/#organization"},"potentialAction":[{"@type":"SearchAction","target":{"@type":"EntryPoint","urlTemplate":"https:\/\/fashiongold.lt\/et\/?s={search_term_string}"},"query-input":{"@type":"PropertyValueSpecification","valueRequired":true,"valueName":"search_term_string"}}],"inLanguage":"et"},{"@type":"Organization","@id":"https:\/\/fashiongold.lt\/et\/#organization","name":"Topdiamonds Online","url":"https:\/\/fashiongold.lt\/et\/","logo":{"@type":"ImageObject","inLanguage":"et","@id":"https:\/\/fashiongold.lt\/et\/#\/schema\/logo\/image\/","url":"https:\/\/fashiongold.lt\/wp-content\/uploads\/2025\/04\/cropped-fashion_gold_logotipas2-scaled-1.png","contentUrl":"https:\/\/fashiongold.lt\/wp-content\/uploads\/2025\/04\/cropped-fashion_gold_logotipas2-scaled-1.png","width":2559,"height":421,"caption":"Topdiamonds Online"},"image":{"@id":"https:\/\/fashiongold.lt\/et\/#\/schema\/logo\/image\/"}}]}},"_links":{"self":[{"href":"https:\/\/fashiongold.lt\/et\/wp-json\/wp\/v2\/product\/292907","targetHints":{"allow":["GET"]}}],"collection":[{"href":"https:\/\/fashiongold.lt\/et\/wp-json\/wp\/v2\/product"}],"about":[{"href":"https:\/\/fashiongold.lt\/et\/wp-json\/wp\/v2\/types\/product"}],"version-history":[{"count":0,"href":"https:\/\/fashiongold.lt\/et\/wp-json\/wp\/v2\/product\/292907\/revisions"}],"wp:featuredmedia":[{"embeddable":true,"href":"https:\/\/fashiongold.lt\/et\/wp-json\/wp\/v2\/media\/77041"}],"wp:attachment":[{"href":"https:\/\/fashiongold.lt\/et\/wp-json\/wp\/v2\/media?parent=292907"}],"wp:term":[{"taxonomy":"product_brand","embeddable":true,"href":"https:\/\/fashiongold.lt\/et\/wp-json\/wp\/v2\/product_brand?post=292907"},{"taxonomy":"product_cat","embeddable":true,"href":"https:\/\/fashiongold.lt\/et\/wp-json\/wp\/v2\/product_cat?post=292907"},{"taxonomy":"product_tag","embeddable":true,"href":"https:\/\/fashiongold.lt\/et\/wp-json\/wp\/v2\/product_tag?post=292907"}],"curies":[{"name":"wp","href":"https:\/\/api.w.org\/{rel}","templated":true}]}}