{"id":292952,"date":"2025-10-09T22:04:35","date_gmt":"2025-10-09T22:04:35","guid":{"rendered":"https:\/\/fashiongold.lt\/papuosalas\/sormuse-elegants-kollasest-kullast-klassikaline-sormus-teemandiga-050-ct-g-si2\/"},"modified":"2025-10-09T22:04:35","modified_gmt":"2025-10-09T22:04:35","slug":"sormuse-elegants-kollasest-kullast-klassikaline-sormus-teemandiga-050-ct-g-si2","status":"publish","type":"product","link":"https:\/\/fashiongold.lt\/et\/papuosalas\/sormuse-elegants-kollasest-kullast-klassikaline-sormus-teemandiga-050-ct-g-si2\/","title":{"rendered":"S\u00f5rmuse elegants \u2013 kollasest kullast klassikaline s\u00f5rmus teemandiga (0,50 ct G\/SI2)"},"content":{"rendered":"<p>Valmistatud Leedus. S\u00f5rmust saab valmistada tellimust\u00f6\u00f6na: punasest, kollasest ja valgest kullast.<\/p>\n<p>\u2022 Teemandi t\u00fc\u00fcp: Looduslik teemant<\/p>\n<p>\u2022 Teemandi kuju: \u00dcmar lihv (Round cut)<\/p>\n<p>\u2022 Teemandi omadused: 0,50 ct, v\u00e4rvus G (RW); puhtus SI2, lihv Ex-Ex-Ex<\/p>\n<p>\u2022 Sertifikaat: Leedu Proovikoda (LPR) ja lisaks GIA<\/p>\n<p>\u2022 S\u00f5rmuse kuld: 14K (proov 585)<\/p>\n<p>\u2022 S\u00f5rmuse v\u00e4rvus: kollane kuld<\/p>\n<p>\u2022 S\u00f5rmuse kaal: umbes 2,50-3,00 g<\/p>\n<p>\u2022 S\u00f5rmuse m\u00f5\u00f5tmed: 4,95 x 2,30 mm<\/p>\n","protected":false},"excerpt":{"rendered":"<p>Avastage luksus klassikalise kollasest kullast s\u00f5rmusega, mida kaunistab elegantne 0,50 ct teemant. Nelja haruga kroon t\u00f5stab selle v\u00e4\u00e4rtusliku kivi esile ning k\u00f5rgem viimistlus tagab mugavuse ja v\u00f5imaldab s\u00f5rmust nautida iga p\u00e4ev. Suurep\u00e4rane valik kihlumiseks ja erilisteks s\u00fcndmusteks, peegeldades teie peent maitset ja stiili. Elegants ja luksus \u00fches s\u00f5rmuses.<\/p>\n","protected":false},"featured_media":76386,"template":"","meta":{"site-sidebar-layout":"","site-content-layout":"","ast-site-content-layout":"","site-content-style":"","site-sidebar-style":"","ast-global-header-display":"","ast-banner-title-visibility":"","ast-main-header-display":"","ast-hfb-above-header-display":"","ast-hfb-below-header-display":"","ast-hfb-mobile-header-display":"","site-post-title":"","ast-breadcrumbs-content":"","ast-featured-img":"","footer-sml-layout":"","ast-disable-related-posts":"","theme-transparent-header-meta":"","adv-header-id-meta":"","stick-header-meta":"","header-above-stick-meta":"","header-main-stick-meta":"","header-below-stick-meta":"","astra-migrate-meta-layouts":"default","ast-page-background-enabled":"default","ast-page-background-meta":{"desktop":{"background-color":"var(--ast-global-color-4)","background-image":"","background-repeat":"repeat","background-position":"center center","background-size":"auto","background-attachment":"scroll","background-type":"","background-media":"","overlay-type":"","overlay-color":"","overlay-opacity":"","overlay-gradient":""},"tablet":{"background-color":"","background-image":"","background-repeat":"repeat","background-position":"center center","background-size":"auto","background-attachment":"scroll","background-type":"","background-media":"","overlay-type":"","overlay-color":"","overlay-opacity":"","overlay-gradient":""},"mobile":{"background-color":"","background-image":"","background-repeat":"repeat","background-position":"center center","background-size":"auto","background-attachment":"scroll","background-type":"","background-media":"","overlay-type":"","overlay-color":"","overlay-opacity":"","overlay-gradient":""}},"ast-content-background-meta":{"desktop":{"background-color":"var(--ast-global-color-5)","background-image":"","background-repeat":"repeat","background-position":"center center","background-size":"auto","background-attachment":"scroll","background-type":"","background-media":"","overlay-type":"","overlay-color":"","overlay-opacity":"","overlay-gradient":""},"tablet":{"background-color":"var(--ast-global-color-5)","background-image":"","background-repeat":"repeat","background-position":"center center","background-size":"auto","background-attachment":"scroll","background-type":"","background-media":"","overlay-type":"","overlay-color":"","overlay-opacity":"","overlay-gradient":""},"mobile":{"background-color":"var(--ast-global-color-5)","background-image":"","background-repeat":"repeat","background-position":"center center","background-size":"auto","background-attachment":"scroll","background-type":"","background-media":"","overlay-type":"","overlay-color":"","overlay-opacity":"","overlay-gradient":""}}},"product_brand":[],"product_cat":[3058,2830,2826,3422,2829,2823,2828,2822,2824,3392,2821,3444,2831,3425,2845,3466],"product_tag":[],"class_list":{"0":"post-292952","1":"product","2":"type-product","3":"status-publish","4":"has-post-thumbnail","6":"product_cat-ehted","7":"product_cat-emadepaeva-kingitused","8":"product_cat-joulukingid","9":"product_cat-kihlasormused","10":"product_cat-kingitused-erilisteks-puhkudeks","11":"product_cat-kingitused-lapse-sunni-puhul","12":"product_cat-kingitused-lopetamise-puhul","13":"product_cat-kingitused-naistele","14":"product_cat-kingitused-pulma-aastapaeva-puhul","15":"product_cat-kingitused-pulmade-puhul","16":"product_cat-kingitused-sunnipaevaks","17":"product_cat-klasikalised-kihlusesormused","18":"product_cat-kollasest-kullast-ehted","19":"product_cat-kollasest-kullast-kihlasormused","20":"product_cat-sobrapaeva-kingitused","21":"product_cat-teemantsormused","22":"desktop-align-center","23":"tablet-align-left","24":"mobile-align-left","25":"ast-product-gallery-layout-horizontal-slider","26":"ast-product-gallery-with-no-image","27":"ast-product-single-variable","28":"ast-product-tabs-layout-accordion","29":"ast-qv-on-image","31":"first","32":"instock","33":"taxable","34":"shipping-taxable","35":"purchasable","36":"product-type-variable"},"yoast_head":"<!-- This site is optimized with the Yoast SEO plugin v26.6 - https:\/\/yoast.com\/wordpress\/plugins\/seo\/ -->\n<title>S\u00f5rmuse elegants - valgest kullast klassikaline s\u00f5rmus 0,50 ct teemandiga<\/title>\n<meta name=\"description\" content=\"Avastage luksus kollasest kullast klassikalise s\u00f5rmusega, mis on kaunistatud 0,50 ct teemandiga. Ideaalne kihlumiseks ja erilisteks s\u00fcndmusteks. Tasuta tarne Leedus.\" \/>\n<meta name=\"robots\" content=\"index, follow, max-snippet:-1, max-image-preview:large, max-video-preview:-1\" \/>\n<link rel=\"canonical\" href=\"https:\/\/fashiongold.lt\/et\/papuosalas\/sormuse-elegants-kollasest-kullast-klassikaline-sormus-teemandiga-050-ct-g-si2\/\" \/>\n<meta property=\"og:locale\" content=\"et_EE\" \/>\n<meta property=\"og:type\" content=\"article\" \/>\n<meta property=\"og:title\" content=\"S\u00f5rmuse elegants - valgest kullast klassikaline s\u00f5rmus 0,50 ct teemandiga\" \/>\n<meta property=\"og:description\" content=\"Avastage luksus kollasest kullast klassikalise s\u00f5rmusega, mis on kaunistatud 0,50 ct teemandiga. Ideaalne kihlumiseks ja erilisteks s\u00fcndmusteks. Tasuta tarne Leedus.\" \/>\n<meta property=\"og:url\" content=\"https:\/\/fashiongold.lt\/et\/papuosalas\/sormuse-elegants-kollasest-kullast-klassikaline-sormus-teemandiga-050-ct-g-si2\/\" \/>\n<meta property=\"og:site_name\" content=\"FashionGold.lt\" \/>\n<meta property=\"og:image\" content=\"https:\/\/fashiongold.lt\/wp-content\/uploads\/2025\/10\/5302-6c6-Ziedo-Elegancija-geltono-aukso-klasikinis-ziedas-su-deimantais.webp\" \/>\n\t<meta property=\"og:image:width\" content=\"1000\" \/>\n\t<meta property=\"og:image:height\" content=\"1000\" \/>\n\t<meta property=\"og:image:type\" content=\"image\/jpeg\" \/>\n<meta name=\"twitter:card\" content=\"summary_large_image\" \/>\n<script type=\"application\/ld+json\" class=\"yoast-schema-graph\">{\"@context\":\"https:\/\/schema.org\",\"@graph\":[{\"@type\":\"WebPage\",\"@id\":\"https:\/\/fashiongold.lt\/et\/papuosalas\/sormuse-elegants-kollasest-kullast-klassikaline-sormus-teemandiga-050-ct-g-si2\/\",\"url\":\"https:\/\/fashiongold.lt\/et\/papuosalas\/sormuse-elegants-kollasest-kullast-klassikaline-sormus-teemandiga-050-ct-g-si2\/\",\"name\":\"S\u00f5rmuse elegants - valgest kullast klassikaline s\u00f5rmus 0,50 ct teemandiga\",\"isPartOf\":{\"@id\":\"https:\/\/fashiongold.lt\/et\/#website\"},\"primaryImageOfPage\":{\"@id\":\"https:\/\/fashiongold.lt\/et\/papuosalas\/sormuse-elegants-kollasest-kullast-klassikaline-sormus-teemandiga-050-ct-g-si2\/#primaryimage\"},\"image\":{\"@id\":\"https:\/\/fashiongold.lt\/et\/papuosalas\/sormuse-elegants-kollasest-kullast-klassikaline-sormus-teemandiga-050-ct-g-si2\/#primaryimage\"},\"thumbnailUrl\":\"https:\/\/fashiongold.lt\/wp-content\/uploads\/2025\/10\/5302-6c6-Ziedo-Elegancija-geltono-aukso-klasikinis-ziedas-su-deimantais.jpg\",\"datePublished\":\"2025-10-09T22:04:35+00:00\",\"description\":\"Avastage luksus kollasest kullast klassikalise s\u00f5rmusega, mis on kaunistatud 0,50 ct teemandiga. Ideaalne kihlumiseks ja erilisteks s\u00fcndmusteks. Tasuta tarne Leedus.\",\"breadcrumb\":{\"@id\":\"https:\/\/fashiongold.lt\/et\/papuosalas\/sormuse-elegants-kollasest-kullast-klassikaline-sormus-teemandiga-050-ct-g-si2\/#breadcrumb\"},\"inLanguage\":\"et\",\"potentialAction\":[{\"@type\":\"ReadAction\",\"target\":[\"https:\/\/fashiongold.lt\/et\/papuosalas\/sormuse-elegants-kollasest-kullast-klassikaline-sormus-teemandiga-050-ct-g-si2\/\"]}]},{\"@type\":\"ImageObject\",\"inLanguage\":\"et\",\"@id\":\"https:\/\/fashiongold.lt\/et\/papuosalas\/sormuse-elegants-kollasest-kullast-klassikaline-sormus-teemandiga-050-ct-g-si2\/#primaryimage\",\"url\":\"https:\/\/fashiongold.lt\/wp-content\/uploads\/2025\/10\/5302-6c6-Ziedo-Elegancija-geltono-aukso-klasikinis-ziedas-su-deimantais.jpg\",\"contentUrl\":\"https:\/\/fashiongold.lt\/wp-content\/uploads\/2025\/10\/5302-6c6-Ziedo-Elegancija-geltono-aukso-klasikinis-ziedas-su-deimantais.jpg\",\"width\":1000,\"height\":1000},{\"@type\":\"BreadcrumbList\",\"@id\":\"https:\/\/fashiongold.lt\/et\/papuosalas\/sormuse-elegants-kollasest-kullast-klassikaline-sormus-teemandiga-050-ct-g-si2\/#breadcrumb\",\"itemListElement\":[{\"@type\":\"ListItem\",\"position\":1,\"name\":\"Home\",\"item\":\"https:\/\/fashiongold.lt\/et\/\"},{\"@type\":\"ListItem\",\"position\":2,\"name\":\"Teemantide pood Fashiongold.lt\",\"item\":\"https:\/\/fashiongold.lt\/shop-2\/\"},{\"@type\":\"ListItem\",\"position\":3,\"name\":\"S\u00f5rmuse elegants \u2013 kollasest kullast klassikaline s\u00f5rmus teemandiga (0,50 ct G\/SI2)\"}]},{\"@type\":\"WebSite\",\"@id\":\"https:\/\/fashiongold.lt\/et\/#website\",\"url\":\"https:\/\/fashiongold.lt\/et\/\",\"name\":\"Fashion Gold\",\"description\":\"Juvelyrikos namai\",\"publisher\":{\"@id\":\"https:\/\/fashiongold.lt\/et\/#organization\"},\"potentialAction\":[{\"@type\":\"SearchAction\",\"target\":{\"@type\":\"EntryPoint\",\"urlTemplate\":\"https:\/\/fashiongold.lt\/et\/?s={search_term_string}\"},\"query-input\":{\"@type\":\"PropertyValueSpecification\",\"valueRequired\":true,\"valueName\":\"search_term_string\"}}],\"inLanguage\":\"et\"},{\"@type\":\"Organization\",\"@id\":\"https:\/\/fashiongold.lt\/et\/#organization\",\"name\":\"Topdiamonds Online\",\"url\":\"https:\/\/fashiongold.lt\/et\/\",\"logo\":{\"@type\":\"ImageObject\",\"inLanguage\":\"et\",\"@id\":\"https:\/\/fashiongold.lt\/et\/#\/schema\/logo\/image\/\",\"url\":\"https:\/\/fashiongold.lt\/wp-content\/uploads\/2025\/04\/cropped-fashion_gold_logotipas2-scaled-1.png\",\"contentUrl\":\"https:\/\/fashiongold.lt\/wp-content\/uploads\/2025\/04\/cropped-fashion_gold_logotipas2-scaled-1.png\",\"width\":2559,\"height\":421,\"caption\":\"Topdiamonds Online\"},\"image\":{\"@id\":\"https:\/\/fashiongold.lt\/et\/#\/schema\/logo\/image\/\"}}]}<\/script>\n<!-- \/ Yoast SEO plugin. -->","yoast_head_json":{"title":"S\u00f5rmuse elegants - valgest kullast klassikaline s\u00f5rmus 0,50 ct teemandiga","description":"Avastage luksus kollasest kullast klassikalise s\u00f5rmusega, mis on kaunistatud 0,50 ct teemandiga. Ideaalne kihlumiseks ja erilisteks s\u00fcndmusteks. Tasuta tarne Leedus.","robots":{"index":"index","follow":"follow","max-snippet":"max-snippet:-1","max-image-preview":"max-image-preview:large","max-video-preview":"max-video-preview:-1"},"canonical":"https:\/\/fashiongold.lt\/et\/papuosalas\/sormuse-elegants-kollasest-kullast-klassikaline-sormus-teemandiga-050-ct-g-si2\/","og_locale":"et_EE","og_type":"article","og_title":"S\u00f5rmuse elegants - valgest kullast klassikaline s\u00f5rmus 0,50 ct teemandiga","og_description":"Avastage luksus kollasest kullast klassikalise s\u00f5rmusega, mis on kaunistatud 0,50 ct teemandiga. Ideaalne kihlumiseks ja erilisteks s\u00fcndmusteks. Tasuta tarne Leedus.","og_url":"https:\/\/fashiongold.lt\/et\/papuosalas\/sormuse-elegants-kollasest-kullast-klassikaline-sormus-teemandiga-050-ct-g-si2\/","og_site_name":"FashionGold.lt","og_image":[{"width":1000,"height":1000,"url":"https:\/\/fashiongold.lt\/wp-content\/uploads\/2025\/10\/5302-6c6-Ziedo-Elegancija-geltono-aukso-klasikinis-ziedas-su-deimantais.webp","type":"image\/jpeg"}],"twitter_card":"summary_large_image","schema":{"@context":"https:\/\/schema.org","@graph":[{"@type":"WebPage","@id":"https:\/\/fashiongold.lt\/et\/papuosalas\/sormuse-elegants-kollasest-kullast-klassikaline-sormus-teemandiga-050-ct-g-si2\/","url":"https:\/\/fashiongold.lt\/et\/papuosalas\/sormuse-elegants-kollasest-kullast-klassikaline-sormus-teemandiga-050-ct-g-si2\/","name":"S\u00f5rmuse elegants - valgest kullast klassikaline s\u00f5rmus 0,50 ct teemandiga","isPartOf":{"@id":"https:\/\/fashiongold.lt\/et\/#website"},"primaryImageOfPage":{"@id":"https:\/\/fashiongold.lt\/et\/papuosalas\/sormuse-elegants-kollasest-kullast-klassikaline-sormus-teemandiga-050-ct-g-si2\/#primaryimage"},"image":{"@id":"https:\/\/fashiongold.lt\/et\/papuosalas\/sormuse-elegants-kollasest-kullast-klassikaline-sormus-teemandiga-050-ct-g-si2\/#primaryimage"},"thumbnailUrl":"https:\/\/fashiongold.lt\/wp-content\/uploads\/2025\/10\/5302-6c6-Ziedo-Elegancija-geltono-aukso-klasikinis-ziedas-su-deimantais.jpg","datePublished":"2025-10-09T22:04:35+00:00","description":"Avastage luksus kollasest kullast klassikalise s\u00f5rmusega, mis on kaunistatud 0,50 ct teemandiga. Ideaalne kihlumiseks ja erilisteks s\u00fcndmusteks. Tasuta tarne Leedus.","breadcrumb":{"@id":"https:\/\/fashiongold.lt\/et\/papuosalas\/sormuse-elegants-kollasest-kullast-klassikaline-sormus-teemandiga-050-ct-g-si2\/#breadcrumb"},"inLanguage":"et","potentialAction":[{"@type":"ReadAction","target":["https:\/\/fashiongold.lt\/et\/papuosalas\/sormuse-elegants-kollasest-kullast-klassikaline-sormus-teemandiga-050-ct-g-si2\/"]}]},{"@type":"ImageObject","inLanguage":"et","@id":"https:\/\/fashiongold.lt\/et\/papuosalas\/sormuse-elegants-kollasest-kullast-klassikaline-sormus-teemandiga-050-ct-g-si2\/#primaryimage","url":"https:\/\/fashiongold.lt\/wp-content\/uploads\/2025\/10\/5302-6c6-Ziedo-Elegancija-geltono-aukso-klasikinis-ziedas-su-deimantais.jpg","contentUrl":"https:\/\/fashiongold.lt\/wp-content\/uploads\/2025\/10\/5302-6c6-Ziedo-Elegancija-geltono-aukso-klasikinis-ziedas-su-deimantais.jpg","width":1000,"height":1000},{"@type":"BreadcrumbList","@id":"https:\/\/fashiongold.lt\/et\/papuosalas\/sormuse-elegants-kollasest-kullast-klassikaline-sormus-teemandiga-050-ct-g-si2\/#breadcrumb","itemListElement":[{"@type":"ListItem","position":1,"name":"Home","item":"https:\/\/fashiongold.lt\/et\/"},{"@type":"ListItem","position":2,"name":"Teemantide pood Fashiongold.lt","item":"https:\/\/fashiongold.lt\/shop-2\/"},{"@type":"ListItem","position":3,"name":"S\u00f5rmuse elegants \u2013 kollasest kullast klassikaline s\u00f5rmus teemandiga (0,50 ct G\/SI2)"}]},{"@type":"WebSite","@id":"https:\/\/fashiongold.lt\/et\/#website","url":"https:\/\/fashiongold.lt\/et\/","name":"Fashion Gold","description":"Juvelyrikos namai","publisher":{"@id":"https:\/\/fashiongold.lt\/et\/#organization"},"potentialAction":[{"@type":"SearchAction","target":{"@type":"EntryPoint","urlTemplate":"https:\/\/fashiongold.lt\/et\/?s={search_term_string}"},"query-input":{"@type":"PropertyValueSpecification","valueRequired":true,"valueName":"search_term_string"}}],"inLanguage":"et"},{"@type":"Organization","@id":"https:\/\/fashiongold.lt\/et\/#organization","name":"Topdiamonds Online","url":"https:\/\/fashiongold.lt\/et\/","logo":{"@type":"ImageObject","inLanguage":"et","@id":"https:\/\/fashiongold.lt\/et\/#\/schema\/logo\/image\/","url":"https:\/\/fashiongold.lt\/wp-content\/uploads\/2025\/04\/cropped-fashion_gold_logotipas2-scaled-1.png","contentUrl":"https:\/\/fashiongold.lt\/wp-content\/uploads\/2025\/04\/cropped-fashion_gold_logotipas2-scaled-1.png","width":2559,"height":421,"caption":"Topdiamonds Online"},"image":{"@id":"https:\/\/fashiongold.lt\/et\/#\/schema\/logo\/image\/"}}]}},"_links":{"self":[{"href":"https:\/\/fashiongold.lt\/et\/wp-json\/wp\/v2\/product\/292952","targetHints":{"allow":["GET"]}}],"collection":[{"href":"https:\/\/fashiongold.lt\/et\/wp-json\/wp\/v2\/product"}],"about":[{"href":"https:\/\/fashiongold.lt\/et\/wp-json\/wp\/v2\/types\/product"}],"version-history":[{"count":0,"href":"https:\/\/fashiongold.lt\/et\/wp-json\/wp\/v2\/product\/292952\/revisions"}],"wp:featuredmedia":[{"embeddable":true,"href":"https:\/\/fashiongold.lt\/et\/wp-json\/wp\/v2\/media\/76386"}],"wp:attachment":[{"href":"https:\/\/fashiongold.lt\/et\/wp-json\/wp\/v2\/media?parent=292952"}],"wp:term":[{"taxonomy":"product_brand","embeddable":true,"href":"https:\/\/fashiongold.lt\/et\/wp-json\/wp\/v2\/product_brand?post=292952"},{"taxonomy":"product_cat","embeddable":true,"href":"https:\/\/fashiongold.lt\/et\/wp-json\/wp\/v2\/product_cat?post=292952"},{"taxonomy":"product_tag","embeddable":true,"href":"https:\/\/fashiongold.lt\/et\/wp-json\/wp\/v2\/product_tag?post=292952"}],"curies":[{"name":"wp","href":"https:\/\/api.w.org\/{rel}","templated":true}]}}