{"id":293192,"date":"2025-10-09T21:49:24","date_gmt":"2025-10-09T21:49:24","guid":{"rendered":"https:\/\/fashiongold.lt\/papuosalas\/elegantne-sudameparl-kollasest-kullast-kett-parliga-ja-ripats-teemandiga\/"},"modified":"2025-10-09T21:49:24","modified_gmt":"2025-10-09T21:49:24","slug":"elegantne-sudameparl-kollasest-kullast-kett-parliga-ja-ripats-teemandiga","status":"publish","type":"product","link":"https:\/\/fashiongold.lt\/et\/papuosalas\/elegantne-sudameparl-kollasest-kullast-kett-parliga-ja-ripats-teemandiga\/","title":{"rendered":"Elegantne s\u00fcdamep\u00e4rl \u2013 kollasest kullast kett p\u00e4rliga ja ripats teemandiga"},"content":{"rendered":"<p>Valmistatud Leedus. Ripatsit saab tellida eritellimusena: punasest, koldest ja valgest kullast.<\/p>\n<p>\u2022 Teemandi t\u00fc\u00fcp: Looduslik teemant<\/p>\n<p>\u2022 Teemandi kuju: \u00dcmar lihv (Round cut)<\/p>\n<p>\u2022 Teemandi omadused: 0,01 ct \u00dcmar kuju, v\u00e4rvus H-I(W-STW); puhtus SI-P1<\/p>\n<p>\u2022 Sertifikaat: Leedu Proovikoda (LPR) <\/p>\n<p>\u2022 Ripatsi kuld: 14K (proov 585) <\/p>\n<p>\u2022 Ripatsi v\u00e4rvus: kollane kuld <\/p>\n<p>\u2022 Ripatsi kaal: umbes 1,50-1,70 g <\/p>\n<p>\u2022 Keti pikkus: reguleeritav 46 cm + 3 cm<\/p>\n<p>\u2022 Ripatsi suurus: pikkus 9 mm, k\u00f5rgus 8 mm<\/p>\n<p>\u2022 P\u00e4rl: mageveep\u00e4rl.<\/p>\n","protected":false},"excerpt":{"rendered":"<p>Kollasest kullast kett p\u00e4rliga ja s\u00fcdamekujuline ripats, mida kaunistab teemant. Eksklusiivne disain, suurep\u00e4rane valik igap\u00e4evaseks kandmiseks ja erilisteks puhkudeks.<\/p>\n","protected":false},"featured_media":74701,"template":"","meta":{"site-sidebar-layout":"","site-content-layout":"","ast-site-content-layout":"","site-content-style":"","site-sidebar-style":"","ast-global-header-display":"","ast-banner-title-visibility":"","ast-main-header-display":"","ast-hfb-above-header-display":"","ast-hfb-below-header-display":"","ast-hfb-mobile-header-display":"","site-post-title":"","ast-breadcrumbs-content":"","ast-featured-img":"","footer-sml-layout":"","ast-disable-related-posts":"","theme-transparent-header-meta":"","adv-header-id-meta":"","stick-header-meta":"","header-above-stick-meta":"","header-main-stick-meta":"","header-below-stick-meta":"","astra-migrate-meta-layouts":"default","ast-page-background-enabled":"default","ast-page-background-meta":{"desktop":{"background-color":"var(--ast-global-color-4)","background-image":"","background-repeat":"repeat","background-position":"center center","background-size":"auto","background-attachment":"scroll","background-type":"","background-media":"","overlay-type":"","overlay-color":"","overlay-opacity":"","overlay-gradient":""},"tablet":{"background-color":"","background-image":"","background-repeat":"repeat","background-position":"center center","background-size":"auto","background-attachment":"scroll","background-type":"","background-media":"","overlay-type":"","overlay-color":"","overlay-opacity":"","overlay-gradient":""},"mobile":{"background-color":"","background-image":"","background-repeat":"repeat","background-position":"center center","background-size":"auto","background-attachment":"scroll","background-type":"","background-media":"","overlay-type":"","overlay-color":"","overlay-opacity":"","overlay-gradient":""}},"ast-content-background-meta":{"desktop":{"background-color":"var(--ast-global-color-5)","background-image":"","background-repeat":"repeat","background-position":"center center","background-size":"auto","background-attachment":"scroll","background-type":"","background-media":"","overlay-type":"","overlay-color":"","overlay-opacity":"","overlay-gradient":""},"tablet":{"background-color":"var(--ast-global-color-5)","background-image":"","background-repeat":"repeat","background-position":"center center","background-size":"auto","background-attachment":"scroll","background-type":"","background-media":"","overlay-type":"","overlay-color":"","overlay-opacity":"","overlay-gradient":""},"mobile":{"background-color":"var(--ast-global-color-5)","background-image":"","background-repeat":"repeat","background-position":"center center","background-size":"auto","background-attachment":"scroll","background-type":"","background-media":"","overlay-type":"","overlay-color":"","overlay-opacity":"","overlay-gradient":""}}},"product_brand":[],"product_cat":[3058,2830,2826,3482,2829,2823,2828,2822,2824,3392,2821,2831,3569,2985,3394,2984,3393,3391,2845,3395,3396],"product_tag":[],"class_list":{"0":"post-293192","1":"product","2":"type-product","3":"status-publish","4":"has-post-thumbnail","6":"product_cat-ehted","7":"product_cat-emadepaeva-kingitused","8":"product_cat-joulukingid","9":"product_cat-kingitus-esimese-armulaua-puhul","10":"product_cat-kingitused-erilisteks-puhkudeks","11":"product_cat-kingitused-lapse-sunni-puhul","12":"product_cat-kingitused-lopetamise-puhul","13":"product_cat-kingitused-naistele","14":"product_cat-kingitused-pulma-aastapaeva-puhul","15":"product_cat-kingitused-pulmade-puhul","16":"product_cat-kingitused-sunnipaevaks","17":"product_cat-kollasest-kullast-ehted","18":"product_cat-kuldne-kett-parlitega-ripatsiga","19":"product_cat-kuldne-kett-ripatsiga-vastavalt-horoskoobile","20":"product_cat-kuldne-kett-tudrukutele","21":"product_cat-ripatsid-teemantidega","22":"product_cat-ristimiskett","23":"product_cat-ristimiskingitused","24":"product_cat-sobrapaeva-kingitused","25":"product_cat-teemandiga-kaelakee","26":"product_cat-teemantitega-ketid","27":"desktop-align-center","28":"tablet-align-left","29":"mobile-align-left","30":"ast-product-gallery-layout-horizontal-slider","31":"ast-product-gallery-with-no-image","32":"ast-product-tabs-layout-accordion","33":"ast-qv-on-image","35":"first","36":"instock","37":"taxable","38":"shipping-taxable","39":"purchasable","40":"product-type-simple"},"yoast_head":"<!-- This site is optimized with the Yoast SEO plugin v26.6 - https:\/\/yoast.com\/wordpress\/plugins\/seo\/ -->\n<title>Kollasest kullast kett p\u00e4rliga ja ripats teemandiga<\/title>\n<meta name=\"description\" content=\"Kollasest kullast kett p\u00e4rliga ja s\u00fcdamekujuline ripats, mida kaunistab teemant. Eksklusiivne disain, suurep\u00e4rane valik igap\u00e4evaseks kandmiseks ja erilisteks puhkudeks.\" \/>\n<meta name=\"robots\" content=\"index, follow, max-snippet:-1, max-image-preview:large, max-video-preview:-1\" \/>\n<link rel=\"canonical\" href=\"https:\/\/fashiongold.lt\/et\/papuosalas\/elegantne-sudameparl-kollasest-kullast-kett-parliga-ja-ripats-teemandiga\/\" \/>\n<meta property=\"og:locale\" content=\"et_EE\" \/>\n<meta property=\"og:type\" content=\"article\" \/>\n<meta property=\"og:title\" content=\"Kollasest kullast kett p\u00e4rliga ja ripats teemandiga\" \/>\n<meta property=\"og:description\" content=\"Kollasest kullast kett p\u00e4rliga ja s\u00fcdamekujuline ripats, mida kaunistab teemant. Eksklusiivne disain, suurep\u00e4rane valik igap\u00e4evaseks kandmiseks ja erilisteks puhkudeks.\" \/>\n<meta property=\"og:url\" content=\"https:\/\/fashiongold.lt\/et\/papuosalas\/elegantne-sudameparl-kollasest-kullast-kett-parliga-ja-ripats-teemandiga\/\" \/>\n<meta property=\"og:site_name\" content=\"FashionGold.lt\" \/>\n<meta property=\"og:image\" content=\"https:\/\/fashiongold.lt\/wp-content\/uploads\/2025\/10\/4920-a72-Elegantiskas-sirdutes-perlas-geltono-aukso-grandinele-su-perlu-ir-pakabukas-su-deimantu.webp\" \/>\n\t<meta property=\"og:image:width\" content=\"1000\" \/>\n\t<meta property=\"og:image:height\" content=\"1000\" \/>\n\t<meta property=\"og:image:type\" content=\"image\/jpeg\" \/>\n<meta name=\"twitter:card\" content=\"summary_large_image\" \/>\n<script type=\"application\/ld+json\" class=\"yoast-schema-graph\">{\"@context\":\"https:\/\/schema.org\",\"@graph\":[{\"@type\":\"WebPage\",\"@id\":\"https:\/\/fashiongold.lt\/et\/papuosalas\/elegantne-sudameparl-kollasest-kullast-kett-parliga-ja-ripats-teemandiga\/\",\"url\":\"https:\/\/fashiongold.lt\/et\/papuosalas\/elegantne-sudameparl-kollasest-kullast-kett-parliga-ja-ripats-teemandiga\/\",\"name\":\"Kollasest kullast kett p\u00e4rliga ja ripats teemandiga\",\"isPartOf\":{\"@id\":\"https:\/\/fashiongold.lt\/et\/#website\"},\"primaryImageOfPage\":{\"@id\":\"https:\/\/fashiongold.lt\/et\/papuosalas\/elegantne-sudameparl-kollasest-kullast-kett-parliga-ja-ripats-teemandiga\/#primaryimage\"},\"image\":{\"@id\":\"https:\/\/fashiongold.lt\/et\/papuosalas\/elegantne-sudameparl-kollasest-kullast-kett-parliga-ja-ripats-teemandiga\/#primaryimage\"},\"thumbnailUrl\":\"https:\/\/fashiongold.lt\/wp-content\/uploads\/2025\/10\/4920-a72-Elegantiskas-sirdutes-perlas-geltono-aukso-grandinele-su-perlu-ir-pakabukas-su-deimantu.jpg\",\"datePublished\":\"2025-10-09T21:49:24+00:00\",\"description\":\"Kollasest kullast kett p\u00e4rliga ja s\u00fcdamekujuline ripats, mida kaunistab teemant. Eksklusiivne disain, suurep\u00e4rane valik igap\u00e4evaseks kandmiseks ja erilisteks puhkudeks.\",\"breadcrumb\":{\"@id\":\"https:\/\/fashiongold.lt\/et\/papuosalas\/elegantne-sudameparl-kollasest-kullast-kett-parliga-ja-ripats-teemandiga\/#breadcrumb\"},\"inLanguage\":\"et\",\"potentialAction\":[{\"@type\":\"ReadAction\",\"target\":[\"https:\/\/fashiongold.lt\/et\/papuosalas\/elegantne-sudameparl-kollasest-kullast-kett-parliga-ja-ripats-teemandiga\/\"]}]},{\"@type\":\"ImageObject\",\"inLanguage\":\"et\",\"@id\":\"https:\/\/fashiongold.lt\/et\/papuosalas\/elegantne-sudameparl-kollasest-kullast-kett-parliga-ja-ripats-teemandiga\/#primaryimage\",\"url\":\"https:\/\/fashiongold.lt\/wp-content\/uploads\/2025\/10\/4920-a72-Elegantiskas-sirdutes-perlas-geltono-aukso-grandinele-su-perlu-ir-pakabukas-su-deimantu.jpg\",\"contentUrl\":\"https:\/\/fashiongold.lt\/wp-content\/uploads\/2025\/10\/4920-a72-Elegantiskas-sirdutes-perlas-geltono-aukso-grandinele-su-perlu-ir-pakabukas-su-deimantu.jpg\",\"width\":1000,\"height\":1000},{\"@type\":\"BreadcrumbList\",\"@id\":\"https:\/\/fashiongold.lt\/et\/papuosalas\/elegantne-sudameparl-kollasest-kullast-kett-parliga-ja-ripats-teemandiga\/#breadcrumb\",\"itemListElement\":[{\"@type\":\"ListItem\",\"position\":1,\"name\":\"Home\",\"item\":\"https:\/\/fashiongold.lt\/et\/\"},{\"@type\":\"ListItem\",\"position\":2,\"name\":\"Teemantide pood Fashiongold.lt\",\"item\":\"https:\/\/fashiongold.lt\/shop-2\/\"},{\"@type\":\"ListItem\",\"position\":3,\"name\":\"Elegantne s\u00fcdamep\u00e4rl \u2013 kollasest kullast kett p\u00e4rliga ja ripats teemandiga\"}]},{\"@type\":\"WebSite\",\"@id\":\"https:\/\/fashiongold.lt\/et\/#website\",\"url\":\"https:\/\/fashiongold.lt\/et\/\",\"name\":\"Fashion Gold\",\"description\":\"Juvelyrikos namai\",\"publisher\":{\"@id\":\"https:\/\/fashiongold.lt\/et\/#organization\"},\"potentialAction\":[{\"@type\":\"SearchAction\",\"target\":{\"@type\":\"EntryPoint\",\"urlTemplate\":\"https:\/\/fashiongold.lt\/et\/?s={search_term_string}\"},\"query-input\":{\"@type\":\"PropertyValueSpecification\",\"valueRequired\":true,\"valueName\":\"search_term_string\"}}],\"inLanguage\":\"et\"},{\"@type\":\"Organization\",\"@id\":\"https:\/\/fashiongold.lt\/et\/#organization\",\"name\":\"Topdiamonds Online\",\"url\":\"https:\/\/fashiongold.lt\/et\/\",\"logo\":{\"@type\":\"ImageObject\",\"inLanguage\":\"et\",\"@id\":\"https:\/\/fashiongold.lt\/et\/#\/schema\/logo\/image\/\",\"url\":\"https:\/\/fashiongold.lt\/wp-content\/uploads\/2025\/04\/cropped-fashion_gold_logotipas2-scaled-1.png\",\"contentUrl\":\"https:\/\/fashiongold.lt\/wp-content\/uploads\/2025\/04\/cropped-fashion_gold_logotipas2-scaled-1.png\",\"width\":2559,\"height\":421,\"caption\":\"Topdiamonds Online\"},\"image\":{\"@id\":\"https:\/\/fashiongold.lt\/et\/#\/schema\/logo\/image\/\"}}]}<\/script>\n<!-- \/ Yoast SEO plugin. -->","yoast_head_json":{"title":"Kollasest kullast kett p\u00e4rliga ja ripats teemandiga","description":"Kollasest kullast kett p\u00e4rliga ja s\u00fcdamekujuline ripats, mida kaunistab teemant. Eksklusiivne disain, suurep\u00e4rane valik igap\u00e4evaseks kandmiseks ja erilisteks puhkudeks.","robots":{"index":"index","follow":"follow","max-snippet":"max-snippet:-1","max-image-preview":"max-image-preview:large","max-video-preview":"max-video-preview:-1"},"canonical":"https:\/\/fashiongold.lt\/et\/papuosalas\/elegantne-sudameparl-kollasest-kullast-kett-parliga-ja-ripats-teemandiga\/","og_locale":"et_EE","og_type":"article","og_title":"Kollasest kullast kett p\u00e4rliga ja ripats teemandiga","og_description":"Kollasest kullast kett p\u00e4rliga ja s\u00fcdamekujuline ripats, mida kaunistab teemant. Eksklusiivne disain, suurep\u00e4rane valik igap\u00e4evaseks kandmiseks ja erilisteks puhkudeks.","og_url":"https:\/\/fashiongold.lt\/et\/papuosalas\/elegantne-sudameparl-kollasest-kullast-kett-parliga-ja-ripats-teemandiga\/","og_site_name":"FashionGold.lt","og_image":[{"width":1000,"height":1000,"url":"https:\/\/fashiongold.lt\/wp-content\/uploads\/2025\/10\/4920-a72-Elegantiskas-sirdutes-perlas-geltono-aukso-grandinele-su-perlu-ir-pakabukas-su-deimantu.webp","type":"image\/jpeg"}],"twitter_card":"summary_large_image","schema":{"@context":"https:\/\/schema.org","@graph":[{"@type":"WebPage","@id":"https:\/\/fashiongold.lt\/et\/papuosalas\/elegantne-sudameparl-kollasest-kullast-kett-parliga-ja-ripats-teemandiga\/","url":"https:\/\/fashiongold.lt\/et\/papuosalas\/elegantne-sudameparl-kollasest-kullast-kett-parliga-ja-ripats-teemandiga\/","name":"Kollasest kullast kett p\u00e4rliga ja ripats teemandiga","isPartOf":{"@id":"https:\/\/fashiongold.lt\/et\/#website"},"primaryImageOfPage":{"@id":"https:\/\/fashiongold.lt\/et\/papuosalas\/elegantne-sudameparl-kollasest-kullast-kett-parliga-ja-ripats-teemandiga\/#primaryimage"},"image":{"@id":"https:\/\/fashiongold.lt\/et\/papuosalas\/elegantne-sudameparl-kollasest-kullast-kett-parliga-ja-ripats-teemandiga\/#primaryimage"},"thumbnailUrl":"https:\/\/fashiongold.lt\/wp-content\/uploads\/2025\/10\/4920-a72-Elegantiskas-sirdutes-perlas-geltono-aukso-grandinele-su-perlu-ir-pakabukas-su-deimantu.jpg","datePublished":"2025-10-09T21:49:24+00:00","description":"Kollasest kullast kett p\u00e4rliga ja s\u00fcdamekujuline ripats, mida kaunistab teemant. Eksklusiivne disain, suurep\u00e4rane valik igap\u00e4evaseks kandmiseks ja erilisteks puhkudeks.","breadcrumb":{"@id":"https:\/\/fashiongold.lt\/et\/papuosalas\/elegantne-sudameparl-kollasest-kullast-kett-parliga-ja-ripats-teemandiga\/#breadcrumb"},"inLanguage":"et","potentialAction":[{"@type":"ReadAction","target":["https:\/\/fashiongold.lt\/et\/papuosalas\/elegantne-sudameparl-kollasest-kullast-kett-parliga-ja-ripats-teemandiga\/"]}]},{"@type":"ImageObject","inLanguage":"et","@id":"https:\/\/fashiongold.lt\/et\/papuosalas\/elegantne-sudameparl-kollasest-kullast-kett-parliga-ja-ripats-teemandiga\/#primaryimage","url":"https:\/\/fashiongold.lt\/wp-content\/uploads\/2025\/10\/4920-a72-Elegantiskas-sirdutes-perlas-geltono-aukso-grandinele-su-perlu-ir-pakabukas-su-deimantu.jpg","contentUrl":"https:\/\/fashiongold.lt\/wp-content\/uploads\/2025\/10\/4920-a72-Elegantiskas-sirdutes-perlas-geltono-aukso-grandinele-su-perlu-ir-pakabukas-su-deimantu.jpg","width":1000,"height":1000},{"@type":"BreadcrumbList","@id":"https:\/\/fashiongold.lt\/et\/papuosalas\/elegantne-sudameparl-kollasest-kullast-kett-parliga-ja-ripats-teemandiga\/#breadcrumb","itemListElement":[{"@type":"ListItem","position":1,"name":"Home","item":"https:\/\/fashiongold.lt\/et\/"},{"@type":"ListItem","position":2,"name":"Teemantide pood Fashiongold.lt","item":"https:\/\/fashiongold.lt\/shop-2\/"},{"@type":"ListItem","position":3,"name":"Elegantne s\u00fcdamep\u00e4rl \u2013 kollasest kullast kett p\u00e4rliga ja ripats teemandiga"}]},{"@type":"WebSite","@id":"https:\/\/fashiongold.lt\/et\/#website","url":"https:\/\/fashiongold.lt\/et\/","name":"Fashion Gold","description":"Juvelyrikos namai","publisher":{"@id":"https:\/\/fashiongold.lt\/et\/#organization"},"potentialAction":[{"@type":"SearchAction","target":{"@type":"EntryPoint","urlTemplate":"https:\/\/fashiongold.lt\/et\/?s={search_term_string}"},"query-input":{"@type":"PropertyValueSpecification","valueRequired":true,"valueName":"search_term_string"}}],"inLanguage":"et"},{"@type":"Organization","@id":"https:\/\/fashiongold.lt\/et\/#organization","name":"Topdiamonds Online","url":"https:\/\/fashiongold.lt\/et\/","logo":{"@type":"ImageObject","inLanguage":"et","@id":"https:\/\/fashiongold.lt\/et\/#\/schema\/logo\/image\/","url":"https:\/\/fashiongold.lt\/wp-content\/uploads\/2025\/04\/cropped-fashion_gold_logotipas2-scaled-1.png","contentUrl":"https:\/\/fashiongold.lt\/wp-content\/uploads\/2025\/04\/cropped-fashion_gold_logotipas2-scaled-1.png","width":2559,"height":421,"caption":"Topdiamonds Online"},"image":{"@id":"https:\/\/fashiongold.lt\/et\/#\/schema\/logo\/image\/"}}]}},"_links":{"self":[{"href":"https:\/\/fashiongold.lt\/et\/wp-json\/wp\/v2\/product\/293192","targetHints":{"allow":["GET"]}}],"collection":[{"href":"https:\/\/fashiongold.lt\/et\/wp-json\/wp\/v2\/product"}],"about":[{"href":"https:\/\/fashiongold.lt\/et\/wp-json\/wp\/v2\/types\/product"}],"version-history":[{"count":0,"href":"https:\/\/fashiongold.lt\/et\/wp-json\/wp\/v2\/product\/293192\/revisions"}],"wp:featuredmedia":[{"embeddable":true,"href":"https:\/\/fashiongold.lt\/et\/wp-json\/wp\/v2\/media\/74701"}],"wp:attachment":[{"href":"https:\/\/fashiongold.lt\/et\/wp-json\/wp\/v2\/media?parent=293192"}],"wp:term":[{"taxonomy":"product_brand","embeddable":true,"href":"https:\/\/fashiongold.lt\/et\/wp-json\/wp\/v2\/product_brand?post=293192"},{"taxonomy":"product_cat","embeddable":true,"href":"https:\/\/fashiongold.lt\/et\/wp-json\/wp\/v2\/product_cat?post=293192"},{"taxonomy":"product_tag","embeddable":true,"href":"https:\/\/fashiongold.lt\/et\/wp-json\/wp\/v2\/product_tag?post=293192"}],"curies":[{"name":"wp","href":"https:\/\/api.w.org\/{rel}","templated":true}]}}