{"id":293360,"date":"2026-02-12T09:51:32","date_gmt":"2026-02-12T09:51:32","guid":{"rendered":"https:\/\/fashiongold.lt\/papuosalas\/moodne-laboriteemantidega-kihlasormus-fantastic-037-ct\/"},"modified":"2026-02-12T09:51:32","modified_gmt":"2026-02-12T09:51:32","slug":"moodne-laboriteemantidega-kihlasormus-fantastic-037-ct","status":"publish","type":"product","link":"https:\/\/fashiongold.lt\/et\/papuosalas\/moodne-laboriteemantidega-kihlasormus-fantastic-037-ct\/","title":{"rendered":"Moodne laboriteemantidega kihlas\u00f5rmus \u2013 Fantastic (0,37 ct)"},"content":{"rendered":"<h2>Kihlas\u00f5rmus laboris kasvatatud teemantidega &#8211; Fantastic (0,37 ct)<\/h2>\n<h3>Kaasaegne kihlas\u00f5rmus lab-teemantidega. Maksimaalne mugavus. Laboris kasvatatud teemandid. Teemantide kogukaal 0,37 karaati.<\/h3>\n<p>Valmistatud Leedus, j\u00e4rgides k\u00f5rgeimaid standardeid.<\/p>\n<p>\u2022 S\u00f5rmuse metall: 14K (proov 585), saame valmistada ka 10K (proov 375), 18K (proov 750), 950 plaatinast<\/p>\n<p>\u2022 S\u00f5rmuse v\u00e4rvus: valge, punane, kollane<\/p>\n<p>\u2022 S\u00f5rmuse kaal (s\u00f5ltub suurusest): umbes 1,90 &#8211; 2,30 g<\/p>\n<p>\u2022 S\u00f5rmuse m\u00f5\u00f5tmed: v\u00f5ru laius umbes 5,20 mm<\/p>\n<p>\u2022 S\u00f5rmuse mugavustsoon: olemas<\/p>\n<p>\u2022 Teemandi t\u00fc\u00fcp: Laboris kasvatatud teemant<\/p>\n<p>\u2022 Teemandi kuju: \u00dcmar kuju (Round cut)<\/p>\n<p>\u2022 Teemandi omadused: 0,25 ct keskmine lab-teemant, v\u00e4ikesed lab-teemandid 0,12 ct (v\u00e4rvus D-E, puhtus VS) (saab muuta)<\/p>\n<p>\u2022 Sertifikaat: Leedu Proovikoda (LPR)<\/p>\n<p>\u2022 Tasuta graveerimine<\/p>\n<p>\u2022 \u00dchekordne tasuta s\u00f5rmuse suuruse muutmise garantii (vastavalt v\u00f5imalusele)<\/p>\n<p>\u2022 Valmistamise ja tarneaeg alates 14 t\u00f6\u00f6p\u00e4evast, kiirtellimusena 7 t\u00f6\u00f6p\u00e4eva jooksul.<\/p>\n<p><strong>On teil oma v\u00e4\u00e4riskivi? V\u00f5tke \u00fchendust, arvutame hinna \u00fcmber \u2013 maksate ainult s\u00f5rmuse valmistamise eest.<\/strong><\/p>\n","protected":false},"excerpt":{"rendered":"<p>Moodne kihlas\u00f5rmus laboratooriumis kasvatatud teemandiga, mis on kinnitatud kuueharulisse krooni ning \u00fcmbritsetud m\u00f5lemalt poolt v\u00e4ikeste laboriteemantidega kaunistatud s\u00f5rmusekaarega. Laboriteemantide kogukaal on 0,37 karaati. Suurep\u00e4rane valik kihlumiseks ja erilisteks s\u00fcndmusteks. S\u00f5rmuse k\u00f5rgeim kvaliteet. Maksimaalne mugavus.<\/p>\n","protected":false},"featured_media":220744,"template":"","meta":{"site-sidebar-layout":"default","site-content-layout":"","ast-site-content-layout":"default","site-content-style":"default","site-sidebar-style":"default","ast-global-header-display":"","ast-banner-title-visibility":"","ast-main-header-display":"","ast-hfb-above-header-display":"","ast-hfb-below-header-display":"","ast-hfb-mobile-header-display":"","site-post-title":"","ast-breadcrumbs-content":"","ast-featured-img":"","footer-sml-layout":"","ast-disable-related-posts":"","theme-transparent-header-meta":"default","adv-header-id-meta":"","stick-header-meta":"","header-above-stick-meta":"","header-main-stick-meta":"","header-below-stick-meta":"","astra-migrate-meta-layouts":"default","ast-page-background-enabled":"default","ast-page-background-meta":{"desktop":{"background-color":"var(--ast-global-color-4)","background-image":"","background-repeat":"repeat","background-position":"center center","background-size":"auto","background-attachment":"scroll","background-type":"","background-media":"","overlay-type":"","overlay-color":"","overlay-opacity":"","overlay-gradient":""},"tablet":{"background-color":"","background-image":"","background-repeat":"repeat","background-position":"center center","background-size":"auto","background-attachment":"scroll","background-type":"","background-media":"","overlay-type":"","overlay-color":"","overlay-opacity":"","overlay-gradient":""},"mobile":{"background-color":"","background-image":"","background-repeat":"repeat","background-position":"center center","background-size":"auto","background-attachment":"scroll","background-type":"","background-media":"","overlay-type":"","overlay-color":"","overlay-opacity":"","overlay-gradient":""}},"ast-content-background-meta":{"desktop":{"background-color":"var(--ast-global-color-5)","background-image":"","background-repeat":"repeat","background-position":"center center","background-size":"auto","background-attachment":"scroll","background-type":"","background-media":"","overlay-type":"","overlay-color":"","overlay-opacity":"","overlay-gradient":""},"tablet":{"background-color":"var(--ast-global-color-5)","background-image":"","background-repeat":"repeat","background-position":"center center","background-size":"auto","background-attachment":"scroll","background-type":"","background-media":"","overlay-type":"","overlay-color":"","overlay-opacity":"","overlay-gradient":""},"mobile":{"background-color":"var(--ast-global-color-5)","background-image":"","background-repeat":"repeat","background-position":"center center","background-size":"auto","background-attachment":"scroll","background-type":"","background-media":"","overlay-type":"","overlay-color":"","overlay-opacity":"","overlay-gradient":""}}},"product_brand":[],"product_cat":[3058,3422,3558,2829,2823,2822,3605,3449,2845,3466,3445,2827,3424],"product_tag":[],"class_list":{"0":"post-293360","1":"product","2":"type-product","3":"status-publish","4":"has-post-thumbnail","6":"product_cat-ehted","7":"product_cat-kihlasormused","8":"product_cat-kihlasormused-laboriteemantidega","9":"product_cat-kingitused-erilisteks-puhkudeks","10":"product_cat-kingitused-lapse-sunni-puhul","11":"product_cat-kingitused-naistele","12":"product_cat-minimalistlikud-kihlasormused","13":"product_cat-modernsed-kihlasormused","14":"product_cat-sobrapaeva-kingitused","15":"product_cat-teemantsormused","16":"product_cat-top-kihlasormused","17":"product_cat-valgest-kullast-ehted","18":"product_cat-valgest-kullast-kihlasormused","19":"desktop-align-center","20":"tablet-align-left","21":"mobile-align-left","22":"ast-product-gallery-layout-horizontal-slider","23":"ast-product-single-variable","24":"ast-product-tabs-layout-accordion","25":"ast-qv-on-image","27":"first","28":"instock","29":"taxable","30":"shipping-taxable","31":"purchasable","32":"product-type-variable"},"yoast_head":"<!-- This site is optimized with the Yoast SEO plugin v26.6 - https:\/\/yoast.com\/wordpress\/plugins\/seo\/ -->\n<title>Modernne kihlas\u00f5rmus laboriteemantidega - Fantastic (0,37 ct)<\/title>\n<meta name=\"description\" content=\"Kihlas\u00f5rmus laboriteemandiga, mis on kinnitatud kuueharulisse krooni. K\u00f5rval on teemantidega kaunistatud v\u00f5ru. Suurep\u00e4rane valik kihluseks ja erilisteks s\u00fcndmusteks.\" \/>\n<meta name=\"robots\" content=\"index, follow, max-snippet:-1, max-image-preview:large, max-video-preview:-1\" \/>\n<link rel=\"canonical\" href=\"https:\/\/fashiongold.lt\/et\/papuosalas\/moodne-laboriteemantidega-kihlasormus-fantastic-037-ct\/\" \/>\n<meta property=\"og:locale\" content=\"et_EE\" \/>\n<meta property=\"og:type\" content=\"article\" \/>\n<meta property=\"og:title\" content=\"Modernne kihlas\u00f5rmus laboriteemantidega - Fantastic (0,37 ct)\" \/>\n<meta property=\"og:description\" content=\"Kihlas\u00f5rmus laboriteemandiga, mis on kinnitatud kuueharulisse krooni. K\u00f5rval on teemantidega kaunistatud v\u00f5ru. Suurep\u00e4rane valik kihluseks ja erilisteks s\u00fcndmusteks.\" \/>\n<meta property=\"og:url\" content=\"https:\/\/fashiongold.lt\/et\/papuosalas\/moodne-laboriteemantidega-kihlasormus-fantastic-037-ct\/\" \/>\n<meta property=\"og:site_name\" content=\"FashionGold.lt\" \/>\n<meta property=\"og:image\" content=\"https:\/\/fashiongold.lt\/wp-content\/uploads\/2025\/10\/22412-8b8-Balto-aukso-modernus-suzadetuviu-ziedas-su-deimantais-Fantastic-037-ct.webp\" \/>\n\t<meta property=\"og:image:width\" content=\"1000\" \/>\n\t<meta property=\"og:image:height\" content=\"1000\" \/>\n\t<meta property=\"og:image:type\" content=\"image\/png\" \/>\n<meta name=\"twitter:card\" content=\"summary_large_image\" \/>\n<meta name=\"twitter:label1\" content=\"Est. reading time\" \/>\n\t<meta name=\"twitter:data1\" content=\"1 minut\" \/>\n<script type=\"application\/ld+json\" class=\"yoast-schema-graph\">{\"@context\":\"https:\/\/schema.org\",\"@graph\":[{\"@type\":\"WebPage\",\"@id\":\"https:\/\/fashiongold.lt\/et\/papuosalas\/moodne-laboriteemantidega-kihlasormus-fantastic-037-ct\/\",\"url\":\"https:\/\/fashiongold.lt\/et\/papuosalas\/moodne-laboriteemantidega-kihlasormus-fantastic-037-ct\/\",\"name\":\"Modernne kihlas\u00f5rmus laboriteemantidega - Fantastic (0,37 ct)\",\"isPartOf\":{\"@id\":\"https:\/\/fashiongold.lt\/et\/#website\"},\"primaryImageOfPage\":{\"@id\":\"https:\/\/fashiongold.lt\/et\/papuosalas\/moodne-laboriteemantidega-kihlasormus-fantastic-037-ct\/#primaryimage\"},\"image\":{\"@id\":\"https:\/\/fashiongold.lt\/et\/papuosalas\/moodne-laboriteemantidega-kihlasormus-fantastic-037-ct\/#primaryimage\"},\"thumbnailUrl\":\"https:\/\/fashiongold.lt\/wp-content\/uploads\/2025\/10\/22412-8b8-Balto-aukso-modernus-suzadetuviu-ziedas-su-deimantais-Fantastic-037-ct.png\",\"datePublished\":\"2026-02-12T09:51:32+00:00\",\"description\":\"Kihlas\u00f5rmus laboriteemandiga, mis on kinnitatud kuueharulisse krooni. K\u00f5rval on teemantidega kaunistatud v\u00f5ru. Suurep\u00e4rane valik kihluseks ja erilisteks s\u00fcndmusteks.\",\"breadcrumb\":{\"@id\":\"https:\/\/fashiongold.lt\/et\/papuosalas\/moodne-laboriteemantidega-kihlasormus-fantastic-037-ct\/#breadcrumb\"},\"inLanguage\":\"et\",\"potentialAction\":[{\"@type\":\"ReadAction\",\"target\":[\"https:\/\/fashiongold.lt\/et\/papuosalas\/moodne-laboriteemantidega-kihlasormus-fantastic-037-ct\/\"]}]},{\"@type\":\"ImageObject\",\"inLanguage\":\"et\",\"@id\":\"https:\/\/fashiongold.lt\/et\/papuosalas\/moodne-laboriteemantidega-kihlasormus-fantastic-037-ct\/#primaryimage\",\"url\":\"https:\/\/fashiongold.lt\/wp-content\/uploads\/2025\/10\/22412-8b8-Balto-aukso-modernus-suzadetuviu-ziedas-su-deimantais-Fantastic-037-ct.png\",\"contentUrl\":\"https:\/\/fashiongold.lt\/wp-content\/uploads\/2025\/10\/22412-8b8-Balto-aukso-modernus-suzadetuviu-ziedas-su-deimantais-Fantastic-037-ct.png\",\"width\":1000,\"height\":1000},{\"@type\":\"BreadcrumbList\",\"@id\":\"https:\/\/fashiongold.lt\/et\/papuosalas\/moodne-laboriteemantidega-kihlasormus-fantastic-037-ct\/#breadcrumb\",\"itemListElement\":[{\"@type\":\"ListItem\",\"position\":1,\"name\":\"Home\",\"item\":\"https:\/\/fashiongold.lt\/et\/\"},{\"@type\":\"ListItem\",\"position\":2,\"name\":\"Teemantide pood Fashiongold.lt\",\"item\":\"https:\/\/fashiongold.lt\/shop-2\/\"},{\"@type\":\"ListItem\",\"position\":3,\"name\":\"Moodne laboriteemantidega kihlas\u00f5rmus \u2013 Fantastic (0,37 ct)\"}]},{\"@type\":\"WebSite\",\"@id\":\"https:\/\/fashiongold.lt\/et\/#website\",\"url\":\"https:\/\/fashiongold.lt\/et\/\",\"name\":\"Fashion Gold\",\"description\":\"Juvelyrikos namai\",\"publisher\":{\"@id\":\"https:\/\/fashiongold.lt\/et\/#organization\"},\"potentialAction\":[{\"@type\":\"SearchAction\",\"target\":{\"@type\":\"EntryPoint\",\"urlTemplate\":\"https:\/\/fashiongold.lt\/et\/?s={search_term_string}\"},\"query-input\":{\"@type\":\"PropertyValueSpecification\",\"valueRequired\":true,\"valueName\":\"search_term_string\"}}],\"inLanguage\":\"et\"},{\"@type\":\"Organization\",\"@id\":\"https:\/\/fashiongold.lt\/et\/#organization\",\"name\":\"Topdiamonds Online\",\"url\":\"https:\/\/fashiongold.lt\/et\/\",\"logo\":{\"@type\":\"ImageObject\",\"inLanguage\":\"et\",\"@id\":\"https:\/\/fashiongold.lt\/et\/#\/schema\/logo\/image\/\",\"url\":\"https:\/\/fashiongold.lt\/wp-content\/uploads\/2025\/04\/cropped-fashion_gold_logotipas2-scaled-1.png\",\"contentUrl\":\"https:\/\/fashiongold.lt\/wp-content\/uploads\/2025\/04\/cropped-fashion_gold_logotipas2-scaled-1.png\",\"width\":2559,\"height\":421,\"caption\":\"Topdiamonds Online\"},\"image\":{\"@id\":\"https:\/\/fashiongold.lt\/et\/#\/schema\/logo\/image\/\"}}]}<\/script>\n<!-- \/ Yoast SEO plugin. -->","yoast_head_json":{"title":"Modernne kihlas\u00f5rmus laboriteemantidega - Fantastic (0,37 ct)","description":"Kihlas\u00f5rmus laboriteemandiga, mis on kinnitatud kuueharulisse krooni. K\u00f5rval on teemantidega kaunistatud v\u00f5ru. Suurep\u00e4rane valik kihluseks ja erilisteks s\u00fcndmusteks.","robots":{"index":"index","follow":"follow","max-snippet":"max-snippet:-1","max-image-preview":"max-image-preview:large","max-video-preview":"max-video-preview:-1"},"canonical":"https:\/\/fashiongold.lt\/et\/papuosalas\/moodne-laboriteemantidega-kihlasormus-fantastic-037-ct\/","og_locale":"et_EE","og_type":"article","og_title":"Modernne kihlas\u00f5rmus laboriteemantidega - Fantastic (0,37 ct)","og_description":"Kihlas\u00f5rmus laboriteemandiga, mis on kinnitatud kuueharulisse krooni. K\u00f5rval on teemantidega kaunistatud v\u00f5ru. Suurep\u00e4rane valik kihluseks ja erilisteks s\u00fcndmusteks.","og_url":"https:\/\/fashiongold.lt\/et\/papuosalas\/moodne-laboriteemantidega-kihlasormus-fantastic-037-ct\/","og_site_name":"FashionGold.lt","og_image":[{"width":1000,"height":1000,"url":"https:\/\/fashiongold.lt\/wp-content\/uploads\/2025\/10\/22412-8b8-Balto-aukso-modernus-suzadetuviu-ziedas-su-deimantais-Fantastic-037-ct.webp","type":"image\/png"}],"twitter_card":"summary_large_image","twitter_misc":{"Est. reading time":"1 minut"},"schema":{"@context":"https:\/\/schema.org","@graph":[{"@type":"WebPage","@id":"https:\/\/fashiongold.lt\/et\/papuosalas\/moodne-laboriteemantidega-kihlasormus-fantastic-037-ct\/","url":"https:\/\/fashiongold.lt\/et\/papuosalas\/moodne-laboriteemantidega-kihlasormus-fantastic-037-ct\/","name":"Modernne kihlas\u00f5rmus laboriteemantidega - Fantastic (0,37 ct)","isPartOf":{"@id":"https:\/\/fashiongold.lt\/et\/#website"},"primaryImageOfPage":{"@id":"https:\/\/fashiongold.lt\/et\/papuosalas\/moodne-laboriteemantidega-kihlasormus-fantastic-037-ct\/#primaryimage"},"image":{"@id":"https:\/\/fashiongold.lt\/et\/papuosalas\/moodne-laboriteemantidega-kihlasormus-fantastic-037-ct\/#primaryimage"},"thumbnailUrl":"https:\/\/fashiongold.lt\/wp-content\/uploads\/2025\/10\/22412-8b8-Balto-aukso-modernus-suzadetuviu-ziedas-su-deimantais-Fantastic-037-ct.png","datePublished":"2026-02-12T09:51:32+00:00","description":"Kihlas\u00f5rmus laboriteemandiga, mis on kinnitatud kuueharulisse krooni. K\u00f5rval on teemantidega kaunistatud v\u00f5ru. Suurep\u00e4rane valik kihluseks ja erilisteks s\u00fcndmusteks.","breadcrumb":{"@id":"https:\/\/fashiongold.lt\/et\/papuosalas\/moodne-laboriteemantidega-kihlasormus-fantastic-037-ct\/#breadcrumb"},"inLanguage":"et","potentialAction":[{"@type":"ReadAction","target":["https:\/\/fashiongold.lt\/et\/papuosalas\/moodne-laboriteemantidega-kihlasormus-fantastic-037-ct\/"]}]},{"@type":"ImageObject","inLanguage":"et","@id":"https:\/\/fashiongold.lt\/et\/papuosalas\/moodne-laboriteemantidega-kihlasormus-fantastic-037-ct\/#primaryimage","url":"https:\/\/fashiongold.lt\/wp-content\/uploads\/2025\/10\/22412-8b8-Balto-aukso-modernus-suzadetuviu-ziedas-su-deimantais-Fantastic-037-ct.png","contentUrl":"https:\/\/fashiongold.lt\/wp-content\/uploads\/2025\/10\/22412-8b8-Balto-aukso-modernus-suzadetuviu-ziedas-su-deimantais-Fantastic-037-ct.png","width":1000,"height":1000},{"@type":"BreadcrumbList","@id":"https:\/\/fashiongold.lt\/et\/papuosalas\/moodne-laboriteemantidega-kihlasormus-fantastic-037-ct\/#breadcrumb","itemListElement":[{"@type":"ListItem","position":1,"name":"Home","item":"https:\/\/fashiongold.lt\/et\/"},{"@type":"ListItem","position":2,"name":"Teemantide pood Fashiongold.lt","item":"https:\/\/fashiongold.lt\/shop-2\/"},{"@type":"ListItem","position":3,"name":"Moodne laboriteemantidega kihlas\u00f5rmus \u2013 Fantastic (0,37 ct)"}]},{"@type":"WebSite","@id":"https:\/\/fashiongold.lt\/et\/#website","url":"https:\/\/fashiongold.lt\/et\/","name":"Fashion Gold","description":"Juvelyrikos namai","publisher":{"@id":"https:\/\/fashiongold.lt\/et\/#organization"},"potentialAction":[{"@type":"SearchAction","target":{"@type":"EntryPoint","urlTemplate":"https:\/\/fashiongold.lt\/et\/?s={search_term_string}"},"query-input":{"@type":"PropertyValueSpecification","valueRequired":true,"valueName":"search_term_string"}}],"inLanguage":"et"},{"@type":"Organization","@id":"https:\/\/fashiongold.lt\/et\/#organization","name":"Topdiamonds Online","url":"https:\/\/fashiongold.lt\/et\/","logo":{"@type":"ImageObject","inLanguage":"et","@id":"https:\/\/fashiongold.lt\/et\/#\/schema\/logo\/image\/","url":"https:\/\/fashiongold.lt\/wp-content\/uploads\/2025\/04\/cropped-fashion_gold_logotipas2-scaled-1.png","contentUrl":"https:\/\/fashiongold.lt\/wp-content\/uploads\/2025\/04\/cropped-fashion_gold_logotipas2-scaled-1.png","width":2559,"height":421,"caption":"Topdiamonds Online"},"image":{"@id":"https:\/\/fashiongold.lt\/et\/#\/schema\/logo\/image\/"}}]}},"_links":{"self":[{"href":"https:\/\/fashiongold.lt\/et\/wp-json\/wp\/v2\/product\/293360","targetHints":{"allow":["GET"]}}],"collection":[{"href":"https:\/\/fashiongold.lt\/et\/wp-json\/wp\/v2\/product"}],"about":[{"href":"https:\/\/fashiongold.lt\/et\/wp-json\/wp\/v2\/types\/product"}],"version-history":[{"count":0,"href":"https:\/\/fashiongold.lt\/et\/wp-json\/wp\/v2\/product\/293360\/revisions"}],"wp:featuredmedia":[{"embeddable":true,"href":"https:\/\/fashiongold.lt\/et\/wp-json\/wp\/v2\/media\/220744"}],"wp:attachment":[{"href":"https:\/\/fashiongold.lt\/et\/wp-json\/wp\/v2\/media?parent=293360"}],"wp:term":[{"taxonomy":"product_brand","embeddable":true,"href":"https:\/\/fashiongold.lt\/et\/wp-json\/wp\/v2\/product_brand?post=293360"},{"taxonomy":"product_cat","embeddable":true,"href":"https:\/\/fashiongold.lt\/et\/wp-json\/wp\/v2\/product_cat?post=293360"},{"taxonomy":"product_tag","embeddable":true,"href":"https:\/\/fashiongold.lt\/et\/wp-json\/wp\/v2\/product_tag?post=293360"}],"curies":[{"name":"wp","href":"https:\/\/api.w.org\/{rel}","templated":true}]}}