{"id":293375,"date":"2025-10-20T12:00:05","date_gmt":"2025-10-20T12:00:05","guid":{"rendered":"https:\/\/fashiongold.lt\/papuosalas\/klassikaline-safiiri-ja-teemantidega-kihlasormus-klassikaline-safiir-0-78-ct\/"},"modified":"2025-10-20T12:00:05","modified_gmt":"2025-10-20T12:00:05","slug":"klassikaline-safiiri-ja-teemantidega-kihlasormus-klassikaline-safiir-0-78-ct","status":"publish","type":"product","link":"https:\/\/fashiongold.lt\/et\/papuosalas\/klassikaline-safiiri-ja-teemantidega-kihlasormus-klassikaline-safiir-0-78-ct\/","title":{"rendered":"Klassikaline safiiri ja teemantidega kihlas\u00f5rmus \u2013 Klassikaline Safiir (0.78 ct)"},"content":{"rendered":"<h2>Klassikaline safiiri ja teemantidega s\u00f5rmus &#8211; Klassikaline safiir (0.78 ct)<\/h2>\n<h3><span style=\"font-size: 12.87px;\">Klassikalise disainiga s\u00f5rmus 0,70-karaatise ovaalse safiiri ja 0,08-karaatiste looduslike teemantidega. Tasuta graveerimine.<\/span><\/h3>\n<p><span style=\"font-size: 11px;\">Valmistatud Leedus. Kordumatu iluga, eksklusiivse stiili ja k\u00f5rge kvaliteediga s\u00f5rmus. S\u00f5rmust saab tellida punasest, kollasest v\u00f5i valgest kullast. Safiir on j\u00f5u, optimismi ja aktiivsuse s\u00fcmbol. Safiiri maagiline v\u00e4gi aitab leevendada pingeid konfliktide ajal ja lahendada tervisemuresid. Safiir sobib &#8211; Kaladele, Kaaludele, Skorpionitele, Kaksikutele, Neitsitele, L\u00f5videle, J\u00e4\u00e4radele, S\u00f5nnidele, Veevalajatele, Amburitele.<\/span><\/p>\n<p>\u2022 S\u00f5rmuse metall: 14K (proov 585), saame valmistada 10K (proov 375), 18K (proov 750), 950 plaatinast<\/p>\n<p>\u2022 S\u00f5rmuse v\u00e4rv: v\u00f5imalik valida valge, kollane, punane kuld<\/p>\n<p>\u2022 S\u00f5rmuse kaal (s\u00f5ltub suurusest ja proovist): u 2,40 &#8211; 2,80 g<\/p>\n<p>\u2022 S\u00f5rmuse m\u00f5\u00f5dud: krooni laius &#8211; u 5,85 mm, v\u00f5ru laius &#8211; u 3,00-2,20 mm (m\u00f5\u00f5dud on ligikaudsed ja v\u00f5ivad varieeruda s\u00f5ltuvalt s\u00f5rmuse suurusest)<\/p>\n<p>\u2022 S\u00f5rmuse mugavustsoon (comfort fit): olemas<\/p>\n<p>\u2022 V\u00e4\u00e4riskivi t\u00fc\u00fcp: safiir<\/p>\n<p>\u2022 V\u00e4\u00e4riskivi kuju: ovaalse lihviga safiir (oval cut)<\/p>\n<p>\u2022 V\u00e4\u00e4riskivi omadused: 0,70 ct (v\u00f5imalik muuta)<\/p>\n<p>\u2022 Teemandi t\u00fc\u00fcp: Looduslikud teemandid<\/p>\n<p>\u2022 Teemandi kuju: \u00fcmar kuju (round shape)<\/p>\n<p>\u2022 Teemandi omadused: 0,08 ct, v\u00e4rvus G-H (RW-W); puhtus SI<\/p>\n<p>\u2022 Sertifikaat: Leedu Proovikoda (LPR)<\/p>\n<p>\u2022 Tasuta graveerimine<\/p>\n<p>\u2022 \u00dchekordne tasuta s\u00f5rmuse suuruse muutmise garantii (v\u00f5imaluse korral)<\/p>\n<p>\u2022 Valmistamis- ja tarneaeg alates 14 t\u00f6\u00f6p\u00e4evast, kiirtellimusel 3 t\u00f6\u00f6p\u00e4evaga<\/p>\n<p><strong>Kas teil on oma kulda? V\u00f5tke \u00fchendust, arvutame hinna \u00fcmber \u2013 maksate ainult s\u00f5rmuste valmistamise eest.<\/strong><\/p>\n","protected":false},"excerpt":{"rendered":"<p>Kaasaegse disainiga s\u00f5rmus ovaalse safiiri ja kahele poole asetatud teemandiga. Eriline, sobib kihluseks, igap\u00e4evaseks kandmiseks ja erilisteks puhkudeks<\/p>\n","protected":false},"featured_media":236827,"template":"","meta":{"site-sidebar-layout":"default","site-content-layout":"","ast-site-content-layout":"default","site-content-style":"default","site-sidebar-style":"default","ast-global-header-display":"","ast-banner-title-visibility":"","ast-main-header-display":"","ast-hfb-above-header-display":"","ast-hfb-below-header-display":"","ast-hfb-mobile-header-display":"","site-post-title":"","ast-breadcrumbs-content":"","ast-featured-img":"","footer-sml-layout":"","ast-disable-related-posts":"","theme-transparent-header-meta":"","adv-header-id-meta":"","stick-header-meta":"","header-above-stick-meta":"","header-main-stick-meta":"","header-below-stick-meta":"","astra-migrate-meta-layouts":"default","ast-page-background-enabled":"default","ast-page-background-meta":{"desktop":{"background-color":"var(--ast-global-color-4)","background-image":"","background-repeat":"repeat","background-position":"center center","background-size":"auto","background-attachment":"scroll","background-type":"","background-media":"","overlay-type":"","overlay-color":"","overlay-opacity":"","overlay-gradient":""},"tablet":{"background-color":"","background-image":"","background-repeat":"repeat","background-position":"center center","background-size":"auto","background-attachment":"scroll","background-type":"","background-media":"","overlay-type":"","overlay-color":"","overlay-opacity":"","overlay-gradient":""},"mobile":{"background-color":"","background-image":"","background-repeat":"repeat","background-position":"center center","background-size":"auto","background-attachment":"scroll","background-type":"","background-media":"","overlay-type":"","overlay-color":"","overlay-opacity":"","overlay-gradient":""}},"ast-content-background-meta":{"desktop":{"background-color":"var(--ast-global-color-5)","background-image":"","background-repeat":"repeat","background-position":"center center","background-size":"auto","background-attachment":"scroll","background-type":"","background-media":"","overlay-type":"","overlay-color":"","overlay-opacity":"","overlay-gradient":""},"tablet":{"background-color":"var(--ast-global-color-5)","background-image":"","background-repeat":"repeat","background-position":"center center","background-size":"auto","background-attachment":"scroll","background-type":"","background-media":"","overlay-type":"","overlay-color":"","overlay-opacity":"","overlay-gradient":""},"mobile":{"background-color":"var(--ast-global-color-5)","background-image":"","background-repeat":"repeat","background-position":"center center","background-size":"auto","background-attachment":"scroll","background-type":"","background-media":"","overlay-type":"","overlay-color":"","overlay-opacity":"","overlay-gradient":""}}},"product_brand":[],"product_cat":[3422,3423,2823,2824,3392,3425,3426,2843,2844,3448,2847,2845,3424],"product_tag":[],"class_list":{"0":"post-293375","1":"product","2":"type-product","3":"status-publish","4":"has-post-thumbnail","6":"product_cat-kihlasormused","7":"product_cat-kihlasormused-vaariskividega","8":"product_cat-kingitused-lapse-sunni-puhul","9":"product_cat-kingitused-pulma-aastapaeva-puhul","10":"product_cat-kingitused-pulmade-puhul","11":"product_cat-kollasest-kullast-kihlasormused","12":"product_cat-punasest-kullast-kihlasormused","13":"product_cat-safiir-ehted-safiiridega","14":"product_cat-safiiriga-kihlasormus","15":"product_cat-sinine-vaariskivi","16":"product_cat-siniste-vaariskividega-ehted","17":"product_cat-sobrapaeva-kingitused","18":"product_cat-valgest-kullast-kihlasormused","19":"desktop-align-center","20":"tablet-align-left","21":"mobile-align-left","22":"ast-product-gallery-layout-horizontal-slider","23":"ast-product-gallery-with-no-image","24":"ast-product-single-variable","25":"ast-product-tabs-layout-accordion","26":"ast-qv-on-image","28":"first","29":"instock","30":"taxable","31":"shipping-taxable","32":"purchasable","33":"product-type-variable"},"yoast_head":"<!-- This site is optimized with the Yoast SEO plugin v26.6 - https:\/\/yoast.com\/wordpress\/plugins\/seo\/ -->\n<title>Klassikaline safiiri ja teemantidega kihlas\u00f5rmus - Klassikaline Safiir (0.78 ct)<\/title>\n<meta name=\"description\" content=\"Klassikaline kihlas\u00f5rmus 0.70-karaatise ovaalse safiiri ja teemantidega. Eriline s\u00f5rmus, mis sobib kihluseks, igap\u00e4evaseks kandmiseks ja erilisteks puhkudeks.\" \/>\n<meta name=\"robots\" content=\"index, follow, max-snippet:-1, max-image-preview:large, max-video-preview:-1\" \/>\n<link rel=\"canonical\" href=\"https:\/\/fashiongold.lt\/et\/papuosalas\/klassikaline-safiiri-ja-teemantidega-kihlasormus-klassikaline-safiir-0-78-ct\/\" \/>\n<meta property=\"og:locale\" content=\"et_EE\" \/>\n<meta property=\"og:type\" content=\"article\" \/>\n<meta property=\"og:title\" content=\"Klassikaline safiiri ja teemantidega kihlas\u00f5rmus - Klassikaline Safiir (0.78 ct)\" \/>\n<meta property=\"og:description\" content=\"Klassikaline kihlas\u00f5rmus 0.70-karaatise ovaalse safiiri ja teemantidega. Eriline s\u00f5rmus, mis sobib kihluseks, igap\u00e4evaseks kandmiseks ja erilisteks puhkudeks.\" \/>\n<meta property=\"og:url\" content=\"https:\/\/fashiongold.lt\/et\/papuosalas\/klassikaline-safiiri-ja-teemantidega-kihlasormus-klassikaline-safiir-0-78-ct\/\" \/>\n<meta property=\"og:site_name\" content=\"FashionGold.lt\" \/>\n<meta property=\"og:image\" content=\"https:\/\/fashiongold.lt\/wp-content\/uploads\/2025\/10\/24263-376-Rozinio-aukso-klasikinis-ziedas-su-safyru-ir-deimantais-Klasikinis-Safyras-0.78-ct.webp\" \/>\n\t<meta property=\"og:image:width\" content=\"1000\" \/>\n\t<meta property=\"og:image:height\" content=\"1000\" \/>\n\t<meta property=\"og:image:type\" content=\"image\/png\" \/>\n<meta name=\"twitter:card\" content=\"summary_large_image\" \/>\n<meta name=\"twitter:label1\" content=\"Est. reading time\" \/>\n\t<meta name=\"twitter:data1\" content=\"1 minut\" \/>\n<script type=\"application\/ld+json\" class=\"yoast-schema-graph\">{\"@context\":\"https:\/\/schema.org\",\"@graph\":[{\"@type\":\"WebPage\",\"@id\":\"https:\/\/fashiongold.lt\/et\/papuosalas\/klassikaline-safiiri-ja-teemantidega-kihlasormus-klassikaline-safiir-0-78-ct\/\",\"url\":\"https:\/\/fashiongold.lt\/et\/papuosalas\/klassikaline-safiiri-ja-teemantidega-kihlasormus-klassikaline-safiir-0-78-ct\/\",\"name\":\"Klassikaline safiiri ja teemantidega kihlas\u00f5rmus - Klassikaline Safiir (0.78 ct)\",\"isPartOf\":{\"@id\":\"https:\/\/fashiongold.lt\/et\/#website\"},\"primaryImageOfPage\":{\"@id\":\"https:\/\/fashiongold.lt\/et\/papuosalas\/klassikaline-safiiri-ja-teemantidega-kihlasormus-klassikaline-safiir-0-78-ct\/#primaryimage\"},\"image\":{\"@id\":\"https:\/\/fashiongold.lt\/et\/papuosalas\/klassikaline-safiiri-ja-teemantidega-kihlasormus-klassikaline-safiir-0-78-ct\/#primaryimage\"},\"thumbnailUrl\":\"https:\/\/fashiongold.lt\/wp-content\/uploads\/2025\/10\/24263-376-Rozinio-aukso-klasikinis-ziedas-su-safyru-ir-deimantais-Klasikinis-Safyras-0.78-ct.png\",\"datePublished\":\"2025-10-20T12:00:05+00:00\",\"description\":\"Klassikaline kihlas\u00f5rmus 0.70-karaatise ovaalse safiiri ja teemantidega. Eriline s\u00f5rmus, mis sobib kihluseks, igap\u00e4evaseks kandmiseks ja erilisteks puhkudeks.\",\"breadcrumb\":{\"@id\":\"https:\/\/fashiongold.lt\/et\/papuosalas\/klassikaline-safiiri-ja-teemantidega-kihlasormus-klassikaline-safiir-0-78-ct\/#breadcrumb\"},\"inLanguage\":\"et\",\"potentialAction\":[{\"@type\":\"ReadAction\",\"target\":[\"https:\/\/fashiongold.lt\/et\/papuosalas\/klassikaline-safiiri-ja-teemantidega-kihlasormus-klassikaline-safiir-0-78-ct\/\"]}]},{\"@type\":\"ImageObject\",\"inLanguage\":\"et\",\"@id\":\"https:\/\/fashiongold.lt\/et\/papuosalas\/klassikaline-safiiri-ja-teemantidega-kihlasormus-klassikaline-safiir-0-78-ct\/#primaryimage\",\"url\":\"https:\/\/fashiongold.lt\/wp-content\/uploads\/2025\/10\/24263-376-Rozinio-aukso-klasikinis-ziedas-su-safyru-ir-deimantais-Klasikinis-Safyras-0.78-ct.png\",\"contentUrl\":\"https:\/\/fashiongold.lt\/wp-content\/uploads\/2025\/10\/24263-376-Rozinio-aukso-klasikinis-ziedas-su-safyru-ir-deimantais-Klasikinis-Safyras-0.78-ct.png\",\"width\":1000,\"height\":1000},{\"@type\":\"BreadcrumbList\",\"@id\":\"https:\/\/fashiongold.lt\/et\/papuosalas\/klassikaline-safiiri-ja-teemantidega-kihlasormus-klassikaline-safiir-0-78-ct\/#breadcrumb\",\"itemListElement\":[{\"@type\":\"ListItem\",\"position\":1,\"name\":\"Home\",\"item\":\"https:\/\/fashiongold.lt\/et\/\"},{\"@type\":\"ListItem\",\"position\":2,\"name\":\"Teemantide pood Fashiongold.lt\",\"item\":\"https:\/\/fashiongold.lt\/shop-2\/\"},{\"@type\":\"ListItem\",\"position\":3,\"name\":\"Klassikaline safiiri ja teemantidega kihlas\u00f5rmus \u2013 Klassikaline Safiir (0.78 ct)\"}]},{\"@type\":\"WebSite\",\"@id\":\"https:\/\/fashiongold.lt\/et\/#website\",\"url\":\"https:\/\/fashiongold.lt\/et\/\",\"name\":\"Fashion Gold\",\"description\":\"Juvelyrikos namai\",\"publisher\":{\"@id\":\"https:\/\/fashiongold.lt\/et\/#organization\"},\"potentialAction\":[{\"@type\":\"SearchAction\",\"target\":{\"@type\":\"EntryPoint\",\"urlTemplate\":\"https:\/\/fashiongold.lt\/et\/?s={search_term_string}\"},\"query-input\":{\"@type\":\"PropertyValueSpecification\",\"valueRequired\":true,\"valueName\":\"search_term_string\"}}],\"inLanguage\":\"et\"},{\"@type\":\"Organization\",\"@id\":\"https:\/\/fashiongold.lt\/et\/#organization\",\"name\":\"Topdiamonds Online\",\"url\":\"https:\/\/fashiongold.lt\/et\/\",\"logo\":{\"@type\":\"ImageObject\",\"inLanguage\":\"et\",\"@id\":\"https:\/\/fashiongold.lt\/et\/#\/schema\/logo\/image\/\",\"url\":\"https:\/\/fashiongold.lt\/wp-content\/uploads\/2025\/04\/cropped-fashion_gold_logotipas2-scaled-1.png\",\"contentUrl\":\"https:\/\/fashiongold.lt\/wp-content\/uploads\/2025\/04\/cropped-fashion_gold_logotipas2-scaled-1.png\",\"width\":2559,\"height\":421,\"caption\":\"Topdiamonds Online\"},\"image\":{\"@id\":\"https:\/\/fashiongold.lt\/et\/#\/schema\/logo\/image\/\"}}]}<\/script>\n<!-- \/ Yoast SEO plugin. -->","yoast_head_json":{"title":"Klassikaline safiiri ja teemantidega kihlas\u00f5rmus - Klassikaline Safiir (0.78 ct)","description":"Klassikaline kihlas\u00f5rmus 0.70-karaatise ovaalse safiiri ja teemantidega. Eriline s\u00f5rmus, mis sobib kihluseks, igap\u00e4evaseks kandmiseks ja erilisteks puhkudeks.","robots":{"index":"index","follow":"follow","max-snippet":"max-snippet:-1","max-image-preview":"max-image-preview:large","max-video-preview":"max-video-preview:-1"},"canonical":"https:\/\/fashiongold.lt\/et\/papuosalas\/klassikaline-safiiri-ja-teemantidega-kihlasormus-klassikaline-safiir-0-78-ct\/","og_locale":"et_EE","og_type":"article","og_title":"Klassikaline safiiri ja teemantidega kihlas\u00f5rmus - Klassikaline Safiir (0.78 ct)","og_description":"Klassikaline kihlas\u00f5rmus 0.70-karaatise ovaalse safiiri ja teemantidega. Eriline s\u00f5rmus, mis sobib kihluseks, igap\u00e4evaseks kandmiseks ja erilisteks puhkudeks.","og_url":"https:\/\/fashiongold.lt\/et\/papuosalas\/klassikaline-safiiri-ja-teemantidega-kihlasormus-klassikaline-safiir-0-78-ct\/","og_site_name":"FashionGold.lt","og_image":[{"width":1000,"height":1000,"url":"https:\/\/fashiongold.lt\/wp-content\/uploads\/2025\/10\/24263-376-Rozinio-aukso-klasikinis-ziedas-su-safyru-ir-deimantais-Klasikinis-Safyras-0.78-ct.webp","type":"image\/png"}],"twitter_card":"summary_large_image","twitter_misc":{"Est. reading time":"1 minut"},"schema":{"@context":"https:\/\/schema.org","@graph":[{"@type":"WebPage","@id":"https:\/\/fashiongold.lt\/et\/papuosalas\/klassikaline-safiiri-ja-teemantidega-kihlasormus-klassikaline-safiir-0-78-ct\/","url":"https:\/\/fashiongold.lt\/et\/papuosalas\/klassikaline-safiiri-ja-teemantidega-kihlasormus-klassikaline-safiir-0-78-ct\/","name":"Klassikaline safiiri ja teemantidega kihlas\u00f5rmus - Klassikaline Safiir (0.78 ct)","isPartOf":{"@id":"https:\/\/fashiongold.lt\/et\/#website"},"primaryImageOfPage":{"@id":"https:\/\/fashiongold.lt\/et\/papuosalas\/klassikaline-safiiri-ja-teemantidega-kihlasormus-klassikaline-safiir-0-78-ct\/#primaryimage"},"image":{"@id":"https:\/\/fashiongold.lt\/et\/papuosalas\/klassikaline-safiiri-ja-teemantidega-kihlasormus-klassikaline-safiir-0-78-ct\/#primaryimage"},"thumbnailUrl":"https:\/\/fashiongold.lt\/wp-content\/uploads\/2025\/10\/24263-376-Rozinio-aukso-klasikinis-ziedas-su-safyru-ir-deimantais-Klasikinis-Safyras-0.78-ct.png","datePublished":"2025-10-20T12:00:05+00:00","description":"Klassikaline kihlas\u00f5rmus 0.70-karaatise ovaalse safiiri ja teemantidega. Eriline s\u00f5rmus, mis sobib kihluseks, igap\u00e4evaseks kandmiseks ja erilisteks puhkudeks.","breadcrumb":{"@id":"https:\/\/fashiongold.lt\/et\/papuosalas\/klassikaline-safiiri-ja-teemantidega-kihlasormus-klassikaline-safiir-0-78-ct\/#breadcrumb"},"inLanguage":"et","potentialAction":[{"@type":"ReadAction","target":["https:\/\/fashiongold.lt\/et\/papuosalas\/klassikaline-safiiri-ja-teemantidega-kihlasormus-klassikaline-safiir-0-78-ct\/"]}]},{"@type":"ImageObject","inLanguage":"et","@id":"https:\/\/fashiongold.lt\/et\/papuosalas\/klassikaline-safiiri-ja-teemantidega-kihlasormus-klassikaline-safiir-0-78-ct\/#primaryimage","url":"https:\/\/fashiongold.lt\/wp-content\/uploads\/2025\/10\/24263-376-Rozinio-aukso-klasikinis-ziedas-su-safyru-ir-deimantais-Klasikinis-Safyras-0.78-ct.png","contentUrl":"https:\/\/fashiongold.lt\/wp-content\/uploads\/2025\/10\/24263-376-Rozinio-aukso-klasikinis-ziedas-su-safyru-ir-deimantais-Klasikinis-Safyras-0.78-ct.png","width":1000,"height":1000},{"@type":"BreadcrumbList","@id":"https:\/\/fashiongold.lt\/et\/papuosalas\/klassikaline-safiiri-ja-teemantidega-kihlasormus-klassikaline-safiir-0-78-ct\/#breadcrumb","itemListElement":[{"@type":"ListItem","position":1,"name":"Home","item":"https:\/\/fashiongold.lt\/et\/"},{"@type":"ListItem","position":2,"name":"Teemantide pood Fashiongold.lt","item":"https:\/\/fashiongold.lt\/shop-2\/"},{"@type":"ListItem","position":3,"name":"Klassikaline safiiri ja teemantidega kihlas\u00f5rmus \u2013 Klassikaline Safiir (0.78 ct)"}]},{"@type":"WebSite","@id":"https:\/\/fashiongold.lt\/et\/#website","url":"https:\/\/fashiongold.lt\/et\/","name":"Fashion Gold","description":"Juvelyrikos namai","publisher":{"@id":"https:\/\/fashiongold.lt\/et\/#organization"},"potentialAction":[{"@type":"SearchAction","target":{"@type":"EntryPoint","urlTemplate":"https:\/\/fashiongold.lt\/et\/?s={search_term_string}"},"query-input":{"@type":"PropertyValueSpecification","valueRequired":true,"valueName":"search_term_string"}}],"inLanguage":"et"},{"@type":"Organization","@id":"https:\/\/fashiongold.lt\/et\/#organization","name":"Topdiamonds Online","url":"https:\/\/fashiongold.lt\/et\/","logo":{"@type":"ImageObject","inLanguage":"et","@id":"https:\/\/fashiongold.lt\/et\/#\/schema\/logo\/image\/","url":"https:\/\/fashiongold.lt\/wp-content\/uploads\/2025\/04\/cropped-fashion_gold_logotipas2-scaled-1.png","contentUrl":"https:\/\/fashiongold.lt\/wp-content\/uploads\/2025\/04\/cropped-fashion_gold_logotipas2-scaled-1.png","width":2559,"height":421,"caption":"Topdiamonds Online"},"image":{"@id":"https:\/\/fashiongold.lt\/et\/#\/schema\/logo\/image\/"}}]}},"_links":{"self":[{"href":"https:\/\/fashiongold.lt\/et\/wp-json\/wp\/v2\/product\/293375","targetHints":{"allow":["GET"]}}],"collection":[{"href":"https:\/\/fashiongold.lt\/et\/wp-json\/wp\/v2\/product"}],"about":[{"href":"https:\/\/fashiongold.lt\/et\/wp-json\/wp\/v2\/types\/product"}],"version-history":[{"count":0,"href":"https:\/\/fashiongold.lt\/et\/wp-json\/wp\/v2\/product\/293375\/revisions"}],"wp:featuredmedia":[{"embeddable":true,"href":"https:\/\/fashiongold.lt\/et\/wp-json\/wp\/v2\/media\/236827"}],"wp:attachment":[{"href":"https:\/\/fashiongold.lt\/et\/wp-json\/wp\/v2\/media?parent=293375"}],"wp:term":[{"taxonomy":"product_brand","embeddable":true,"href":"https:\/\/fashiongold.lt\/et\/wp-json\/wp\/v2\/product_brand?post=293375"},{"taxonomy":"product_cat","embeddable":true,"href":"https:\/\/fashiongold.lt\/et\/wp-json\/wp\/v2\/product_cat?post=293375"},{"taxonomy":"product_tag","embeddable":true,"href":"https:\/\/fashiongold.lt\/et\/wp-json\/wp\/v2\/product_tag?post=293375"}],"curies":[{"name":"wp","href":"https:\/\/api.w.org\/{rel}","templated":true}]}}