{"id":293400,"date":"2025-10-20T12:00:00","date_gmt":"2025-10-20T12:00:00","guid":{"rendered":"https:\/\/fashiongold.lt\/papuosalas\/modernne-safiiri-ja-teemantidega-kihlasormus-minu-onn-0-29-ct\/"},"modified":"2025-10-20T12:00:00","modified_gmt":"2025-10-20T12:00:00","slug":"modernne-safiiri-ja-teemantidega-kihlasormus-minu-onn-0-29-ct","status":"publish","type":"product","link":"https:\/\/fashiongold.lt\/et\/papuosalas\/modernne-safiiri-ja-teemantidega-kihlasormus-minu-onn-0-29-ct\/","title":{"rendered":"Modernne safiiri ja teemantidega kihlas\u00f5rmus \u2013 Minu \u00f5nn (0.29 ct)"},"content":{"rendered":"<h2>Safiiri ja teemantidega s\u00f5rmus &#8211; Minu \u00d5nn (0.29 ct)<\/h2>\n<h3>Moodsa disainiga s\u00f5rmus 0,20-karaadise safiiri ja 0,09-karaadiste looduslike teemantidega. Tasuta graveerimine.<\/h3>\n<p>Valmistatud Leedus. Kordumatu iluga, eksklusiivse stiili ja k\u00f5rge kvaliteediga s\u00f5rmus. S\u00f5rmust saab tellida punasest, kollasest v\u00f5i valgest kullast. Safiir on j\u00f5u, optimismi ja aktiivsuse s\u00fcmbol. Safiiri maagiline v\u00e4gi aitab leevendada pingeid konfliktide ajal ja lahendada tervisemuresid. Safiir sobib Kaladele, Kaaludele, Skorpionitele, Kaksikutele, Neitsitele, L\u00f5videle, J\u00e4\u00e4radele, S\u00f5nnidele, Veevalajatele ja Amburitele.<\/p>\n<p>\u2022 S\u00f5rmuse metall: 14K (proov 585), saame valmistada ka 10K (proov 375), 18K (proov 750), 950 plaatinast<\/p>\n<p>\u2022 S\u00f5rmuse v\u00e4rvus: valida saab valge, kollase v\u00f5i punase kulla vahel<\/p>\n<p>\u2022 S\u00f5rmuse kaal (s\u00f5ltub suurusest ja proovist): u 1,80 &#8211; 2,20 g<\/p>\n<p>\u2022 S\u00f5rmuse m\u00f5\u00f5tmed: krooni laius &#8211; u 3,85 mm, v\u00f5ru laius &#8211; u 2,30 mm (m\u00f5\u00f5tmed on ligikaudsed ja v\u00f5ivad s\u00f5ltuvalt s\u00f5rmuse suurusest varieeruda)<\/p>\n<p>\u2022 S\u00f5rmuse mugavustsoon: olemas<\/p>\n<p>\u2022 V\u00e4\u00e4riskivi t\u00fc\u00fcp: safiir<\/p>\n<p>\u2022 V\u00e4\u00e4riskivi kuju: ruudukujuline safiir (princess cut)<\/p>\n<p>\u2022 V\u00e4\u00e4riskivi n\u00e4itajad: 0.30 ct (saab muuta)<\/p>\n<p>\u2022 Teemandi t\u00fc\u00fcp: Looduslikud teemandid<\/p>\n<p>\u2022 Teemandi kuju: \u00fcmar kuju (round shape)<\/p>\n<p>\u2022 Teemandi n\u00e4itajad: 0,09 ct, v\u00e4rvus G-H (RW-W); puhtus SI<\/p>\n<p>\u2022 Sertifikaat: Leedu Proovikoda (LPR)<\/p>\n<p>\u2022 Tasuta graveerimine<\/p>\n<p>\u2022 \u00dchekordne tasuta s\u00f5rmuse suuruse muutmise garantii (v\u00f5imaluse korral)<\/p>\n<p>\u2022 Valmistamis- ja tarneaeg alates 14 t\u00f6\u00f6p\u00e4evast, kiirtellimusena 3 t\u00f6\u00f6p\u00e4eva jooksul<\/p>\n<p><strong>Kas teil on oma kulda? V\u00f5tke \u00fchendust, arvutame hinna \u00fcmber \u2013 maksate ainult s\u00f5rmuste valmistamise eest.<\/strong><\/p>\n","protected":false},"excerpt":{"rendered":"<p>Moodsa disainiga ruudukujulise safiiri ja teemantidega s\u00f5rmus. Safiir on raamitud kuldsesse raami, teemandid on asetatud ridadena m\u00f5lemale poole, justkui safiiri j\u00e4tkuna. Sobib suurep\u00e4raselt erilisteks s\u00fcndmusteks ja igap\u00e4evaseks kandmiseks, lisades teie stiilile luksusliku aktsendi.<\/p>\n","protected":false},"featured_media":236386,"template":"","meta":{"site-sidebar-layout":"default","site-content-layout":"","ast-site-content-layout":"default","site-content-style":"default","site-sidebar-style":"default","ast-global-header-display":"","ast-banner-title-visibility":"","ast-main-header-display":"","ast-hfb-above-header-display":"","ast-hfb-below-header-display":"","ast-hfb-mobile-header-display":"","site-post-title":"","ast-breadcrumbs-content":"","ast-featured-img":"","footer-sml-layout":"","ast-disable-related-posts":"","theme-transparent-header-meta":"","adv-header-id-meta":"","stick-header-meta":"","header-above-stick-meta":"","header-main-stick-meta":"","header-below-stick-meta":"","astra-migrate-meta-layouts":"default","ast-page-background-enabled":"default","ast-page-background-meta":{"desktop":{"background-color":"var(--ast-global-color-4)","background-image":"","background-repeat":"repeat","background-position":"center center","background-size":"auto","background-attachment":"scroll","background-type":"","background-media":"","overlay-type":"","overlay-color":"","overlay-opacity":"","overlay-gradient":""},"tablet":{"background-color":"","background-image":"","background-repeat":"repeat","background-position":"center center","background-size":"auto","background-attachment":"scroll","background-type":"","background-media":"","overlay-type":"","overlay-color":"","overlay-opacity":"","overlay-gradient":""},"mobile":{"background-color":"","background-image":"","background-repeat":"repeat","background-position":"center center","background-size":"auto","background-attachment":"scroll","background-type":"","background-media":"","overlay-type":"","overlay-color":"","overlay-opacity":"","overlay-gradient":""}},"ast-content-background-meta":{"desktop":{"background-color":"var(--ast-global-color-5)","background-image":"","background-repeat":"repeat","background-position":"center center","background-size":"auto","background-attachment":"scroll","background-type":"","background-media":"","overlay-type":"","overlay-color":"","overlay-opacity":"","overlay-gradient":""},"tablet":{"background-color":"var(--ast-global-color-5)","background-image":"","background-repeat":"repeat","background-position":"center center","background-size":"auto","background-attachment":"scroll","background-type":"","background-media":"","overlay-type":"","overlay-color":"","overlay-opacity":"","overlay-gradient":""},"mobile":{"background-color":"var(--ast-global-color-5)","background-image":"","background-repeat":"repeat","background-position":"center center","background-size":"auto","background-attachment":"scroll","background-type":"","background-media":"","overlay-type":"","overlay-color":"","overlay-opacity":"","overlay-gradient":""}}},"product_brand":[],"product_cat":[3422,3423,2823,2824,3392,3425,3426,2843,2844,3448,2847,2845,3424],"product_tag":[],"class_list":{"0":"post-293400","1":"product","2":"type-product","3":"status-publish","4":"has-post-thumbnail","6":"product_cat-kihlasormused","7":"product_cat-kihlasormused-vaariskividega","8":"product_cat-kingitused-lapse-sunni-puhul","9":"product_cat-kingitused-pulma-aastapaeva-puhul","10":"product_cat-kingitused-pulmade-puhul","11":"product_cat-kollasest-kullast-kihlasormused","12":"product_cat-punasest-kullast-kihlasormused","13":"product_cat-safiir-ehted-safiiridega","14":"product_cat-safiiriga-kihlasormus","15":"product_cat-sinine-vaariskivi","16":"product_cat-siniste-vaariskividega-ehted","17":"product_cat-sobrapaeva-kingitused","18":"product_cat-valgest-kullast-kihlasormused","19":"desktop-align-center","20":"tablet-align-left","21":"mobile-align-left","22":"ast-product-gallery-layout-horizontal-slider","23":"ast-product-gallery-with-no-image","24":"ast-product-single-variable","25":"ast-product-tabs-layout-accordion","26":"ast-qv-on-image","28":"first","29":"instock","30":"taxable","31":"shipping-taxable","32":"purchasable","33":"product-type-variable"},"yoast_head":"<!-- This site is optimized with the Yoast SEO plugin v26.6 - https:\/\/yoast.com\/wordpress\/plugins\/seo\/ -->\n<title>Moodne safiiri ja teemantidega s\u00f5rmus - Mano Laim\u0117 (0.29 ct)<\/title>\n<meta name=\"description\" content=\"Moodne s\u00f5rmus 0,20-karaadise safiiriga, mis r\u00f5hutab delikaatselt s\u00f5rmuse elegantsust, ja v\u00e4ikeste teemantidega. Sobib suurep\u00e4raselt erilisteks s\u00fcndmusteks ja igap\u00e4evaseks kandmiseks.\" \/>\n<meta name=\"robots\" content=\"index, follow, max-snippet:-1, max-image-preview:large, max-video-preview:-1\" \/>\n<link rel=\"canonical\" href=\"https:\/\/fashiongold.lt\/et\/papuosalas\/modernne-safiiri-ja-teemantidega-kihlasormus-minu-onn-0-29-ct\/\" \/>\n<meta property=\"og:locale\" content=\"et_EE\" \/>\n<meta property=\"og:type\" content=\"article\" \/>\n<meta property=\"og:title\" content=\"Moodne safiiri ja teemantidega s\u00f5rmus - Mano Laim\u0117 (0.29 ct)\" \/>\n<meta property=\"og:description\" content=\"Moodne s\u00f5rmus 0,20-karaadise safiiriga, mis r\u00f5hutab delikaatselt s\u00f5rmuse elegantsust, ja v\u00e4ikeste teemantidega. Sobib suurep\u00e4raselt erilisteks s\u00fcndmusteks ja igap\u00e4evaseks kandmiseks.\" \/>\n<meta property=\"og:url\" content=\"https:\/\/fashiongold.lt\/et\/papuosalas\/modernne-safiiri-ja-teemantidega-kihlasormus-minu-onn-0-29-ct\/\" \/>\n<meta property=\"og:site_name\" content=\"FashionGold.lt\" \/>\n<meta property=\"og:image\" content=\"https:\/\/fashiongold.lt\/wp-content\/uploads\/2025\/10\/23515-441-Balto-aukso-ziedas-su-safyru-ir-deimantais-Mano-Laime-0.29-ct.webp\" \/>\n\t<meta property=\"og:image:width\" content=\"1000\" \/>\n\t<meta property=\"og:image:height\" content=\"1000\" \/>\n\t<meta property=\"og:image:type\" content=\"image\/png\" \/>\n<meta name=\"twitter:card\" content=\"summary_large_image\" \/>\n<meta name=\"twitter:label1\" content=\"Est. reading time\" \/>\n\t<meta name=\"twitter:data1\" content=\"1 minut\" \/>\n<script type=\"application\/ld+json\" class=\"yoast-schema-graph\">{\"@context\":\"https:\/\/schema.org\",\"@graph\":[{\"@type\":\"WebPage\",\"@id\":\"https:\/\/fashiongold.lt\/et\/papuosalas\/modernne-safiiri-ja-teemantidega-kihlasormus-minu-onn-0-29-ct\/\",\"url\":\"https:\/\/fashiongold.lt\/et\/papuosalas\/modernne-safiiri-ja-teemantidega-kihlasormus-minu-onn-0-29-ct\/\",\"name\":\"Moodne safiiri ja teemantidega s\u00f5rmus - Mano Laim\u0117 (0.29 ct)\",\"isPartOf\":{\"@id\":\"https:\/\/fashiongold.lt\/et\/#website\"},\"primaryImageOfPage\":{\"@id\":\"https:\/\/fashiongold.lt\/et\/papuosalas\/modernne-safiiri-ja-teemantidega-kihlasormus-minu-onn-0-29-ct\/#primaryimage\"},\"image\":{\"@id\":\"https:\/\/fashiongold.lt\/et\/papuosalas\/modernne-safiiri-ja-teemantidega-kihlasormus-minu-onn-0-29-ct\/#primaryimage\"},\"thumbnailUrl\":\"https:\/\/fashiongold.lt\/wp-content\/uploads\/2025\/10\/23515-441-Balto-aukso-ziedas-su-safyru-ir-deimantais-Mano-Laime-0.29-ct.png\",\"datePublished\":\"2025-10-20T12:00:00+00:00\",\"description\":\"Moodne s\u00f5rmus 0,20-karaadise safiiriga, mis r\u00f5hutab delikaatselt s\u00f5rmuse elegantsust, ja v\u00e4ikeste teemantidega. Sobib suurep\u00e4raselt erilisteks s\u00fcndmusteks ja igap\u00e4evaseks kandmiseks.\",\"breadcrumb\":{\"@id\":\"https:\/\/fashiongold.lt\/et\/papuosalas\/modernne-safiiri-ja-teemantidega-kihlasormus-minu-onn-0-29-ct\/#breadcrumb\"},\"inLanguage\":\"et\",\"potentialAction\":[{\"@type\":\"ReadAction\",\"target\":[\"https:\/\/fashiongold.lt\/et\/papuosalas\/modernne-safiiri-ja-teemantidega-kihlasormus-minu-onn-0-29-ct\/\"]}]},{\"@type\":\"ImageObject\",\"inLanguage\":\"et\",\"@id\":\"https:\/\/fashiongold.lt\/et\/papuosalas\/modernne-safiiri-ja-teemantidega-kihlasormus-minu-onn-0-29-ct\/#primaryimage\",\"url\":\"https:\/\/fashiongold.lt\/wp-content\/uploads\/2025\/10\/23515-441-Balto-aukso-ziedas-su-safyru-ir-deimantais-Mano-Laime-0.29-ct.png\",\"contentUrl\":\"https:\/\/fashiongold.lt\/wp-content\/uploads\/2025\/10\/23515-441-Balto-aukso-ziedas-su-safyru-ir-deimantais-Mano-Laime-0.29-ct.png\",\"width\":1000,\"height\":1000},{\"@type\":\"BreadcrumbList\",\"@id\":\"https:\/\/fashiongold.lt\/et\/papuosalas\/modernne-safiiri-ja-teemantidega-kihlasormus-minu-onn-0-29-ct\/#breadcrumb\",\"itemListElement\":[{\"@type\":\"ListItem\",\"position\":1,\"name\":\"Home\",\"item\":\"https:\/\/fashiongold.lt\/et\/\"},{\"@type\":\"ListItem\",\"position\":2,\"name\":\"Teemantide pood Fashiongold.lt\",\"item\":\"https:\/\/fashiongold.lt\/shop-2\/\"},{\"@type\":\"ListItem\",\"position\":3,\"name\":\"Modernne safiiri ja teemantidega kihlas\u00f5rmus \u2013 Minu \u00f5nn (0.29 ct)\"}]},{\"@type\":\"WebSite\",\"@id\":\"https:\/\/fashiongold.lt\/et\/#website\",\"url\":\"https:\/\/fashiongold.lt\/et\/\",\"name\":\"Fashion Gold\",\"description\":\"Juvelyrikos namai\",\"publisher\":{\"@id\":\"https:\/\/fashiongold.lt\/et\/#organization\"},\"potentialAction\":[{\"@type\":\"SearchAction\",\"target\":{\"@type\":\"EntryPoint\",\"urlTemplate\":\"https:\/\/fashiongold.lt\/et\/?s={search_term_string}\"},\"query-input\":{\"@type\":\"PropertyValueSpecification\",\"valueRequired\":true,\"valueName\":\"search_term_string\"}}],\"inLanguage\":\"et\"},{\"@type\":\"Organization\",\"@id\":\"https:\/\/fashiongold.lt\/et\/#organization\",\"name\":\"Topdiamonds Online\",\"url\":\"https:\/\/fashiongold.lt\/et\/\",\"logo\":{\"@type\":\"ImageObject\",\"inLanguage\":\"et\",\"@id\":\"https:\/\/fashiongold.lt\/et\/#\/schema\/logo\/image\/\",\"url\":\"https:\/\/fashiongold.lt\/wp-content\/uploads\/2025\/04\/cropped-fashion_gold_logotipas2-scaled-1.png\",\"contentUrl\":\"https:\/\/fashiongold.lt\/wp-content\/uploads\/2025\/04\/cropped-fashion_gold_logotipas2-scaled-1.png\",\"width\":2559,\"height\":421,\"caption\":\"Topdiamonds Online\"},\"image\":{\"@id\":\"https:\/\/fashiongold.lt\/et\/#\/schema\/logo\/image\/\"}}]}<\/script>\n<!-- \/ Yoast SEO plugin. -->","yoast_head_json":{"title":"Moodne safiiri ja teemantidega s\u00f5rmus - Mano Laim\u0117 (0.29 ct)","description":"Moodne s\u00f5rmus 0,20-karaadise safiiriga, mis r\u00f5hutab delikaatselt s\u00f5rmuse elegantsust, ja v\u00e4ikeste teemantidega. Sobib suurep\u00e4raselt erilisteks s\u00fcndmusteks ja igap\u00e4evaseks kandmiseks.","robots":{"index":"index","follow":"follow","max-snippet":"max-snippet:-1","max-image-preview":"max-image-preview:large","max-video-preview":"max-video-preview:-1"},"canonical":"https:\/\/fashiongold.lt\/et\/papuosalas\/modernne-safiiri-ja-teemantidega-kihlasormus-minu-onn-0-29-ct\/","og_locale":"et_EE","og_type":"article","og_title":"Moodne safiiri ja teemantidega s\u00f5rmus - Mano Laim\u0117 (0.29 ct)","og_description":"Moodne s\u00f5rmus 0,20-karaadise safiiriga, mis r\u00f5hutab delikaatselt s\u00f5rmuse elegantsust, ja v\u00e4ikeste teemantidega. Sobib suurep\u00e4raselt erilisteks s\u00fcndmusteks ja igap\u00e4evaseks kandmiseks.","og_url":"https:\/\/fashiongold.lt\/et\/papuosalas\/modernne-safiiri-ja-teemantidega-kihlasormus-minu-onn-0-29-ct\/","og_site_name":"FashionGold.lt","og_image":[{"width":1000,"height":1000,"url":"https:\/\/fashiongold.lt\/wp-content\/uploads\/2025\/10\/23515-441-Balto-aukso-ziedas-su-safyru-ir-deimantais-Mano-Laime-0.29-ct.webp","type":"image\/png"}],"twitter_card":"summary_large_image","twitter_misc":{"Est. reading time":"1 minut"},"schema":{"@context":"https:\/\/schema.org","@graph":[{"@type":"WebPage","@id":"https:\/\/fashiongold.lt\/et\/papuosalas\/modernne-safiiri-ja-teemantidega-kihlasormus-minu-onn-0-29-ct\/","url":"https:\/\/fashiongold.lt\/et\/papuosalas\/modernne-safiiri-ja-teemantidega-kihlasormus-minu-onn-0-29-ct\/","name":"Moodne safiiri ja teemantidega s\u00f5rmus - Mano Laim\u0117 (0.29 ct)","isPartOf":{"@id":"https:\/\/fashiongold.lt\/et\/#website"},"primaryImageOfPage":{"@id":"https:\/\/fashiongold.lt\/et\/papuosalas\/modernne-safiiri-ja-teemantidega-kihlasormus-minu-onn-0-29-ct\/#primaryimage"},"image":{"@id":"https:\/\/fashiongold.lt\/et\/papuosalas\/modernne-safiiri-ja-teemantidega-kihlasormus-minu-onn-0-29-ct\/#primaryimage"},"thumbnailUrl":"https:\/\/fashiongold.lt\/wp-content\/uploads\/2025\/10\/23515-441-Balto-aukso-ziedas-su-safyru-ir-deimantais-Mano-Laime-0.29-ct.png","datePublished":"2025-10-20T12:00:00+00:00","description":"Moodne s\u00f5rmus 0,20-karaadise safiiriga, mis r\u00f5hutab delikaatselt s\u00f5rmuse elegantsust, ja v\u00e4ikeste teemantidega. Sobib suurep\u00e4raselt erilisteks s\u00fcndmusteks ja igap\u00e4evaseks kandmiseks.","breadcrumb":{"@id":"https:\/\/fashiongold.lt\/et\/papuosalas\/modernne-safiiri-ja-teemantidega-kihlasormus-minu-onn-0-29-ct\/#breadcrumb"},"inLanguage":"et","potentialAction":[{"@type":"ReadAction","target":["https:\/\/fashiongold.lt\/et\/papuosalas\/modernne-safiiri-ja-teemantidega-kihlasormus-minu-onn-0-29-ct\/"]}]},{"@type":"ImageObject","inLanguage":"et","@id":"https:\/\/fashiongold.lt\/et\/papuosalas\/modernne-safiiri-ja-teemantidega-kihlasormus-minu-onn-0-29-ct\/#primaryimage","url":"https:\/\/fashiongold.lt\/wp-content\/uploads\/2025\/10\/23515-441-Balto-aukso-ziedas-su-safyru-ir-deimantais-Mano-Laime-0.29-ct.png","contentUrl":"https:\/\/fashiongold.lt\/wp-content\/uploads\/2025\/10\/23515-441-Balto-aukso-ziedas-su-safyru-ir-deimantais-Mano-Laime-0.29-ct.png","width":1000,"height":1000},{"@type":"BreadcrumbList","@id":"https:\/\/fashiongold.lt\/et\/papuosalas\/modernne-safiiri-ja-teemantidega-kihlasormus-minu-onn-0-29-ct\/#breadcrumb","itemListElement":[{"@type":"ListItem","position":1,"name":"Home","item":"https:\/\/fashiongold.lt\/et\/"},{"@type":"ListItem","position":2,"name":"Teemantide pood Fashiongold.lt","item":"https:\/\/fashiongold.lt\/shop-2\/"},{"@type":"ListItem","position":3,"name":"Modernne safiiri ja teemantidega kihlas\u00f5rmus \u2013 Minu \u00f5nn (0.29 ct)"}]},{"@type":"WebSite","@id":"https:\/\/fashiongold.lt\/et\/#website","url":"https:\/\/fashiongold.lt\/et\/","name":"Fashion Gold","description":"Juvelyrikos namai","publisher":{"@id":"https:\/\/fashiongold.lt\/et\/#organization"},"potentialAction":[{"@type":"SearchAction","target":{"@type":"EntryPoint","urlTemplate":"https:\/\/fashiongold.lt\/et\/?s={search_term_string}"},"query-input":{"@type":"PropertyValueSpecification","valueRequired":true,"valueName":"search_term_string"}}],"inLanguage":"et"},{"@type":"Organization","@id":"https:\/\/fashiongold.lt\/et\/#organization","name":"Topdiamonds Online","url":"https:\/\/fashiongold.lt\/et\/","logo":{"@type":"ImageObject","inLanguage":"et","@id":"https:\/\/fashiongold.lt\/et\/#\/schema\/logo\/image\/","url":"https:\/\/fashiongold.lt\/wp-content\/uploads\/2025\/04\/cropped-fashion_gold_logotipas2-scaled-1.png","contentUrl":"https:\/\/fashiongold.lt\/wp-content\/uploads\/2025\/04\/cropped-fashion_gold_logotipas2-scaled-1.png","width":2559,"height":421,"caption":"Topdiamonds Online"},"image":{"@id":"https:\/\/fashiongold.lt\/et\/#\/schema\/logo\/image\/"}}]}},"_links":{"self":[{"href":"https:\/\/fashiongold.lt\/et\/wp-json\/wp\/v2\/product\/293400","targetHints":{"allow":["GET"]}}],"collection":[{"href":"https:\/\/fashiongold.lt\/et\/wp-json\/wp\/v2\/product"}],"about":[{"href":"https:\/\/fashiongold.lt\/et\/wp-json\/wp\/v2\/types\/product"}],"version-history":[{"count":0,"href":"https:\/\/fashiongold.lt\/et\/wp-json\/wp\/v2\/product\/293400\/revisions"}],"wp:featuredmedia":[{"embeddable":true,"href":"https:\/\/fashiongold.lt\/et\/wp-json\/wp\/v2\/media\/236386"}],"wp:attachment":[{"href":"https:\/\/fashiongold.lt\/et\/wp-json\/wp\/v2\/media?parent=293400"}],"wp:term":[{"taxonomy":"product_brand","embeddable":true,"href":"https:\/\/fashiongold.lt\/et\/wp-json\/wp\/v2\/product_brand?post=293400"},{"taxonomy":"product_cat","embeddable":true,"href":"https:\/\/fashiongold.lt\/et\/wp-json\/wp\/v2\/product_cat?post=293400"},{"taxonomy":"product_tag","embeddable":true,"href":"https:\/\/fashiongold.lt\/et\/wp-json\/wp\/v2\/product_tag?post=293400"}],"curies":[{"name":"wp","href":"https:\/\/api.w.org\/{rel}","templated":true}]}}