{"id":293410,"date":"2025-10-20T11:59:59","date_gmt":"2025-10-20T11:59:59","guid":{"rendered":"https:\/\/fashiongold.lt\/papuosalas\/halo-kihlasormus-safiiri-ja-teemantidega-madagascar-0-23-ct\/"},"modified":"2025-10-20T11:59:59","modified_gmt":"2025-10-20T11:59:59","slug":"halo-kihlasormus-safiiri-ja-teemantidega-madagascar-0-23-ct","status":"publish","type":"product","link":"https:\/\/fashiongold.lt\/et\/papuosalas\/halo-kihlasormus-safiiri-ja-teemantidega-madagascar-0-23-ct\/","title":{"rendered":"Halo kihlas\u00f5rmus safiiri ja teemantidega \u2013 Madagascar (0.23 ct)"},"content":{"rendered":"<h2>Safiiri ja teemantidega kihlas\u00f5rmus &#8211; Madagascar (0.23 ct)<\/h2>\n<h3>Halo-disainiga kihlas\u00f5rmus 0,15-karaatise safiiri ja looduslike teemantidega.<\/h3>\n<p>Valmistatud Leedus. Kordumatu iluga, erakordse stiili ja k\u00f5rge kvaliteediga s\u00f5rmus. S\u00f5rmust saab tellida punasest, kollasest v\u00f5i valgest kullast. Safiir on j\u00f5u, optimismi ja aktiivsuse s\u00fcmbol. Safiiri maagiline v\u00e4gi aitab leevendada pingeid konfliktide ajal ja lahendada tervisemuresid. Safiir sobib j\u00e4rgmistele t\u00e4hem\u00e4rkidele: Kalad, Kaalud, Skorpion, Kaksikud, Neitsi, L\u00f5vi, J\u00e4\u00e4r, S\u00f5nn, Veevalaja, Ambur.<\/p>\n<p>\u2022 S\u00f5rmuse metall: 14K (proov 585), saame valmistada ka 10K (proov 375), 18K (proov 750), 950 plaatinast<\/p>\n<p>\u2022 S\u00f5rmuse v\u00e4rvus: valida saab valge, kollase v\u00f5i punase kulla vahel<\/p>\n<p>\u2022 S\u00f5rmuse kaal (s\u00f5ltub suurusest ja proovist): umbes 1,50 &#8211; 1,90 g<\/p>\n<p>\u2022 S\u00f5rmuse m\u00f5\u00f5tmed: krooni laius &#8211; umbes 6,75 mm, vitsa laius &#8211; umbes 1,60 mm (m\u00f5\u00f5tmed on ligikaudsed ja v\u00f5ivad erineda s\u00f5ltuvalt s\u00f5rmuse suurusest)<\/p>\n<p>\u2022 S\u00f5rmuse mugavustsoon (comfort fit): olemas<\/p>\n<p>\u2022 V\u00e4\u00e4riskivi t\u00fc\u00fcp: safiir<\/p>\n<p>\u2022 V\u00e4\u00e4riskivi kuju: \u00fcmmargune safiir (round cut)<\/p>\n<p>\u2022 V\u00e4\u00e4riskivi omadused: 0,15 ct (muudetav)<\/p>\n<p>\u2022 Teemandi t\u00fc\u00fcp: Looduslikud teemandid<\/p>\n<p>\u2022 Teemandi kuju: \u00fcmmargune kuju (round shape)<\/p>\n<p>\u2022 Teemandi omadused: 0,08 ct, v\u00e4rvus G-H (RW-W); puhtus SI<\/p>\n<p>\u2022 Sertifikaat: Leedu Proovikoda (LPR)<\/p>\n<p>\u2022 Tasuta graveerimine<\/p>\n<p>\u2022 \u00dchekordne tasuta s\u00f5rmuse suuruse muutmise garantii (vastavalt v\u00f5imalustele)<\/p>\n<p>\u2022 Valmistamis- ja tarneaeg alates 14 t\u00f6\u00f6p\u00e4evast, kiirtellimus 3 t\u00f6\u00f6p\u00e4eva jooksul<\/p>\n<p><strong>Kas teil on oma kulda? V\u00f5tke \u00fchendust ja me arvutame hinna \u00fcmber \u2013 maksate ainult s\u00f5rmuste valmistamise eest.<\/strong><\/p>\n","protected":false},"excerpt":{"rendered":"<p>Kihlas\u00f5rmus paistab silma halo-disaini ja erilise iluga. Keskel asub 0,15-karadine \u00fcmmargune safiir, mis r\u00f5hutab delikaatselt s\u00f5rmuse elegantsust. Safiiri \u00fcmber kinnitatud teemandid lisavad t\u00e4iendavat s\u00e4ra ja luksust. See erakordne s\u00f5rmus sobib suurep\u00e4raselt stiilsele naisele, kes hindab modernsust ja elegantsust.<\/p>\n","protected":false},"featured_media":222400,"template":"","meta":{"site-sidebar-layout":"default","site-content-layout":"","ast-site-content-layout":"default","site-content-style":"default","site-sidebar-style":"default","ast-global-header-display":"","ast-banner-title-visibility":"","ast-main-header-display":"","ast-hfb-above-header-display":"","ast-hfb-below-header-display":"","ast-hfb-mobile-header-display":"","site-post-title":"","ast-breadcrumbs-content":"","ast-featured-img":"","footer-sml-layout":"","ast-disable-related-posts":"","theme-transparent-header-meta":"","adv-header-id-meta":"","stick-header-meta":"","header-above-stick-meta":"","header-main-stick-meta":"","header-below-stick-meta":"","astra-migrate-meta-layouts":"default","ast-page-background-enabled":"default","ast-page-background-meta":{"desktop":{"background-color":"var(--ast-global-color-4)","background-image":"","background-repeat":"repeat","background-position":"center center","background-size":"auto","background-attachment":"scroll","background-type":"","background-media":"","overlay-type":"","overlay-color":"","overlay-opacity":"","overlay-gradient":""},"tablet":{"background-color":"","background-image":"","background-repeat":"repeat","background-position":"center center","background-size":"auto","background-attachment":"scroll","background-type":"","background-media":"","overlay-type":"","overlay-color":"","overlay-opacity":"","overlay-gradient":""},"mobile":{"background-color":"","background-image":"","background-repeat":"repeat","background-position":"center center","background-size":"auto","background-attachment":"scroll","background-type":"","background-media":"","overlay-type":"","overlay-color":"","overlay-opacity":"","overlay-gradient":""}},"ast-content-background-meta":{"desktop":{"background-color":"var(--ast-global-color-5)","background-image":"","background-repeat":"repeat","background-position":"center center","background-size":"auto","background-attachment":"scroll","background-type":"","background-media":"","overlay-type":"","overlay-color":"","overlay-opacity":"","overlay-gradient":""},"tablet":{"background-color":"var(--ast-global-color-5)","background-image":"","background-repeat":"repeat","background-position":"center center","background-size":"auto","background-attachment":"scroll","background-type":"","background-media":"","overlay-type":"","overlay-color":"","overlay-opacity":"","overlay-gradient":""},"mobile":{"background-color":"var(--ast-global-color-5)","background-image":"","background-repeat":"repeat","background-position":"center center","background-size":"auto","background-attachment":"scroll","background-type":"","background-media":"","overlay-type":"","overlay-color":"","overlay-opacity":"","overlay-gradient":""}}},"product_brand":[],"product_cat":[3058,2830,2826,3422,3423,2829,2823,2828,2822,2824,2821,3425,2846,3426,2843,2849,2844,3448,2847,2845,2848,3424],"product_tag":[],"class_list":{"0":"post-293410","1":"product","2":"type-product","3":"status-publish","4":"has-post-thumbnail","6":"product_cat-ehted","7":"product_cat-emadepaeva-kingitused","8":"product_cat-joulukingid","9":"product_cat-kihlasormused","10":"product_cat-kihlasormused-vaariskividega","11":"product_cat-kingitused-erilisteks-puhkudeks","12":"product_cat-kingitused-lapse-sunni-puhul","13":"product_cat-kingitused-lopetamise-puhul","14":"product_cat-kingitused-naistele","15":"product_cat-kingitused-pulma-aastapaeva-puhul","16":"product_cat-kingitused-sunnipaevaks","17":"product_cat-kollasest-kullast-kihlasormused","18":"product_cat-poolvaariskividega-ehted","19":"product_cat-punasest-kullast-kihlasormused","20":"product_cat-safiir-ehted-safiiridega","21":"product_cat-safiiridega-sormused","22":"product_cat-safiiriga-kihlasormus","23":"product_cat-sinine-vaariskivi","24":"product_cat-siniste-vaariskividega-ehted","25":"product_cat-sobrapaeva-kingitused","26":"product_cat-vaariskividega-sormused","27":"product_cat-valgest-kullast-kihlasormused","28":"desktop-align-center","29":"tablet-align-left","30":"mobile-align-left","31":"ast-product-gallery-layout-horizontal-slider","32":"ast-product-gallery-with-no-image","33":"ast-product-single-variable","34":"ast-product-tabs-layout-accordion","35":"ast-qv-on-image","37":"first","38":"instock","39":"taxable","40":"shipping-taxable","41":"purchasable","42":"product-type-variable"},"yoast_head":"<!-- This site is optimized with the Yoast SEO plugin v26.6 - https:\/\/yoast.com\/wordpress\/plugins\/seo\/ -->\n<title>Halo kihlas\u00f5rmus safiiri ja teemantidega - Madagaskar (0.23 ct)<\/title>\n<meta name=\"description\" content=\"Kihlas\u00f5rmus 0,15-karaatise safiiriga, mis r\u00f5hutab delikaatselt s\u00f5rmuse elegantsi. Sobib suurep\u00e4raselt stiilsele naisele, kes hindab modernsust ja elegantsi.\" \/>\n<meta name=\"robots\" content=\"index, follow, max-snippet:-1, max-image-preview:large, max-video-preview:-1\" \/>\n<link rel=\"canonical\" href=\"https:\/\/fashiongold.lt\/et\/papuosalas\/halo-kihlasormus-safiiri-ja-teemantidega-madagascar-0-23-ct\/\" \/>\n<meta property=\"og:locale\" content=\"et_EE\" \/>\n<meta property=\"og:type\" content=\"article\" \/>\n<meta property=\"og:title\" content=\"Halo kihlas\u00f5rmus safiiri ja teemantidega - Madagaskar (0.23 ct)\" \/>\n<meta property=\"og:description\" content=\"Kihlas\u00f5rmus 0,15-karaatise safiiriga, mis r\u00f5hutab delikaatselt s\u00f5rmuse elegantsi. Sobib suurep\u00e4raselt stiilsele naisele, kes hindab modernsust ja elegantsi.\" \/>\n<meta property=\"og:url\" content=\"https:\/\/fashiongold.lt\/et\/papuosalas\/halo-kihlasormus-safiiri-ja-teemantidega-madagascar-0-23-ct\/\" \/>\n<meta property=\"og:site_name\" content=\"FashionGold.lt\" \/>\n<meta property=\"og:image\" content=\"https:\/\/fashiongold.lt\/wp-content\/uploads\/2025\/10\/22822-328-Balto-aukso-halo-suzadetuviu-ziedas-su-safyru-ir-deimantais-Madagascar-0.23-ct.webp\" \/>\n\t<meta property=\"og:image:width\" content=\"1000\" \/>\n\t<meta property=\"og:image:height\" content=\"1000\" \/>\n\t<meta property=\"og:image:type\" content=\"image\/png\" \/>\n<meta name=\"twitter:card\" content=\"summary_large_image\" \/>\n<meta name=\"twitter:label1\" content=\"Est. reading time\" \/>\n\t<meta name=\"twitter:data1\" content=\"1 minut\" \/>\n<script type=\"application\/ld+json\" class=\"yoast-schema-graph\">{\"@context\":\"https:\/\/schema.org\",\"@graph\":[{\"@type\":\"WebPage\",\"@id\":\"https:\/\/fashiongold.lt\/et\/papuosalas\/halo-kihlasormus-safiiri-ja-teemantidega-madagascar-0-23-ct\/\",\"url\":\"https:\/\/fashiongold.lt\/et\/papuosalas\/halo-kihlasormus-safiiri-ja-teemantidega-madagascar-0-23-ct\/\",\"name\":\"Halo kihlas\u00f5rmus safiiri ja teemantidega - Madagaskar (0.23 ct)\",\"isPartOf\":{\"@id\":\"https:\/\/fashiongold.lt\/et\/#website\"},\"primaryImageOfPage\":{\"@id\":\"https:\/\/fashiongold.lt\/et\/papuosalas\/halo-kihlasormus-safiiri-ja-teemantidega-madagascar-0-23-ct\/#primaryimage\"},\"image\":{\"@id\":\"https:\/\/fashiongold.lt\/et\/papuosalas\/halo-kihlasormus-safiiri-ja-teemantidega-madagascar-0-23-ct\/#primaryimage\"},\"thumbnailUrl\":\"https:\/\/fashiongold.lt\/wp-content\/uploads\/2025\/10\/22822-328-Balto-aukso-halo-suzadetuviu-ziedas-su-safyru-ir-deimantais-Madagascar-0.23-ct.png\",\"datePublished\":\"2025-10-20T11:59:59+00:00\",\"description\":\"Kihlas\u00f5rmus 0,15-karaatise safiiriga, mis r\u00f5hutab delikaatselt s\u00f5rmuse elegantsi. Sobib suurep\u00e4raselt stiilsele naisele, kes hindab modernsust ja elegantsi.\",\"breadcrumb\":{\"@id\":\"https:\/\/fashiongold.lt\/et\/papuosalas\/halo-kihlasormus-safiiri-ja-teemantidega-madagascar-0-23-ct\/#breadcrumb\"},\"inLanguage\":\"et\",\"potentialAction\":[{\"@type\":\"ReadAction\",\"target\":[\"https:\/\/fashiongold.lt\/et\/papuosalas\/halo-kihlasormus-safiiri-ja-teemantidega-madagascar-0-23-ct\/\"]}]},{\"@type\":\"ImageObject\",\"inLanguage\":\"et\",\"@id\":\"https:\/\/fashiongold.lt\/et\/papuosalas\/halo-kihlasormus-safiiri-ja-teemantidega-madagascar-0-23-ct\/#primaryimage\",\"url\":\"https:\/\/fashiongold.lt\/wp-content\/uploads\/2025\/10\/22822-328-Balto-aukso-halo-suzadetuviu-ziedas-su-safyru-ir-deimantais-Madagascar-0.23-ct.png\",\"contentUrl\":\"https:\/\/fashiongold.lt\/wp-content\/uploads\/2025\/10\/22822-328-Balto-aukso-halo-suzadetuviu-ziedas-su-safyru-ir-deimantais-Madagascar-0.23-ct.png\",\"width\":1000,\"height\":1000},{\"@type\":\"BreadcrumbList\",\"@id\":\"https:\/\/fashiongold.lt\/et\/papuosalas\/halo-kihlasormus-safiiri-ja-teemantidega-madagascar-0-23-ct\/#breadcrumb\",\"itemListElement\":[{\"@type\":\"ListItem\",\"position\":1,\"name\":\"Home\",\"item\":\"https:\/\/fashiongold.lt\/et\/\"},{\"@type\":\"ListItem\",\"position\":2,\"name\":\"Teemantide pood Fashiongold.lt\",\"item\":\"https:\/\/fashiongold.lt\/shop-2\/\"},{\"@type\":\"ListItem\",\"position\":3,\"name\":\"Halo kihlas\u00f5rmus safiiri ja teemantidega \u2013 Madagascar (0.23 ct)\"}]},{\"@type\":\"WebSite\",\"@id\":\"https:\/\/fashiongold.lt\/et\/#website\",\"url\":\"https:\/\/fashiongold.lt\/et\/\",\"name\":\"Fashion Gold\",\"description\":\"Juvelyrikos namai\",\"publisher\":{\"@id\":\"https:\/\/fashiongold.lt\/et\/#organization\"},\"potentialAction\":[{\"@type\":\"SearchAction\",\"target\":{\"@type\":\"EntryPoint\",\"urlTemplate\":\"https:\/\/fashiongold.lt\/et\/?s={search_term_string}\"},\"query-input\":{\"@type\":\"PropertyValueSpecification\",\"valueRequired\":true,\"valueName\":\"search_term_string\"}}],\"inLanguage\":\"et\"},{\"@type\":\"Organization\",\"@id\":\"https:\/\/fashiongold.lt\/et\/#organization\",\"name\":\"Topdiamonds Online\",\"url\":\"https:\/\/fashiongold.lt\/et\/\",\"logo\":{\"@type\":\"ImageObject\",\"inLanguage\":\"et\",\"@id\":\"https:\/\/fashiongold.lt\/et\/#\/schema\/logo\/image\/\",\"url\":\"https:\/\/fashiongold.lt\/wp-content\/uploads\/2025\/04\/cropped-fashion_gold_logotipas2-scaled-1.png\",\"contentUrl\":\"https:\/\/fashiongold.lt\/wp-content\/uploads\/2025\/04\/cropped-fashion_gold_logotipas2-scaled-1.png\",\"width\":2559,\"height\":421,\"caption\":\"Topdiamonds Online\"},\"image\":{\"@id\":\"https:\/\/fashiongold.lt\/et\/#\/schema\/logo\/image\/\"}}]}<\/script>\n<!-- \/ Yoast SEO plugin. -->","yoast_head_json":{"title":"Halo kihlas\u00f5rmus safiiri ja teemantidega - Madagaskar (0.23 ct)","description":"Kihlas\u00f5rmus 0,15-karaatise safiiriga, mis r\u00f5hutab delikaatselt s\u00f5rmuse elegantsi. Sobib suurep\u00e4raselt stiilsele naisele, kes hindab modernsust ja elegantsi.","robots":{"index":"index","follow":"follow","max-snippet":"max-snippet:-1","max-image-preview":"max-image-preview:large","max-video-preview":"max-video-preview:-1"},"canonical":"https:\/\/fashiongold.lt\/et\/papuosalas\/halo-kihlasormus-safiiri-ja-teemantidega-madagascar-0-23-ct\/","og_locale":"et_EE","og_type":"article","og_title":"Halo kihlas\u00f5rmus safiiri ja teemantidega - Madagaskar (0.23 ct)","og_description":"Kihlas\u00f5rmus 0,15-karaatise safiiriga, mis r\u00f5hutab delikaatselt s\u00f5rmuse elegantsi. Sobib suurep\u00e4raselt stiilsele naisele, kes hindab modernsust ja elegantsi.","og_url":"https:\/\/fashiongold.lt\/et\/papuosalas\/halo-kihlasormus-safiiri-ja-teemantidega-madagascar-0-23-ct\/","og_site_name":"FashionGold.lt","og_image":[{"width":1000,"height":1000,"url":"https:\/\/fashiongold.lt\/wp-content\/uploads\/2025\/10\/22822-328-Balto-aukso-halo-suzadetuviu-ziedas-su-safyru-ir-deimantais-Madagascar-0.23-ct.webp","type":"image\/png"}],"twitter_card":"summary_large_image","twitter_misc":{"Est. reading time":"1 minut"},"schema":{"@context":"https:\/\/schema.org","@graph":[{"@type":"WebPage","@id":"https:\/\/fashiongold.lt\/et\/papuosalas\/halo-kihlasormus-safiiri-ja-teemantidega-madagascar-0-23-ct\/","url":"https:\/\/fashiongold.lt\/et\/papuosalas\/halo-kihlasormus-safiiri-ja-teemantidega-madagascar-0-23-ct\/","name":"Halo kihlas\u00f5rmus safiiri ja teemantidega - Madagaskar (0.23 ct)","isPartOf":{"@id":"https:\/\/fashiongold.lt\/et\/#website"},"primaryImageOfPage":{"@id":"https:\/\/fashiongold.lt\/et\/papuosalas\/halo-kihlasormus-safiiri-ja-teemantidega-madagascar-0-23-ct\/#primaryimage"},"image":{"@id":"https:\/\/fashiongold.lt\/et\/papuosalas\/halo-kihlasormus-safiiri-ja-teemantidega-madagascar-0-23-ct\/#primaryimage"},"thumbnailUrl":"https:\/\/fashiongold.lt\/wp-content\/uploads\/2025\/10\/22822-328-Balto-aukso-halo-suzadetuviu-ziedas-su-safyru-ir-deimantais-Madagascar-0.23-ct.png","datePublished":"2025-10-20T11:59:59+00:00","description":"Kihlas\u00f5rmus 0,15-karaatise safiiriga, mis r\u00f5hutab delikaatselt s\u00f5rmuse elegantsi. Sobib suurep\u00e4raselt stiilsele naisele, kes hindab modernsust ja elegantsi.","breadcrumb":{"@id":"https:\/\/fashiongold.lt\/et\/papuosalas\/halo-kihlasormus-safiiri-ja-teemantidega-madagascar-0-23-ct\/#breadcrumb"},"inLanguage":"et","potentialAction":[{"@type":"ReadAction","target":["https:\/\/fashiongold.lt\/et\/papuosalas\/halo-kihlasormus-safiiri-ja-teemantidega-madagascar-0-23-ct\/"]}]},{"@type":"ImageObject","inLanguage":"et","@id":"https:\/\/fashiongold.lt\/et\/papuosalas\/halo-kihlasormus-safiiri-ja-teemantidega-madagascar-0-23-ct\/#primaryimage","url":"https:\/\/fashiongold.lt\/wp-content\/uploads\/2025\/10\/22822-328-Balto-aukso-halo-suzadetuviu-ziedas-su-safyru-ir-deimantais-Madagascar-0.23-ct.png","contentUrl":"https:\/\/fashiongold.lt\/wp-content\/uploads\/2025\/10\/22822-328-Balto-aukso-halo-suzadetuviu-ziedas-su-safyru-ir-deimantais-Madagascar-0.23-ct.png","width":1000,"height":1000},{"@type":"BreadcrumbList","@id":"https:\/\/fashiongold.lt\/et\/papuosalas\/halo-kihlasormus-safiiri-ja-teemantidega-madagascar-0-23-ct\/#breadcrumb","itemListElement":[{"@type":"ListItem","position":1,"name":"Home","item":"https:\/\/fashiongold.lt\/et\/"},{"@type":"ListItem","position":2,"name":"Teemantide pood Fashiongold.lt","item":"https:\/\/fashiongold.lt\/shop-2\/"},{"@type":"ListItem","position":3,"name":"Halo kihlas\u00f5rmus safiiri ja teemantidega \u2013 Madagascar (0.23 ct)"}]},{"@type":"WebSite","@id":"https:\/\/fashiongold.lt\/et\/#website","url":"https:\/\/fashiongold.lt\/et\/","name":"Fashion Gold","description":"Juvelyrikos namai","publisher":{"@id":"https:\/\/fashiongold.lt\/et\/#organization"},"potentialAction":[{"@type":"SearchAction","target":{"@type":"EntryPoint","urlTemplate":"https:\/\/fashiongold.lt\/et\/?s={search_term_string}"},"query-input":{"@type":"PropertyValueSpecification","valueRequired":true,"valueName":"search_term_string"}}],"inLanguage":"et"},{"@type":"Organization","@id":"https:\/\/fashiongold.lt\/et\/#organization","name":"Topdiamonds Online","url":"https:\/\/fashiongold.lt\/et\/","logo":{"@type":"ImageObject","inLanguage":"et","@id":"https:\/\/fashiongold.lt\/et\/#\/schema\/logo\/image\/","url":"https:\/\/fashiongold.lt\/wp-content\/uploads\/2025\/04\/cropped-fashion_gold_logotipas2-scaled-1.png","contentUrl":"https:\/\/fashiongold.lt\/wp-content\/uploads\/2025\/04\/cropped-fashion_gold_logotipas2-scaled-1.png","width":2559,"height":421,"caption":"Topdiamonds Online"},"image":{"@id":"https:\/\/fashiongold.lt\/et\/#\/schema\/logo\/image\/"}}]}},"_links":{"self":[{"href":"https:\/\/fashiongold.lt\/et\/wp-json\/wp\/v2\/product\/293410","targetHints":{"allow":["GET"]}}],"collection":[{"href":"https:\/\/fashiongold.lt\/et\/wp-json\/wp\/v2\/product"}],"about":[{"href":"https:\/\/fashiongold.lt\/et\/wp-json\/wp\/v2\/types\/product"}],"version-history":[{"count":0,"href":"https:\/\/fashiongold.lt\/et\/wp-json\/wp\/v2\/product\/293410\/revisions"}],"wp:featuredmedia":[{"embeddable":true,"href":"https:\/\/fashiongold.lt\/et\/wp-json\/wp\/v2\/media\/222400"}],"wp:attachment":[{"href":"https:\/\/fashiongold.lt\/et\/wp-json\/wp\/v2\/media?parent=293410"}],"wp:term":[{"taxonomy":"product_brand","embeddable":true,"href":"https:\/\/fashiongold.lt\/et\/wp-json\/wp\/v2\/product_brand?post=293410"},{"taxonomy":"product_cat","embeddable":true,"href":"https:\/\/fashiongold.lt\/et\/wp-json\/wp\/v2\/product_cat?post=293410"},{"taxonomy":"product_tag","embeddable":true,"href":"https:\/\/fashiongold.lt\/et\/wp-json\/wp\/v2\/product_tag?post=293410"}],"curies":[{"name":"wp","href":"https:\/\/api.w.org\/{rel}","templated":true}]}}