{"id":293615,"date":"2025-10-13T14:34:13","date_gmt":"2025-10-13T14:34:13","guid":{"rendered":"https:\/\/fashiongold.lt\/papuosalas\/abielusormused-ruudukujulise-teemandiga-006-ct-6-mm-paar\/"},"modified":"2025-10-13T14:34:13","modified_gmt":"2025-10-13T14:34:13","slug":"abielusormused-ruudukujulise-teemandiga-006-ct-6-mm-paar","status":"publish","type":"product","link":"https:\/\/fashiongold.lt\/et\/papuosalas\/abielusormused-ruudukujulise-teemandiga-006-ct-6-mm-paar\/","title":{"rendered":"Abielus\u00f5rmused ruudukujulise teemandiga (0,06 ct) (6 mm) (paar)"},"content":{"rendered":"<p>Kordumatu iluga pulmas\u00f5rmused, millel on erakordne disain, k\u00f5rge kvaliteet ja mugavustsoon. Suurep\u00e4rane valik, mis peegeldab teie armastuslugu. Nende tehnoloogia on eriline \u2013 pulmas\u00f5rmused on valmistatud karastatud kullast, mis on vastupidav mikropragudele, niklivaba ja kriimustuskindlam. S\u00f5rmuseid saab valmistada tellimust\u00f6\u00f6na: punasest, kollasest ja valgest kullast, lisatasu eest teist v\u00e4rvi kullast servadega, erineva laiusega v\u00f5i teemantidega.<\/p>\n<p>\u2022 S\u00f5rmuse kuld: 14 K (proov 585), saame valmistada ka 10K (proov 375), 18K (proov 750)<\/p>\n<p>\u2022 S\u00f5rmuse v\u00e4rv: valida saab valge, kollase, punase kulla vahel v\u00f5i teist v\u00e4rvi servadega<\/p>\n<p>\u2022 S\u00f5rmustepaari kaal (s\u00f5ltub suurusest ja proovist): u 11,50 &#8211; 13,00 g<\/p>\n<p>\u2022 S\u00f5rmuse m\u00f5\u00f5tmed: laius 6 mm (v\u00f5imalik muuta)<\/p>\n<p>\u2022 S\u00f5rmuse mugavustsoon: olemas<\/p>\n<p>\u2022 Teemandi t\u00fc\u00fcp: Looduslik teemant<\/p>\n<p>\u2022 Teemandi kuju: Ruudukujuline (Princess cut)<\/p>\n<p>\u2022 Teemandi omadused: 0,06 ct (v\u00e4rv W, puhtus Vs-SI) (v\u00f5imalik muuta)<\/p>\n<p>\u2022 Sertifikaat: Leedu Proovikoda (LPR)<\/p>\n<p>\u2022 Graveerimine tasuta<\/p>\n<p>\u2022 \u00dchekordne tasuta s\u00f5rmuse suuruse muutmise garantii<\/p>\n<p>\u2022 Valmistamis- ja tarneaeg alates 14 t\u00f6\u00f6p\u00e4evast, kiirtellimusena 3 t\u00f6\u00f6p\u00e4eva jooksul.<\/p>\n<p><strong>Kas teil on oma kulda? V\u00f5tke \u00fchendust, arvutame hinna \u00fcmber \u2013 maksate vaid s\u00f5rmuste valmistamise eest.<\/strong><\/p>\n","protected":false},"excerpt":{"rendered":"<p>Kaasaegse disainiga abielus\u00f5rmused ruudukujulise teemandiga. S\u00f5rmuste laius \u2013 6 mm, mugavustsooniga. Eksklusiivsed abielus\u00f5rmused, mis saadavad teid kogu elu.<\/p>\n","protected":false},"featured_media":175557,"template":"","meta":{"site-sidebar-layout":"default","site-content-layout":"","ast-site-content-layout":"default","site-content-style":"default","site-sidebar-style":"default","ast-global-header-display":"","ast-banner-title-visibility":"","ast-main-header-display":"","ast-hfb-above-header-display":"","ast-hfb-below-header-display":"","ast-hfb-mobile-header-display":"","site-post-title":"","ast-breadcrumbs-content":"","ast-featured-img":"","footer-sml-layout":"","ast-disable-related-posts":"","theme-transparent-header-meta":"default","adv-header-id-meta":"","stick-header-meta":"","header-above-stick-meta":"","header-main-stick-meta":"","header-below-stick-meta":"","astra-migrate-meta-layouts":"default","ast-page-background-enabled":"default","ast-page-background-meta":{"desktop":{"background-color":"var(--ast-global-color-4)","background-image":"","background-repeat":"repeat","background-position":"center center","background-size":"auto","background-attachment":"scroll","background-type":"","background-media":"","overlay-type":"","overlay-color":"","overlay-opacity":"","overlay-gradient":""},"tablet":{"background-color":"","background-image":"","background-repeat":"repeat","background-position":"center center","background-size":"auto","background-attachment":"scroll","background-type":"","background-media":"","overlay-type":"","overlay-color":"","overlay-opacity":"","overlay-gradient":""},"mobile":{"background-color":"","background-image":"","background-repeat":"repeat","background-position":"center center","background-size":"auto","background-attachment":"scroll","background-type":"","background-media":"","overlay-type":"","overlay-color":"","overlay-opacity":"","overlay-gradient":""}},"ast-content-background-meta":{"desktop":{"background-color":"var(--ast-global-color-5)","background-image":"","background-repeat":"repeat","background-position":"center center","background-size":"auto","background-attachment":"scroll","background-type":"","background-media":"","overlay-type":"","overlay-color":"","overlay-opacity":"","overlay-gradient":""},"tablet":{"background-color":"var(--ast-global-color-5)","background-image":"","background-repeat":"repeat","background-position":"center center","background-size":"auto","background-attachment":"scroll","background-type":"","background-media":"","overlay-type":"","overlay-color":"","overlay-opacity":"","overlay-gradient":""},"mobile":{"background-color":"var(--ast-global-color-5)","background-image":"","background-repeat":"repeat","background-position":"center center","background-size":"auto","background-attachment":"scroll","background-type":"","background-media":"","overlay-type":"","overlay-color":"","overlay-opacity":"","overlay-gradient":""}}},"product_brand":[],"product_cat":[3594,3806,3595,3596,3739,3838,3597,3592],"product_tag":[],"class_list":{"0":"post-293615","1":"product","2":"type-product","3":"status-publish","4":"has-post-thumbnail","6":"product_cat-abielusormused","7":"product_cat-abielusormused-briljantidega","8":"product_cat-abielusormused-paaridele","9":"product_cat-abielusormused-teemantidega","10":"product_cat-eksklusiivsed-abielusormused-disainerite-loodud","11":"product_cat-kollasest-kullast-abielusormused","12":"product_cat-modernsed-pulmasormused","13":"product_cat-valgest-kullast-abielusormused","14":"desktop-align-center","15":"tablet-align-left","16":"mobile-align-left","17":"ast-product-gallery-layout-horizontal-slider","18":"ast-product-single-variable","19":"ast-product-tabs-layout-accordion","20":"ast-qv-on-image","22":"first","23":"instock","24":"taxable","25":"shipping-taxable","26":"purchasable","27":"product-type-variable"},"yoast_head":"<!-- This site is optimized with the Yoast SEO plugin v26.6 - https:\/\/yoast.com\/wordpress\/plugins\/seo\/ -->\n<title>Ruudukujulise teemandiga abielus\u00f5rmused I FashionGold<\/title>\n<meta name=\"description\" content=\"Moodsa disainiga abielus\u00f5rmused ruudukujulise teemandiga. K\u00f5rge kvaliteet. 30 aastat kogemust. Parimad hinnad. Valmistamine 14 t\u00f6\u00f6p\u00e4eva. Tasuta tarne.\" \/>\n<meta name=\"robots\" content=\"index, follow, max-snippet:-1, max-image-preview:large, max-video-preview:-1\" \/>\n<link rel=\"canonical\" href=\"https:\/\/fashiongold.lt\/et\/papuosalas\/abielusormused-ruudukujulise-teemandiga-006-ct-6-mm-paar\/\" \/>\n<meta property=\"og:locale\" content=\"et_EE\" \/>\n<meta property=\"og:type\" content=\"article\" \/>\n<meta property=\"og:title\" content=\"Ruudukujulise teemandiga abielus\u00f5rmused I FashionGold\" \/>\n<meta property=\"og:description\" content=\"Moodsa disainiga abielus\u00f5rmused ruudukujulise teemandiga. K\u00f5rge kvaliteet. 30 aastat kogemust. Parimad hinnad. Valmistamine 14 t\u00f6\u00f6p\u00e4eva. Tasuta tarne.\" \/>\n<meta property=\"og:url\" content=\"https:\/\/fashiongold.lt\/et\/papuosalas\/abielusormused-ruudukujulise-teemandiga-006-ct-6-mm-paar\/\" \/>\n<meta property=\"og:site_name\" content=\"FashionGold.lt\" \/>\n<meta property=\"og:image\" content=\"https:\/\/fashiongold.lt\/wp-content\/uploads\/2025\/10\/8609-a78-vestuviniai-ziedai-su-kvadrato-formos-deimantu.webp\" \/>\n\t<meta property=\"og:image:width\" content=\"1000\" \/>\n\t<meta property=\"og:image:height\" content=\"1000\" \/>\n\t<meta property=\"og:image:type\" content=\"image\/png\" \/>\n<meta name=\"twitter:card\" content=\"summary_large_image\" \/>\n<meta name=\"twitter:label1\" content=\"Est. reading time\" \/>\n\t<meta name=\"twitter:data1\" content=\"1 minut\" \/>\n<script type=\"application\/ld+json\" class=\"yoast-schema-graph\">{\"@context\":\"https:\/\/schema.org\",\"@graph\":[{\"@type\":\"WebPage\",\"@id\":\"https:\/\/fashiongold.lt\/et\/papuosalas\/abielusormused-ruudukujulise-teemandiga-006-ct-6-mm-paar\/\",\"url\":\"https:\/\/fashiongold.lt\/et\/papuosalas\/abielusormused-ruudukujulise-teemandiga-006-ct-6-mm-paar\/\",\"name\":\"Ruudukujulise teemandiga abielus\u00f5rmused I FashionGold\",\"isPartOf\":{\"@id\":\"https:\/\/fashiongold.lt\/et\/#website\"},\"primaryImageOfPage\":{\"@id\":\"https:\/\/fashiongold.lt\/et\/papuosalas\/abielusormused-ruudukujulise-teemandiga-006-ct-6-mm-paar\/#primaryimage\"},\"image\":{\"@id\":\"https:\/\/fashiongold.lt\/et\/papuosalas\/abielusormused-ruudukujulise-teemandiga-006-ct-6-mm-paar\/#primaryimage\"},\"thumbnailUrl\":\"https:\/\/fashiongold.lt\/wp-content\/uploads\/2025\/10\/8609-a78-vestuviniai-ziedai-su-kvadrato-formos-deimantu.png\",\"datePublished\":\"2025-10-13T14:34:13+00:00\",\"description\":\"Moodsa disainiga abielus\u00f5rmused ruudukujulise teemandiga. K\u00f5rge kvaliteet. 30 aastat kogemust. Parimad hinnad. Valmistamine 14 t\u00f6\u00f6p\u00e4eva. Tasuta tarne.\",\"breadcrumb\":{\"@id\":\"https:\/\/fashiongold.lt\/et\/papuosalas\/abielusormused-ruudukujulise-teemandiga-006-ct-6-mm-paar\/#breadcrumb\"},\"inLanguage\":\"et\",\"potentialAction\":[{\"@type\":\"ReadAction\",\"target\":[\"https:\/\/fashiongold.lt\/et\/papuosalas\/abielusormused-ruudukujulise-teemandiga-006-ct-6-mm-paar\/\"]}]},{\"@type\":\"ImageObject\",\"inLanguage\":\"et\",\"@id\":\"https:\/\/fashiongold.lt\/et\/papuosalas\/abielusormused-ruudukujulise-teemandiga-006-ct-6-mm-paar\/#primaryimage\",\"url\":\"https:\/\/fashiongold.lt\/wp-content\/uploads\/2025\/10\/8609-a78-vestuviniai-ziedai-su-kvadrato-formos-deimantu.png\",\"contentUrl\":\"https:\/\/fashiongold.lt\/wp-content\/uploads\/2025\/10\/8609-a78-vestuviniai-ziedai-su-kvadrato-formos-deimantu.png\",\"width\":1000,\"height\":1000},{\"@type\":\"BreadcrumbList\",\"@id\":\"https:\/\/fashiongold.lt\/et\/papuosalas\/abielusormused-ruudukujulise-teemandiga-006-ct-6-mm-paar\/#breadcrumb\",\"itemListElement\":[{\"@type\":\"ListItem\",\"position\":1,\"name\":\"Home\",\"item\":\"https:\/\/fashiongold.lt\/et\/\"},{\"@type\":\"ListItem\",\"position\":2,\"name\":\"Teemantide pood Fashiongold.lt\",\"item\":\"https:\/\/fashiongold.lt\/shop-2\/\"},{\"@type\":\"ListItem\",\"position\":3,\"name\":\"Abielus\u00f5rmused ruudukujulise teemandiga (0,06 ct) (6 mm) (paar)\"}]},{\"@type\":\"WebSite\",\"@id\":\"https:\/\/fashiongold.lt\/et\/#website\",\"url\":\"https:\/\/fashiongold.lt\/et\/\",\"name\":\"Fashion Gold\",\"description\":\"Juvelyrikos namai\",\"publisher\":{\"@id\":\"https:\/\/fashiongold.lt\/et\/#organization\"},\"potentialAction\":[{\"@type\":\"SearchAction\",\"target\":{\"@type\":\"EntryPoint\",\"urlTemplate\":\"https:\/\/fashiongold.lt\/et\/?s={search_term_string}\"},\"query-input\":{\"@type\":\"PropertyValueSpecification\",\"valueRequired\":true,\"valueName\":\"search_term_string\"}}],\"inLanguage\":\"et\"},{\"@type\":\"Organization\",\"@id\":\"https:\/\/fashiongold.lt\/et\/#organization\",\"name\":\"Topdiamonds Online\",\"url\":\"https:\/\/fashiongold.lt\/et\/\",\"logo\":{\"@type\":\"ImageObject\",\"inLanguage\":\"et\",\"@id\":\"https:\/\/fashiongold.lt\/et\/#\/schema\/logo\/image\/\",\"url\":\"https:\/\/fashiongold.lt\/wp-content\/uploads\/2025\/04\/cropped-fashion_gold_logotipas2-scaled-1.png\",\"contentUrl\":\"https:\/\/fashiongold.lt\/wp-content\/uploads\/2025\/04\/cropped-fashion_gold_logotipas2-scaled-1.png\",\"width\":2559,\"height\":421,\"caption\":\"Topdiamonds Online\"},\"image\":{\"@id\":\"https:\/\/fashiongold.lt\/et\/#\/schema\/logo\/image\/\"}}]}<\/script>\n<!-- \/ Yoast SEO plugin. -->","yoast_head_json":{"title":"Ruudukujulise teemandiga abielus\u00f5rmused I FashionGold","description":"Moodsa disainiga abielus\u00f5rmused ruudukujulise teemandiga. K\u00f5rge kvaliteet. 30 aastat kogemust. Parimad hinnad. Valmistamine 14 t\u00f6\u00f6p\u00e4eva. Tasuta tarne.","robots":{"index":"index","follow":"follow","max-snippet":"max-snippet:-1","max-image-preview":"max-image-preview:large","max-video-preview":"max-video-preview:-1"},"canonical":"https:\/\/fashiongold.lt\/et\/papuosalas\/abielusormused-ruudukujulise-teemandiga-006-ct-6-mm-paar\/","og_locale":"et_EE","og_type":"article","og_title":"Ruudukujulise teemandiga abielus\u00f5rmused I FashionGold","og_description":"Moodsa disainiga abielus\u00f5rmused ruudukujulise teemandiga. K\u00f5rge kvaliteet. 30 aastat kogemust. Parimad hinnad. Valmistamine 14 t\u00f6\u00f6p\u00e4eva. Tasuta tarne.","og_url":"https:\/\/fashiongold.lt\/et\/papuosalas\/abielusormused-ruudukujulise-teemandiga-006-ct-6-mm-paar\/","og_site_name":"FashionGold.lt","og_image":[{"width":1000,"height":1000,"url":"https:\/\/fashiongold.lt\/wp-content\/uploads\/2025\/10\/8609-a78-vestuviniai-ziedai-su-kvadrato-formos-deimantu.webp","type":"image\/png"}],"twitter_card":"summary_large_image","twitter_misc":{"Est. reading time":"1 minut"},"schema":{"@context":"https:\/\/schema.org","@graph":[{"@type":"WebPage","@id":"https:\/\/fashiongold.lt\/et\/papuosalas\/abielusormused-ruudukujulise-teemandiga-006-ct-6-mm-paar\/","url":"https:\/\/fashiongold.lt\/et\/papuosalas\/abielusormused-ruudukujulise-teemandiga-006-ct-6-mm-paar\/","name":"Ruudukujulise teemandiga abielus\u00f5rmused I FashionGold","isPartOf":{"@id":"https:\/\/fashiongold.lt\/et\/#website"},"primaryImageOfPage":{"@id":"https:\/\/fashiongold.lt\/et\/papuosalas\/abielusormused-ruudukujulise-teemandiga-006-ct-6-mm-paar\/#primaryimage"},"image":{"@id":"https:\/\/fashiongold.lt\/et\/papuosalas\/abielusormused-ruudukujulise-teemandiga-006-ct-6-mm-paar\/#primaryimage"},"thumbnailUrl":"https:\/\/fashiongold.lt\/wp-content\/uploads\/2025\/10\/8609-a78-vestuviniai-ziedai-su-kvadrato-formos-deimantu.png","datePublished":"2025-10-13T14:34:13+00:00","description":"Moodsa disainiga abielus\u00f5rmused ruudukujulise teemandiga. K\u00f5rge kvaliteet. 30 aastat kogemust. Parimad hinnad. Valmistamine 14 t\u00f6\u00f6p\u00e4eva. Tasuta tarne.","breadcrumb":{"@id":"https:\/\/fashiongold.lt\/et\/papuosalas\/abielusormused-ruudukujulise-teemandiga-006-ct-6-mm-paar\/#breadcrumb"},"inLanguage":"et","potentialAction":[{"@type":"ReadAction","target":["https:\/\/fashiongold.lt\/et\/papuosalas\/abielusormused-ruudukujulise-teemandiga-006-ct-6-mm-paar\/"]}]},{"@type":"ImageObject","inLanguage":"et","@id":"https:\/\/fashiongold.lt\/et\/papuosalas\/abielusormused-ruudukujulise-teemandiga-006-ct-6-mm-paar\/#primaryimage","url":"https:\/\/fashiongold.lt\/wp-content\/uploads\/2025\/10\/8609-a78-vestuviniai-ziedai-su-kvadrato-formos-deimantu.png","contentUrl":"https:\/\/fashiongold.lt\/wp-content\/uploads\/2025\/10\/8609-a78-vestuviniai-ziedai-su-kvadrato-formos-deimantu.png","width":1000,"height":1000},{"@type":"BreadcrumbList","@id":"https:\/\/fashiongold.lt\/et\/papuosalas\/abielusormused-ruudukujulise-teemandiga-006-ct-6-mm-paar\/#breadcrumb","itemListElement":[{"@type":"ListItem","position":1,"name":"Home","item":"https:\/\/fashiongold.lt\/et\/"},{"@type":"ListItem","position":2,"name":"Teemantide pood Fashiongold.lt","item":"https:\/\/fashiongold.lt\/shop-2\/"},{"@type":"ListItem","position":3,"name":"Abielus\u00f5rmused ruudukujulise teemandiga (0,06 ct) (6 mm) (paar)"}]},{"@type":"WebSite","@id":"https:\/\/fashiongold.lt\/et\/#website","url":"https:\/\/fashiongold.lt\/et\/","name":"Fashion Gold","description":"Juvelyrikos namai","publisher":{"@id":"https:\/\/fashiongold.lt\/et\/#organization"},"potentialAction":[{"@type":"SearchAction","target":{"@type":"EntryPoint","urlTemplate":"https:\/\/fashiongold.lt\/et\/?s={search_term_string}"},"query-input":{"@type":"PropertyValueSpecification","valueRequired":true,"valueName":"search_term_string"}}],"inLanguage":"et"},{"@type":"Organization","@id":"https:\/\/fashiongold.lt\/et\/#organization","name":"Topdiamonds Online","url":"https:\/\/fashiongold.lt\/et\/","logo":{"@type":"ImageObject","inLanguage":"et","@id":"https:\/\/fashiongold.lt\/et\/#\/schema\/logo\/image\/","url":"https:\/\/fashiongold.lt\/wp-content\/uploads\/2025\/04\/cropped-fashion_gold_logotipas2-scaled-1.png","contentUrl":"https:\/\/fashiongold.lt\/wp-content\/uploads\/2025\/04\/cropped-fashion_gold_logotipas2-scaled-1.png","width":2559,"height":421,"caption":"Topdiamonds Online"},"image":{"@id":"https:\/\/fashiongold.lt\/et\/#\/schema\/logo\/image\/"}}]}},"_links":{"self":[{"href":"https:\/\/fashiongold.lt\/et\/wp-json\/wp\/v2\/product\/293615","targetHints":{"allow":["GET"]}}],"collection":[{"href":"https:\/\/fashiongold.lt\/et\/wp-json\/wp\/v2\/product"}],"about":[{"href":"https:\/\/fashiongold.lt\/et\/wp-json\/wp\/v2\/types\/product"}],"version-history":[{"count":0,"href":"https:\/\/fashiongold.lt\/et\/wp-json\/wp\/v2\/product\/293615\/revisions"}],"wp:featuredmedia":[{"embeddable":true,"href":"https:\/\/fashiongold.lt\/et\/wp-json\/wp\/v2\/media\/175557"}],"wp:attachment":[{"href":"https:\/\/fashiongold.lt\/et\/wp-json\/wp\/v2\/media?parent=293615"}],"wp:term":[{"taxonomy":"product_brand","embeddable":true,"href":"https:\/\/fashiongold.lt\/et\/wp-json\/wp\/v2\/product_brand?post=293615"},{"taxonomy":"product_cat","embeddable":true,"href":"https:\/\/fashiongold.lt\/et\/wp-json\/wp\/v2\/product_cat?post=293615"},{"taxonomy":"product_tag","embeddable":true,"href":"https:\/\/fashiongold.lt\/et\/wp-json\/wp\/v2\/product_tag?post=293615"}],"curies":[{"name":"wp","href":"https:\/\/api.w.org\/{rel}","templated":true}]}}