{"id":294216,"date":"2025-08-12T13:25:15","date_gmt":"2025-08-12T13:25:15","guid":{"rendered":"https:\/\/fashiongold.lt\/papuosalas\/teemantitega-kihlasormus-round\/"},"modified":"2025-08-12T13:25:15","modified_gmt":"2025-08-12T13:25:15","slug":"teemantitega-kihlasormus-round","status":"publish","type":"product","link":"https:\/\/fashiongold.lt\/et\/papuosalas\/teemantitega-kihlasormus-round\/","title":{"rendered":"Teemantitega kihlas\u00f5rmus &#8211; Round"},"content":{"rendered":"<h2>Teemandiga kihlas\u00f5rmus \u2013 vastutustundliku ilu ja kestva v\u00e4\u00e4rtuse v\u00e4ljendus<\/h2>\n<p>See teemandiga kihlas\u00f5rmus on kestev valik, mis on loodud austusega materjalide ja tuleviku standardite vastu. Iga komponent \u2014 alates v\u00e4\u00e4rismetallidest kuni kivideni \u2014 on valitav l\u00e4htuvalt l\u00e4bipaistvusest, vastutustundlikust p\u00e4ritolust ja vastupidavusest. Lai metallide valik (valge, kollane, punane kuld v\u00f5i plaatina) v\u00f5imaldab \u00fchildada esteetilised vajadused praktiliste j\u00e4tkusuutlikkuse kriteeriumidega; valides oma v\u00e4\u00e4riskivi v\u00f5i vastutustundlikult kasvatatud teemandi, saate s\u00f5rmuse, mis teenib teid aastaid ja annab v\u00e4\u00e4rtuse edasi tulevastele p\u00f5lvedele.<br \/>\nValmistatud k\u00f5rgeimate juveelit\u00f6\u00f6stuse standardite kohaselt. S\u00f5rmust saab valmistada tellimust\u00f6\u00f6na: lisatasu eest k\u00f5rgema kvaliteediga teemantidega.<\/p>\n<p>\u2022 <strong><a href=\"https:\/\/fashiongold.lt\/et\/patarimai-et\/milline-kulla-proov-on-parim-kuidas-valida-sobivaimat-kihla-voi-abielusormust\/\" target=\"_blank\" rel=\"noopener\">V\u00e4\u00e4rismetallid<\/a><\/strong>: 14K (proov 585), 18K (proov 750), 900 plaatina<br \/>\n\u2022 <strong><a href=\"https:\/\/fashiongold.lt\/et\/patarimai-et\/kihla-ja-abielusormuste-kulla-varvus-valge-punane-voi-kollane-kuld\/\" target=\"_blank\" rel=\"noopener\">V\u00f5imalikud kullav\u00e4rvid<\/a><\/strong>: kollane, valge, punane<br \/>\n\u2022 <strong><a href=\"https:\/\/fashiongold.lt\/et\/patarimai-et\/teemantsormused-sormuse-kulla-kaal-ja-teemantide-kaal-karaatides-kuidas-valida-sobivat-soovitused-kuidas-moista-ja-hinnata\/\" target=\"_blank\" rel=\"noopener\">S\u00f5rmuse ligikaudne kaal<\/a><\/strong> (s\u00f5ltub suurusest): 2.00 &#8211; 3.00 g<br \/>\n\u2022 <strong><a href=\"https:\/\/fashiongold.lt\/et\/patarimai-et\/kihlasormused-taiusliku-proportsiooni-saladus-miks-moned-teemantsormused-naevad-luksuslikumad-valja\/\" target=\"_blank\" rel=\"noopener\">Krooni ligikaudne laius<\/a><\/strong> (s\u00f5ltub karaadist): 6.5 mm<br \/>\n\u2022 <strong><a href=\"https:\/\/fashiongold.lt\/et\/patarimai-et\/sormuse-mugavustsoon-voi-sormuse-mugavus\/\" target=\"_blank\" rel=\"noopener\">S\u00f5rmuse mugavustsoon<\/a><\/strong>: olemas<br \/>\n\u2022 <strong><a href=\"https:\/\/fashiongold.lt\/et\/category\/uuri-lahemalt-teemandi-kuju-kohta\/\" target=\"_blank\" rel=\"noopener\">Teemandi kuju ja lihv<\/a><\/strong>: \u00dcmar kuju (Round cut)<br \/>\n\u2022 <strong><a href=\"https:\/\/fashiongold.lt\/et\/patarimai-et\/teemant-looduslik-laboris-kasvatatud-voi-kunstlik-kuidas-teha-oige-valik\/\" target=\"_blank\" rel=\"noopener\">Teemandi p\u00e4ritolu<\/a><\/strong> (valikuline): Laboris kasvatatud teemandid v\u00f5i looduslikud teemandid<br \/>\n\u2022 <strong><a href=\"https:\/\/fashiongold.lt\/et\/patarimai-et\/teemant-kuidas-hinnatakse-koige-vaartuslikuma-vaariskivi-luksust\/\" target=\"_blank\" rel=\"noopener\">Teemandi kaal ja omadused<\/a><\/strong> (muudetavad):<br \/>\nLaboris kasvatatud teemant: (v\u00e4rvus D-E, puhtus VVS), IGI sertifikaat<br \/>\nLooduslik teemant: (v\u00e4rvus G-I, puhtus SI), GIA sertifikaat<br \/>\n\u2022 <strong><a href=\"https:\/\/fashiongold.lt\/et\/patarimai-et\/kihlasormused-kas-sormust-saab-graveerida-detailid-mis-annavad-teie-kihlasormusele-individuaalsust\/\" target=\"_blank\" rel=\"noopener\">Tasuta graveerimisteenus<\/a><\/strong><br \/>\n\u2022 <strong><a href=\"https:\/\/fashiongold.lt\/et\/patarimai-et\/kihlasormused-tasuta-suuruse-muutmine-et-sormus-sobiks-ideaalselt\/\" target=\"_blank\" rel=\"noopener\">S\u00f5rmuse suuruse muutmise garantii<\/a><\/strong>: \u00fchekordne tasuta korrigeerimine<br \/>\n\u2022 <strong><a href=\"https:\/\/fashiongold.lt\/et\/tarne-ja-tagastamine\/\" target=\"_blank\" rel=\"noopener\">Valmistamine ja tarne<\/a><\/strong>: 14-21 t\u00f6\u00f6p\u00e4eva, kiirtellimusena 7 t\u00f6\u00f6p\u00e4eva jooksul<\/p>\n<p>Kas teil on vana kulda v\u00f5i v\u00e4\u00e4riskive, mida soovite kasutada? Kohandame hinda ja maksate ainult valmistamise eest. Kas soovite muuta teemandi omadusi v\u00f5i lisada unikaalseid detaile? <strong><a href=\"https:\/\/fashiongold.lt\/et\/kontaktid\/\" target=\"_blank\" rel=\"noopener\">V\u00f5tke meiega \u00fchendust<\/a><\/strong> ja loome koos t\u00e4iusliku variandi.<br \/>\n<em>Fashion Gold<\/em> \u2013 koht, kus isiklikud ideed saavad erakordseteks teosteks.<\/p>\n","protected":false},"excerpt":{"rendered":"<p>Teemandiga kihlas\u00f5rmus \u2013 vastutustundliku ilu ja kestva v\u00e4\u00e4rtuse v\u00e4ljendus See teemandiga kihlas\u00f5rmus on kestev valik, mis on loodud austusega materjalide [&hellip;]<\/p>\n","protected":false},"featured_media":37862,"template":"","meta":{"site-sidebar-layout":"default","site-content-layout":"","ast-site-content-layout":"default","site-content-style":"default","site-sidebar-style":"default","ast-global-header-display":"","ast-banner-title-visibility":"","ast-main-header-display":"","ast-hfb-above-header-display":"","ast-hfb-below-header-display":"","ast-hfb-mobile-header-display":"","site-post-title":"","ast-breadcrumbs-content":"","ast-featured-img":"","footer-sml-layout":"","ast-disable-related-posts":"","theme-transparent-header-meta":"default","adv-header-id-meta":"","stick-header-meta":"","header-above-stick-meta":"","header-main-stick-meta":"","header-below-stick-meta":"","astra-migrate-meta-layouts":"default","ast-page-background-enabled":"default","ast-page-background-meta":{"desktop":{"background-color":"var(--ast-global-color-4)","background-image":"","background-repeat":"repeat","background-position":"center center","background-size":"auto","background-attachment":"scroll","background-type":"","background-media":"","overlay-type":"","overlay-color":"","overlay-opacity":"","overlay-gradient":""},"tablet":{"background-color":"","background-image":"","background-repeat":"repeat","background-position":"center center","background-size":"auto","background-attachment":"scroll","background-type":"","background-media":"","overlay-type":"","overlay-color":"","overlay-opacity":"","overlay-gradient":""},"mobile":{"background-color":"","background-image":"","background-repeat":"repeat","background-position":"center center","background-size":"auto","background-attachment":"scroll","background-type":"","background-media":"","overlay-type":"","overlay-color":"","overlay-opacity":"","overlay-gradient":""}},"ast-content-background-meta":{"desktop":{"background-color":"var(--ast-global-color-5)","background-image":"","background-repeat":"repeat","background-position":"center center","background-size":"auto","background-attachment":"scroll","background-type":"","background-media":"","overlay-type":"","overlay-color":"","overlay-opacity":"","overlay-gradient":""},"tablet":{"background-color":"var(--ast-global-color-5)","background-image":"","background-repeat":"repeat","background-position":"center center","background-size":"auto","background-attachment":"scroll","background-type":"","background-media":"","overlay-type":"","overlay-color":"","overlay-opacity":"","overlay-gradient":""},"mobile":{"background-color":"var(--ast-global-color-5)","background-image":"","background-repeat":"repeat","background-position":"center center","background-size":"auto","background-attachment":"scroll","background-type":"","background-media":"","overlay-type":"","overlay-color":"","overlay-opacity":"","overlay-gradient":""}}},"product_brand":[],"product_cat":[4113,4112],"product_tag":[],"class_list":{"0":"post-294216","1":"product","2":"type-product","3":"status-publish","4":"has-post-thumbnail","6":"product_cat-alusta-sormuse-disainist","7":"product_cat-loo-oma-ehe-ise","8":"desktop-align-center","9":"tablet-align-left","10":"mobile-align-left","11":"ast-product-gallery-layout-horizontal-slider","12":"ast-product-single-variable","13":"ast-product-tabs-layout-accordion","14":"ast-qv-on-image","16":"first","17":"instock","18":"taxable","19":"shipping-taxable","20":"purchasable","21":"product-type-variable"},"yoast_head":"<!-- This site is optimized with the Yoast SEO plugin v26.6 - https:\/\/yoast.com\/wordpress\/plugins\/seo\/ -->\n<title>Teemantidega kihlas\u00f5rmus - \u00dcmar<\/title>\n<meta name=\"description\" content=\"Teemantidega kihlas\u00f5rmus, milles s\u00e4ravad \u00fcmara kujuga kivid. Valige disain, kulla v\u00e4rv ja teemandid vastavalt oma vajadustele.\" \/>\n<meta name=\"robots\" content=\"index, follow, max-snippet:-1, max-image-preview:large, max-video-preview:-1\" \/>\n<link rel=\"canonical\" href=\"https:\/\/fashiongold.lt\/et\/papuosalas\/teemantitega-kihlasormus-round\/\" \/>\n<meta property=\"og:locale\" content=\"et_EE\" \/>\n<meta property=\"og:type\" content=\"article\" \/>\n<meta property=\"og:title\" content=\"Teemantidega kihlas\u00f5rmus - \u00dcmar\" \/>\n<meta property=\"og:description\" content=\"Teemantidega kihlas\u00f5rmus, milles s\u00e4ravad \u00fcmara kujuga kivid. Valige disain, kulla v\u00e4rv ja teemandid vastavalt oma vajadustele.\" \/>\n<meta property=\"og:url\" content=\"https:\/\/fashiongold.lt\/et\/papuosalas\/teemantitega-kihlasormus-round\/\" \/>\n<meta property=\"og:site_name\" content=\"FashionGold.lt\" \/>\n<meta property=\"og:image\" content=\"https:\/\/fashiongold.lt\/wp-content\/uploads\/2025\/06\/TDO-1299-modernus-halo-suzadetuviu-ziedas-su-deimantu-round-cut-2.webp\" \/>\n\t<meta property=\"og:image:width\" content=\"800\" \/>\n\t<meta property=\"og:image:height\" content=\"800\" \/>\n\t<meta property=\"og:image:type\" content=\"image\/jpeg\" \/>\n<meta name=\"twitter:card\" content=\"summary_large_image\" \/>\n<meta name=\"twitter:label1\" content=\"Est. reading time\" \/>\n\t<meta name=\"twitter:data1\" content=\"1 minut\" \/>\n<script type=\"application\/ld+json\" class=\"yoast-schema-graph\">{\"@context\":\"https:\/\/schema.org\",\"@graph\":[{\"@type\":\"WebPage\",\"@id\":\"https:\/\/fashiongold.lt\/et\/papuosalas\/teemantitega-kihlasormus-round\/\",\"url\":\"https:\/\/fashiongold.lt\/et\/papuosalas\/teemantitega-kihlasormus-round\/\",\"name\":\"Teemantidega kihlas\u00f5rmus - \u00dcmar\",\"isPartOf\":{\"@id\":\"https:\/\/fashiongold.lt\/et\/#website\"},\"primaryImageOfPage\":{\"@id\":\"https:\/\/fashiongold.lt\/et\/papuosalas\/teemantitega-kihlasormus-round\/#primaryimage\"},\"image\":{\"@id\":\"https:\/\/fashiongold.lt\/et\/papuosalas\/teemantitega-kihlasormus-round\/#primaryimage\"},\"thumbnailUrl\":\"https:\/\/fashiongold.lt\/wp-content\/uploads\/2025\/10\/TDO-1299-modernus-halo-suzadetuviu-ziedas-su-deimantu-round-cut-2.jpg\",\"datePublished\":\"2025-08-12T13:25:15+00:00\",\"description\":\"Teemantidega kihlas\u00f5rmus, milles s\u00e4ravad \u00fcmara kujuga kivid. Valige disain, kulla v\u00e4rv ja teemandid vastavalt oma vajadustele.\",\"breadcrumb\":{\"@id\":\"https:\/\/fashiongold.lt\/et\/papuosalas\/teemantitega-kihlasormus-round\/#breadcrumb\"},\"inLanguage\":\"et\",\"potentialAction\":[{\"@type\":\"ReadAction\",\"target\":[\"https:\/\/fashiongold.lt\/et\/papuosalas\/teemantitega-kihlasormus-round\/\"]}]},{\"@type\":\"ImageObject\",\"inLanguage\":\"et\",\"@id\":\"https:\/\/fashiongold.lt\/et\/papuosalas\/teemantitega-kihlasormus-round\/#primaryimage\",\"url\":\"https:\/\/fashiongold.lt\/wp-content\/uploads\/2025\/10\/TDO-1299-modernus-halo-suzadetuviu-ziedas-su-deimantu-round-cut-2.jpg\",\"contentUrl\":\"https:\/\/fashiongold.lt\/wp-content\/uploads\/2025\/10\/TDO-1299-modernus-halo-suzadetuviu-ziedas-su-deimantu-round-cut-2.jpg\",\"width\":800,\"height\":800,\"caption\":\"Modernus Halo su\u017ead\u0117tuvi\u0173 \u017eiedas su apvaliu deimantu - briliantu (round cut)\"},{\"@type\":\"BreadcrumbList\",\"@id\":\"https:\/\/fashiongold.lt\/et\/papuosalas\/teemantitega-kihlasormus-round\/#breadcrumb\",\"itemListElement\":[{\"@type\":\"ListItem\",\"position\":1,\"name\":\"Home\",\"item\":\"https:\/\/fashiongold.lt\/et\/\"},{\"@type\":\"ListItem\",\"position\":2,\"name\":\"Teemantide pood Fashiongold.lt\",\"item\":\"https:\/\/fashiongold.lt\/shop-2\/\"},{\"@type\":\"ListItem\",\"position\":3,\"name\":\"Teemantitega kihlas\u00f5rmus &#8211; Round\"}]},{\"@type\":\"WebSite\",\"@id\":\"https:\/\/fashiongold.lt\/et\/#website\",\"url\":\"https:\/\/fashiongold.lt\/et\/\",\"name\":\"Fashion Gold\",\"description\":\"Juvelyrikos namai\",\"publisher\":{\"@id\":\"https:\/\/fashiongold.lt\/et\/#organization\"},\"potentialAction\":[{\"@type\":\"SearchAction\",\"target\":{\"@type\":\"EntryPoint\",\"urlTemplate\":\"https:\/\/fashiongold.lt\/et\/?s={search_term_string}\"},\"query-input\":{\"@type\":\"PropertyValueSpecification\",\"valueRequired\":true,\"valueName\":\"search_term_string\"}}],\"inLanguage\":\"et\"},{\"@type\":\"Organization\",\"@id\":\"https:\/\/fashiongold.lt\/et\/#organization\",\"name\":\"Topdiamonds Online\",\"url\":\"https:\/\/fashiongold.lt\/et\/\",\"logo\":{\"@type\":\"ImageObject\",\"inLanguage\":\"et\",\"@id\":\"https:\/\/fashiongold.lt\/et\/#\/schema\/logo\/image\/\",\"url\":\"https:\/\/fashiongold.lt\/wp-content\/uploads\/2025\/04\/cropped-fashion_gold_logotipas2-scaled-1.png\",\"contentUrl\":\"https:\/\/fashiongold.lt\/wp-content\/uploads\/2025\/04\/cropped-fashion_gold_logotipas2-scaled-1.png\",\"width\":2559,\"height\":421,\"caption\":\"Topdiamonds Online\"},\"image\":{\"@id\":\"https:\/\/fashiongold.lt\/et\/#\/schema\/logo\/image\/\"}}]}<\/script>\n<!-- \/ Yoast SEO plugin. -->","yoast_head_json":{"title":"Teemantidega kihlas\u00f5rmus - \u00dcmar","description":"Teemantidega kihlas\u00f5rmus, milles s\u00e4ravad \u00fcmara kujuga kivid. Valige disain, kulla v\u00e4rv ja teemandid vastavalt oma vajadustele.","robots":{"index":"index","follow":"follow","max-snippet":"max-snippet:-1","max-image-preview":"max-image-preview:large","max-video-preview":"max-video-preview:-1"},"canonical":"https:\/\/fashiongold.lt\/et\/papuosalas\/teemantitega-kihlasormus-round\/","og_locale":"et_EE","og_type":"article","og_title":"Teemantidega kihlas\u00f5rmus - \u00dcmar","og_description":"Teemantidega kihlas\u00f5rmus, milles s\u00e4ravad \u00fcmara kujuga kivid. Valige disain, kulla v\u00e4rv ja teemandid vastavalt oma vajadustele.","og_url":"https:\/\/fashiongold.lt\/et\/papuosalas\/teemantitega-kihlasormus-round\/","og_site_name":"FashionGold.lt","og_image":[{"width":800,"height":800,"url":"https:\/\/fashiongold.lt\/wp-content\/uploads\/2025\/06\/TDO-1299-modernus-halo-suzadetuviu-ziedas-su-deimantu-round-cut-2.webp","type":"image\/jpeg"}],"twitter_card":"summary_large_image","twitter_misc":{"Est. reading time":"1 minut"},"schema":{"@context":"https:\/\/schema.org","@graph":[{"@type":"WebPage","@id":"https:\/\/fashiongold.lt\/et\/papuosalas\/teemantitega-kihlasormus-round\/","url":"https:\/\/fashiongold.lt\/et\/papuosalas\/teemantitega-kihlasormus-round\/","name":"Teemantidega kihlas\u00f5rmus - \u00dcmar","isPartOf":{"@id":"https:\/\/fashiongold.lt\/et\/#website"},"primaryImageOfPage":{"@id":"https:\/\/fashiongold.lt\/et\/papuosalas\/teemantitega-kihlasormus-round\/#primaryimage"},"image":{"@id":"https:\/\/fashiongold.lt\/et\/papuosalas\/teemantitega-kihlasormus-round\/#primaryimage"},"thumbnailUrl":"https:\/\/fashiongold.lt\/wp-content\/uploads\/2025\/10\/TDO-1299-modernus-halo-suzadetuviu-ziedas-su-deimantu-round-cut-2.jpg","datePublished":"2025-08-12T13:25:15+00:00","description":"Teemantidega kihlas\u00f5rmus, milles s\u00e4ravad \u00fcmara kujuga kivid. Valige disain, kulla v\u00e4rv ja teemandid vastavalt oma vajadustele.","breadcrumb":{"@id":"https:\/\/fashiongold.lt\/et\/papuosalas\/teemantitega-kihlasormus-round\/#breadcrumb"},"inLanguage":"et","potentialAction":[{"@type":"ReadAction","target":["https:\/\/fashiongold.lt\/et\/papuosalas\/teemantitega-kihlasormus-round\/"]}]},{"@type":"ImageObject","inLanguage":"et","@id":"https:\/\/fashiongold.lt\/et\/papuosalas\/teemantitega-kihlasormus-round\/#primaryimage","url":"https:\/\/fashiongold.lt\/wp-content\/uploads\/2025\/10\/TDO-1299-modernus-halo-suzadetuviu-ziedas-su-deimantu-round-cut-2.jpg","contentUrl":"https:\/\/fashiongold.lt\/wp-content\/uploads\/2025\/10\/TDO-1299-modernus-halo-suzadetuviu-ziedas-su-deimantu-round-cut-2.jpg","width":800,"height":800,"caption":"Modernus Halo su\u017ead\u0117tuvi\u0173 \u017eiedas su apvaliu deimantu - briliantu (round cut)"},{"@type":"BreadcrumbList","@id":"https:\/\/fashiongold.lt\/et\/papuosalas\/teemantitega-kihlasormus-round\/#breadcrumb","itemListElement":[{"@type":"ListItem","position":1,"name":"Home","item":"https:\/\/fashiongold.lt\/et\/"},{"@type":"ListItem","position":2,"name":"Teemantide pood Fashiongold.lt","item":"https:\/\/fashiongold.lt\/shop-2\/"},{"@type":"ListItem","position":3,"name":"Teemantitega kihlas\u00f5rmus &#8211; Round"}]},{"@type":"WebSite","@id":"https:\/\/fashiongold.lt\/et\/#website","url":"https:\/\/fashiongold.lt\/et\/","name":"Fashion Gold","description":"Juvelyrikos namai","publisher":{"@id":"https:\/\/fashiongold.lt\/et\/#organization"},"potentialAction":[{"@type":"SearchAction","target":{"@type":"EntryPoint","urlTemplate":"https:\/\/fashiongold.lt\/et\/?s={search_term_string}"},"query-input":{"@type":"PropertyValueSpecification","valueRequired":true,"valueName":"search_term_string"}}],"inLanguage":"et"},{"@type":"Organization","@id":"https:\/\/fashiongold.lt\/et\/#organization","name":"Topdiamonds Online","url":"https:\/\/fashiongold.lt\/et\/","logo":{"@type":"ImageObject","inLanguage":"et","@id":"https:\/\/fashiongold.lt\/et\/#\/schema\/logo\/image\/","url":"https:\/\/fashiongold.lt\/wp-content\/uploads\/2025\/04\/cropped-fashion_gold_logotipas2-scaled-1.png","contentUrl":"https:\/\/fashiongold.lt\/wp-content\/uploads\/2025\/04\/cropped-fashion_gold_logotipas2-scaled-1.png","width":2559,"height":421,"caption":"Topdiamonds Online"},"image":{"@id":"https:\/\/fashiongold.lt\/et\/#\/schema\/logo\/image\/"}}]}},"_links":{"self":[{"href":"https:\/\/fashiongold.lt\/et\/wp-json\/wp\/v2\/product\/294216","targetHints":{"allow":["GET"]}}],"collection":[{"href":"https:\/\/fashiongold.lt\/et\/wp-json\/wp\/v2\/product"}],"about":[{"href":"https:\/\/fashiongold.lt\/et\/wp-json\/wp\/v2\/types\/product"}],"version-history":[{"count":0,"href":"https:\/\/fashiongold.lt\/et\/wp-json\/wp\/v2\/product\/294216\/revisions"}],"wp:featuredmedia":[{"embeddable":true,"href":"https:\/\/fashiongold.lt\/et\/wp-json\/wp\/v2\/media\/37862"}],"wp:attachment":[{"href":"https:\/\/fashiongold.lt\/et\/wp-json\/wp\/v2\/media?parent=294216"}],"wp:term":[{"taxonomy":"product_brand","embeddable":true,"href":"https:\/\/fashiongold.lt\/et\/wp-json\/wp\/v2\/product_brand?post=294216"},{"taxonomy":"product_cat","embeddable":true,"href":"https:\/\/fashiongold.lt\/et\/wp-json\/wp\/v2\/product_cat?post=294216"},{"taxonomy":"product_tag","embeddable":true,"href":"https:\/\/fashiongold.lt\/et\/wp-json\/wp\/v2\/product_tag?post=294216"}],"curies":[{"name":"wp","href":"https:\/\/api.w.org\/{rel}","templated":true}]}}