{"id":296023,"date":"2025-07-14T09:24:42","date_gmt":"2025-07-14T09:24:42","guid":{"rendered":"https:\/\/fashiongold.lt\/papuosalas\/klassikaline-teemandiga-ripats-cushion-2-50-ct\/"},"modified":"2025-07-14T09:24:42","modified_gmt":"2025-07-14T09:24:42","slug":"klassikaline-teemandiga-ripats-cushion-2-50-ct","status":"publish","type":"product","link":"https:\/\/fashiongold.lt\/et\/papuosalas\/klassikaline-teemandiga-ripats-cushion-2-50-ct\/","title":{"rendered":"Klassikaline teemandiga ripats &#8211; Cushion (2.50 ct)"},"content":{"rendered":"<p>Meie ehted valmistatakse rangete juveelikvaliteedi standardite j\u00e4rgi, tagades iga detaili t\u00e4psuse. Lisatasu eest on v\u00f5imalik valida k\u00f5rgema kvaliteediga teemant, mis on kohandatud vastavalt individuaalsele tellimusele.<\/p>\n<p>&nbsp;<\/p>\n<p><span data-sheets-root=\"1\">\u2022 <a href=\"https:\/\/fashiongold.lt\/et\/patarimai-et\/kulla-proov-ripatsile-kuidas-valida-sobivat\/\" target=\"_blank\" rel=\"noopener\"><strong>V\u00e4\u00e4rismetallid<\/strong><\/a>: 14K (proov 585), 18K (proov 750), 900 plaatina<br \/>\n\u2022 <a href=\"https:\/\/fashiongold.lt\/et\/patarimai-et\/ripatsid-ja-kulla-varv-kuidas-valida-valget-punast-voi-kollast-kulda\/\" target=\"_blank\" rel=\"noopener\"><strong>Kullav\u00e4rvi valikud<\/strong><\/a>: valge, punane, kollane<br \/>\n<\/span><span data-sheets-root=\"1\">\u2022 <a href=\"https:\/\/fashiongold.lt\/et\/patarimai-et\/kuldketid-kvaliteet-kaal-proov-kulla-varvus-ja-pikkus\/\" target=\"_blank\" rel=\"noopener\"><strong>Kulla kogukaal<\/strong><\/a>: 2.00 g &#8211; 3.00 g<br \/>\n\u2022 <a href=\"https:\/\/fashiongold.lt\/et\/patarimai-et\/taiuslik-kombinatsioon-teemandiga-ripats-ja-sobiv-keti-pikkus\/\" target=\"_blank\" rel=\"noopener\"><strong>Keti pikkus<\/strong><\/a>: 43-45 cm (reguleeritav)<br \/>\n\u2022 <a href=\"https:\/\/fashiongold.lt\/et\/patarimai-et\/teemantidega-kuldripatsid-miks-mootmed-maaravad-kvaliteedi\/\" target=\"_blank\" rel=\"noopener\"><strong>Ripatsi kaseti l\u00e4bim\u00f5\u00f5t<\/strong><\/a>: umbes 7.5 mm<br \/>\n\u2022 <strong><a href=\"https:\/\/fashiongold.lt\/et\/patarimai-et\/teemant-teised-teemandi-kujud\/\" target=\"_blank\" rel=\"noopener\">Teemandi kuju ja lihv<\/a><\/strong>: Padikujuline (<em>Cushion cut<\/em>)<br \/>\n\u2022 <strong><a href=\"https:\/\/fashiongold.lt\/et\/patarimai-et\/teemant-looduslik-laboris-kasvatatud-voi-kunstlik-kuidas-teha-oige-valik\/\" target=\"_blank\" rel=\"noopener\">Teemantide p\u00e4ritolu<\/a><\/strong>: Laborkasvatatud teemandid v\u00f5i looduslikud teemandid<br \/>\n\u2022 <a href=\"https:\/\/fashiongold.lt\/et\/patarimai-et\/teemant-mida-peab-teadma-enne-ostmist\/\" target=\"_blank\" rel=\"noopener\"><strong>Teemandi kaal ja omadused<\/strong><\/a> (muudetav):<br \/>\nLaborkasvatatud teemant (IGI sertifikaat): 2.50 ct teemant (v\u00e4rvus D-E, puhtus VVS)<br \/>\nLooduslik teemant (GIA sertifikaat): 2.50 ct teemant (v\u00e4rvus G-I, puhtus SI)<br \/>\n\u2022 Tasuta <strong><a href=\"https:\/\/fashiongold.lt\/et\/patarimai-et\/kihlasormused-kas-sormust-saab-graveerida-detailid-mis-annavad-teie-kihlasormusele-individuaalsust\/\" target=\"_blank\" rel=\"noopener\">graveerimine<\/a><\/strong><br \/>\n\u2022 <a href=\"https:\/\/fashiongold.lt\/et\/tarne-ja-tagastamine\/\" target=\"_blank\" rel=\"noopener\"><strong>Valmistamis- ja tarneaeg<\/strong><\/a>: umbes 14 t\u00f6\u00f6p\u00e4eva, kiirtellimusena 7 t\u00f6\u00f6p\u00e4eva jooksul<br \/>\n\u2022 \u00dchekordne tasuta <a href=\"https:\/\/fashiongold.lt\/et\/patarimai-et\/kuldne-kett-tasuta-pikkuse-muutmine-ostes-fashiongold-lt-st\/\" target=\"_blank\" rel=\"noopener\"><strong>keti pikkuse muutmine<\/strong><\/a><\/span><\/p>\n<p>&nbsp;<\/p>\n<p>Kas teil on oma kuld v\u00f5i v\u00e4\u00e4riskivi? Sellisel juhul on hind soodsam \u2013 maksate vaid juveliirit\u00f6\u00f6 eest. Kas soovite muuta teemandi v\u00e4rvust, suurust v\u00f5i puhtust? Kohandame k\u00f5ike vastavalt teie soovidele.<br data-start=\"317\" data-end=\"320\" \/><strong><a href=\"https:\/\/fashiongold.lt\/et\/kontaktid\/\" target=\"_blank\" rel=\"noopener\">V\u00f5tke meiega \u00fchendust<\/a><\/strong> \u2013 aitame luua ehte, mis peegeldab teie stiili. <em data-start=\"396\" data-end=\"409\">FashionGold<\/em> \u2013 alates peenest klassikast kuni ilmeka luksuseni.<\/p>\n","protected":false},"excerpt":{"rendered":"<h2 data-start=\"485\" data-end=\"971\">2,50 ct teemandiga ripats \u2013 valguse r\u00e4nnak l\u00e4bi p\u00f5lvkondade<\/h2>\n<p data-start=\"485\" data-end=\"971\">Teemandiga ripats (2,50 ct) jutustab loo valguse r\u00e4nnakust \u2013 k\u00e4test, mis selle l\u00f5id, s\u00fcdameteni, mis seda kandma hakkavad. <em>Cushion<\/em>-lihviga teemant s\u00e4rab s\u00fcgavamalt kui pind, tekitades aja ja j\u00e4rjepidevuse tunde. See on ehe, mida antakse t\u00f5en\u00e4oliselt edasi p\u00f5lvkonnalt p\u00f5lvkonnale \u2013 v\u00e4\u00e4rtuslik mitte ainult oma s\u00e4ra, vaid ka emotsionaalse t\u00e4henduse poolest. Selle valgus meenutab, et ilu ja v\u00e4\u00e4rtustunne v\u00f5ivad olla igavesed.<\/p>\n<h3 data-start=\"973\" data-end=\"1353\">Teemandiga ripats, milles elavad p\u00e4rand ja valgus<\/h3>\n<p data-start=\"973\" data-end=\"1353\">2,50 ct teemandiga ripats \u2013 see on enam kui ehe. Selle hiilgus meenutab mineviku pehmust ja tuleviku lubadust, muutes selle sillaks p\u00f5lvkondade vahel. See teos on m\u00f5eldud neile, kes usuvad, et t\u00f5elised v\u00e4\u00e4rtused ei vanane ning valgus, mida kingime, naaseb meile tagasi \u2013 alati tugevamana, alati isiklikumana.<\/p>\n","protected":false},"featured_media":14481,"template":"","meta":{"site-sidebar-layout":"default","site-content-layout":"","ast-site-content-layout":"default","site-content-style":"default","site-sidebar-style":"default","ast-global-header-display":"","ast-banner-title-visibility":"","ast-main-header-display":"","ast-hfb-above-header-display":"","ast-hfb-below-header-display":"","ast-hfb-mobile-header-display":"","site-post-title":"","ast-breadcrumbs-content":"","ast-featured-img":"","footer-sml-layout":"","ast-disable-related-posts":"","theme-transparent-header-meta":"default","adv-header-id-meta":"","stick-header-meta":"","header-above-stick-meta":"","header-main-stick-meta":"","header-below-stick-meta":"","astra-migrate-meta-layouts":"default","ast-page-background-enabled":"default","ast-page-background-meta":{"desktop":{"background-color":"var(--ast-global-color-4)","background-image":"","background-repeat":"repeat","background-position":"center center","background-size":"auto","background-attachment":"scroll","background-type":"","background-media":"","overlay-type":"","overlay-color":"","overlay-opacity":"","overlay-gradient":""},"tablet":{"background-color":"","background-image":"","background-repeat":"repeat","background-position":"center center","background-size":"auto","background-attachment":"scroll","background-type":"","background-media":"","overlay-type":"","overlay-color":"","overlay-opacity":"","overlay-gradient":""},"mobile":{"background-color":"","background-image":"","background-repeat":"repeat","background-position":"center center","background-size":"auto","background-attachment":"scroll","background-type":"","background-media":"","overlay-type":"","overlay-color":"","overlay-opacity":"","overlay-gradient":""}},"ast-content-background-meta":{"desktop":{"background-color":"var(--ast-global-color-5)","background-image":"","background-repeat":"repeat","background-position":"center center","background-size":"auto","background-attachment":"scroll","background-type":"","background-media":"","overlay-type":"","overlay-color":"","overlay-opacity":"","overlay-gradient":""},"tablet":{"background-color":"var(--ast-global-color-5)","background-image":"","background-repeat":"repeat","background-position":"center center","background-size":"auto","background-attachment":"scroll","background-type":"","background-media":"","overlay-type":"","overlay-color":"","overlay-opacity":"","overlay-gradient":""},"mobile":{"background-color":"var(--ast-global-color-5)","background-image":"","background-repeat":"repeat","background-position":"center center","background-size":"auto","background-attachment":"scroll","background-type":"","background-media":"","overlay-type":"","overlay-color":"","overlay-opacity":"","overlay-gradient":""}}},"product_brand":[],"product_cat":[2984,3396],"product_tag":[],"class_list":{"0":"post-296023","1":"product","2":"type-product","3":"status-publish","4":"has-post-thumbnail","6":"product_cat-ripatsid-teemantidega","7":"product_cat-teemantitega-ketid","8":"desktop-align-center","9":"tablet-align-left","10":"mobile-align-left","11":"ast-product-gallery-layout-horizontal-slider","12":"ast-product-single-variable","13":"ast-product-tabs-layout-accordion","14":"ast-qv-on-image","16":"first","17":"instock","18":"taxable","19":"shipping-taxable","20":"purchasable","21":"product-type-variable"},"yoast_head":"<!-- This site is optimized with the Yoast SEO plugin v26.6 - https:\/\/yoast.com\/wordpress\/plugins\/seo\/ -->\n<title>Klassikaline teemandiga ripats - Cushion (2.50 ct)<\/title>\n<meta name=\"description\" content=\"2.50 ct teemantripats \u2013 poeetiline valguse r\u00e4nnak ja p\u00e4randatava ilu s\u00fcmbol, mis sobib igale maitsele ja stiilile.\" \/>\n<meta name=\"robots\" content=\"index, follow, max-snippet:-1, max-image-preview:large, max-video-preview:-1\" \/>\n<link rel=\"canonical\" href=\"https:\/\/fashiongold.lt\/et\/papuosalas\/klassikaline-teemandiga-ripats-cushion-2-50-ct\/\" \/>\n<meta property=\"og:locale\" content=\"et_EE\" \/>\n<meta property=\"og:type\" content=\"article\" \/>\n<meta property=\"og:title\" content=\"Klassikaline teemandiga ripats - Cushion (2.50 ct)\" \/>\n<meta property=\"og:description\" content=\"2.50 ct teemantripats \u2013 poeetiline valguse r\u00e4nnak ja p\u00e4randatava ilu s\u00fcmbol, mis sobib igale maitsele ja stiilile.\" \/>\n<meta property=\"og:url\" content=\"https:\/\/fashiongold.lt\/et\/papuosalas\/klassikaline-teemandiga-ripats-cushion-2-50-ct\/\" \/>\n<meta property=\"og:site_name\" content=\"FashionGold.lt\" \/>\n<meta property=\"og:image\" content=\"https:\/\/fashiongold.lt\/wp-content\/uploads\/2025\/05\/Klasikinis-pakabukas-su-deimantu-CUSHION-DEIMANTAS-030-ct-2-1.webp\" \/>\n\t<meta property=\"og:image:width\" content=\"800\" \/>\n\t<meta property=\"og:image:height\" content=\"800\" \/>\n\t<meta property=\"og:image:type\" content=\"image\/png\" \/>\n<meta name=\"twitter:card\" content=\"summary_large_image\" \/>\n<meta name=\"twitter:label1\" content=\"Est. reading time\" \/>\n\t<meta name=\"twitter:data1\" content=\"1 minut\" \/>\n<script type=\"application\/ld+json\" class=\"yoast-schema-graph\">{\"@context\":\"https:\/\/schema.org\",\"@graph\":[{\"@type\":\"WebPage\",\"@id\":\"https:\/\/fashiongold.lt\/et\/papuosalas\/klassikaline-teemandiga-ripats-cushion-2-50-ct\/\",\"url\":\"https:\/\/fashiongold.lt\/et\/papuosalas\/klassikaline-teemandiga-ripats-cushion-2-50-ct\/\",\"name\":\"Klassikaline teemandiga ripats - Cushion (2.50 ct)\",\"isPartOf\":{\"@id\":\"https:\/\/fashiongold.lt\/et\/#website\"},\"primaryImageOfPage\":{\"@id\":\"https:\/\/fashiongold.lt\/et\/papuosalas\/klassikaline-teemandiga-ripats-cushion-2-50-ct\/#primaryimage\"},\"image\":{\"@id\":\"https:\/\/fashiongold.lt\/et\/papuosalas\/klassikaline-teemandiga-ripats-cushion-2-50-ct\/#primaryimage\"},\"thumbnailUrl\":\"https:\/\/fashiongold.lt\/wp-content\/uploads\/2025\/05\/Klasikinis-pakabukas-su-deimantu-CUSHION-DEIMANTAS-030-ct-2-1.png\",\"datePublished\":\"2025-07-14T09:24:42+00:00\",\"description\":\"2.50 ct teemantripats \u2013 poeetiline valguse r\u00e4nnak ja p\u00e4randatava ilu s\u00fcmbol, mis sobib igale maitsele ja stiilile.\",\"breadcrumb\":{\"@id\":\"https:\/\/fashiongold.lt\/et\/papuosalas\/klassikaline-teemandiga-ripats-cushion-2-50-ct\/#breadcrumb\"},\"inLanguage\":\"et\",\"potentialAction\":[{\"@type\":\"ReadAction\",\"target\":[\"https:\/\/fashiongold.lt\/et\/papuosalas\/klassikaline-teemandiga-ripats-cushion-2-50-ct\/\"]}]},{\"@type\":\"ImageObject\",\"inLanguage\":\"et\",\"@id\":\"https:\/\/fashiongold.lt\/et\/papuosalas\/klassikaline-teemandiga-ripats-cushion-2-50-ct\/#primaryimage\",\"url\":\"https:\/\/fashiongold.lt\/wp-content\/uploads\/2025\/05\/Klasikinis-pakabukas-su-deimantu-CUSHION-DEIMANTAS-030-ct-2-1.png\",\"contentUrl\":\"https:\/\/fashiongold.lt\/wp-content\/uploads\/2025\/05\/Klasikinis-pakabukas-su-deimantu-CUSHION-DEIMANTAS-030-ct-2-1.png\",\"width\":800,\"height\":800,\"caption\":\"alto aukso pakabukas su deimantu (cushion cut)\"},{\"@type\":\"BreadcrumbList\",\"@id\":\"https:\/\/fashiongold.lt\/et\/papuosalas\/klassikaline-teemandiga-ripats-cushion-2-50-ct\/#breadcrumb\",\"itemListElement\":[{\"@type\":\"ListItem\",\"position\":1,\"name\":\"Home\",\"item\":\"https:\/\/fashiongold.lt\/et\/\"},{\"@type\":\"ListItem\",\"position\":2,\"name\":\"Teemantide pood Fashiongold.lt\",\"item\":\"https:\/\/fashiongold.lt\/shop-2\/\"},{\"@type\":\"ListItem\",\"position\":3,\"name\":\"Klassikaline teemandiga ripats &#8211; Cushion (2.50 ct)\"}]},{\"@type\":\"WebSite\",\"@id\":\"https:\/\/fashiongold.lt\/et\/#website\",\"url\":\"https:\/\/fashiongold.lt\/et\/\",\"name\":\"Fashion Gold\",\"description\":\"Juvelyrikos namai\",\"publisher\":{\"@id\":\"https:\/\/fashiongold.lt\/et\/#organization\"},\"potentialAction\":[{\"@type\":\"SearchAction\",\"target\":{\"@type\":\"EntryPoint\",\"urlTemplate\":\"https:\/\/fashiongold.lt\/et\/?s={search_term_string}\"},\"query-input\":{\"@type\":\"PropertyValueSpecification\",\"valueRequired\":true,\"valueName\":\"search_term_string\"}}],\"inLanguage\":\"et\"},{\"@type\":\"Organization\",\"@id\":\"https:\/\/fashiongold.lt\/et\/#organization\",\"name\":\"Topdiamonds Online\",\"url\":\"https:\/\/fashiongold.lt\/et\/\",\"logo\":{\"@type\":\"ImageObject\",\"inLanguage\":\"et\",\"@id\":\"https:\/\/fashiongold.lt\/et\/#\/schema\/logo\/image\/\",\"url\":\"https:\/\/fashiongold.lt\/wp-content\/uploads\/2025\/04\/cropped-fashion_gold_logotipas2-scaled-1.png\",\"contentUrl\":\"https:\/\/fashiongold.lt\/wp-content\/uploads\/2025\/04\/cropped-fashion_gold_logotipas2-scaled-1.png\",\"width\":2559,\"height\":421,\"caption\":\"Topdiamonds Online\"},\"image\":{\"@id\":\"https:\/\/fashiongold.lt\/et\/#\/schema\/logo\/image\/\"}}]}<\/script>\n<!-- \/ Yoast SEO plugin. -->","yoast_head_json":{"title":"Klassikaline teemandiga ripats - Cushion (2.50 ct)","description":"2.50 ct teemantripats \u2013 poeetiline valguse r\u00e4nnak ja p\u00e4randatava ilu s\u00fcmbol, mis sobib igale maitsele ja stiilile.","robots":{"index":"index","follow":"follow","max-snippet":"max-snippet:-1","max-image-preview":"max-image-preview:large","max-video-preview":"max-video-preview:-1"},"canonical":"https:\/\/fashiongold.lt\/et\/papuosalas\/klassikaline-teemandiga-ripats-cushion-2-50-ct\/","og_locale":"et_EE","og_type":"article","og_title":"Klassikaline teemandiga ripats - Cushion (2.50 ct)","og_description":"2.50 ct teemantripats \u2013 poeetiline valguse r\u00e4nnak ja p\u00e4randatava ilu s\u00fcmbol, mis sobib igale maitsele ja stiilile.","og_url":"https:\/\/fashiongold.lt\/et\/papuosalas\/klassikaline-teemandiga-ripats-cushion-2-50-ct\/","og_site_name":"FashionGold.lt","og_image":[{"width":800,"height":800,"url":"https:\/\/fashiongold.lt\/wp-content\/uploads\/2025\/05\/Klasikinis-pakabukas-su-deimantu-CUSHION-DEIMANTAS-030-ct-2-1.webp","type":"image\/png"}],"twitter_card":"summary_large_image","twitter_misc":{"Est. reading time":"1 minut"},"schema":{"@context":"https:\/\/schema.org","@graph":[{"@type":"WebPage","@id":"https:\/\/fashiongold.lt\/et\/papuosalas\/klassikaline-teemandiga-ripats-cushion-2-50-ct\/","url":"https:\/\/fashiongold.lt\/et\/papuosalas\/klassikaline-teemandiga-ripats-cushion-2-50-ct\/","name":"Klassikaline teemandiga ripats - Cushion (2.50 ct)","isPartOf":{"@id":"https:\/\/fashiongold.lt\/et\/#website"},"primaryImageOfPage":{"@id":"https:\/\/fashiongold.lt\/et\/papuosalas\/klassikaline-teemandiga-ripats-cushion-2-50-ct\/#primaryimage"},"image":{"@id":"https:\/\/fashiongold.lt\/et\/papuosalas\/klassikaline-teemandiga-ripats-cushion-2-50-ct\/#primaryimage"},"thumbnailUrl":"https:\/\/fashiongold.lt\/wp-content\/uploads\/2025\/05\/Klasikinis-pakabukas-su-deimantu-CUSHION-DEIMANTAS-030-ct-2-1.png","datePublished":"2025-07-14T09:24:42+00:00","description":"2.50 ct teemantripats \u2013 poeetiline valguse r\u00e4nnak ja p\u00e4randatava ilu s\u00fcmbol, mis sobib igale maitsele ja stiilile.","breadcrumb":{"@id":"https:\/\/fashiongold.lt\/et\/papuosalas\/klassikaline-teemandiga-ripats-cushion-2-50-ct\/#breadcrumb"},"inLanguage":"et","potentialAction":[{"@type":"ReadAction","target":["https:\/\/fashiongold.lt\/et\/papuosalas\/klassikaline-teemandiga-ripats-cushion-2-50-ct\/"]}]},{"@type":"ImageObject","inLanguage":"et","@id":"https:\/\/fashiongold.lt\/et\/papuosalas\/klassikaline-teemandiga-ripats-cushion-2-50-ct\/#primaryimage","url":"https:\/\/fashiongold.lt\/wp-content\/uploads\/2025\/05\/Klasikinis-pakabukas-su-deimantu-CUSHION-DEIMANTAS-030-ct-2-1.png","contentUrl":"https:\/\/fashiongold.lt\/wp-content\/uploads\/2025\/05\/Klasikinis-pakabukas-su-deimantu-CUSHION-DEIMANTAS-030-ct-2-1.png","width":800,"height":800,"caption":"alto aukso pakabukas su deimantu (cushion cut)"},{"@type":"BreadcrumbList","@id":"https:\/\/fashiongold.lt\/et\/papuosalas\/klassikaline-teemandiga-ripats-cushion-2-50-ct\/#breadcrumb","itemListElement":[{"@type":"ListItem","position":1,"name":"Home","item":"https:\/\/fashiongold.lt\/et\/"},{"@type":"ListItem","position":2,"name":"Teemantide pood Fashiongold.lt","item":"https:\/\/fashiongold.lt\/shop-2\/"},{"@type":"ListItem","position":3,"name":"Klassikaline teemandiga ripats &#8211; Cushion (2.50 ct)"}]},{"@type":"WebSite","@id":"https:\/\/fashiongold.lt\/et\/#website","url":"https:\/\/fashiongold.lt\/et\/","name":"Fashion Gold","description":"Juvelyrikos namai","publisher":{"@id":"https:\/\/fashiongold.lt\/et\/#organization"},"potentialAction":[{"@type":"SearchAction","target":{"@type":"EntryPoint","urlTemplate":"https:\/\/fashiongold.lt\/et\/?s={search_term_string}"},"query-input":{"@type":"PropertyValueSpecification","valueRequired":true,"valueName":"search_term_string"}}],"inLanguage":"et"},{"@type":"Organization","@id":"https:\/\/fashiongold.lt\/et\/#organization","name":"Topdiamonds Online","url":"https:\/\/fashiongold.lt\/et\/","logo":{"@type":"ImageObject","inLanguage":"et","@id":"https:\/\/fashiongold.lt\/et\/#\/schema\/logo\/image\/","url":"https:\/\/fashiongold.lt\/wp-content\/uploads\/2025\/04\/cropped-fashion_gold_logotipas2-scaled-1.png","contentUrl":"https:\/\/fashiongold.lt\/wp-content\/uploads\/2025\/04\/cropped-fashion_gold_logotipas2-scaled-1.png","width":2559,"height":421,"caption":"Topdiamonds Online"},"image":{"@id":"https:\/\/fashiongold.lt\/et\/#\/schema\/logo\/image\/"}}]}},"_links":{"self":[{"href":"https:\/\/fashiongold.lt\/et\/wp-json\/wp\/v2\/product\/296023","targetHints":{"allow":["GET"]}}],"collection":[{"href":"https:\/\/fashiongold.lt\/et\/wp-json\/wp\/v2\/product"}],"about":[{"href":"https:\/\/fashiongold.lt\/et\/wp-json\/wp\/v2\/types\/product"}],"version-history":[{"count":0,"href":"https:\/\/fashiongold.lt\/et\/wp-json\/wp\/v2\/product\/296023\/revisions"}],"wp:featuredmedia":[{"embeddable":true,"href":"https:\/\/fashiongold.lt\/et\/wp-json\/wp\/v2\/media\/14481"}],"wp:attachment":[{"href":"https:\/\/fashiongold.lt\/et\/wp-json\/wp\/v2\/media?parent=296023"}],"wp:term":[{"taxonomy":"product_brand","embeddable":true,"href":"https:\/\/fashiongold.lt\/et\/wp-json\/wp\/v2\/product_brand?post=296023"},{"taxonomy":"product_cat","embeddable":true,"href":"https:\/\/fashiongold.lt\/et\/wp-json\/wp\/v2\/product_cat?post=296023"},{"taxonomy":"product_tag","embeddable":true,"href":"https:\/\/fashiongold.lt\/et\/wp-json\/wp\/v2\/product_tag?post=296023"}],"curies":[{"name":"wp","href":"https:\/\/api.w.org\/{rel}","templated":true}]}}