{"id":296153,"date":"2025-07-12T12:09:32","date_gmt":"2025-07-12T12:09:32","guid":{"rendered":"https:\/\/fashiongold.lt\/papuosalas\/modernne-halo-kihlasormus-ovaalse-teemandiga-0-80-ct\/"},"modified":"2025-07-12T12:09:32","modified_gmt":"2025-07-12T12:09:32","slug":"modernne-halo-kihlasormus-ovaalse-teemandiga-0-80-ct","status":"publish","type":"product","link":"https:\/\/fashiongold.lt\/et\/papuosalas\/modernne-halo-kihlasormus-ovaalse-teemandiga-0-80-ct\/","title":{"rendered":"Modernne Halo kihlas\u00f5rmus ovaalse teemandiga (0.80 ct)"},"content":{"rendered":"<p>Kaasaegne Halo kihlas\u00f5rmus, mis on valmistatud k\u00f5rgeimate juveelit\u00f6\u00f6 standardite kohaselt, tagades laitmatu kvaliteedi ja detailide t\u00e4pse t\u00f6\u00f6tluse. Eripidised lahendused, sealhulgas k\u00f5rgema kvaliteediga teemantide valik, on saadaval lisatasu eest.<\/p>\n<p>\u2022 <strong><a href=\"https:\/\/fashiongold.lt\/et\/patarimai-et\/milline-kulla-proov-on-parim-kuidas-valida-sobivaimat-kihla-voi-abielusormust\/\" target=\"_blank\" rel=\"noopener\">V\u00e4\u00e4rismetallid<\/a><\/strong>: 14K (proov 585), 18K (proov 750), plaatina 900<br \/>\n\u2022 <strong><a href=\"https:\/\/fashiongold.lt\/et\/patarimai-et\/kihla-ja-abielusormuste-kulla-varvus-valge-punane-voi-kollane-kuld\/\" target=\"_blank\" rel=\"noopener\">Saadaval olevad kullav\u00e4rvid<\/a><\/strong>: valge, punane, kollane<br \/>\n\u2022 <strong><a href=\"https:\/\/fashiongold.lt\/et\/patarimai-et\/teemantsormused-sormuse-kulla-kaal-ja-teemantide-kaal-karaatides-kuidas-valida-sobivat-soovitused-kuidas-moista-ja-hinnata\/\" target=\"_blank\" rel=\"noopener\">S\u00f5rmuse ligikaudne kaal<\/a><\/strong>: <span data-sheets-root=\"1\">umbes 2,00 g &#8211; 3,50 g<\/span><br \/>\n\u2022 <span data-sheets-root=\"1\"><a href=\"https:\/\/fashiongold.lt\/et\/patarimai-et\/kihlasormused-taiusliku-proportsiooni-saladus-miks-moned-teemantsormused-naevad-luksuslikumad-valja\/\" target=\"_blank\" rel=\"noopener\"><strong>Krooni laius<\/strong><\/a>:<\/span> umbes <span data-sheets-root=\"1\">6,5 mm x 4,5 mm<\/span><br \/>\n\u2022 <strong><a href=\"https:\/\/fashiongold.lt\/et\/patarimai-et\/teemant-teised-teemandi-kujud\/\" target=\"_blank\" rel=\"noopener\">Teemandi kuju ja lihv<\/a><\/strong>: <span data-sheets-root=\"1\">Ovaalne (<em>Oval cut<\/em>)<\/span><br \/>\n\u2022 <strong><a href=\"https:\/\/fashiongold.lt\/et\/patarimai-et\/teemant-looduslik-laboris-kasvatatud-voi-kunstlik-kuidas-teha-oige-valik\/\" target=\"_blank\" rel=\"noopener\">Teemandi p\u00e4ritolu<\/a><\/strong>: Laboris kasvatatud teemant v\u00f5i looduslik teemant<br \/>\n\u2022 <strong><a href=\"https:\/\/fashiongold.lt\/et\/patarimai-et\/teemant-kuidas-hinnatakse-koige-vaartuslikuma-vaariskivi-luksust\/\" target=\"_blank\" rel=\"noopener\">Teemandi kaal ja omadused<\/a><\/strong> (muudetav):<br \/>\nLaboris kasvatatud teemant IGI sertifikaadiga: <span data-sheets-root=\"1\">0,50<\/span>\u00a0ct teemant (v\u00e4rvus D-E, puhtus VVS)<br \/>\nLooduslik teemant GIA sertifikaadiga: <span data-sheets-root=\"1\">0,50<\/span>\u00a0ct teemant (v\u00e4rvus G-I, puhtus SI)<br \/>\n<span data-sheets-root=\"1\">Keskset teemanti \u00fcmbritsevas Halos ja s\u00f5rmusev\u00f5rul olevad teemandid &#8211; umbes 0,007 ct teemandid (muudetav)<br \/>\nTeemantide kogukaal: 0,80 ct<br \/>\n<strong>M\u00e4rkus<\/strong>: Halo-stiilis ehete ostmisel on v\u00f5imalik teemantide kogukaalu h\u00e4lve: 0,78 ct &#8211; 0,82 ct<\/span><br \/>\n\u2022 \u00dchekordne tasuta <strong><a href=\"https:\/\/fashiongold.lt\/et\/patarimai-et\/kihlasormused-kas-sormust-saab-graveerida-detailid-mis-annavad-teie-kihlasormusele-individuaalsust\/\" target=\"_blank\" rel=\"noopener\">graveerimine<\/a><\/strong><br \/>\n\u2022 \u00dchekordne tasuta <strong><a href=\"https:\/\/fashiongold.lt\/et\/patarimai-et\/kihlasormused-tasuta-suuruse-muutmine-et-sormus-sobiks-ideaalselt\/\" target=\"_blank\" rel=\"noopener\">s\u00f5rmuse suuruse muutmine<\/a><br \/>\n<\/strong>\u2022 Kihlas\u00f5rmuse sisek\u00fclg on <strong><a href=\"https:\/\/fashiongold.lt\/et\/patarimai-et\/sormuse-mugavustsoon-voi-sormuse-mugavus\/\" target=\"_blank\" rel=\"noopener\">mugavustsooniga<\/a><\/strong><br \/>\n\u2022 <strong><a href=\"https:\/\/fashiongold.lt\/et\/tarne-ja-tagastamine\/\" target=\"_blank\" rel=\"noopener\">Valmistamis- ja tarneaeg<\/a><\/strong>: alates 14 t\u00f6\u00f6p\u00e4evast, kiirtellimusel 7 t\u00f6\u00f6p\u00e4eva jooksul.<\/p>\n<p data-start=\"1169\" data-end=\"1394\">Kas teil on oma v\u00e4\u00e4riskivi v\u00f5i kulda? Hindame teie materjale ja uuendame hinda \u2013 maksate ainult individuaalse kihlas\u00f5rmuse valmistamise eest. Kas soovite muuta teemandi omadusi vastavalt oma vajadustele? <strong><a href=\"https:\/\/fashiongold.lt\/et\/kontaktid\/\" target=\"_blank\" rel=\"noopener\">V\u00f5tke \u00fchendust<\/a><\/strong> meie spetsialistidega.<br \/>\nAvastage lai valik teemantehteid, mis on kohandatud erinevatele maitsetele ja eelarvetele. Looge erakordne ehe koos <a href=\"https:\/\/fashiongold.lt\/et\/\" target=\"_blank\" rel=\"noopener\">FashionGold.lt<\/a>-ga.<\/p>\n","protected":false},"excerpt":{"rendered":"<h2 data-start=\"1633\" data-end=\"1710\">Halo kihlas\u00f5rmus, mille teemantide kogukaal on 0,80 ct<\/h2>\n<p data-start=\"1711\" data-end=\"1917\">Seda Halo kihlas\u00f5rmust iseloomustab selge tasakaal delikaatsuse ja silmapaistva s\u00e4ra vahel. 0,80 ct teemantide kogukaal muudab s\u00f5rmuse m\u00e4rgatavaks, s\u00e4ilitades samal ajal kerge ja modernse esteetika. Keskel asuv ovaalne teemant paistab silma t\u00e4nu Halo-p\u00e4rjale, mis suurendab selle visuaalset suurust ja proportsioone.<\/p>\n<h3 data-start=\"2040\" data-end=\"2093\"><em>Oval<\/em>-lihviga teemant ja proportsioonide harmoonia<\/h3>\n<p data-start=\"2094\" data-end=\"2278\"><em>Oval<\/em>-lihviga teemant on hinnatud oma s\u00fcmmeetria ja pehmete joonte poolest. Koos v\u00e4ikeste teemantidega kaunistatud s\u00f5rmusev\u00f5ruga loob see kaasaegse Halo-disaini, mis m\u00f5jub \u00fchtse ja elegantsena.<\/p>\n","protected":false},"featured_media":18649,"template":"","meta":{"site-sidebar-layout":"default","site-content-layout":"","ast-site-content-layout":"default","site-content-style":"default","site-sidebar-style":"default","ast-global-header-display":"","ast-banner-title-visibility":"","ast-main-header-display":"","ast-hfb-above-header-display":"","ast-hfb-below-header-display":"","ast-hfb-mobile-header-display":"","site-post-title":"","ast-breadcrumbs-content":"","ast-featured-img":"","footer-sml-layout":"","ast-disable-related-posts":"","theme-transparent-header-meta":"default","adv-header-id-meta":"","stick-header-meta":"","header-above-stick-meta":"","header-main-stick-meta":"","header-below-stick-meta":"","astra-migrate-meta-layouts":"default","ast-page-background-enabled":"default","ast-page-background-meta":{"desktop":{"background-color":"var(--ast-global-color-4)","background-image":"","background-repeat":"repeat","background-position":"center center","background-size":"auto","background-attachment":"scroll","background-type":"","background-media":"","overlay-type":"","overlay-color":"","overlay-opacity":"","overlay-gradient":""},"tablet":{"background-color":"","background-image":"","background-repeat":"repeat","background-position":"center center","background-size":"auto","background-attachment":"scroll","background-type":"","background-media":"","overlay-type":"","overlay-color":"","overlay-opacity":"","overlay-gradient":""},"mobile":{"background-color":"","background-image":"","background-repeat":"repeat","background-position":"center center","background-size":"auto","background-attachment":"scroll","background-type":"","background-media":"","overlay-type":"","overlay-color":"","overlay-opacity":"","overlay-gradient":""}},"ast-content-background-meta":{"desktop":{"background-color":"var(--ast-global-color-5)","background-image":"","background-repeat":"repeat","background-position":"center center","background-size":"auto","background-attachment":"scroll","background-type":"","background-media":"","overlay-type":"","overlay-color":"","overlay-opacity":"","overlay-gradient":""},"tablet":{"background-color":"var(--ast-global-color-5)","background-image":"","background-repeat":"repeat","background-position":"center center","background-size":"auto","background-attachment":"scroll","background-type":"","background-media":"","overlay-type":"","overlay-color":"","overlay-opacity":"","overlay-gradient":""},"mobile":{"background-color":"var(--ast-global-color-5)","background-image":"","background-repeat":"repeat","background-position":"center center","background-size":"auto","background-attachment":"scroll","background-type":"","background-media":"","overlay-type":"","overlay-color":"","overlay-opacity":"","overlay-gradient":""}}},"product_brand":[],"product_cat":[3058,2991,3422,3558,3960,2829,2831,3425,3548,3449,2967,3426,2845,2827,3424],"product_tag":[],"class_list":{"0":"post-296153","1":"product","2":"type-product","3":"status-publish","4":"has-post-thumbnail","6":"product_cat-ehted","7":"product_cat-halo-kujuga-kihlasormused","8":"product_cat-kihlasormused","9":"product_cat-kihlasormused-laboriteemantidega","10":"product_cat-kihlasormused-teemandiga","11":"product_cat-kingitused-erilisteks-puhkudeks","12":"product_cat-kollasest-kullast-ehted","13":"product_cat-kollasest-kullast-kihlasormused","14":"product_cat-laboriteemantidega-ehted","15":"product_cat-modernsed-kihlasormused","16":"product_cat-punasest-kullast-ehted","17":"product_cat-punasest-kullast-kihlasormused","18":"product_cat-sobrapaeva-kingitused","19":"product_cat-valgest-kullast-ehted","20":"product_cat-valgest-kullast-kihlasormused","21":"desktop-align-center","22":"tablet-align-left","23":"mobile-align-left","24":"ast-product-gallery-layout-horizontal-slider","25":"ast-product-single-variable","26":"ast-product-tabs-layout-accordion","27":"ast-qv-on-image","29":"first","30":"instock","31":"taxable","32":"shipping-taxable","33":"purchasable","34":"product-type-variable"},"yoast_head":"<!-- This site is optimized with the Yoast SEO plugin v26.6 - https:\/\/yoast.com\/wordpress\/plugins\/seo\/ -->\n<title>Modernne Halo kihlas\u00f5rmus ovaalse teemandiga (0.80 ct)<\/title>\n<meta name=\"description\" content=\"Halo kihlas\u00f5rmus 0,80 ct teemantidega \u2013 moodne vits ja Halo-p\u00e4rg, mis \u00fcmbritseb keskmist ovaalset teemanti.\" \/>\n<meta name=\"robots\" content=\"index, follow, max-snippet:-1, max-image-preview:large, max-video-preview:-1\" \/>\n<link rel=\"canonical\" href=\"https:\/\/fashiongold.lt\/et\/papuosalas\/modernne-halo-kihlasormus-ovaalse-teemandiga-0-80-ct\/\" \/>\n<meta property=\"og:locale\" content=\"et_EE\" \/>\n<meta property=\"og:type\" content=\"article\" \/>\n<meta property=\"og:title\" content=\"Modernne Halo kihlas\u00f5rmus ovaalse teemandiga (0.80 ct)\" \/>\n<meta property=\"og:description\" content=\"Halo kihlas\u00f5rmus 0,80 ct teemantidega \u2013 moodne vits ja Halo-p\u00e4rg, mis \u00fcmbritseb keskmist ovaalset teemanti.\" \/>\n<meta property=\"og:url\" content=\"https:\/\/fashiongold.lt\/et\/papuosalas\/modernne-halo-kihlasormus-ovaalse-teemandiga-0-80-ct\/\" \/>\n<meta property=\"og:site_name\" content=\"FashionGold.lt\" \/>\n<meta property=\"og:image\" content=\"https:\/\/fashiongold.lt\/wp-content\/uploads\/2025\/06\/TDO-1250-modernus-halo-suzadetuviu-ziedas-su-deimantu-oval-cut-7-1.webp\" \/>\n\t<meta property=\"og:image:width\" content=\"800\" \/>\n\t<meta property=\"og:image:height\" content=\"800\" \/>\n\t<meta property=\"og:image:type\" content=\"image\/jpeg\" \/>\n<meta name=\"twitter:card\" content=\"summary_large_image\" \/>\n<meta name=\"twitter:label1\" content=\"Est. reading time\" \/>\n\t<meta name=\"twitter:data1\" content=\"1 minut\" \/>\n<script type=\"application\/ld+json\" class=\"yoast-schema-graph\">{\"@context\":\"https:\/\/schema.org\",\"@graph\":[{\"@type\":\"WebPage\",\"@id\":\"https:\/\/fashiongold.lt\/et\/papuosalas\/modernne-halo-kihlasormus-ovaalse-teemandiga-0-80-ct\/\",\"url\":\"https:\/\/fashiongold.lt\/et\/papuosalas\/modernne-halo-kihlasormus-ovaalse-teemandiga-0-80-ct\/\",\"name\":\"Modernne Halo kihlas\u00f5rmus ovaalse teemandiga (0.80 ct)\",\"isPartOf\":{\"@id\":\"https:\/\/fashiongold.lt\/et\/#website\"},\"primaryImageOfPage\":{\"@id\":\"https:\/\/fashiongold.lt\/et\/papuosalas\/modernne-halo-kihlasormus-ovaalse-teemandiga-0-80-ct\/#primaryimage\"},\"image\":{\"@id\":\"https:\/\/fashiongold.lt\/et\/papuosalas\/modernne-halo-kihlasormus-ovaalse-teemandiga-0-80-ct\/#primaryimage\"},\"thumbnailUrl\":\"https:\/\/fashiongold.lt\/wp-content\/uploads\/2025\/06\/TDO-1250-modernus-halo-suzadetuviu-ziedas-su-deimantu-oval-cut-7-1.jpg\",\"datePublished\":\"2025-07-12T12:09:32+00:00\",\"description\":\"Halo kihlas\u00f5rmus 0,80 ct teemantidega \u2013 moodne vits ja Halo-p\u00e4rg, mis \u00fcmbritseb keskmist ovaalset teemanti.\",\"breadcrumb\":{\"@id\":\"https:\/\/fashiongold.lt\/et\/papuosalas\/modernne-halo-kihlasormus-ovaalse-teemandiga-0-80-ct\/#breadcrumb\"},\"inLanguage\":\"et\",\"potentialAction\":[{\"@type\":\"ReadAction\",\"target\":[\"https:\/\/fashiongold.lt\/et\/papuosalas\/modernne-halo-kihlasormus-ovaalse-teemandiga-0-80-ct\/\"]}]},{\"@type\":\"ImageObject\",\"inLanguage\":\"et\",\"@id\":\"https:\/\/fashiongold.lt\/et\/papuosalas\/modernne-halo-kihlasormus-ovaalse-teemandiga-0-80-ct\/#primaryimage\",\"url\":\"https:\/\/fashiongold.lt\/wp-content\/uploads\/2025\/06\/TDO-1250-modernus-halo-suzadetuviu-ziedas-su-deimantu-oval-cut-7-1.jpg\",\"contentUrl\":\"https:\/\/fashiongold.lt\/wp-content\/uploads\/2025\/06\/TDO-1250-modernus-halo-suzadetuviu-ziedas-su-deimantu-oval-cut-7-1.jpg\",\"width\":800,\"height\":800,\"caption\":\"Modernus su\u017ead\u0117tuvi\u0173 \u017eiedas su deimantais ir halo juostele i\u0161 balto aukso arba platinos - oval cut\"},{\"@type\":\"BreadcrumbList\",\"@id\":\"https:\/\/fashiongold.lt\/et\/papuosalas\/modernne-halo-kihlasormus-ovaalse-teemandiga-0-80-ct\/#breadcrumb\",\"itemListElement\":[{\"@type\":\"ListItem\",\"position\":1,\"name\":\"Home\",\"item\":\"https:\/\/fashiongold.lt\/et\/\"},{\"@type\":\"ListItem\",\"position\":2,\"name\":\"Teemantide pood Fashiongold.lt\",\"item\":\"https:\/\/fashiongold.lt\/shop-2\/\"},{\"@type\":\"ListItem\",\"position\":3,\"name\":\"Modernne Halo kihlas\u00f5rmus ovaalse teemandiga (0.80 ct)\"}]},{\"@type\":\"WebSite\",\"@id\":\"https:\/\/fashiongold.lt\/et\/#website\",\"url\":\"https:\/\/fashiongold.lt\/et\/\",\"name\":\"Fashion Gold\",\"description\":\"Juvelyrikos namai\",\"publisher\":{\"@id\":\"https:\/\/fashiongold.lt\/et\/#organization\"},\"potentialAction\":[{\"@type\":\"SearchAction\",\"target\":{\"@type\":\"EntryPoint\",\"urlTemplate\":\"https:\/\/fashiongold.lt\/et\/?s={search_term_string}\"},\"query-input\":{\"@type\":\"PropertyValueSpecification\",\"valueRequired\":true,\"valueName\":\"search_term_string\"}}],\"inLanguage\":\"et\"},{\"@type\":\"Organization\",\"@id\":\"https:\/\/fashiongold.lt\/et\/#organization\",\"name\":\"Topdiamonds Online\",\"url\":\"https:\/\/fashiongold.lt\/et\/\",\"logo\":{\"@type\":\"ImageObject\",\"inLanguage\":\"et\",\"@id\":\"https:\/\/fashiongold.lt\/et\/#\/schema\/logo\/image\/\",\"url\":\"https:\/\/fashiongold.lt\/wp-content\/uploads\/2025\/04\/cropped-fashion_gold_logotipas2-scaled-1.png\",\"contentUrl\":\"https:\/\/fashiongold.lt\/wp-content\/uploads\/2025\/04\/cropped-fashion_gold_logotipas2-scaled-1.png\",\"width\":2559,\"height\":421,\"caption\":\"Topdiamonds Online\"},\"image\":{\"@id\":\"https:\/\/fashiongold.lt\/et\/#\/schema\/logo\/image\/\"}}]}<\/script>\n<!-- \/ Yoast SEO plugin. -->","yoast_head_json":{"title":"Modernne Halo kihlas\u00f5rmus ovaalse teemandiga (0.80 ct)","description":"Halo kihlas\u00f5rmus 0,80 ct teemantidega \u2013 moodne vits ja Halo-p\u00e4rg, mis \u00fcmbritseb keskmist ovaalset teemanti.","robots":{"index":"index","follow":"follow","max-snippet":"max-snippet:-1","max-image-preview":"max-image-preview:large","max-video-preview":"max-video-preview:-1"},"canonical":"https:\/\/fashiongold.lt\/et\/papuosalas\/modernne-halo-kihlasormus-ovaalse-teemandiga-0-80-ct\/","og_locale":"et_EE","og_type":"article","og_title":"Modernne Halo kihlas\u00f5rmus ovaalse teemandiga (0.80 ct)","og_description":"Halo kihlas\u00f5rmus 0,80 ct teemantidega \u2013 moodne vits ja Halo-p\u00e4rg, mis \u00fcmbritseb keskmist ovaalset teemanti.","og_url":"https:\/\/fashiongold.lt\/et\/papuosalas\/modernne-halo-kihlasormus-ovaalse-teemandiga-0-80-ct\/","og_site_name":"FashionGold.lt","og_image":[{"width":800,"height":800,"url":"https:\/\/fashiongold.lt\/wp-content\/uploads\/2025\/06\/TDO-1250-modernus-halo-suzadetuviu-ziedas-su-deimantu-oval-cut-7-1.webp","type":"image\/jpeg"}],"twitter_card":"summary_large_image","twitter_misc":{"Est. reading time":"1 minut"},"schema":{"@context":"https:\/\/schema.org","@graph":[{"@type":"WebPage","@id":"https:\/\/fashiongold.lt\/et\/papuosalas\/modernne-halo-kihlasormus-ovaalse-teemandiga-0-80-ct\/","url":"https:\/\/fashiongold.lt\/et\/papuosalas\/modernne-halo-kihlasormus-ovaalse-teemandiga-0-80-ct\/","name":"Modernne Halo kihlas\u00f5rmus ovaalse teemandiga (0.80 ct)","isPartOf":{"@id":"https:\/\/fashiongold.lt\/et\/#website"},"primaryImageOfPage":{"@id":"https:\/\/fashiongold.lt\/et\/papuosalas\/modernne-halo-kihlasormus-ovaalse-teemandiga-0-80-ct\/#primaryimage"},"image":{"@id":"https:\/\/fashiongold.lt\/et\/papuosalas\/modernne-halo-kihlasormus-ovaalse-teemandiga-0-80-ct\/#primaryimage"},"thumbnailUrl":"https:\/\/fashiongold.lt\/wp-content\/uploads\/2025\/06\/TDO-1250-modernus-halo-suzadetuviu-ziedas-su-deimantu-oval-cut-7-1.jpg","datePublished":"2025-07-12T12:09:32+00:00","description":"Halo kihlas\u00f5rmus 0,80 ct teemantidega \u2013 moodne vits ja Halo-p\u00e4rg, mis \u00fcmbritseb keskmist ovaalset teemanti.","breadcrumb":{"@id":"https:\/\/fashiongold.lt\/et\/papuosalas\/modernne-halo-kihlasormus-ovaalse-teemandiga-0-80-ct\/#breadcrumb"},"inLanguage":"et","potentialAction":[{"@type":"ReadAction","target":["https:\/\/fashiongold.lt\/et\/papuosalas\/modernne-halo-kihlasormus-ovaalse-teemandiga-0-80-ct\/"]}]},{"@type":"ImageObject","inLanguage":"et","@id":"https:\/\/fashiongold.lt\/et\/papuosalas\/modernne-halo-kihlasormus-ovaalse-teemandiga-0-80-ct\/#primaryimage","url":"https:\/\/fashiongold.lt\/wp-content\/uploads\/2025\/06\/TDO-1250-modernus-halo-suzadetuviu-ziedas-su-deimantu-oval-cut-7-1.jpg","contentUrl":"https:\/\/fashiongold.lt\/wp-content\/uploads\/2025\/06\/TDO-1250-modernus-halo-suzadetuviu-ziedas-su-deimantu-oval-cut-7-1.jpg","width":800,"height":800,"caption":"Modernus su\u017ead\u0117tuvi\u0173 \u017eiedas su deimantais ir halo juostele i\u0161 balto aukso arba platinos - oval cut"},{"@type":"BreadcrumbList","@id":"https:\/\/fashiongold.lt\/et\/papuosalas\/modernne-halo-kihlasormus-ovaalse-teemandiga-0-80-ct\/#breadcrumb","itemListElement":[{"@type":"ListItem","position":1,"name":"Home","item":"https:\/\/fashiongold.lt\/et\/"},{"@type":"ListItem","position":2,"name":"Teemantide pood Fashiongold.lt","item":"https:\/\/fashiongold.lt\/shop-2\/"},{"@type":"ListItem","position":3,"name":"Modernne Halo kihlas\u00f5rmus ovaalse teemandiga (0.80 ct)"}]},{"@type":"WebSite","@id":"https:\/\/fashiongold.lt\/et\/#website","url":"https:\/\/fashiongold.lt\/et\/","name":"Fashion Gold","description":"Juvelyrikos namai","publisher":{"@id":"https:\/\/fashiongold.lt\/et\/#organization"},"potentialAction":[{"@type":"SearchAction","target":{"@type":"EntryPoint","urlTemplate":"https:\/\/fashiongold.lt\/et\/?s={search_term_string}"},"query-input":{"@type":"PropertyValueSpecification","valueRequired":true,"valueName":"search_term_string"}}],"inLanguage":"et"},{"@type":"Organization","@id":"https:\/\/fashiongold.lt\/et\/#organization","name":"Topdiamonds Online","url":"https:\/\/fashiongold.lt\/et\/","logo":{"@type":"ImageObject","inLanguage":"et","@id":"https:\/\/fashiongold.lt\/et\/#\/schema\/logo\/image\/","url":"https:\/\/fashiongold.lt\/wp-content\/uploads\/2025\/04\/cropped-fashion_gold_logotipas2-scaled-1.png","contentUrl":"https:\/\/fashiongold.lt\/wp-content\/uploads\/2025\/04\/cropped-fashion_gold_logotipas2-scaled-1.png","width":2559,"height":421,"caption":"Topdiamonds Online"},"image":{"@id":"https:\/\/fashiongold.lt\/et\/#\/schema\/logo\/image\/"}}]}},"_links":{"self":[{"href":"https:\/\/fashiongold.lt\/et\/wp-json\/wp\/v2\/product\/296153","targetHints":{"allow":["GET"]}}],"collection":[{"href":"https:\/\/fashiongold.lt\/et\/wp-json\/wp\/v2\/product"}],"about":[{"href":"https:\/\/fashiongold.lt\/et\/wp-json\/wp\/v2\/types\/product"}],"version-history":[{"count":0,"href":"https:\/\/fashiongold.lt\/et\/wp-json\/wp\/v2\/product\/296153\/revisions"}],"wp:featuredmedia":[{"embeddable":true,"href":"https:\/\/fashiongold.lt\/et\/wp-json\/wp\/v2\/media\/18649"}],"wp:attachment":[{"href":"https:\/\/fashiongold.lt\/et\/wp-json\/wp\/v2\/media?parent=296153"}],"wp:term":[{"taxonomy":"product_brand","embeddable":true,"href":"https:\/\/fashiongold.lt\/et\/wp-json\/wp\/v2\/product_brand?post=296153"},{"taxonomy":"product_cat","embeddable":true,"href":"https:\/\/fashiongold.lt\/et\/wp-json\/wp\/v2\/product_cat?post=296153"},{"taxonomy":"product_tag","embeddable":true,"href":"https:\/\/fashiongold.lt\/et\/wp-json\/wp\/v2\/product_tag?post=296153"}],"curies":[{"name":"wp","href":"https:\/\/api.w.org\/{rel}","templated":true}]}}