{"id":297038,"date":"2025-07-08T11:16:42","date_gmt":"2025-07-08T11:16:42","guid":{"rendered":"https:\/\/fashiongold.lt\/papuosalas\/kaasaegne-smaragdlihvi-teemandiga-kihlasormus-1-15-ct\/"},"modified":"2025-07-08T11:16:42","modified_gmt":"2025-07-08T11:16:42","slug":"kaasaegne-smaragdlihvi-teemandiga-kihlasormus-1-15-ct","status":"publish","type":"product","link":"https:\/\/fashiongold.lt\/et\/toode\/kaasaegne-smaragdlihvi-teemandiga-kihlasormus-1-15-ct\/","title":{"rendered":"Kaasaegne smaragdlihvi teemandiga kihlas\u00f5rmus (1.15 ct)"},"content":{"rendered":"<p><span data-sheets-root=\"1\">Valmistatud suurima hoole ja t\u00e4helepanuga detailidele, j\u00e4rgides k\u00f5rgeimaid ehtetootmise standardeid. Soovi korral saab s\u00f5rmust kohandada individuaalselt \u2013 k\u00f5rgema kvaliteediga teemantidega lisatasu eest.<\/span><\/p>\n<p>\u2022 <strong><a href=\"https:\/\/fashiongold.lt\/et\/patarimai-et\/milline-kulla-proov-on-parim-kuidas-valida-sobivaimat-kihla-voi-abielusormust\/\" target=\"_blank\" rel=\"noopener\">V\u00e4\u00e4rismetallid<\/a><\/strong>: 14K (proov 585), 18K (proov 750), 900 plaatina<br \/>\n\u2022 <strong><a href=\"https:\/\/fashiongold.lt\/et\/patarimai-et\/kihla-ja-abielusormuste-kulla-varvus-valge-punane-voi-kollane-kuld\/\" target=\"_blank\" rel=\"noopener\">V\u00f5imalikud kullav\u00e4rvid<\/a><\/strong>: valge, punane, kollane<br \/>\n\u2022 <strong><a href=\"https:\/\/fashiongold.lt\/et\/patarimai-et\/teemantsormused-sormuse-kulla-kaal-ja-teemantide-kaal-karaatides-kuidas-valida-sobivat-soovitused-kuidas-moista-ja-hinnata\/\" target=\"_blank\" rel=\"noopener\">Ligikaudne s\u00f5rmuse kaal<\/a><\/strong>: <span data-sheets-root=\"1\">umbes 2.00 g &#8211; 3.50 g<\/span><br \/>\n\u2022 <span data-sheets-root=\"1\"><a href=\"https:\/\/fashiongold.lt\/et\/patarimai-et\/kihlasormused-taiusliku-proportsiooni-saladus-miks-moned-teemantsormused-naevad-luksuslikumad-valja\/\" target=\"_blank\" rel=\"noopener\"><strong>Krooni laius<\/strong><\/a>:<\/span> umbes <span data-sheets-root=\"1\">7 mm x 5 mm<\/span><br \/>\n\u2022 <strong><a href=\"https:\/\/fashiongold.lt\/et\/patarimai-et\/teemant-teised-teemandi-kujud\/\" target=\"_blank\" rel=\"noopener\">Teemandi kuju ja lihv<\/a><\/strong>: <span data-sheets-root=\"1\">Ristk\u00fclikukujuline (<em>Emerald cut<\/em>)<\/span><br \/>\n\u2022 <strong><a href=\"https:\/\/fashiongold.lt\/et\/patarimai-et\/teemant-looduslik-laboris-kasvatatud-voi-kunstlik-kuidas-teha-oige-valik\/\" target=\"_blank\" rel=\"noopener\">Teemandi p\u00e4ritolu<\/a><\/strong>: Laboris kasvatatud teemant v\u00f5i looduslik teemant<br \/>\n\u2022 <strong><a href=\"https:\/\/fashiongold.lt\/et\/patarimai-et\/teemant-kuidas-hinnatakse-koige-vaartuslikuma-vaariskivi-luksust\/\" target=\"_blank\" rel=\"noopener\">Teemandi kaal ja omadused<\/a><\/strong> (v\u00f5imalik muuta):<br \/>\nLaboris kasvatatud teemant IGI sertifikaadiga: <span data-sheets-root=\"1\">1.00<\/span>\u00a0ct teemant (v\u00e4rvus D-E, puhtus VVS)<br \/>\nLooduslik teemant GIA sertifikaadiga: <span data-sheets-root=\"1\">1.00<\/span>\u00a0ct teemant (v\u00e4rvus G-I, puhtus SI)<br \/>\n<span data-sheets-root=\"1\">S\u00f5rmuse v\u00f5rul olevad teemandid (v\u00f5imalik muuta):\u00a0 umbes 0.014 ct laboris kasvatatud v\u00f5i looduslikud<br \/>\nTeemantide kogukaal: 1.15 ct<\/span><br \/>\n\u2022 \u00dchekordne tasuta <strong><a href=\"https:\/\/fashiongold.lt\/et\/patarimai-et\/kihlasormused-kas-sormust-saab-graveerida-detailid-mis-annavad-teie-kihlasormusele-individuaalsust\/\" target=\"_blank\" rel=\"noopener\">graveerimine<\/a><\/strong><br \/>\n\u2022 \u00dchekordne tasuta <strong><a href=\"https:\/\/fashiongold.lt\/et\/patarimai-et\/kihlasormused-tasuta-suuruse-muutmine-et-sormus-sobiks-ideaalselt\/\" target=\"_blank\" rel=\"noopener\">s\u00f5rmuse suuruse muutmine<\/a><br \/>\n<\/strong>\u2022 Kihlas\u00f5rmuse sisek\u00fclg on <strong><a href=\"https:\/\/fashiongold.lt\/et\/patarimai-et\/sormuse-mugavustsoon-voi-sormuse-mugavus\/\" target=\"_blank\" rel=\"noopener\">mugavustsooniga<\/a><\/strong><br \/>\n\u2022 <strong><a href=\"https:\/\/fashiongold.lt\/et\/tarne-ja-tagastamine\/\" target=\"_blank\" rel=\"noopener\">Valmistamis- ja tarneaeg<\/a><\/strong>: alates 14 t\u00f6\u00f6p\u00e4evast, kiirtellimusena 7 t\u00f6\u00f6p\u00e4eva jooksul.<\/p>\n<p>Soovite muuta teemandi suurust, v\u00e4rvust v\u00f5i puhtusklassi? Saame k\u00f5ike kohandada vastavalt teie soovidele. Teil on oma v\u00e4\u00e4riskivi v\u00f5i kuld? <strong><a href=\"https:\/\/fashiongold.lt\/et\/kontaktid\/\" target=\"_blank\" rel=\"noopener\">V\u00f5tke \u00fchendust<\/a><\/strong> ja me arvutame hinna \u00fcmber \u2013 maksate vaid juveliirit\u00f6\u00f6 eest!\u00a0<br data-start=\"583\" data-end=\"586\" \/>Avastage lai valik teemantehteid ja looge oma unistuste ehe koos <a href=\"https:\/\/fashiongold.lt\/et\/\" target=\"_blank\" rel=\"noopener\">FashionGold.lt<\/a>.<\/p>\n","protected":false},"excerpt":{"rendered":"<h2 data-start=\"5055\" data-end=\"5177\">Moodne teemantidega kihlas\u00f5rmus \u2013 puhas elegants, kus <em>Emerald<\/em>-lihv muutub peamiseks aktsendiks<\/h2>\n<p data-start=\"5055\" data-end=\"5177\">See on moodne teemantidega kihlas\u00f5rmus, mis on loodud neile, kes hindavad intellektuaalset luksust. Keskmisel <em>Emerald<\/em>-lihviga kivil on \u201eaknaefekt\u201c \u2013 selle valgus liigub aeglaselt ja s\u00fcgavalt, justkui l\u00e4bi klaasgalerii. Teemantide kogukaal 1,15 ct annab sellele kihlas\u00f5rmusele k\u00fcllusliku ja k\u00fcpse s\u00e4ra, samas kui v\u00e4iksemate kividega inkrusteeritud r\u00f5ngas r\u00f5hutab veelgi keskmise kivi pikkust ja l\u00e4bipaistvust.<\/p>\n<h3 data-start=\"5055\" data-end=\"5177\">Kui kihlas\u00f5rmusest saab rafineeritud maitse allkiri<\/h3>\n<p data-start=\"5055\" data-end=\"5177\">See on kihlas\u00f5rmus, mis pole loodud pelgalt s\u00e4ra, vaid esteetika jaoks. Keskmise kivi ristk\u00fclikukujuline vorm annab ehtele intellektuaalse iseloomu ning teemantidega kaunistatud s\u00f5rmuseosa loob arhitektuurse valguskontrasti. See on ehe, mis toob esile mitte ainult valguse, vaid ka kandja stiili rafineerituse \u2014 selline s\u00f5rmus k\u00f5neleb vaikselt, kuid selle s\u00f5num j\u00e4\u00e4b kestma pikaks ajaks.<\/p>\n","protected":false},"featured_media":195949,"template":"","meta":{"site-sidebar-layout":"default","site-content-layout":"","ast-site-content-layout":"default","site-content-style":"default","site-sidebar-style":"default","ast-global-header-display":"","ast-banner-title-visibility":"","ast-main-header-display":"","ast-hfb-above-header-display":"","ast-hfb-below-header-display":"","ast-hfb-mobile-header-display":"","site-post-title":"","ast-breadcrumbs-content":"","ast-featured-img":"","footer-sml-layout":"","ast-disable-related-posts":"","theme-transparent-header-meta":"default","adv-header-id-meta":"","stick-header-meta":"","header-above-stick-meta":"","header-main-stick-meta":"","header-below-stick-meta":"","astra-migrate-meta-layouts":"default","ast-page-background-enabled":"default","ast-page-background-meta":{"desktop":{"background-color":"var(--ast-global-color-4)","background-image":"","background-repeat":"repeat","background-position":"center center","background-size":"auto","background-attachment":"scroll","background-type":"","background-media":"","overlay-type":"","overlay-color":"","overlay-opacity":"","overlay-gradient":""},"tablet":{"background-color":"","background-image":"","background-repeat":"repeat","background-position":"center center","background-size":"auto","background-attachment":"scroll","background-type":"","background-media":"","overlay-type":"","overlay-color":"","overlay-opacity":"","overlay-gradient":""},"mobile":{"background-color":"","background-image":"","background-repeat":"repeat","background-position":"center center","background-size":"auto","background-attachment":"scroll","background-type":"","background-media":"","overlay-type":"","overlay-color":"","overlay-opacity":"","overlay-gradient":""}},"ast-content-background-meta":{"desktop":{"background-color":"var(--ast-global-color-5)","background-image":"","background-repeat":"repeat","background-position":"center center","background-size":"auto","background-attachment":"scroll","background-type":"","background-media":"","overlay-type":"","overlay-color":"","overlay-opacity":"","overlay-gradient":""},"tablet":{"background-color":"var(--ast-global-color-5)","background-image":"","background-repeat":"repeat","background-position":"center center","background-size":"auto","background-attachment":"scroll","background-type":"","background-media":"","overlay-type":"","overlay-color":"","overlay-opacity":"","overlay-gradient":""},"mobile":{"background-color":"var(--ast-global-color-5)","background-image":"","background-repeat":"repeat","background-position":"center center","background-size":"auto","background-attachment":"scroll","background-type":"","background-media":"","overlay-type":"","overlay-color":"","overlay-opacity":"","overlay-gradient":""}}},"product_brand":[],"product_cat":[3758,3058,3422,3558,3960,2829,2831,3425,3548,3449,2967,3426,2845,2827,3424],"product_tag":[],"class_list":{"0":"post-297038","1":"product","2":"type-product","3":"status-publish","4":"has-post-thumbnail","6":"product_cat-1-karaadise-teemandiga-kihlasormused","7":"product_cat-ehted","8":"product_cat-kihlasormused","9":"product_cat-kihlasormused-laboriteemantidega","10":"product_cat-kihlasormused-teemandiga","11":"product_cat-kingitused-erilisteks-puhkudeks","12":"product_cat-kollasest-kullast-ehted","13":"product_cat-kollasest-kullast-kihlasormused","14":"product_cat-laboriteemantidega-ehted","15":"product_cat-modernsed-kihlasormused","16":"product_cat-punasest-kullast-ehted","17":"product_cat-punasest-kullast-kihlasormused","18":"product_cat-sobrapaeva-kingitused","19":"product_cat-valgest-kullast-ehted","20":"product_cat-valgest-kullast-kihlasormused","21":"desktop-align-center","22":"tablet-align-left","23":"mobile-align-left","24":"ast-product-gallery-layout-horizontal-slider","25":"ast-product-single-variable","26":"ast-product-tabs-layout-accordion","27":"ast-qv-on-image","29":"first","30":"instock","31":"taxable","32":"shipping-taxable","33":"purchasable","34":"product-type-variable"},"yoast_head":"<!-- This site is optimized with the Yoast SEO plugin v26.6 - https:\/\/yoast.com\/wordpress\/plugins\/seo\/ -->\n<title>Moodne kihlas\u00f5rmus smaragdlihviga teemandiga (1.15 ct)<\/title>\n<meta name=\"description\" content=\"Moodne teemantidega kihlas\u00f5rmus, mille keskel s\u00e4rab smaragdlihviga kivi, teemantide kogukaaluga 1,15 ct valguse s\u00fcgavuses.\" \/>\n<meta name=\"robots\" content=\"index, follow, max-snippet:-1, max-image-preview:large, max-video-preview:-1\" \/>\n<link rel=\"canonical\" href=\"https:\/\/fashiongold.lt\/et\/toode\/kaasaegne-smaragdlihvi-teemandiga-kihlasormus-1-15-ct\/\" \/>\n<meta property=\"og:locale\" content=\"et_EE\" \/>\n<meta property=\"og:type\" content=\"article\" \/>\n<meta property=\"og:title\" content=\"Moodne kihlas\u00f5rmus smaragdlihviga teemandiga (1.15 ct)\" \/>\n<meta property=\"og:description\" content=\"Moodne teemantidega kihlas\u00f5rmus, mille keskel s\u00e4rab smaragdlihviga kivi, teemantide kogukaaluga 1,15 ct valguse s\u00fcgavuses.\" \/>\n<meta property=\"og:url\" content=\"https:\/\/fashiongold.lt\/et\/toode\/kaasaegne-smaragdlihvi-teemandiga-kihlasormus-1-15-ct\/\" \/>\n<meta property=\"og:site_name\" content=\"FashionGold.lt\" \/>\n<meta property=\"og:image\" content=\"https:\/\/fashiongold.lt\/wp-content\/uploads\/2025\/06\/Modernus-suzadetuviu-ziedas-su-deimantu-Emerald-2.png\" \/>\n\t<meta property=\"og:image:width\" content=\"800\" \/>\n\t<meta property=\"og:image:height\" content=\"800\" \/>\n\t<meta property=\"og:image:type\" content=\"image\/png\" \/>\n<meta name=\"twitter:card\" content=\"summary_large_image\" \/>\n<meta name=\"twitter:label1\" content=\"Est. reading time\" \/>\n\t<meta name=\"twitter:data1\" content=\"1 minut\" \/>\n<script type=\"application\/ld+json\" class=\"yoast-schema-graph\">{\"@context\":\"https:\/\/schema.org\",\"@graph\":[{\"@type\":\"WebPage\",\"@id\":\"https:\/\/fashiongold.lt\/et\/toode\/kaasaegne-smaragdlihvi-teemandiga-kihlasormus-1-15-ct\/\",\"url\":\"https:\/\/fashiongold.lt\/et\/toode\/kaasaegne-smaragdlihvi-teemandiga-kihlasormus-1-15-ct\/\",\"name\":\"Moodne kihlas\u00f5rmus smaragdlihviga teemandiga (1.15 ct)\",\"isPartOf\":{\"@id\":\"https:\/\/fashiongold.lt\/et\/#website\"},\"primaryImageOfPage\":{\"@id\":\"https:\/\/fashiongold.lt\/et\/toode\/kaasaegne-smaragdlihvi-teemandiga-kihlasormus-1-15-ct\/#primaryimage\"},\"image\":{\"@id\":\"https:\/\/fashiongold.lt\/et\/toode\/kaasaegne-smaragdlihvi-teemandiga-kihlasormus-1-15-ct\/#primaryimage\"},\"thumbnailUrl\":\"https:\/\/fashiongold.lt\/wp-content\/uploads\/2025\/06\/Modernus-suzadetuviu-ziedas-su-deimantu-Emerald-2.png\",\"datePublished\":\"2025-07-08T11:16:42+00:00\",\"description\":\"Moodne teemantidega kihlas\u00f5rmus, mille keskel s\u00e4rab smaragdlihviga kivi, teemantide kogukaaluga 1,15 ct valguse s\u00fcgavuses.\",\"breadcrumb\":{\"@id\":\"https:\/\/fashiongold.lt\/et\/toode\/kaasaegne-smaragdlihvi-teemandiga-kihlasormus-1-15-ct\/#breadcrumb\"},\"inLanguage\":\"et\",\"potentialAction\":[{\"@type\":\"ReadAction\",\"target\":[\"https:\/\/fashiongold.lt\/et\/toode\/kaasaegne-smaragdlihvi-teemandiga-kihlasormus-1-15-ct\/\"]}]},{\"@type\":\"ImageObject\",\"inLanguage\":\"et\",\"@id\":\"https:\/\/fashiongold.lt\/et\/toode\/kaasaegne-smaragdlihvi-teemandiga-kihlasormus-1-15-ct\/#primaryimage\",\"url\":\"https:\/\/fashiongold.lt\/wp-content\/uploads\/2025\/06\/Modernus-suzadetuviu-ziedas-su-deimantu-Emerald-2.png\",\"contentUrl\":\"https:\/\/fashiongold.lt\/wp-content\/uploads\/2025\/06\/Modernus-suzadetuviu-ziedas-su-deimantu-Emerald-2.png\",\"width\":800,\"height\":800,\"caption\":\"Modernus su\u017ead\u0117tuvi\u0173 \u017eiedas su sta\u010diakamp\u0117s formos deimantu i\u0161 balto aukso arba platinos\"},{\"@type\":\"BreadcrumbList\",\"@id\":\"https:\/\/fashiongold.lt\/et\/toode\/kaasaegne-smaragdlihvi-teemandiga-kihlasormus-1-15-ct\/#breadcrumb\",\"itemListElement\":[{\"@type\":\"ListItem\",\"position\":1,\"name\":\"Home\",\"item\":\"https:\/\/fashiongold.lt\/et\/\"},{\"@type\":\"ListItem\",\"position\":2,\"name\":\"Teemantide pood Fashiongold.lt\",\"item\":\"https:\/\/fashiongold.lt\/shop-2\/\"},{\"@type\":\"ListItem\",\"position\":3,\"name\":\"Kaasaegne smaragdlihvi teemandiga kihlas\u00f5rmus (1.15 ct)\"}]},{\"@type\":\"WebSite\",\"@id\":\"https:\/\/fashiongold.lt\/et\/#website\",\"url\":\"https:\/\/fashiongold.lt\/et\/\",\"name\":\"Fashion Gold\",\"description\":\"Ehtemaja\",\"publisher\":{\"@id\":\"https:\/\/fashiongold.lt\/et\/#organization\"},\"potentialAction\":[{\"@type\":\"SearchAction\",\"target\":{\"@type\":\"EntryPoint\",\"urlTemplate\":\"https:\/\/fashiongold.lt\/et\/?s={search_term_string}\"},\"query-input\":{\"@type\":\"PropertyValueSpecification\",\"valueRequired\":true,\"valueName\":\"search_term_string\"}}],\"inLanguage\":\"et\"},{\"@type\":\"Organization\",\"@id\":\"https:\/\/fashiongold.lt\/et\/#organization\",\"name\":\"Topdiamonds Online\",\"url\":\"https:\/\/fashiongold.lt\/et\/\",\"logo\":{\"@type\":\"ImageObject\",\"inLanguage\":\"et\",\"@id\":\"https:\/\/fashiongold.lt\/et\/#\/schema\/logo\/image\/\",\"url\":\"https:\/\/fashiongold.lt\/wp-content\/uploads\/2025\/04\/cropped-fashion_gold_logotipas2-scaled-1.png\",\"contentUrl\":\"https:\/\/fashiongold.lt\/wp-content\/uploads\/2025\/04\/cropped-fashion_gold_logotipas2-scaled-1.png\",\"width\":2559,\"height\":421,\"caption\":\"Topdiamonds Online\"},\"image\":{\"@id\":\"https:\/\/fashiongold.lt\/et\/#\/schema\/logo\/image\/\"}}]}<\/script>\n<!-- \/ Yoast SEO plugin. -->","yoast_head_json":{"title":"Moodne kihlas\u00f5rmus smaragdlihviga teemandiga (1.15 ct)","description":"Moodne teemantidega kihlas\u00f5rmus, mille keskel s\u00e4rab smaragdlihviga kivi, teemantide kogukaaluga 1,15 ct valguse s\u00fcgavuses.","robots":{"index":"index","follow":"follow","max-snippet":"max-snippet:-1","max-image-preview":"max-image-preview:large","max-video-preview":"max-video-preview:-1"},"canonical":"https:\/\/fashiongold.lt\/et\/toode\/kaasaegne-smaragdlihvi-teemandiga-kihlasormus-1-15-ct\/","og_locale":"et_EE","og_type":"article","og_title":"Moodne kihlas\u00f5rmus smaragdlihviga teemandiga (1.15 ct)","og_description":"Moodne teemantidega kihlas\u00f5rmus, mille keskel s\u00e4rab smaragdlihviga kivi, teemantide kogukaaluga 1,15 ct valguse s\u00fcgavuses.","og_url":"https:\/\/fashiongold.lt\/et\/toode\/kaasaegne-smaragdlihvi-teemandiga-kihlasormus-1-15-ct\/","og_site_name":"FashionGold.lt","og_image":[{"width":800,"height":800,"url":"https:\/\/fashiongold.lt\/wp-content\/uploads\/2025\/06\/Modernus-suzadetuviu-ziedas-su-deimantu-Emerald-2.png","type":"image\/png"}],"twitter_card":"summary_large_image","twitter_misc":{"Est. reading time":"1 minut"},"schema":{"@context":"https:\/\/schema.org","@graph":[{"@type":"WebPage","@id":"https:\/\/fashiongold.lt\/et\/toode\/kaasaegne-smaragdlihvi-teemandiga-kihlasormus-1-15-ct\/","url":"https:\/\/fashiongold.lt\/et\/toode\/kaasaegne-smaragdlihvi-teemandiga-kihlasormus-1-15-ct\/","name":"Moodne kihlas\u00f5rmus smaragdlihviga teemandiga (1.15 ct)","isPartOf":{"@id":"https:\/\/fashiongold.lt\/et\/#website"},"primaryImageOfPage":{"@id":"https:\/\/fashiongold.lt\/et\/toode\/kaasaegne-smaragdlihvi-teemandiga-kihlasormus-1-15-ct\/#primaryimage"},"image":{"@id":"https:\/\/fashiongold.lt\/et\/toode\/kaasaegne-smaragdlihvi-teemandiga-kihlasormus-1-15-ct\/#primaryimage"},"thumbnailUrl":"https:\/\/fashiongold.lt\/wp-content\/uploads\/2025\/06\/Modernus-suzadetuviu-ziedas-su-deimantu-Emerald-2.png","datePublished":"2025-07-08T11:16:42+00:00","description":"Moodne teemantidega kihlas\u00f5rmus, mille keskel s\u00e4rab smaragdlihviga kivi, teemantide kogukaaluga 1,15 ct valguse s\u00fcgavuses.","breadcrumb":{"@id":"https:\/\/fashiongold.lt\/et\/toode\/kaasaegne-smaragdlihvi-teemandiga-kihlasormus-1-15-ct\/#breadcrumb"},"inLanguage":"et","potentialAction":[{"@type":"ReadAction","target":["https:\/\/fashiongold.lt\/et\/toode\/kaasaegne-smaragdlihvi-teemandiga-kihlasormus-1-15-ct\/"]}]},{"@type":"ImageObject","inLanguage":"et","@id":"https:\/\/fashiongold.lt\/et\/toode\/kaasaegne-smaragdlihvi-teemandiga-kihlasormus-1-15-ct\/#primaryimage","url":"https:\/\/fashiongold.lt\/wp-content\/uploads\/2025\/06\/Modernus-suzadetuviu-ziedas-su-deimantu-Emerald-2.png","contentUrl":"https:\/\/fashiongold.lt\/wp-content\/uploads\/2025\/06\/Modernus-suzadetuviu-ziedas-su-deimantu-Emerald-2.png","width":800,"height":800,"caption":"Modernus su\u017ead\u0117tuvi\u0173 \u017eiedas su sta\u010diakamp\u0117s formos deimantu i\u0161 balto aukso arba platinos"},{"@type":"BreadcrumbList","@id":"https:\/\/fashiongold.lt\/et\/toode\/kaasaegne-smaragdlihvi-teemandiga-kihlasormus-1-15-ct\/#breadcrumb","itemListElement":[{"@type":"ListItem","position":1,"name":"Home","item":"https:\/\/fashiongold.lt\/et\/"},{"@type":"ListItem","position":2,"name":"Teemantide pood Fashiongold.lt","item":"https:\/\/fashiongold.lt\/shop-2\/"},{"@type":"ListItem","position":3,"name":"Kaasaegne smaragdlihvi teemandiga kihlas\u00f5rmus (1.15 ct)"}]},{"@type":"WebSite","@id":"https:\/\/fashiongold.lt\/et\/#website","url":"https:\/\/fashiongold.lt\/et\/","name":"Fashion Gold","description":"Ehtemaja","publisher":{"@id":"https:\/\/fashiongold.lt\/et\/#organization"},"potentialAction":[{"@type":"SearchAction","target":{"@type":"EntryPoint","urlTemplate":"https:\/\/fashiongold.lt\/et\/?s={search_term_string}"},"query-input":{"@type":"PropertyValueSpecification","valueRequired":true,"valueName":"search_term_string"}}],"inLanguage":"et"},{"@type":"Organization","@id":"https:\/\/fashiongold.lt\/et\/#organization","name":"Topdiamonds Online","url":"https:\/\/fashiongold.lt\/et\/","logo":{"@type":"ImageObject","inLanguage":"et","@id":"https:\/\/fashiongold.lt\/et\/#\/schema\/logo\/image\/","url":"https:\/\/fashiongold.lt\/wp-content\/uploads\/2025\/04\/cropped-fashion_gold_logotipas2-scaled-1.png","contentUrl":"https:\/\/fashiongold.lt\/wp-content\/uploads\/2025\/04\/cropped-fashion_gold_logotipas2-scaled-1.png","width":2559,"height":421,"caption":"Topdiamonds Online"},"image":{"@id":"https:\/\/fashiongold.lt\/et\/#\/schema\/logo\/image\/"}}]}},"_links":{"self":[{"href":"https:\/\/fashiongold.lt\/et\/wp-json\/wp\/v2\/product\/297038","targetHints":{"allow":["GET"]}}],"collection":[{"href":"https:\/\/fashiongold.lt\/et\/wp-json\/wp\/v2\/product"}],"about":[{"href":"https:\/\/fashiongold.lt\/et\/wp-json\/wp\/v2\/types\/product"}],"version-history":[{"count":0,"href":"https:\/\/fashiongold.lt\/et\/wp-json\/wp\/v2\/product\/297038\/revisions"}],"wp:featuredmedia":[{"embeddable":true,"href":"https:\/\/fashiongold.lt\/et\/wp-json\/wp\/v2\/media\/195949"}],"wp:attachment":[{"href":"https:\/\/fashiongold.lt\/et\/wp-json\/wp\/v2\/media?parent=297038"}],"wp:term":[{"taxonomy":"product_brand","embeddable":true,"href":"https:\/\/fashiongold.lt\/et\/wp-json\/wp\/v2\/product_brand?post=297038"},{"taxonomy":"product_cat","embeddable":true,"href":"https:\/\/fashiongold.lt\/et\/wp-json\/wp\/v2\/product_cat?post=297038"},{"taxonomy":"product_tag","embeddable":true,"href":"https:\/\/fashiongold.lt\/et\/wp-json\/wp\/v2\/product_tag?post=297038"}],"curies":[{"name":"wp","href":"https:\/\/api.w.org\/{rel}","templated":true}]}}