{"id":297113,"date":"2025-07-08T07:40:30","date_gmt":"2025-07-08T07:40:30","guid":{"rendered":"https:\/\/fashiongold.lt\/papuosalas\/modernne-kihlasormus-pirnikujulise-teemandiga-3-15-ct\/"},"modified":"2026-02-21T08:28:08","modified_gmt":"2026-02-21T08:28:08","slug":"modernne-kihlasormus-pirnikujulise-teemandiga-3-15-ct","status":"publish","type":"product","link":"https:\/\/fashiongold.lt\/et\/papuosalas\/modernne-kihlasormus-pirnikujulise-teemandiga-3-15-ct\/","title":{"rendered":"Modernne kihlas\u00f5rmus pirnikujulise teemandiga (3.15 ct)"},"content":{"rendered":"<p><span data-sheets-root=\"1\">Valmistatud suurima hoole ja t\u00e4helepanuga detailidele, j\u00e4rgides k\u00f5rgeimaid juveelitootmise standardeid. Soovi korral saab s\u00f5rmust individuaalselt kohandada \u2013 lisatasu eest k\u00f5rgema kvaliteediga teemantidega.<\/span><\/p>\n<p>\u2022 <strong><a href=\"https:\/\/fashiongold.lt\/et\/patarimai-et\/milline-kulla-proov-on-parim-kuidas-valida-sobivaimat-kihla-voi-abielusormust\/\" target=\"_blank\" rel=\"noopener\">V\u00e4\u00e4rismetallid<\/a><\/strong>: 14K (proov 585), 18K (proov 750), 900 plaatina<br \/>\n\u2022 <strong><a href=\"https:\/\/fashiongold.lt\/et\/patarimai-et\/kihla-ja-abielusormuste-kulla-varvus-valge-punane-voi-kollane-kuld\/\" target=\"_blank\" rel=\"noopener\">V\u00f5imalikud kullav\u00e4rvid<\/a><\/strong>: valge, punane, kollane<br \/>\n\u2022 <strong><a href=\"https:\/\/fashiongold.lt\/et\/patarimai-et\/teemantsormused-sormuse-kulla-kaal-ja-teemantide-kaal-karaatides-kuidas-valida-sobivat-soovitused-kuidas-moista-ja-hinnata\/\" target=\"_blank\" rel=\"noopener\">S\u00f5rmuse ligikaudne kaal<\/a><\/strong>: <span data-sheets-root=\"1\">umbes 2,00 g &#8211; 3,50 g<\/span><br \/>\n\u2022 <span data-sheets-root=\"1\"><a href=\"https:\/\/fashiongold.lt\/et\/patarimai-et\/kihlasormused-taiusliku-proportsiooni-saladus-miks-moned-teemantsormused-naevad-luksuslikumad-valja\/\" target=\"_blank\" rel=\"noopener\"><strong>Krooni laius<\/strong><\/a>:<\/span> umbes <span data-sheets-root=\"1\">11 mm x 8 mm<\/span><br \/>\n\u2022 <strong><a href=\"https:\/\/fashiongold.lt\/et\/patarimai-et\/teemant-teised-teemandi-kujud\/\" target=\"_blank\" rel=\"noopener\">Teemandi kuju ja lihv<\/a><\/strong>: <span data-sheets-root=\"1\">Pisarakujuline (<em>Pear cut<\/em>)<\/span><br \/>\n\u2022 <strong><a href=\"https:\/\/fashiongold.lt\/et\/patarimai-et\/teemant-looduslik-laboris-kasvatatud-voi-kunstlik-kuidas-teha-oige-valik\/\" target=\"_blank\" rel=\"noopener\">Teemandi p\u00e4ritolu<\/a><\/strong>: Laboris kasvatatud teemant v\u00f5i looduslik teemant<br \/>\n\u2022 <strong><a href=\"https:\/\/fashiongold.lt\/et\/patarimai-et\/teemant-kuidas-hinnatakse-koige-vaartuslikuma-vaariskivi-luksust\/\" target=\"_blank\" rel=\"noopener\">Teemandi kaal ja omadused<\/a><\/strong> (muudetav):<br \/>\nLaboris kasvatatud teemant IGI sertifikaadiga: <span data-sheets-root=\"1\">3,00<\/span>\u00a0ct teemant (v\u00e4rv D-E, puhtus VVS)<br \/>\nLooduslik teemant GIA sertifikaadiga: <span data-sheets-root=\"1\">3,00<\/span>\u00a0ct teemant (v\u00e4rv G-I, puhtus SI)<br \/>\n<span data-sheets-root=\"1\">S\u00f5rmuse v\u00f5rul olevad teemandid (muudetav):\u00a0 umbes 0,014 ct laboris kasvatatud v\u00f5i looduslikud<br \/>\nTeemantide kogukaal: 3,15 ct<\/span><br \/>\n\u2022 \u00dchekordne tasuta <strong><a href=\"https:\/\/fashiongold.lt\/et\/patarimai-et\/kihlasormused-kas-sormust-saab-graveerida-detailid-mis-annavad-teie-kihlasormusele-individuaalsust\/\" target=\"_blank\" rel=\"noopener\">graveerimine<\/a><\/strong><br \/>\n\u2022 \u00dchekordne tasuta <strong><a href=\"https:\/\/fashiongold.lt\/et\/patarimai-et\/kihlasormused-tasuta-suuruse-muutmine-et-sormus-sobiks-ideaalselt\/\" target=\"_blank\" rel=\"noopener\">s\u00f5rmuse suuruse muutmine<\/a><br \/>\n<\/strong>\u2022 Kihlas\u00f5rmuse sisek\u00fclg on <strong><a href=\"https:\/\/fashiongold.lt\/et\/patarimai-et\/sormuse-mugavustsoon-voi-sormuse-mugavus\/\" target=\"_blank\" rel=\"noopener\">mugavustsooniga<\/a><\/strong><br \/>\n\u2022 <strong><a href=\"https:\/\/fashiongold.lt\/et\/tarne-ja-tagastamine\/\" target=\"_blank\" rel=\"noopener\">Valmistamis- ja tarneaeg<\/a><\/strong>: alates 14 t\u00f6\u00f6p\u00e4evast, kiirtellimusena 7 t\u00f6\u00f6p\u00e4eva jooksul.<\/p>\n<p>Kas soovite muuta teemandi suurust, v\u00e4rvi v\u00f5i puhtusklassi? Saame k\u00f5ike kohandada vastavalt teie soovidele. Kas teil on oma v\u00e4\u00e4riskivi v\u00f5i kuld? <strong><a href=\"https:\/\/fashiongold.lt\/et\/kontaktid\/\" target=\"_blank\" rel=\"noopener\">V\u00f5tke \u00fchendust<\/a><\/strong> ja me arvutame hinna \u00fcmber \u2013 maksate ainult juveelit\u00f6\u00f6 eest!\u00a0<br data-start=\"583\" data-end=\"586\" \/>Avastage lai teemantehete valik ja looge oma unistuste ehe koos <a href=\"https:\/\/fashiongold.lt\/et\/\" target=\"_blank\" rel=\"noopener\">FashionGold.lt<\/a>-ga.<\/p>\n","protected":false},"excerpt":{"rendered":"<h2 data-start=\"1874\" data-end=\"2017\">Kaasaegne kihlas\u00f5rmus <em>Pear<\/em>-lihviga v\u00e4\u00e4riskivi ja teemantidega kaunistatud v\u00f5ruga \u2013 t\u00f5eline s\u00e4ra arhitektuur<\/h2>\n<p data-start=\"1874\" data-end=\"2017\">See kaasaegne teemantidega kihlas\u00f5rmus on meisterlikkuse ja esteetika liit, mida iseloomustavad puhas vorm ja t\u00e4pne valguse juhtimine. Teemantide kogukaal 3,15 ct v\u00f5imaldab sellel kihlas\u00f5rmusel kiirata s\u00fcgavat ja katkematut s\u00e4ra, mis muutub s\u00f5ltuvalt nurgast ja liikumisest. Keskmine piisakujuline kivi muutub valguse epitsentriks ning v\u00f5ru sisse istutatud v\u00e4ikesed teemandid loovad efekti, nagu oleks s\u00f5rmus \u00fcmbritsetud valguse aureooliga. See ei ole \u00fcksnes s\u00fcmbol, vaid valgusteos, mida v\u00f5ib nimetada elavaks.<\/p>\n<h3 data-start=\"1874\" data-end=\"2017\">Kui kaasaegne disain saavutab emotsionaalse t\u00e4iuslikkuse<\/h3>\n<p data-start=\"1874\" data-end=\"2017\">See kihlas\u00f5rmus on m\u00f5eldud neile, kes n\u00e4evad luksust vaikse kaunidusena, mitte m\u00fcrana. Iga selle s\u00e4delus meenutab, et t\u00f5elised v\u00e4\u00e4rtused ei h\u00e4\u00e4bu \u2013 need lihtsalt hiilgavad teisiti.<\/p>\n","protected":false},"featured_media":17560,"template":"","meta":{"site-sidebar-layout":"default","site-content-layout":"","ast-site-content-layout":"default","site-content-style":"default","site-sidebar-style":"default","ast-global-header-display":"","ast-banner-title-visibility":"","ast-main-header-display":"","ast-hfb-above-header-display":"","ast-hfb-below-header-display":"","ast-hfb-mobile-header-display":"","site-post-title":"","ast-breadcrumbs-content":"","ast-featured-img":"","footer-sml-layout":"","ast-disable-related-posts":"","theme-transparent-header-meta":"default","adv-header-id-meta":"","stick-header-meta":"","header-above-stick-meta":"","header-main-stick-meta":"","header-below-stick-meta":"","astra-migrate-meta-layouts":"default","ast-page-background-enabled":"default","ast-page-background-meta":{"desktop":{"background-color":"var(--ast-global-color-4)","background-image":"","background-repeat":"repeat","background-position":"center center","background-size":"auto","background-attachment":"scroll","background-type":"","background-media":"","overlay-type":"","overlay-color":"","overlay-opacity":"","overlay-gradient":""},"tablet":{"background-color":"","background-image":"","background-repeat":"repeat","background-position":"center center","background-size":"auto","background-attachment":"scroll","background-type":"","background-media":"","overlay-type":"","overlay-color":"","overlay-opacity":"","overlay-gradient":""},"mobile":{"background-color":"","background-image":"","background-repeat":"repeat","background-position":"center center","background-size":"auto","background-attachment":"scroll","background-type":"","background-media":"","overlay-type":"","overlay-color":"","overlay-opacity":"","overlay-gradient":""}},"ast-content-background-meta":{"desktop":{"background-color":"var(--ast-global-color-5)","background-image":"","background-repeat":"repeat","background-position":"center center","background-size":"auto","background-attachment":"scroll","background-type":"","background-media":"","overlay-type":"","overlay-color":"","overlay-opacity":"","overlay-gradient":""},"tablet":{"background-color":"var(--ast-global-color-5)","background-image":"","background-repeat":"repeat","background-position":"center center","background-size":"auto","background-attachment":"scroll","background-type":"","background-media":"","overlay-type":"","overlay-color":"","overlay-opacity":"","overlay-gradient":""},"mobile":{"background-color":"var(--ast-global-color-5)","background-image":"","background-repeat":"repeat","background-position":"center center","background-size":"auto","background-attachment":"scroll","background-type":"","background-media":"","overlay-type":"","overlay-color":"","overlay-opacity":"","overlay-gradient":""}}},"product_brand":[],"product_cat":[3058,3422,3558,3960,2829,2831,3425,3548,3449,2967,3426,2845,2827,3424],"product_tag":[],"class_list":{"0":"post-297113","1":"product","2":"type-product","3":"status-publish","4":"has-post-thumbnail","6":"product_cat-ehted","7":"product_cat-kihlasormused","8":"product_cat-kihlasormused-laboriteemantidega","9":"product_cat-kihlasormused-teemandiga","10":"product_cat-kingitused-erilisteks-puhkudeks","11":"product_cat-kollasest-kullast-ehted","12":"product_cat-kollasest-kullast-kihlasormused","13":"product_cat-laboriteemantidega-ehted","14":"product_cat-modernsed-kihlasormused","15":"product_cat-punasest-kullast-ehted","16":"product_cat-punasest-kullast-kihlasormused","17":"product_cat-sobrapaeva-kingitused","18":"product_cat-valgest-kullast-ehted","19":"product_cat-valgest-kullast-kihlasormused","20":"desktop-align-center","21":"tablet-align-left","22":"mobile-align-left","23":"ast-product-gallery-layout-horizontal-slider","24":"ast-product-single-variable","25":"ast-product-tabs-layout-accordion","26":"ast-qv-on-image","28":"first","29":"instock","30":"taxable","31":"shipping-taxable","32":"purchasable","33":"product-type-variable"},"yoast_head":"<!-- This site is optimized with the Yoast SEO plugin v26.6 - https:\/\/yoast.com\/wordpress\/plugins\/seo\/ -->\n<title>Modernne kihlas\u00f5rmus pirnikujulise teemandiga (3.15 ct)<\/title>\n<meta name=\"description\" content=\"Moodne kihlas\u00f5rmus pisarakujulise keskosaga ja 3,15 ct teemantide kogukaaluga \u2013 disaini tippsaavutus, kus valgusest saab lugu.\" \/>\n<meta name=\"robots\" content=\"index, follow, max-snippet:-1, max-image-preview:large, max-video-preview:-1\" \/>\n<link rel=\"canonical\" href=\"https:\/\/fashiongold.lt\/et\/papuosalas\/modernne-kihlasormus-pirnikujulise-teemandiga-3-15-ct\/\" \/>\n<meta property=\"og:locale\" content=\"et_EE\" \/>\n<meta property=\"og:type\" content=\"article\" \/>\n<meta property=\"og:title\" content=\"Modernne kihlas\u00f5rmus pirnikujulise teemandiga (3.15 ct)\" \/>\n<meta property=\"og:description\" content=\"Moodne kihlas\u00f5rmus pisarakujulise keskosaga ja 3,15 ct teemantide kogukaaluga \u2013 disaini tippsaavutus, kus valgusest saab lugu.\" \/>\n<meta property=\"og:url\" content=\"https:\/\/fashiongold.lt\/et\/papuosalas\/modernne-kihlasormus-pirnikujulise-teemandiga-3-15-ct\/\" \/>\n<meta property=\"og:site_name\" content=\"FashionGold.lt\" \/>\n<meta property=\"article:modified_time\" content=\"2026-02-21T08:28:08+00:00\" \/>\n<meta property=\"og:image\" content=\"https:\/\/fashiongold.lt\/wp-content\/uploads\/2025\/06\/TDO-1250-modernus-suzadetuviu-ziedas-su-deimantu-pear-cut-10.webp\" \/>\n\t<meta property=\"og:image:width\" content=\"800\" \/>\n\t<meta property=\"og:image:height\" content=\"800\" \/>\n\t<meta property=\"og:image:type\" content=\"image\/jpeg\" \/>\n<meta name=\"twitter:card\" content=\"summary_large_image\" \/>\n<meta name=\"twitter:label1\" content=\"Est. reading time\" \/>\n\t<meta name=\"twitter:data1\" content=\"1 minut\" \/>\n<script type=\"application\/ld+json\" class=\"yoast-schema-graph\">{\"@context\":\"https:\/\/schema.org\",\"@graph\":[{\"@type\":\"WebPage\",\"@id\":\"https:\/\/fashiongold.lt\/et\/papuosalas\/modernne-kihlasormus-pirnikujulise-teemandiga-3-15-ct\/\",\"url\":\"https:\/\/fashiongold.lt\/et\/papuosalas\/modernne-kihlasormus-pirnikujulise-teemandiga-3-15-ct\/\",\"name\":\"Modernne kihlas\u00f5rmus pirnikujulise teemandiga (3.15 ct)\",\"isPartOf\":{\"@id\":\"https:\/\/fashiongold.lt\/et\/#website\"},\"primaryImageOfPage\":{\"@id\":\"https:\/\/fashiongold.lt\/et\/papuosalas\/modernne-kihlasormus-pirnikujulise-teemandiga-3-15-ct\/#primaryimage\"},\"image\":{\"@id\":\"https:\/\/fashiongold.lt\/et\/papuosalas\/modernne-kihlasormus-pirnikujulise-teemandiga-3-15-ct\/#primaryimage\"},\"thumbnailUrl\":\"https:\/\/fashiongold.lt\/wp-content\/uploads\/2025\/06\/TDO-1250-modernus-suzadetuviu-ziedas-su-deimantu-pear-cut-10.jpg\",\"datePublished\":\"2025-07-08T07:40:30+00:00\",\"dateModified\":\"2026-02-21T08:28:08+00:00\",\"description\":\"Moodne kihlas\u00f5rmus pisarakujulise keskosaga ja 3,15 ct teemantide kogukaaluga \u2013 disaini tippsaavutus, kus valgusest saab lugu.\",\"breadcrumb\":{\"@id\":\"https:\/\/fashiongold.lt\/et\/papuosalas\/modernne-kihlasormus-pirnikujulise-teemandiga-3-15-ct\/#breadcrumb\"},\"inLanguage\":\"et\",\"potentialAction\":[{\"@type\":\"ReadAction\",\"target\":[\"https:\/\/fashiongold.lt\/et\/papuosalas\/modernne-kihlasormus-pirnikujulise-teemandiga-3-15-ct\/\"]}]},{\"@type\":\"ImageObject\",\"inLanguage\":\"et\",\"@id\":\"https:\/\/fashiongold.lt\/et\/papuosalas\/modernne-kihlasormus-pirnikujulise-teemandiga-3-15-ct\/#primaryimage\",\"url\":\"https:\/\/fashiongold.lt\/wp-content\/uploads\/2025\/06\/TDO-1250-modernus-suzadetuviu-ziedas-su-deimantu-pear-cut-10.jpg\",\"contentUrl\":\"https:\/\/fashiongold.lt\/wp-content\/uploads\/2025\/06\/TDO-1250-modernus-suzadetuviu-ziedas-su-deimantu-pear-cut-10.jpg\",\"width\":800,\"height\":800,\"caption\":\"Modernus su\u017ead\u0117tuvi\u0173 \u017eiedas su deimantais i\u0161 balto aukso arba platinos - pear cut\"},{\"@type\":\"BreadcrumbList\",\"@id\":\"https:\/\/fashiongold.lt\/et\/papuosalas\/modernne-kihlasormus-pirnikujulise-teemandiga-3-15-ct\/#breadcrumb\",\"itemListElement\":[{\"@type\":\"ListItem\",\"position\":1,\"name\":\"Home\",\"item\":\"https:\/\/fashiongold.lt\/et\/\"},{\"@type\":\"ListItem\",\"position\":2,\"name\":\"Teemantide pood Fashiongold.lt\",\"item\":\"https:\/\/fashiongold.lt\/shop-2\/\"},{\"@type\":\"ListItem\",\"position\":3,\"name\":\"Modernne kihlas\u00f5rmus pirnikujulise teemandiga (3.15 ct)\"}]},{\"@type\":\"WebSite\",\"@id\":\"https:\/\/fashiongold.lt\/et\/#website\",\"url\":\"https:\/\/fashiongold.lt\/et\/\",\"name\":\"Fashion Gold\",\"description\":\"Juvelyrikos namai\",\"publisher\":{\"@id\":\"https:\/\/fashiongold.lt\/et\/#organization\"},\"potentialAction\":[{\"@type\":\"SearchAction\",\"target\":{\"@type\":\"EntryPoint\",\"urlTemplate\":\"https:\/\/fashiongold.lt\/et\/?s={search_term_string}\"},\"query-input\":{\"@type\":\"PropertyValueSpecification\",\"valueRequired\":true,\"valueName\":\"search_term_string\"}}],\"inLanguage\":\"et\"},{\"@type\":\"Organization\",\"@id\":\"https:\/\/fashiongold.lt\/et\/#organization\",\"name\":\"Topdiamonds Online\",\"url\":\"https:\/\/fashiongold.lt\/et\/\",\"logo\":{\"@type\":\"ImageObject\",\"inLanguage\":\"et\",\"@id\":\"https:\/\/fashiongold.lt\/et\/#\/schema\/logo\/image\/\",\"url\":\"https:\/\/fashiongold.lt\/wp-content\/uploads\/2025\/04\/cropped-fashion_gold_logotipas2-scaled-1.png\",\"contentUrl\":\"https:\/\/fashiongold.lt\/wp-content\/uploads\/2025\/04\/cropped-fashion_gold_logotipas2-scaled-1.png\",\"width\":2559,\"height\":421,\"caption\":\"Topdiamonds Online\"},\"image\":{\"@id\":\"https:\/\/fashiongold.lt\/et\/#\/schema\/logo\/image\/\"}}]}<\/script>\n<!-- \/ Yoast SEO plugin. -->","yoast_head_json":{"title":"Modernne kihlas\u00f5rmus pirnikujulise teemandiga (3.15 ct)","description":"Moodne kihlas\u00f5rmus pisarakujulise keskosaga ja 3,15 ct teemantide kogukaaluga \u2013 disaini tippsaavutus, kus valgusest saab lugu.","robots":{"index":"index","follow":"follow","max-snippet":"max-snippet:-1","max-image-preview":"max-image-preview:large","max-video-preview":"max-video-preview:-1"},"canonical":"https:\/\/fashiongold.lt\/et\/papuosalas\/modernne-kihlasormus-pirnikujulise-teemandiga-3-15-ct\/","og_locale":"et_EE","og_type":"article","og_title":"Modernne kihlas\u00f5rmus pirnikujulise teemandiga (3.15 ct)","og_description":"Moodne kihlas\u00f5rmus pisarakujulise keskosaga ja 3,15 ct teemantide kogukaaluga \u2013 disaini tippsaavutus, kus valgusest saab lugu.","og_url":"https:\/\/fashiongold.lt\/et\/papuosalas\/modernne-kihlasormus-pirnikujulise-teemandiga-3-15-ct\/","og_site_name":"FashionGold.lt","article_modified_time":"2026-02-21T08:28:08+00:00","og_image":[{"width":800,"height":800,"url":"https:\/\/fashiongold.lt\/wp-content\/uploads\/2025\/06\/TDO-1250-modernus-suzadetuviu-ziedas-su-deimantu-pear-cut-10.webp","type":"image\/jpeg"}],"twitter_card":"summary_large_image","twitter_misc":{"Est. reading time":"1 minut"},"schema":{"@context":"https:\/\/schema.org","@graph":[{"@type":"WebPage","@id":"https:\/\/fashiongold.lt\/et\/papuosalas\/modernne-kihlasormus-pirnikujulise-teemandiga-3-15-ct\/","url":"https:\/\/fashiongold.lt\/et\/papuosalas\/modernne-kihlasormus-pirnikujulise-teemandiga-3-15-ct\/","name":"Modernne kihlas\u00f5rmus pirnikujulise teemandiga (3.15 ct)","isPartOf":{"@id":"https:\/\/fashiongold.lt\/et\/#website"},"primaryImageOfPage":{"@id":"https:\/\/fashiongold.lt\/et\/papuosalas\/modernne-kihlasormus-pirnikujulise-teemandiga-3-15-ct\/#primaryimage"},"image":{"@id":"https:\/\/fashiongold.lt\/et\/papuosalas\/modernne-kihlasormus-pirnikujulise-teemandiga-3-15-ct\/#primaryimage"},"thumbnailUrl":"https:\/\/fashiongold.lt\/wp-content\/uploads\/2025\/06\/TDO-1250-modernus-suzadetuviu-ziedas-su-deimantu-pear-cut-10.jpg","datePublished":"2025-07-08T07:40:30+00:00","dateModified":"2026-02-21T08:28:08+00:00","description":"Moodne kihlas\u00f5rmus pisarakujulise keskosaga ja 3,15 ct teemantide kogukaaluga \u2013 disaini tippsaavutus, kus valgusest saab lugu.","breadcrumb":{"@id":"https:\/\/fashiongold.lt\/et\/papuosalas\/modernne-kihlasormus-pirnikujulise-teemandiga-3-15-ct\/#breadcrumb"},"inLanguage":"et","potentialAction":[{"@type":"ReadAction","target":["https:\/\/fashiongold.lt\/et\/papuosalas\/modernne-kihlasormus-pirnikujulise-teemandiga-3-15-ct\/"]}]},{"@type":"ImageObject","inLanguage":"et","@id":"https:\/\/fashiongold.lt\/et\/papuosalas\/modernne-kihlasormus-pirnikujulise-teemandiga-3-15-ct\/#primaryimage","url":"https:\/\/fashiongold.lt\/wp-content\/uploads\/2025\/06\/TDO-1250-modernus-suzadetuviu-ziedas-su-deimantu-pear-cut-10.jpg","contentUrl":"https:\/\/fashiongold.lt\/wp-content\/uploads\/2025\/06\/TDO-1250-modernus-suzadetuviu-ziedas-su-deimantu-pear-cut-10.jpg","width":800,"height":800,"caption":"Modernus su\u017ead\u0117tuvi\u0173 \u017eiedas su deimantais i\u0161 balto aukso arba platinos - pear cut"},{"@type":"BreadcrumbList","@id":"https:\/\/fashiongold.lt\/et\/papuosalas\/modernne-kihlasormus-pirnikujulise-teemandiga-3-15-ct\/#breadcrumb","itemListElement":[{"@type":"ListItem","position":1,"name":"Home","item":"https:\/\/fashiongold.lt\/et\/"},{"@type":"ListItem","position":2,"name":"Teemantide pood Fashiongold.lt","item":"https:\/\/fashiongold.lt\/shop-2\/"},{"@type":"ListItem","position":3,"name":"Modernne kihlas\u00f5rmus pirnikujulise teemandiga (3.15 ct)"}]},{"@type":"WebSite","@id":"https:\/\/fashiongold.lt\/et\/#website","url":"https:\/\/fashiongold.lt\/et\/","name":"Fashion Gold","description":"Juvelyrikos namai","publisher":{"@id":"https:\/\/fashiongold.lt\/et\/#organization"},"potentialAction":[{"@type":"SearchAction","target":{"@type":"EntryPoint","urlTemplate":"https:\/\/fashiongold.lt\/et\/?s={search_term_string}"},"query-input":{"@type":"PropertyValueSpecification","valueRequired":true,"valueName":"search_term_string"}}],"inLanguage":"et"},{"@type":"Organization","@id":"https:\/\/fashiongold.lt\/et\/#organization","name":"Topdiamonds Online","url":"https:\/\/fashiongold.lt\/et\/","logo":{"@type":"ImageObject","inLanguage":"et","@id":"https:\/\/fashiongold.lt\/et\/#\/schema\/logo\/image\/","url":"https:\/\/fashiongold.lt\/wp-content\/uploads\/2025\/04\/cropped-fashion_gold_logotipas2-scaled-1.png","contentUrl":"https:\/\/fashiongold.lt\/wp-content\/uploads\/2025\/04\/cropped-fashion_gold_logotipas2-scaled-1.png","width":2559,"height":421,"caption":"Topdiamonds Online"},"image":{"@id":"https:\/\/fashiongold.lt\/et\/#\/schema\/logo\/image\/"}}]}},"_links":{"self":[{"href":"https:\/\/fashiongold.lt\/et\/wp-json\/wp\/v2\/product\/297113","targetHints":{"allow":["GET"]}}],"collection":[{"href":"https:\/\/fashiongold.lt\/et\/wp-json\/wp\/v2\/product"}],"about":[{"href":"https:\/\/fashiongold.lt\/et\/wp-json\/wp\/v2\/types\/product"}],"version-history":[{"count":0,"href":"https:\/\/fashiongold.lt\/et\/wp-json\/wp\/v2\/product\/297113\/revisions"}],"wp:featuredmedia":[{"embeddable":true,"href":"https:\/\/fashiongold.lt\/et\/wp-json\/wp\/v2\/media\/17560"}],"wp:attachment":[{"href":"https:\/\/fashiongold.lt\/et\/wp-json\/wp\/v2\/media?parent=297113"}],"wp:term":[{"taxonomy":"product_brand","embeddable":true,"href":"https:\/\/fashiongold.lt\/et\/wp-json\/wp\/v2\/product_brand?post=297113"},{"taxonomy":"product_cat","embeddable":true,"href":"https:\/\/fashiongold.lt\/et\/wp-json\/wp\/v2\/product_cat?post=297113"},{"taxonomy":"product_tag","embeddable":true,"href":"https:\/\/fashiongold.lt\/et\/wp-json\/wp\/v2\/product_tag?post=297113"}],"curies":[{"name":"wp","href":"https:\/\/api.w.org\/{rel}","templated":true}]}}