{"id":297363,"date":"2025-07-07T10:50:05","date_gmt":"2025-07-07T10:50:05","guid":{"rendered":"https:\/\/fashiongold.lt\/papuosalas\/klassikaline-kihlasormus-princess-teemandiga-3-00-ct\/"},"modified":"2026-02-21T08:31:35","modified_gmt":"2026-02-21T08:31:35","slug":"klassikaline-kihlasormus-princess-teemandiga-3-00-ct","status":"publish","type":"product","link":"https:\/\/fashiongold.lt\/et\/papuosalas\/klassikaline-kihlasormus-princess-teemandiga-3-00-ct\/","title":{"rendered":"Klassikaline kihlas\u00f5rmus Princess-teemandiga (3.00 ct)"},"content":{"rendered":"<p><span data-sheets-root=\"1\">Valmistatud suurima hoole ja t\u00e4helepanuga detailidele, j\u00e4rgides k\u00f5rgeimaid juveelitootmise standardeid. Soovi korral saab s\u00f5rmust kohandada individuaalselt \u2013 k\u00f5rgema kvaliteediga teemantidega lisatasu eest.<\/span><\/p>\n<p>\u2022 <strong><a href=\"https:\/\/fashiongold.lt\/et\/patarimai-et\/milline-kulla-proov-on-parim-kuidas-valida-sobivaimat-kihla-voi-abielusormust\/\" target=\"_blank\" rel=\"noopener\">V\u00e4\u00e4rismetallid<\/a><\/strong>: 14K (proov 585), 18K (proov 750), 900 plaatina<br \/>\n\u2022 <strong><a href=\"https:\/\/fashiongold.lt\/et\/patarimai-et\/kihla-ja-abielusormuste-kulla-varvus-valge-punane-voi-kollane-kuld\/\" target=\"_blank\" rel=\"noopener\">V\u00f5imalikud kullav\u00e4rvid<\/a><\/strong>: valge, punane, kollane<br \/>\n\u2022 <strong><a href=\"https:\/\/fashiongold.lt\/et\/patarimai-et\/teemantsormused-sormuse-kulla-kaal-ja-teemantide-kaal-karaatides-kuidas-valida-sobivat-soovitused-kuidas-moista-ja-hinnata\/\" target=\"_blank\" rel=\"noopener\">S\u00f5rmuse ligikaudne kaal<\/a><\/strong>: 2.00 &#8211; 3.00 g<br \/>\n\u2022 <span data-sheets-root=\"1\"><a href=\"https:\/\/fashiongold.lt\/et\/patarimai-et\/kihlasormused-taiusliku-proportsiooni-saladus-miks-moned-teemantsormused-naevad-luksuslikumad-valja\/\" target=\"_blank\" rel=\"noopener\"><strong>Krooni laius<\/strong><\/a>:<\/span> umbes <span data-sheets-root=\"1\">8 mm<\/span><br \/>\n\u2022 <strong><a href=\"https:\/\/fashiongold.lt\/et\/patarimai-et\/teemant-teised-teemandi-kujud\/\" target=\"_blank\" rel=\"noopener\">Teemandi kuju ja lihv<\/a><\/strong>: <span data-sheets-root=\"1\">Ruudukujuline (<em>Princess cut<\/em>)<\/span><br \/>\n\u2022 <strong><a href=\"https:\/\/fashiongold.lt\/et\/patarimai-et\/teemant-looduslik-laboris-kasvatatud-voi-kunstlik-kuidas-teha-oige-valik\/\" target=\"_blank\" rel=\"noopener\">Teemandi p\u00e4ritolu<\/a><\/strong>: Laboris kasvatatud teemant v\u00f5i looduslik teemant<br \/>\n\u2022 <strong><a href=\"https:\/\/fashiongold.lt\/et\/patarimai-et\/teemant-kuidas-hinnatakse-koige-vaartuslikuma-vaariskivi-luksust\/\" target=\"_blank\" rel=\"noopener\">Teemandi kaal ja omadused<\/a><\/strong> (v\u00f5imalik muuta):<br \/>\nLaboris kasvatatud teemant IGI sertifikaadiga: <span data-sheets-root=\"1\">3.00<\/span>\u00a0ct teemant (v\u00e4rvus D-E, puhtus VVS)<br \/>\nLooduslik teemant GIA sertifikaadiga: <span data-sheets-root=\"1\">3.00<\/span>\u00a0ct teemant (v\u00e4rvus G-I, puhtus SI)<br \/>\n\u2022 \u00dchekordne tasuta <strong><a href=\"https:\/\/fashiongold.lt\/et\/patarimai-et\/kihlasormused-kas-sormust-saab-graveerida-detailid-mis-annavad-teie-kihlasormusele-individuaalsust\/\" target=\"_blank\" rel=\"noopener\">graveerimine<\/a><\/strong><br \/>\n\u2022 \u00dchekordne tasuta <strong><a href=\"https:\/\/fashiongold.lt\/et\/patarimai-et\/kihlasormused-tasuta-suuruse-muutmine-et-sormus-sobiks-ideaalselt\/\" target=\"_blank\" rel=\"noopener\">s\u00f5rmuse suuruse muutmine<\/a><br \/>\n<\/strong>\u2022 Kihlas\u00f5rmuse sisek\u00fclg on <strong><a href=\"https:\/\/fashiongold.lt\/et\/patarimai-et\/sormuse-mugavustsoon-voi-sormuse-mugavus\/\" target=\"_blank\" rel=\"noopener\">mugavustsooniga<\/a><\/strong><br \/>\n\u2022 <strong><a href=\"https:\/\/fashiongold.lt\/et\/tarne-ja-tagastamine\/\" target=\"_blank\" rel=\"noopener\">Valmistamise ja tarneaeg<\/a><\/strong>: alates 14 t\u00f6\u00f6p\u00e4evast, kiirtellimusena 7 t\u00f6\u00f6p\u00e4eva jooksul.<\/p>\n<p>Kas soovite muuta teemandi suurust, v\u00e4rvust v\u00f5i puhtusklassi? Saame k\u00f5ike kohandada vastavalt teie soovidele. Kas teil on oma v\u00e4\u00e4riskivi v\u00f5i kuld? <strong><a href=\"https:\/\/fashiongold.lt\/et\/kontaktid\/\" target=\"_blank\" rel=\"noopener\">V\u00f5tke \u00fchendust<\/a><\/strong> ja me arvutame hinna \u00fcmber \u2013 maksate ainult juveelit\u00f6\u00f6 eest!\u00a0<br data-start=\"583\" data-end=\"586\" \/>Avastage lai teemantehete valik ja looge oma unistuste ehe koos <a href=\"https:\/\/fashiongold.lt\/et\/\" target=\"_blank\" rel=\"noopener\">FashionGold.lt<\/a>.<\/p>\n","protected":false},"excerpt":{"rendered":"<h2 data-start=\"4105\" data-end=\"4253\">Klassikaline teemandiga kihlas\u00f5rmus \u2013 kui luksusest saab arhitektuur<\/h2>\n<p data-start=\"4105\" data-end=\"4253\">3.00 ct <em>Princess<\/em>-lihviga teemant selles ehtes on m\u00f5eldud t\u00f5elisele t\u00e4psuse kuningannale. Selle kivi vormid on ranged ja valguse m\u00e4ng \u2013 v\u00f5imas. Klassikaline sellises suuruses teemandiga kihlas\u00f5rmus ei muutu mitte ainult armastuse ja p\u00fchendumuse s\u00fcmboliks, vaid ka avalduseks: siinne armastus on selge, tugev ja avatud. Selle s\u00f5rmuse s\u00e4ra on \u00fchtlane, mittepimestav, kuid t\u00e4idab k\u00f5ik rahustava valgusega. See on elegantsi monument, mis on loodud proportsioonidest ja s\u00fcdamest.<\/p>\n<h3 data-start=\"4105\" data-end=\"4253\">Kui kivi ruudukujuline vorm \u00fcletab aja<\/h3>\n<p data-start=\"4105\" data-end=\"4253\">3.00 ct ruudukujuline teemant loob visuaalse tasakaalu j\u00f5u ja pehmuse vahel. See on kihlas\u00f5rmus, mis n\u00e4eb v\u00e4lja nagu klassikalise armastuse arhitektuur \u2013 tugev, t\u00e4pne ja igavene.<\/p>\n","protected":false},"featured_media":263756,"template":"","meta":{"site-sidebar-layout":"default","site-content-layout":"","ast-site-content-layout":"default","site-content-style":"default","site-sidebar-style":"default","ast-global-header-display":"","ast-banner-title-visibility":"","ast-main-header-display":"","ast-hfb-above-header-display":"","ast-hfb-below-header-display":"","ast-hfb-mobile-header-display":"","site-post-title":"","ast-breadcrumbs-content":"","ast-featured-img":"","footer-sml-layout":"","ast-disable-related-posts":"","theme-transparent-header-meta":"default","adv-header-id-meta":"","stick-header-meta":"","header-above-stick-meta":"","header-main-stick-meta":"","header-below-stick-meta":"","astra-migrate-meta-layouts":"default","ast-page-background-enabled":"default","ast-page-background-meta":{"desktop":{"background-color":"var(--ast-global-color-4)","background-image":"","background-repeat":"repeat","background-position":"center center","background-size":"auto","background-attachment":"scroll","background-type":"","background-media":"","overlay-type":"","overlay-color":"","overlay-opacity":"","overlay-gradient":""},"tablet":{"background-color":"","background-image":"","background-repeat":"repeat","background-position":"center center","background-size":"auto","background-attachment":"scroll","background-type":"","background-media":"","overlay-type":"","overlay-color":"","overlay-opacity":"","overlay-gradient":""},"mobile":{"background-color":"","background-image":"","background-repeat":"repeat","background-position":"center center","background-size":"auto","background-attachment":"scroll","background-type":"","background-media":"","overlay-type":"","overlay-color":"","overlay-opacity":"","overlay-gradient":""}},"ast-content-background-meta":{"desktop":{"background-color":"var(--ast-global-color-5)","background-image":"","background-repeat":"repeat","background-position":"center center","background-size":"auto","background-attachment":"scroll","background-type":"","background-media":"","overlay-type":"","overlay-color":"","overlay-opacity":"","overlay-gradient":""},"tablet":{"background-color":"var(--ast-global-color-5)","background-image":"","background-repeat":"repeat","background-position":"center center","background-size":"auto","background-attachment":"scroll","background-type":"","background-media":"","overlay-type":"","overlay-color":"","overlay-opacity":"","overlay-gradient":""},"mobile":{"background-color":"var(--ast-global-color-5)","background-image":"","background-repeat":"repeat","background-position":"center center","background-size":"auto","background-attachment":"scroll","background-type":"","background-media":"","overlay-type":"","overlay-color":"","overlay-opacity":"","overlay-gradient":""}}},"product_brand":[],"product_cat":[3058,3422,3558,3960,2829,3444,2831,3425,3548,2967,3426,2845,2827,3424],"product_tag":[],"class_list":{"0":"post-297363","1":"product","2":"type-product","3":"status-publish","4":"has-post-thumbnail","6":"product_cat-ehted","7":"product_cat-kihlasormused","8":"product_cat-kihlasormused-laboriteemantidega","9":"product_cat-kihlasormused-teemandiga","10":"product_cat-kingitused-erilisteks-puhkudeks","11":"product_cat-klasikalised-kihlusesormused","12":"product_cat-kollasest-kullast-ehted","13":"product_cat-kollasest-kullast-kihlasormused","14":"product_cat-laboriteemantidega-ehted","15":"product_cat-punasest-kullast-ehted","16":"product_cat-punasest-kullast-kihlasormused","17":"product_cat-sobrapaeva-kingitused","18":"product_cat-valgest-kullast-ehted","19":"product_cat-valgest-kullast-kihlasormused","20":"desktop-align-center","21":"tablet-align-left","22":"mobile-align-left","23":"ast-product-gallery-layout-horizontal-slider","24":"ast-product-single-variable","25":"ast-product-tabs-layout-accordion","26":"ast-qv-on-image","28":"first","29":"instock","30":"taxable","31":"shipping-taxable","32":"purchasable","33":"product-type-variable"},"yoast_head":"<!-- This site is optimized with the Yoast SEO plugin v26.6 - https:\/\/yoast.com\/wordpress\/plugins\/seo\/ -->\n<title>Klassikaline kihlas\u00f5rmus Princess-teemandiga (3.00 ct)<\/title>\n<meta name=\"description\" content=\"3.00 ct klassikaline teemandiga kihlas\u00f5rmus \u2013 kuninglikud proportsioonid, kindel elegants ja v\u00f5rratu s\u00e4ra.\" \/>\n<meta name=\"robots\" content=\"index, follow, max-snippet:-1, max-image-preview:large, max-video-preview:-1\" \/>\n<link rel=\"canonical\" href=\"https:\/\/fashiongold.lt\/et\/papuosalas\/klassikaline-kihlasormus-princess-teemandiga-3-00-ct\/\" \/>\n<meta property=\"og:locale\" content=\"et_EE\" \/>\n<meta property=\"og:type\" content=\"article\" \/>\n<meta property=\"og:title\" content=\"Klassikaline kihlas\u00f5rmus Princess-teemandiga (3.00 ct)\" \/>\n<meta property=\"og:description\" content=\"3.00 ct klassikaline teemandiga kihlas\u00f5rmus \u2013 kuninglikud proportsioonid, kindel elegants ja v\u00f5rratu s\u00e4ra.\" \/>\n<meta property=\"og:url\" content=\"https:\/\/fashiongold.lt\/et\/papuosalas\/klassikaline-kihlasormus-princess-teemandiga-3-00-ct\/\" \/>\n<meta property=\"og:site_name\" content=\"FashionGold.lt\" \/>\n<meta property=\"article:modified_time\" content=\"2026-02-21T08:31:35+00:00\" \/>\n<meta property=\"og:image\" content=\"https:\/\/fashiongold.lt\/wp-content\/uploads\/2025\/07\/Suzadetuviu-ziedas-su-kvadratiniu-princess-deimantu-TD-1035-1.webp\" \/>\n\t<meta property=\"og:image:width\" content=\"800\" \/>\n\t<meta property=\"og:image:height\" content=\"800\" \/>\n\t<meta property=\"og:image:type\" content=\"image\/png\" \/>\n<meta name=\"twitter:card\" content=\"summary_large_image\" \/>\n<meta name=\"twitter:label1\" content=\"Est. reading time\" \/>\n\t<meta name=\"twitter:data1\" content=\"1 minut\" \/>\n<script type=\"application\/ld+json\" class=\"yoast-schema-graph\">{\"@context\":\"https:\/\/schema.org\",\"@graph\":[{\"@type\":\"WebPage\",\"@id\":\"https:\/\/fashiongold.lt\/et\/papuosalas\/klassikaline-kihlasormus-princess-teemandiga-3-00-ct\/\",\"url\":\"https:\/\/fashiongold.lt\/et\/papuosalas\/klassikaline-kihlasormus-princess-teemandiga-3-00-ct\/\",\"name\":\"Klassikaline kihlas\u00f5rmus Princess-teemandiga (3.00 ct)\",\"isPartOf\":{\"@id\":\"https:\/\/fashiongold.lt\/et\/#website\"},\"primaryImageOfPage\":{\"@id\":\"https:\/\/fashiongold.lt\/et\/papuosalas\/klassikaline-kihlasormus-princess-teemandiga-3-00-ct\/#primaryimage\"},\"image\":{\"@id\":\"https:\/\/fashiongold.lt\/et\/papuosalas\/klassikaline-kihlasormus-princess-teemandiga-3-00-ct\/#primaryimage\"},\"thumbnailUrl\":\"https:\/\/fashiongold.lt\/wp-content\/uploads\/2025\/07\/Suzadetuviu-ziedas-su-kvadratiniu-princess-deimantu-TD-1035-1.png\",\"datePublished\":\"2025-07-07T10:50:05+00:00\",\"dateModified\":\"2026-02-21T08:31:35+00:00\",\"description\":\"3.00 ct klassikaline teemandiga kihlas\u00f5rmus \u2013 kuninglikud proportsioonid, kindel elegants ja v\u00f5rratu s\u00e4ra.\",\"breadcrumb\":{\"@id\":\"https:\/\/fashiongold.lt\/et\/papuosalas\/klassikaline-kihlasormus-princess-teemandiga-3-00-ct\/#breadcrumb\"},\"inLanguage\":\"et\",\"potentialAction\":[{\"@type\":\"ReadAction\",\"target\":[\"https:\/\/fashiongold.lt\/et\/papuosalas\/klassikaline-kihlasormus-princess-teemandiga-3-00-ct\/\"]}]},{\"@type\":\"ImageObject\",\"inLanguage\":\"et\",\"@id\":\"https:\/\/fashiongold.lt\/et\/papuosalas\/klassikaline-kihlasormus-princess-teemandiga-3-00-ct\/#primaryimage\",\"url\":\"https:\/\/fashiongold.lt\/wp-content\/uploads\/2025\/07\/Suzadetuviu-ziedas-su-kvadratiniu-princess-deimantu-TD-1035-1.png\",\"contentUrl\":\"https:\/\/fashiongold.lt\/wp-content\/uploads\/2025\/07\/Suzadetuviu-ziedas-su-kvadratiniu-princess-deimantu-TD-1035-1.png\",\"width\":800,\"height\":800,\"caption\":\"Klasikinis su\u017ead\u0117tuvi\u0173 \u017eiedas su deimantu i\u0161 balto aukso arba platinos - princess cut\"},{\"@type\":\"BreadcrumbList\",\"@id\":\"https:\/\/fashiongold.lt\/et\/papuosalas\/klassikaline-kihlasormus-princess-teemandiga-3-00-ct\/#breadcrumb\",\"itemListElement\":[{\"@type\":\"ListItem\",\"position\":1,\"name\":\"Home\",\"item\":\"https:\/\/fashiongold.lt\/et\/\"},{\"@type\":\"ListItem\",\"position\":2,\"name\":\"Teemantide pood Fashiongold.lt\",\"item\":\"https:\/\/fashiongold.lt\/shop-2\/\"},{\"@type\":\"ListItem\",\"position\":3,\"name\":\"Klassikaline kihlas\u00f5rmus Princess-teemandiga (3.00 ct)\"}]},{\"@type\":\"WebSite\",\"@id\":\"https:\/\/fashiongold.lt\/et\/#website\",\"url\":\"https:\/\/fashiongold.lt\/et\/\",\"name\":\"Fashion Gold\",\"description\":\"Juvelyrikos namai\",\"publisher\":{\"@id\":\"https:\/\/fashiongold.lt\/et\/#organization\"},\"potentialAction\":[{\"@type\":\"SearchAction\",\"target\":{\"@type\":\"EntryPoint\",\"urlTemplate\":\"https:\/\/fashiongold.lt\/et\/?s={search_term_string}\"},\"query-input\":{\"@type\":\"PropertyValueSpecification\",\"valueRequired\":true,\"valueName\":\"search_term_string\"}}],\"inLanguage\":\"et\"},{\"@type\":\"Organization\",\"@id\":\"https:\/\/fashiongold.lt\/et\/#organization\",\"name\":\"Topdiamonds Online\",\"url\":\"https:\/\/fashiongold.lt\/et\/\",\"logo\":{\"@type\":\"ImageObject\",\"inLanguage\":\"et\",\"@id\":\"https:\/\/fashiongold.lt\/et\/#\/schema\/logo\/image\/\",\"url\":\"https:\/\/fashiongold.lt\/wp-content\/uploads\/2025\/04\/cropped-fashion_gold_logotipas2-scaled-1.png\",\"contentUrl\":\"https:\/\/fashiongold.lt\/wp-content\/uploads\/2025\/04\/cropped-fashion_gold_logotipas2-scaled-1.png\",\"width\":2559,\"height\":421,\"caption\":\"Topdiamonds Online\"},\"image\":{\"@id\":\"https:\/\/fashiongold.lt\/et\/#\/schema\/logo\/image\/\"}}]}<\/script>\n<!-- \/ Yoast SEO plugin. -->","yoast_head_json":{"title":"Klassikaline kihlas\u00f5rmus Princess-teemandiga (3.00 ct)","description":"3.00 ct klassikaline teemandiga kihlas\u00f5rmus \u2013 kuninglikud proportsioonid, kindel elegants ja v\u00f5rratu s\u00e4ra.","robots":{"index":"index","follow":"follow","max-snippet":"max-snippet:-1","max-image-preview":"max-image-preview:large","max-video-preview":"max-video-preview:-1"},"canonical":"https:\/\/fashiongold.lt\/et\/papuosalas\/klassikaline-kihlasormus-princess-teemandiga-3-00-ct\/","og_locale":"et_EE","og_type":"article","og_title":"Klassikaline kihlas\u00f5rmus Princess-teemandiga (3.00 ct)","og_description":"3.00 ct klassikaline teemandiga kihlas\u00f5rmus \u2013 kuninglikud proportsioonid, kindel elegants ja v\u00f5rratu s\u00e4ra.","og_url":"https:\/\/fashiongold.lt\/et\/papuosalas\/klassikaline-kihlasormus-princess-teemandiga-3-00-ct\/","og_site_name":"FashionGold.lt","article_modified_time":"2026-02-21T08:31:35+00:00","og_image":[{"width":800,"height":800,"url":"https:\/\/fashiongold.lt\/wp-content\/uploads\/2025\/07\/Suzadetuviu-ziedas-su-kvadratiniu-princess-deimantu-TD-1035-1.webp","type":"image\/png"}],"twitter_card":"summary_large_image","twitter_misc":{"Est. reading time":"1 minut"},"schema":{"@context":"https:\/\/schema.org","@graph":[{"@type":"WebPage","@id":"https:\/\/fashiongold.lt\/et\/papuosalas\/klassikaline-kihlasormus-princess-teemandiga-3-00-ct\/","url":"https:\/\/fashiongold.lt\/et\/papuosalas\/klassikaline-kihlasormus-princess-teemandiga-3-00-ct\/","name":"Klassikaline kihlas\u00f5rmus Princess-teemandiga (3.00 ct)","isPartOf":{"@id":"https:\/\/fashiongold.lt\/et\/#website"},"primaryImageOfPage":{"@id":"https:\/\/fashiongold.lt\/et\/papuosalas\/klassikaline-kihlasormus-princess-teemandiga-3-00-ct\/#primaryimage"},"image":{"@id":"https:\/\/fashiongold.lt\/et\/papuosalas\/klassikaline-kihlasormus-princess-teemandiga-3-00-ct\/#primaryimage"},"thumbnailUrl":"https:\/\/fashiongold.lt\/wp-content\/uploads\/2025\/07\/Suzadetuviu-ziedas-su-kvadratiniu-princess-deimantu-TD-1035-1.png","datePublished":"2025-07-07T10:50:05+00:00","dateModified":"2026-02-21T08:31:35+00:00","description":"3.00 ct klassikaline teemandiga kihlas\u00f5rmus \u2013 kuninglikud proportsioonid, kindel elegants ja v\u00f5rratu s\u00e4ra.","breadcrumb":{"@id":"https:\/\/fashiongold.lt\/et\/papuosalas\/klassikaline-kihlasormus-princess-teemandiga-3-00-ct\/#breadcrumb"},"inLanguage":"et","potentialAction":[{"@type":"ReadAction","target":["https:\/\/fashiongold.lt\/et\/papuosalas\/klassikaline-kihlasormus-princess-teemandiga-3-00-ct\/"]}]},{"@type":"ImageObject","inLanguage":"et","@id":"https:\/\/fashiongold.lt\/et\/papuosalas\/klassikaline-kihlasormus-princess-teemandiga-3-00-ct\/#primaryimage","url":"https:\/\/fashiongold.lt\/wp-content\/uploads\/2025\/07\/Suzadetuviu-ziedas-su-kvadratiniu-princess-deimantu-TD-1035-1.png","contentUrl":"https:\/\/fashiongold.lt\/wp-content\/uploads\/2025\/07\/Suzadetuviu-ziedas-su-kvadratiniu-princess-deimantu-TD-1035-1.png","width":800,"height":800,"caption":"Klasikinis su\u017ead\u0117tuvi\u0173 \u017eiedas su deimantu i\u0161 balto aukso arba platinos - princess cut"},{"@type":"BreadcrumbList","@id":"https:\/\/fashiongold.lt\/et\/papuosalas\/klassikaline-kihlasormus-princess-teemandiga-3-00-ct\/#breadcrumb","itemListElement":[{"@type":"ListItem","position":1,"name":"Home","item":"https:\/\/fashiongold.lt\/et\/"},{"@type":"ListItem","position":2,"name":"Teemantide pood Fashiongold.lt","item":"https:\/\/fashiongold.lt\/shop-2\/"},{"@type":"ListItem","position":3,"name":"Klassikaline kihlas\u00f5rmus Princess-teemandiga (3.00 ct)"}]},{"@type":"WebSite","@id":"https:\/\/fashiongold.lt\/et\/#website","url":"https:\/\/fashiongold.lt\/et\/","name":"Fashion Gold","description":"Juvelyrikos namai","publisher":{"@id":"https:\/\/fashiongold.lt\/et\/#organization"},"potentialAction":[{"@type":"SearchAction","target":{"@type":"EntryPoint","urlTemplate":"https:\/\/fashiongold.lt\/et\/?s={search_term_string}"},"query-input":{"@type":"PropertyValueSpecification","valueRequired":true,"valueName":"search_term_string"}}],"inLanguage":"et"},{"@type":"Organization","@id":"https:\/\/fashiongold.lt\/et\/#organization","name":"Topdiamonds Online","url":"https:\/\/fashiongold.lt\/et\/","logo":{"@type":"ImageObject","inLanguage":"et","@id":"https:\/\/fashiongold.lt\/et\/#\/schema\/logo\/image\/","url":"https:\/\/fashiongold.lt\/wp-content\/uploads\/2025\/04\/cropped-fashion_gold_logotipas2-scaled-1.png","contentUrl":"https:\/\/fashiongold.lt\/wp-content\/uploads\/2025\/04\/cropped-fashion_gold_logotipas2-scaled-1.png","width":2559,"height":421,"caption":"Topdiamonds Online"},"image":{"@id":"https:\/\/fashiongold.lt\/et\/#\/schema\/logo\/image\/"}}]}},"_links":{"self":[{"href":"https:\/\/fashiongold.lt\/et\/wp-json\/wp\/v2\/product\/297363","targetHints":{"allow":["GET"]}}],"collection":[{"href":"https:\/\/fashiongold.lt\/et\/wp-json\/wp\/v2\/product"}],"about":[{"href":"https:\/\/fashiongold.lt\/et\/wp-json\/wp\/v2\/types\/product"}],"version-history":[{"count":0,"href":"https:\/\/fashiongold.lt\/et\/wp-json\/wp\/v2\/product\/297363\/revisions"}],"wp:featuredmedia":[{"embeddable":true,"href":"https:\/\/fashiongold.lt\/et\/wp-json\/wp\/v2\/media\/263756"}],"wp:attachment":[{"href":"https:\/\/fashiongold.lt\/et\/wp-json\/wp\/v2\/media?parent=297363"}],"wp:term":[{"taxonomy":"product_brand","embeddable":true,"href":"https:\/\/fashiongold.lt\/et\/wp-json\/wp\/v2\/product_brand?post=297363"},{"taxonomy":"product_cat","embeddable":true,"href":"https:\/\/fashiongold.lt\/et\/wp-json\/wp\/v2\/product_cat?post=297363"},{"taxonomy":"product_tag","embeddable":true,"href":"https:\/\/fashiongold.lt\/et\/wp-json\/wp\/v2\/product_tag?post=297363"}],"curies":[{"name":"wp","href":"https:\/\/api.w.org\/{rel}","templated":true}]}}