{"id":297503,"date":"2025-07-07T09:35:05","date_gmt":"2025-07-07T09:35:05","guid":{"rendered":"https:\/\/fashiongold.lt\/papuosalas\/klassikaline-kihlasormus-princess-lihvi-teemandiga-0-50-ct\/"},"modified":"2025-07-07T09:35:05","modified_gmt":"2025-07-07T09:35:05","slug":"klassikaline-kihlasormus-princess-lihvi-teemandiga-0-50-ct","status":"publish","type":"product","link":"https:\/\/fashiongold.lt\/et\/papuosalas\/klassikaline-kihlasormus-princess-lihvi-teemandiga-0-50-ct\/","title":{"rendered":"Klassikaline kihlas\u00f5rmus Princess-lihvi teemandiga (0.50 ct)"},"content":{"rendered":"<p><span data-sheets-root=\"1\">Sirge r\u00f5nga disain ja mugavustsoon annavad s\u00f5rmusele laitmatu mugavuse \u2013 nagu see oleks loodud kandmiseks kogu eluks. Klassikaline esteetika ilma lisakaunistusteta laseb s\u00f5rmuse peamisel aktsendil, teemandil, s\u00e4rada ja t\u00f5sta esile k\u00f5ige olulisemat \u2013 teie armastuse lubadust. See on s\u00f5rmus, mis r\u00e4\u00e4gib vaikselt, kuid s\u00fcgavalt.<br \/>\n<\/span><span data-sheets-root=\"1\">Valmistatud vastavalt k\u00f5rgeimatele juveelitootmise standarditele. S\u00f5rmust saab valmistada tellimust\u00f6\u00f6na: lisatasu eest k\u00f5rgema kvaliteediga teemantidega.<br \/>\n<\/span><\/p>\n<p><span data-sheets-root=\"1\"><br \/>\n\u2022 <strong><a href=\"https:\/\/fashiongold.lt\/et\/patarimai-et\/milline-kulla-proov-on-parim-kuidas-valida-sobivaimat-kihla-voi-abielusormust\/\" target=\"_blank\" rel=\"noopener\">S\u00f5rmuse metallid<\/a>:<\/strong> 14K (proov 585), 18K (proov 750), 900 plaatina<br \/>\n\u2022 <strong><a href=\"https:\/\/fashiongold.lt\/et\/patarimai-et\/kihla-ja-abielusormuste-kulla-varvus-valge-punane-voi-kollane-kuld\/\" target=\"_blank\" rel=\"noopener\">S\u00f5rmuse kulla v\u00e4rv<\/a>:<\/strong> valge, punane, kollane<br \/>\n\u2022 <strong><a href=\"https:\/\/fashiongold.lt\/et\/patarimai-et\/teemantsormused-sormuse-kulla-kaal-ja-teemantide-kaal-karaatides-kuidas-valida-sobivat-soovitused-kuidas-moista-ja-hinnata\/\" target=\"_blank\" rel=\"noopener\">S\u00f5rmuse kaal<\/a>:<\/strong> (s\u00f5ltub suurusest): umbes 2.00 &#8211; 3.00 g<br \/>\n\u2022 <strong><a href=\"https:\/\/fashiongold.lt\/et\/patarimai-et\/kihlasormused-taiusliku-proportsiooni-saladus-miks-moned-teemantsormused-naevad-luksuslikumad-valja\/\" target=\"_blank\" rel=\"noopener\">S\u00f5rmuse krooni laius<\/a><\/strong>:\u00a0umbes 4.5 mm<br \/>\n\u2022 <strong><a href=\"https:\/\/fashiongold.lt\/et\/patarimai-et\/sormuse-mugavustsoon-voi-sormuse-mugavus\/\" target=\"_blank\" rel=\"noopener\">S\u00f5rmuse mugavustsoon<\/a>:<\/strong> olemas<br \/>\n\u2022 <a href=\"https:\/\/fashiongold.lt\/et\/patarimai-et\/teemant-teised-teemandi-kujud\/\" target=\"_blank\" rel=\"noopener\"><strong>Teemandi kuju<\/strong><\/a>: Ruudukujuline (<em>Princess cut<\/em>)<br \/>\n\u2022 <strong><a href=\"https:\/\/fashiongold.lt\/et\/patarimai-et\/teemant-looduslik-laboris-kasvatatud-voi-kunstlik-kuidas-teha-oige-valik\/\" target=\"_blank\" rel=\"noopener\">Teemantide t\u00fc\u00fcbid<\/a>:<\/strong> Laboris kasvatatud teemandid v\u00f5i looduslikud teemandid<br \/>\n\u2022 <strong><a href=\"https:\/\/fashiongold.lt\/et\/patarimai-et\/teemant-kuidas-hinnatakse-koige-vaartuslikuma-vaariskivi-luksust\/\" target=\"_blank\" rel=\"noopener\">Teemandi kaal ja omadused<\/a><\/strong> (muudetav):<br \/>\nLaboris kasvatatud teemant: 0.50 ct teemant (v\u00e4rv D-E, puhtus VVS) (muudetav), IGI sertifikaat<br \/>\nLooduslik teemant: 0.50 ct teemant (v\u00e4rv G-I, puhtus SI) (muudetav), GIA sertifikaat<br \/>\n\u2022 <a href=\"https:\/\/fashiongold.lt\/et\/patarimai-et\/kihlasormused-kas-sormust-saab-graveerida-detailid-mis-annavad-teie-kihlasormusele-individuaalsust\/\" target=\"_blank\" rel=\"noopener\"><strong>Graveerimine<\/strong><\/a> tasuta<br \/>\n\u2022 \u00dchekordne tasuta <strong><a href=\"https:\/\/fashiongold.lt\/et\/patarimai-et\/kihlasormused-tasuta-suuruse-muutmine-et-sormus-sobiks-ideaalselt\/\" target=\"_blank\" rel=\"noopener\">s\u00f5rmuse suuruse muutmise garantii<\/a><\/strong><br \/>\n\u2022 <strong><a href=\"https:\/\/fashiongold.lt\/et\/tarne-ja-tagastamine\/\" target=\"_blank\" rel=\"noopener\">Valmistamis- ja tarneaeg<\/a>:<\/strong> alates 14 t\u00f6\u00f6p\u00e4evast, kiirtellimusena 7 t\u00f6\u00f6p\u00e4eva jooksul.<br \/>\n<\/span><\/p>\n<p><span data-sheets-root=\"1\">\u00a0<\/span><\/p>\n<p>Kas teil on oma v\u00e4\u00e4riskivi v\u00f5i kuld? Arvutame hinna \u00fcmber ja maksate ainult s\u00f5rmuse valmistamise eest. V\u00f5i soovite muuta teemandi omadusi vastavalt oma soovidele? <strong><a href=\"https:\/\/fashiongold.lt\/et\/kontaktid\/\" target=\"_blank\" rel=\"noopener\">V\u00f5tke \u00fchendust<\/a><\/strong>!<br \/>\nAvastage lai valik teemantidega ehteid, mis vastavad erinevatele maitsetele ja eelarvetele. Loo ja personaliseeri oma ehe koos <a href=\"https:\/\/fashiongold.lt\/et\/\" target=\"_blank\" rel=\"noopener\">FashionGold.lt<\/a>-ga.<\/p>\n","protected":false},"excerpt":{"rendered":"<h2 data-start=\"1721\" data-end=\"2165\">Klassikaline teemandiga kihlas\u00f5rmus \u2013 kui vorm k\u00f5neleb tugevusest<\/h2>\n<p data-start=\"1721\" data-end=\"2165\">0,50 ct <em>Princess<\/em>-lihviga teemantit iseloomustab modernne, kuid siiski klassikast pakatav energia. Ruudukujuline kivi s\u00e4rab selgelt \u2013 ilma liigsuseta, ilma m\u00fcrata. See on klassikaline teemandiga kihlas\u00f5rmus, mis sobib suurep\u00e4raselt naisele, kes hindab t\u00e4psust, proportsioone ja sisemist harmooniat. See ei karju luksusest \u2013 see kehastab seda.<\/p>\n<h3 data-start=\"1721\" data-end=\"2165\">Iga tahk \u2013 enesekindluse m\u00e4rk<\/h3>\n<p data-start=\"1721\" data-end=\"2165\">0,50 ct ruudukujuline teemant on selles ehtes justkui s\u00e4ra ruut, mis peegeldab stabiilsust ja v\u00e4ljapeetud elegantsi. See on kihlas\u00f5rmus, milles valgus ja t\u00e4psus \u00fchinevad.<\/p>\n","protected":false},"featured_media":263756,"template":"","meta":{"site-sidebar-layout":"default","site-content-layout":"","ast-site-content-layout":"default","site-content-style":"default","site-sidebar-style":"default","ast-global-header-display":"","ast-banner-title-visibility":"","ast-main-header-display":"","ast-hfb-above-header-display":"","ast-hfb-below-header-display":"","ast-hfb-mobile-header-display":"","site-post-title":"","ast-breadcrumbs-content":"","ast-featured-img":"","footer-sml-layout":"","ast-disable-related-posts":"","theme-transparent-header-meta":"default","adv-header-id-meta":"","stick-header-meta":"","header-above-stick-meta":"","header-main-stick-meta":"","header-below-stick-meta":"","astra-migrate-meta-layouts":"default","ast-page-background-enabled":"default","ast-page-background-meta":{"desktop":{"background-color":"var(--ast-global-color-4)","background-image":"","background-repeat":"repeat","background-position":"center center","background-size":"auto","background-attachment":"scroll","background-type":"","background-media":"","overlay-type":"","overlay-color":"","overlay-opacity":"","overlay-gradient":""},"tablet":{"background-color":"","background-image":"","background-repeat":"repeat","background-position":"center center","background-size":"auto","background-attachment":"scroll","background-type":"","background-media":"","overlay-type":"","overlay-color":"","overlay-opacity":"","overlay-gradient":""},"mobile":{"background-color":"","background-image":"","background-repeat":"repeat","background-position":"center center","background-size":"auto","background-attachment":"scroll","background-type":"","background-media":"","overlay-type":"","overlay-color":"","overlay-opacity":"","overlay-gradient":""}},"ast-content-background-meta":{"desktop":{"background-color":"var(--ast-global-color-5)","background-image":"","background-repeat":"repeat","background-position":"center center","background-size":"auto","background-attachment":"scroll","background-type":"","background-media":"","overlay-type":"","overlay-color":"","overlay-opacity":"","overlay-gradient":""},"tablet":{"background-color":"var(--ast-global-color-5)","background-image":"","background-repeat":"repeat","background-position":"center center","background-size":"auto","background-attachment":"scroll","background-type":"","background-media":"","overlay-type":"","overlay-color":"","overlay-opacity":"","overlay-gradient":""},"mobile":{"background-color":"var(--ast-global-color-5)","background-image":"","background-repeat":"repeat","background-position":"center center","background-size":"auto","background-attachment":"scroll","background-type":"","background-media":"","overlay-type":"","overlay-color":"","overlay-opacity":"","overlay-gradient":""}}},"product_brand":[],"product_cat":[3058,3422,3558,3960,2829,3444,2831,3425,3548,2967,3426,2845,2827,3424],"product_tag":[],"class_list":{"0":"post-297503","1":"product","2":"type-product","3":"status-publish","4":"has-post-thumbnail","6":"product_cat-ehted","7":"product_cat-kihlasormused","8":"product_cat-kihlasormused-laboriteemantidega","9":"product_cat-kihlasormused-teemandiga","10":"product_cat-kingitused-erilisteks-puhkudeks","11":"product_cat-klasikalised-kihlusesormused","12":"product_cat-kollasest-kullast-ehted","13":"product_cat-kollasest-kullast-kihlasormused","14":"product_cat-laboriteemantidega-ehted","15":"product_cat-punasest-kullast-ehted","16":"product_cat-punasest-kullast-kihlasormused","17":"product_cat-sobrapaeva-kingitused","18":"product_cat-valgest-kullast-ehted","19":"product_cat-valgest-kullast-kihlasormused","20":"desktop-align-center","21":"tablet-align-left","22":"mobile-align-left","23":"ast-product-gallery-layout-horizontal-slider","24":"ast-product-single-variable","25":"ast-product-tabs-layout-accordion","26":"ast-qv-on-image","28":"first","29":"instock","30":"taxable","31":"shipping-taxable","32":"purchasable","33":"product-type-variable"},"yoast_head":"<!-- This site is optimized with the Yoast SEO plugin v26.6 - https:\/\/yoast.com\/wordpress\/plugins\/seo\/ -->\n<title>Klassikaline kihlas\u00f5rmus Princess-teemandiga (0.50 ct)<\/title>\n<meta name=\"description\" content=\"0,50 ct klassikaline teemandiga kihlas\u00f5rmus \u2013 selge vormi ja sisevalguse tasakaal, mis p\u00fc\u00fcab pilku igal liigutusel.\" \/>\n<meta name=\"robots\" content=\"index, follow, max-snippet:-1, max-image-preview:large, max-video-preview:-1\" \/>\n<link rel=\"canonical\" href=\"https:\/\/fashiongold.lt\/et\/papuosalas\/klassikaline-kihlasormus-princess-lihvi-teemandiga-0-50-ct\/\" \/>\n<meta property=\"og:locale\" content=\"et_EE\" \/>\n<meta property=\"og:type\" content=\"article\" \/>\n<meta property=\"og:title\" content=\"Klassikaline kihlas\u00f5rmus Princess-teemandiga (0.50 ct)\" \/>\n<meta property=\"og:description\" content=\"0,50 ct klassikaline teemandiga kihlas\u00f5rmus \u2013 selge vormi ja sisevalguse tasakaal, mis p\u00fc\u00fcab pilku igal liigutusel.\" \/>\n<meta property=\"og:url\" content=\"https:\/\/fashiongold.lt\/et\/papuosalas\/klassikaline-kihlasormus-princess-lihvi-teemandiga-0-50-ct\/\" \/>\n<meta property=\"og:site_name\" content=\"FashionGold.lt\" \/>\n<meta property=\"og:image\" content=\"https:\/\/fashiongold.lt\/wp-content\/uploads\/2025\/07\/Suzadetuviu-ziedas-su-kvadratiniu-princess-deimantu-TD-1035-1.webp\" \/>\n\t<meta property=\"og:image:width\" content=\"800\" \/>\n\t<meta property=\"og:image:height\" content=\"800\" \/>\n\t<meta property=\"og:image:type\" content=\"image\/png\" \/>\n<meta name=\"twitter:card\" content=\"summary_large_image\" \/>\n<meta name=\"twitter:label1\" content=\"Est. reading time\" \/>\n\t<meta name=\"twitter:data1\" content=\"1 minut\" \/>\n<script type=\"application\/ld+json\" class=\"yoast-schema-graph\">{\"@context\":\"https:\/\/schema.org\",\"@graph\":[{\"@type\":\"WebPage\",\"@id\":\"https:\/\/fashiongold.lt\/et\/papuosalas\/klassikaline-kihlasormus-princess-lihvi-teemandiga-0-50-ct\/\",\"url\":\"https:\/\/fashiongold.lt\/et\/papuosalas\/klassikaline-kihlasormus-princess-lihvi-teemandiga-0-50-ct\/\",\"name\":\"Klassikaline kihlas\u00f5rmus Princess-teemandiga (0.50 ct)\",\"isPartOf\":{\"@id\":\"https:\/\/fashiongold.lt\/et\/#website\"},\"primaryImageOfPage\":{\"@id\":\"https:\/\/fashiongold.lt\/et\/papuosalas\/klassikaline-kihlasormus-princess-lihvi-teemandiga-0-50-ct\/#primaryimage\"},\"image\":{\"@id\":\"https:\/\/fashiongold.lt\/et\/papuosalas\/klassikaline-kihlasormus-princess-lihvi-teemandiga-0-50-ct\/#primaryimage\"},\"thumbnailUrl\":\"https:\/\/fashiongold.lt\/wp-content\/uploads\/2025\/07\/Suzadetuviu-ziedas-su-kvadratiniu-princess-deimantu-TD-1035-1.png\",\"datePublished\":\"2025-07-07T09:35:05+00:00\",\"description\":\"0,50 ct klassikaline teemandiga kihlas\u00f5rmus \u2013 selge vormi ja sisevalguse tasakaal, mis p\u00fc\u00fcab pilku igal liigutusel.\",\"breadcrumb\":{\"@id\":\"https:\/\/fashiongold.lt\/et\/papuosalas\/klassikaline-kihlasormus-princess-lihvi-teemandiga-0-50-ct\/#breadcrumb\"},\"inLanguage\":\"et\",\"potentialAction\":[{\"@type\":\"ReadAction\",\"target\":[\"https:\/\/fashiongold.lt\/et\/papuosalas\/klassikaline-kihlasormus-princess-lihvi-teemandiga-0-50-ct\/\"]}]},{\"@type\":\"ImageObject\",\"inLanguage\":\"et\",\"@id\":\"https:\/\/fashiongold.lt\/et\/papuosalas\/klassikaline-kihlasormus-princess-lihvi-teemandiga-0-50-ct\/#primaryimage\",\"url\":\"https:\/\/fashiongold.lt\/wp-content\/uploads\/2025\/07\/Suzadetuviu-ziedas-su-kvadratiniu-princess-deimantu-TD-1035-1.png\",\"contentUrl\":\"https:\/\/fashiongold.lt\/wp-content\/uploads\/2025\/07\/Suzadetuviu-ziedas-su-kvadratiniu-princess-deimantu-TD-1035-1.png\",\"width\":800,\"height\":800,\"caption\":\"Klasikinis su\u017ead\u0117tuvi\u0173 \u017eiedas su deimantu i\u0161 balto aukso arba platinos - princess cut\"},{\"@type\":\"BreadcrumbList\",\"@id\":\"https:\/\/fashiongold.lt\/et\/papuosalas\/klassikaline-kihlasormus-princess-lihvi-teemandiga-0-50-ct\/#breadcrumb\",\"itemListElement\":[{\"@type\":\"ListItem\",\"position\":1,\"name\":\"Home\",\"item\":\"https:\/\/fashiongold.lt\/et\/\"},{\"@type\":\"ListItem\",\"position\":2,\"name\":\"Teemantide pood Fashiongold.lt\",\"item\":\"https:\/\/fashiongold.lt\/shop-2\/\"},{\"@type\":\"ListItem\",\"position\":3,\"name\":\"Klassikaline kihlas\u00f5rmus Princess-lihvi teemandiga (0.50 ct)\"}]},{\"@type\":\"WebSite\",\"@id\":\"https:\/\/fashiongold.lt\/et\/#website\",\"url\":\"https:\/\/fashiongold.lt\/et\/\",\"name\":\"Fashion Gold\",\"description\":\"Juvelyrikos namai\",\"publisher\":{\"@id\":\"https:\/\/fashiongold.lt\/et\/#organization\"},\"potentialAction\":[{\"@type\":\"SearchAction\",\"target\":{\"@type\":\"EntryPoint\",\"urlTemplate\":\"https:\/\/fashiongold.lt\/et\/?s={search_term_string}\"},\"query-input\":{\"@type\":\"PropertyValueSpecification\",\"valueRequired\":true,\"valueName\":\"search_term_string\"}}],\"inLanguage\":\"et\"},{\"@type\":\"Organization\",\"@id\":\"https:\/\/fashiongold.lt\/et\/#organization\",\"name\":\"Topdiamonds Online\",\"url\":\"https:\/\/fashiongold.lt\/et\/\",\"logo\":{\"@type\":\"ImageObject\",\"inLanguage\":\"et\",\"@id\":\"https:\/\/fashiongold.lt\/et\/#\/schema\/logo\/image\/\",\"url\":\"https:\/\/fashiongold.lt\/wp-content\/uploads\/2025\/04\/cropped-fashion_gold_logotipas2-scaled-1.png\",\"contentUrl\":\"https:\/\/fashiongold.lt\/wp-content\/uploads\/2025\/04\/cropped-fashion_gold_logotipas2-scaled-1.png\",\"width\":2559,\"height\":421,\"caption\":\"Topdiamonds Online\"},\"image\":{\"@id\":\"https:\/\/fashiongold.lt\/et\/#\/schema\/logo\/image\/\"}}]}<\/script>\n<!-- \/ Yoast SEO plugin. -->","yoast_head_json":{"title":"Klassikaline kihlas\u00f5rmus Princess-teemandiga (0.50 ct)","description":"0,50 ct klassikaline teemandiga kihlas\u00f5rmus \u2013 selge vormi ja sisevalguse tasakaal, mis p\u00fc\u00fcab pilku igal liigutusel.","robots":{"index":"index","follow":"follow","max-snippet":"max-snippet:-1","max-image-preview":"max-image-preview:large","max-video-preview":"max-video-preview:-1"},"canonical":"https:\/\/fashiongold.lt\/et\/papuosalas\/klassikaline-kihlasormus-princess-lihvi-teemandiga-0-50-ct\/","og_locale":"et_EE","og_type":"article","og_title":"Klassikaline kihlas\u00f5rmus Princess-teemandiga (0.50 ct)","og_description":"0,50 ct klassikaline teemandiga kihlas\u00f5rmus \u2013 selge vormi ja sisevalguse tasakaal, mis p\u00fc\u00fcab pilku igal liigutusel.","og_url":"https:\/\/fashiongold.lt\/et\/papuosalas\/klassikaline-kihlasormus-princess-lihvi-teemandiga-0-50-ct\/","og_site_name":"FashionGold.lt","og_image":[{"width":800,"height":800,"url":"https:\/\/fashiongold.lt\/wp-content\/uploads\/2025\/07\/Suzadetuviu-ziedas-su-kvadratiniu-princess-deimantu-TD-1035-1.webp","type":"image\/png"}],"twitter_card":"summary_large_image","twitter_misc":{"Est. reading time":"1 minut"},"schema":{"@context":"https:\/\/schema.org","@graph":[{"@type":"WebPage","@id":"https:\/\/fashiongold.lt\/et\/papuosalas\/klassikaline-kihlasormus-princess-lihvi-teemandiga-0-50-ct\/","url":"https:\/\/fashiongold.lt\/et\/papuosalas\/klassikaline-kihlasormus-princess-lihvi-teemandiga-0-50-ct\/","name":"Klassikaline kihlas\u00f5rmus Princess-teemandiga (0.50 ct)","isPartOf":{"@id":"https:\/\/fashiongold.lt\/et\/#website"},"primaryImageOfPage":{"@id":"https:\/\/fashiongold.lt\/et\/papuosalas\/klassikaline-kihlasormus-princess-lihvi-teemandiga-0-50-ct\/#primaryimage"},"image":{"@id":"https:\/\/fashiongold.lt\/et\/papuosalas\/klassikaline-kihlasormus-princess-lihvi-teemandiga-0-50-ct\/#primaryimage"},"thumbnailUrl":"https:\/\/fashiongold.lt\/wp-content\/uploads\/2025\/07\/Suzadetuviu-ziedas-su-kvadratiniu-princess-deimantu-TD-1035-1.png","datePublished":"2025-07-07T09:35:05+00:00","description":"0,50 ct klassikaline teemandiga kihlas\u00f5rmus \u2013 selge vormi ja sisevalguse tasakaal, mis p\u00fc\u00fcab pilku igal liigutusel.","breadcrumb":{"@id":"https:\/\/fashiongold.lt\/et\/papuosalas\/klassikaline-kihlasormus-princess-lihvi-teemandiga-0-50-ct\/#breadcrumb"},"inLanguage":"et","potentialAction":[{"@type":"ReadAction","target":["https:\/\/fashiongold.lt\/et\/papuosalas\/klassikaline-kihlasormus-princess-lihvi-teemandiga-0-50-ct\/"]}]},{"@type":"ImageObject","inLanguage":"et","@id":"https:\/\/fashiongold.lt\/et\/papuosalas\/klassikaline-kihlasormus-princess-lihvi-teemandiga-0-50-ct\/#primaryimage","url":"https:\/\/fashiongold.lt\/wp-content\/uploads\/2025\/07\/Suzadetuviu-ziedas-su-kvadratiniu-princess-deimantu-TD-1035-1.png","contentUrl":"https:\/\/fashiongold.lt\/wp-content\/uploads\/2025\/07\/Suzadetuviu-ziedas-su-kvadratiniu-princess-deimantu-TD-1035-1.png","width":800,"height":800,"caption":"Klasikinis su\u017ead\u0117tuvi\u0173 \u017eiedas su deimantu i\u0161 balto aukso arba platinos - princess cut"},{"@type":"BreadcrumbList","@id":"https:\/\/fashiongold.lt\/et\/papuosalas\/klassikaline-kihlasormus-princess-lihvi-teemandiga-0-50-ct\/#breadcrumb","itemListElement":[{"@type":"ListItem","position":1,"name":"Home","item":"https:\/\/fashiongold.lt\/et\/"},{"@type":"ListItem","position":2,"name":"Teemantide pood Fashiongold.lt","item":"https:\/\/fashiongold.lt\/shop-2\/"},{"@type":"ListItem","position":3,"name":"Klassikaline kihlas\u00f5rmus Princess-lihvi teemandiga (0.50 ct)"}]},{"@type":"WebSite","@id":"https:\/\/fashiongold.lt\/et\/#website","url":"https:\/\/fashiongold.lt\/et\/","name":"Fashion Gold","description":"Juvelyrikos namai","publisher":{"@id":"https:\/\/fashiongold.lt\/et\/#organization"},"potentialAction":[{"@type":"SearchAction","target":{"@type":"EntryPoint","urlTemplate":"https:\/\/fashiongold.lt\/et\/?s={search_term_string}"},"query-input":{"@type":"PropertyValueSpecification","valueRequired":true,"valueName":"search_term_string"}}],"inLanguage":"et"},{"@type":"Organization","@id":"https:\/\/fashiongold.lt\/et\/#organization","name":"Topdiamonds Online","url":"https:\/\/fashiongold.lt\/et\/","logo":{"@type":"ImageObject","inLanguage":"et","@id":"https:\/\/fashiongold.lt\/et\/#\/schema\/logo\/image\/","url":"https:\/\/fashiongold.lt\/wp-content\/uploads\/2025\/04\/cropped-fashion_gold_logotipas2-scaled-1.png","contentUrl":"https:\/\/fashiongold.lt\/wp-content\/uploads\/2025\/04\/cropped-fashion_gold_logotipas2-scaled-1.png","width":2559,"height":421,"caption":"Topdiamonds Online"},"image":{"@id":"https:\/\/fashiongold.lt\/et\/#\/schema\/logo\/image\/"}}]}},"_links":{"self":[{"href":"https:\/\/fashiongold.lt\/et\/wp-json\/wp\/v2\/product\/297503","targetHints":{"allow":["GET"]}}],"collection":[{"href":"https:\/\/fashiongold.lt\/et\/wp-json\/wp\/v2\/product"}],"about":[{"href":"https:\/\/fashiongold.lt\/et\/wp-json\/wp\/v2\/types\/product"}],"version-history":[{"count":0,"href":"https:\/\/fashiongold.lt\/et\/wp-json\/wp\/v2\/product\/297503\/revisions"}],"wp:featuredmedia":[{"embeddable":true,"href":"https:\/\/fashiongold.lt\/et\/wp-json\/wp\/v2\/media\/263756"}],"wp:attachment":[{"href":"https:\/\/fashiongold.lt\/et\/wp-json\/wp\/v2\/media?parent=297503"}],"wp:term":[{"taxonomy":"product_brand","embeddable":true,"href":"https:\/\/fashiongold.lt\/et\/wp-json\/wp\/v2\/product_brand?post=297503"},{"taxonomy":"product_cat","embeddable":true,"href":"https:\/\/fashiongold.lt\/et\/wp-json\/wp\/v2\/product_cat?post=297503"},{"taxonomy":"product_tag","embeddable":true,"href":"https:\/\/fashiongold.lt\/et\/wp-json\/wp\/v2\/product_tag?post=297503"}],"curies":[{"name":"wp","href":"https:\/\/api.w.org\/{rel}","templated":true}]}}