{"id":297533,"date":"2025-06-16T15:37:13","date_gmt":"2025-06-16T15:37:13","guid":{"rendered":"https:\/\/fashiongold.lt\/papuosalas\/ripats-teemandiga-marquise-lihviga-teemant\/"},"modified":"2025-06-16T15:37:13","modified_gmt":"2025-06-16T15:37:13","slug":"ripats-teemandiga-marquise-lihviga-teemant","status":"publish","type":"product","link":"https:\/\/fashiongold.lt\/et\/papuosalas\/ripats-teemandiga-marquise-lihviga-teemant\/","title":{"rendered":"Ripats teemandiga &#8211; marquise-lihviga teemant"},"content":{"rendered":"<h2>Teemandiga ripats, milles s\u00e4rab oma julgusega lummav markiise kuju<\/h2>\n<p>See teemandiga ripats on m\u00f5eldud neile, kes ei karda silma paista. Markiise lihviga teemant on nagu kahe terava punkti vahele pingutatud valgusnool. See lihvi kuju pikendab visuaalselt siluetti ja j\u00e4tab erakordselt kuningliku mulje. Selliseid kive on ammusest ajast seostatud eksklusiivsuse, rafineeritud maitse ja enesekindlusega. See ei ole maheda l\u00e4ike, vaid teadliku s\u00e4ra looming \u2013 v\u00e4ljendusrikas, kuid s\u00e4ilitades elegantsi distsipliini.<br \/>\nIga ehe valmistatakse individuaalselt, j\u00e4rgides k\u00f5rgeimaid juveelitootmise standardeid.<\/p>\n<p><span data-sheets-root=\"1\">\u2022 <a href=\"https:\/\/fashiongold.lt\/et\/patarimai-et\/teemantripats-kuidas-valida-kulla-kaalu-varvi-ja-sobivat-ketti\/\" target=\"_blank\" rel=\"noopener\"><strong>Ripatsi kulla kaal<\/strong><\/a>: umbes 1.20 g<br \/>\n\u2022 <strong><a href=\"https:\/\/fashiongold.lt\/et\/category\/uuri-lahemalt-teemandi-kuju-kohta\/\" target=\"_blank\" rel=\"noopener\">Teemandi kuju ja lihv<\/a><\/strong>: Markiise kuju (<em>Marquise cut<\/em>)<br \/>\n\u2022 <a href=\"https:\/\/fashiongold.lt\/et\/patarimai-et\/kihlasormused-kas-sormust-saab-graveerida-detailid-mis-annavad-teie-kihlasormusele-individuaalsust\/\" target=\"_blank\" rel=\"noopener\"><strong>Graveerimine<\/strong><\/a> on tasuta<br \/>\n\u2022 \u00dchekordne <a href=\"https:\/\/fashiongold.lt\/et\/patarimai-et\/kuldne-kett-tasuta-pikkuse-muutmine-ostes-fashiongold-lt-st\/\" target=\"_blank\" rel=\"noopener\"><strong>ketipikkuse muutmise garantii<\/strong><\/a> tasuta<\/span><\/p>\n<p>Kas teil on oma v\u00e4\u00e4riskivi v\u00f5i kulda? Kohandame hinda vastavalt \u2013 maksate ainult juveelit\u00f6\u00f6 eest. Samuti saate valida k\u00f5rgema kvaliteediga teemante v\u00f5i muuta nende parameetreid vastavalt oma soovidele. <strong><a href=\"https:\/\/fashiongold.lt\/et\/kontaktid\/\" target=\"_blank\" rel=\"noopener\">V\u00f5tke \u00fchendust<\/a><\/strong> ja me kohandame k\u00f5ik vastavalt teie soovidele.<br data-start=\"789\" data-end=\"792\" \/>Looge oma unistuste ehe koos <em>Fashion Goldiga<\/em>.<\/p>\n","protected":false},"excerpt":{"rendered":"<p>Teemandiga ripats, milles s\u00e4rab oma julgusega lummav markiise kuju See teemandiga ripats on m\u00f5eldud neile, kes ei karda silma paista. [&hellip;]<\/p>\n","protected":false},"featured_media":20601,"template":"","meta":{"site-sidebar-layout":"default","site-content-layout":"","ast-site-content-layout":"default","site-content-style":"default","site-sidebar-style":"default","ast-global-header-display":"","ast-banner-title-visibility":"","ast-main-header-display":"","ast-hfb-above-header-display":"","ast-hfb-below-header-display":"","ast-hfb-mobile-header-display":"","site-post-title":"","ast-breadcrumbs-content":"","ast-featured-img":"","footer-sml-layout":"","ast-disable-related-posts":"","theme-transparent-header-meta":"default","adv-header-id-meta":"","stick-header-meta":"","header-above-stick-meta":"","header-main-stick-meta":"","header-below-stick-meta":"","astra-migrate-meta-layouts":"default","ast-page-background-enabled":"default","ast-page-background-meta":{"desktop":{"background-color":"var(--ast-global-color-4)","background-image":"","background-repeat":"repeat","background-position":"center center","background-size":"auto","background-attachment":"scroll","background-type":"","background-media":"","overlay-type":"","overlay-color":"","overlay-opacity":"","overlay-gradient":""},"tablet":{"background-color":"","background-image":"","background-repeat":"repeat","background-position":"center center","background-size":"auto","background-attachment":"scroll","background-type":"","background-media":"","overlay-type":"","overlay-color":"","overlay-opacity":"","overlay-gradient":""},"mobile":{"background-color":"","background-image":"","background-repeat":"repeat","background-position":"center center","background-size":"auto","background-attachment":"scroll","background-type":"","background-media":"","overlay-type":"","overlay-color":"","overlay-opacity":"","overlay-gradient":""}},"ast-content-background-meta":{"desktop":{"background-color":"var(--ast-global-color-5)","background-image":"","background-repeat":"repeat","background-position":"center center","background-size":"auto","background-attachment":"scroll","background-type":"","background-media":"","overlay-type":"","overlay-color":"","overlay-opacity":"","overlay-gradient":""},"tablet":{"background-color":"var(--ast-global-color-5)","background-image":"","background-repeat":"repeat","background-position":"center center","background-size":"auto","background-attachment":"scroll","background-type":"","background-media":"","overlay-type":"","overlay-color":"","overlay-opacity":"","overlay-gradient":""},"mobile":{"background-color":"var(--ast-global-color-5)","background-image":"","background-repeat":"repeat","background-position":"center center","background-size":"auto","background-attachment":"scroll","background-type":"","background-media":"","overlay-type":"","overlay-color":"","overlay-opacity":"","overlay-gradient":""}}},"product_brand":[],"product_cat":[4126,4112],"product_tag":[],"class_list":{"0":"post-297533","1":"product","2":"type-product","3":"status-publish","4":"has-post-thumbnail","6":"product_cat-alusta-ripatsi-disainist","7":"product_cat-loo-oma-ehe-ise","8":"desktop-align-center","9":"tablet-align-left","10":"mobile-align-left","11":"ast-product-gallery-layout-horizontal-slider","12":"ast-product-single-variable","13":"ast-product-tabs-layout-accordion","14":"ast-qv-on-image","16":"first","17":"instock","18":"taxable","19":"shipping-taxable","20":"purchasable","21":"product-type-variable"},"yoast_head":"<!-- This site is optimized with the Yoast SEO plugin v26.6 - https:\/\/yoast.com\/wordpress\/plugins\/seo\/ -->\n<title>Teemandiga ripats \u2013 markiislihvimisega teemant<\/title>\n<meta name=\"description\" content=\"Erakordse disainiga teemandiga ripats \u2013 vali klassikaline mudel v\u00f5i Halo-\u00e4\u00e4risega kroon ning avasta oma marquise-lihvi teemandi s\u00e4ra.\" \/>\n<meta name=\"robots\" content=\"index, follow, max-snippet:-1, max-image-preview:large, max-video-preview:-1\" \/>\n<link rel=\"canonical\" href=\"https:\/\/fashiongold.lt\/et\/papuosalas\/ripats-teemandiga-marquise-lihviga-teemant\/\" \/>\n<meta property=\"og:locale\" content=\"et_EE\" \/>\n<meta property=\"og:type\" content=\"article\" \/>\n<meta property=\"og:title\" content=\"Teemandiga ripats \u2013 markiislihvimisega teemant\" \/>\n<meta property=\"og:description\" content=\"Erakordse disainiga teemandiga ripats \u2013 vali klassikaline mudel v\u00f5i Halo-\u00e4\u00e4risega kroon ning avasta oma marquise-lihvi teemandi s\u00e4ra.\" \/>\n<meta property=\"og:url\" content=\"https:\/\/fashiongold.lt\/et\/papuosalas\/ripats-teemandiga-marquise-lihviga-teemant\/\" \/>\n<meta property=\"og:site_name\" content=\"FashionGold.lt\" \/>\n<meta property=\"og:image\" content=\"https:\/\/fashiongold.lt\/wp-content\/uploads\/2025\/06\/1.webp\" \/>\n\t<meta property=\"og:image:width\" content=\"800\" \/>\n\t<meta property=\"og:image:height\" content=\"800\" \/>\n\t<meta property=\"og:image:type\" content=\"image\/jpeg\" \/>\n<meta name=\"twitter:card\" content=\"summary_large_image\" \/>\n<meta name=\"twitter:label1\" content=\"Est. reading time\" \/>\n\t<meta name=\"twitter:data1\" content=\"1 minut\" \/>\n<script type=\"application\/ld+json\" class=\"yoast-schema-graph\">{\"@context\":\"https:\/\/schema.org\",\"@graph\":[{\"@type\":\"WebPage\",\"@id\":\"https:\/\/fashiongold.lt\/et\/papuosalas\/ripats-teemandiga-marquise-lihviga-teemant\/\",\"url\":\"https:\/\/fashiongold.lt\/et\/papuosalas\/ripats-teemandiga-marquise-lihviga-teemant\/\",\"name\":\"Teemandiga ripats \u2013 markiislihvimisega teemant\",\"isPartOf\":{\"@id\":\"https:\/\/fashiongold.lt\/et\/#website\"},\"primaryImageOfPage\":{\"@id\":\"https:\/\/fashiongold.lt\/et\/papuosalas\/ripats-teemandiga-marquise-lihviga-teemant\/#primaryimage\"},\"image\":{\"@id\":\"https:\/\/fashiongold.lt\/et\/papuosalas\/ripats-teemandiga-marquise-lihviga-teemant\/#primaryimage\"},\"thumbnailUrl\":\"https:\/\/fashiongold.lt\/wp-content\/uploads\/2025\/06\/1.jpg\",\"datePublished\":\"2025-06-16T15:37:13+00:00\",\"description\":\"Erakordse disainiga teemandiga ripats \u2013 vali klassikaline mudel v\u00f5i Halo-\u00e4\u00e4risega kroon ning avasta oma marquise-lihvi teemandi s\u00e4ra.\",\"breadcrumb\":{\"@id\":\"https:\/\/fashiongold.lt\/et\/papuosalas\/ripats-teemandiga-marquise-lihviga-teemant\/#breadcrumb\"},\"inLanguage\":\"et\",\"potentialAction\":[{\"@type\":\"ReadAction\",\"target\":[\"https:\/\/fashiongold.lt\/et\/papuosalas\/ripats-teemandiga-marquise-lihviga-teemant\/\"]}]},{\"@type\":\"ImageObject\",\"inLanguage\":\"et\",\"@id\":\"https:\/\/fashiongold.lt\/et\/papuosalas\/ripats-teemandiga-marquise-lihviga-teemant\/#primaryimage\",\"url\":\"https:\/\/fashiongold.lt\/wp-content\/uploads\/2025\/06\/1.jpg\",\"contentUrl\":\"https:\/\/fashiongold.lt\/wp-content\/uploads\/2025\/06\/1.jpg\",\"width\":800,\"height\":800,\"caption\":\"Klasikinis pakabukas su markiz\u0117s formos deimantu i\u0161 balto aukso arba platinos - Marquise cut\"},{\"@type\":\"BreadcrumbList\",\"@id\":\"https:\/\/fashiongold.lt\/et\/papuosalas\/ripats-teemandiga-marquise-lihviga-teemant\/#breadcrumb\",\"itemListElement\":[{\"@type\":\"ListItem\",\"position\":1,\"name\":\"Home\",\"item\":\"https:\/\/fashiongold.lt\/et\/\"},{\"@type\":\"ListItem\",\"position\":2,\"name\":\"Teemantide pood Fashiongold.lt\",\"item\":\"https:\/\/fashiongold.lt\/shop-2\/\"},{\"@type\":\"ListItem\",\"position\":3,\"name\":\"Ripats teemandiga &#8211; marquise-lihviga teemant\"}]},{\"@type\":\"WebSite\",\"@id\":\"https:\/\/fashiongold.lt\/et\/#website\",\"url\":\"https:\/\/fashiongold.lt\/et\/\",\"name\":\"Fashion Gold\",\"description\":\"Juvelyrikos namai\",\"publisher\":{\"@id\":\"https:\/\/fashiongold.lt\/et\/#organization\"},\"potentialAction\":[{\"@type\":\"SearchAction\",\"target\":{\"@type\":\"EntryPoint\",\"urlTemplate\":\"https:\/\/fashiongold.lt\/et\/?s={search_term_string}\"},\"query-input\":{\"@type\":\"PropertyValueSpecification\",\"valueRequired\":true,\"valueName\":\"search_term_string\"}}],\"inLanguage\":\"et\"},{\"@type\":\"Organization\",\"@id\":\"https:\/\/fashiongold.lt\/et\/#organization\",\"name\":\"Topdiamonds Online\",\"url\":\"https:\/\/fashiongold.lt\/et\/\",\"logo\":{\"@type\":\"ImageObject\",\"inLanguage\":\"et\",\"@id\":\"https:\/\/fashiongold.lt\/et\/#\/schema\/logo\/image\/\",\"url\":\"https:\/\/fashiongold.lt\/wp-content\/uploads\/2025\/04\/cropped-fashion_gold_logotipas2-scaled-1.png\",\"contentUrl\":\"https:\/\/fashiongold.lt\/wp-content\/uploads\/2025\/04\/cropped-fashion_gold_logotipas2-scaled-1.png\",\"width\":2559,\"height\":421,\"caption\":\"Topdiamonds Online\"},\"image\":{\"@id\":\"https:\/\/fashiongold.lt\/et\/#\/schema\/logo\/image\/\"}}]}<\/script>\n<!-- \/ Yoast SEO plugin. -->","yoast_head_json":{"title":"Teemandiga ripats \u2013 markiislihvimisega teemant","description":"Erakordse disainiga teemandiga ripats \u2013 vali klassikaline mudel v\u00f5i Halo-\u00e4\u00e4risega kroon ning avasta oma marquise-lihvi teemandi s\u00e4ra.","robots":{"index":"index","follow":"follow","max-snippet":"max-snippet:-1","max-image-preview":"max-image-preview:large","max-video-preview":"max-video-preview:-1"},"canonical":"https:\/\/fashiongold.lt\/et\/papuosalas\/ripats-teemandiga-marquise-lihviga-teemant\/","og_locale":"et_EE","og_type":"article","og_title":"Teemandiga ripats \u2013 markiislihvimisega teemant","og_description":"Erakordse disainiga teemandiga ripats \u2013 vali klassikaline mudel v\u00f5i Halo-\u00e4\u00e4risega kroon ning avasta oma marquise-lihvi teemandi s\u00e4ra.","og_url":"https:\/\/fashiongold.lt\/et\/papuosalas\/ripats-teemandiga-marquise-lihviga-teemant\/","og_site_name":"FashionGold.lt","og_image":[{"width":800,"height":800,"url":"https:\/\/fashiongold.lt\/wp-content\/uploads\/2025\/06\/1.webp","type":"image\/jpeg"}],"twitter_card":"summary_large_image","twitter_misc":{"Est. reading time":"1 minut"},"schema":{"@context":"https:\/\/schema.org","@graph":[{"@type":"WebPage","@id":"https:\/\/fashiongold.lt\/et\/papuosalas\/ripats-teemandiga-marquise-lihviga-teemant\/","url":"https:\/\/fashiongold.lt\/et\/papuosalas\/ripats-teemandiga-marquise-lihviga-teemant\/","name":"Teemandiga ripats \u2013 markiislihvimisega teemant","isPartOf":{"@id":"https:\/\/fashiongold.lt\/et\/#website"},"primaryImageOfPage":{"@id":"https:\/\/fashiongold.lt\/et\/papuosalas\/ripats-teemandiga-marquise-lihviga-teemant\/#primaryimage"},"image":{"@id":"https:\/\/fashiongold.lt\/et\/papuosalas\/ripats-teemandiga-marquise-lihviga-teemant\/#primaryimage"},"thumbnailUrl":"https:\/\/fashiongold.lt\/wp-content\/uploads\/2025\/06\/1.jpg","datePublished":"2025-06-16T15:37:13+00:00","description":"Erakordse disainiga teemandiga ripats \u2013 vali klassikaline mudel v\u00f5i Halo-\u00e4\u00e4risega kroon ning avasta oma marquise-lihvi teemandi s\u00e4ra.","breadcrumb":{"@id":"https:\/\/fashiongold.lt\/et\/papuosalas\/ripats-teemandiga-marquise-lihviga-teemant\/#breadcrumb"},"inLanguage":"et","potentialAction":[{"@type":"ReadAction","target":["https:\/\/fashiongold.lt\/et\/papuosalas\/ripats-teemandiga-marquise-lihviga-teemant\/"]}]},{"@type":"ImageObject","inLanguage":"et","@id":"https:\/\/fashiongold.lt\/et\/papuosalas\/ripats-teemandiga-marquise-lihviga-teemant\/#primaryimage","url":"https:\/\/fashiongold.lt\/wp-content\/uploads\/2025\/06\/1.jpg","contentUrl":"https:\/\/fashiongold.lt\/wp-content\/uploads\/2025\/06\/1.jpg","width":800,"height":800,"caption":"Klasikinis pakabukas su markiz\u0117s formos deimantu i\u0161 balto aukso arba platinos - Marquise cut"},{"@type":"BreadcrumbList","@id":"https:\/\/fashiongold.lt\/et\/papuosalas\/ripats-teemandiga-marquise-lihviga-teemant\/#breadcrumb","itemListElement":[{"@type":"ListItem","position":1,"name":"Home","item":"https:\/\/fashiongold.lt\/et\/"},{"@type":"ListItem","position":2,"name":"Teemantide pood Fashiongold.lt","item":"https:\/\/fashiongold.lt\/shop-2\/"},{"@type":"ListItem","position":3,"name":"Ripats teemandiga &#8211; marquise-lihviga teemant"}]},{"@type":"WebSite","@id":"https:\/\/fashiongold.lt\/et\/#website","url":"https:\/\/fashiongold.lt\/et\/","name":"Fashion Gold","description":"Juvelyrikos namai","publisher":{"@id":"https:\/\/fashiongold.lt\/et\/#organization"},"potentialAction":[{"@type":"SearchAction","target":{"@type":"EntryPoint","urlTemplate":"https:\/\/fashiongold.lt\/et\/?s={search_term_string}"},"query-input":{"@type":"PropertyValueSpecification","valueRequired":true,"valueName":"search_term_string"}}],"inLanguage":"et"},{"@type":"Organization","@id":"https:\/\/fashiongold.lt\/et\/#organization","name":"Topdiamonds Online","url":"https:\/\/fashiongold.lt\/et\/","logo":{"@type":"ImageObject","inLanguage":"et","@id":"https:\/\/fashiongold.lt\/et\/#\/schema\/logo\/image\/","url":"https:\/\/fashiongold.lt\/wp-content\/uploads\/2025\/04\/cropped-fashion_gold_logotipas2-scaled-1.png","contentUrl":"https:\/\/fashiongold.lt\/wp-content\/uploads\/2025\/04\/cropped-fashion_gold_logotipas2-scaled-1.png","width":2559,"height":421,"caption":"Topdiamonds Online"},"image":{"@id":"https:\/\/fashiongold.lt\/et\/#\/schema\/logo\/image\/"}}]}},"_links":{"self":[{"href":"https:\/\/fashiongold.lt\/et\/wp-json\/wp\/v2\/product\/297533","targetHints":{"allow":["GET"]}}],"collection":[{"href":"https:\/\/fashiongold.lt\/et\/wp-json\/wp\/v2\/product"}],"about":[{"href":"https:\/\/fashiongold.lt\/et\/wp-json\/wp\/v2\/types\/product"}],"version-history":[{"count":0,"href":"https:\/\/fashiongold.lt\/et\/wp-json\/wp\/v2\/product\/297533\/revisions"}],"wp:featuredmedia":[{"embeddable":true,"href":"https:\/\/fashiongold.lt\/et\/wp-json\/wp\/v2\/media\/20601"}],"wp:attachment":[{"href":"https:\/\/fashiongold.lt\/et\/wp-json\/wp\/v2\/media?parent=297533"}],"wp:term":[{"taxonomy":"product_brand","embeddable":true,"href":"https:\/\/fashiongold.lt\/et\/wp-json\/wp\/v2\/product_brand?post=297533"},{"taxonomy":"product_cat","embeddable":true,"href":"https:\/\/fashiongold.lt\/et\/wp-json\/wp\/v2\/product_cat?post=297533"},{"taxonomy":"product_tag","embeddable":true,"href":"https:\/\/fashiongold.lt\/et\/wp-json\/wp\/v2\/product_tag?post=297533"}],"curies":[{"name":"wp","href":"https:\/\/api.w.org\/{rel}","templated":true}]}}