{"id":297568,"date":"2025-06-15T16:32:26","date_gmt":"2025-06-15T16:32:26","guid":{"rendered":"https:\/\/fashiongold.lt\/papuosalas\/kujunda-endale-teemandiga-korvarongad-pear\/"},"modified":"2025-06-15T16:32:26","modified_gmt":"2025-06-15T16:32:26","slug":"kujunda-endale-teemandiga-korvarongad-pear","status":"publish","type":"product","link":"https:\/\/fashiongold.lt\/et\/papuosalas\/kujunda-endale-teemandiga-korvarongad-pear\/","title":{"rendered":"Kujunda endale teemandiga k\u00f5rvar\u00f5ngad &#8211; Pear"},"content":{"rendered":"<p>Need pisarakujuliste teemantidega k\u00f5rvar\u00f5ngad annavad v\u00f5imaluse luua ehte, mis peegeldab sinu individuaalsust. Vali klassikaline v\u00f5i Halo-disain, kombineeri see oma lemmiku kullav\u00e4rviga \u2013 valge, kollase v\u00f5i punase kullaga \u2013 ning loo k\u00f5rvar\u00f5ngad, mis s\u00e4ravad sama eredalt kui sina. J\u00e4rgmises sammus vali vastavalt oma soovidele <em>Pear<\/em>-lihviga teemantide suurus, v\u00e4rv ja puhtus.<br \/>\nIga ehe on valmistatud k\u00f5rgeimate juveelit\u00f6\u00f6stuse standardite j\u00e4rgi.<\/p>\n<p><span data-sheets-root=\"1\">\u2022 <strong><a href=\"https:\/\/fashiongold.lt\/et\/patarimai-et\/teemantkorvarongad-taiuslikud-proportsioonid-kuidas-valida-ideaalsed\/\" target=\"_blank\" rel=\"noopener\">K\u00f5rvar\u00f5nga krooni l\u00e4bim\u00f5\u00f5t<\/a><\/strong>: umbes 6,5 x 4,5 mm (s\u00f5ltub karaadist)<br \/>\n\u2022 <strong><a href=\"https:\/\/fashiongold.lt\/auskaru-aukso-svoris\/\" target=\"_blank\" rel=\"noopener\">Kulla kogukaal<\/a><\/strong>: umbes 1,20 g (s\u00f5ltub suurusest)<\/span><\/p>\n<p><span data-sheets-root=\"1\">Kas teil on oma kulda v\u00f5i v\u00e4\u00e4riskivi? Sellisel juhul on k\u00f5rvar\u00f5ngaste hind madalam \u2013 maksate vaid ehte valmistamise eest. Kas soovite muuta teemantide omadusi \u2013 v\u00e4rvi, suurust v\u00f5i puhtust? Saame kohandada k\u00f5ike vastavalt teie vajadustele. <strong><a href=\"https:\/\/fashiongold.lt\/et\/kontaktid\/\" target=\"_blank\" rel=\"noopener\">V\u00f5tke meiega \u00fchendust<\/a><\/strong> ja arutame individuaalseid v\u00f5imalusi.<br \/>\nIga\u00fcks leiab oma stiilile vastavaid teemantehteid \u2013 alates omap\u00e4rastest klassikalistest kuni luksuslike aktsentideni. FashionGold kutsub teid ehteid isikup\u00e4rastama ja muutma need osaks just teie loost.<\/span><\/p>\n","protected":false},"excerpt":{"rendered":"<p>Need pisarakujuliste teemantidega k\u00f5rvar\u00f5ngad annavad v\u00f5imaluse luua ehte, mis peegeldab sinu individuaalsust. Vali klassikaline v\u00f5i Halo-disain, kombineeri see oma lemmiku [&hellip;]<\/p>\n","protected":false},"featured_media":33011,"template":"","meta":{"site-sidebar-layout":"default","site-content-layout":"","ast-site-content-layout":"default","site-content-style":"default","site-sidebar-style":"default","ast-global-header-display":"","ast-banner-title-visibility":"","ast-main-header-display":"","ast-hfb-above-header-display":"","ast-hfb-below-header-display":"","ast-hfb-mobile-header-display":"","site-post-title":"","ast-breadcrumbs-content":"","ast-featured-img":"","footer-sml-layout":"","ast-disable-related-posts":"","theme-transparent-header-meta":"default","adv-header-id-meta":"","stick-header-meta":"","header-above-stick-meta":"","header-main-stick-meta":"","header-below-stick-meta":"","astra-migrate-meta-layouts":"default","ast-page-background-enabled":"default","ast-page-background-meta":{"desktop":{"background-color":"var(--ast-global-color-4)","background-image":"","background-repeat":"repeat","background-position":"center center","background-size":"auto","background-attachment":"scroll","background-type":"","background-media":"","overlay-type":"","overlay-color":"","overlay-opacity":"","overlay-gradient":""},"tablet":{"background-color":"","background-image":"","background-repeat":"repeat","background-position":"center center","background-size":"auto","background-attachment":"scroll","background-type":"","background-media":"","overlay-type":"","overlay-color":"","overlay-opacity":"","overlay-gradient":""},"mobile":{"background-color":"","background-image":"","background-repeat":"repeat","background-position":"center center","background-size":"auto","background-attachment":"scroll","background-type":"","background-media":"","overlay-type":"","overlay-color":"","overlay-opacity":"","overlay-gradient":""}},"ast-content-background-meta":{"desktop":{"background-color":"var(--ast-global-color-5)","background-image":"","background-repeat":"repeat","background-position":"center center","background-size":"auto","background-attachment":"scroll","background-type":"","background-media":"","overlay-type":"","overlay-color":"","overlay-opacity":"","overlay-gradient":""},"tablet":{"background-color":"var(--ast-global-color-5)","background-image":"","background-repeat":"repeat","background-position":"center center","background-size":"auto","background-attachment":"scroll","background-type":"","background-media":"","overlay-type":"","overlay-color":"","overlay-opacity":"","overlay-gradient":""},"mobile":{"background-color":"var(--ast-global-color-5)","background-image":"","background-repeat":"repeat","background-position":"center center","background-size":"auto","background-attachment":"scroll","background-type":"","background-media":"","overlay-type":"","overlay-color":"","overlay-opacity":"","overlay-gradient":""}}},"product_brand":[],"product_cat":[4121,4112],"product_tag":[],"class_list":{"0":"post-297568","1":"product","2":"type-product","3":"status-publish","4":"has-post-thumbnail","6":"product_cat-alusta-korvarongaste-disainist","7":"product_cat-loo-oma-ehe-ise","8":"desktop-align-center","9":"tablet-align-left","10":"mobile-align-left","11":"ast-product-gallery-layout-horizontal-slider","12":"ast-product-single-variable","13":"ast-product-tabs-layout-accordion","14":"ast-qv-on-image","16":"first","17":"instock","18":"taxable","19":"shipping-taxable","20":"purchasable","21":"product-type-variable"},"yoast_head":"<!-- This site is optimized with the Yoast SEO plugin v26.6 - https:\/\/yoast.com\/wordpress\/plugins\/seo\/ -->\n<title>Kujunda oma teemantk\u00f5rvar\u00f5ngad - Pear<\/title>\n<meta name=\"description\" content=\"Alusta oma teemantk\u00f5rvar\u00f5ngaste disainimist! Pisarakiujulised teemandid nendes k\u00f5rvar\u00f5ngastes s\u00fcmboliseerivad elegantsust, meelelisust ja peent naiselikkust.\" \/>\n<meta name=\"robots\" content=\"index, follow, max-snippet:-1, max-image-preview:large, max-video-preview:-1\" \/>\n<link rel=\"canonical\" href=\"https:\/\/fashiongold.lt\/et\/papuosalas\/kujunda-endale-teemandiga-korvarongad-pear\/\" \/>\n<meta property=\"og:locale\" content=\"et_EE\" \/>\n<meta property=\"og:type\" content=\"article\" \/>\n<meta property=\"og:title\" content=\"Kujunda oma teemantk\u00f5rvar\u00f5ngad - Pear\" \/>\n<meta property=\"og:description\" content=\"Alusta oma teemantk\u00f5rvar\u00f5ngaste disainimist! Pisarakiujulised teemandid nendes k\u00f5rvar\u00f5ngastes s\u00fcmboliseerivad elegantsust, meelelisust ja peent naiselikkust.\" \/>\n<meta property=\"og:url\" content=\"https:\/\/fashiongold.lt\/et\/papuosalas\/kujunda-endale-teemandiga-korvarongad-pear\/\" \/>\n<meta property=\"og:site_name\" content=\"FashionGold.lt\" \/>\n<meta property=\"og:image\" content=\"https:\/\/fashiongold.lt\/wp-content\/uploads\/2025\/07\/Klasikiniai-auskarai-su-laso-formos-deimantu-is-balto-aukso.webp\" \/>\n\t<meta property=\"og:image:width\" content=\"800\" \/>\n\t<meta property=\"og:image:height\" content=\"800\" \/>\n\t<meta property=\"og:image:type\" content=\"image\/png\" \/>\n<meta name=\"twitter:card\" content=\"summary_large_image\" \/>\n<meta name=\"twitter:label1\" content=\"Est. reading time\" \/>\n\t<meta name=\"twitter:data1\" content=\"1 minut\" \/>\n<script type=\"application\/ld+json\" class=\"yoast-schema-graph\">{\"@context\":\"https:\/\/schema.org\",\"@graph\":[{\"@type\":\"WebPage\",\"@id\":\"https:\/\/fashiongold.lt\/et\/papuosalas\/kujunda-endale-teemandiga-korvarongad-pear\/\",\"url\":\"https:\/\/fashiongold.lt\/et\/papuosalas\/kujunda-endale-teemandiga-korvarongad-pear\/\",\"name\":\"Kujunda oma teemantk\u00f5rvar\u00f5ngad - Pear\",\"isPartOf\":{\"@id\":\"https:\/\/fashiongold.lt\/et\/#website\"},\"primaryImageOfPage\":{\"@id\":\"https:\/\/fashiongold.lt\/et\/papuosalas\/kujunda-endale-teemandiga-korvarongad-pear\/#primaryimage\"},\"image\":{\"@id\":\"https:\/\/fashiongold.lt\/et\/papuosalas\/kujunda-endale-teemandiga-korvarongad-pear\/#primaryimage\"},\"thumbnailUrl\":\"https:\/\/fashiongold.lt\/wp-content\/uploads\/2025\/07\/Klasikiniai-auskarai-su-laso-formos-deimantu-is-balto-aukso.png\",\"datePublished\":\"2025-06-15T16:32:26+00:00\",\"description\":\"Alusta oma teemantk\u00f5rvar\u00f5ngaste disainimist! Pisarakiujulised teemandid nendes k\u00f5rvar\u00f5ngastes s\u00fcmboliseerivad elegantsust, meelelisust ja peent naiselikkust.\",\"breadcrumb\":{\"@id\":\"https:\/\/fashiongold.lt\/et\/papuosalas\/kujunda-endale-teemandiga-korvarongad-pear\/#breadcrumb\"},\"inLanguage\":\"et\",\"potentialAction\":[{\"@type\":\"ReadAction\",\"target\":[\"https:\/\/fashiongold.lt\/et\/papuosalas\/kujunda-endale-teemandiga-korvarongad-pear\/\"]}]},{\"@type\":\"ImageObject\",\"inLanguage\":\"et\",\"@id\":\"https:\/\/fashiongold.lt\/et\/papuosalas\/kujunda-endale-teemandiga-korvarongad-pear\/#primaryimage\",\"url\":\"https:\/\/fashiongold.lt\/wp-content\/uploads\/2025\/07\/Klasikiniai-auskarai-su-laso-formos-deimantu-is-balto-aukso.png\",\"contentUrl\":\"https:\/\/fashiongold.lt\/wp-content\/uploads\/2025\/07\/Klasikiniai-auskarai-su-laso-formos-deimantu-is-balto-aukso.png\",\"width\":800,\"height\":800,\"caption\":\"Klasikiniai auskarai su la\u0161o formos deimantais i\u0161 balto aukso arba platinos\"},{\"@type\":\"BreadcrumbList\",\"@id\":\"https:\/\/fashiongold.lt\/et\/papuosalas\/kujunda-endale-teemandiga-korvarongad-pear\/#breadcrumb\",\"itemListElement\":[{\"@type\":\"ListItem\",\"position\":1,\"name\":\"Home\",\"item\":\"https:\/\/fashiongold.lt\/et\/\"},{\"@type\":\"ListItem\",\"position\":2,\"name\":\"Teemantide pood Fashiongold.lt\",\"item\":\"https:\/\/fashiongold.lt\/shop-2\/\"},{\"@type\":\"ListItem\",\"position\":3,\"name\":\"Kujunda endale teemandiga k\u00f5rvar\u00f5ngad &#8211; Pear\"}]},{\"@type\":\"WebSite\",\"@id\":\"https:\/\/fashiongold.lt\/et\/#website\",\"url\":\"https:\/\/fashiongold.lt\/et\/\",\"name\":\"Fashion Gold\",\"description\":\"Juvelyrikos namai\",\"publisher\":{\"@id\":\"https:\/\/fashiongold.lt\/et\/#organization\"},\"potentialAction\":[{\"@type\":\"SearchAction\",\"target\":{\"@type\":\"EntryPoint\",\"urlTemplate\":\"https:\/\/fashiongold.lt\/et\/?s={search_term_string}\"},\"query-input\":{\"@type\":\"PropertyValueSpecification\",\"valueRequired\":true,\"valueName\":\"search_term_string\"}}],\"inLanguage\":\"et\"},{\"@type\":\"Organization\",\"@id\":\"https:\/\/fashiongold.lt\/et\/#organization\",\"name\":\"Topdiamonds Online\",\"url\":\"https:\/\/fashiongold.lt\/et\/\",\"logo\":{\"@type\":\"ImageObject\",\"inLanguage\":\"et\",\"@id\":\"https:\/\/fashiongold.lt\/et\/#\/schema\/logo\/image\/\",\"url\":\"https:\/\/fashiongold.lt\/wp-content\/uploads\/2025\/04\/cropped-fashion_gold_logotipas2-scaled-1.png\",\"contentUrl\":\"https:\/\/fashiongold.lt\/wp-content\/uploads\/2025\/04\/cropped-fashion_gold_logotipas2-scaled-1.png\",\"width\":2559,\"height\":421,\"caption\":\"Topdiamonds Online\"},\"image\":{\"@id\":\"https:\/\/fashiongold.lt\/et\/#\/schema\/logo\/image\/\"}}]}<\/script>\n<!-- \/ Yoast SEO plugin. -->","yoast_head_json":{"title":"Kujunda oma teemantk\u00f5rvar\u00f5ngad - Pear","description":"Alusta oma teemantk\u00f5rvar\u00f5ngaste disainimist! Pisarakiujulised teemandid nendes k\u00f5rvar\u00f5ngastes s\u00fcmboliseerivad elegantsust, meelelisust ja peent naiselikkust.","robots":{"index":"index","follow":"follow","max-snippet":"max-snippet:-1","max-image-preview":"max-image-preview:large","max-video-preview":"max-video-preview:-1"},"canonical":"https:\/\/fashiongold.lt\/et\/papuosalas\/kujunda-endale-teemandiga-korvarongad-pear\/","og_locale":"et_EE","og_type":"article","og_title":"Kujunda oma teemantk\u00f5rvar\u00f5ngad - Pear","og_description":"Alusta oma teemantk\u00f5rvar\u00f5ngaste disainimist! Pisarakiujulised teemandid nendes k\u00f5rvar\u00f5ngastes s\u00fcmboliseerivad elegantsust, meelelisust ja peent naiselikkust.","og_url":"https:\/\/fashiongold.lt\/et\/papuosalas\/kujunda-endale-teemandiga-korvarongad-pear\/","og_site_name":"FashionGold.lt","og_image":[{"width":800,"height":800,"url":"https:\/\/fashiongold.lt\/wp-content\/uploads\/2025\/07\/Klasikiniai-auskarai-su-laso-formos-deimantu-is-balto-aukso.webp","type":"image\/png"}],"twitter_card":"summary_large_image","twitter_misc":{"Est. reading time":"1 minut"},"schema":{"@context":"https:\/\/schema.org","@graph":[{"@type":"WebPage","@id":"https:\/\/fashiongold.lt\/et\/papuosalas\/kujunda-endale-teemandiga-korvarongad-pear\/","url":"https:\/\/fashiongold.lt\/et\/papuosalas\/kujunda-endale-teemandiga-korvarongad-pear\/","name":"Kujunda oma teemantk\u00f5rvar\u00f5ngad - Pear","isPartOf":{"@id":"https:\/\/fashiongold.lt\/et\/#website"},"primaryImageOfPage":{"@id":"https:\/\/fashiongold.lt\/et\/papuosalas\/kujunda-endale-teemandiga-korvarongad-pear\/#primaryimage"},"image":{"@id":"https:\/\/fashiongold.lt\/et\/papuosalas\/kujunda-endale-teemandiga-korvarongad-pear\/#primaryimage"},"thumbnailUrl":"https:\/\/fashiongold.lt\/wp-content\/uploads\/2025\/07\/Klasikiniai-auskarai-su-laso-formos-deimantu-is-balto-aukso.png","datePublished":"2025-06-15T16:32:26+00:00","description":"Alusta oma teemantk\u00f5rvar\u00f5ngaste disainimist! Pisarakiujulised teemandid nendes k\u00f5rvar\u00f5ngastes s\u00fcmboliseerivad elegantsust, meelelisust ja peent naiselikkust.","breadcrumb":{"@id":"https:\/\/fashiongold.lt\/et\/papuosalas\/kujunda-endale-teemandiga-korvarongad-pear\/#breadcrumb"},"inLanguage":"et","potentialAction":[{"@type":"ReadAction","target":["https:\/\/fashiongold.lt\/et\/papuosalas\/kujunda-endale-teemandiga-korvarongad-pear\/"]}]},{"@type":"ImageObject","inLanguage":"et","@id":"https:\/\/fashiongold.lt\/et\/papuosalas\/kujunda-endale-teemandiga-korvarongad-pear\/#primaryimage","url":"https:\/\/fashiongold.lt\/wp-content\/uploads\/2025\/07\/Klasikiniai-auskarai-su-laso-formos-deimantu-is-balto-aukso.png","contentUrl":"https:\/\/fashiongold.lt\/wp-content\/uploads\/2025\/07\/Klasikiniai-auskarai-su-laso-formos-deimantu-is-balto-aukso.png","width":800,"height":800,"caption":"Klasikiniai auskarai su la\u0161o formos deimantais i\u0161 balto aukso arba platinos"},{"@type":"BreadcrumbList","@id":"https:\/\/fashiongold.lt\/et\/papuosalas\/kujunda-endale-teemandiga-korvarongad-pear\/#breadcrumb","itemListElement":[{"@type":"ListItem","position":1,"name":"Home","item":"https:\/\/fashiongold.lt\/et\/"},{"@type":"ListItem","position":2,"name":"Teemantide pood Fashiongold.lt","item":"https:\/\/fashiongold.lt\/shop-2\/"},{"@type":"ListItem","position":3,"name":"Kujunda endale teemandiga k\u00f5rvar\u00f5ngad &#8211; Pear"}]},{"@type":"WebSite","@id":"https:\/\/fashiongold.lt\/et\/#website","url":"https:\/\/fashiongold.lt\/et\/","name":"Fashion Gold","description":"Juvelyrikos namai","publisher":{"@id":"https:\/\/fashiongold.lt\/et\/#organization"},"potentialAction":[{"@type":"SearchAction","target":{"@type":"EntryPoint","urlTemplate":"https:\/\/fashiongold.lt\/et\/?s={search_term_string}"},"query-input":{"@type":"PropertyValueSpecification","valueRequired":true,"valueName":"search_term_string"}}],"inLanguage":"et"},{"@type":"Organization","@id":"https:\/\/fashiongold.lt\/et\/#organization","name":"Topdiamonds Online","url":"https:\/\/fashiongold.lt\/et\/","logo":{"@type":"ImageObject","inLanguage":"et","@id":"https:\/\/fashiongold.lt\/et\/#\/schema\/logo\/image\/","url":"https:\/\/fashiongold.lt\/wp-content\/uploads\/2025\/04\/cropped-fashion_gold_logotipas2-scaled-1.png","contentUrl":"https:\/\/fashiongold.lt\/wp-content\/uploads\/2025\/04\/cropped-fashion_gold_logotipas2-scaled-1.png","width":2559,"height":421,"caption":"Topdiamonds Online"},"image":{"@id":"https:\/\/fashiongold.lt\/et\/#\/schema\/logo\/image\/"}}]}},"_links":{"self":[{"href":"https:\/\/fashiongold.lt\/et\/wp-json\/wp\/v2\/product\/297568","targetHints":{"allow":["GET"]}}],"collection":[{"href":"https:\/\/fashiongold.lt\/et\/wp-json\/wp\/v2\/product"}],"about":[{"href":"https:\/\/fashiongold.lt\/et\/wp-json\/wp\/v2\/types\/product"}],"version-history":[{"count":0,"href":"https:\/\/fashiongold.lt\/et\/wp-json\/wp\/v2\/product\/297568\/revisions"}],"wp:featuredmedia":[{"embeddable":true,"href":"https:\/\/fashiongold.lt\/et\/wp-json\/wp\/v2\/media\/33011"}],"wp:attachment":[{"href":"https:\/\/fashiongold.lt\/et\/wp-json\/wp\/v2\/media?parent=297568"}],"wp:term":[{"taxonomy":"product_brand","embeddable":true,"href":"https:\/\/fashiongold.lt\/et\/wp-json\/wp\/v2\/product_brand?post=297568"},{"taxonomy":"product_cat","embeddable":true,"href":"https:\/\/fashiongold.lt\/et\/wp-json\/wp\/v2\/product_cat?post=297568"},{"taxonomy":"product_tag","embeddable":true,"href":"https:\/\/fashiongold.lt\/et\/wp-json\/wp\/v2\/product_tag?post=297568"}],"curies":[{"name":"wp","href":"https:\/\/api.w.org\/{rel}","templated":true}]}}