{"id":298178,"date":"2025-10-09T16:25:09","date_gmt":"2025-10-09T16:25:09","guid":{"rendered":"https:\/\/fashiongold.lt\/papuosalas\/teemantsormus-radiant-teemant\/"},"modified":"2025-10-09T16:25:09","modified_gmt":"2025-10-09T16:25:09","slug":"teemantsormus-radiant-teemant","status":"publish","type":"product","link":"https:\/\/fashiongold.lt\/et\/papuosalas\/teemantsormus-radiant-teemant\/","title":{"rendered":"Teemants\u00f5rmus \u2013 RADIANT-teemant"},"content":{"rendered":"<p><span data-sheets-root=\"1\">Lisa oma klassikalisele teemants\u00f5rmusele isikup\u00e4ra. See disain on loodud nii, et saaksid seda oma maitse j\u00e4rgi kujundada \u2013 alustades metalli t\u00fc\u00fcbist (kollane, punane, valge kuld v\u00f5i plaatina), j\u00e4tkates s\u00f5rmuse suurusega ning l\u00f5petades <em>Radiant<\/em>-lihviga teemandiga, mis kroonib kogu teost. Selle s\u00f5rmuse diskreetselt madal kroon ja puhas sirge v\u00f5ru suunavad kogu t\u00e4helepanu s\u00fcdamele \u2013 ristk\u00fclikukujulisele<i>\u00a0<\/i>teemandile, seega saad reguleerida selle iga omadust: karaati, puhtust, v\u00e4rvi, lihvi. See on enam kui s\u00f5rmus \u2013 see on sinu otsuste ja esteetika tulemus.<\/span><\/p>\n<p><span data-sheets-root=\"1\">\u2022 <a href=\"https:\/\/fashiongold.lt\/et\/patarimai-et\/teemantsormused-sormuse-kulla-kaal-ja-teemantide-kaal-karaatides-kuidas-valida-sobivat-soovitused-kuidas-moista-ja-hinnata\/\" target=\"_blank\" rel=\"noopener\"><strong>S\u00f5rmuse kaal<\/strong><\/a>: (s\u00f5ltub suurusest): umbes 2.00 &#8211; 3.00 g<br \/>\n\u2022 <a href=\"https:\/\/fashiongold.lt\/et\/patarimai-et\/sormuse-mugavustsoon-voi-sormuse-mugavus\/\" target=\"_blank\" rel=\"noopener\"><strong>S\u00f5rmuse mugavustsoon<\/strong><\/a>: olemas<br \/>\n\u2022 <a href=\"https:\/\/fashiongold.lt\/et\/patarimai-et\/kihlasormused-kas-sormust-saab-graveerida-detailid-mis-annavad-teie-kihlasormusele-individuaalsust\/\" target=\"_blank\" rel=\"noopener\"><strong>Graveerimine<\/strong><\/a> on tasuta<br \/>\n\u2022 \u00dchekordne tasuta <a href=\"https:\/\/fashiongold.lt\/et\/patarimai-et\/kihlasormused-tasuta-suuruse-muutmine-et-sormus-sobiks-ideaalselt\/\" target=\"_blank\" rel=\"noopener\"><strong>s\u00f5rmuse suuruse muutmise garantii<\/strong><\/a><\/span><\/p>\n<p><span data-sheets-root=\"1\">Kas teil on oma v\u00e4\u00e4riskivi v\u00f5i kuld? <a href=\"https:\/\/fashiongold.lt\/et\/kontaktid\/\" target=\"_blank\" rel=\"noopener\"><strong>V\u00f5tke meiega \u00fchendust<\/strong><\/a> \u2013 arvutame hinna \u00fcmber ja tasute vaid valmistamise eest.<br \/>\nAvastage lai valik teemantjuveele, mis vastavad erinevatele maitsetele ja eelarvetele. Loo ja personaliseeri oma ehe koos <a href=\"https:\/\/fashiongold.lt\/et\/\" target=\"_blank\" rel=\"noopener\">FashionGold.lt<\/a>-ga.<\/span><\/p>\n","protected":false},"excerpt":{"rendered":"<p>Lisa oma klassikalisele teemants\u00f5rmusele isikup\u00e4ra. See disain on loodud nii, et saaksid seda oma maitse j\u00e4rgi kujundada \u2013 alustades metalli [&hellip;]<\/p>\n","protected":false},"featured_media":0,"template":"","meta":{"site-sidebar-layout":"default","site-content-layout":"","ast-site-content-layout":"default","site-content-style":"default","site-sidebar-style":"default","ast-global-header-display":"","ast-banner-title-visibility":"","ast-main-header-display":"","ast-hfb-above-header-display":"","ast-hfb-below-header-display":"","ast-hfb-mobile-header-display":"","site-post-title":"","ast-breadcrumbs-content":"","ast-featured-img":"","footer-sml-layout":"","ast-disable-related-posts":"","theme-transparent-header-meta":"default","adv-header-id-meta":"","stick-header-meta":"","header-above-stick-meta":"","header-main-stick-meta":"","header-below-stick-meta":"","astra-migrate-meta-layouts":"default","ast-page-background-enabled":"default","ast-page-background-meta":{"desktop":{"background-color":"var(--ast-global-color-4)","background-image":"","background-repeat":"repeat","background-position":"center center","background-size":"auto","background-attachment":"scroll","background-type":"","background-media":"","overlay-type":"","overlay-color":"","overlay-opacity":"","overlay-gradient":""},"tablet":{"background-color":"","background-image":"","background-repeat":"repeat","background-position":"center center","background-size":"auto","background-attachment":"scroll","background-type":"","background-media":"","overlay-type":"","overlay-color":"","overlay-opacity":"","overlay-gradient":""},"mobile":{"background-color":"","background-image":"","background-repeat":"repeat","background-position":"center center","background-size":"auto","background-attachment":"scroll","background-type":"","background-media":"","overlay-type":"","overlay-color":"","overlay-opacity":"","overlay-gradient":""}},"ast-content-background-meta":{"desktop":{"background-color":"var(--ast-global-color-5)","background-image":"","background-repeat":"repeat","background-position":"center center","background-size":"auto","background-attachment":"scroll","background-type":"","background-media":"","overlay-type":"","overlay-color":"","overlay-opacity":"","overlay-gradient":""},"tablet":{"background-color":"var(--ast-global-color-5)","background-image":"","background-repeat":"repeat","background-position":"center center","background-size":"auto","background-attachment":"scroll","background-type":"","background-media":"","overlay-type":"","overlay-color":"","overlay-opacity":"","overlay-gradient":""},"mobile":{"background-color":"var(--ast-global-color-5)","background-image":"","background-repeat":"repeat","background-position":"center center","background-size":"auto","background-attachment":"scroll","background-type":"","background-media":"","overlay-type":"","overlay-color":"","overlay-opacity":"","overlay-gradient":""}}},"product_brand":[],"product_cat":[],"product_tag":[],"class_list":{"0":"post-298178","1":"product","2":"type-product","3":"status-publish","5":"desktop-align-center","6":"tablet-align-left","7":"mobile-align-left","8":"ast-product-gallery-layout-horizontal-slider","9":"ast-product-gallery-with-no-image","10":"ast-product-single-variable","11":"ast-product-tabs-layout-accordion","12":"ast-qv-on-image","14":"first","15":"instock","16":"taxable","17":"shipping-taxable","18":"purchasable","19":"product-type-variable"},"yoast_head":"<!-- This site is optimized with the Yoast SEO plugin v26.6 - https:\/\/yoast.com\/wordpress\/plugins\/seo\/ -->\n<title>S\u00f5rmus teemandiga - RADIANT teemant<\/title>\n<meta name=\"description\" content=\"Lisa klassikalisele teemants\u00f5rmusele isikup\u00e4ra. Kohanda RADIANT teemandi omadusi vastavalt oma soovile, sest see on enam kui lihtsalt s\u00f5rmus. See on sinu esteetika tulemus.\" \/>\n<meta name=\"robots\" content=\"index, follow, max-snippet:-1, max-image-preview:large, max-video-preview:-1\" \/>\n<link rel=\"canonical\" href=\"https:\/\/fashiongold.lt\/et\/papuosalas\/teemantsormus-radiant-teemant\/\" \/>\n<meta property=\"og:locale\" content=\"et_EE\" \/>\n<meta property=\"og:type\" content=\"article\" \/>\n<meta property=\"og:title\" content=\"S\u00f5rmus teemandiga - RADIANT teemant\" \/>\n<meta property=\"og:description\" content=\"Lisa klassikalisele teemants\u00f5rmusele isikup\u00e4ra. Kohanda RADIANT teemandi omadusi vastavalt oma soovile, sest see on enam kui lihtsalt s\u00f5rmus. See on sinu esteetika tulemus.\" \/>\n<meta property=\"og:url\" content=\"https:\/\/fashiongold.lt\/et\/papuosalas\/teemantsormus-radiant-teemant\/\" \/>\n<meta property=\"og:site_name\" content=\"FashionGold.lt\" \/>\n<meta name=\"twitter:card\" content=\"summary_large_image\" \/>\n<meta name=\"twitter:label1\" content=\"Est. reading time\" \/>\n\t<meta name=\"twitter:data1\" content=\"1 minut\" \/>\n<script type=\"application\/ld+json\" class=\"yoast-schema-graph\">{\"@context\":\"https:\/\/schema.org\",\"@graph\":[{\"@type\":\"WebPage\",\"@id\":\"https:\/\/fashiongold.lt\/et\/papuosalas\/teemantsormus-radiant-teemant\/\",\"url\":\"https:\/\/fashiongold.lt\/et\/papuosalas\/teemantsormus-radiant-teemant\/\",\"name\":\"S\u00f5rmus teemandiga - RADIANT teemant\",\"isPartOf\":{\"@id\":\"https:\/\/fashiongold.lt\/et\/#website\"},\"datePublished\":\"2025-10-09T16:25:09+00:00\",\"description\":\"Lisa klassikalisele teemants\u00f5rmusele isikup\u00e4ra. Kohanda RADIANT teemandi omadusi vastavalt oma soovile, sest see on enam kui lihtsalt s\u00f5rmus. See on sinu esteetika tulemus.\",\"breadcrumb\":{\"@id\":\"https:\/\/fashiongold.lt\/et\/papuosalas\/teemantsormus-radiant-teemant\/#breadcrumb\"},\"inLanguage\":\"et\",\"potentialAction\":[{\"@type\":\"ReadAction\",\"target\":[\"https:\/\/fashiongold.lt\/et\/papuosalas\/teemantsormus-radiant-teemant\/\"]}]},{\"@type\":\"BreadcrumbList\",\"@id\":\"https:\/\/fashiongold.lt\/et\/papuosalas\/teemantsormus-radiant-teemant\/#breadcrumb\",\"itemListElement\":[{\"@type\":\"ListItem\",\"position\":1,\"name\":\"Home\",\"item\":\"https:\/\/fashiongold.lt\/et\/\"},{\"@type\":\"ListItem\",\"position\":2,\"name\":\"Teemantide pood Fashiongold.lt\",\"item\":\"https:\/\/fashiongold.lt\/shop-2\/\"},{\"@type\":\"ListItem\",\"position\":3,\"name\":\"Teemants\u00f5rmus \u2013 RADIANT-teemant\"}]},{\"@type\":\"WebSite\",\"@id\":\"https:\/\/fashiongold.lt\/et\/#website\",\"url\":\"https:\/\/fashiongold.lt\/et\/\",\"name\":\"Fashion Gold\",\"description\":\"Juvelyrikos namai\",\"publisher\":{\"@id\":\"https:\/\/fashiongold.lt\/et\/#organization\"},\"potentialAction\":[{\"@type\":\"SearchAction\",\"target\":{\"@type\":\"EntryPoint\",\"urlTemplate\":\"https:\/\/fashiongold.lt\/et\/?s={search_term_string}\"},\"query-input\":{\"@type\":\"PropertyValueSpecification\",\"valueRequired\":true,\"valueName\":\"search_term_string\"}}],\"inLanguage\":\"et\"},{\"@type\":\"Organization\",\"@id\":\"https:\/\/fashiongold.lt\/et\/#organization\",\"name\":\"Topdiamonds Online\",\"url\":\"https:\/\/fashiongold.lt\/et\/\",\"logo\":{\"@type\":\"ImageObject\",\"inLanguage\":\"et\",\"@id\":\"https:\/\/fashiongold.lt\/et\/#\/schema\/logo\/image\/\",\"url\":\"https:\/\/fashiongold.lt\/wp-content\/uploads\/2025\/04\/cropped-fashion_gold_logotipas2-scaled-1.png\",\"contentUrl\":\"https:\/\/fashiongold.lt\/wp-content\/uploads\/2025\/04\/cropped-fashion_gold_logotipas2-scaled-1.png\",\"width\":2559,\"height\":421,\"caption\":\"Topdiamonds Online\"},\"image\":{\"@id\":\"https:\/\/fashiongold.lt\/et\/#\/schema\/logo\/image\/\"}}]}<\/script>\n<!-- \/ Yoast SEO plugin. -->","yoast_head_json":{"title":"S\u00f5rmus teemandiga - RADIANT teemant","description":"Lisa klassikalisele teemants\u00f5rmusele isikup\u00e4ra. Kohanda RADIANT teemandi omadusi vastavalt oma soovile, sest see on enam kui lihtsalt s\u00f5rmus. See on sinu esteetika tulemus.","robots":{"index":"index","follow":"follow","max-snippet":"max-snippet:-1","max-image-preview":"max-image-preview:large","max-video-preview":"max-video-preview:-1"},"canonical":"https:\/\/fashiongold.lt\/et\/papuosalas\/teemantsormus-radiant-teemant\/","og_locale":"et_EE","og_type":"article","og_title":"S\u00f5rmus teemandiga - RADIANT teemant","og_description":"Lisa klassikalisele teemants\u00f5rmusele isikup\u00e4ra. Kohanda RADIANT teemandi omadusi vastavalt oma soovile, sest see on enam kui lihtsalt s\u00f5rmus. See on sinu esteetika tulemus.","og_url":"https:\/\/fashiongold.lt\/et\/papuosalas\/teemantsormus-radiant-teemant\/","og_site_name":"FashionGold.lt","twitter_card":"summary_large_image","twitter_misc":{"Est. reading time":"1 minut"},"schema":{"@context":"https:\/\/schema.org","@graph":[{"@type":"WebPage","@id":"https:\/\/fashiongold.lt\/et\/papuosalas\/teemantsormus-radiant-teemant\/","url":"https:\/\/fashiongold.lt\/et\/papuosalas\/teemantsormus-radiant-teemant\/","name":"S\u00f5rmus teemandiga - RADIANT teemant","isPartOf":{"@id":"https:\/\/fashiongold.lt\/et\/#website"},"datePublished":"2025-10-09T16:25:09+00:00","description":"Lisa klassikalisele teemants\u00f5rmusele isikup\u00e4ra. Kohanda RADIANT teemandi omadusi vastavalt oma soovile, sest see on enam kui lihtsalt s\u00f5rmus. See on sinu esteetika tulemus.","breadcrumb":{"@id":"https:\/\/fashiongold.lt\/et\/papuosalas\/teemantsormus-radiant-teemant\/#breadcrumb"},"inLanguage":"et","potentialAction":[{"@type":"ReadAction","target":["https:\/\/fashiongold.lt\/et\/papuosalas\/teemantsormus-radiant-teemant\/"]}]},{"@type":"BreadcrumbList","@id":"https:\/\/fashiongold.lt\/et\/papuosalas\/teemantsormus-radiant-teemant\/#breadcrumb","itemListElement":[{"@type":"ListItem","position":1,"name":"Home","item":"https:\/\/fashiongold.lt\/et\/"},{"@type":"ListItem","position":2,"name":"Teemantide pood Fashiongold.lt","item":"https:\/\/fashiongold.lt\/shop-2\/"},{"@type":"ListItem","position":3,"name":"Teemants\u00f5rmus \u2013 RADIANT-teemant"}]},{"@type":"WebSite","@id":"https:\/\/fashiongold.lt\/et\/#website","url":"https:\/\/fashiongold.lt\/et\/","name":"Fashion Gold","description":"Juvelyrikos namai","publisher":{"@id":"https:\/\/fashiongold.lt\/et\/#organization"},"potentialAction":[{"@type":"SearchAction","target":{"@type":"EntryPoint","urlTemplate":"https:\/\/fashiongold.lt\/et\/?s={search_term_string}"},"query-input":{"@type":"PropertyValueSpecification","valueRequired":true,"valueName":"search_term_string"}}],"inLanguage":"et"},{"@type":"Organization","@id":"https:\/\/fashiongold.lt\/et\/#organization","name":"Topdiamonds Online","url":"https:\/\/fashiongold.lt\/et\/","logo":{"@type":"ImageObject","inLanguage":"et","@id":"https:\/\/fashiongold.lt\/et\/#\/schema\/logo\/image\/","url":"https:\/\/fashiongold.lt\/wp-content\/uploads\/2025\/04\/cropped-fashion_gold_logotipas2-scaled-1.png","contentUrl":"https:\/\/fashiongold.lt\/wp-content\/uploads\/2025\/04\/cropped-fashion_gold_logotipas2-scaled-1.png","width":2559,"height":421,"caption":"Topdiamonds Online"},"image":{"@id":"https:\/\/fashiongold.lt\/et\/#\/schema\/logo\/image\/"}}]}},"_links":{"self":[{"href":"https:\/\/fashiongold.lt\/et\/wp-json\/wp\/v2\/product\/298178","targetHints":{"allow":["GET"]}}],"collection":[{"href":"https:\/\/fashiongold.lt\/et\/wp-json\/wp\/v2\/product"}],"about":[{"href":"https:\/\/fashiongold.lt\/et\/wp-json\/wp\/v2\/types\/product"}],"version-history":[{"count":0,"href":"https:\/\/fashiongold.lt\/et\/wp-json\/wp\/v2\/product\/298178\/revisions"}],"wp:attachment":[{"href":"https:\/\/fashiongold.lt\/et\/wp-json\/wp\/v2\/media?parent=298178"}],"wp:term":[{"taxonomy":"product_brand","embeddable":true,"href":"https:\/\/fashiongold.lt\/et\/wp-json\/wp\/v2\/product_brand?post=298178"},{"taxonomy":"product_cat","embeddable":true,"href":"https:\/\/fashiongold.lt\/et\/wp-json\/wp\/v2\/product_cat?post=298178"},{"taxonomy":"product_tag","embeddable":true,"href":"https:\/\/fashiongold.lt\/et\/wp-json\/wp\/v2\/product_tag?post=298178"}],"curies":[{"name":"wp","href":"https:\/\/api.w.org\/{rel}","templated":true}]}}