{"id":298183,"date":"2025-10-09T16:24:51","date_gmt":"2025-10-09T16:24:51","guid":{"rendered":"https:\/\/fashiongold.lt\/papuosalas\/sormus-teemandiga-round-teemant\/"},"modified":"2025-10-09T16:24:51","modified_gmt":"2025-10-09T16:24:51","slug":"sormus-teemandiga-round-teemant","status":"publish","type":"product","link":"https:\/\/fashiongold.lt\/et\/papuosalas\/sormus-teemandiga-round-teemant\/","title":{"rendered":"S\u00f5rmus teemandiga &#8211; ROUND teemant"},"content":{"rendered":"<p><span data-sheets-root=\"1\">See<\/span> klassikaline teemants\u00f5rmus on loodud neile, kes hindavad puhast ilu ja ilmekat lihtsust. Selle elegantne madal kroon on kui s\u00fcmboolne alus, mis laseb teemandil kogu oma j\u00f5uga s\u00e4rada. Kullast v\u00f5ru jooned on siledad ja minimalistlikud, et miski ei h\u00e4iriks t\u00e4helepanu <span data-sheets-root=\"1\">v<\/span>\u00e4\u00e4riskivilt. Vali metall \u2013 kollane, punane, valge kuld v\u00f5i plaatina. <span data-sheets-root=\"1\">Edasi \u2013 t\u00e4pne suurus, mis sobib ideaalselt s\u00f5rme \u00fcmber. Peamine aktsent on teemant: vali <em>round<\/em> teemant, samuti selle t\u00fc\u00fcp, puhtus, v\u00e4rv ja muud omadused.<\/span> Lase igal detailil vastavalt oma esteetilisele visioonile esile tulla.<\/p>\n<p><span data-sheets-root=\"1\">\u2022 <a href=\"https:\/\/fashiongold.lt\/et\/patarimai-et\/teemantsormused-sormuse-kulla-kaal-ja-teemantide-kaal-karaatides-kuidas-valida-sobivat-soovitused-kuidas-moista-ja-hinnata\/\" target=\"_blank\" rel=\"noopener\"><strong>S\u00f5rmuse kaal<\/strong>:<\/a> (s\u00f5ltub suurusest): umbes 2,00 &#8211; 3,00 g<br \/>\n\u2022 <a href=\"https:\/\/fashiongold.lt\/et\/patarimai-et\/sormuse-mugavustsoon-voi-sormuse-mugavus\/\" target=\"_blank\" rel=\"noopener\"><strong>S\u00f5rmuse mugavustsoon<\/strong><\/a>: olemas<br \/>\n\u2022 <a href=\"https:\/\/fashiongold.lt\/et\/patarimai-et\/kihlasormused-kas-sormust-saab-graveerida-detailid-mis-annavad-teie-kihlasormusele-individuaalsust\/\" target=\"_blank\" rel=\"noopener\"><strong>Graveerimine<\/strong><\/a> on tasuta<br \/>\n\u2022 \u00dchekordne tasuta <a href=\"https:\/\/fashiongold.lt\/et\/patarimai-et\/kihlasormused-tasuta-suuruse-muutmine-et-sormus-sobiks-ideaalselt\/\" target=\"_blank\" rel=\"noopener\"><strong>s\u00f5rmuse suuruse muutmise garantii<\/strong><\/a><\/span><\/p>\n<p><span data-sheets-root=\"1\">Kas teil on oma v\u00e4\u00e4riskivi v\u00f5i kuld? <a href=\"https:\/\/fashiongold.lt\/et\/kontaktid\/\" target=\"_blank\" rel=\"noopener\"><strong>V\u00f5tke meiega \u00fchendust<\/strong><\/a> \u2013 arvutame hinna \u00fcmber ja maksate ainult s\u00f5rmuste valmistamise eest.<br \/>\nAvastage lai kihlas\u00f5rmuste valik, mis vastab erinevatele maitsetele, eelarvetele ja personaliseerimissoovidele koos <a href=\"https:\/\/fashiongold.lt\/et\/\" target=\"_blank\" rel=\"noopener\">FashionGold.lt<\/a>-ga.<\/span><\/p>\n","protected":false},"excerpt":{"rendered":"<p>See klassikaline teemants\u00f5rmus on loodud neile, kes hindavad puhast ilu ja ilmekat lihtsust. Selle elegantne madal kroon on kui s\u00fcmboolne [&hellip;]<\/p>\n","protected":false},"featured_media":260514,"template":"","meta":{"site-sidebar-layout":"default","site-content-layout":"","ast-site-content-layout":"default","site-content-style":"default","site-sidebar-style":"default","ast-global-header-display":"","ast-banner-title-visibility":"","ast-main-header-display":"","ast-hfb-above-header-display":"","ast-hfb-below-header-display":"","ast-hfb-mobile-header-display":"","site-post-title":"","ast-breadcrumbs-content":"","ast-featured-img":"","footer-sml-layout":"","ast-disable-related-posts":"","theme-transparent-header-meta":"default","adv-header-id-meta":"","stick-header-meta":"","header-above-stick-meta":"","header-main-stick-meta":"","header-below-stick-meta":"","astra-migrate-meta-layouts":"default","ast-page-background-enabled":"default","ast-page-background-meta":{"desktop":{"background-color":"var(--ast-global-color-4)","background-image":"","background-repeat":"repeat","background-position":"center center","background-size":"auto","background-attachment":"scroll","background-type":"","background-media":"","overlay-type":"","overlay-color":"","overlay-opacity":"","overlay-gradient":""},"tablet":{"background-color":"","background-image":"","background-repeat":"repeat","background-position":"center center","background-size":"auto","background-attachment":"scroll","background-type":"","background-media":"","overlay-type":"","overlay-color":"","overlay-opacity":"","overlay-gradient":""},"mobile":{"background-color":"","background-image":"","background-repeat":"repeat","background-position":"center center","background-size":"auto","background-attachment":"scroll","background-type":"","background-media":"","overlay-type":"","overlay-color":"","overlay-opacity":"","overlay-gradient":""}},"ast-content-background-meta":{"desktop":{"background-color":"var(--ast-global-color-5)","background-image":"","background-repeat":"repeat","background-position":"center center","background-size":"auto","background-attachment":"scroll","background-type":"","background-media":"","overlay-type":"","overlay-color":"","overlay-opacity":"","overlay-gradient":""},"tablet":{"background-color":"var(--ast-global-color-5)","background-image":"","background-repeat":"repeat","background-position":"center center","background-size":"auto","background-attachment":"scroll","background-type":"","background-media":"","overlay-type":"","overlay-color":"","overlay-opacity":"","overlay-gradient":""},"mobile":{"background-color":"var(--ast-global-color-5)","background-image":"","background-repeat":"repeat","background-position":"center center","background-size":"auto","background-attachment":"scroll","background-type":"","background-media":"","overlay-type":"","overlay-color":"","overlay-opacity":"","overlay-gradient":""}}},"product_brand":[],"product_cat":[4113,4112],"product_tag":[],"class_list":{"0":"post-298183","1":"product","2":"type-product","3":"status-publish","4":"has-post-thumbnail","6":"product_cat-alusta-sormuse-disainist","7":"product_cat-loo-oma-ehe-ise","8":"desktop-align-center","9":"tablet-align-left","10":"mobile-align-left","11":"ast-product-gallery-layout-horizontal-slider","12":"ast-product-single-variable","13":"ast-product-tabs-layout-accordion","14":"ast-qv-on-image","16":"first","17":"instock","18":"taxable","19":"shipping-taxable","20":"purchasable","21":"product-type-variable"},"yoast_head":"<!-- This site is optimized with the Yoast SEO plugin v26.6 - https:\/\/yoast.com\/wordpress\/plugins\/seo\/ -->\n<title>Teemantiga s\u00f5rmus - ROUND teemant<\/title>\n<meta name=\"description\" content=\"See klassikalise disainiga teemants\u00f5rmus on alguspunkt sinu isiklikule loomingule. Lase ROUND teemandil avaneda vastavalt oma esteetilisele visioonile.\" \/>\n<meta name=\"robots\" content=\"index, follow, max-snippet:-1, max-image-preview:large, max-video-preview:-1\" \/>\n<link rel=\"canonical\" href=\"https:\/\/fashiongold.lt\/et\/papuosalas\/sormus-teemandiga-round-teemant\/\" \/>\n<meta property=\"og:locale\" content=\"et_EE\" \/>\n<meta property=\"og:type\" content=\"article\" \/>\n<meta property=\"og:title\" content=\"Teemantiga s\u00f5rmus - ROUND teemant\" \/>\n<meta property=\"og:description\" content=\"See klassikalise disainiga teemants\u00f5rmus on alguspunkt sinu isiklikule loomingule. Lase ROUND teemandil avaneda vastavalt oma esteetilisele visioonile.\" \/>\n<meta property=\"og:url\" content=\"https:\/\/fashiongold.lt\/et\/papuosalas\/sormus-teemandiga-round-teemant\/\" \/>\n<meta property=\"og:site_name\" content=\"FashionGold.lt\" \/>\n<meta property=\"og:image\" content=\"https:\/\/fashiongold.lt\/wp-content\/uploads\/2025\/05\/Klasikinis-suzadetuviu-ziedas-is-balto-aukso-arba-platinos-1.webp\" \/>\n\t<meta property=\"og:image:width\" content=\"800\" \/>\n\t<meta property=\"og:image:height\" content=\"800\" \/>\n\t<meta property=\"og:image:type\" content=\"image\/png\" \/>\n<meta name=\"twitter:card\" content=\"summary_large_image\" \/>\n<meta name=\"twitter:label1\" content=\"Est. reading time\" \/>\n\t<meta name=\"twitter:data1\" content=\"1 minut\" \/>\n<script type=\"application\/ld+json\" class=\"yoast-schema-graph\">{\"@context\":\"https:\/\/schema.org\",\"@graph\":[{\"@type\":\"WebPage\",\"@id\":\"https:\/\/fashiongold.lt\/et\/papuosalas\/sormus-teemandiga-round-teemant\/\",\"url\":\"https:\/\/fashiongold.lt\/et\/papuosalas\/sormus-teemandiga-round-teemant\/\",\"name\":\"Teemantiga s\u00f5rmus - ROUND teemant\",\"isPartOf\":{\"@id\":\"https:\/\/fashiongold.lt\/et\/#website\"},\"primaryImageOfPage\":{\"@id\":\"https:\/\/fashiongold.lt\/et\/papuosalas\/sormus-teemandiga-round-teemant\/#primaryimage\"},\"image\":{\"@id\":\"https:\/\/fashiongold.lt\/et\/papuosalas\/sormus-teemandiga-round-teemant\/#primaryimage\"},\"thumbnailUrl\":\"https:\/\/fashiongold.lt\/wp-content\/uploads\/2025\/05\/Klasikinis-suzadetuviu-ziedas-is-balto-aukso-arba-platinos-1.png\",\"datePublished\":\"2025-10-09T16:24:51+00:00\",\"description\":\"See klassikalise disainiga teemants\u00f5rmus on alguspunkt sinu isiklikule loomingule. Lase ROUND teemandil avaneda vastavalt oma esteetilisele visioonile.\",\"breadcrumb\":{\"@id\":\"https:\/\/fashiongold.lt\/et\/papuosalas\/sormus-teemandiga-round-teemant\/#breadcrumb\"},\"inLanguage\":\"et\",\"potentialAction\":[{\"@type\":\"ReadAction\",\"target\":[\"https:\/\/fashiongold.lt\/et\/papuosalas\/sormus-teemandiga-round-teemant\/\"]}]},{\"@type\":\"ImageObject\",\"inLanguage\":\"et\",\"@id\":\"https:\/\/fashiongold.lt\/et\/papuosalas\/sormus-teemandiga-round-teemant\/#primaryimage\",\"url\":\"https:\/\/fashiongold.lt\/wp-content\/uploads\/2025\/05\/Klasikinis-suzadetuviu-ziedas-is-balto-aukso-arba-platinos-1.png\",\"contentUrl\":\"https:\/\/fashiongold.lt\/wp-content\/uploads\/2025\/05\/Klasikinis-suzadetuviu-ziedas-is-balto-aukso-arba-platinos-1.png\",\"width\":800,\"height\":800,\"caption\":\"Auksinis \u017eiedas su apvalios formos deimantu - round cut\"},{\"@type\":\"BreadcrumbList\",\"@id\":\"https:\/\/fashiongold.lt\/et\/papuosalas\/sormus-teemandiga-round-teemant\/#breadcrumb\",\"itemListElement\":[{\"@type\":\"ListItem\",\"position\":1,\"name\":\"Home\",\"item\":\"https:\/\/fashiongold.lt\/et\/\"},{\"@type\":\"ListItem\",\"position\":2,\"name\":\"Teemantide pood Fashiongold.lt\",\"item\":\"https:\/\/fashiongold.lt\/shop-2\/\"},{\"@type\":\"ListItem\",\"position\":3,\"name\":\"S\u00f5rmus teemandiga &#8211; ROUND teemant\"}]},{\"@type\":\"WebSite\",\"@id\":\"https:\/\/fashiongold.lt\/et\/#website\",\"url\":\"https:\/\/fashiongold.lt\/et\/\",\"name\":\"Fashion Gold\",\"description\":\"Juvelyrikos namai\",\"publisher\":{\"@id\":\"https:\/\/fashiongold.lt\/et\/#organization\"},\"potentialAction\":[{\"@type\":\"SearchAction\",\"target\":{\"@type\":\"EntryPoint\",\"urlTemplate\":\"https:\/\/fashiongold.lt\/et\/?s={search_term_string}\"},\"query-input\":{\"@type\":\"PropertyValueSpecification\",\"valueRequired\":true,\"valueName\":\"search_term_string\"}}],\"inLanguage\":\"et\"},{\"@type\":\"Organization\",\"@id\":\"https:\/\/fashiongold.lt\/et\/#organization\",\"name\":\"Topdiamonds Online\",\"url\":\"https:\/\/fashiongold.lt\/et\/\",\"logo\":{\"@type\":\"ImageObject\",\"inLanguage\":\"et\",\"@id\":\"https:\/\/fashiongold.lt\/et\/#\/schema\/logo\/image\/\",\"url\":\"https:\/\/fashiongold.lt\/wp-content\/uploads\/2025\/04\/cropped-fashion_gold_logotipas2-scaled-1.png\",\"contentUrl\":\"https:\/\/fashiongold.lt\/wp-content\/uploads\/2025\/04\/cropped-fashion_gold_logotipas2-scaled-1.png\",\"width\":2559,\"height\":421,\"caption\":\"Topdiamonds Online\"},\"image\":{\"@id\":\"https:\/\/fashiongold.lt\/et\/#\/schema\/logo\/image\/\"}}]}<\/script>\n<!-- \/ Yoast SEO plugin. -->","yoast_head_json":{"title":"Teemantiga s\u00f5rmus - ROUND teemant","description":"See klassikalise disainiga teemants\u00f5rmus on alguspunkt sinu isiklikule loomingule. Lase ROUND teemandil avaneda vastavalt oma esteetilisele visioonile.","robots":{"index":"index","follow":"follow","max-snippet":"max-snippet:-1","max-image-preview":"max-image-preview:large","max-video-preview":"max-video-preview:-1"},"canonical":"https:\/\/fashiongold.lt\/et\/papuosalas\/sormus-teemandiga-round-teemant\/","og_locale":"et_EE","og_type":"article","og_title":"Teemantiga s\u00f5rmus - ROUND teemant","og_description":"See klassikalise disainiga teemants\u00f5rmus on alguspunkt sinu isiklikule loomingule. Lase ROUND teemandil avaneda vastavalt oma esteetilisele visioonile.","og_url":"https:\/\/fashiongold.lt\/et\/papuosalas\/sormus-teemandiga-round-teemant\/","og_site_name":"FashionGold.lt","og_image":[{"width":800,"height":800,"url":"https:\/\/fashiongold.lt\/wp-content\/uploads\/2025\/05\/Klasikinis-suzadetuviu-ziedas-is-balto-aukso-arba-platinos-1.webp","type":"image\/png"}],"twitter_card":"summary_large_image","twitter_misc":{"Est. reading time":"1 minut"},"schema":{"@context":"https:\/\/schema.org","@graph":[{"@type":"WebPage","@id":"https:\/\/fashiongold.lt\/et\/papuosalas\/sormus-teemandiga-round-teemant\/","url":"https:\/\/fashiongold.lt\/et\/papuosalas\/sormus-teemandiga-round-teemant\/","name":"Teemantiga s\u00f5rmus - ROUND teemant","isPartOf":{"@id":"https:\/\/fashiongold.lt\/et\/#website"},"primaryImageOfPage":{"@id":"https:\/\/fashiongold.lt\/et\/papuosalas\/sormus-teemandiga-round-teemant\/#primaryimage"},"image":{"@id":"https:\/\/fashiongold.lt\/et\/papuosalas\/sormus-teemandiga-round-teemant\/#primaryimage"},"thumbnailUrl":"https:\/\/fashiongold.lt\/wp-content\/uploads\/2025\/05\/Klasikinis-suzadetuviu-ziedas-is-balto-aukso-arba-platinos-1.png","datePublished":"2025-10-09T16:24:51+00:00","description":"See klassikalise disainiga teemants\u00f5rmus on alguspunkt sinu isiklikule loomingule. Lase ROUND teemandil avaneda vastavalt oma esteetilisele visioonile.","breadcrumb":{"@id":"https:\/\/fashiongold.lt\/et\/papuosalas\/sormus-teemandiga-round-teemant\/#breadcrumb"},"inLanguage":"et","potentialAction":[{"@type":"ReadAction","target":["https:\/\/fashiongold.lt\/et\/papuosalas\/sormus-teemandiga-round-teemant\/"]}]},{"@type":"ImageObject","inLanguage":"et","@id":"https:\/\/fashiongold.lt\/et\/papuosalas\/sormus-teemandiga-round-teemant\/#primaryimage","url":"https:\/\/fashiongold.lt\/wp-content\/uploads\/2025\/05\/Klasikinis-suzadetuviu-ziedas-is-balto-aukso-arba-platinos-1.png","contentUrl":"https:\/\/fashiongold.lt\/wp-content\/uploads\/2025\/05\/Klasikinis-suzadetuviu-ziedas-is-balto-aukso-arba-platinos-1.png","width":800,"height":800,"caption":"Auksinis \u017eiedas su apvalios formos deimantu - round cut"},{"@type":"BreadcrumbList","@id":"https:\/\/fashiongold.lt\/et\/papuosalas\/sormus-teemandiga-round-teemant\/#breadcrumb","itemListElement":[{"@type":"ListItem","position":1,"name":"Home","item":"https:\/\/fashiongold.lt\/et\/"},{"@type":"ListItem","position":2,"name":"Teemantide pood Fashiongold.lt","item":"https:\/\/fashiongold.lt\/shop-2\/"},{"@type":"ListItem","position":3,"name":"S\u00f5rmus teemandiga &#8211; ROUND teemant"}]},{"@type":"WebSite","@id":"https:\/\/fashiongold.lt\/et\/#website","url":"https:\/\/fashiongold.lt\/et\/","name":"Fashion Gold","description":"Juvelyrikos namai","publisher":{"@id":"https:\/\/fashiongold.lt\/et\/#organization"},"potentialAction":[{"@type":"SearchAction","target":{"@type":"EntryPoint","urlTemplate":"https:\/\/fashiongold.lt\/et\/?s={search_term_string}"},"query-input":{"@type":"PropertyValueSpecification","valueRequired":true,"valueName":"search_term_string"}}],"inLanguage":"et"},{"@type":"Organization","@id":"https:\/\/fashiongold.lt\/et\/#organization","name":"Topdiamonds Online","url":"https:\/\/fashiongold.lt\/et\/","logo":{"@type":"ImageObject","inLanguage":"et","@id":"https:\/\/fashiongold.lt\/et\/#\/schema\/logo\/image\/","url":"https:\/\/fashiongold.lt\/wp-content\/uploads\/2025\/04\/cropped-fashion_gold_logotipas2-scaled-1.png","contentUrl":"https:\/\/fashiongold.lt\/wp-content\/uploads\/2025\/04\/cropped-fashion_gold_logotipas2-scaled-1.png","width":2559,"height":421,"caption":"Topdiamonds Online"},"image":{"@id":"https:\/\/fashiongold.lt\/et\/#\/schema\/logo\/image\/"}}]}},"_links":{"self":[{"href":"https:\/\/fashiongold.lt\/et\/wp-json\/wp\/v2\/product\/298183","targetHints":{"allow":["GET"]}}],"collection":[{"href":"https:\/\/fashiongold.lt\/et\/wp-json\/wp\/v2\/product"}],"about":[{"href":"https:\/\/fashiongold.lt\/et\/wp-json\/wp\/v2\/types\/product"}],"version-history":[{"count":0,"href":"https:\/\/fashiongold.lt\/et\/wp-json\/wp\/v2\/product\/298183\/revisions"}],"wp:featuredmedia":[{"embeddable":true,"href":"https:\/\/fashiongold.lt\/et\/wp-json\/wp\/v2\/media\/260514"}],"wp:attachment":[{"href":"https:\/\/fashiongold.lt\/et\/wp-json\/wp\/v2\/media?parent=298183"}],"wp:term":[{"taxonomy":"product_brand","embeddable":true,"href":"https:\/\/fashiongold.lt\/et\/wp-json\/wp\/v2\/product_brand?post=298183"},{"taxonomy":"product_cat","embeddable":true,"href":"https:\/\/fashiongold.lt\/et\/wp-json\/wp\/v2\/product_cat?post=298183"},{"taxonomy":"product_tag","embeddable":true,"href":"https:\/\/fashiongold.lt\/et\/wp-json\/wp\/v2\/product_tag?post=298183"}],"curies":[{"name":"wp","href":"https:\/\/api.w.org\/{rel}","templated":true}]}}