{"id":298223,"date":"2025-10-09T16:12:52","date_gmt":"2025-10-09T16:12:52","guid":{"rendered":"https:\/\/fashiongold.lt\/papuosalas\/kihlasormus-baguette-lihviga-teemandiga\/"},"modified":"2025-10-09T16:12:52","modified_gmt":"2025-10-09T16:12:52","slug":"kihlasormus-baguette-lihviga-teemandiga","status":"publish","type":"product","link":"https:\/\/fashiongold.lt\/et\/papuosalas\/kihlasormus-baguette-lihviga-teemandiga\/","title":{"rendered":"Kihlas\u00f5rmus baguette-lihviga teemandiga"},"content":{"rendered":"<p>Eksklusiivne kihlas\u00f5rmus baguette-lihviga teemandiga, mida \u00fcmbritseb s\u00e4ravatest briljantidest halo. Klassikaline disain loob elegantsuse ja luksuse kuvandi, r\u00f5hutades keskse kivi s\u00e4ra.<\/p>\n<p>Valmistatud Leedus, j\u00e4rgides k\u00f5rgeimaid juveelitootmise standardeid. S\u00f5rmust saab valmistada tellimust\u00f6\u00f6na: lisatasu eest k\u00f5rgema kvaliteediga teemantide v\u00f5i teemantidega.<\/p>\n<p>&nbsp;<\/p>\n<p><strong>\u2022 S\u00f5rmuse metallid:<\/strong> 14K (proov 585), 18K (proov 750), plaatina 900<br \/>\n<strong>\u2022 S\u00f5rmuse v\u00e4rv:<\/strong> valge, punane, kollane<br \/>\n<strong>\u2022 S\u00f5rmuse kaal:<\/strong> (s\u00f5ltub suurusest): umbes 3,00 &#8211; 3,50 g<br \/>\n<strong>\u2022 S\u00f5rmuse m\u00f5\u00f5tmed:<\/strong> krooni laius umbes<br \/>\n<strong>\u2022 S\u00f5rmuse mugavustsoon:<\/strong> olemas<br \/>\n<strong>\u2022 Teemantide t\u00fc\u00fcbid:<\/strong> Laboris kasvatatud teemandid v\u00f5i looduslikud teemandid<br \/>\n<strong>\u2022 Teemandi kuju:<\/strong> Baguette-lihv (Emerald cut)<br \/>\n<strong>\u2022 Teemandi omadused:<\/strong> 1.00 ct teemant (v\u00e4rv E, puhtus VVS2) (v\u00f5imalik muuta)<br \/>\n<strong>\u2022 Sertifikaat:<\/strong> Leedu Proovikoda (LPR), IGI sertifikaat<br \/>\n<strong>\u2022 Tasuta graveerimine<\/strong><br \/>\n<strong>\u2022 \u00dchekordne tasuta s\u00f5rmuse suuruse muutmise garantii<\/strong><br \/>\n<strong>\u2022 Valmistamis- ja tarneaeg:<\/strong> alates 14 t\u00f6\u00f6p\u00e4evast, kiirtellimusena 7 t\u00f6\u00f6p\u00e4eva jooksul.<\/p>\n<p>&nbsp;<\/p>\n<p>Kas teil on oma v\u00e4\u00e4riskivi v\u00f5i kuld? V\u00f5tke \u00fchendust \u2013 arvutame hinna \u00fcmber ja maksate ainult s\u00f5rmuse valmistamise eest. Leiate laia valiku kihlas\u00f5rmuseid, mis vastavad erinevatele maitsetele, eelarvetele ja personaliseerimisv\u00f5imalustele.<\/p>\n","protected":false},"excerpt":{"rendered":"<p>Eksklusiivne kihlas\u00f5rmus baguette-lihviga teemandiga, mille s\u00e4ra t\u00e4iustab veelgi \u00fcmbritsev v\u00e4iksemate briljantide halo. See disain mitte ainult ei suurenda optiliselt keskkivi suurust, vaid annab s\u00f5rmusele ka lummava s\u00e4ra igast k\u00fcljest. Lihtne ja elegantne s\u00f5rmusev\u00f5ru laseb peamisel kivil ja briljandiringil olla peamiseks aktsendiks. Madal kroon tagab mugavuse igap\u00e4evaseks kandmiseks ning hoolikas meistrit\u00f6\u00f6 ja luksus loovad elegantsi ja igavese armastuse s\u00fcmboli. Suurep\u00e4rane valik neile, kes otsivad klassika, s\u00e4ra ja kaasaegse luksuse kombinatsiooni.<\/p>\n","protected":false},"featured_media":34478,"template":"","meta":{"site-sidebar-layout":"default","site-content-layout":"","ast-site-content-layout":"default","site-content-style":"default","site-sidebar-style":"default","ast-global-header-display":"","ast-banner-title-visibility":"","ast-main-header-display":"","ast-hfb-above-header-display":"","ast-hfb-below-header-display":"","ast-hfb-mobile-header-display":"","site-post-title":"","ast-breadcrumbs-content":"","ast-featured-img":"","footer-sml-layout":"","ast-disable-related-posts":"","theme-transparent-header-meta":"default","adv-header-id-meta":"","stick-header-meta":"","header-above-stick-meta":"","header-main-stick-meta":"","header-below-stick-meta":"","astra-migrate-meta-layouts":"default","ast-page-background-enabled":"default","ast-page-background-meta":{"desktop":{"background-color":"var(--ast-global-color-4)","background-image":"","background-repeat":"repeat","background-position":"center center","background-size":"auto","background-attachment":"scroll","background-type":"","background-media":"","overlay-type":"","overlay-color":"","overlay-opacity":"","overlay-gradient":""},"tablet":{"background-color":"","background-image":"","background-repeat":"repeat","background-position":"center center","background-size":"auto","background-attachment":"scroll","background-type":"","background-media":"","overlay-type":"","overlay-color":"","overlay-opacity":"","overlay-gradient":""},"mobile":{"background-color":"","background-image":"","background-repeat":"repeat","background-position":"center center","background-size":"auto","background-attachment":"scroll","background-type":"","background-media":"","overlay-type":"","overlay-color":"","overlay-opacity":"","overlay-gradient":""}},"ast-content-background-meta":{"desktop":{"background-color":"var(--ast-global-color-5)","background-image":"","background-repeat":"repeat","background-position":"center center","background-size":"auto","background-attachment":"scroll","background-type":"","background-media":"","overlay-type":"","overlay-color":"","overlay-opacity":"","overlay-gradient":""},"tablet":{"background-color":"var(--ast-global-color-5)","background-image":"","background-repeat":"repeat","background-position":"center center","background-size":"auto","background-attachment":"scroll","background-type":"","background-media":"","overlay-type":"","overlay-color":"","overlay-opacity":"","overlay-gradient":""},"mobile":{"background-color":"var(--ast-global-color-5)","background-image":"","background-repeat":"repeat","background-position":"center center","background-size":"auto","background-attachment":"scroll","background-type":"","background-media":"","overlay-type":"","overlay-color":"","overlay-opacity":"","overlay-gradient":""}}},"product_brand":[],"product_cat":[3444],"product_tag":[],"class_list":{"0":"post-298223","1":"product","2":"type-product","3":"status-publish","4":"has-post-thumbnail","6":"product_cat-klasikalised-kihlusesormused","7":"desktop-align-center","8":"tablet-align-left","9":"mobile-align-left","10":"ast-product-gallery-layout-horizontal-slider","11":"ast-product-single-variable","12":"ast-product-tabs-layout-accordion","13":"ast-qv-on-image","15":"first","16":"instock","17":"taxable","18":"shipping-taxable","19":"purchasable","20":"product-type-variable"},"yoast_head":"<!-- This site is optimized with the Yoast SEO plugin v26.6 - https:\/\/yoast.com\/wordpress\/plugins\/seo\/ -->\n<title>Kihlas\u00f5rmus baguette-lihviga teemandiga - FashionGold.lt<\/title>\n<meta name=\"description\" content=\"Luksuslik kihlas\u00f5rmus bagetilihviga teemandi ja briljantidest haloga. Elegantsi, s\u00e4ra ja igavese armastuse s\u00fcmbol.\" \/>\n<meta name=\"robots\" content=\"index, follow, max-snippet:-1, max-image-preview:large, max-video-preview:-1\" \/>\n<link rel=\"canonical\" href=\"https:\/\/fashiongold.lt\/et\/papuosalas\/kihlasormus-baguette-lihviga-teemandiga\/\" \/>\n<meta property=\"og:locale\" content=\"et_EE\" \/>\n<meta property=\"og:type\" content=\"article\" \/>\n<meta property=\"og:title\" content=\"Kihlas\u00f5rmus baguette-lihviga teemandiga - FashionGold.lt\" \/>\n<meta property=\"og:description\" content=\"Luksuslik kihlas\u00f5rmus bagetilihviga teemandi ja briljantidest haloga. Elegantsi, s\u00e4ra ja igavese armastuse s\u00fcmbol.\" \/>\n<meta property=\"og:url\" content=\"https:\/\/fashiongold.lt\/et\/papuosalas\/kihlasormus-baguette-lihviga-teemandiga\/\" \/>\n<meta property=\"og:site_name\" content=\"FashionGold.lt\" \/>\n<meta property=\"og:image\" content=\"https:\/\/fashiongold.lt\/wp-content\/uploads\/2025\/10\/III-suzadetuviu-ziedas-su-staciakampio-formos-deimantu-2.webp\" \/>\n\t<meta property=\"og:image:width\" content=\"800\" \/>\n\t<meta property=\"og:image:height\" content=\"800\" \/>\n\t<meta property=\"og:image:type\" content=\"image\/jpeg\" \/>\n<meta name=\"twitter:card\" content=\"summary_large_image\" \/>\n<meta name=\"twitter:label1\" content=\"Est. reading time\" \/>\n\t<meta name=\"twitter:data1\" content=\"1 minut\" \/>\n<script type=\"application\/ld+json\" class=\"yoast-schema-graph\">{\"@context\":\"https:\/\/schema.org\",\"@graph\":[{\"@type\":\"WebPage\",\"@id\":\"https:\/\/fashiongold.lt\/et\/papuosalas\/kihlasormus-baguette-lihviga-teemandiga\/\",\"url\":\"https:\/\/fashiongold.lt\/et\/papuosalas\/kihlasormus-baguette-lihviga-teemandiga\/\",\"name\":\"Kihlas\u00f5rmus baguette-lihviga teemandiga - FashionGold.lt\",\"isPartOf\":{\"@id\":\"https:\/\/fashiongold.lt\/et\/#website\"},\"primaryImageOfPage\":{\"@id\":\"https:\/\/fashiongold.lt\/et\/papuosalas\/kihlasormus-baguette-lihviga-teemandiga\/#primaryimage\"},\"image\":{\"@id\":\"https:\/\/fashiongold.lt\/et\/papuosalas\/kihlasormus-baguette-lihviga-teemandiga\/#primaryimage\"},\"thumbnailUrl\":\"https:\/\/fashiongold.lt\/wp-content\/uploads\/2025\/10\/III-suzadetuviu-ziedas-su-staciakampio-formos-deimantu-2.jpg\",\"datePublished\":\"2025-10-09T16:12:52+00:00\",\"description\":\"Luksuslik kihlas\u00f5rmus bagetilihviga teemandi ja briljantidest haloga. Elegantsi, s\u00e4ra ja igavese armastuse s\u00fcmbol.\",\"breadcrumb\":{\"@id\":\"https:\/\/fashiongold.lt\/et\/papuosalas\/kihlasormus-baguette-lihviga-teemandiga\/#breadcrumb\"},\"inLanguage\":\"et\",\"potentialAction\":[{\"@type\":\"ReadAction\",\"target\":[\"https:\/\/fashiongold.lt\/et\/papuosalas\/kihlasormus-baguette-lihviga-teemandiga\/\"]}]},{\"@type\":\"ImageObject\",\"inLanguage\":\"et\",\"@id\":\"https:\/\/fashiongold.lt\/et\/papuosalas\/kihlasormus-baguette-lihviga-teemandiga\/#primaryimage\",\"url\":\"https:\/\/fashiongold.lt\/wp-content\/uploads\/2025\/10\/III-suzadetuviu-ziedas-su-staciakampio-formos-deimantu-2.jpg\",\"contentUrl\":\"https:\/\/fashiongold.lt\/wp-content\/uploads\/2025\/10\/III-suzadetuviu-ziedas-su-staciakampio-formos-deimantu-2.jpg\",\"width\":800,\"height\":800},{\"@type\":\"BreadcrumbList\",\"@id\":\"https:\/\/fashiongold.lt\/et\/papuosalas\/kihlasormus-baguette-lihviga-teemandiga\/#breadcrumb\",\"itemListElement\":[{\"@type\":\"ListItem\",\"position\":1,\"name\":\"Home\",\"item\":\"https:\/\/fashiongold.lt\/et\/\"},{\"@type\":\"ListItem\",\"position\":2,\"name\":\"Teemantide pood Fashiongold.lt\",\"item\":\"https:\/\/fashiongold.lt\/shop-2\/\"},{\"@type\":\"ListItem\",\"position\":3,\"name\":\"Kihlas\u00f5rmus baguette-lihviga teemandiga\"}]},{\"@type\":\"WebSite\",\"@id\":\"https:\/\/fashiongold.lt\/et\/#website\",\"url\":\"https:\/\/fashiongold.lt\/et\/\",\"name\":\"Fashion Gold\",\"description\":\"Juvelyrikos namai\",\"publisher\":{\"@id\":\"https:\/\/fashiongold.lt\/et\/#organization\"},\"potentialAction\":[{\"@type\":\"SearchAction\",\"target\":{\"@type\":\"EntryPoint\",\"urlTemplate\":\"https:\/\/fashiongold.lt\/et\/?s={search_term_string}\"},\"query-input\":{\"@type\":\"PropertyValueSpecification\",\"valueRequired\":true,\"valueName\":\"search_term_string\"}}],\"inLanguage\":\"et\"},{\"@type\":\"Organization\",\"@id\":\"https:\/\/fashiongold.lt\/et\/#organization\",\"name\":\"Topdiamonds Online\",\"url\":\"https:\/\/fashiongold.lt\/et\/\",\"logo\":{\"@type\":\"ImageObject\",\"inLanguage\":\"et\",\"@id\":\"https:\/\/fashiongold.lt\/et\/#\/schema\/logo\/image\/\",\"url\":\"https:\/\/fashiongold.lt\/wp-content\/uploads\/2025\/04\/cropped-fashion_gold_logotipas2-scaled-1.png\",\"contentUrl\":\"https:\/\/fashiongold.lt\/wp-content\/uploads\/2025\/04\/cropped-fashion_gold_logotipas2-scaled-1.png\",\"width\":2559,\"height\":421,\"caption\":\"Topdiamonds Online\"},\"image\":{\"@id\":\"https:\/\/fashiongold.lt\/et\/#\/schema\/logo\/image\/\"}}]}<\/script>\n<!-- \/ Yoast SEO plugin. -->","yoast_head_json":{"title":"Kihlas\u00f5rmus baguette-lihviga teemandiga - FashionGold.lt","description":"Luksuslik kihlas\u00f5rmus bagetilihviga teemandi ja briljantidest haloga. Elegantsi, s\u00e4ra ja igavese armastuse s\u00fcmbol.","robots":{"index":"index","follow":"follow","max-snippet":"max-snippet:-1","max-image-preview":"max-image-preview:large","max-video-preview":"max-video-preview:-1"},"canonical":"https:\/\/fashiongold.lt\/et\/papuosalas\/kihlasormus-baguette-lihviga-teemandiga\/","og_locale":"et_EE","og_type":"article","og_title":"Kihlas\u00f5rmus baguette-lihviga teemandiga - FashionGold.lt","og_description":"Luksuslik kihlas\u00f5rmus bagetilihviga teemandi ja briljantidest haloga. Elegantsi, s\u00e4ra ja igavese armastuse s\u00fcmbol.","og_url":"https:\/\/fashiongold.lt\/et\/papuosalas\/kihlasormus-baguette-lihviga-teemandiga\/","og_site_name":"FashionGold.lt","og_image":[{"width":800,"height":800,"url":"https:\/\/fashiongold.lt\/wp-content\/uploads\/2025\/10\/III-suzadetuviu-ziedas-su-staciakampio-formos-deimantu-2.webp","type":"image\/jpeg"}],"twitter_card":"summary_large_image","twitter_misc":{"Est. reading time":"1 minut"},"schema":{"@context":"https:\/\/schema.org","@graph":[{"@type":"WebPage","@id":"https:\/\/fashiongold.lt\/et\/papuosalas\/kihlasormus-baguette-lihviga-teemandiga\/","url":"https:\/\/fashiongold.lt\/et\/papuosalas\/kihlasormus-baguette-lihviga-teemandiga\/","name":"Kihlas\u00f5rmus baguette-lihviga teemandiga - FashionGold.lt","isPartOf":{"@id":"https:\/\/fashiongold.lt\/et\/#website"},"primaryImageOfPage":{"@id":"https:\/\/fashiongold.lt\/et\/papuosalas\/kihlasormus-baguette-lihviga-teemandiga\/#primaryimage"},"image":{"@id":"https:\/\/fashiongold.lt\/et\/papuosalas\/kihlasormus-baguette-lihviga-teemandiga\/#primaryimage"},"thumbnailUrl":"https:\/\/fashiongold.lt\/wp-content\/uploads\/2025\/10\/III-suzadetuviu-ziedas-su-staciakampio-formos-deimantu-2.jpg","datePublished":"2025-10-09T16:12:52+00:00","description":"Luksuslik kihlas\u00f5rmus bagetilihviga teemandi ja briljantidest haloga. Elegantsi, s\u00e4ra ja igavese armastuse s\u00fcmbol.","breadcrumb":{"@id":"https:\/\/fashiongold.lt\/et\/papuosalas\/kihlasormus-baguette-lihviga-teemandiga\/#breadcrumb"},"inLanguage":"et","potentialAction":[{"@type":"ReadAction","target":["https:\/\/fashiongold.lt\/et\/papuosalas\/kihlasormus-baguette-lihviga-teemandiga\/"]}]},{"@type":"ImageObject","inLanguage":"et","@id":"https:\/\/fashiongold.lt\/et\/papuosalas\/kihlasormus-baguette-lihviga-teemandiga\/#primaryimage","url":"https:\/\/fashiongold.lt\/wp-content\/uploads\/2025\/10\/III-suzadetuviu-ziedas-su-staciakampio-formos-deimantu-2.jpg","contentUrl":"https:\/\/fashiongold.lt\/wp-content\/uploads\/2025\/10\/III-suzadetuviu-ziedas-su-staciakampio-formos-deimantu-2.jpg","width":800,"height":800},{"@type":"BreadcrumbList","@id":"https:\/\/fashiongold.lt\/et\/papuosalas\/kihlasormus-baguette-lihviga-teemandiga\/#breadcrumb","itemListElement":[{"@type":"ListItem","position":1,"name":"Home","item":"https:\/\/fashiongold.lt\/et\/"},{"@type":"ListItem","position":2,"name":"Teemantide pood Fashiongold.lt","item":"https:\/\/fashiongold.lt\/shop-2\/"},{"@type":"ListItem","position":3,"name":"Kihlas\u00f5rmus baguette-lihviga teemandiga"}]},{"@type":"WebSite","@id":"https:\/\/fashiongold.lt\/et\/#website","url":"https:\/\/fashiongold.lt\/et\/","name":"Fashion Gold","description":"Juvelyrikos namai","publisher":{"@id":"https:\/\/fashiongold.lt\/et\/#organization"},"potentialAction":[{"@type":"SearchAction","target":{"@type":"EntryPoint","urlTemplate":"https:\/\/fashiongold.lt\/et\/?s={search_term_string}"},"query-input":{"@type":"PropertyValueSpecification","valueRequired":true,"valueName":"search_term_string"}}],"inLanguage":"et"},{"@type":"Organization","@id":"https:\/\/fashiongold.lt\/et\/#organization","name":"Topdiamonds Online","url":"https:\/\/fashiongold.lt\/et\/","logo":{"@type":"ImageObject","inLanguage":"et","@id":"https:\/\/fashiongold.lt\/et\/#\/schema\/logo\/image\/","url":"https:\/\/fashiongold.lt\/wp-content\/uploads\/2025\/04\/cropped-fashion_gold_logotipas2-scaled-1.png","contentUrl":"https:\/\/fashiongold.lt\/wp-content\/uploads\/2025\/04\/cropped-fashion_gold_logotipas2-scaled-1.png","width":2559,"height":421,"caption":"Topdiamonds Online"},"image":{"@id":"https:\/\/fashiongold.lt\/et\/#\/schema\/logo\/image\/"}}]}},"_links":{"self":[{"href":"https:\/\/fashiongold.lt\/et\/wp-json\/wp\/v2\/product\/298223","targetHints":{"allow":["GET"]}}],"collection":[{"href":"https:\/\/fashiongold.lt\/et\/wp-json\/wp\/v2\/product"}],"about":[{"href":"https:\/\/fashiongold.lt\/et\/wp-json\/wp\/v2\/types\/product"}],"version-history":[{"count":0,"href":"https:\/\/fashiongold.lt\/et\/wp-json\/wp\/v2\/product\/298223\/revisions"}],"wp:featuredmedia":[{"embeddable":true,"href":"https:\/\/fashiongold.lt\/et\/wp-json\/wp\/v2\/media\/34478"}],"wp:attachment":[{"href":"https:\/\/fashiongold.lt\/et\/wp-json\/wp\/v2\/media?parent=298223"}],"wp:term":[{"taxonomy":"product_brand","embeddable":true,"href":"https:\/\/fashiongold.lt\/et\/wp-json\/wp\/v2\/product_brand?post=298223"},{"taxonomy":"product_cat","embeddable":true,"href":"https:\/\/fashiongold.lt\/et\/wp-json\/wp\/v2\/product_cat?post=298223"},{"taxonomy":"product_tag","embeddable":true,"href":"https:\/\/fashiongold.lt\/et\/wp-json\/wp\/v2\/product_tag?post=298223"}],"curies":[{"name":"wp","href":"https:\/\/api.w.org\/{rel}","templated":true}]}}