{"id":298393,"date":"2025-08-06T13:19:51","date_gmt":"2025-08-06T13:19:51","guid":{"rendered":"https:\/\/fashiongold.lt\/papuosalas\/halo-disainiga-teemantkorvarongad-round-1-30-ct\/"},"modified":"2026-02-22T15:43:26","modified_gmt":"2026-02-22T15:43:26","slug":"halo-disainiga-teemantkorvarongad-round-1-30-ct","status":"publish","type":"product","link":"https:\/\/fashiongold.lt\/et\/papuosalas\/halo-disainiga-teemantkorvarongad-round-1-30-ct\/","title":{"rendered":"Halo-disainiga teemantk\u00f5rvar\u00f5ngad \u2013 Round (1.30 ct)"},"content":{"rendered":"<h3 data-start=\"168\" data-end=\"433\"><em>Round<\/em>-lihviga teemandid lummavad oma kirkusega ning Halo-\u00e4\u00e4ris tugevdab nende s\u00e4ra veelgi.<\/h3>\n<p data-start=\"168\" data-end=\"433\">Ehted on valmistatud k\u00f5rgeimate juveelit\u00f6\u00f6stuse standardite kohaselt. Kliendi soovil saame lisatasu eest kasutada k\u00f5rgema kvaliteediga teemante.<\/p>\n<p>&nbsp;<\/p>\n<p>\u2022 <a href=\"https:\/\/fashiongold.lt\/et\/patarimai-et\/kulla-proov-korvarongastele-kuidas-valida-kvaliteetseid-ja-vastupidavaid-ehteid\/\" target=\"_blank\" rel=\"noopener\"><strong>V\u00e4\u00e4rismetallid<\/strong><\/a>: 14K (proov 585), 18K (proov 750), 900 plaatina<br \/>\n\u2022 <a href=\"https:\/\/fashiongold.lt\/et\/patarimai-et\/korvarongaste-kullavarv-valge-punane-ja-kollane-kuld-teemantidega\/\" target=\"_blank\" rel=\"noopener\"><strong>Kullav\u00e4rvi valikud<\/strong><\/a>: kollane, punane, valge<br \/>\n\u2022 <strong><a href=\"https:\/\/fashiongold.lt\/et\/patarimai-et\/teemantkorvarongad-taiuslikud-proportsioonid-kuidas-valida-ideaalsed\/\" target=\"_blank\" rel=\"noopener\">K\u00f5rvar\u00f5nga krooni l\u00e4bim\u00f5\u00f5t<\/a><\/strong>: umbes 5 mm<br \/>\n\u2022 <a href=\"https:\/\/fashiongold.lt\/auskaru-aukso-svoris\/\" target=\"_blank\" rel=\"noopener\"><strong>Kulla kogukaal<\/strong><\/a>: umbes 1.50 g<br \/>\n\u2022 Bendras <strong><a href=\"https:\/\/fashiongold.lt\/deimantu-svoris\/\" target=\"_blank\" rel=\"noopener\">Teemantide kogukaal<\/a><\/strong>: 1.30 ct<br \/>\n\u2022 <strong><a href=\"https:\/\/fashiongold.lt\/et\/patarimai-et\/teemant-teised-teemandi-kujud\/\" target=\"_blank\" rel=\"noopener\">Teemantide kuju ja lihv<\/a><\/strong>: \u00dcmar kuju (<em>Round cut<\/em>)<br \/>\n\u2022 <strong><a href=\"https:\/\/fashiongold.lt\/et\/patarimai-et\/teemant-looduslik-laboris-kasvatatud-voi-kunstlik-kuidas-teha-oige-valik\/\" target=\"_blank\" rel=\"noopener\">Teemantide p\u00e4ritolu<\/a><\/strong>: Laboris kasvatatud teemandid v\u00f5i looduslikud teemandid<br \/>\n\u2022 <a href=\"https:\/\/fashiongold.lt\/et\/patarimai-et\/teemant-mida-peab-teadma-enne-ostmist\/\" target=\"_blank\" rel=\"noopener\"><strong>Teemandi kaal ja omadused<\/strong><\/a> (muudetavad):<br \/>\nLaboris kasvatatud teemant (IGI sertifikaat): 0.50 ct teemant (v\u00e4rvus D-E, puhtus VVS)<br \/>\nLooduslik teemant (GIA sertifikaat): 0.50 ct teemant (v\u00e4rvus G-I, puhtus SI)<br \/>\nHalo-\u00e4\u00e4ris: umbes 0.15 ct teemandid<br \/>\n\u2022 <a href=\"https:\/\/fashiongold.lt\/et\/tarne-ja-tagastamine\/\" target=\"_blank\" rel=\"noopener\"><strong>Valmistamis- ja tarneaeg<\/strong><\/a>: tavaliselt umbes 14 t\u00f6\u00f6p\u00e4eva, vajadusel saame pakkuda kiirvarianti <span data-sheets-root=\"1\">\u2013 <\/span>7 t\u00f6\u00f6p\u00e4eva.<br \/>\n<strong>M\u00e4rkus<\/strong>: Halo-stiilis k\u00f5rvar\u00f5ngaste ostmisel on v\u00f5imalik karaatide kogukaalu h\u00e4lve: 1.28 &#8211; 1.32 ct<\/p>\n<p>&nbsp;<\/p>\n<p>Kas teil on oma kuld v\u00f5i v\u00e4\u00e4riskivi? Sellisel juhul on k\u00f5rvar\u00f5ngaste hind soodsam <span data-sheets-root=\"1\">\u2013<\/span> maksate vaid ehte valmistamise eest. Soovite muuta teemantide omadusi \u2013 v\u00e4rvust, suurust v\u00f5i puhtust? Saame k\u00f5ike kohandada vastavalt teie vajadustele. <strong><a href=\"https:\/\/fashiongold.lt\/et\/kontaktid\/\" target=\"_blank\" rel=\"noopener\">V\u00f5tke meiega \u00fchendust<\/a><\/strong> ja arutame individuaalseid v\u00f5imalusi.<br \/>\nIga\u00fcks leiab oma stiilile vastavad teemantehted \u2013 alates suvtiilsetest klassikutest kuni luksuslike aktsentideni. FashionGold kutsub teid ehteid personaliseerima ja muutma need osaks teie ainulaadsest loost.<\/p>\n","protected":false},"excerpt":{"rendered":"<h2>Teemantk\u00f5rvar\u00f5ngad (1.30 ct) \u2013 Halo-disaini s\u00e4ra.<\/h2>\n<p>Need Halo-disainiga teemantk\u00f5rvar\u00f5ngad on loodud neile, kes armastavad muljetavaldavat s\u00e4ra. Keskel asuv \u00fcmar teemant peegeldab valgust ning seda \u00fcmbritsev v\u00e4ikeste kivide p\u00e4rg lisab veelgi rohkem eredust. T\u00e4nu sellele efektile n\u00e4ib ehe suurem ja luksuslikum. See on suurep\u00e4rane valik neile, kes soovivad ehet, mis mitte ainult ei kaunista, vaid p\u00fc\u00fcab ka k\u00f5igi pilke.<\/p>\n","protected":false},"featured_media":33186,"template":"","meta":{"site-sidebar-layout":"default","site-content-layout":"","ast-site-content-layout":"default","site-content-style":"default","site-sidebar-style":"default","ast-global-header-display":"","ast-banner-title-visibility":"","ast-main-header-display":"","ast-hfb-above-header-display":"","ast-hfb-below-header-display":"","ast-hfb-mobile-header-display":"","site-post-title":"","ast-breadcrumbs-content":"","ast-featured-img":"","footer-sml-layout":"","ast-disable-related-posts":"","theme-transparent-header-meta":"default","adv-header-id-meta":"","stick-header-meta":"","header-above-stick-meta":"","header-main-stick-meta":"","header-below-stick-meta":"","astra-migrate-meta-layouts":"default","ast-page-background-enabled":"default","ast-page-background-meta":{"desktop":{"background-color":"var(--ast-global-color-4)","background-image":"","background-repeat":"repeat","background-position":"center center","background-size":"auto","background-attachment":"scroll","background-type":"","background-media":"","overlay-type":"","overlay-color":"","overlay-opacity":"","overlay-gradient":""},"tablet":{"background-color":"","background-image":"","background-repeat":"repeat","background-position":"center center","background-size":"auto","background-attachment":"scroll","background-type":"","background-media":"","overlay-type":"","overlay-color":"","overlay-opacity":"","overlay-gradient":""},"mobile":{"background-color":"","background-image":"","background-repeat":"repeat","background-position":"center center","background-size":"auto","background-attachment":"scroll","background-type":"","background-media":"","overlay-type":"","overlay-color":"","overlay-opacity":"","overlay-gradient":""}},"ast-content-background-meta":{"desktop":{"background-color":"var(--ast-global-color-5)","background-image":"","background-repeat":"repeat","background-position":"center center","background-size":"auto","background-attachment":"scroll","background-type":"","background-media":"","overlay-type":"","overlay-color":"","overlay-opacity":"","overlay-gradient":""},"tablet":{"background-color":"var(--ast-global-color-5)","background-image":"","background-repeat":"repeat","background-position":"center center","background-size":"auto","background-attachment":"scroll","background-type":"","background-media":"","overlay-type":"","overlay-color":"","overlay-opacity":"","overlay-gradient":""},"mobile":{"background-color":"var(--ast-global-color-5)","background-image":"","background-repeat":"repeat","background-position":"center center","background-size":"auto","background-attachment":"scroll","background-type":"","background-media":"","overlay-type":"","overlay-color":"","overlay-opacity":"","overlay-gradient":""}}},"product_brand":[],"product_cat":[3058,2841,3549,3548,2966],"product_tag":[],"class_list":{"0":"post-298393","1":"product","2":"type-product","3":"status-publish","4":"has-post-thumbnail","6":"product_cat-ehted","7":"product_cat-ehted-naistele","8":"product_cat-korvarongad-teemantidega-laboris-kasvatatud","9":"product_cat-laboriteemantidega-ehted","10":"product_cat-teemantidega-korvarongad","11":"desktop-align-center","12":"tablet-align-left","13":"mobile-align-left","14":"ast-product-gallery-layout-horizontal-slider","15":"ast-product-single-variable","16":"ast-product-tabs-layout-accordion","17":"ast-qv-on-image","19":"first","20":"instock","21":"taxable","22":"shipping-taxable","23":"purchasable","24":"product-type-variable"},"yoast_head":"<!-- This site is optimized with the Yoast SEO plugin v26.6 - https:\/\/yoast.com\/wordpress\/plugins\/seo\/ -->\n<title>Halo-disainiga teemantk\u00f5rvar\u00f5ngad \u2013 \u00dcmar (1.30 ct)<\/title>\n<meta name=\"description\" content=\"Halo-disainiga teemantk\u00f5rvar\u00f5ngad, mis lisavad igasse p\u00e4eva rohkem s\u00e4ra. S\u00e4ra elegantselt, valides selle disaini.\" \/>\n<meta name=\"robots\" content=\"index, follow, max-snippet:-1, max-image-preview:large, max-video-preview:-1\" \/>\n<link rel=\"canonical\" href=\"https:\/\/fashiongold.lt\/et\/papuosalas\/halo-disainiga-teemantkorvarongad-round-1-30-ct\/\" \/>\n<meta property=\"og:locale\" content=\"et_EE\" \/>\n<meta property=\"og:type\" content=\"article\" \/>\n<meta property=\"og:title\" content=\"Halo-disainiga teemantk\u00f5rvar\u00f5ngad \u2013 \u00dcmar (1.30 ct)\" \/>\n<meta property=\"og:description\" content=\"Halo-disainiga teemantk\u00f5rvar\u00f5ngad, mis lisavad igasse p\u00e4eva rohkem s\u00e4ra. S\u00e4ra elegantselt, valides selle disaini.\" \/>\n<meta property=\"og:url\" content=\"https:\/\/fashiongold.lt\/et\/papuosalas\/halo-disainiga-teemantkorvarongad-round-1-30-ct\/\" \/>\n<meta property=\"og:site_name\" content=\"FashionGold.lt\" \/>\n<meta property=\"article:modified_time\" content=\"2026-02-22T15:43:26+00:00\" \/>\n<meta property=\"og:image\" content=\"https:\/\/fashiongold.lt\/wp-content\/uploads\/2025\/08\/Halo-dizaino-auskarai-su-deimantais-ROUND-1.webp\" \/>\n\t<meta property=\"og:image:width\" content=\"800\" \/>\n\t<meta property=\"og:image:height\" content=\"800\" \/>\n\t<meta property=\"og:image:type\" content=\"image\/png\" \/>\n<meta name=\"twitter:card\" content=\"summary_large_image\" \/>\n<meta name=\"twitter:label1\" content=\"Est. reading time\" \/>\n\t<meta name=\"twitter:data1\" content=\"1 minut\" \/>\n<script type=\"application\/ld+json\" class=\"yoast-schema-graph\">{\"@context\":\"https:\/\/schema.org\",\"@graph\":[{\"@type\":\"WebPage\",\"@id\":\"https:\/\/fashiongold.lt\/et\/papuosalas\/halo-disainiga-teemantkorvarongad-round-1-30-ct\/\",\"url\":\"https:\/\/fashiongold.lt\/et\/papuosalas\/halo-disainiga-teemantkorvarongad-round-1-30-ct\/\",\"name\":\"Halo-disainiga teemantk\u00f5rvar\u00f5ngad \u2013 \u00dcmar (1.30 ct)\",\"isPartOf\":{\"@id\":\"https:\/\/fashiongold.lt\/et\/#website\"},\"primaryImageOfPage\":{\"@id\":\"https:\/\/fashiongold.lt\/et\/papuosalas\/halo-disainiga-teemantkorvarongad-round-1-30-ct\/#primaryimage\"},\"image\":{\"@id\":\"https:\/\/fashiongold.lt\/et\/papuosalas\/halo-disainiga-teemantkorvarongad-round-1-30-ct\/#primaryimage\"},\"thumbnailUrl\":\"https:\/\/fashiongold.lt\/wp-content\/uploads\/2025\/08\/Halo-dizaino-auskarai-su-deimantais-ROUND-1.png\",\"datePublished\":\"2025-08-06T13:19:51+00:00\",\"dateModified\":\"2026-02-22T15:43:26+00:00\",\"description\":\"Halo-disainiga teemantk\u00f5rvar\u00f5ngad, mis lisavad igasse p\u00e4eva rohkem s\u00e4ra. S\u00e4ra elegantselt, valides selle disaini.\",\"breadcrumb\":{\"@id\":\"https:\/\/fashiongold.lt\/et\/papuosalas\/halo-disainiga-teemantkorvarongad-round-1-30-ct\/#breadcrumb\"},\"inLanguage\":\"et\",\"potentialAction\":[{\"@type\":\"ReadAction\",\"target\":[\"https:\/\/fashiongold.lt\/et\/papuosalas\/halo-disainiga-teemantkorvarongad-round-1-30-ct\/\"]}]},{\"@type\":\"ImageObject\",\"inLanguage\":\"et\",\"@id\":\"https:\/\/fashiongold.lt\/et\/papuosalas\/halo-disainiga-teemantkorvarongad-round-1-30-ct\/#primaryimage\",\"url\":\"https:\/\/fashiongold.lt\/wp-content\/uploads\/2025\/08\/Halo-dizaino-auskarai-su-deimantais-ROUND-1.png\",\"contentUrl\":\"https:\/\/fashiongold.lt\/wp-content\/uploads\/2025\/08\/Halo-dizaino-auskarai-su-deimantais-ROUND-1.png\",\"width\":800,\"height\":800,\"caption\":\"Halo dizaino auskarai su apvaliais deimantais i\u0161 balto aukso arba platinos\"},{\"@type\":\"BreadcrumbList\",\"@id\":\"https:\/\/fashiongold.lt\/et\/papuosalas\/halo-disainiga-teemantkorvarongad-round-1-30-ct\/#breadcrumb\",\"itemListElement\":[{\"@type\":\"ListItem\",\"position\":1,\"name\":\"Home\",\"item\":\"https:\/\/fashiongold.lt\/et\/\"},{\"@type\":\"ListItem\",\"position\":2,\"name\":\"Teemantide pood Fashiongold.lt\",\"item\":\"https:\/\/fashiongold.lt\/shop-2\/\"},{\"@type\":\"ListItem\",\"position\":3,\"name\":\"Halo-disainiga teemantk\u00f5rvar\u00f5ngad \u2013 Round (1.30 ct)\"}]},{\"@type\":\"WebSite\",\"@id\":\"https:\/\/fashiongold.lt\/et\/#website\",\"url\":\"https:\/\/fashiongold.lt\/et\/\",\"name\":\"Fashion Gold\",\"description\":\"Juvelyrikos namai\",\"publisher\":{\"@id\":\"https:\/\/fashiongold.lt\/et\/#organization\"},\"potentialAction\":[{\"@type\":\"SearchAction\",\"target\":{\"@type\":\"EntryPoint\",\"urlTemplate\":\"https:\/\/fashiongold.lt\/et\/?s={search_term_string}\"},\"query-input\":{\"@type\":\"PropertyValueSpecification\",\"valueRequired\":true,\"valueName\":\"search_term_string\"}}],\"inLanguage\":\"et\"},{\"@type\":\"Organization\",\"@id\":\"https:\/\/fashiongold.lt\/et\/#organization\",\"name\":\"Topdiamonds Online\",\"url\":\"https:\/\/fashiongold.lt\/et\/\",\"logo\":{\"@type\":\"ImageObject\",\"inLanguage\":\"et\",\"@id\":\"https:\/\/fashiongold.lt\/et\/#\/schema\/logo\/image\/\",\"url\":\"https:\/\/fashiongold.lt\/wp-content\/uploads\/2025\/04\/cropped-fashion_gold_logotipas2-scaled-1.png\",\"contentUrl\":\"https:\/\/fashiongold.lt\/wp-content\/uploads\/2025\/04\/cropped-fashion_gold_logotipas2-scaled-1.png\",\"width\":2559,\"height\":421,\"caption\":\"Topdiamonds Online\"},\"image\":{\"@id\":\"https:\/\/fashiongold.lt\/et\/#\/schema\/logo\/image\/\"}}]}<\/script>\n<!-- \/ Yoast SEO plugin. -->","yoast_head_json":{"title":"Halo-disainiga teemantk\u00f5rvar\u00f5ngad \u2013 \u00dcmar (1.30 ct)","description":"Halo-disainiga teemantk\u00f5rvar\u00f5ngad, mis lisavad igasse p\u00e4eva rohkem s\u00e4ra. S\u00e4ra elegantselt, valides selle disaini.","robots":{"index":"index","follow":"follow","max-snippet":"max-snippet:-1","max-image-preview":"max-image-preview:large","max-video-preview":"max-video-preview:-1"},"canonical":"https:\/\/fashiongold.lt\/et\/papuosalas\/halo-disainiga-teemantkorvarongad-round-1-30-ct\/","og_locale":"et_EE","og_type":"article","og_title":"Halo-disainiga teemantk\u00f5rvar\u00f5ngad \u2013 \u00dcmar (1.30 ct)","og_description":"Halo-disainiga teemantk\u00f5rvar\u00f5ngad, mis lisavad igasse p\u00e4eva rohkem s\u00e4ra. S\u00e4ra elegantselt, valides selle disaini.","og_url":"https:\/\/fashiongold.lt\/et\/papuosalas\/halo-disainiga-teemantkorvarongad-round-1-30-ct\/","og_site_name":"FashionGold.lt","article_modified_time":"2026-02-22T15:43:26+00:00","og_image":[{"width":800,"height":800,"url":"https:\/\/fashiongold.lt\/wp-content\/uploads\/2025\/08\/Halo-dizaino-auskarai-su-deimantais-ROUND-1.webp","type":"image\/png"}],"twitter_card":"summary_large_image","twitter_misc":{"Est. reading time":"1 minut"},"schema":{"@context":"https:\/\/schema.org","@graph":[{"@type":"WebPage","@id":"https:\/\/fashiongold.lt\/et\/papuosalas\/halo-disainiga-teemantkorvarongad-round-1-30-ct\/","url":"https:\/\/fashiongold.lt\/et\/papuosalas\/halo-disainiga-teemantkorvarongad-round-1-30-ct\/","name":"Halo-disainiga teemantk\u00f5rvar\u00f5ngad \u2013 \u00dcmar (1.30 ct)","isPartOf":{"@id":"https:\/\/fashiongold.lt\/et\/#website"},"primaryImageOfPage":{"@id":"https:\/\/fashiongold.lt\/et\/papuosalas\/halo-disainiga-teemantkorvarongad-round-1-30-ct\/#primaryimage"},"image":{"@id":"https:\/\/fashiongold.lt\/et\/papuosalas\/halo-disainiga-teemantkorvarongad-round-1-30-ct\/#primaryimage"},"thumbnailUrl":"https:\/\/fashiongold.lt\/wp-content\/uploads\/2025\/08\/Halo-dizaino-auskarai-su-deimantais-ROUND-1.png","datePublished":"2025-08-06T13:19:51+00:00","dateModified":"2026-02-22T15:43:26+00:00","description":"Halo-disainiga teemantk\u00f5rvar\u00f5ngad, mis lisavad igasse p\u00e4eva rohkem s\u00e4ra. S\u00e4ra elegantselt, valides selle disaini.","breadcrumb":{"@id":"https:\/\/fashiongold.lt\/et\/papuosalas\/halo-disainiga-teemantkorvarongad-round-1-30-ct\/#breadcrumb"},"inLanguage":"et","potentialAction":[{"@type":"ReadAction","target":["https:\/\/fashiongold.lt\/et\/papuosalas\/halo-disainiga-teemantkorvarongad-round-1-30-ct\/"]}]},{"@type":"ImageObject","inLanguage":"et","@id":"https:\/\/fashiongold.lt\/et\/papuosalas\/halo-disainiga-teemantkorvarongad-round-1-30-ct\/#primaryimage","url":"https:\/\/fashiongold.lt\/wp-content\/uploads\/2025\/08\/Halo-dizaino-auskarai-su-deimantais-ROUND-1.png","contentUrl":"https:\/\/fashiongold.lt\/wp-content\/uploads\/2025\/08\/Halo-dizaino-auskarai-su-deimantais-ROUND-1.png","width":800,"height":800,"caption":"Halo dizaino auskarai su apvaliais deimantais i\u0161 balto aukso arba platinos"},{"@type":"BreadcrumbList","@id":"https:\/\/fashiongold.lt\/et\/papuosalas\/halo-disainiga-teemantkorvarongad-round-1-30-ct\/#breadcrumb","itemListElement":[{"@type":"ListItem","position":1,"name":"Home","item":"https:\/\/fashiongold.lt\/et\/"},{"@type":"ListItem","position":2,"name":"Teemantide pood Fashiongold.lt","item":"https:\/\/fashiongold.lt\/shop-2\/"},{"@type":"ListItem","position":3,"name":"Halo-disainiga teemantk\u00f5rvar\u00f5ngad \u2013 Round (1.30 ct)"}]},{"@type":"WebSite","@id":"https:\/\/fashiongold.lt\/et\/#website","url":"https:\/\/fashiongold.lt\/et\/","name":"Fashion Gold","description":"Juvelyrikos namai","publisher":{"@id":"https:\/\/fashiongold.lt\/et\/#organization"},"potentialAction":[{"@type":"SearchAction","target":{"@type":"EntryPoint","urlTemplate":"https:\/\/fashiongold.lt\/et\/?s={search_term_string}"},"query-input":{"@type":"PropertyValueSpecification","valueRequired":true,"valueName":"search_term_string"}}],"inLanguage":"et"},{"@type":"Organization","@id":"https:\/\/fashiongold.lt\/et\/#organization","name":"Topdiamonds Online","url":"https:\/\/fashiongold.lt\/et\/","logo":{"@type":"ImageObject","inLanguage":"et","@id":"https:\/\/fashiongold.lt\/et\/#\/schema\/logo\/image\/","url":"https:\/\/fashiongold.lt\/wp-content\/uploads\/2025\/04\/cropped-fashion_gold_logotipas2-scaled-1.png","contentUrl":"https:\/\/fashiongold.lt\/wp-content\/uploads\/2025\/04\/cropped-fashion_gold_logotipas2-scaled-1.png","width":2559,"height":421,"caption":"Topdiamonds Online"},"image":{"@id":"https:\/\/fashiongold.lt\/et\/#\/schema\/logo\/image\/"}}]}},"_links":{"self":[{"href":"https:\/\/fashiongold.lt\/et\/wp-json\/wp\/v2\/product\/298393","targetHints":{"allow":["GET"]}}],"collection":[{"href":"https:\/\/fashiongold.lt\/et\/wp-json\/wp\/v2\/product"}],"about":[{"href":"https:\/\/fashiongold.lt\/et\/wp-json\/wp\/v2\/types\/product"}],"version-history":[{"count":0,"href":"https:\/\/fashiongold.lt\/et\/wp-json\/wp\/v2\/product\/298393\/revisions"}],"wp:featuredmedia":[{"embeddable":true,"href":"https:\/\/fashiongold.lt\/et\/wp-json\/wp\/v2\/media\/33186"}],"wp:attachment":[{"href":"https:\/\/fashiongold.lt\/et\/wp-json\/wp\/v2\/media?parent=298393"}],"wp:term":[{"taxonomy":"product_brand","embeddable":true,"href":"https:\/\/fashiongold.lt\/et\/wp-json\/wp\/v2\/product_brand?post=298393"},{"taxonomy":"product_cat","embeddable":true,"href":"https:\/\/fashiongold.lt\/et\/wp-json\/wp\/v2\/product_cat?post=298393"},{"taxonomy":"product_tag","embeddable":true,"href":"https:\/\/fashiongold.lt\/et\/wp-json\/wp\/v2\/product_tag?post=298393"}],"curies":[{"name":"wp","href":"https:\/\/api.w.org\/{rel}","templated":true}]}}