{"id":298423,"date":"2025-08-06T11:58:15","date_gmt":"2025-08-06T11:58:15","guid":{"rendered":"https:\/\/fashiongold.lt\/papuosalas\/teemantidega-kaevoru-round-4-00-ct\/"},"modified":"2026-02-22T15:43:41","modified_gmt":"2026-02-22T15:43:41","slug":"teemantidega-kaevoru-round-4-00-ct","status":"publish","type":"product","link":"https:\/\/fashiongold.lt\/et\/papuosalas\/teemantidega-kaevoru-round-4-00-ct\/","title":{"rendered":"Teemantidega k\u00e4ev\u00f5ru &#8211; Round (4.00 ct)"},"content":{"rendered":"<p>Valmistatud vastavalt k\u00f5rgeimatele juveelikunsti meistriklassistandarditele. K\u00e4ev\u00f5ru saab valmistada individuaalselt eritellimusel \u2013 valides lisatasu eest k\u00f5rgema kvaliteediga teemandid.<\/p>\n<p>&nbsp;<\/p>\n<p><span data-sheets-root=\"1\">\u2022 <a href=\"https:\/\/fashiongold.lt\/et\/patarimai-et\/kulla-proov-teemantidega-kaevorule-kuidas-valida-oige\/\" target=\"_blank\" rel=\"noopener\"><strong>V\u00e4\u00e4rismetallid<\/strong><\/a>: 14K (proov 585), 18K (proov 750), 900 plaatina<br \/>\n\u2022 <a href=\"https:\/\/fashiongold.lt\/et\/patarimai-et\/kaevorud-ja-kullavarv-millist-valida-valget-punast-voi-kollast-kulda\/\" target=\"_blank\" rel=\"noopener\"><strong>Saadaolevad kullav\u00e4rvid<\/strong><\/a>: valge, punane, kollane<br \/>\n\u2022 <a href=\"https:\/\/fashiongold.lt\/et\/patarimai-et\/teemantkaevoru-kvaliteet-kaal-pikkus-proov-kulla-varvus\/\" target=\"_blank\" rel=\"noopener\"><strong>Kulla kogukaal<\/strong><\/a> (s\u00f5ltub k\u00e4ev\u00f5ru pikkusest): umbes 8,80 g<br \/>\n\u2022 <a href=\"https:\/\/fashiongold.lt\/et\/patarimai-et\/teemantkaevoru-kuidas-valida-oige-pikkus\/\" target=\"_blank\" rel=\"noopener\"><strong>K\u00e4ev\u00f5ru pikkus<\/strong><\/a> (valikuline): 17 cm, 18 cm, 19 cm, 20 cm, 21 cm, 22 cm<br \/>\n\u2022 <a href=\"https:\/\/fashiongold.lt\/et\/category\/uuri-lahemalt-teemandi-kuju-kohta\/\" target=\"_blank\" rel=\"noopener\"><strong>Teemantide lihv ja kuju<\/strong><\/a>: \u00dcmar kuju (<em>Round cut<\/em>)<br \/>\n\u2022 <strong><a href=\"https:\/\/fashiongold.lt\/et\/patarimai-et\/teemant-kuidas-hinnatakse-koige-vaartuslikuma-vaariskivi-luksust\/\" target=\"_blank\" rel=\"noopener\">Teemantide kaal ja omadused<\/a><\/strong> (muudetav):<br \/>\nLaboris kasvatatud teemandid: umbes 0,06 ct (v\u00e4rvus D-E, puhtus VVS)<br \/>\nLooduslikud teemandid: umbes 0,06 ct (v\u00e4rvus G-I, puhtus SI)<br \/>\nTeemantide kogukaal (s\u00f5ltub k\u00e4ev\u00f5ru pikkusest): umbes 4,00 ct<br \/>\n\u2022 Tasuta <a href=\"https:\/\/fashiongold.lt\/et\/patarimai-et\/kihlasormused-kas-sormust-saab-graveerida-detailid-mis-annavad-teie-kihlasormusele-individuaalsust\/\" target=\"_blank\" rel=\"noopener\"><strong>graveerimine<\/strong><\/a><br \/>\n\u2022 \u00dchekordne tasuta <a href=\"https:\/\/fashiongold.lt\/et\/patarimai-et\/tasuta-kaevoru-pikkuse-muutmine-fashiongold-lt-st-ostetud-ehetele\/\" target=\"_blank\" rel=\"noopener\"><strong>k\u00e4ev\u00f5ru pikkuse muutmise garantii<\/strong><\/a> (vastavalt v\u00f5imalustele)<br \/>\n\u2022 <a href=\"https:\/\/fashiongold.lt\/et\/tarne-ja-tagastamine\/\" target=\"_blank\" rel=\"noopener\"><strong>Valmistamine ja tarne<\/strong><\/a>: alates 14 t\u00f6\u00f6p\u00e4evast, kiirtellimusena 7 t\u00f6\u00f6p\u00e4eva jooksul.<\/span><\/p>\n<p>&nbsp;<\/p>\n<p>Kas teil on oma v\u00e4\u00e4riskivi v\u00f5i kuld? Arvutame uue hinna ja maksate ainult valmistust\u00f6\u00f6 eest. Soovite kohandada teemandi omadusi vastavalt oma visioonile? <strong><a href=\"https:\/\/fashiongold.lt\/et\/kontaktid\/\" target=\"_blank\" rel=\"noopener\">V\u00f5tke \u00fchendust<\/a><\/strong> \u2013 aitame teie idee ellu viia.<br data-start=\"194\" data-end=\"197\" \/>Avastage eksklusiivne teemantehete kollektsioon, mis vastab erinevatele stiilidele ja eelarvetele. Looge ja isikup\u00e4rastage oma ehe koos <a href=\"https:\/\/fashiongold.lt\/et\/\" target=\"_blank\" rel=\"noopener\">FashionGold.lt<\/a>-ga.<\/p>\n","protected":false},"excerpt":{"rendered":"<h2 data-start=\"3624\" data-end=\"3693\">Teemantk\u00e4ev\u00f5ru (4.00 ct) \u2013 valguse vool, mida soovitakse kanda<\/h2>\n<p data-start=\"3695\" data-end=\"3930\">Selles mudelis loovad 4,00 ct kogukaaluga teemandid s\u00e4rava riba, mis meenutab voolavat valgust. K\u00e4ev\u00f5ru n\u00e4eb v\u00e4lja rafineeritud ning tugev kinnitus tagab mugavuse. Ehte disain s\u00e4ilitab tasakaalu igap\u00e4evase kandmise ja piduliku v\u00e4limuse vahel.<\/p>\n<h3 data-start=\"3932\" data-end=\"3990\"><em>Round<\/em>-lihviga teemant \u2013 see on valguse voolu s\u00fcmbol<\/h3>\n<p data-start=\"3992\" data-end=\"4224\">K\u00e4ev\u00f5ru konstruktsioon v\u00f5imaldab t\u00e4pselt istutatud kividel p\u00fc\u00fcda valgust iga nurga alt. See pole mitte ainult kaunis ehe, vaid ka professionaalse juveelit\u00f6\u00f6 n\u00e4ide. See teos r\u00f5hutab kandja peent maitset ja oskust m\u00e4rgata ilu detailides.<\/p>\n","protected":false},"featured_media":260431,"template":"","meta":{"site-sidebar-layout":"default","site-content-layout":"","ast-site-content-layout":"default","site-content-style":"default","site-sidebar-style":"default","ast-global-header-display":"","ast-banner-title-visibility":"","ast-main-header-display":"","ast-hfb-above-header-display":"","ast-hfb-below-header-display":"","ast-hfb-mobile-header-display":"","site-post-title":"","ast-breadcrumbs-content":"","ast-featured-img":"","footer-sml-layout":"","ast-disable-related-posts":"","theme-transparent-header-meta":"default","adv-header-id-meta":"","stick-header-meta":"","header-above-stick-meta":"","header-main-stick-meta":"","header-below-stick-meta":"","astra-migrate-meta-layouts":"default","ast-page-background-enabled":"default","ast-page-background-meta":{"desktop":{"background-color":"var(--ast-global-color-4)","background-image":"","background-repeat":"repeat","background-position":"center center","background-size":"auto","background-attachment":"scroll","background-type":"","background-media":"","overlay-type":"","overlay-color":"","overlay-opacity":"","overlay-gradient":""},"tablet":{"background-color":"","background-image":"","background-repeat":"repeat","background-position":"center center","background-size":"auto","background-attachment":"scroll","background-type":"","background-media":"","overlay-type":"","overlay-color":"","overlay-opacity":"","overlay-gradient":""},"mobile":{"background-color":"","background-image":"","background-repeat":"repeat","background-position":"center center","background-size":"auto","background-attachment":"scroll","background-type":"","background-media":"","overlay-type":"","overlay-color":"","overlay-opacity":"","overlay-gradient":""}},"ast-content-background-meta":{"desktop":{"background-color":"var(--ast-global-color-5)","background-image":"","background-repeat":"repeat","background-position":"center center","background-size":"auto","background-attachment":"scroll","background-type":"","background-media":"","overlay-type":"","overlay-color":"","overlay-opacity":"","overlay-gradient":""},"tablet":{"background-color":"var(--ast-global-color-5)","background-image":"","background-repeat":"repeat","background-position":"center center","background-size":"auto","background-attachment":"scroll","background-type":"","background-media":"","overlay-type":"","overlay-color":"","overlay-opacity":"","overlay-gradient":""},"mobile":{"background-color":"var(--ast-global-color-5)","background-image":"","background-repeat":"repeat","background-position":"center center","background-size":"auto","background-attachment":"scroll","background-type":"","background-media":"","overlay-type":"","overlay-color":"","overlay-opacity":"","overlay-gradient":""}}},"product_brand":[],"product_cat":[2841,2830,2826,4021,2842,2840,3788,2827],"product_tag":[],"class_list":{"0":"post-298423","1":"product","2":"type-product","3":"status-publish","4":"has-post-thumbnail","6":"product_cat-ehted-naistele","7":"product_cat-emadepaeva-kingitused","8":"product_cat-joulukingid","9":"product_cat-kaevorud-teemantidega-laboris-kasvatatud","10":"product_cat-kingiideed","11":"product_cat-meeste-ehted","12":"product_cat-teemantidega-kaevorud","13":"product_cat-valgest-kullast-ehted","14":"desktop-align-center","15":"tablet-align-left","16":"mobile-align-left","17":"ast-product-gallery-layout-horizontal-slider","18":"ast-product-single-variable","19":"ast-product-tabs-layout-accordion","20":"ast-qv-on-image","22":"first","23":"instock","24":"taxable","25":"shipping-taxable","26":"purchasable","27":"product-type-variable"},"yoast_head":"<!-- This site is optimized with the Yoast SEO plugin v26.6 - https:\/\/yoast.com\/wordpress\/plugins\/seo\/ -->\n<title>Teemantidega k\u00e4ev\u00f5ru - Round (4.00 ct)<\/title>\n<meta name=\"description\" content=\"Teemantk\u00e4ev\u00f5ru, milles s\u00e4ravad \u00fcmmarguse (Round) lihviga kivid kogukaaluga 4,00 ct. Erakordse valguse ja elegantsi kooslus.\" \/>\n<meta name=\"robots\" content=\"index, follow, max-snippet:-1, max-image-preview:large, max-video-preview:-1\" \/>\n<link rel=\"canonical\" href=\"https:\/\/fashiongold.lt\/et\/papuosalas\/teemantidega-kaevoru-round-4-00-ct\/\" \/>\n<meta property=\"og:locale\" content=\"et_EE\" \/>\n<meta property=\"og:type\" content=\"article\" \/>\n<meta property=\"og:title\" content=\"Teemantidega k\u00e4ev\u00f5ru - Round (4.00 ct)\" \/>\n<meta property=\"og:description\" content=\"Teemantk\u00e4ev\u00f5ru, milles s\u00e4ravad \u00fcmmarguse (Round) lihviga kivid kogukaaluga 4,00 ct. Erakordse valguse ja elegantsi kooslus.\" \/>\n<meta property=\"og:url\" content=\"https:\/\/fashiongold.lt\/et\/papuosalas\/teemantidega-kaevoru-round-4-00-ct\/\" \/>\n<meta property=\"og:site_name\" content=\"FashionGold.lt\" \/>\n<meta property=\"article:modified_time\" content=\"2026-02-22T15:43:41+00:00\" \/>\n<meta property=\"og:image\" content=\"https:\/\/fashiongold.lt\/wp-content\/uploads\/2025\/05\/Apyranke-su-apvaliais-deimantais-is-balto-aukso-arba-platinos.webp\" \/>\n\t<meta property=\"og:image:width\" content=\"800\" \/>\n\t<meta property=\"og:image:height\" content=\"800\" \/>\n\t<meta property=\"og:image:type\" content=\"image\/png\" \/>\n<meta name=\"twitter:card\" content=\"summary_large_image\" \/>\n<meta name=\"twitter:label1\" content=\"Est. reading time\" \/>\n\t<meta name=\"twitter:data1\" content=\"1 minut\" \/>\n<script type=\"application\/ld+json\" class=\"yoast-schema-graph\">{\"@context\":\"https:\/\/schema.org\",\"@graph\":[{\"@type\":\"WebPage\",\"@id\":\"https:\/\/fashiongold.lt\/et\/papuosalas\/teemantidega-kaevoru-round-4-00-ct\/\",\"url\":\"https:\/\/fashiongold.lt\/et\/papuosalas\/teemantidega-kaevoru-round-4-00-ct\/\",\"name\":\"Teemantidega k\u00e4ev\u00f5ru - Round (4.00 ct)\",\"isPartOf\":{\"@id\":\"https:\/\/fashiongold.lt\/et\/#website\"},\"primaryImageOfPage\":{\"@id\":\"https:\/\/fashiongold.lt\/et\/papuosalas\/teemantidega-kaevoru-round-4-00-ct\/#primaryimage\"},\"image\":{\"@id\":\"https:\/\/fashiongold.lt\/et\/papuosalas\/teemantidega-kaevoru-round-4-00-ct\/#primaryimage\"},\"thumbnailUrl\":\"https:\/\/fashiongold.lt\/wp-content\/uploads\/2025\/05\/Apyranke-su-apvaliais-deimantais-is-balto-aukso-arba-platinos.png\",\"datePublished\":\"2025-08-06T11:58:15+00:00\",\"dateModified\":\"2026-02-22T15:43:41+00:00\",\"description\":\"Teemantk\u00e4ev\u00f5ru, milles s\u00e4ravad \u00fcmmarguse (Round) lihviga kivid kogukaaluga 4,00 ct. Erakordse valguse ja elegantsi kooslus.\",\"breadcrumb\":{\"@id\":\"https:\/\/fashiongold.lt\/et\/papuosalas\/teemantidega-kaevoru-round-4-00-ct\/#breadcrumb\"},\"inLanguage\":\"et\",\"potentialAction\":[{\"@type\":\"ReadAction\",\"target\":[\"https:\/\/fashiongold.lt\/et\/papuosalas\/teemantidega-kaevoru-round-4-00-ct\/\"]}]},{\"@type\":\"ImageObject\",\"inLanguage\":\"et\",\"@id\":\"https:\/\/fashiongold.lt\/et\/papuosalas\/teemantidega-kaevoru-round-4-00-ct\/#primaryimage\",\"url\":\"https:\/\/fashiongold.lt\/wp-content\/uploads\/2025\/05\/Apyranke-su-apvaliais-deimantais-is-balto-aukso-arba-platinos.png\",\"contentUrl\":\"https:\/\/fashiongold.lt\/wp-content\/uploads\/2025\/05\/Apyranke-su-apvaliais-deimantais-is-balto-aukso-arba-platinos.png\",\"width\":800,\"height\":800,\"caption\":\"Apyrank\u0117 su apvaliais deimantais i\u0161 balto aukso arba platinos\"},{\"@type\":\"BreadcrumbList\",\"@id\":\"https:\/\/fashiongold.lt\/et\/papuosalas\/teemantidega-kaevoru-round-4-00-ct\/#breadcrumb\",\"itemListElement\":[{\"@type\":\"ListItem\",\"position\":1,\"name\":\"Home\",\"item\":\"https:\/\/fashiongold.lt\/et\/\"},{\"@type\":\"ListItem\",\"position\":2,\"name\":\"Teemantide pood Fashiongold.lt\",\"item\":\"https:\/\/fashiongold.lt\/shop-2\/\"},{\"@type\":\"ListItem\",\"position\":3,\"name\":\"Teemantidega k\u00e4ev\u00f5ru &#8211; Round (4.00 ct)\"}]},{\"@type\":\"WebSite\",\"@id\":\"https:\/\/fashiongold.lt\/et\/#website\",\"url\":\"https:\/\/fashiongold.lt\/et\/\",\"name\":\"Fashion Gold\",\"description\":\"Juvelyrikos namai\",\"publisher\":{\"@id\":\"https:\/\/fashiongold.lt\/et\/#organization\"},\"potentialAction\":[{\"@type\":\"SearchAction\",\"target\":{\"@type\":\"EntryPoint\",\"urlTemplate\":\"https:\/\/fashiongold.lt\/et\/?s={search_term_string}\"},\"query-input\":{\"@type\":\"PropertyValueSpecification\",\"valueRequired\":true,\"valueName\":\"search_term_string\"}}],\"inLanguage\":\"et\"},{\"@type\":\"Organization\",\"@id\":\"https:\/\/fashiongold.lt\/et\/#organization\",\"name\":\"Topdiamonds Online\",\"url\":\"https:\/\/fashiongold.lt\/et\/\",\"logo\":{\"@type\":\"ImageObject\",\"inLanguage\":\"et\",\"@id\":\"https:\/\/fashiongold.lt\/et\/#\/schema\/logo\/image\/\",\"url\":\"https:\/\/fashiongold.lt\/wp-content\/uploads\/2025\/04\/cropped-fashion_gold_logotipas2-scaled-1.png\",\"contentUrl\":\"https:\/\/fashiongold.lt\/wp-content\/uploads\/2025\/04\/cropped-fashion_gold_logotipas2-scaled-1.png\",\"width\":2559,\"height\":421,\"caption\":\"Topdiamonds Online\"},\"image\":{\"@id\":\"https:\/\/fashiongold.lt\/et\/#\/schema\/logo\/image\/\"}}]}<\/script>\n<!-- \/ Yoast SEO plugin. -->","yoast_head_json":{"title":"Teemantidega k\u00e4ev\u00f5ru - Round (4.00 ct)","description":"Teemantk\u00e4ev\u00f5ru, milles s\u00e4ravad \u00fcmmarguse (Round) lihviga kivid kogukaaluga 4,00 ct. Erakordse valguse ja elegantsi kooslus.","robots":{"index":"index","follow":"follow","max-snippet":"max-snippet:-1","max-image-preview":"max-image-preview:large","max-video-preview":"max-video-preview:-1"},"canonical":"https:\/\/fashiongold.lt\/et\/papuosalas\/teemantidega-kaevoru-round-4-00-ct\/","og_locale":"et_EE","og_type":"article","og_title":"Teemantidega k\u00e4ev\u00f5ru - Round (4.00 ct)","og_description":"Teemantk\u00e4ev\u00f5ru, milles s\u00e4ravad \u00fcmmarguse (Round) lihviga kivid kogukaaluga 4,00 ct. Erakordse valguse ja elegantsi kooslus.","og_url":"https:\/\/fashiongold.lt\/et\/papuosalas\/teemantidega-kaevoru-round-4-00-ct\/","og_site_name":"FashionGold.lt","article_modified_time":"2026-02-22T15:43:41+00:00","og_image":[{"width":800,"height":800,"url":"https:\/\/fashiongold.lt\/wp-content\/uploads\/2025\/05\/Apyranke-su-apvaliais-deimantais-is-balto-aukso-arba-platinos.webp","type":"image\/png"}],"twitter_card":"summary_large_image","twitter_misc":{"Est. reading time":"1 minut"},"schema":{"@context":"https:\/\/schema.org","@graph":[{"@type":"WebPage","@id":"https:\/\/fashiongold.lt\/et\/papuosalas\/teemantidega-kaevoru-round-4-00-ct\/","url":"https:\/\/fashiongold.lt\/et\/papuosalas\/teemantidega-kaevoru-round-4-00-ct\/","name":"Teemantidega k\u00e4ev\u00f5ru - Round (4.00 ct)","isPartOf":{"@id":"https:\/\/fashiongold.lt\/et\/#website"},"primaryImageOfPage":{"@id":"https:\/\/fashiongold.lt\/et\/papuosalas\/teemantidega-kaevoru-round-4-00-ct\/#primaryimage"},"image":{"@id":"https:\/\/fashiongold.lt\/et\/papuosalas\/teemantidega-kaevoru-round-4-00-ct\/#primaryimage"},"thumbnailUrl":"https:\/\/fashiongold.lt\/wp-content\/uploads\/2025\/05\/Apyranke-su-apvaliais-deimantais-is-balto-aukso-arba-platinos.png","datePublished":"2025-08-06T11:58:15+00:00","dateModified":"2026-02-22T15:43:41+00:00","description":"Teemantk\u00e4ev\u00f5ru, milles s\u00e4ravad \u00fcmmarguse (Round) lihviga kivid kogukaaluga 4,00 ct. Erakordse valguse ja elegantsi kooslus.","breadcrumb":{"@id":"https:\/\/fashiongold.lt\/et\/papuosalas\/teemantidega-kaevoru-round-4-00-ct\/#breadcrumb"},"inLanguage":"et","potentialAction":[{"@type":"ReadAction","target":["https:\/\/fashiongold.lt\/et\/papuosalas\/teemantidega-kaevoru-round-4-00-ct\/"]}]},{"@type":"ImageObject","inLanguage":"et","@id":"https:\/\/fashiongold.lt\/et\/papuosalas\/teemantidega-kaevoru-round-4-00-ct\/#primaryimage","url":"https:\/\/fashiongold.lt\/wp-content\/uploads\/2025\/05\/Apyranke-su-apvaliais-deimantais-is-balto-aukso-arba-platinos.png","contentUrl":"https:\/\/fashiongold.lt\/wp-content\/uploads\/2025\/05\/Apyranke-su-apvaliais-deimantais-is-balto-aukso-arba-platinos.png","width":800,"height":800,"caption":"Apyrank\u0117 su apvaliais deimantais i\u0161 balto aukso arba platinos"},{"@type":"BreadcrumbList","@id":"https:\/\/fashiongold.lt\/et\/papuosalas\/teemantidega-kaevoru-round-4-00-ct\/#breadcrumb","itemListElement":[{"@type":"ListItem","position":1,"name":"Home","item":"https:\/\/fashiongold.lt\/et\/"},{"@type":"ListItem","position":2,"name":"Teemantide pood Fashiongold.lt","item":"https:\/\/fashiongold.lt\/shop-2\/"},{"@type":"ListItem","position":3,"name":"Teemantidega k\u00e4ev\u00f5ru &#8211; Round (4.00 ct)"}]},{"@type":"WebSite","@id":"https:\/\/fashiongold.lt\/et\/#website","url":"https:\/\/fashiongold.lt\/et\/","name":"Fashion Gold","description":"Juvelyrikos namai","publisher":{"@id":"https:\/\/fashiongold.lt\/et\/#organization"},"potentialAction":[{"@type":"SearchAction","target":{"@type":"EntryPoint","urlTemplate":"https:\/\/fashiongold.lt\/et\/?s={search_term_string}"},"query-input":{"@type":"PropertyValueSpecification","valueRequired":true,"valueName":"search_term_string"}}],"inLanguage":"et"},{"@type":"Organization","@id":"https:\/\/fashiongold.lt\/et\/#organization","name":"Topdiamonds Online","url":"https:\/\/fashiongold.lt\/et\/","logo":{"@type":"ImageObject","inLanguage":"et","@id":"https:\/\/fashiongold.lt\/et\/#\/schema\/logo\/image\/","url":"https:\/\/fashiongold.lt\/wp-content\/uploads\/2025\/04\/cropped-fashion_gold_logotipas2-scaled-1.png","contentUrl":"https:\/\/fashiongold.lt\/wp-content\/uploads\/2025\/04\/cropped-fashion_gold_logotipas2-scaled-1.png","width":2559,"height":421,"caption":"Topdiamonds Online"},"image":{"@id":"https:\/\/fashiongold.lt\/et\/#\/schema\/logo\/image\/"}}]}},"_links":{"self":[{"href":"https:\/\/fashiongold.lt\/et\/wp-json\/wp\/v2\/product\/298423","targetHints":{"allow":["GET"]}}],"collection":[{"href":"https:\/\/fashiongold.lt\/et\/wp-json\/wp\/v2\/product"}],"about":[{"href":"https:\/\/fashiongold.lt\/et\/wp-json\/wp\/v2\/types\/product"}],"version-history":[{"count":0,"href":"https:\/\/fashiongold.lt\/et\/wp-json\/wp\/v2\/product\/298423\/revisions"}],"wp:featuredmedia":[{"embeddable":true,"href":"https:\/\/fashiongold.lt\/et\/wp-json\/wp\/v2\/media\/260431"}],"wp:attachment":[{"href":"https:\/\/fashiongold.lt\/et\/wp-json\/wp\/v2\/media?parent=298423"}],"wp:term":[{"taxonomy":"product_brand","embeddable":true,"href":"https:\/\/fashiongold.lt\/et\/wp-json\/wp\/v2\/product_brand?post=298423"},{"taxonomy":"product_cat","embeddable":true,"href":"https:\/\/fashiongold.lt\/et\/wp-json\/wp\/v2\/product_cat?post=298423"},{"taxonomy":"product_tag","embeddable":true,"href":"https:\/\/fashiongold.lt\/et\/wp-json\/wp\/v2\/product_tag?post=298423"}],"curies":[{"name":"wp","href":"https:\/\/api.w.org\/{rel}","templated":true}]}}