{"id":298678,"date":"2025-07-29T16:15:01","date_gmt":"2025-07-29T16:15:01","guid":{"rendered":"https:\/\/fashiongold.lt\/papuosalas\/klassikalised-teemantidega-korvarongad-trilliant-1-40-ct\/"},"modified":"2025-07-29T16:15:01","modified_gmt":"2025-07-29T16:15:01","slug":"klassikalised-teemantidega-korvarongad-trilliant-1-40-ct","status":"publish","type":"product","link":"https:\/\/fashiongold.lt\/et\/papuosalas\/klassikalised-teemantidega-korvarongad-trilliant-1-40-ct\/","title":{"rendered":"Klassikalised teemantidega k\u00f5rvar\u00f5ngad \u2013 Trilliant (1.40 ct)"},"content":{"rendered":"<h3>Trilliant-lihviga teemandid loovad erakordse valguse m\u00e4ngu ja neist saab rafineeritud elegantsi s\u00fcmbol.<\/h3>\n<p>Ehted on valmistatud vastavalt k\u00f5rgeimatele juveelit\u00f6\u00f6stuse standarditele. Kliendi soovil saame lisatasu eest kasutada k\u00f5rgema kvaliteediga teemante.<\/p>\n<p>&nbsp;<\/p>\n<p>\u2022 <a href=\"https:\/\/fashiongold.lt\/et\/patarimai-et\/kulla-proov-korvarongastele-kuidas-valida-kvaliteetseid-ja-vastupidavaid-ehteid\/\" target=\"_blank\" rel=\"noopener\"><strong>V\u00e4\u00e4rismetallid<\/strong><\/a>: 14K (proov 585), 18K (proov 750), 900 plaatina<br \/>\n\u2022 <a href=\"https:\/\/fashiongold.lt\/et\/patarimai-et\/korvarongaste-kullavarv-valge-punane-ja-kollane-kuld-teemantidega\/\" target=\"_blank\" rel=\"noopener\"><strong>Kullav\u00e4rvi valikud<\/strong><\/a>: kollane, punane, valge<br \/>\n\u2022 <strong><a href=\"https:\/\/fashiongold.lt\/et\/patarimai-et\/teemantkorvarongad-taiuslikud-proportsioonid-kuidas-valida-ideaalsed\/\" target=\"_blank\" rel=\"noopener\">K\u00f5rvar\u00f5nga krooni l\u00e4bim\u00f5\u00f5t<\/a><\/strong>: umbes 5 mm<br \/>\n\u2022 Bendras <a href=\"https:\/\/fashiongold.lt\/auskaru-aukso-svoris\/\" target=\"_blank\" rel=\"noopener\"><strong>kulla kogukaal<\/strong><\/a>: umbes 1,50 g<br \/>\n\u2022 Bendras <strong><a href=\"https:\/\/fashiongold.lt\/deimantu-svoris\/\" target=\"_blank\" rel=\"noopener\">teemantide kogukaal<\/a><\/strong>: 1,40 ct<br \/>\n\u2022 <strong><a href=\"https:\/\/fashiongold.lt\/et\/patarimai-et\/teemant-teised-teemandi-kujud\/\" target=\"_blank\" rel=\"noopener\">Teemantide kuju ja lihv<\/a><\/strong>: Kolmnurkne kuju (<em>Trilliant cut<\/em>)<br \/>\n\u2022 <strong><a href=\"https:\/\/fashiongold.lt\/et\/patarimai-et\/teemant-looduslik-laboris-kasvatatud-voi-kunstlik-kuidas-teha-oige-valik\/\" target=\"_blank\" rel=\"noopener\">Teemantide p\u00e4ritolu<\/a><\/strong>: Laboris kasvatatud teemandid v\u00f5i looduslikud teemandid<br \/>\n\u2022 <a href=\"https:\/\/fashiongold.lt\/et\/patarimai-et\/teemant-mida-peab-teadma-enne-ostmist\/\" target=\"_blank\" rel=\"noopener\"><strong>Teemandi kaal ja omadused<\/strong><\/a> (muudetav):<br \/>\nLaboris kasvatatud teemant (IGI sertifikaat): 0,70 ct teemant (v\u00e4rvus D-E, puhtus VVS)<br \/>\nLooduslik teemant (GIA sertifikaat): 0,70 ct teemant (v\u00e4rvus G-I, puhtus SI)<br \/>\n\u2022 <a href=\"https:\/\/fashiongold.lt\/et\/tarne-ja-tagastamine\/\" target=\"_blank\" rel=\"noopener\"><strong>Valmistamis- ja tarneaeg<\/strong><\/a>: tavaliselt umbes 14 t\u00f6\u00f6p\u00e4eva, vajadusel saame pakkuda kiiret varianti <span data-sheets-root=\"1\">\u2013 <\/span>7 t\u00f6\u00f6p\u00e4eva.<\/p>\n<p>&nbsp;<\/p>\n<p>Kas teil on oma kuld v\u00f5i v\u00e4\u00e4riskivi? Sellisel juhul on k\u00f5rvar\u00f5ngaste hind soodsam <span data-sheets-root=\"1\">\u2013<\/span> maksate ainult ehte valmistamise eest. Soovite muuta teemantide omadusi \u2013 v\u00e4rvust, suurust v\u00f5i puhtust? Saame k\u00f5ike kohandada vastavalt teie vajadustele. <strong><a href=\"https:\/\/fashiongold.lt\/et\/kontaktid\/\" target=\"_blank\" rel=\"noopener\">V\u00f5tke meiega \u00fchendust<\/a><\/strong> ja arutame individuaalseid v\u00f5imalusi.<br \/>\nIga\u00fcks leiab oma stiilile vastavaid teemantidega ehteid \u2013 alates peentest klassikalistest kuni luksuslike aktsentideni. FashionGold kutsub teid ehteid personaliseerima ja muutma need oma ainulaadseks looks.<\/p>\n","protected":false},"excerpt":{"rendered":"<h2>Klassikalised teemantk\u00f5rvar\u00f5ngad (1.40 ct) \u2013 luksus ja s\u00fcmboolika \u00fches ehtes.<\/h2>\n<p><em>Trilliant<\/em>-lihviga teemandid nendes k\u00f5rvar\u00f5ngastes lummavad oma erilise kolmnurkse kujuga. See s\u00fcmboliseerib harmooniat mineviku, oleviku ja tuleviku vahel \u2013 suurep\u00e4rane t\u00e4hendus kingituseks endale v\u00f5i teistele. Ehted on valmistatud kvaliteetsest metallist \u2013 saate valida kollase, valge, punase kulla v\u00f5i plaatina vahel. Kinnitused v\u00f5ivad olla nii l\u00fckatavad kui ka kruvitavad, mist\u00f5ttu on k\u00f5rvar\u00f5ngad mitte ainult elegantsed, vaid ka mugavad igap\u00e4evaseks kandmiseks.<\/p>\n","protected":false},"featured_media":29150,"template":"","meta":{"site-sidebar-layout":"default","site-content-layout":"","ast-site-content-layout":"default","site-content-style":"default","site-sidebar-style":"default","ast-global-header-display":"","ast-banner-title-visibility":"","ast-main-header-display":"","ast-hfb-above-header-display":"","ast-hfb-below-header-display":"","ast-hfb-mobile-header-display":"","site-post-title":"","ast-breadcrumbs-content":"","ast-featured-img":"","footer-sml-layout":"","ast-disable-related-posts":"","theme-transparent-header-meta":"default","adv-header-id-meta":"","stick-header-meta":"","header-above-stick-meta":"","header-main-stick-meta":"","header-below-stick-meta":"","astra-migrate-meta-layouts":"default","ast-page-background-enabled":"default","ast-page-background-meta":{"desktop":{"background-color":"var(--ast-global-color-4)","background-image":"","background-repeat":"repeat","background-position":"center center","background-size":"auto","background-attachment":"scroll","background-type":"","background-media":"","overlay-type":"","overlay-color":"","overlay-opacity":"","overlay-gradient":""},"tablet":{"background-color":"","background-image":"","background-repeat":"repeat","background-position":"center center","background-size":"auto","background-attachment":"scroll","background-type":"","background-media":"","overlay-type":"","overlay-color":"","overlay-opacity":"","overlay-gradient":""},"mobile":{"background-color":"","background-image":"","background-repeat":"repeat","background-position":"center center","background-size":"auto","background-attachment":"scroll","background-type":"","background-media":"","overlay-type":"","overlay-color":"","overlay-opacity":"","overlay-gradient":""}},"ast-content-background-meta":{"desktop":{"background-color":"var(--ast-global-color-5)","background-image":"","background-repeat":"repeat","background-position":"center center","background-size":"auto","background-attachment":"scroll","background-type":"","background-media":"","overlay-type":"","overlay-color":"","overlay-opacity":"","overlay-gradient":""},"tablet":{"background-color":"var(--ast-global-color-5)","background-image":"","background-repeat":"repeat","background-position":"center center","background-size":"auto","background-attachment":"scroll","background-type":"","background-media":"","overlay-type":"","overlay-color":"","overlay-opacity":"","overlay-gradient":""},"mobile":{"background-color":"var(--ast-global-color-5)","background-image":"","background-repeat":"repeat","background-position":"center center","background-size":"auto","background-attachment":"scroll","background-type":"","background-media":"","overlay-type":"","overlay-color":"","overlay-opacity":"","overlay-gradient":""}}},"product_brand":[],"product_cat":[3058,2841,4021,3549,3548,2969,2966,2827],"product_tag":[],"class_list":{"0":"post-298678","1":"product","2":"type-product","3":"status-publish","4":"has-post-thumbnail","6":"product_cat-ehted","7":"product_cat-ehted-naistele","8":"product_cat-kaevorud-teemantidega-laboris-kasvatatud","9":"product_cat-korvarongad-teemantidega-laboris-kasvatatud","10":"product_cat-laboriteemantidega-ehted","11":"product_cat-naelkorvarongad","12":"product_cat-teemantidega-korvarongad","13":"product_cat-valgest-kullast-ehted","14":"desktop-align-center","15":"tablet-align-left","16":"mobile-align-left","17":"ast-product-gallery-layout-horizontal-slider","18":"ast-product-single-variable","19":"ast-product-tabs-layout-accordion","20":"ast-qv-on-image","22":"first","23":"instock","24":"taxable","25":"shipping-taxable","26":"purchasable","27":"product-type-variable"},"yoast_head":"<!-- This site is optimized with the Yoast SEO plugin v26.6 - https:\/\/yoast.com\/wordpress\/plugins\/seo\/ -->\n<title>Klassikalised teemantidega k\u00f5rvar\u00f5ngad \u2013 Trilliant (1.40 ct)<\/title>\n<meta name=\"description\" content=\"Teemantk\u00f5rvar\u00f5ngad \u2013 erakordne luksus ainulaadses kolmnurksete kivide vormis, mis r\u00f5hutab modernset, kuid samas klassikalist iseloomu.\" \/>\n<meta name=\"robots\" content=\"index, follow, max-snippet:-1, max-image-preview:large, max-video-preview:-1\" \/>\n<link rel=\"canonical\" href=\"https:\/\/fashiongold.lt\/et\/papuosalas\/klassikalised-teemantidega-korvarongad-trilliant-1-40-ct\/\" \/>\n<meta property=\"og:locale\" content=\"et_EE\" \/>\n<meta property=\"og:type\" content=\"article\" \/>\n<meta property=\"og:title\" content=\"Klassikalised teemantidega k\u00f5rvar\u00f5ngad \u2013 Trilliant (1.40 ct)\" \/>\n<meta property=\"og:description\" content=\"Teemantk\u00f5rvar\u00f5ngad \u2013 erakordne luksus ainulaadses kolmnurksete kivide vormis, mis r\u00f5hutab modernset, kuid samas klassikalist iseloomu.\" \/>\n<meta property=\"og:url\" content=\"https:\/\/fashiongold.lt\/et\/papuosalas\/klassikalised-teemantidega-korvarongad-trilliant-1-40-ct\/\" \/>\n<meta property=\"og:site_name\" content=\"FashionGold.lt\" \/>\n<meta property=\"og:image\" content=\"https:\/\/fashiongold.lt\/wp-content\/uploads\/2025\/07\/Klasikiniai-auskarai-su-deimantu-TRIANGULAR-DEIMANTAI-1121-2.webp\" \/>\n\t<meta property=\"og:image:width\" content=\"800\" \/>\n\t<meta property=\"og:image:height\" content=\"800\" \/>\n\t<meta property=\"og:image:type\" content=\"image\/jpeg\" \/>\n<meta name=\"twitter:card\" content=\"summary_large_image\" \/>\n<meta name=\"twitter:label1\" content=\"Est. reading time\" \/>\n\t<meta name=\"twitter:data1\" content=\"1 minut\" \/>\n<script type=\"application\/ld+json\" class=\"yoast-schema-graph\">{\"@context\":\"https:\/\/schema.org\",\"@graph\":[{\"@type\":\"WebPage\",\"@id\":\"https:\/\/fashiongold.lt\/et\/papuosalas\/klassikalised-teemantidega-korvarongad-trilliant-1-40-ct\/\",\"url\":\"https:\/\/fashiongold.lt\/et\/papuosalas\/klassikalised-teemantidega-korvarongad-trilliant-1-40-ct\/\",\"name\":\"Klassikalised teemantidega k\u00f5rvar\u00f5ngad \u2013 Trilliant (1.40 ct)\",\"isPartOf\":{\"@id\":\"https:\/\/fashiongold.lt\/et\/#website\"},\"primaryImageOfPage\":{\"@id\":\"https:\/\/fashiongold.lt\/et\/papuosalas\/klassikalised-teemantidega-korvarongad-trilliant-1-40-ct\/#primaryimage\"},\"image\":{\"@id\":\"https:\/\/fashiongold.lt\/et\/papuosalas\/klassikalised-teemantidega-korvarongad-trilliant-1-40-ct\/#primaryimage\"},\"thumbnailUrl\":\"https:\/\/fashiongold.lt\/wp-content\/uploads\/2025\/07\/Klasikiniai-auskarai-su-deimantu-TRIANGULAR-DEIMANTAI-1121-2.jpg\",\"datePublished\":\"2025-07-29T16:15:01+00:00\",\"description\":\"Teemantk\u00f5rvar\u00f5ngad \u2013 erakordne luksus ainulaadses kolmnurksete kivide vormis, mis r\u00f5hutab modernset, kuid samas klassikalist iseloomu.\",\"breadcrumb\":{\"@id\":\"https:\/\/fashiongold.lt\/et\/papuosalas\/klassikalised-teemantidega-korvarongad-trilliant-1-40-ct\/#breadcrumb\"},\"inLanguage\":\"et\",\"potentialAction\":[{\"@type\":\"ReadAction\",\"target\":[\"https:\/\/fashiongold.lt\/et\/papuosalas\/klassikalised-teemantidega-korvarongad-trilliant-1-40-ct\/\"]}]},{\"@type\":\"ImageObject\",\"inLanguage\":\"et\",\"@id\":\"https:\/\/fashiongold.lt\/et\/papuosalas\/klassikalised-teemantidega-korvarongad-trilliant-1-40-ct\/#primaryimage\",\"url\":\"https:\/\/fashiongold.lt\/wp-content\/uploads\/2025\/07\/Klasikiniai-auskarai-su-deimantu-TRIANGULAR-DEIMANTAI-1121-2.jpg\",\"contentUrl\":\"https:\/\/fashiongold.lt\/wp-content\/uploads\/2025\/07\/Klasikiniai-auskarai-su-deimantu-TRIANGULAR-DEIMANTAI-1121-2.jpg\",\"width\":800,\"height\":800,\"caption\":\"Klasikiniai auskarai su deimantu i\u0161 balto aukso arba platinos - trilliant cut deimantai\"},{\"@type\":\"BreadcrumbList\",\"@id\":\"https:\/\/fashiongold.lt\/et\/papuosalas\/klassikalised-teemantidega-korvarongad-trilliant-1-40-ct\/#breadcrumb\",\"itemListElement\":[{\"@type\":\"ListItem\",\"position\":1,\"name\":\"Home\",\"item\":\"https:\/\/fashiongold.lt\/et\/\"},{\"@type\":\"ListItem\",\"position\":2,\"name\":\"Teemantide pood Fashiongold.lt\",\"item\":\"https:\/\/fashiongold.lt\/shop-2\/\"},{\"@type\":\"ListItem\",\"position\":3,\"name\":\"Klassikalised teemantidega k\u00f5rvar\u00f5ngad \u2013 Trilliant (1.40 ct)\"}]},{\"@type\":\"WebSite\",\"@id\":\"https:\/\/fashiongold.lt\/et\/#website\",\"url\":\"https:\/\/fashiongold.lt\/et\/\",\"name\":\"Fashion Gold\",\"description\":\"Juvelyrikos namai\",\"publisher\":{\"@id\":\"https:\/\/fashiongold.lt\/et\/#organization\"},\"potentialAction\":[{\"@type\":\"SearchAction\",\"target\":{\"@type\":\"EntryPoint\",\"urlTemplate\":\"https:\/\/fashiongold.lt\/et\/?s={search_term_string}\"},\"query-input\":{\"@type\":\"PropertyValueSpecification\",\"valueRequired\":true,\"valueName\":\"search_term_string\"}}],\"inLanguage\":\"et\"},{\"@type\":\"Organization\",\"@id\":\"https:\/\/fashiongold.lt\/et\/#organization\",\"name\":\"Topdiamonds Online\",\"url\":\"https:\/\/fashiongold.lt\/et\/\",\"logo\":{\"@type\":\"ImageObject\",\"inLanguage\":\"et\",\"@id\":\"https:\/\/fashiongold.lt\/et\/#\/schema\/logo\/image\/\",\"url\":\"https:\/\/fashiongold.lt\/wp-content\/uploads\/2025\/04\/cropped-fashion_gold_logotipas2-scaled-1.png\",\"contentUrl\":\"https:\/\/fashiongold.lt\/wp-content\/uploads\/2025\/04\/cropped-fashion_gold_logotipas2-scaled-1.png\",\"width\":2559,\"height\":421,\"caption\":\"Topdiamonds Online\"},\"image\":{\"@id\":\"https:\/\/fashiongold.lt\/et\/#\/schema\/logo\/image\/\"}}]}<\/script>\n<!-- \/ Yoast SEO plugin. -->","yoast_head_json":{"title":"Klassikalised teemantidega k\u00f5rvar\u00f5ngad \u2013 Trilliant (1.40 ct)","description":"Teemantk\u00f5rvar\u00f5ngad \u2013 erakordne luksus ainulaadses kolmnurksete kivide vormis, mis r\u00f5hutab modernset, kuid samas klassikalist iseloomu.","robots":{"index":"index","follow":"follow","max-snippet":"max-snippet:-1","max-image-preview":"max-image-preview:large","max-video-preview":"max-video-preview:-1"},"canonical":"https:\/\/fashiongold.lt\/et\/papuosalas\/klassikalised-teemantidega-korvarongad-trilliant-1-40-ct\/","og_locale":"et_EE","og_type":"article","og_title":"Klassikalised teemantidega k\u00f5rvar\u00f5ngad \u2013 Trilliant (1.40 ct)","og_description":"Teemantk\u00f5rvar\u00f5ngad \u2013 erakordne luksus ainulaadses kolmnurksete kivide vormis, mis r\u00f5hutab modernset, kuid samas klassikalist iseloomu.","og_url":"https:\/\/fashiongold.lt\/et\/papuosalas\/klassikalised-teemantidega-korvarongad-trilliant-1-40-ct\/","og_site_name":"FashionGold.lt","og_image":[{"width":800,"height":800,"url":"https:\/\/fashiongold.lt\/wp-content\/uploads\/2025\/07\/Klasikiniai-auskarai-su-deimantu-TRIANGULAR-DEIMANTAI-1121-2.webp","type":"image\/jpeg"}],"twitter_card":"summary_large_image","twitter_misc":{"Est. reading time":"1 minut"},"schema":{"@context":"https:\/\/schema.org","@graph":[{"@type":"WebPage","@id":"https:\/\/fashiongold.lt\/et\/papuosalas\/klassikalised-teemantidega-korvarongad-trilliant-1-40-ct\/","url":"https:\/\/fashiongold.lt\/et\/papuosalas\/klassikalised-teemantidega-korvarongad-trilliant-1-40-ct\/","name":"Klassikalised teemantidega k\u00f5rvar\u00f5ngad \u2013 Trilliant (1.40 ct)","isPartOf":{"@id":"https:\/\/fashiongold.lt\/et\/#website"},"primaryImageOfPage":{"@id":"https:\/\/fashiongold.lt\/et\/papuosalas\/klassikalised-teemantidega-korvarongad-trilliant-1-40-ct\/#primaryimage"},"image":{"@id":"https:\/\/fashiongold.lt\/et\/papuosalas\/klassikalised-teemantidega-korvarongad-trilliant-1-40-ct\/#primaryimage"},"thumbnailUrl":"https:\/\/fashiongold.lt\/wp-content\/uploads\/2025\/07\/Klasikiniai-auskarai-su-deimantu-TRIANGULAR-DEIMANTAI-1121-2.jpg","datePublished":"2025-07-29T16:15:01+00:00","description":"Teemantk\u00f5rvar\u00f5ngad \u2013 erakordne luksus ainulaadses kolmnurksete kivide vormis, mis r\u00f5hutab modernset, kuid samas klassikalist iseloomu.","breadcrumb":{"@id":"https:\/\/fashiongold.lt\/et\/papuosalas\/klassikalised-teemantidega-korvarongad-trilliant-1-40-ct\/#breadcrumb"},"inLanguage":"et","potentialAction":[{"@type":"ReadAction","target":["https:\/\/fashiongold.lt\/et\/papuosalas\/klassikalised-teemantidega-korvarongad-trilliant-1-40-ct\/"]}]},{"@type":"ImageObject","inLanguage":"et","@id":"https:\/\/fashiongold.lt\/et\/papuosalas\/klassikalised-teemantidega-korvarongad-trilliant-1-40-ct\/#primaryimage","url":"https:\/\/fashiongold.lt\/wp-content\/uploads\/2025\/07\/Klasikiniai-auskarai-su-deimantu-TRIANGULAR-DEIMANTAI-1121-2.jpg","contentUrl":"https:\/\/fashiongold.lt\/wp-content\/uploads\/2025\/07\/Klasikiniai-auskarai-su-deimantu-TRIANGULAR-DEIMANTAI-1121-2.jpg","width":800,"height":800,"caption":"Klasikiniai auskarai su deimantu i\u0161 balto aukso arba platinos - trilliant cut deimantai"},{"@type":"BreadcrumbList","@id":"https:\/\/fashiongold.lt\/et\/papuosalas\/klassikalised-teemantidega-korvarongad-trilliant-1-40-ct\/#breadcrumb","itemListElement":[{"@type":"ListItem","position":1,"name":"Home","item":"https:\/\/fashiongold.lt\/et\/"},{"@type":"ListItem","position":2,"name":"Teemantide pood Fashiongold.lt","item":"https:\/\/fashiongold.lt\/shop-2\/"},{"@type":"ListItem","position":3,"name":"Klassikalised teemantidega k\u00f5rvar\u00f5ngad \u2013 Trilliant (1.40 ct)"}]},{"@type":"WebSite","@id":"https:\/\/fashiongold.lt\/et\/#website","url":"https:\/\/fashiongold.lt\/et\/","name":"Fashion Gold","description":"Juvelyrikos namai","publisher":{"@id":"https:\/\/fashiongold.lt\/et\/#organization"},"potentialAction":[{"@type":"SearchAction","target":{"@type":"EntryPoint","urlTemplate":"https:\/\/fashiongold.lt\/et\/?s={search_term_string}"},"query-input":{"@type":"PropertyValueSpecification","valueRequired":true,"valueName":"search_term_string"}}],"inLanguage":"et"},{"@type":"Organization","@id":"https:\/\/fashiongold.lt\/et\/#organization","name":"Topdiamonds Online","url":"https:\/\/fashiongold.lt\/et\/","logo":{"@type":"ImageObject","inLanguage":"et","@id":"https:\/\/fashiongold.lt\/et\/#\/schema\/logo\/image\/","url":"https:\/\/fashiongold.lt\/wp-content\/uploads\/2025\/04\/cropped-fashion_gold_logotipas2-scaled-1.png","contentUrl":"https:\/\/fashiongold.lt\/wp-content\/uploads\/2025\/04\/cropped-fashion_gold_logotipas2-scaled-1.png","width":2559,"height":421,"caption":"Topdiamonds Online"},"image":{"@id":"https:\/\/fashiongold.lt\/et\/#\/schema\/logo\/image\/"}}]}},"_links":{"self":[{"href":"https:\/\/fashiongold.lt\/et\/wp-json\/wp\/v2\/product\/298678","targetHints":{"allow":["GET"]}}],"collection":[{"href":"https:\/\/fashiongold.lt\/et\/wp-json\/wp\/v2\/product"}],"about":[{"href":"https:\/\/fashiongold.lt\/et\/wp-json\/wp\/v2\/types\/product"}],"version-history":[{"count":0,"href":"https:\/\/fashiongold.lt\/et\/wp-json\/wp\/v2\/product\/298678\/revisions"}],"wp:featuredmedia":[{"embeddable":true,"href":"https:\/\/fashiongold.lt\/et\/wp-json\/wp\/v2\/media\/29150"}],"wp:attachment":[{"href":"https:\/\/fashiongold.lt\/et\/wp-json\/wp\/v2\/media?parent=298678"}],"wp:term":[{"taxonomy":"product_brand","embeddable":true,"href":"https:\/\/fashiongold.lt\/et\/wp-json\/wp\/v2\/product_brand?post=298678"},{"taxonomy":"product_cat","embeddable":true,"href":"https:\/\/fashiongold.lt\/et\/wp-json\/wp\/v2\/product_cat?post=298678"},{"taxonomy":"product_tag","embeddable":true,"href":"https:\/\/fashiongold.lt\/et\/wp-json\/wp\/v2\/product_tag?post=298678"}],"curies":[{"name":"wp","href":"https:\/\/api.w.org\/{rel}","templated":true}]}}