{"id":298803,"date":"2025-07-29T10:10:29","date_gmt":"2025-07-29T10:10:29","guid":{"rendered":"https:\/\/fashiongold.lt\/papuosalas\/klassikalised-teemantidega-korvarongad-round-1-20-ct\/"},"modified":"2025-07-29T10:10:29","modified_gmt":"2025-07-29T10:10:29","slug":"klassikalised-teemantidega-korvarongad-round-1-20-ct","status":"publish","type":"product","link":"https:\/\/fashiongold.lt\/et\/papuosalas\/klassikalised-teemantidega-korvarongad-round-1-20-ct\/","title":{"rendered":"Klassikalised teemantidega k\u00f5rvar\u00f5ngad \u2013 Round (1.20 ct)"},"content":{"rendered":"<h3 data-start=\"168\" data-end=\"433\">\u00dcmmargused teemandid kehastavad t\u00e4iuslikku tasakaalu ja nende s\u00e4ra muutub luksuse vaikseks v\u00e4ljenduseks.<\/h3>\n<p data-start=\"168\" data-end=\"433\">Ehted on valmistatud vastavalt k\u00f5rgeimatele juveelitootmise standarditele. Kliendi soovil saame lisatasu eest kasutada k\u00f5rgema kvaliteediga teemante.<\/p>\n<p>&nbsp;<\/p>\n<p>\u2022 <a href=\"https:\/\/fashiongold.lt\/et\/patarimai-et\/kulla-proov-korvarongastele-kuidas-valida-kvaliteetseid-ja-vastupidavaid-ehteid\/\" target=\"_blank\" rel=\"noopener\"><strong>V\u00e4\u00e4rismetallid<\/strong><\/a>: 14K (proov 585), 18K (proov 750), 900 plaatina<br \/>\n\u2022 <a href=\"https:\/\/fashiongold.lt\/et\/patarimai-et\/korvarongaste-kullavarv-valge-punane-ja-kollane-kuld-teemantidega\/\" target=\"_blank\" rel=\"noopener\"><strong>Kullav\u00e4rvi valikud<\/strong><\/a>: kollane, punane, valge<br \/>\n\u2022 <strong><a href=\"https:\/\/fashiongold.lt\/et\/patarimai-et\/teemantkorvarongad-taiuslikud-proportsioonid-kuidas-valida-ideaalsed\/\" target=\"_blank\" rel=\"noopener\">K\u00f5rvar\u00f5ngaste krooni l\u00e4bim\u00f5\u00f5t<\/a><\/strong>: umbes 5,5 mm (muudetav)<br \/>\n\u2022 Bendras <a href=\"https:\/\/fashiongold.lt\/auskaru-aukso-svoris\/\" target=\"_blank\" rel=\"noopener\"><strong>kulla kaal<\/strong><\/a>: umbes 1,50 g<br \/>\n\u2022 Bendras <strong><a href=\"https:\/\/fashiongold.lt\/deimantu-svoris\/\" target=\"_blank\" rel=\"noopener\">teemantide kogukaal<\/a><\/strong>: 1,20 ct<br \/>\n\u2022 <strong><a href=\"https:\/\/fashiongold.lt\/et\/patarimai-et\/teemant-teised-teemandi-kujud\/\" target=\"_blank\" rel=\"noopener\">Teemantide kuju ja lihv<\/a><\/strong>: \u00dcmar kuju (<em>Round cut<\/em>)<br \/>\n\u2022 <strong><a href=\"https:\/\/fashiongold.lt\/et\/patarimai-et\/teemant-looduslik-laboris-kasvatatud-voi-kunstlik-kuidas-teha-oige-valik\/\" target=\"_blank\" rel=\"noopener\">Teemantide p\u00e4ritolu<\/a><\/strong>: Laboris kasvatatud teemandid v\u00f5i looduslikud teemandid<br \/>\n\u2022 <a href=\"https:\/\/fashiongold.lt\/et\/patarimai-et\/teemant-mida-peab-teadma-enne-ostmist\/\" target=\"_blank\" rel=\"noopener\"><strong>Teemandi kaal ja omadused<\/strong><\/a> (muudetavad):<br \/>\nLaboris kasvatatud teemant (IGI sertifikaat): 0,60 ct teemant (v\u00e4rvus D-E, puhtus VVS)<br \/>\nLooduslik teemant (GIA sertifikaat): 0,60 ct teemant (v\u00e4rvus G-I, puhtus SI)<br \/>\n\u2022 <a href=\"https:\/\/fashiongold.lt\/et\/tarne-ja-tagastamine\/\" target=\"_blank\" rel=\"noopener\"><strong>Valmistamis- ja tarneaeg<\/strong><\/a>: tavaliselt umbes 14 t\u00f6\u00f6p\u00e4eva, vajadusel saame pakkuda kiirvarianti <span data-sheets-root=\"1\">\u2013 <\/span>7 t\u00f6\u00f6p\u00e4eva.<\/p>\n<p>&nbsp;<\/p>\n<p>Kas teil on oma kuld v\u00f5i v\u00e4\u00e4riskivi? Sellisel juhul on k\u00f5rvar\u00f5ngaste hind madalam <span data-sheets-root=\"1\">\u2013<\/span> maksate vaid ehte valmistamise eest. Soovite muuta teemantide omadusi \u2013 v\u00e4rvust, suurust v\u00f5i puhtust? Saame k\u00f5ike vastavalt teie vajadustele kohandada. <strong><a href=\"https:\/\/fashiongold.lt\/et\/kontaktid\/\" target=\"_blank\" rel=\"noopener\">V\u00f5tke meiega \u00fchendust<\/a><\/strong> ja arutame individuaalseid v\u00f5imalusi.<br \/>\nIga\u00fcks leiab oma stiilile vastavad teemantehted \u2013 alates subt\u00fc\u00fclsetest klassikalistest kuni luksuslike aktsentideni. FashionGold kutsub teid ehteid personaliseerima ja muutma need erakordselt teie peaks looks.<\/p>\n","protected":false},"excerpt":{"rendered":"<h2><span data-sheets-root=\"1\">Klassikalised teemantk\u00f5rvar\u00f5ngad (1.20 ct) \u2013 Round-lihvi s\u00e4ra igaks s\u00fcndmuseks.<\/span><\/h2>\n<p>Klassikalised teemantk\u00f5rvar\u00f5ngad on ehe, mis ei kaota kunagi oma v\u00e4\u00e4rtust. <em>Round<\/em>-lihviga kivid on meisterlikult seatud nii, et iga\u00fcks neist peegeldaks maksimaalset valguse lummust. Neli subtiilset k\u00fcunist tagavad kindluse, s\u00e4ilitades samas minimalistliku elegantsi. Valitud v\u00e4\u00e4rismetall \u2013 kuld v\u00f5i plaatina \u2013 annab neile k\u00f5rvar\u00f5ngastele vastupidavuse ja luksuslikkuse. See on universaalne ehe, mis sobib suurep\u00e4raselt nii igap\u00e4evase kui ka piduliku stiiliga, andes enesekindlust ja erakordset sarmu.<\/p>\n","protected":false},"featured_media":32911,"template":"","meta":{"site-sidebar-layout":"default","site-content-layout":"","ast-site-content-layout":"default","site-content-style":"default","site-sidebar-style":"default","ast-global-header-display":"","ast-banner-title-visibility":"","ast-main-header-display":"","ast-hfb-above-header-display":"","ast-hfb-below-header-display":"","ast-hfb-mobile-header-display":"","site-post-title":"","ast-breadcrumbs-content":"","ast-featured-img":"","footer-sml-layout":"","ast-disable-related-posts":"","theme-transparent-header-meta":"default","adv-header-id-meta":"","stick-header-meta":"","header-above-stick-meta":"","header-main-stick-meta":"","header-below-stick-meta":"","astra-migrate-meta-layouts":"default","ast-page-background-enabled":"default","ast-page-background-meta":{"desktop":{"background-color":"var(--ast-global-color-4)","background-image":"","background-repeat":"repeat","background-position":"center center","background-size":"auto","background-attachment":"scroll","background-type":"","background-media":"","overlay-type":"","overlay-color":"","overlay-opacity":"","overlay-gradient":""},"tablet":{"background-color":"","background-image":"","background-repeat":"repeat","background-position":"center center","background-size":"auto","background-attachment":"scroll","background-type":"","background-media":"","overlay-type":"","overlay-color":"","overlay-opacity":"","overlay-gradient":""},"mobile":{"background-color":"","background-image":"","background-repeat":"repeat","background-position":"center center","background-size":"auto","background-attachment":"scroll","background-type":"","background-media":"","overlay-type":"","overlay-color":"","overlay-opacity":"","overlay-gradient":""}},"ast-content-background-meta":{"desktop":{"background-color":"var(--ast-global-color-5)","background-image":"","background-repeat":"repeat","background-position":"center center","background-size":"auto","background-attachment":"scroll","background-type":"","background-media":"","overlay-type":"","overlay-color":"","overlay-opacity":"","overlay-gradient":""},"tablet":{"background-color":"var(--ast-global-color-5)","background-image":"","background-repeat":"repeat","background-position":"center center","background-size":"auto","background-attachment":"scroll","background-type":"","background-media":"","overlay-type":"","overlay-color":"","overlay-opacity":"","overlay-gradient":""},"mobile":{"background-color":"var(--ast-global-color-5)","background-image":"","background-repeat":"repeat","background-position":"center center","background-size":"auto","background-attachment":"scroll","background-type":"","background-media":"","overlay-type":"","overlay-color":"","overlay-opacity":"","overlay-gradient":""}}},"product_brand":[],"product_cat":[3058,2841,4021,3549,3548,2969,2966,2827],"product_tag":[],"class_list":{"0":"post-298803","1":"product","2":"type-product","3":"status-publish","4":"has-post-thumbnail","6":"product_cat-ehted","7":"product_cat-ehted-naistele","8":"product_cat-kaevorud-teemantidega-laboris-kasvatatud","9":"product_cat-korvarongad-teemantidega-laboris-kasvatatud","10":"product_cat-laboriteemantidega-ehted","11":"product_cat-naelkorvarongad","12":"product_cat-teemantidega-korvarongad","13":"product_cat-valgest-kullast-ehted","14":"desktop-align-center","15":"tablet-align-left","16":"mobile-align-left","17":"ast-product-gallery-layout-horizontal-slider","18":"ast-product-single-variable","19":"ast-product-tabs-layout-accordion","20":"ast-qv-on-image","22":"first","23":"instock","24":"taxable","25":"shipping-taxable","26":"purchasable","27":"product-type-variable"},"yoast_head":"<!-- This site is optimized with the Yoast SEO plugin v26.6 - https:\/\/yoast.com\/wordpress\/plugins\/seo\/ -->\n<title>Klassikalised teemantk\u00f5rvar\u00f5ngad - ROUND TEEMANDID (1.20 ct)<\/title>\n<meta name=\"description\" content=\"Teemantk\u00f5rvar\u00f5ngad \u2013 \u00fcmmarguse lihviga teemandi s\u00e4ra, loodud neile, kes hindavad klassikat ja rafineeritud stiili igas liigutuses.\" \/>\n<meta name=\"robots\" content=\"index, follow, max-snippet:-1, max-image-preview:large, max-video-preview:-1\" \/>\n<link rel=\"canonical\" href=\"https:\/\/fashiongold.lt\/et\/papuosalas\/klassikalised-teemantidega-korvarongad-round-1-20-ct\/\" \/>\n<meta property=\"og:locale\" content=\"et_EE\" \/>\n<meta property=\"og:type\" content=\"article\" \/>\n<meta property=\"og:title\" content=\"Klassikalised teemantk\u00f5rvar\u00f5ngad - ROUND TEEMANDID (1.20 ct)\" \/>\n<meta property=\"og:description\" content=\"Teemantk\u00f5rvar\u00f5ngad \u2013 \u00fcmmarguse lihviga teemandi s\u00e4ra, loodud neile, kes hindavad klassikat ja rafineeritud stiili igas liigutuses.\" \/>\n<meta property=\"og:url\" content=\"https:\/\/fashiongold.lt\/et\/papuosalas\/klassikalised-teemantidega-korvarongad-round-1-20-ct\/\" \/>\n<meta property=\"og:site_name\" content=\"FashionGold.lt\" \/>\n<meta property=\"og:image\" content=\"https:\/\/fashiongold.lt\/wp-content\/uploads\/2025\/07\/Klasikiniai-balto-aukso-auskarai-su-deimantu-Round.webp\" \/>\n\t<meta property=\"og:image:width\" content=\"800\" \/>\n\t<meta property=\"og:image:height\" content=\"800\" \/>\n\t<meta property=\"og:image:type\" content=\"image\/png\" \/>\n<meta name=\"twitter:card\" content=\"summary_large_image\" \/>\n<meta name=\"twitter:label1\" content=\"Est. reading time\" \/>\n\t<meta name=\"twitter:data1\" content=\"1 minut\" \/>\n<script type=\"application\/ld+json\" class=\"yoast-schema-graph\">{\"@context\":\"https:\/\/schema.org\",\"@graph\":[{\"@type\":\"WebPage\",\"@id\":\"https:\/\/fashiongold.lt\/et\/papuosalas\/klassikalised-teemantidega-korvarongad-round-1-20-ct\/\",\"url\":\"https:\/\/fashiongold.lt\/et\/papuosalas\/klassikalised-teemantidega-korvarongad-round-1-20-ct\/\",\"name\":\"Klassikalised teemantk\u00f5rvar\u00f5ngad - ROUND TEEMANDID (1.20 ct)\",\"isPartOf\":{\"@id\":\"https:\/\/fashiongold.lt\/et\/#website\"},\"primaryImageOfPage\":{\"@id\":\"https:\/\/fashiongold.lt\/et\/papuosalas\/klassikalised-teemantidega-korvarongad-round-1-20-ct\/#primaryimage\"},\"image\":{\"@id\":\"https:\/\/fashiongold.lt\/et\/papuosalas\/klassikalised-teemantidega-korvarongad-round-1-20-ct\/#primaryimage\"},\"thumbnailUrl\":\"https:\/\/fashiongold.lt\/wp-content\/uploads\/2025\/07\/Klasikiniai-balto-aukso-auskarai-su-deimantu-Round.png\",\"datePublished\":\"2025-07-29T10:10:29+00:00\",\"description\":\"Teemantk\u00f5rvar\u00f5ngad \u2013 \u00fcmmarguse lihviga teemandi s\u00e4ra, loodud neile, kes hindavad klassikat ja rafineeritud stiili igas liigutuses.\",\"breadcrumb\":{\"@id\":\"https:\/\/fashiongold.lt\/et\/papuosalas\/klassikalised-teemantidega-korvarongad-round-1-20-ct\/#breadcrumb\"},\"inLanguage\":\"et\",\"potentialAction\":[{\"@type\":\"ReadAction\",\"target\":[\"https:\/\/fashiongold.lt\/et\/papuosalas\/klassikalised-teemantidega-korvarongad-round-1-20-ct\/\"]}]},{\"@type\":\"ImageObject\",\"inLanguage\":\"et\",\"@id\":\"https:\/\/fashiongold.lt\/et\/papuosalas\/klassikalised-teemantidega-korvarongad-round-1-20-ct\/#primaryimage\",\"url\":\"https:\/\/fashiongold.lt\/wp-content\/uploads\/2025\/07\/Klasikiniai-balto-aukso-auskarai-su-deimantu-Round.png\",\"contentUrl\":\"https:\/\/fashiongold.lt\/wp-content\/uploads\/2025\/07\/Klasikiniai-balto-aukso-auskarai-su-deimantu-Round.png\",\"width\":800,\"height\":800,\"caption\":\"Klasikiniai auskarai su apvaliais deimantais i\u0161 geltono aukso\"},{\"@type\":\"BreadcrumbList\",\"@id\":\"https:\/\/fashiongold.lt\/et\/papuosalas\/klassikalised-teemantidega-korvarongad-round-1-20-ct\/#breadcrumb\",\"itemListElement\":[{\"@type\":\"ListItem\",\"position\":1,\"name\":\"Home\",\"item\":\"https:\/\/fashiongold.lt\/et\/\"},{\"@type\":\"ListItem\",\"position\":2,\"name\":\"Teemantide pood Fashiongold.lt\",\"item\":\"https:\/\/fashiongold.lt\/shop-2\/\"},{\"@type\":\"ListItem\",\"position\":3,\"name\":\"Klassikalised teemantidega k\u00f5rvar\u00f5ngad \u2013 Round (1.20 ct)\"}]},{\"@type\":\"WebSite\",\"@id\":\"https:\/\/fashiongold.lt\/et\/#website\",\"url\":\"https:\/\/fashiongold.lt\/et\/\",\"name\":\"Fashion Gold\",\"description\":\"Juvelyrikos namai\",\"publisher\":{\"@id\":\"https:\/\/fashiongold.lt\/et\/#organization\"},\"potentialAction\":[{\"@type\":\"SearchAction\",\"target\":{\"@type\":\"EntryPoint\",\"urlTemplate\":\"https:\/\/fashiongold.lt\/et\/?s={search_term_string}\"},\"query-input\":{\"@type\":\"PropertyValueSpecification\",\"valueRequired\":true,\"valueName\":\"search_term_string\"}}],\"inLanguage\":\"et\"},{\"@type\":\"Organization\",\"@id\":\"https:\/\/fashiongold.lt\/et\/#organization\",\"name\":\"Topdiamonds Online\",\"url\":\"https:\/\/fashiongold.lt\/et\/\",\"logo\":{\"@type\":\"ImageObject\",\"inLanguage\":\"et\",\"@id\":\"https:\/\/fashiongold.lt\/et\/#\/schema\/logo\/image\/\",\"url\":\"https:\/\/fashiongold.lt\/wp-content\/uploads\/2025\/04\/cropped-fashion_gold_logotipas2-scaled-1.png\",\"contentUrl\":\"https:\/\/fashiongold.lt\/wp-content\/uploads\/2025\/04\/cropped-fashion_gold_logotipas2-scaled-1.png\",\"width\":2559,\"height\":421,\"caption\":\"Topdiamonds Online\"},\"image\":{\"@id\":\"https:\/\/fashiongold.lt\/et\/#\/schema\/logo\/image\/\"}}]}<\/script>\n<!-- \/ Yoast SEO plugin. -->","yoast_head_json":{"title":"Klassikalised teemantk\u00f5rvar\u00f5ngad - ROUND TEEMANDID (1.20 ct)","description":"Teemantk\u00f5rvar\u00f5ngad \u2013 \u00fcmmarguse lihviga teemandi s\u00e4ra, loodud neile, kes hindavad klassikat ja rafineeritud stiili igas liigutuses.","robots":{"index":"index","follow":"follow","max-snippet":"max-snippet:-1","max-image-preview":"max-image-preview:large","max-video-preview":"max-video-preview:-1"},"canonical":"https:\/\/fashiongold.lt\/et\/papuosalas\/klassikalised-teemantidega-korvarongad-round-1-20-ct\/","og_locale":"et_EE","og_type":"article","og_title":"Klassikalised teemantk\u00f5rvar\u00f5ngad - ROUND TEEMANDID (1.20 ct)","og_description":"Teemantk\u00f5rvar\u00f5ngad \u2013 \u00fcmmarguse lihviga teemandi s\u00e4ra, loodud neile, kes hindavad klassikat ja rafineeritud stiili igas liigutuses.","og_url":"https:\/\/fashiongold.lt\/et\/papuosalas\/klassikalised-teemantidega-korvarongad-round-1-20-ct\/","og_site_name":"FashionGold.lt","og_image":[{"width":800,"height":800,"url":"https:\/\/fashiongold.lt\/wp-content\/uploads\/2025\/07\/Klasikiniai-balto-aukso-auskarai-su-deimantu-Round.webp","type":"image\/png"}],"twitter_card":"summary_large_image","twitter_misc":{"Est. reading time":"1 minut"},"schema":{"@context":"https:\/\/schema.org","@graph":[{"@type":"WebPage","@id":"https:\/\/fashiongold.lt\/et\/papuosalas\/klassikalised-teemantidega-korvarongad-round-1-20-ct\/","url":"https:\/\/fashiongold.lt\/et\/papuosalas\/klassikalised-teemantidega-korvarongad-round-1-20-ct\/","name":"Klassikalised teemantk\u00f5rvar\u00f5ngad - ROUND TEEMANDID (1.20 ct)","isPartOf":{"@id":"https:\/\/fashiongold.lt\/et\/#website"},"primaryImageOfPage":{"@id":"https:\/\/fashiongold.lt\/et\/papuosalas\/klassikalised-teemantidega-korvarongad-round-1-20-ct\/#primaryimage"},"image":{"@id":"https:\/\/fashiongold.lt\/et\/papuosalas\/klassikalised-teemantidega-korvarongad-round-1-20-ct\/#primaryimage"},"thumbnailUrl":"https:\/\/fashiongold.lt\/wp-content\/uploads\/2025\/07\/Klasikiniai-balto-aukso-auskarai-su-deimantu-Round.png","datePublished":"2025-07-29T10:10:29+00:00","description":"Teemantk\u00f5rvar\u00f5ngad \u2013 \u00fcmmarguse lihviga teemandi s\u00e4ra, loodud neile, kes hindavad klassikat ja rafineeritud stiili igas liigutuses.","breadcrumb":{"@id":"https:\/\/fashiongold.lt\/et\/papuosalas\/klassikalised-teemantidega-korvarongad-round-1-20-ct\/#breadcrumb"},"inLanguage":"et","potentialAction":[{"@type":"ReadAction","target":["https:\/\/fashiongold.lt\/et\/papuosalas\/klassikalised-teemantidega-korvarongad-round-1-20-ct\/"]}]},{"@type":"ImageObject","inLanguage":"et","@id":"https:\/\/fashiongold.lt\/et\/papuosalas\/klassikalised-teemantidega-korvarongad-round-1-20-ct\/#primaryimage","url":"https:\/\/fashiongold.lt\/wp-content\/uploads\/2025\/07\/Klasikiniai-balto-aukso-auskarai-su-deimantu-Round.png","contentUrl":"https:\/\/fashiongold.lt\/wp-content\/uploads\/2025\/07\/Klasikiniai-balto-aukso-auskarai-su-deimantu-Round.png","width":800,"height":800,"caption":"Klasikiniai auskarai su apvaliais deimantais i\u0161 geltono aukso"},{"@type":"BreadcrumbList","@id":"https:\/\/fashiongold.lt\/et\/papuosalas\/klassikalised-teemantidega-korvarongad-round-1-20-ct\/#breadcrumb","itemListElement":[{"@type":"ListItem","position":1,"name":"Home","item":"https:\/\/fashiongold.lt\/et\/"},{"@type":"ListItem","position":2,"name":"Teemantide pood Fashiongold.lt","item":"https:\/\/fashiongold.lt\/shop-2\/"},{"@type":"ListItem","position":3,"name":"Klassikalised teemantidega k\u00f5rvar\u00f5ngad \u2013 Round (1.20 ct)"}]},{"@type":"WebSite","@id":"https:\/\/fashiongold.lt\/et\/#website","url":"https:\/\/fashiongold.lt\/et\/","name":"Fashion Gold","description":"Juvelyrikos namai","publisher":{"@id":"https:\/\/fashiongold.lt\/et\/#organization"},"potentialAction":[{"@type":"SearchAction","target":{"@type":"EntryPoint","urlTemplate":"https:\/\/fashiongold.lt\/et\/?s={search_term_string}"},"query-input":{"@type":"PropertyValueSpecification","valueRequired":true,"valueName":"search_term_string"}}],"inLanguage":"et"},{"@type":"Organization","@id":"https:\/\/fashiongold.lt\/et\/#organization","name":"Topdiamonds Online","url":"https:\/\/fashiongold.lt\/et\/","logo":{"@type":"ImageObject","inLanguage":"et","@id":"https:\/\/fashiongold.lt\/et\/#\/schema\/logo\/image\/","url":"https:\/\/fashiongold.lt\/wp-content\/uploads\/2025\/04\/cropped-fashion_gold_logotipas2-scaled-1.png","contentUrl":"https:\/\/fashiongold.lt\/wp-content\/uploads\/2025\/04\/cropped-fashion_gold_logotipas2-scaled-1.png","width":2559,"height":421,"caption":"Topdiamonds Online"},"image":{"@id":"https:\/\/fashiongold.lt\/et\/#\/schema\/logo\/image\/"}}]}},"_links":{"self":[{"href":"https:\/\/fashiongold.lt\/et\/wp-json\/wp\/v2\/product\/298803","targetHints":{"allow":["GET"]}}],"collection":[{"href":"https:\/\/fashiongold.lt\/et\/wp-json\/wp\/v2\/product"}],"about":[{"href":"https:\/\/fashiongold.lt\/et\/wp-json\/wp\/v2\/types\/product"}],"version-history":[{"count":0,"href":"https:\/\/fashiongold.lt\/et\/wp-json\/wp\/v2\/product\/298803\/revisions"}],"wp:featuredmedia":[{"embeddable":true,"href":"https:\/\/fashiongold.lt\/et\/wp-json\/wp\/v2\/media\/32911"}],"wp:attachment":[{"href":"https:\/\/fashiongold.lt\/et\/wp-json\/wp\/v2\/media?parent=298803"}],"wp:term":[{"taxonomy":"product_brand","embeddable":true,"href":"https:\/\/fashiongold.lt\/et\/wp-json\/wp\/v2\/product_brand?post=298803"},{"taxonomy":"product_cat","embeddable":true,"href":"https:\/\/fashiongold.lt\/et\/wp-json\/wp\/v2\/product_cat?post=298803"},{"taxonomy":"product_tag","embeddable":true,"href":"https:\/\/fashiongold.lt\/et\/wp-json\/wp\/v2\/product_tag?post=298803"}],"curies":[{"name":"wp","href":"https:\/\/api.w.org\/{rel}","templated":true}]}}